{"id":3,"date":"2021-05-23T11:34:41","date_gmt":"2021-05-23T11:34:41","guid":{"rendered":"https:\/\/hmizatexperts.com\/?page_id=3"},"modified":"2024-12-24T00:08:15","modified_gmt":"2024-12-23T23:08:15","slug":"privacy-policy","status":"publish","type":"page","link":"https:\/\/hmizatexperts.com\/ar\/privacy-policy\/","title":{"rendered":"\u0633\u064a\u0627\u0633\u0629 \u0627\u0644\u062e\u0635\u0648\u0635\u064a\u0629"},"content":{"rendered":"<p data-pm-slice=\"1 1 []\"><strong>\u0633\u064a\u0627\u0633\u0629 \u0627\u0644\u062e\u0635\u0648\u0635\u064a\u0629<\/strong><\/p>\r\n<p>\u0641\u064a \u0645\u0648\u0642\u0639 hmizatexperts.com\u060c \u0646\u0648\u0644\u064a \u0623\u0647\u0645\u064a\u0629 \u0642\u0635\u0648\u0649 \u0644\u062d\u0645\u0627\u064a\u0629 \u0628\u064a\u0627\u0646\u0627\u062a\u0643 \u0627\u0644\u0634\u062e\u0635\u064a\u0629. \u062a\u0648\u0636\u062d \u0633\u064a\u0627\u0633\u0629 \u0627\u0644\u062e\u0635\u0648\u0635\u064a\u0629 \u0647\u0630\u0647 \u0627\u0644\u0645\u0639\u0644\u0648\u0645\u0627\u062a \u0627\u0644\u062a\u064a \u0646\u062c\u0645\u0639\u0647\u0627\u060c \u0648\u0643\u064a\u0641\u064a\u0629 \u0627\u0633\u062a\u062e\u062f\u0627\u0645\u0646\u0627 \u0644\u0647\u0627\u060c \u0648\u062d\u0642\u0648\u0642\u0643 \u0627\u0644\u0645\u062a\u0639\u0644\u0642\u0629 \u0628\u0628\u064a\u0627\u0646\u0627\u062a\u0643.<\/p>\r\n<div><hr \/><\/div>\r\n<h3 class=\"wp-block-heading\">1. <strong>\u0627\u0644\u0645\u0639\u0644\u0648\u0645\u0627\u062a \u0627\u0644\u062a\u064a \u062a\u0645 \u062c\u0645\u0639\u0647\u0627<\/strong><\/h3>\r\n<p>\u0642\u062f \u0646\u0642\u0648\u0645 \u0628\u062c\u0645\u0639 \u0627\u0644\u0645\u0639\u0644\u0648\u0645\u0627\u062a \u0627\u0644\u062a\u0627\u0644\u064a\u0629:<\/p>\r\n<ul data-spread=\"false\">\r\n<li>\r\n<p>\u0627\u0644\u0628\u064a\u0627\u0646\u0627\u062a \u0627\u0644\u0634\u062e\u0635\u064a\u0629: \u0627\u0644\u0627\u0633\u0645\u060c \u0627\u0644\u0644\u0642\u0628\u060c \u0639\u0646\u0648\u0627\u0646 \u0627\u0644\u0628\u0631\u064a\u062f \u0627\u0644\u0625\u0644\u0643\u062a\u0631\u0648\u0646\u064a\u060c \u0631\u0642\u0645 \u0627\u0644\u0647\u0627\u062a\u0641\u060c \u0625\u0644\u062e.<\/p>\r\n<\/li>\r\n<li>\r\n<p>\u0645\u0639\u0644\u0648\u0645\u0627\u062a \u0627\u0644\u062a\u0635\u0641\u062d: \u0639\u0646\u0648\u0627\u0646 IP\u060c \u0646\u0648\u0639 \u0627\u0644\u0645\u062a\u0635\u0641\u062d\u060c \u0627\u0644\u0635\u0641\u062d\u0627\u062a \u0627\u0644\u062a\u064a \u062a\u0645\u062a \u0645\u0634\u0627\u0647\u062f\u062a\u0647\u0627\u060c \u0645\u062f\u0629 \u0627\u0644\u0632\u064a\u0627\u0631\u0629\u060c \u0625\u0644\u062e.<\/p>\r\n<\/li>\r\n<li>\r\n<p>\u0628\u064a\u0627\u0646\u0627\u062a \u0627\u0644\u0645\u0639\u0627\u0645\u0644\u0627\u062a: \u0627\u0644\u0645\u0639\u0644\u0648\u0645\u0627\u062a \u0627\u0644\u0644\u0627\u0632\u0645\u0629 \u0644\u0645\u0639\u0627\u0644\u062c\u0629 \u0645\u0634\u062a\u0631\u064a\u0627\u062a\u0643 \u0623\u0648 \u062d\u062c\u0648\u0632\u0627\u062a\u0643.<\/p>\r\n<\/li>\r\n<\/ul>\r\n<div><hr \/><\/div>\r\n<h3>2. <strong>\u0627\u0633\u062a\u062e\u062f\u0627\u0645 \u0627\u0644\u0628\u064a\u0627\u0646\u0627\u062a<\/strong><\/h3>\r\n<p>\u062a\u064f\u0633\u062a\u062e\u062f\u0645 \u0628\u064a\u0627\u0646\u0627\u062a\u0643 \u0644\u0644\u0623\u063a\u0631\u0627\u0636 \u0627\u0644\u062a\u0627\u0644\u064a\u0629:<\/p>\r\n<ul data-spread=\"false\">\r\n<li>\r\n<p>\u062a\u0642\u062f\u064a\u0645 \u0627\u0644\u062e\u062f\u0645\u0627\u062a \u0627\u0644\u0645\u0637\u0644\u0648\u0628\u0629 (\u0627\u0644\u0637\u0644\u0628\u0627\u062a\u060c \u0627\u0644\u062d\u062c\u0648\u0632\u0627\u062a\u060c \u0625\u0644\u062e).<\/p>\r\n<\/li>\r\n<li>\r\n<p>\u062d\u0633\u0651\u0646 \u062a\u062c\u0631\u0628\u0629 \u0627\u0644\u0645\u0633\u062a\u062e\u062f\u0645 \u0639\u0644\u0649 \u0645\u0648\u0642\u0639\u0646\u0627.<\/p>\r\n<\/li>\r\n<li>\r\n<p>\u0644\u0625\u0639\u0644\u0627\u0645\u0643\u0645 \u0628\u0627\u0644\u0639\u0631\u0648\u0636 \u0627\u0644\u062e\u0627\u0635\u0629 \u0648\u0627\u0644\u0623\u062e\u0628\u0627\u0631 \u0627\u0644\u062a\u064a \u0642\u062f \u062a\u0647\u0645\u0643\u0645.<\/p>\r\n<\/li>\r\n<li>\r\n<p>\u0636\u0645\u0627\u0646 \u0627\u0644\u0623\u0645\u0646 \u0648\u0645\u0646\u0639 \u0627\u0644\u0627\u062d\u062a\u064a\u0627\u0644.<\/p>\r\n<\/li>\r\n<\/ul>\r\n<div><hr \/><\/div>\r\n<h3>3. <strong>\u0645\u0634\u0627\u0631\u0643\u0629 \u0627\u0644\u0628\u064a\u0627\u0646\u0627\u062a<\/strong><\/h3>\r\n<p>\u0644\u0627 \u0646\u0634\u0627\u0631\u0643 \u0628\u064a\u0627\u0646\u0627\u062a\u0643 \u0625\u0644\u0627 \u0645\u0639:<\/p>\r\n<ul data-spread=\"false\">\r\n<li>\r\n<p>\u0645\u0642\u062f\u0645\u0648 \u062e\u062f\u0645\u0627\u062a \u0627\u0644\u0637\u0631\u0641 \u0627\u0644\u062b\u0627\u0644\u062b \u0627\u0644\u0636\u0631\u0648\u0631\u064a\u0648\u0646 \u0644\u0625\u062f\u0627\u0631\u0629 \u0645\u0648\u0642\u0639\u0646\u0627 (\u0627\u0644\u062f\u0641\u0639\u060c \u0648\u0627\u0644\u062a\u0633\u0644\u064a\u0645\u060c \u0648\u0627\u0644\u0627\u0633\u062a\u0636\u0627\u0641\u0629).<\/p>\r\n<\/li>\r\n<li>\r\n<p>\u0627\u0644\u0633\u0644\u0637\u0627\u062a \u0627\u0644\u0642\u0627\u0646\u0648\u0646\u064a\u0629 \u0625\u0630\u0627 \u0627\u0642\u062a\u0636\u0649 \u0627\u0644\u0642\u0627\u0646\u0648\u0646 \u0630\u0644\u0643.<\/p>\r\n<\/li>\r\n<\/ul>\r\n<p>\u0644\u0646 \u064a\u062a\u0645 \u0628\u064a\u0639 \u0628\u064a\u0627\u0646\u0627\u062a\u0643 \u0644\u0623\u0637\u0631\u0627\u0641 \u062b\u0627\u0644\u062b\u0629 \u0645\u0637\u0644\u0642\u0627\u064b.<\/p>\r\n<div><hr \/><\/div>\r\n<h3>4. <strong>\u062a\u062e\u0632\u064a\u0646 \u0627\u0644\u0628\u064a\u0627\u0646\u0627\u062a \u0648\u0623\u0645\u0646\u0647\u0627<\/strong><\/h3>\r\n<p>\u0646\u0642\u0648\u0645 \u0628\u062a\u0637\u0628\u064a\u0642 \u062a\u062f\u0627\u0628\u064a\u0631 \u0641\u0646\u064a\u0629 \u0648\u062a\u0646\u0638\u064a\u0645\u064a\u0629 \u0644\u062d\u0645\u0627\u064a\u0629 \u0628\u064a\u0627\u0646\u0627\u062a\u0643 \u0645\u0646 \u0627\u0644\u0641\u0642\u062f\u0627\u0646 \u0623\u0648 \u0627\u0644\u0648\u0635\u0648\u0644 \u063a\u064a\u0631 \u0627\u0644\u0645\u0635\u0631\u062d \u0628\u0647 \u0623\u0648 \u0627\u0644\u0625\u0641\u0635\u0627\u062d.<\/p>\r\n<p>\u0645\u062f\u0629 \u0627\u0644\u0635\u0644\u0627\u062d\u064a\u0629:<\/p>\r\n<ul data-spread=\"false\">\r\n<li>\r\n<p>\u064a\u062a\u0645 \u0627\u0644\u0627\u062d\u062a\u0641\u0627\u0638 \u0628\u0627\u0644\u0628\u064a\u0627\u0646\u0627\u062a \u0637\u0627\u0644\u0645\u0627 \u0643\u0627\u0646 \u0630\u0644\u0643 \u0636\u0631\u0648\u0631\u064a\u0627\u064b \u0644\u062a\u062d\u0642\u064a\u0642 \u0627\u0644\u0623\u063a\u0631\u0627\u0636 \u0627\u0644\u0645\u0630\u0643\u0648\u0631\u0629 \u0623\u0639\u0644\u0627\u0647 \u0623\u0648 \u0644\u0644\u0627\u0645\u062a\u062b\u0627\u0644 \u0644\u0627\u0644\u062a\u0632\u0627\u0645\u0627\u062a\u0646\u0627 \u0627\u0644\u0642\u0627\u0646\u0648\u0646\u064a\u0629.<\/p>\r\n<\/li>\r\n<\/ul>\r\n<div><hr \/><\/div>\r\n<h3>5. <strong>\u062d\u0642\u0648\u0642\u0643<\/strong><\/h3>\r\n<p>\u0648\u0641\u0642\u064b\u0627 \u0644\u0644\u0648\u0627\u0626\u062d \u0627\u0644\u062d\u0627\u0644\u064a\u0629\u060c \u0644\u062f\u064a\u0643 \u0627\u0644\u062d\u0642\u0648\u0642 \u0627\u0644\u062a\u0627\u0644\u064a\u0629:<\/p>\r\n<ul data-spread=\"false\">\r\n<li>\r\n<p>\u0627\u0644\u0648\u0635\u0648\u0644: \u0627\u062d\u0635\u0644 \u0639\u0644\u0649 \u0646\u0633\u062e\u0629 \u0645\u0646 \u0628\u064a\u0627\u0646\u0627\u062a\u0643.<\/p>\r\n<\/li>\r\n<li>\r\n<p>\u0627\u0644\u062a\u0635\u062d\u064a\u062d: \u0644\u062a\u0635\u062d\u064a\u062d \u0627\u0644\u0645\u0639\u0644\u0648\u0645\u0627\u062a \u063a\u064a\u0631 \u0627\u0644\u062f\u0642\u064a\u0642\u0629 \u0623\u0648 \u063a\u064a\u0631 \u0627\u0644\u0643\u0627\u0645\u0644\u0629.<\/p>\r\n<\/li>\r\n<li>\r\n<p>\u0627\u0644\u062d\u0630\u0641: \u0627\u0637\u0644\u0628 \u062d\u0630\u0641 \u0628\u064a\u0627\u0646\u0627\u062a\u0643.<\/p>\r\n<\/li>\r\n<li>\r\n<p>\u0627\u0644\u0627\u0639\u062a\u0631\u0627\u0636: \u0623\u0631\u0641\u0636 \u0645\u0639\u0627\u0644\u062c\u0629 \u0628\u064a\u0627\u0646\u0627\u062a\u064a \u0644\u0623\u063a\u0631\u0627\u0636 \u0627\u0644\u062a\u0633\u0648\u064a\u0642.<\/p>\r\n<\/li>\r\n<li>\r\n<p>\u0625\u0645\u0643\u0627\u0646\u064a\u0629 \u0627\u0644\u0646\u0642\u0644: \u0627\u0633\u062a\u0631\u062c\u0639 \u0628\u064a\u0627\u0646\u0627\u062a\u0643 \u0628\u062a\u0646\u0633\u064a\u0642 \u0625\u0644\u0643\u062a\u0631\u0648\u0646\u064a.<\/p>\r\n<\/li>\r\n<\/ul>\r\n<div><hr \/><\/div>\r\n<h3>6. <strong>\u0645\u0644\u0641\u0627\u062a \u062a\u0639\u0631\u064a\u0641 \u0627\u0644\u0627\u0631\u062a\u0628\u0627\u0637<\/strong><\/h3>\r\n<p>\u0646\u0633\u062a\u062e\u062f\u0645 \u0645\u0644\u0641\u0627\u062a \u062a\u0639\u0631\u064a\u0641 \u0627\u0644\u0627\u0631\u062a\u0628\u0627\u0637 \u0644\u062a\u062d\u0633\u064a\u0646 \u062a\u062c\u0631\u0628\u0629 \u0627\u0644\u062a\u0635\u0641\u062d \u0644\u062f\u064a\u0643 \u0648\u062a\u062d\u0644\u064a\u0644 \u062d\u0631\u0643\u0629 \u0627\u0644\u0645\u0631\u0648\u0631 \u0639\u0644\u0649 \u0645\u0648\u0642\u0639\u0646\u0627. \u064a\u0645\u0643\u0646\u0643 \u0636\u0628\u0637 \u0645\u062a\u0635\u0641\u062d\u0643 \u0644\u0631\u0641\u0636 \u0645\u0644\u0641\u0627\u062a \u062a\u0639\u0631\u064a\u0641 \u0627\u0644\u0627\u0631\u062a\u0628\u0627\u0637.<\/p>\r\n<div><hr \/><\/div>\r\n<h3>7. <strong>\u062a\u062d\u062f\u064a\u062b\u0627\u062a \u0627\u0644\u0633\u064a\u0627\u0633\u0629<\/strong><\/h3>\r\n<p>\u0646\u062d\u062a\u0641\u0638 \u0628\u062d\u0642 \u062a\u0639\u062f\u064a\u0644 \u0647\u0630\u0647 \u0627\u0644\u0633\u064a\u0627\u0633\u0629. \u0633\u064a\u062a\u0645 \u0646\u0634\u0631 \u0627\u0644\u062a\u063a\u064a\u064a\u0631\u0627\u062a \u0639\u0644\u0649 \u0647\u0630\u0647 \u0627\u0644\u0635\u0641\u062d\u0629 \u0645\u0639 \u062a\u0627\u0631\u064a\u062e \u0627\u0644\u062a\u062d\u062f\u064a\u062b.<\/p>","protected":false},"excerpt":{"rendered":"<p>Politique de Confidentialit\u00e9 Chez hmizatexperts.com, nous attachons une grande importance \u00e0 la protection de vos donn\u00e9es personnelles. Cette politique de confidentialit\u00e9 explique quelles informations nous collectons, comment nous les utilisons, et les droits dont vous disposez concernant vos donn\u00e9es. 1. Informations Collect\u00e9es Nous pouvons collecter les informations suivantes : Donn\u00e9es personnelles : nom, pr\u00e9nom, adresse<\/p>\n<footer class=\"entry-footer text-right\">\n          <a href=\"https:\/\/hmizatexperts.com\/ar\/privacy-policy\/\" class=\"more-link btn btn-link\">\u0627\u0642\u0631\u0623 \u0627\u0644\u0645\u0632\u064a\u062f <i class=\"icon fa fa-long-arrow-right\"><\/i><\/a><br \/>\n         <\/footer>","protected":false},"author":1,"featured_media":0,"parent":0,"menu_order":0,"comment_status":"closed","ping_status":"open","template":"","meta":{"footnotes":""},"class_list":["post-3","page","type-page","status-publish","hentry","entry panel"],"ams_acf":[],"yoast_head":"<!-- This site is optimized with the Yoast SEO Premium plugin v26.6 (Yoast SEO v27.4) - https:\/\/yoast.com\/product\/yoast-seo-premium-wordpress\/ -->\n<title>Politique de Confidentialit\u00e9 - Hmizate Expert<\/title>\n<meta name=\"description\" content=\"D\u00e9couvrez notre politique de confidentialit\u00e9 d\u00e9taill\u00e9e : transparence sur la collecte, l&#039;utilisation et la protection de vos donn\u00e9es personnelles. Votre confiance est notre priorit\u00e9.\" \/>\n<meta name=\"robots\" content=\"index, follow, max-snippet:-1, max-image-preview:large, max-video-preview:-1\" \/>\n<link rel=\"canonical\" href=\"https:\/\/hmizatexperts.com\/ar\/privacy-policy\/\" \/>\n<meta property=\"og:locale\" content=\"ar_AR\" \/>\n<meta property=\"og:type\" content=\"article\" \/>\n<meta property=\"og:title\" content=\"Politique de Confidentialit\u00e9\" \/>\n<meta property=\"og:description\" content=\"D\u00e9couvrez notre politique de confidentialit\u00e9 d\u00e9taill\u00e9e : transparence sur la collecte, l&#039;utilisation et la protection de vos donn\u00e9es personnelles. Votre confiance est notre priorit\u00e9.\" \/>\n<meta property=\"og:url\" content=\"https:\/\/hmizatexperts.com\/ar\/privacy-policy\/\" \/>\n<meta property=\"og:site_name\" content=\"Hmizate Expert\" \/>\n<meta property=\"article:publisher\" content=\"https:\/\/www.facebook.com\/hmizatexperts\" \/>\n<meta property=\"article:modified_time\" content=\"2024-12-23T23:08:15+00:00\" \/>\n<meta name=\"twitter:card\" content=\"summary_large_image\" \/>\n<meta name=\"twitter:site\" content=\"@ExpertsHmizate\" \/>\n<meta name=\"twitter:label1\" content=\"\u0648\u0642\u062a \u0627\u0644\u0642\u0631\u0627\u0621\u0629 \u0627\u0644\u0645\u064f\u0642\u062f\u0651\u0631\" \/>\n\t<meta name=\"twitter:data1\" content=\"\u062f\u0642\u064a\u0642\u062a\u0627\u0646\" \/>\n<script type=\"application\/ld+json\" class=\"yoast-schema-graph\">{\"@context\":\"https:\\\/\\\/schema.org\",\"@graph\":[{\"@type\":\"WebPage\",\"@id\":\"https:\\\/\\\/hmizatexperts.com\\\/privacy-policy\\\/\",\"url\":\"https:\\\/\\\/hmizatexperts.com\\\/privacy-policy\\\/\",\"name\":\"Politique de Confidentialit\u00e9 - Hmizate Expert\",\"isPartOf\":{\"@id\":\"https:\\\/\\\/hmizatexperts.com\\\/#website\"},\"datePublished\":\"2021-05-23T11:34:41+00:00\",\"dateModified\":\"2024-12-23T23:08:15+00:00\",\"description\":\"D\u00e9couvrez notre politique de confidentialit\u00e9 d\u00e9taill\u00e9e : transparence sur la collecte, l'utilisation et la protection de vos donn\u00e9es personnelles. Votre confiance est notre priorit\u00e9.\",\"breadcrumb\":{\"@id\":\"https:\\\/\\\/hmizatexperts.com\\\/privacy-policy\\\/#breadcrumb\"},\"inLanguage\":\"ar\",\"potentialAction\":[{\"@type\":\"ReadAction\",\"target\":[\"https:\\\/\\\/hmizatexperts.com\\\/privacy-policy\\\/\"]}]},{\"@type\":\"BreadcrumbList\",\"@id\":\"https:\\\/\\\/hmizatexperts.com\\\/privacy-policy\\\/#breadcrumb\",\"itemListElement\":[{\"@type\":\"ListItem\",\"position\":1,\"name\":\"Accueil\",\"item\":\"https:\\\/\\\/hmizatexperts.com\\\/\"},{\"@type\":\"ListItem\",\"position\":2,\"name\":\"Politique de Confidentialit\u00e9\"}]},{\"@type\":\"WebSite\",\"@id\":\"https:\\\/\\\/hmizatexperts.com\\\/#website\",\"url\":\"https:\\\/\\\/hmizatexperts.com\\\/\",\"name\":\"Hmizate Expert\",\"description\":\"Nos offres aux meilleurs prix et qualit\u00e9\",\"publisher\":{\"@id\":\"https:\\\/\\\/hmizatexperts.com\\\/#organization\"},\"potentialAction\":[{\"@type\":\"SearchAction\",\"target\":{\"@type\":\"EntryPoint\",\"urlTemplate\":\"https:\\\/\\\/hmizatexperts.com\\\/?s={search_term_string}\"},\"query-input\":{\"@type\":\"PropertyValueSpecification\",\"valueRequired\":true,\"valueName\":\"search_term_string\"}}],\"inLanguage\":\"ar\"},{\"@type\":\"Organization\",\"@id\":\"https:\\\/\\\/hmizatexperts.com\\\/#organization\",\"name\":\"Hmizate Expert\",\"url\":\"https:\\\/\\\/hmizatexperts.com\\\/\",\"logo\":{\"@type\":\"ImageObject\",\"inLanguage\":\"ar\",\"@id\":\"https:\\\/\\\/hmizatexperts.com\\\/#\\\/schema\\\/logo\\\/image\\\/\",\"url\":\"https:\\\/\\\/hmizatexperts.com\\\/wp-content\\\/uploads\\\/2021\\\/05\\\/logo_HE2-removebg-preview.png\",\"contentUrl\":\"https:\\\/\\\/hmizatexperts.com\\\/wp-content\\\/uploads\\\/2021\\\/05\\\/logo_HE2-removebg-preview.png\",\"width\":800,\"height\":312,\"caption\":\"Hmizate Expert\"},\"image\":{\"@id\":\"https:\\\/\\\/hmizatexperts.com\\\/#\\\/schema\\\/logo\\\/image\\\/\"},\"sameAs\":[\"https:\\\/\\\/www.facebook.com\\\/hmizatexperts\",\"https:\\\/\\\/x.com\\\/ExpertsHmizate\"]}]}<\/script>\n<!-- \/ Yoast SEO Premium plugin. -->","yoast_head_json":{"title":"Politique de Confidentialit\u00e9 - Hmizate Expert","description":"D\u00e9couvrez notre politique de confidentialit\u00e9 d\u00e9taill\u00e9e : transparence sur la collecte, l'utilisation et la protection de vos donn\u00e9es personnelles. Votre confiance est notre priorit\u00e9.","robots":{"index":"index","follow":"follow","max-snippet":"max-snippet:-1","max-image-preview":"max-image-preview:large","max-video-preview":"max-video-preview:-1"},"canonical":"https:\/\/hmizatexperts.com\/ar\/privacy-policy\/","og_locale":"ar_AR","og_type":"article","og_title":"Politique de Confidentialit\u00e9","og_description":"D\u00e9couvrez notre politique de confidentialit\u00e9 d\u00e9taill\u00e9e : transparence sur la collecte, l'utilisation et la protection de vos donn\u00e9es personnelles. Votre confiance est notre priorit\u00e9.","og_url":"https:\/\/hmizatexperts.com\/ar\/privacy-policy\/","og_site_name":"Hmizate Expert","article_publisher":"https:\/\/www.facebook.com\/hmizatexperts","article_modified_time":"2024-12-23T23:08:15+00:00","twitter_card":"summary_large_image","twitter_site":"@ExpertsHmizate","twitter_misc":{"\u0648\u0642\u062a \u0627\u0644\u0642\u0631\u0627\u0621\u0629 \u0627\u0644\u0645\u064f\u0642\u062f\u0651\u0631":"\u062f\u0642\u064a\u0642\u062a\u0627\u0646"},"schema":{"@context":"https:\/\/schema.org","@graph":[{"@type":"WebPage","@id":"https:\/\/hmizatexperts.com\/privacy-policy\/","url":"https:\/\/hmizatexperts.com\/privacy-policy\/","name":"Politique de Confidentialit\u00e9 - Hmizate Expert","isPartOf":{"@id":"https:\/\/hmizatexperts.com\/#website"},"datePublished":"2021-05-23T11:34:41+00:00","dateModified":"2024-12-23T23:08:15+00:00","description":"D\u00e9couvrez notre politique de confidentialit\u00e9 d\u00e9taill\u00e9e : transparence sur la collecte, l'utilisation et la protection de vos donn\u00e9es personnelles. Votre confiance est notre priorit\u00e9.","breadcrumb":{"@id":"https:\/\/hmizatexperts.com\/privacy-policy\/#breadcrumb"},"inLanguage":"ar","potentialAction":[{"@type":"ReadAction","target":["https:\/\/hmizatexperts.com\/privacy-policy\/"]}]},{"@type":"BreadcrumbList","@id":"https:\/\/hmizatexperts.com\/privacy-policy\/#breadcrumb","itemListElement":[{"@type":"ListItem","position":1,"name":"Accueil","item":"https:\/\/hmizatexperts.com\/"},{"@type":"ListItem","position":2,"name":"Politique de Confidentialit\u00e9"}]},{"@type":"WebSite","@id":"https:\/\/hmizatexperts.com\/#website","url":"https:\/\/hmizatexperts.com\/","name":"\u062e\u0628\u064a\u0631 \u0641\u064a \u0627\u0644\u062d\u0634\u0645\u0629","description":"\u0639\u0631\u0648\u0636\u0646\u0627 \u0628\u0623\u0641\u0636\u0644 \u0627\u0644\u0623\u0633\u0639\u0627\u0631 \u0648\u0627\u0644\u062c\u0648\u062f\u0629","publisher":{"@id":"https:\/\/hmizatexperts.com\/#organization"},"potentialAction":[{"@type":"SearchAction","target":{"@type":"EntryPoint","urlTemplate":"https:\/\/hmizatexperts.com\/?s={search_term_string}"},"query-input":{"@type":"PropertyValueSpecification","valueRequired":true,"valueName":"search_term_string"}}],"inLanguage":"ar"},{"@type":"Organization","@id":"https:\/\/hmizatexperts.com\/#organization","name":"\u062e\u0628\u064a\u0631 \u0641\u064a \u0627\u0644\u062d\u0634\u0645\u0629","url":"https:\/\/hmizatexperts.com\/","logo":{"@type":"ImageObject","inLanguage":"ar","@id":"https:\/\/hmizatexperts.com\/#\/schema\/logo\/image\/","url":"https:\/\/hmizatexperts.com\/wp-content\/uploads\/2021\/05\/logo_HE2-removebg-preview.png","contentUrl":"https:\/\/hmizatexperts.com\/wp-content\/uploads\/2021\/05\/logo_HE2-removebg-preview.png","width":800,"height":312,"caption":"Hmizate Expert"},"image":{"@id":"https:\/\/hmizatexperts.com\/#\/schema\/logo\/image\/"},"sameAs":["https:\/\/www.facebook.com\/hmizatexperts","https:\/\/x.com\/ExpertsHmizate"]}]}},"_links":{"self":[{"href":"https:\/\/hmizatexperts.com\/ar\/wp-json\/wp\/v2\/pages\/3","targetHints":{"allow":["GET"]}}],"collection":[{"href":"https:\/\/hmizatexperts.com\/ar\/wp-json\/wp\/v2\/pages"}],"about":[{"href":"https:\/\/hmizatexperts.com\/ar\/wp-json\/wp\/v2\/types\/page"}],"author":[{"embeddable":true,"href":"https:\/\/hmizatexperts.com\/ar\/wp-json\/wp\/v2\/users\/1"}],"replies":[{"embeddable":true,"href":"https:\/\/hmizatexperts.com\/ar\/wp-json\/wp\/v2\/comments?post=3"}],"version-history":[{"count":2,"href":"https:\/\/hmizatexperts.com\/ar\/wp-json\/wp\/v2\/pages\/3\/revisions"}],"predecessor-version":[{"id":2012,"href":"https:\/\/hmizatexperts.com\/ar\/wp-json\/wp\/v2\/pages\/3\/revisions\/2012"}],"wp:attachment":[{"href":"https:\/\/hmizatexperts.com\/ar\/wp-json\/wp\/v2\/media?parent=3"}],"curies":[{"name":"wp","href":"https:\/\/api.w.org\/{rel}","templated":true}]}}