{"id":318,"date":"2018-03-10T15:51:11","date_gmt":"2018-03-10T15:51:11","guid":{"rendered":"http:\/\/localhost:8080\/friday\/?page_id=318"},"modified":"2024-12-18T11:49:38","modified_gmt":"2024-12-18T10:49:38","slug":"terms-conditions","status":"publish","type":"page","link":"https:\/\/hmizatexperts.com\/ar\/terms-conditions\/","title":{"rendered":"Termes et conditions"},"content":{"rendered":"<div class=\"wpb-content-wrapper\"><div class=\"container\"><div class=\"vc_row wpb_row vc_row-fluid vc_custom_1520697140605 vc_row-has-fill\"><div class=\"wpb_column vc_column_container vc_col-sm-12\"><div class=\"vc_column-inner\"><div class=\"wpb_wrapper\"><h3 class=\"t-uppercase h-title mb-20\">\u0627\u0644\u0634\u0631\u0648\u0637 \u0648\u0627\u0644\u0623\u062d\u0643\u0627\u0645<\/h3>\n\t<div class=\"wpb_text_column wpb_content_element vc_custom_1627853304048\" >\n\t\t<div class=\"wpb_wrapper\">\n\t\t\t<p>\u2013 \u064a\u064f\u0639\u062f \u0625\u0631\u062c\u0627\u0639 \u0623\u0648 \u0627\u0633\u062a\u0628\u062f\u0627\u0644 \u0627\u0644\u0645\u0646\u062a\u062c \u062d\u0642\u064b\u0627 \u0645\u0643\u0641\u0648\u0644\u064b\u0627 \u0644\u062c\u0645\u064a\u0639 \u0639\u0645\u0644\u0627\u0626\u0646\u0627\u060c \u0648\u064a\u0634\u0645\u0644 \u0630\u0644\u0643 \u062c\u0645\u064a\u0639 \u0627\u0644\u0645\u0646\u062a\u062c\u0627\u062a \u0627\u0644\u062a\u064a \u0646\u0642\u062f\u0645\u0647\u0627 \u0639\u0644\u0649 \u0645\u0648\u0642\u0639\u0646\u0627.<\/p>\n<p>\u2013 \u062a\u062e\u0636\u0639 \u062c\u0645\u064a\u0639 \u0627\u0644\u0645\u0646\u062a\u062c\u0627\u062a \u0627\u0644\u0645\u0639\u0631\u0648\u0636\u0629 \u0639\u0644\u0649 \u0645\u0648\u0642\u0639\u0646\u0627 \u0644\u0633\u064a\u0627\u0633\u0629 \u0627\u0644\u0627\u0633\u062a\u0628\u062f\u0627\u0644 \u0648\u0627\u0644\u0627\u0633\u062a\u0631\u062f\u0627\u062f \u0648\u0641\u0642\u064b\u0627 \u0644\u0644\u0634\u0631\u0648\u0637 \u0648\u0627\u0644\u0623\u062d\u0643\u0627\u0645 \u0627\u0644\u0645\u0646\u0635\u0648\u0635 \u0639\u0644\u064a\u0647\u0627.<\/p>\n<p>\u2013 \u064a\u0645\u0643\u0646 \u0625\u0631\u062c\u0627\u0639 \u0623\u0648 \u0627\u0633\u062a\u0628\u062f\u0627\u0644 \u0627\u0644\u0645\u0646\u062a\u062c \u0625\u0630\u0627 \u0643\u0627\u0646 \u0641\u064a \u062d\u0627\u0644\u062a\u0647 \u0627\u0644\u0623\u0635\u0644\u064a\u0629 \u0648\u0642\u062a \u0627\u0644\u0634\u0631\u0627\u0621 \u0648\u0645\u0639\u0628\u0623 \u0641\u064a \u0639\u0628\u0648\u062a\u0647 \u0627\u0644\u0623\u0635\u0644\u064a\u0629.<\/p>\n<p>\u2013 \u064a\u062c\u0628 \u062a\u0642\u062f\u064a\u0645 \u0637\u0644\u0628\u0627\u062a \u0627\u0644\u0625\u0631\u062c\u0627\u0639 \u0641\u064a \u063a\u0636\u0648\u0646 \u062b\u0644\u0627\u062b\u0629 (3) \u0623\u064a\u0627\u0645 \u0643\u062d\u062f \u0623\u0642\u0635\u0649 \u0645\u0646 \u062a\u0627\u0631\u064a\u062e \u0627\u0633\u062a\u0644\u0627\u0645 \u0627\u0644\u0637\u0644\u0628\u060c \u0623\u0648 \u0641\u064a \u062d\u0627\u0644\u0629 \u062a\u0644\u0641 \u0627\u0644\u0645\u0646\u062a\u062c\u060c \u064a\u062c\u0628 \u0639\u0644\u0649 \u0627\u0644\u0639\u0645\u064a\u0644 \u0627\u0644\u0625\u0628\u0644\u0627\u063a \u0639\u0646 \u0627\u0644\u062a\u0644\u0641 \u0639\u0646 \u0637\u0631\u064a\u0642 \u0625\u0631\u0633\u0627\u0644 \u0635\u0648\u0631\u0629 \u0644\u0644\u0645\u0646\u062a\u062c \u0639\u0628\u0631 \u0648\u0627\u062a\u0633\u0627\u0628 \u0641\u064a \u0646\u0641\u0633 \u064a\u0648\u0645 \u0627\u0633\u062a\u0644\u0627\u0645 \u0627\u0644\u0637\u0644\u0628.<\/p>\n<p>\u2013 \u064a\u0631\u062c\u0649 \u0627\u0644\u062a\u0648\u0627\u0635\u0644 \u0645\u0639\u0646\u0627 \u0639\u0628\u0631 \u0648\u0627\u062a\u0633\u0627\u0628 \u0644\u0637\u0644\u0628 \u0627\u0644\u0625\u0631\u062c\u0627\u0639 \u0623\u0648 \u0627\u0644\u0627\u0633\u062a\u0628\u062f\u0627\u0644.<\/p>\n<p>- \u064a\u0631\u062c\u0649 \u0627\u0644\u062a\u0642\u0627\u0637 \u0635\u0648\u0631\u0629 \u0648\u0625\u0631\u0633\u0627\u0644 \u062d\u0627\u0644\u0629 \u0627\u0644\u0645\u0646\u062a\u062c \u0645\u0639 \u0630\u0643\u0631 \u0627\u0644\u0645\u062f\u064a\u0646\u0629 \u0648\u0627\u0644\u0639\u0646\u0648\u0627\u0646 \u0648\u0631\u0642\u0645 \u0627\u0644\u0637\u0644\u0628 \u0627\u0644\u0645\u062d\u062f\u062f \u062d\u062a\u0649 \u064a\u0645\u0643\u0646 \u0627\u0633\u062a\u0628\u062f\u0627\u0644\u0647 \u0628\u0645\u0646\u062a\u062c \u0622\u062e\u0631 \u0641\u064a \u062d\u0627\u0644\u0629 \u062a\u0644\u0641 \u0627\u0644\u0645\u0646\u062a\u062c \u0623\u0648 \u0648\u062c\u0648\u062f \u0639\u064a\u0628 \u0641\u064a\u0647\u060c \u0623\u0648 \u0625\u0630\u0627 \u0644\u0645 \u064a\u062a\u0645 \u0627\u0633\u062a\u062e\u062f\u0627\u0645\u0647 \u0648\u0641\u0642\u064b\u0627 \u0644\u0644\u0627\u062a\u0641\u0627\u0642\u064a\u0629.<\/p>\n<p>\u2013 \u064a\u062a\u0645 \u0631\u062f \u0627\u0644\u0645\u0628\u0644\u063a \u0628\u0627\u0644\u0643\u0627\u0645\u0644 \u0625\u0644\u0649 \u0627\u0644\u0639\u0645\u064a\u0644 \u0625\u0630\u0627 \u0643\u0627\u0646 \u0627\u0644\u0645\u0646\u062a\u062c \u0627\u0644\u0630\u064a \u0627\u0633\u062a\u0644\u0645\u0647 \u0645\u062e\u062a\u0644\u0641\u064b\u0627 \u062a\u0645\u0627\u0645\u064b\u0627 \u0639\u0646 \u0627\u0644\u0645\u0646\u062a\u062c \u0627\u0644\u0645\u0639\u0631\u0648\u0636 \u0639\u0644\u0649 \u0645\u0648\u0642\u0639\u0646\u0627 \u0627\u0644\u0625\u0644\u0643\u062a\u0631\u0648\u0646\u064a.<\/p>\n<p>\u2013 \u0646\u062d\u0646 \u0644\u0633\u0646\u0627 \u0645\u0633\u0624\u0648\u0644\u064a\u0646 \u0639\u0646 \u062a\u0648\u0642\u0639\u0627\u062a \u0627\u0644\u0639\u0645\u0644\u0627\u0621 \u0641\u064a\u0645\u0627 \u064a\u062a\u0639\u0644\u0642 \u0628\u0627\u0633\u062a\u062e\u062f\u0627\u0645 \u0627\u0644\u0645\u0646\u062a\u062c \u0648\u0627\u0644\u062a\u064a \u0644\u0645 \u0646\u0630\u0643\u0631\u0647\u0627 \u0641\u064a \u0635\u0641\u062d\u0629 \u0627\u0644\u0645\u0646\u062a\u062c \u0639\u0644\u0649 \u0645\u0648\u0642\u0639\u0646\u0627 \u0627\u0644\u0625\u0644\u0643\u062a\u0631\u0648\u0646\u064a.<\/p>\n<p>\u2013 \u064a\u062a\u0645 \u062e\u0635\u0645 30% \u0645\u0646 \u0627\u0644\u0642\u064a\u0645\u0629 \u0627\u0644\u0625\u062c\u0645\u0627\u0644\u064a\u0629 \u0644\u0644\u0639\u0631\u0636 \u0625\u0630\u0627 \u0644\u0645 \u064a\u0631\u063a\u0628 \u0627\u0644\u0639\u0645\u064a\u0644 \u0641\u064a \u0627\u0644\u0645\u0646\u062a\u062c \u0648\u0644\u0645 \u064a\u0643\u0646 \u0628\u0647 \u0623\u064a \u0639\u064a\u0648\u0628 \u0623\u0648 \u0645\u0634\u0627\u0643\u0644 \u0645\u0630\u0643\u0648\u0631\u0629.<\/p>\n<p>\u0641\u064a \u062d\u0627\u0644 \u0627\u0644\u0631\u063a\u0628\u0629 \u0628\u0627\u0633\u062a\u0628\u062f\u0627\u0644 \u0627\u0644\u0645\u0646\u062a\u062c\u060c \u064a\u062c\u0628 \u0639\u0644\u0649 \u0627\u0644\u0639\u0645\u064a\u0644 \u062a\u0642\u062f\u064a\u0645 \u0637\u0644\u0628 \u0627\u0644\u0627\u0633\u062a\u0628\u062f\u0627\u0644 \u0641\u064a \u063a\u0636\u0648\u0646 \u0633\u0628\u0639\u0629 \u0623\u064a\u0627\u0645 \u0643\u062d\u062f \u0623\u0642\u0635\u0649 \u0645\u0646 \u062a\u0627\u0631\u064a\u062e \u0627\u0633\u062a\u0644\u0627\u0645 \u0627\u0644\u0637\u0644\u0628. \u064a\u0645\u0643\u0646 \u0644\u0644\u0639\u0645\u064a\u0644 \u0627\u062e\u062a\u064a\u0627\u0631 \u0645\u0646\u062a\u062c \u0622\u062e\u0631 \u0645\u0646 \u0645\u0648\u0642\u0639\u0646\u0627 \u0627\u0644\u0625\u0644\u0643\u062a\u0631\u0648\u0646\u064a \u0644\u0644\u0627\u0633\u062a\u0628\u062f\u0627\u0644\u061b \u0648\u0645\u0639 \u0630\u0644\u0643\u060c \u0641\u064a \u062d\u0627\u0644 \u0648\u062c\u0648\u062f \u0641\u0631\u0642 \u0641\u064a \u0627\u0644\u0633\u0639\u0631\u060c \u064a\u062a\u062d\u0645\u0644 \u0627\u0644\u0639\u0645\u064a\u0644 \u062f\u0641\u0639 \u0647\u0630\u0627 \u0627\u0644\u0641\u0631\u0642.<\/p>\n<p>-\u0641\u064a \u062d\u0627\u0644\u0629 \u0627\u0644\u0625\u0631\u062c\u0627\u0639 \u0623\u0648 \u0627\u0644\u0627\u0633\u062a\u0628\u062f\u0627\u0644\u060c \u064a\u062a\u062d\u0645\u0644 \u0627\u0644\u0639\u0645\u064a\u0644 \u062a\u0643\u0627\u0644\u064a\u0641 \u0627\u0644\u0634\u062d\u0646 \u0644\u0644\u0625\u0631\u062c\u0627\u0639.<\/p>\n\n\t\t<\/div>\n\t<\/div>\n<\/div><\/div><\/div><\/div><\/div>\n<\/div>","protected":false},"excerpt":{"rendered":"TERMS AND CONDITIONS - Les retours ou les \u00e9changes d'un produit est un droit pour tous nos clients, et il comprend tous les produits que nous proposons sur notre site. - Tous les produits propos\u00e9s sur notre site sont soumis \u00e0 la politique d'\u00e9change et de remboursement selon les termes et conditions stipul\u00e9s. - Les<footer class=\"entry-footer text-right\">\n          <a href=\"https:\/\/hmizatexperts.com\/ar\/terms-conditions\/\" class=\"more-link btn btn-link\">\u0627\u0642\u0631\u0623 \u0627\u0644\u0645\u0632\u064a\u062f <i class=\"icon fa fa-long-arrow-right\"><\/i><\/a>\n         <\/footer>","protected":false},"author":1,"featured_media":0,"parent":0,"menu_order":0,"comment_status":"closed","ping_status":"closed","template":"","meta":{"footnotes":""},"class_list":["post-318","page","type-page","status-publish","hentry","entry panel"],"ams_acf":[],"yoast_head":"<!-- This site is optimized with the Yoast SEO Premium plugin v26.6 (Yoast SEO v27.4) - https:\/\/yoast.com\/product\/yoast-seo-premium-wordpress\/ -->\n<title>Termes et conditions - Hmizate Expert<\/title>\n<meta name=\"description\" content=\"Tous les produits propos\u00e9s sur notre site sont soumis \u00e0 la politique d&#039;\u00e9change et de remboursement selon les termes et conditions stipul\u00e9s.\" \/>\n<meta name=\"robots\" content=\"index, follow, max-snippet:-1, max-image-preview:large, max-video-preview:-1\" \/>\n<link rel=\"canonical\" href=\"https:\/\/hmizatexperts.com\/ar\/terms-conditions\/\" \/>\n<meta property=\"og:locale\" content=\"ar_AR\" \/>\n<meta property=\"og:type\" content=\"article\" \/>\n<meta property=\"og:title\" content=\"Termes et conditions\" \/>\n<meta property=\"og:description\" content=\"Tous les produits propos\u00e9s sur notre site sont soumis \u00e0 la politique d&#039;\u00e9change et de remboursement selon les termes et conditions stipul\u00e9s.\" \/>\n<meta property=\"og:url\" content=\"https:\/\/hmizatexperts.com\/ar\/terms-conditions\/\" \/>\n<meta property=\"og:site_name\" content=\"Hmizate Expert\" \/>\n<meta property=\"article:publisher\" content=\"https:\/\/www.facebook.com\/hmizatexperts\" \/>\n<meta property=\"article:modified_time\" content=\"2024-12-18T10:49:38+00:00\" \/>\n<meta name=\"twitter:card\" content=\"summary_large_image\" \/>\n<meta name=\"twitter:site\" content=\"@ExpertsHmizate\" \/>\n<meta name=\"twitter:label1\" content=\"\u0648\u0642\u062a \u0627\u0644\u0642\u0631\u0627\u0621\u0629 \u0627\u0644\u0645\u064f\u0642\u062f\u0651\u0631\" \/>\n\t<meta name=\"twitter:data1\" content=\"\u062f\u0642\u064a\u0642\u062a\u0627\u0646\" \/>\n<script type=\"application\/ld+json\" class=\"yoast-schema-graph\">{\"@context\":\"https:\\\/\\\/schema.org\",\"@graph\":[{\"@type\":\"WebPage\",\"@id\":\"https:\\\/\\\/hmizatexperts.com\\\/terms-conditions\\\/\",\"url\":\"https:\\\/\\\/hmizatexperts.com\\\/terms-conditions\\\/\",\"name\":\"Termes et conditions - Hmizate Expert\",\"isPartOf\":{\"@id\":\"https:\\\/\\\/hmizatexperts.com\\\/#website\"},\"datePublished\":\"2018-03-10T15:51:11+00:00\",\"dateModified\":\"2024-12-18T10:49:38+00:00\",\"description\":\"Tous les produits propos\u00e9s sur notre site sont soumis \u00e0 la politique d'\u00e9change et de remboursement selon les termes et conditions stipul\u00e9s.\",\"breadcrumb\":{\"@id\":\"https:\\\/\\\/hmizatexperts.com\\\/terms-conditions\\\/#breadcrumb\"},\"inLanguage\":\"ar\",\"potentialAction\":[{\"@type\":\"ReadAction\",\"target\":[\"https:\\\/\\\/hmizatexperts.com\\\/terms-conditions\\\/\"]}]},{\"@type\":\"BreadcrumbList\",\"@id\":\"https:\\\/\\\/hmizatexperts.com\\\/terms-conditions\\\/#breadcrumb\",\"itemListElement\":[{\"@type\":\"ListItem\",\"position\":1,\"name\":\"Accueil\",\"item\":\"https:\\\/\\\/hmizatexperts.com\\\/\"},{\"@type\":\"ListItem\",\"position\":2,\"name\":\"Termes et conditions\"}]},{\"@type\":\"WebSite\",\"@id\":\"https:\\\/\\\/hmizatexperts.com\\\/#website\",\"url\":\"https:\\\/\\\/hmizatexperts.com\\\/\",\"name\":\"Hmizate Expert\",\"description\":\"Nos offres aux meilleurs prix et qualit\u00e9\",\"publisher\":{\"@id\":\"https:\\\/\\\/hmizatexperts.com\\\/#organization\"},\"potentialAction\":[{\"@type\":\"SearchAction\",\"target\":{\"@type\":\"EntryPoint\",\"urlTemplate\":\"https:\\\/\\\/hmizatexperts.com\\\/?s={search_term_string}\"},\"query-input\":{\"@type\":\"PropertyValueSpecification\",\"valueRequired\":true,\"valueName\":\"search_term_string\"}}],\"inLanguage\":\"ar\"},{\"@type\":\"Organization\",\"@id\":\"https:\\\/\\\/hmizatexperts.com\\\/#organization\",\"name\":\"Hmizate Expert\",\"url\":\"https:\\\/\\\/hmizatexperts.com\\\/\",\"logo\":{\"@type\":\"ImageObject\",\"inLanguage\":\"ar\",\"@id\":\"https:\\\/\\\/hmizatexperts.com\\\/#\\\/schema\\\/logo\\\/image\\\/\",\"url\":\"https:\\\/\\\/hmizatexperts.com\\\/wp-content\\\/uploads\\\/2021\\\/05\\\/logo_HE2-removebg-preview.png\",\"contentUrl\":\"https:\\\/\\\/hmizatexperts.com\\\/wp-content\\\/uploads\\\/2021\\\/05\\\/logo_HE2-removebg-preview.png\",\"width\":800,\"height\":312,\"caption\":\"Hmizate Expert\"},\"image\":{\"@id\":\"https:\\\/\\\/hmizatexperts.com\\\/#\\\/schema\\\/logo\\\/image\\\/\"},\"sameAs\":[\"https:\\\/\\\/www.facebook.com\\\/hmizatexperts\",\"https:\\\/\\\/x.com\\\/ExpertsHmizate\"]}]}<\/script>\n<!-- \/ Yoast SEO Premium plugin. -->","yoast_head_json":{"title":"Termes et conditions - Hmizate Expert","description":"Tous les produits propos\u00e9s sur notre site sont soumis \u00e0 la politique d'\u00e9change et de remboursement selon les termes et conditions stipul\u00e9s.","robots":{"index":"index","follow":"follow","max-snippet":"max-snippet:-1","max-image-preview":"max-image-preview:large","max-video-preview":"max-video-preview:-1"},"canonical":"https:\/\/hmizatexperts.com\/ar\/terms-conditions\/","og_locale":"ar_AR","og_type":"article","og_title":"Termes et conditions","og_description":"Tous les produits propos\u00e9s sur notre site sont soumis \u00e0 la politique d'\u00e9change et de remboursement selon les termes et conditions stipul\u00e9s.","og_url":"https:\/\/hmizatexperts.com\/ar\/terms-conditions\/","og_site_name":"Hmizate Expert","article_publisher":"https:\/\/www.facebook.com\/hmizatexperts","article_modified_time":"2024-12-18T10:49:38+00:00","twitter_card":"summary_large_image","twitter_site":"@ExpertsHmizate","twitter_misc":{"\u0648\u0642\u062a \u0627\u0644\u0642\u0631\u0627\u0621\u0629 \u0627\u0644\u0645\u064f\u0642\u062f\u0651\u0631":"\u062f\u0642\u064a\u0642\u062a\u0627\u0646"},"schema":{"@context":"https:\/\/schema.org","@graph":[{"@type":"WebPage","@id":"https:\/\/hmizatexperts.com\/terms-conditions\/","url":"https:\/\/hmizatexperts.com\/terms-conditions\/","name":"Termes et conditions - Hmizate Expert","isPartOf":{"@id":"https:\/\/hmizatexperts.com\/#website"},"datePublished":"2018-03-10T15:51:11+00:00","dateModified":"2024-12-18T10:49:38+00:00","description":"Tous les produits propos\u00e9s sur notre site sont soumis \u00e0 la politique d'\u00e9change et de remboursement selon les termes et conditions stipul\u00e9s.","breadcrumb":{"@id":"https:\/\/hmizatexperts.com\/terms-conditions\/#breadcrumb"},"inLanguage":"ar","potentialAction":[{"@type":"ReadAction","target":["https:\/\/hmizatexperts.com\/terms-conditions\/"]}]},{"@type":"BreadcrumbList","@id":"https:\/\/hmizatexperts.com\/terms-conditions\/#breadcrumb","itemListElement":[{"@type":"ListItem","position":1,"name":"Accueil","item":"https:\/\/hmizatexperts.com\/"},{"@type":"ListItem","position":2,"name":"Termes et conditions"}]},{"@type":"WebSite","@id":"https:\/\/hmizatexperts.com\/#website","url":"https:\/\/hmizatexperts.com\/","name":"\u062e\u0628\u064a\u0631 \u0641\u064a \u0627\u0644\u062d\u0634\u0645\u0629","description":"\u0639\u0631\u0648\u0636\u0646\u0627 \u0628\u0623\u0641\u0636\u0644 \u0627\u0644\u0623\u0633\u0639\u0627\u0631 \u0648\u0627\u0644\u062c\u0648\u062f\u0629","publisher":{"@id":"https:\/\/hmizatexperts.com\/#organization"},"potentialAction":[{"@type":"SearchAction","target":{"@type":"EntryPoint","urlTemplate":"https:\/\/hmizatexperts.com\/?s={search_term_string}"},"query-input":{"@type":"PropertyValueSpecification","valueRequired":true,"valueName":"search_term_string"}}],"inLanguage":"ar"},{"@type":"Organization","@id":"https:\/\/hmizatexperts.com\/#organization","name":"\u062e\u0628\u064a\u0631 \u0641\u064a \u0627\u0644\u062d\u0634\u0645\u0629","url":"https:\/\/hmizatexperts.com\/","logo":{"@type":"ImageObject","inLanguage":"ar","@id":"https:\/\/hmizatexperts.com\/#\/schema\/logo\/image\/","url":"https:\/\/hmizatexperts.com\/wp-content\/uploads\/2021\/05\/logo_HE2-removebg-preview.png","contentUrl":"https:\/\/hmizatexperts.com\/wp-content\/uploads\/2021\/05\/logo_HE2-removebg-preview.png","width":800,"height":312,"caption":"Hmizate Expert"},"image":{"@id":"https:\/\/hmizatexperts.com\/#\/schema\/logo\/image\/"},"sameAs":["https:\/\/www.facebook.com\/hmizatexperts","https:\/\/x.com\/ExpertsHmizate"]}]}},"_links":{"self":[{"href":"https:\/\/hmizatexperts.com\/ar\/wp-json\/wp\/v2\/pages\/318","targetHints":{"allow":["GET"]}}],"collection":[{"href":"https:\/\/hmizatexperts.com\/ar\/wp-json\/wp\/v2\/pages"}],"about":[{"href":"https:\/\/hmizatexperts.com\/ar\/wp-json\/wp\/v2\/types\/page"}],"author":[{"embeddable":true,"href":"https:\/\/hmizatexperts.com\/ar\/wp-json\/wp\/v2\/users\/1"}],"replies":[{"embeddable":true,"href":"https:\/\/hmizatexperts.com\/ar\/wp-json\/wp\/v2\/comments?post=318"}],"version-history":[{"count":4,"href":"https:\/\/hmizatexperts.com\/ar\/wp-json\/wp\/v2\/pages\/318\/revisions"}],"predecessor-version":[{"id":795,"href":"https:\/\/hmizatexperts.com\/ar\/wp-json\/wp\/v2\/pages\/318\/revisions\/795"}],"wp:attachment":[{"href":"https:\/\/hmizatexperts.com\/ar\/wp-json\/wp\/v2\/media?parent=318"}],"curies":[{"name":"wp","href":"https:\/\/api.w.org\/{rel}","templated":true}]}}