{"id":587,"date":"2020-04-10T09:12:19","date_gmt":"2020-04-10T09:12:19","guid":{"rendered":"https:\/\/klbtheme.com\/froday\/?page_id=587"},"modified":"2024-12-18T12:06:36","modified_gmt":"2024-12-18T11:06:36","slug":"all-categories","status":"publish","type":"page","link":"https:\/\/hmizatexperts.com\/ar\/all-categories\/","title":{"rendered":"All cathegories"},"content":{"rendered":"<div class=\"wpb-content-wrapper\"><div class=\"container\"><div class=\"vc_row wpb_row vc_row-fluid vc_custom_1519736881470\"><div class=\"wpb_column vc_column_container vc_col-sm-12\"><div class=\"vc_column-inner  \"><div class=\"wpb_wrapper\"><section class=\"klb-category-grid stores-area stores-area-v1\"><h3 class=\"mb-40 t-uppercase\">Toutes cat\u00e9gories<\/h3><div class=\"row row-rl-15 row-tb-15 t-center\"><div class=\"col-xs-6 col-sm-4 col-md-3 col-lg-2\"><a href=\"https:\/\/hmizatexperts.com\/ar\/product-category\/selection-exclusive\/\" class=\"panel is-block\"><div class=\"embed-responsive embed-responsive-4by3\"><div class=\"store-logo\"><img decoding=\"async\" src=\"https:\/\/hmizatexperts.com\/wp-content\/uploads\/2021\/05\/1.png\" alt=\"\"><\/div><\/div><h6 class=\"store-name ptb-10\">Selection Exclusive<\/h6><\/a><\/div><div class=\"col-xs-6 col-sm-4 col-md-3 col-lg-2\"><a href=\"https:\/\/hmizatexperts.com\/ar\/product-category\/bien-etre\/\" class=\"panel is-block\"><div class=\"embed-responsive embed-responsive-4by3\"><div class=\"store-logo\"><img decoding=\"async\" src=\"https:\/\/hmizatexperts.com\/wp-content\/uploads\/2021\/05\/2.png\" alt=\"\"><\/div><\/div><h6 class=\"store-name ptb-10\">Bien-\u00eatre<\/h6><\/a><\/div><div class=\"col-xs-6 col-sm-4 col-md-3 col-lg-2\"><a href=\"https:\/\/hmizatexperts.com\/ar\/product-category\/bien-etre\/\" class=\"panel is-block\"><div class=\"embed-responsive embed-responsive-4by3\"><div class=\"store-logo\"><img decoding=\"async\" src=\"https:\/\/hmizatexperts.com\/wp-content\/uploads\/2021\/05\/3.png\" alt=\"\"><\/div><\/div><h6 class=\"store-name ptb-10\">Sant\u00e9 et soins du corps<\/h6><\/a><\/div><div class=\"col-xs-6 col-sm-4 col-md-3 col-lg-2\"><a href=\"https:\/\/hmizatexperts.com\/ar\/product-category\/bien-etre\/\" class=\"panel is-block\"><div class=\"embed-responsive embed-responsive-4by3\"><div class=\"store-logo\"><img decoding=\"async\" src=\"https:\/\/hmizatexperts.com\/wp-content\/uploads\/2021\/05\/4.png\" alt=\"\"><\/div><\/div><h6 class=\"store-name ptb-10\">Relaxation et m\u00e9ditation<\/h6><\/a><\/div><div class=\"col-xs-6 col-sm-4 col-md-3 col-lg-2\"><a href=\"https:\/\/hmizatexperts.com\/ar\/product-category\/bien-etre\/\" class=\"panel is-block\"><div class=\"embed-responsive embed-responsive-4by3\"><div class=\"store-logo\"><img decoding=\"async\" src=\"https:\/\/hmizatexperts.com\/wp-content\/uploads\/2021\/05\/5.png\" alt=\"\"><\/div><\/div><h6 class=\"store-name ptb-10\">Fitness et bien-\u00eatre physique<\/h6><\/a><\/div><div class=\"col-xs-6 col-sm-4 col-md-3 col-lg-2\"><a href=\"https:\/\/hmizatexperts.com\/ar\/product-category\/bien-etre\/\" class=\"panel is-block\"><div class=\"embed-responsive embed-responsive-4by3\"><div class=\"store-logo\"><img decoding=\"async\" src=\"https:\/\/hmizatexperts.com\/wp-content\/uploads\/2021\/05\/6.png\" alt=\"\"><\/div><\/div><h6 class=\"store-name ptb-10\">Produits naturels et bio<\/h6><\/a><\/div><div class=\"col-xs-6 col-sm-4 col-md-3 col-lg-2\"><a href=\"https:\/\/hmizatexperts.com\/ar\/product-category\/alimentation-et-boissons\/\" class=\"panel is-block\"><div class=\"embed-responsive embed-responsive-4by3\"><div class=\"store-logo\"><img decoding=\"async\" src=\"https:\/\/hmizatexperts.com\/wp-content\/uploads\/2021\/05\/7.png\" alt=\"\"><\/div><\/div><h6 class=\"store-name ptb-10\">Alimentation et Boissons<\/h6><\/a><\/div><div class=\"col-xs-6 col-sm-4 col-md-3 col-lg-2\"><a href=\"https:\/\/hmizatexperts.com\/ar\/product-category\/alimentation-et-boissons\/\" class=\"panel is-block\"><div class=\"embed-responsive embed-responsive-4by3\"><div class=\"store-logo\"><img decoding=\"async\" src=\"https:\/\/hmizatexperts.com\/wp-content\/uploads\/2021\/05\/8.png\" alt=\"\"><\/div><\/div><h6 class=\"store-name ptb-10\">Miels et Produits de la Ruche<\/h6><\/a><\/div><div class=\"col-xs-6 col-sm-4 col-md-3 col-lg-2\"><a href=\"https:\/\/hmizatexperts.com\/ar\/product-category\/alimentation-et-boissons\/\" class=\"panel is-block\"><div class=\"embed-responsive embed-responsive-4by3\"><div class=\"store-logo\"><img decoding=\"async\" src=\"https:\/\/hmizatexperts.com\/wp-content\/uploads\/2021\/05\/9.png\" alt=\"\"><\/div><\/div><h6 class=\"store-name ptb-10\">Huiles Alimentaires<\/h6><\/a><\/div><div class=\"col-xs-6 col-sm-4 col-md-3 col-lg-2\"><a href=\"https:\/\/hmizatexperts.com\/ar\/product-category\/enfants-jouets\/\" class=\"panel is-block\"><div class=\"embed-responsive embed-responsive-4by3\"><div class=\"store-logo\"><img decoding=\"async\" src=\"https:\/\/hmizatexperts.com\/wp-content\/uploads\/2021\/05\/10.png\" alt=\"\"><\/div><\/div><h6 class=\"store-name ptb-10\">Enfants &amp; Jouets<\/h6><\/a><\/div><div class=\"col-xs-6 col-sm-4 col-md-3 col-lg-2\"><a href=\"https:\/\/hmizatexperts.com\/ar\/product-category\/auto-et-moto\/\" class=\"panel is-block\"><div class=\"embed-responsive embed-responsive-4by3\"><div class=\"store-logo\"><img decoding=\"async\" src=\"https:\/\/hmizatexperts.com\/wp-content\/uploads\/2021\/05\/11.png\" alt=\"\"><\/div><\/div><h6 class=\"store-name ptb-10\">Auto et Moto<\/h6><\/a><\/div><div class=\"col-xs-6 col-sm-4 col-md-3 col-lg-2\"><a href=\"https:\/\/hmizatexperts.com\/ar\/product-category\/auto-et-moto\/\" class=\"panel is-block\"><div class=\"embed-responsive embed-responsive-4by3\"><div class=\"store-logo\"><img decoding=\"async\" src=\"https:\/\/hmizatexperts.com\/wp-content\/uploads\/2021\/05\/12.png\" alt=\"\"><\/div><\/div><h6 class=\"store-name ptb-10\">Accessoires pour Voitures<\/h6><\/a><\/div><div class=\"col-xs-6 col-sm-4 col-md-3 col-lg-2\"><a href=\"https:\/\/hmizatexperts.com\/ar\/product-category\/auto-et-moto\/\" class=\"panel is-block\"><div class=\"embed-responsive embed-responsive-4by3\"><div class=\"store-logo\"><img decoding=\"async\" src=\"https:\/\/hmizatexperts.com\/wp-content\/uploads\/2021\/05\/13.png\" alt=\"\"><\/div><\/div><h6 class=\"store-name ptb-10\">Accessoires pour Motos<\/h6><\/a><\/div><div class=\"col-xs-6 col-sm-4 col-md-3 col-lg-2\"><a href=\"https:\/\/hmizatexperts.com\/ar\/product-category\/maison-cuisine\/\" class=\"panel is-block\"><div class=\"embed-responsive embed-responsive-4by3\"><div class=\"store-logo\"><img decoding=\"async\" src=\"https:\/\/hmizatexperts.com\/wp-content\/uploads\/2021\/05\/14.png\" alt=\"\"><\/div><\/div><h6 class=\"store-name ptb-10\">Maison &amp; Cuisine<\/h6><\/a><\/div><div class=\"col-xs-6 col-sm-4 col-md-3 col-lg-2\"><a href=\"https:\/\/hmizatexperts.com\/ar\/product-category\/maison-cuisine\/\" class=\"panel is-block\"><div class=\"embed-responsive embed-responsive-4by3\"><div class=\"store-logo\"><img decoding=\"async\" src=\"https:\/\/hmizatexperts.com\/wp-content\/uploads\/2021\/05\/15.png\" alt=\"\"><\/div><\/div><h6 class=\"store-name ptb-10\">Mobilier et D\u00e9coration<\/h6><\/a><\/div><div class=\"col-xs-6 col-sm-4 col-md-3 col-lg-2\"><a href=\"https:\/\/hmizatexperts.com\/ar\/product-category\/maison-cuisine\/\" class=\"panel is-block\"><div class=\"embed-responsive embed-responsive-4by3\"><div class=\"store-logo\"><img decoding=\"async\" src=\"https:\/\/hmizatexperts.com\/wp-content\/uploads\/2021\/05\/16.png\" alt=\"\"><\/div><\/div><h6 class=\"store-name ptb-10\">Cuisine et Art de la Table<\/h6><\/a><\/div><div class=\"col-xs-6 col-sm-4 col-md-3 col-lg-2\"><a href=\"https:\/\/hmizatexperts.com\/ar\/product-category\/maison-cuisine\/\" class=\"panel is-block\"><div class=\"embed-responsive embed-responsive-4by3\"><div class=\"store-logo\"><img decoding=\"async\" src=\"https:\/\/hmizatexperts.com\/wp-content\/uploads\/2021\/05\/14.png\" alt=\"\"><\/div><\/div><h6 class=\"store-name ptb-10\">\u00c9lectrom\u00e9nager de Cuisine<\/h6><\/a><\/div><div class=\"col-xs-6 col-sm-4 col-md-3 col-lg-2\"><a href=\"https:\/\/hmizatexperts.com\/ar\/product-category\/maison-cuisine\/\" class=\"panel is-block\"><div class=\"embed-responsive embed-responsive-4by3\"><div class=\"store-logo\"><img decoding=\"async\" src=\"https:\/\/hmizatexperts.com\/wp-content\/uploads\/2021\/05\/18.png\" alt=\"\"><\/div><\/div><h6 class=\"store-name ptb-10\">Rangement et Organisation<\/h6><\/a><\/div><div class=\"col-xs-6 col-sm-4 col-md-3 col-lg-2\"><a href=\"https:\/\/hmizatexperts.com\/ar\/product-category\/maison-cuisine\/\" class=\"panel is-block\"><div class=\"embed-responsive embed-responsive-4by3\"><div class=\"store-logo\"><img decoding=\"async\" src=\"https:\/\/hmizatexperts.com\/wp-content\/uploads\/2021\/05\/19.png\" alt=\"\"><\/div><\/div><h6 class=\"store-name ptb-10\">Entretien et Nettoyage<\/h6><\/a><\/div><div class=\"col-xs-6 col-sm-4 col-md-3 col-lg-2\"><a href=\"https:\/\/hmizatexperts.com\/ar\/product-category\/maison-cuisine\/\" class=\"panel is-block\"><div class=\"embed-responsive embed-responsive-4by3\"><div class=\"store-logo\"><img decoding=\"async\" src=\"https:\/\/hmizatexperts.com\/wp-content\/uploads\/2021\/05\/20.png\" alt=\"\"><\/div><\/div><h6 class=\"store-name ptb-10\">Ext\u00e9rieur et Jardin<\/h6><\/a><\/div><div class=\"col-xs-6 col-sm-4 col-md-3 col-lg-2\"><a href=\"https:\/\/hmizatexperts.com\/ar\/product-category\/maison-cuisine\/\" class=\"panel is-block\"><div class=\"embed-responsive embed-responsive-4by3\"><div class=\"store-logo\"><img decoding=\"async\" src=\"https:\/\/hmizatexperts.com\/wp-content\/uploads\/2021\/05\/21.png\" alt=\"\"><\/div><\/div><h6 class=\"store-name ptb-10\">Bricolage et Am\u00e9lioration<\/h6><\/a><\/div><div class=\"col-xs-6 col-sm-4 col-md-3 col-lg-2\"><a href=\"https:\/\/hmizatexperts.com\/ar\/product-category\/mide-et-accessoires\/\" class=\"panel is-block\"><div class=\"embed-responsive embed-responsive-4by3\"><div class=\"store-logo\"><img decoding=\"async\" src=\"https:\/\/hmizatexperts.com\/wp-content\/uploads\/2021\/05\/22.png\" alt=\"\"><\/div><\/div><h6 class=\"store-name ptb-10\">Mode et Accessoires<\/h6><\/a><\/div><\/div><\/section><\/div><\/div><\/div><\/div><\/div><div class=\"container\"><div class=\"vc_row wpb_row vc_row-fluid vc_custom_1520667320006\"><div class=\"wpb_column vc_column_container vc_col-sm-12 vc_col-lg-offset-3 vc_col-lg-6 vc_col-md-offset-3 vc_col-md-6\"><div class=\"vc_column-inner  \"><div class=\"wpb_wrapper\">\n\t<div class=\"wpb_text_column wpb_content_element\" >\n\t\t<div class=\"wpb_wrapper\">\n\t\t\t<h4 class=\"mb-20\" style=\"text-align: center;\"><i class=\"fa fa-envelope-o color-green mr-10\"><\/i>Inscrivez-vous \u00e0 notre newsletter hebdomadaire par e-mail<\/h4>\n<p style=\"text-align: center;\">[mc4wp_form id=\u00a0\u00bb64&Prime;]<\/p>\n<p class=\"color-muted\" style=\"text-align: center;\">Nous ne partagerons jamais votre adresse e-mail avec un tiers.<\/p>\n\n\t\t<\/div>\n\t<\/div>\n<\/div><\/div><\/div><\/div><\/div>\n<\/div>","protected":false},"excerpt":{"rendered":"Toutes cat\u00e9goriesSelection ExclusiveBien-\u00eatreSant\u00e9 et soins du corpsRelaxation et m\u00e9ditationFitness et bien-\u00eatre physiqueProduits naturels et bioAlimentation et BoissonsMiels et Produits de la RucheHuiles AlimentairesEnfants &amp; JouetsAuto et MotoAccessoires pour VoituresAccessoires pour MotosMaison &amp; CuisineMobilier et D\u00e9corationCuisine et Art de la Table\u00c9lectrom\u00e9nager de CuisineRangement et OrganisationEntretien et NettoyageExt\u00e9rieur et JardinBricolage et Am\u00e9liorationMode et Accessoires Inscrivez-vous \u00e0 notre<footer class=\"entry-footer text-right\">\n          <a href=\"https:\/\/hmizatexperts.com\/ar\/all-categories\/\" class=\"more-link btn btn-link\">\u0627\u0642\u0631\u0623 \u0627\u0644\u0645\u0632\u064a\u062f <i class=\"icon fa fa-long-arrow-right\"><\/i><\/a>\n         <\/footer>","protected":false},"author":1,"featured_media":0,"parent":0,"menu_order":0,"comment_status":"closed","ping_status":"closed","template":"","meta":{"footnotes":""},"class_list":["post-587","page","type-page","status-publish","hentry","entry panel"],"ams_acf":[],"yoast_head":"<!-- This site is optimized with the Yoast SEO Premium plugin v26.6 (Yoast SEO v27.6) - https:\/\/yoast.com\/product\/yoast-seo-premium-wordpress\/ -->\n<title>All cathegories - Hmizate Expert<\/title>\n<meta name=\"description\" content=\"Inscrivez-vous \u00e0 notre newsletter hebdomadaire par e-mail pour profiter de toutes cat\u00e9gories des produits au meilleure qualit\u00e9\" \/>\n<meta name=\"robots\" content=\"index, follow, max-snippet:-1, max-image-preview:large, max-video-preview:-1\" \/>\n<link rel=\"canonical\" href=\"https:\/\/hmizatexperts.com\/ar\/all-categories\/\" \/>\n<meta property=\"og:locale\" content=\"ar_AR\" \/>\n<meta property=\"og:type\" content=\"article\" \/>\n<meta property=\"og:title\" content=\"All cathegories\" \/>\n<meta property=\"og:description\" content=\"Inscrivez-vous \u00e0 notre newsletter hebdomadaire par e-mail pour profiter de toutes cat\u00e9gories des produits au meilleure qualit\u00e9\" \/>\n<meta property=\"og:url\" content=\"https:\/\/hmizatexperts.com\/ar\/all-categories\/\" \/>\n<meta property=\"og:site_name\" content=\"Hmizate Expert\" \/>\n<meta property=\"article:publisher\" content=\"https:\/\/www.facebook.com\/hmizatexperts\" \/>\n<meta property=\"article:modified_time\" content=\"2024-12-18T11:06:36+00:00\" \/>\n<meta name=\"twitter:card\" content=\"summary_large_image\" \/>\n<meta name=\"twitter:site\" content=\"@ExpertsHmizate\" \/>\n<meta name=\"twitter:label1\" content=\"\u0648\u0642\u062a \u0627\u0644\u0642\u0631\u0627\u0621\u0629 \u0627\u0644\u0645\u064f\u0642\u062f\u0651\u0631\" \/>\n\t<meta name=\"twitter:data1\" content=\"\u062f\u0642\u064a\u0642\u0629 \u0648\u0627\u062d\u062f\u0629\" \/>\n<script type=\"application\/ld+json\" class=\"yoast-schema-graph\">{\"@context\":\"https:\\\/\\\/schema.org\",\"@graph\":[{\"@type\":\"WebPage\",\"@id\":\"https:\\\/\\\/hmizatexperts.com\\\/all-categories\\\/\",\"url\":\"https:\\\/\\\/hmizatexperts.com\\\/all-categories\\\/\",\"name\":\"All cathegories - Hmizate Expert\",\"isPartOf\":{\"@id\":\"https:\\\/\\\/hmizatexperts.com\\\/#website\"},\"datePublished\":\"2020-04-10T09:12:19+00:00\",\"dateModified\":\"2024-12-18T11:06:36+00:00\",\"description\":\"Inscrivez-vous \u00e0 notre newsletter hebdomadaire par e-mail pour profiter de toutes cat\u00e9gories des produits au meilleure qualit\u00e9\",\"breadcrumb\":{\"@id\":\"https:\\\/\\\/hmizatexperts.com\\\/all-categories\\\/#breadcrumb\"},\"inLanguage\":\"ar\",\"potentialAction\":[{\"@type\":\"ReadAction\",\"target\":[\"https:\\\/\\\/hmizatexperts.com\\\/all-categories\\\/\"]}]},{\"@type\":\"BreadcrumbList\",\"@id\":\"https:\\\/\\\/hmizatexperts.com\\\/all-categories\\\/#breadcrumb\",\"itemListElement\":[{\"@type\":\"ListItem\",\"position\":1,\"name\":\"Accueil\",\"item\":\"https:\\\/\\\/hmizatexperts.com\\\/\"},{\"@type\":\"ListItem\",\"position\":2,\"name\":\"All cathegories\"}]},{\"@type\":\"WebSite\",\"@id\":\"https:\\\/\\\/hmizatexperts.com\\\/#website\",\"url\":\"https:\\\/\\\/hmizatexperts.com\\\/\",\"name\":\"Hmizate Expert\",\"description\":\"Nos offres aux meilleurs prix et qualit\u00e9\",\"publisher\":{\"@id\":\"https:\\\/\\\/hmizatexperts.com\\\/#organization\"},\"potentialAction\":[{\"@type\":\"SearchAction\",\"target\":{\"@type\":\"EntryPoint\",\"urlTemplate\":\"https:\\\/\\\/hmizatexperts.com\\\/?s={search_term_string}\"},\"query-input\":{\"@type\":\"PropertyValueSpecification\",\"valueRequired\":true,\"valueName\":\"search_term_string\"}}],\"inLanguage\":\"ar\"},{\"@type\":\"Organization\",\"@id\":\"https:\\\/\\\/hmizatexperts.com\\\/#organization\",\"name\":\"Hmizate Expert\",\"url\":\"https:\\\/\\\/hmizatexperts.com\\\/\",\"logo\":{\"@type\":\"ImageObject\",\"inLanguage\":\"ar\",\"@id\":\"https:\\\/\\\/hmizatexperts.com\\\/#\\\/schema\\\/logo\\\/image\\\/\",\"url\":\"https:\\\/\\\/hmizatexperts.com\\\/wp-content\\\/uploads\\\/2021\\\/05\\\/logo_HE2-removebg-preview.png\",\"contentUrl\":\"https:\\\/\\\/hmizatexperts.com\\\/wp-content\\\/uploads\\\/2021\\\/05\\\/logo_HE2-removebg-preview.png\",\"width\":800,\"height\":312,\"caption\":\"Hmizate Expert\"},\"image\":{\"@id\":\"https:\\\/\\\/hmizatexperts.com\\\/#\\\/schema\\\/logo\\\/image\\\/\"},\"sameAs\":[\"https:\\\/\\\/www.facebook.com\\\/hmizatexperts\",\"https:\\\/\\\/x.com\\\/ExpertsHmizate\"]}]}<\/script>\n<!-- \/ Yoast SEO Premium plugin. -->","yoast_head_json":{"title":"All cathegories - Hmizate Expert","description":"Inscrivez-vous \u00e0 notre newsletter hebdomadaire par e-mail pour profiter de toutes cat\u00e9gories des produits au meilleure qualit\u00e9","robots":{"index":"index","follow":"follow","max-snippet":"max-snippet:-1","max-image-preview":"max-image-preview:large","max-video-preview":"max-video-preview:-1"},"canonical":"https:\/\/hmizatexperts.com\/ar\/all-categories\/","og_locale":"ar_AR","og_type":"article","og_title":"All cathegories","og_description":"Inscrivez-vous \u00e0 notre newsletter hebdomadaire par e-mail pour profiter de toutes cat\u00e9gories des produits au meilleure qualit\u00e9","og_url":"https:\/\/hmizatexperts.com\/ar\/all-categories\/","og_site_name":"Hmizate Expert","article_publisher":"https:\/\/www.facebook.com\/hmizatexperts","article_modified_time":"2024-12-18T11:06:36+00:00","twitter_card":"summary_large_image","twitter_site":"@ExpertsHmizate","twitter_misc":{"\u0648\u0642\u062a \u0627\u0644\u0642\u0631\u0627\u0621\u0629 \u0627\u0644\u0645\u064f\u0642\u062f\u0651\u0631":"\u062f\u0642\u064a\u0642\u0629 \u0648\u0627\u062d\u062f\u0629"},"schema":{"@context":"https:\/\/schema.org","@graph":[{"@type":"WebPage","@id":"https:\/\/hmizatexperts.com\/all-categories\/","url":"https:\/\/hmizatexperts.com\/all-categories\/","name":"All cathegories - Hmizate Expert","isPartOf":{"@id":"https:\/\/hmizatexperts.com\/#website"},"datePublished":"2020-04-10T09:12:19+00:00","dateModified":"2024-12-18T11:06:36+00:00","description":"Inscrivez-vous \u00e0 notre newsletter hebdomadaire par e-mail pour profiter de toutes cat\u00e9gories des produits au meilleure qualit\u00e9","breadcrumb":{"@id":"https:\/\/hmizatexperts.com\/all-categories\/#breadcrumb"},"inLanguage":"ar","potentialAction":[{"@type":"ReadAction","target":["https:\/\/hmizatexperts.com\/all-categories\/"]}]},{"@type":"BreadcrumbList","@id":"https:\/\/hmizatexperts.com\/all-categories\/#breadcrumb","itemListElement":[{"@type":"ListItem","position":1,"name":"Accueil","item":"https:\/\/hmizatexperts.com\/"},{"@type":"ListItem","position":2,"name":"All cathegories"}]},{"@type":"WebSite","@id":"https:\/\/hmizatexperts.com\/#website","url":"https:\/\/hmizatexperts.com\/","name":"\u062e\u0628\u064a\u0631 \u0641\u064a \u0627\u0644\u062d\u0634\u0645\u0629","description":"\u0639\u0631\u0648\u0636\u0646\u0627 \u0628\u0623\u0641\u0636\u0644 \u0627\u0644\u0623\u0633\u0639\u0627\u0631 \u0648\u0627\u0644\u062c\u0648\u062f\u0629","publisher":{"@id":"https:\/\/hmizatexperts.com\/#organization"},"potentialAction":[{"@type":"SearchAction","target":{"@type":"EntryPoint","urlTemplate":"https:\/\/hmizatexperts.com\/?s={search_term_string}"},"query-input":{"@type":"PropertyValueSpecification","valueRequired":true,"valueName":"search_term_string"}}],"inLanguage":"ar"},{"@type":"Organization","@id":"https:\/\/hmizatexperts.com\/#organization","name":"\u062e\u0628\u064a\u0631 \u0641\u064a \u0627\u0644\u062d\u0634\u0645\u0629","url":"https:\/\/hmizatexperts.com\/","logo":{"@type":"ImageObject","inLanguage":"ar","@id":"https:\/\/hmizatexperts.com\/#\/schema\/logo\/image\/","url":"https:\/\/hmizatexperts.com\/wp-content\/uploads\/2021\/05\/logo_HE2-removebg-preview.png","contentUrl":"https:\/\/hmizatexperts.com\/wp-content\/uploads\/2021\/05\/logo_HE2-removebg-preview.png","width":800,"height":312,"caption":"Hmizate Expert"},"image":{"@id":"https:\/\/hmizatexperts.com\/#\/schema\/logo\/image\/"},"sameAs":["https:\/\/www.facebook.com\/hmizatexperts","https:\/\/x.com\/ExpertsHmizate"]}]}},"_links":{"self":[{"href":"https:\/\/hmizatexperts.com\/ar\/wp-json\/wp\/v2\/pages\/587","targetHints":{"allow":["GET"]}}],"collection":[{"href":"https:\/\/hmizatexperts.com\/ar\/wp-json\/wp\/v2\/pages"}],"about":[{"href":"https:\/\/hmizatexperts.com\/ar\/wp-json\/wp\/v2\/types\/page"}],"author":[{"embeddable":true,"href":"https:\/\/hmizatexperts.com\/ar\/wp-json\/wp\/v2\/users\/1"}],"replies":[{"embeddable":true,"href":"https:\/\/hmizatexperts.com\/ar\/wp-json\/wp\/v2\/comments?post=587"}],"version-history":[{"count":8,"href":"https:\/\/hmizatexperts.com\/ar\/wp-json\/wp\/v2\/pages\/587\/revisions"}],"predecessor-version":[{"id":1748,"href":"https:\/\/hmizatexperts.com\/ar\/wp-json\/wp\/v2\/pages\/587\/revisions\/1748"}],"wp:attachment":[{"href":"https:\/\/hmizatexperts.com\/ar\/wp-json\/wp\/v2\/media?parent=587"}],"curies":[{"name":"wp","href":"https:\/\/api.w.org\/{rel}","templated":true}]}}