{"id":620,"date":"2021-05-24T20:21:24","date_gmt":"2021-05-24T20:21:24","guid":{"rendered":"https:\/\/hmizatexperts.com\/?page_id=620"},"modified":"2023-06-06T10:57:51","modified_gmt":"2023-06-06T09:57:51","slug":"mentions-legales","status":"publish","type":"page","link":"https:\/\/hmizatexperts.com\/ar\/mentions-legales\/","title":{"rendered":"\u0625\u0634\u0639\u0627\u0631 \u0642\u0627\u0646\u0648\u0646\u064a"},"content":{"rendered":"<p>\u0645\u0648\u0642\u0639 Hmizate Experts\u060c hmizateexperts.com\u060c \u0648\u0647\u0648 \u0645\u0648\u0642\u0639 \u062a\u062c\u0627\u0631\u0629 \u0625\u0644\u0643\u062a\u0631\u0648\u0646\u064a\u0629 \u0639\u0627\u0644\u064a \u0627\u0644\u062c\u0648\u062f\u0629\u060c \u0647\u0648 \u0634\u0631\u0643\u0629 \u062a\u0627\u0628\u0639\u0629 \u0644\u0634\u0631\u0643\u0629 Holiday Experts Sarl:<\/p>\n<p><strong>\u0634\u0631\u0643\u0629 \u062e\u0628\u0631\u0627\u0621 \u0627\u0644\u0639\u0637\u0644\u0627\u062a \u0630\u0627\u062a \u0627\u0644\u0645\u0633\u0624\u0648\u0644\u064a\u0629 \u0627\u0644\u0645\u062d\u062f\u0648\u062f\u0629<\/strong><br \/>\n\u0639\u064a\u0646 \u0625\u062a\u064a\u060c \u0642\u0637\u0639\u0629 \u0623\u0631\u0636 \u0632\u0647\u0648\u0631 1 \u0631\u0642\u0645 532\u060c 40000\u060c \u0645\u0631\u0627\u0643\u0634<br \/>\n\u0631\u0642\u0645 \u0628\u0631\u0627\u0621\u0629 \u0627\u0644\u0627\u062e\u062a\u0631\u0627\u0639: 53001974<br \/>\n\u0631\u0642\u0645 \u0627\u0644\u0633\u062c\u0644 \u0627\u0644\u062a\u062c\u0627\u0631\u064a: 112533<br \/>\n\u0631\u0642\u0645 \u0627\u0644\u062a\u0639\u0631\u064a\u0641 \u0627\u0644\u0636\u0631\u064a\u0628\u064a: 45909751<br \/>\n\u0631\u0642\u0645 ICE: 002448772000005<\/p>","protected":false},"excerpt":{"rendered":"<p>Hmizate Experts, hmizatexperts.com , site e-commerce de qualit\u00e9, est une filiale de la soci\u00e9t\u00e9 Holiday Experts Sarl: Holiday Experts SARL AIN ITTI, Lot Zohour 1 N\u00b0532 40000,Marrakech N\u00b0 de Patente : 53001974 N\u00b0 RC : 112533 N\u00b0 Id. Fisc. : 45909751 N\u00b0 ICE : 002448772000005<\/p>","protected":false},"author":1,"featured_media":0,"parent":0,"menu_order":0,"comment_status":"closed","ping_status":"closed","template":"","meta":{"footnotes":""},"class_list":["post-620","page","type-page","status-publish","hentry","entry panel"],"ams_acf":[],"yoast_head":"<!-- This site is optimized with the Yoast SEO Premium plugin v26.6 (Yoast SEO v27.4) - https:\/\/yoast.com\/product\/yoast-seo-premium-wordpress\/ -->\n<title>Mentions l\u00e9gales - Hmizate Expert<\/title>\n<meta name=\"description\" content=\"Hmizate Experts, hmizatexperts.com , site e-commerce de qualit\u00e9, est une filiale de la soci\u00e9t\u00e9 Holiday Experts Sarl\" \/>\n<meta name=\"robots\" content=\"index, follow, max-snippet:-1, max-image-preview:large, max-video-preview:-1\" \/>\n<link rel=\"canonical\" href=\"https:\/\/hmizatexperts.com\/ar\/mentions-legales\/\" \/>\n<meta property=\"og:locale\" content=\"ar_AR\" \/>\n<meta property=\"og:type\" content=\"article\" \/>\n<meta property=\"og:title\" content=\"Mentions l\u00e9gales\" \/>\n<meta property=\"og:description\" content=\"Hmizate Experts, hmizatexperts.com , site e-commerce de qualit\u00e9, est une filiale de la soci\u00e9t\u00e9 Holiday Experts Sarl\" \/>\n<meta property=\"og:url\" content=\"https:\/\/hmizatexperts.com\/ar\/mentions-legales\/\" \/>\n<meta property=\"og:site_name\" content=\"Hmizate Expert\" \/>\n<meta property=\"article:publisher\" content=\"https:\/\/www.facebook.com\/hmizatexperts\" \/>\n<meta property=\"article:modified_time\" content=\"2023-06-06T09:57:51+00:00\" \/>\n<meta name=\"twitter:card\" content=\"summary_large_image\" \/>\n<meta name=\"twitter:site\" content=\"@ExpertsHmizate\" \/>\n<meta name=\"twitter:label1\" content=\"\u0648\u0642\u062a \u0627\u0644\u0642\u0631\u0627\u0621\u0629 \u0627\u0644\u0645\u064f\u0642\u062f\u0651\u0631\" \/>\n\t<meta name=\"twitter:data1\" content=\"\u062f\u0642\u064a\u0642\u0629 \u0648\u0627\u062d\u062f\u0629\" \/>\n<script type=\"application\/ld+json\" class=\"yoast-schema-graph\">{\"@context\":\"https:\\\/\\\/schema.org\",\"@graph\":[{\"@type\":\"WebPage\",\"@id\":\"https:\\\/\\\/hmizatexperts.com\\\/mentions-legales\\\/\",\"url\":\"https:\\\/\\\/hmizatexperts.com\\\/mentions-legales\\\/\",\"name\":\"Mentions l\u00e9gales - Hmizate Expert\",\"isPartOf\":{\"@id\":\"https:\\\/\\\/hmizatexperts.com\\\/#website\"},\"datePublished\":\"2021-05-24T20:21:24+00:00\",\"dateModified\":\"2023-06-06T09:57:51+00:00\",\"description\":\"Hmizate Experts, hmizatexperts.com , site e-commerce de qualit\u00e9, est une filiale de la soci\u00e9t\u00e9 Holiday Experts Sarl\",\"breadcrumb\":{\"@id\":\"https:\\\/\\\/hmizatexperts.com\\\/mentions-legales\\\/#breadcrumb\"},\"inLanguage\":\"ar\",\"potentialAction\":[{\"@type\":\"ReadAction\",\"target\":[\"https:\\\/\\\/hmizatexperts.com\\\/mentions-legales\\\/\"]}]},{\"@type\":\"BreadcrumbList\",\"@id\":\"https:\\\/\\\/hmizatexperts.com\\\/mentions-legales\\\/#breadcrumb\",\"itemListElement\":[{\"@type\":\"ListItem\",\"position\":1,\"name\":\"Accueil\",\"item\":\"https:\\\/\\\/hmizatexperts.com\\\/\"},{\"@type\":\"ListItem\",\"position\":2,\"name\":\"Mentions l\u00e9gales\"}]},{\"@type\":\"WebSite\",\"@id\":\"https:\\\/\\\/hmizatexperts.com\\\/#website\",\"url\":\"https:\\\/\\\/hmizatexperts.com\\\/\",\"name\":\"Hmizate Expert\",\"description\":\"Nos offres aux meilleurs prix et qualit\u00e9\",\"publisher\":{\"@id\":\"https:\\\/\\\/hmizatexperts.com\\\/#organization\"},\"potentialAction\":[{\"@type\":\"SearchAction\",\"target\":{\"@type\":\"EntryPoint\",\"urlTemplate\":\"https:\\\/\\\/hmizatexperts.com\\\/?s={search_term_string}\"},\"query-input\":{\"@type\":\"PropertyValueSpecification\",\"valueRequired\":true,\"valueName\":\"search_term_string\"}}],\"inLanguage\":\"ar\"},{\"@type\":\"Organization\",\"@id\":\"https:\\\/\\\/hmizatexperts.com\\\/#organization\",\"name\":\"Hmizate Expert\",\"url\":\"https:\\\/\\\/hmizatexperts.com\\\/\",\"logo\":{\"@type\":\"ImageObject\",\"inLanguage\":\"ar\",\"@id\":\"https:\\\/\\\/hmizatexperts.com\\\/#\\\/schema\\\/logo\\\/image\\\/\",\"url\":\"https:\\\/\\\/hmizatexperts.com\\\/wp-content\\\/uploads\\\/2021\\\/05\\\/logo_HE2-removebg-preview.png\",\"contentUrl\":\"https:\\\/\\\/hmizatexperts.com\\\/wp-content\\\/uploads\\\/2021\\\/05\\\/logo_HE2-removebg-preview.png\",\"width\":800,\"height\":312,\"caption\":\"Hmizate Expert\"},\"image\":{\"@id\":\"https:\\\/\\\/hmizatexperts.com\\\/#\\\/schema\\\/logo\\\/image\\\/\"},\"sameAs\":[\"https:\\\/\\\/www.facebook.com\\\/hmizatexperts\",\"https:\\\/\\\/x.com\\\/ExpertsHmizate\"]}]}<\/script>\n<!-- \/ Yoast SEO Premium plugin. -->","yoast_head_json":{"title":"Mentions l\u00e9gales - Hmizate Expert","description":"Hmizate Experts, hmizatexperts.com , site e-commerce de qualit\u00e9, est une filiale de la soci\u00e9t\u00e9 Holiday Experts Sarl","robots":{"index":"index","follow":"follow","max-snippet":"max-snippet:-1","max-image-preview":"max-image-preview:large","max-video-preview":"max-video-preview:-1"},"canonical":"https:\/\/hmizatexperts.com\/ar\/mentions-legales\/","og_locale":"ar_AR","og_type":"article","og_title":"Mentions l\u00e9gales","og_description":"Hmizate Experts, hmizatexperts.com , site e-commerce de qualit\u00e9, est une filiale de la soci\u00e9t\u00e9 Holiday Experts Sarl","og_url":"https:\/\/hmizatexperts.com\/ar\/mentions-legales\/","og_site_name":"Hmizate Expert","article_publisher":"https:\/\/www.facebook.com\/hmizatexperts","article_modified_time":"2023-06-06T09:57:51+00:00","twitter_card":"summary_large_image","twitter_site":"@ExpertsHmizate","twitter_misc":{"\u0648\u0642\u062a \u0627\u0644\u0642\u0631\u0627\u0621\u0629 \u0627\u0644\u0645\u064f\u0642\u062f\u0651\u0631":"\u062f\u0642\u064a\u0642\u0629 \u0648\u0627\u062d\u062f\u0629"},"schema":{"@context":"https:\/\/schema.org","@graph":[{"@type":"WebPage","@id":"https:\/\/hmizatexperts.com\/mentions-legales\/","url":"https:\/\/hmizatexperts.com\/mentions-legales\/","name":"Mentions l\u00e9gales - Hmizate Expert","isPartOf":{"@id":"https:\/\/hmizatexperts.com\/#website"},"datePublished":"2021-05-24T20:21:24+00:00","dateModified":"2023-06-06T09:57:51+00:00","description":"Hmizate Experts, hmizatexperts.com , site e-commerce de qualit\u00e9, est une filiale de la soci\u00e9t\u00e9 Holiday Experts Sarl","breadcrumb":{"@id":"https:\/\/hmizatexperts.com\/mentions-legales\/#breadcrumb"},"inLanguage":"ar","potentialAction":[{"@type":"ReadAction","target":["https:\/\/hmizatexperts.com\/mentions-legales\/"]}]},{"@type":"BreadcrumbList","@id":"https:\/\/hmizatexperts.com\/mentions-legales\/#breadcrumb","itemListElement":[{"@type":"ListItem","position":1,"name":"Accueil","item":"https:\/\/hmizatexperts.com\/"},{"@type":"ListItem","position":2,"name":"Mentions l\u00e9gales"}]},{"@type":"WebSite","@id":"https:\/\/hmizatexperts.com\/#website","url":"https:\/\/hmizatexperts.com\/","name":"\u062e\u0628\u064a\u0631 \u0641\u064a \u0627\u0644\u062d\u0634\u0645\u0629","description":"\u0639\u0631\u0648\u0636\u0646\u0627 \u0628\u0623\u0641\u0636\u0644 \u0627\u0644\u0623\u0633\u0639\u0627\u0631 \u0648\u0627\u0644\u062c\u0648\u062f\u0629","publisher":{"@id":"https:\/\/hmizatexperts.com\/#organization"},"potentialAction":[{"@type":"SearchAction","target":{"@type":"EntryPoint","urlTemplate":"https:\/\/hmizatexperts.com\/?s={search_term_string}"},"query-input":{"@type":"PropertyValueSpecification","valueRequired":true,"valueName":"search_term_string"}}],"inLanguage":"ar"},{"@type":"Organization","@id":"https:\/\/hmizatexperts.com\/#organization","name":"\u062e\u0628\u064a\u0631 \u0641\u064a \u0627\u0644\u062d\u0634\u0645\u0629","url":"https:\/\/hmizatexperts.com\/","logo":{"@type":"ImageObject","inLanguage":"ar","@id":"https:\/\/hmizatexperts.com\/#\/schema\/logo\/image\/","url":"https:\/\/hmizatexperts.com\/wp-content\/uploads\/2021\/05\/logo_HE2-removebg-preview.png","contentUrl":"https:\/\/hmizatexperts.com\/wp-content\/uploads\/2021\/05\/logo_HE2-removebg-preview.png","width":800,"height":312,"caption":"Hmizate Expert"},"image":{"@id":"https:\/\/hmizatexperts.com\/#\/schema\/logo\/image\/"},"sameAs":["https:\/\/www.facebook.com\/hmizatexperts","https:\/\/x.com\/ExpertsHmizate"]}]}},"_links":{"self":[{"href":"https:\/\/hmizatexperts.com\/ar\/wp-json\/wp\/v2\/pages\/620","targetHints":{"allow":["GET"]}}],"collection":[{"href":"https:\/\/hmizatexperts.com\/ar\/wp-json\/wp\/v2\/pages"}],"about":[{"href":"https:\/\/hmizatexperts.com\/ar\/wp-json\/wp\/v2\/types\/page"}],"author":[{"embeddable":true,"href":"https:\/\/hmizatexperts.com\/ar\/wp-json\/wp\/v2\/users\/1"}],"replies":[{"embeddable":true,"href":"https:\/\/hmizatexperts.com\/ar\/wp-json\/wp\/v2\/comments?post=620"}],"version-history":[{"count":2,"href":"https:\/\/hmizatexperts.com\/ar\/wp-json\/wp\/v2\/pages\/620\/revisions"}],"predecessor-version":[{"id":1746,"href":"https:\/\/hmizatexperts.com\/ar\/wp-json\/wp\/v2\/pages\/620\/revisions\/1746"}],"wp:attachment":[{"href":"https:\/\/hmizatexperts.com\/ar\/wp-json\/wp\/v2\/media?parent=620"}],"curies":[{"name":"wp","href":"https:\/\/api.w.org\/{rel}","templated":true}]}}