{"id":622,"date":"2021-05-24T20:20:54","date_gmt":"2021-05-24T20:20:54","guid":{"rendered":"https:\/\/hmizatexperts.com\/?page_id=622"},"modified":"2024-12-18T10:52:20","modified_gmt":"2024-12-18T09:52:20","slug":"a-propos-de-nous","status":"publish","type":"page","link":"https:\/\/hmizatexperts.com\/ar\/a-propos-de-nous\/","title":{"rendered":"\u0645\u0639\u0644\u0648\u0645\u0627\u062a \u0639\u0646\u0627"},"content":{"rendered":"<p>\u0645\u0631\u062d\u0628\u0627\u064b \u0628\u0643\u0645 \u0641\u064a \u0645\u0648\u0642\u0639\u0646\u0627 \u0627\u0644\u0625\u0644\u0643\u062a\u0631\u0648\u0646\u064a \u0644\u0644\u062a\u062c\u0627\u0631\u0629 \u0627\u0644\u0625\u0644\u0643\u062a\u0631\u0648\u0646\u064a\u0629 \u0641\u064a \u0645\u0631\u0627\u0643\u0634\u060c \u0648\u062c\u0647\u062a\u0643\u0645 \u0644\u0644\u062a\u0633\u0648\u0642 \u0639\u0628\u0631 \u0627\u0644\u0625\u0646\u062a\u0631\u0646\u062a \u0641\u064a \u062c\u0645\u064a\u0639 \u0623\u0646\u062d\u0627\u0621 \u0627\u0644\u0645\u063a\u0631\u0628!<\/p>\n<p>\u0646\u0642\u062f\u0645 \u0644\u0643\u0645:<\/p>\n<ul>\n<li>\u0645\u062c\u0645\u0648\u0639\u0629 \u0648\u0627\u0633\u0639\u0629 \u0645\u0646 \u0627\u0644\u0645\u0646\u062a\u062c\u0627\u062a \u0639\u0627\u0644\u064a\u0629 \u0627\u0644\u062c\u0648\u062f\u0629\u060c \u0644\u0644\u0628\u064a\u0639 \u0628\u0627\u0644\u062a\u062c\u0632\u0626\u0629 \u0648\u0627\u0644\u062c\u0645\u0644\u0629.<\/li>\n<li>\u0623\u0641\u0636\u0644 \u0627\u0644\u0623\u0633\u0639\u0627\u0631 \u0641\u064a \u0627\u0644\u0633\u0648\u0642.<\/li>\n<li>\u062c\u0645\u064a\u0639 \u0637\u0631\u0642 \u0627\u0644\u062f\u0641\u0639 \u0645\u062a\u0627\u062d\u0629: \u0627\u0644\u062f\u0641\u0639 \u0639\u0646\u062f \u0627\u0644\u0627\u0633\u062a\u0644\u0627\u0645 \u0623\u0648 \u0639\u0646 \u0637\u0631\u064a\u0642 \u0627\u0644\u062a\u062d\u0648\u064a\u0644 \u0627\u0644\u0645\u0635\u0631\u0641\u064a.<\/li>\n<li>\u0627\u0644\u062a\u0648\u0635\u064a\u0644 \u0645\u062c\u0627\u0646\u064a \u0625\u0644\u0649 \u062c\u0645\u064a\u0639 \u0627\u0644\u0645\u062f\u0646 \u0641\u064a \u0627\u0644\u0645\u063a\u0631\u0628.<\/li>\n<li>\u0639\u0645\u0644\u064a\u0629 \u0634\u0631\u0627\u0621 \u0628\u0633\u064a\u0637\u0629 \u0648\u0645\u0631\u064a\u062d\u0629.<\/li>\n<\/ul>\n<p>\u0641\u0631\u064a\u0642 \u062f\u0639\u0645 \u0627\u0644\u0639\u0645\u0644\u0627\u0621 \u0644\u062f\u064a\u0646\u0627 \u0645\u0648\u062c\u0648\u062f \u0644\u0645\u0633\u0627\u0639\u062f\u062a\u0643 \u0641\u064a \u0623\u064a \u0648\u0642\u062a.<\/p>\n<p>\u062b\u0642 \u0628\u0646\u0627 \u0644\u062a\u0644\u0628\u064a\u0629 \u062c\u0645\u064a\u0639 \u0627\u062d\u062a\u064a\u0627\u062c\u0627\u062a\u0643 \u0645\u0646 \u0627\u0644\u0645\u0646\u062a\u062c\u0627\u062a\u060c \u0633\u0648\u0627\u0621 \u0643\u0627\u0646\u062a \u0644\u0644\u0628\u064a\u0639 \u0628\u0627\u0644\u062a\u062c\u0632\u0626\u0629 \u0623\u0648 \u0628\u0627\u0644\u062c\u0645\u0644\u0629\u060c \u0641\u064a \u062c\u0645\u064a\u0639 \u0645\u062f\u0646 \u0627\u0644\u0645\u063a\u0631\u0628.<\/p>\n<p>\u0627\u0643\u062a\u0634\u0641 \u0645\u0648\u0642\u0639\u0646\u0627 \u0627\u0644\u0625\u0644\u0643\u062a\u0631\u0648\u0646\u064a \u0627\u0644\u0622\u0646 \u0648\u0627\u0633\u062a\u0645\u062a\u0639 \u0628\u062a\u062c\u0631\u0628\u0629 \u062a\u0633\u0648\u0642 \u0627\u0633\u062a\u062b\u0646\u0627\u0626\u064a\u0629!<\/p>\n<p>\u0646\u062a\u0637\u0644\u0639 \u0644\u062e\u062f\u0645\u062a\u0643\u0645. \u0634\u0643\u0631\u064b\u0627 \u0644\u062b\u0642\u062a\u0643\u0645 \u0628\u0646\u0627 \u0641\u064a \u0627\u0644\u062a\u0633\u0648\u0642 \u0627\u0644\u0625\u0644\u0643\u062a\u0631\u0648\u0646\u064a \u0641\u064a \u0627\u0644\u0645\u063a\u0631\u0628.<\/p>","protected":false},"excerpt":{"rendered":"<p>Bienvenue sur notre site web e-commerce bas\u00e9 \u00e0 Marrakech, votre destination shopping en ligne pour tout le Maroc ! Nous offrons : Une large gamme de produits de haute qualit\u00e9, en d\u00e9tail et en gros. Les meilleurs prix du march\u00e9. Tous les modes de paiement disponibles : paiement \u00e0 la livraison ou par virement bancaire.<\/p>\n<footer class=\"entry-footer text-right\">\n          <a href=\"https:\/\/hmizatexperts.com\/ar\/a-propos-de-nous\/\" class=\"more-link btn btn-link\">\u0627\u0642\u0631\u0623 \u0627\u0644\u0645\u0632\u064a\u062f <i class=\"icon fa fa-long-arrow-right\"><\/i><\/a><br \/>\n         <\/footer>","protected":false},"author":1,"featured_media":0,"parent":0,"menu_order":0,"comment_status":"closed","ping_status":"closed","template":"","meta":{"footnotes":""},"class_list":["post-622","page","type-page","status-publish","hentry","entry panel"],"ams_acf":[],"yoast_head":"<!-- This site is optimized with the Yoast SEO Premium plugin v26.6 (Yoast SEO v27.3) - https:\/\/yoast.com\/product\/yoast-seo-premium-wordpress\/ -->\n<title>A propos de nous - Hmizate Expert<\/title>\n<meta name=\"description\" content=\"Hmizate Experts une entreprise \u00e9tablie \u00e0 Marrakech, sp\u00e9cialis\u00e9e dans la vente de produits de qualit\u00e9 \u00e0 des prix comp\u00e9titifs.\" \/>\n<meta name=\"robots\" content=\"index, follow, max-snippet:-1, max-image-preview:large, max-video-preview:-1\" \/>\n<link rel=\"canonical\" href=\"https:\/\/hmizatexperts.com\/ar\/a-propos-de-nous\/\" \/>\n<meta property=\"og:locale\" content=\"ar_AR\" \/>\n<meta property=\"og:type\" content=\"article\" \/>\n<meta property=\"og:title\" content=\"A propos de nous\" \/>\n<meta property=\"og:description\" content=\"Hmizate Experts une entreprise \u00e9tablie \u00e0 Marrakech, sp\u00e9cialis\u00e9e dans la vente de produits de qualit\u00e9 \u00e0 des prix comp\u00e9titifs.\" \/>\n<meta property=\"og:url\" content=\"https:\/\/hmizatexperts.com\/ar\/a-propos-de-nous\/\" \/>\n<meta property=\"og:site_name\" content=\"Hmizate Expert\" \/>\n<meta property=\"article:publisher\" content=\"https:\/\/www.facebook.com\/hmizatexperts\" \/>\n<meta property=\"article:modified_time\" content=\"2024-12-18T09:52:20+00:00\" \/>\n<meta name=\"twitter:card\" content=\"summary_large_image\" \/>\n<meta name=\"twitter:site\" content=\"@ExpertsHmizate\" \/>\n<meta name=\"twitter:label1\" content=\"\u0648\u0642\u062a \u0627\u0644\u0642\u0631\u0627\u0621\u0629 \u0627\u0644\u0645\u064f\u0642\u062f\u0651\u0631\" \/>\n\t<meta name=\"twitter:data1\" content=\"\u062f\u0642\u064a\u0642\u0629 \u0648\u0627\u062d\u062f\u0629\" \/>\n<script type=\"application\/ld+json\" class=\"yoast-schema-graph\">{\"@context\":\"https:\\\/\\\/schema.org\",\"@graph\":[{\"@type\":\"WebPage\",\"@id\":\"https:\\\/\\\/hmizatexperts.com\\\/a-propos-de-nous\\\/\",\"url\":\"https:\\\/\\\/hmizatexperts.com\\\/a-propos-de-nous\\\/\",\"name\":\"A propos de nous - Hmizate Expert\",\"isPartOf\":{\"@id\":\"https:\\\/\\\/hmizatexperts.com\\\/#website\"},\"datePublished\":\"2021-05-24T20:20:54+00:00\",\"dateModified\":\"2024-12-18T09:52:20+00:00\",\"description\":\"Hmizate Experts une entreprise \u00e9tablie \u00e0 Marrakech, sp\u00e9cialis\u00e9e dans la vente de produits de qualit\u00e9 \u00e0 des prix comp\u00e9titifs.\",\"breadcrumb\":{\"@id\":\"https:\\\/\\\/hmizatexperts.com\\\/a-propos-de-nous\\\/#breadcrumb\"},\"inLanguage\":\"ar\",\"potentialAction\":[{\"@type\":\"ReadAction\",\"target\":[\"https:\\\/\\\/hmizatexperts.com\\\/a-propos-de-nous\\\/\"]}]},{\"@type\":\"BreadcrumbList\",\"@id\":\"https:\\\/\\\/hmizatexperts.com\\\/a-propos-de-nous\\\/#breadcrumb\",\"itemListElement\":[{\"@type\":\"ListItem\",\"position\":1,\"name\":\"Accueil\",\"item\":\"https:\\\/\\\/hmizatexperts.com\\\/\"},{\"@type\":\"ListItem\",\"position\":2,\"name\":\"A propos de nous\"}]},{\"@type\":\"WebSite\",\"@id\":\"https:\\\/\\\/hmizatexperts.com\\\/#website\",\"url\":\"https:\\\/\\\/hmizatexperts.com\\\/\",\"name\":\"Hmizate Expert\",\"description\":\"Nos offres aux meilleurs prix et qualit\u00e9\",\"publisher\":{\"@id\":\"https:\\\/\\\/hmizatexperts.com\\\/#organization\"},\"potentialAction\":[{\"@type\":\"SearchAction\",\"target\":{\"@type\":\"EntryPoint\",\"urlTemplate\":\"https:\\\/\\\/hmizatexperts.com\\\/?s={search_term_string}\"},\"query-input\":{\"@type\":\"PropertyValueSpecification\",\"valueRequired\":true,\"valueName\":\"search_term_string\"}}],\"inLanguage\":\"ar\"},{\"@type\":\"Organization\",\"@id\":\"https:\\\/\\\/hmizatexperts.com\\\/#organization\",\"name\":\"Hmizate Expert\",\"url\":\"https:\\\/\\\/hmizatexperts.com\\\/\",\"logo\":{\"@type\":\"ImageObject\",\"inLanguage\":\"ar\",\"@id\":\"https:\\\/\\\/hmizatexperts.com\\\/#\\\/schema\\\/logo\\\/image\\\/\",\"url\":\"https:\\\/\\\/hmizatexperts.com\\\/wp-content\\\/uploads\\\/2021\\\/05\\\/logo_HE2-removebg-preview.png\",\"contentUrl\":\"https:\\\/\\\/hmizatexperts.com\\\/wp-content\\\/uploads\\\/2021\\\/05\\\/logo_HE2-removebg-preview.png\",\"width\":800,\"height\":312,\"caption\":\"Hmizate Expert\"},\"image\":{\"@id\":\"https:\\\/\\\/hmizatexperts.com\\\/#\\\/schema\\\/logo\\\/image\\\/\"},\"sameAs\":[\"https:\\\/\\\/www.facebook.com\\\/hmizatexperts\",\"https:\\\/\\\/x.com\\\/ExpertsHmizate\"]}]}<\/script>\n<!-- \/ Yoast SEO Premium plugin. -->","yoast_head_json":{"title":"A propos de nous - Hmizate Expert","description":"Hmizate Experts une entreprise \u00e9tablie \u00e0 Marrakech, sp\u00e9cialis\u00e9e dans la vente de produits de qualit\u00e9 \u00e0 des prix comp\u00e9titifs.","robots":{"index":"index","follow":"follow","max-snippet":"max-snippet:-1","max-image-preview":"max-image-preview:large","max-video-preview":"max-video-preview:-1"},"canonical":"https:\/\/hmizatexperts.com\/ar\/a-propos-de-nous\/","og_locale":"ar_AR","og_type":"article","og_title":"A propos de nous","og_description":"Hmizate Experts une entreprise \u00e9tablie \u00e0 Marrakech, sp\u00e9cialis\u00e9e dans la vente de produits de qualit\u00e9 \u00e0 des prix comp\u00e9titifs.","og_url":"https:\/\/hmizatexperts.com\/ar\/a-propos-de-nous\/","og_site_name":"Hmizate Expert","article_publisher":"https:\/\/www.facebook.com\/hmizatexperts","article_modified_time":"2024-12-18T09:52:20+00:00","twitter_card":"summary_large_image","twitter_site":"@ExpertsHmizate","twitter_misc":{"\u0648\u0642\u062a \u0627\u0644\u0642\u0631\u0627\u0621\u0629 \u0627\u0644\u0645\u064f\u0642\u062f\u0651\u0631":"\u062f\u0642\u064a\u0642\u0629 \u0648\u0627\u062d\u062f\u0629"},"schema":{"@context":"https:\/\/schema.org","@graph":[{"@type":"WebPage","@id":"https:\/\/hmizatexperts.com\/a-propos-de-nous\/","url":"https:\/\/hmizatexperts.com\/a-propos-de-nous\/","name":"A propos de nous - Hmizate Expert","isPartOf":{"@id":"https:\/\/hmizatexperts.com\/#website"},"datePublished":"2021-05-24T20:20:54+00:00","dateModified":"2024-12-18T09:52:20+00:00","description":"Hmizate Experts une entreprise \u00e9tablie \u00e0 Marrakech, sp\u00e9cialis\u00e9e dans la vente de produits de qualit\u00e9 \u00e0 des prix comp\u00e9titifs.","breadcrumb":{"@id":"https:\/\/hmizatexperts.com\/a-propos-de-nous\/#breadcrumb"},"inLanguage":"ar","potentialAction":[{"@type":"ReadAction","target":["https:\/\/hmizatexperts.com\/a-propos-de-nous\/"]}]},{"@type":"BreadcrumbList","@id":"https:\/\/hmizatexperts.com\/a-propos-de-nous\/#breadcrumb","itemListElement":[{"@type":"ListItem","position":1,"name":"Accueil","item":"https:\/\/hmizatexperts.com\/"},{"@type":"ListItem","position":2,"name":"A propos de nous"}]},{"@type":"WebSite","@id":"https:\/\/hmizatexperts.com\/#website","url":"https:\/\/hmizatexperts.com\/","name":"\u062e\u0628\u064a\u0631 \u0641\u064a \u0627\u0644\u062d\u0634\u0645\u0629","description":"\u0639\u0631\u0648\u0636\u0646\u0627 \u0628\u0623\u0641\u0636\u0644 \u0627\u0644\u0623\u0633\u0639\u0627\u0631 \u0648\u0627\u0644\u062c\u0648\u062f\u0629","publisher":{"@id":"https:\/\/hmizatexperts.com\/#organization"},"potentialAction":[{"@type":"SearchAction","target":{"@type":"EntryPoint","urlTemplate":"https:\/\/hmizatexperts.com\/?s={search_term_string}"},"query-input":{"@type":"PropertyValueSpecification","valueRequired":true,"valueName":"search_term_string"}}],"inLanguage":"ar"},{"@type":"Organization","@id":"https:\/\/hmizatexperts.com\/#organization","name":"\u062e\u0628\u064a\u0631 \u0641\u064a \u0627\u0644\u062d\u0634\u0645\u0629","url":"https:\/\/hmizatexperts.com\/","logo":{"@type":"ImageObject","inLanguage":"ar","@id":"https:\/\/hmizatexperts.com\/#\/schema\/logo\/image\/","url":"https:\/\/hmizatexperts.com\/wp-content\/uploads\/2021\/05\/logo_HE2-removebg-preview.png","contentUrl":"https:\/\/hmizatexperts.com\/wp-content\/uploads\/2021\/05\/logo_HE2-removebg-preview.png","width":800,"height":312,"caption":"Hmizate Expert"},"image":{"@id":"https:\/\/hmizatexperts.com\/#\/schema\/logo\/image\/"},"sameAs":["https:\/\/www.facebook.com\/hmizatexperts","https:\/\/x.com\/ExpertsHmizate"]}]}},"_links":{"self":[{"href":"https:\/\/hmizatexperts.com\/ar\/wp-json\/wp\/v2\/pages\/622","targetHints":{"allow":["GET"]}}],"collection":[{"href":"https:\/\/hmizatexperts.com\/ar\/wp-json\/wp\/v2\/pages"}],"about":[{"href":"https:\/\/hmizatexperts.com\/ar\/wp-json\/wp\/v2\/types\/page"}],"author":[{"embeddable":true,"href":"https:\/\/hmizatexperts.com\/ar\/wp-json\/wp\/v2\/users\/1"}],"replies":[{"embeddable":true,"href":"https:\/\/hmizatexperts.com\/ar\/wp-json\/wp\/v2\/comments?post=622"}],"version-history":[{"count":2,"href":"https:\/\/hmizatexperts.com\/ar\/wp-json\/wp\/v2\/pages\/622\/revisions"}],"predecessor-version":[{"id":1744,"href":"https:\/\/hmizatexperts.com\/ar\/wp-json\/wp\/v2\/pages\/622\/revisions\/1744"}],"wp:attachment":[{"href":"https:\/\/hmizatexperts.com\/ar\/wp-json\/wp\/v2\/media?parent=622"}],"curies":[{"name":"wp","href":"https:\/\/api.w.org\/{rel}","templated":true}]}}