{"id":626,"date":"2021-05-24T20:29:23","date_gmt":"2021-05-24T20:29:23","guid":{"rendered":"https:\/\/hmizatexperts.com\/?page_id=626"},"modified":"2024-12-18T11:33:14","modified_gmt":"2024-12-18T10:33:14","slug":"politique-de-remboursement","status":"publish","type":"page","link":"https:\/\/hmizatexperts.com\/ar\/politique-de-remboursement\/","title":{"rendered":"\u0633\u064a\u0627\u0633\u0629 \u0627\u0644\u0627\u0633\u062a\u0631\u062f\u0627\u062f"},"content":{"rendered":"<p>\u2013 \u064a\u064f\u0639\u062f \u0625\u0631\u062c\u0627\u0639 \u0623\u0648 \u0627\u0633\u062a\u0628\u062f\u0627\u0644 \u0627\u0644\u0645\u0646\u062a\u062c \u062d\u0642\u064b\u0627 \u0645\u0643\u0641\u0648\u0644\u064b\u0627 \u0644\u062c\u0645\u064a\u0639 \u0639\u0645\u0644\u0627\u0626\u0646\u0627\u060c \u0648\u064a\u0634\u0645\u0644 \u0630\u0644\u0643 \u062c\u0645\u064a\u0639 \u0627\u0644\u0645\u0646\u062a\u062c\u0627\u062a \u0627\u0644\u062a\u064a \u0646\u0642\u062f\u0645\u0647\u0627 \u0639\u0644\u0649 \u0645\u0648\u0642\u0639\u0646\u0627.<\/p>\r\n\r\n\r\n\r\n<p>\u2013 \u062a\u062e\u0636\u0639 \u062c\u0645\u064a\u0639 \u0627\u0644\u0645\u0646\u062a\u062c\u0627\u062a \u0627\u0644\u0645\u0639\u0631\u0648\u0636\u0629 \u0639\u0644\u0649 \u0645\u0648\u0642\u0639\u0646\u0627 \u0644\u0633\u064a\u0627\u0633\u0629 \u0627\u0644\u0627\u0633\u062a\u0628\u062f\u0627\u0644 \u0648\u0627\u0644\u0627\u0633\u062a\u0631\u062f\u0627\u062f \u0648\u0641\u0642\u064b\u0627 \u0644\u0644\u0634\u0631\u0648\u0637 \u0648\u0627\u0644\u0623\u062d\u0643\u0627\u0645 \u0627\u0644\u0645\u0646\u0635\u0648\u0635 \u0639\u0644\u064a\u0647\u0627.<\/p>\r\n\r\n\r\n\r\n<p>\u2013 \u064a\u0645\u0643\u0646 \u0625\u0631\u062c\u0627\u0639 \u0623\u0648 \u0627\u0633\u062a\u0628\u062f\u0627\u0644 \u0627\u0644\u0645\u0646\u062a\u062c \u0625\u0630\u0627 \u0643\u0627\u0646 \u0641\u064a \u062d\u0627\u0644\u062a\u0647 \u0627\u0644\u0623\u0635\u0644\u064a\u0629 \u0648\u0642\u062a \u0627\u0644\u0634\u0631\u0627\u0621 \u0648\u0645\u0639\u0628\u0623 \u0641\u064a \u0639\u0628\u0648\u062a\u0647 \u0627\u0644\u0623\u0635\u0644\u064a\u0629.<\/p>\r\n\r\n\r\n\r\n<p>\u2013 \u064a\u062c\u0628 \u062a\u0642\u062f\u064a\u0645 \u0637\u0644\u0628\u0627\u062a \u0627\u0644\u0625\u0631\u062c\u0627\u0639 \u0641\u064a \u063a\u0636\u0648\u0646 \u062b\u0644\u0627\u062b\u0629 (3) \u0623\u064a\u0627\u0645 \u0643\u062d\u062f \u0623\u0642\u0635\u0649 \u0645\u0646 \u062a\u0627\u0631\u064a\u062e \u0627\u0633\u062a\u0644\u0627\u0645 \u0627\u0644\u0637\u0644\u0628\u060c \u0623\u0648 \u0641\u064a \u062d\u0627\u0644\u0629 \u062a\u0644\u0641 \u0627\u0644\u0645\u0646\u062a\u062c\u060c \u064a\u062c\u0628 \u0639\u0644\u0649 \u0627\u0644\u0639\u0645\u064a\u0644 \u062a\u0642\u062f\u064a\u0645 \u0637\u0644\u0628 \u0639\u0646 \u0637\u0631\u064a\u0642 \u0625\u0631\u0633\u0627\u0644 \u0635\u0648\u0631\u0629 \u0644\u0644\u0645\u0646\u062a\u062c \u0639\u0628\u0631 \u062a\u0637\u0628\u064a\u0642 \u0648\u0627\u062a\u0633\u0627\u0628 \u0641\u064a \u0646\u0641\u0633 \u064a\u0648\u0645 \u0627\u0633\u062a\u0644\u0627\u0645 \u0627\u0644\u0637\u0644\u0628.<\/p>\r\n\r\n\r\n\r\n<p>\u2013 \u064a\u0631\u062c\u0649 \u0627\u0644\u062a\u0648\u0627\u0635\u0644 \u0645\u0639\u0646\u0627 \u0639\u0628\u0631 \u0648\u0627\u062a\u0633\u0627\u0628 \u0644\u0637\u0644\u0628 \u0627\u0644\u0625\u0631\u062c\u0627\u0639 \u0623\u0648 \u0627\u0644\u0627\u0633\u062a\u0628\u062f\u0627\u0644.<\/p>\r\n\r\n\r\n\r\n<p>- \u064a\u0631\u062c\u0649 \u0627\u0644\u062a\u0642\u0627\u0637 \u0635\u0648\u0631\u0629 \u0648\u0625\u0631\u0633\u0627\u0644 \u062d\u0627\u0644\u0629 \u0627\u0644\u0645\u0646\u062a\u062c \u0645\u0639 \u0630\u0643\u0631 \u0627\u0644\u0645\u062f\u064a\u0646\u0629 \u0648\u0627\u0644\u0639\u0646\u0648\u0627\u0646 \u0648\u0631\u0642\u0645 \u0627\u0644\u0637\u0644\u0628 \u0627\u0644\u0645\u062d\u062f\u062f \u062d\u062a\u0649 \u064a\u0645\u0643\u0646 \u0627\u0633\u062a\u0628\u062f\u0627\u0644\u0647 \u0628\u0645\u0646\u062a\u062c \u0622\u062e\u0631 \u0641\u064a \u062d\u0627\u0644\u0629 \u062a\u0644\u0641 \u0627\u0644\u0645\u0646\u062a\u062c \u0623\u0648 \u0648\u062c\u0648\u062f \u0639\u064a\u0628 \u0641\u064a\u0647\u060c \u0623\u0648 \u0625\u0630\u0627 \u0644\u0645 \u064a\u062a\u0645 \u0627\u0633\u062a\u062e\u062f\u0627\u0645\u0647 \u0648\u0641\u0642\u064b\u0627 \u0644\u0644\u0627\u062a\u0641\u0627\u0642\u064a\u0629.<\/p>\r\n\r\n\r\n\r\n<p>\u2013 \u064a\u062a\u0645 \u0631\u062f \u0627\u0644\u0645\u0628\u0644\u063a \u0628\u0627\u0644\u0643\u0627\u0645\u0644 \u0625\u0644\u0649 \u0627\u0644\u0639\u0645\u064a\u0644 \u0625\u0630\u0627 \u0643\u0627\u0646 \u0627\u0644\u0645\u0646\u062a\u062c \u0627\u0644\u0630\u064a \u0627\u0633\u062a\u0644\u0645\u0647 \u0645\u062e\u062a\u0644\u0641\u064b\u0627 \u062a\u0645\u0627\u0645\u064b\u0627 \u0639\u0646 \u0627\u0644\u0645\u0646\u062a\u062c \u0627\u0644\u0645\u0639\u0631\u0648\u0636 \u0639\u0644\u0649 \u0645\u0648\u0642\u0639\u0646\u0627 \u0627\u0644\u0625\u0644\u0643\u062a\u0631\u0648\u0646\u064a.<\/p>\r\n\r\n\r\n\r\n<p>\u2013 \u0646\u062d\u0646 \u0644\u0633\u0646\u0627 \u0645\u0633\u0624\u0648\u0644\u064a\u0646 \u0639\u0646 \u062a\u0648\u0642\u0639\u0627\u062a \u0627\u0644\u0639\u0645\u0644\u0627\u0621 \u0641\u064a\u0645\u0627 \u064a\u062a\u0639\u0644\u0642 \u0628\u0627\u0633\u062a\u062e\u062f\u0627\u0645 \u0627\u0644\u0645\u0646\u062a\u062c \u0648\u0627\u0644\u062a\u064a \u0644\u0645 \u0646\u0630\u0643\u0631\u0647\u0627 \u0641\u064a \u0635\u0641\u062d\u0629 \u0627\u0644\u0645\u0646\u062a\u062c \u0639\u0644\u0649 \u0645\u0648\u0642\u0639\u0646\u0627 \u0627\u0644\u0625\u0644\u0643\u062a\u0631\u0648\u0646\u064a.<\/p>\r\n\r\n\r\n\r\n<p>\u2013 \u064a\u062a\u0645 \u062e\u0635\u0645 30% \u0645\u0646 \u0627\u0644\u0642\u064a\u0645\u0629 \u0627\u0644\u0625\u062c\u0645\u0627\u0644\u064a\u0629 \u0644\u0644\u0639\u0631\u0636 \u0625\u0630\u0627 \u0644\u0645 \u064a\u0631\u063a\u0628 \u0627\u0644\u0639\u0645\u064a\u0644 \u0641\u064a \u0627\u0644\u0645\u0646\u062a\u062c \u0648\u0644\u0645 \u064a\u0643\u0646 \u0628\u0647 \u0623\u064a \u0639\u064a\u0648\u0628 \u0623\u0648 \u0645\u0634\u0627\u0643\u0644 \u0645\u0630\u0643\u0648\u0631\u0629.<\/p>\r\n\r\n\r\n\r\n<p>\u0641\u064a \u062d\u0627\u0644 \u0627\u0644\u0631\u063a\u0628\u0629 \u0628\u0627\u0633\u062a\u0628\u062f\u0627\u0644 \u0627\u0644\u0645\u0646\u062a\u062c\u060c \u064a\u062c\u0628 \u0639\u0644\u0649 \u0627\u0644\u0639\u0645\u064a\u0644 \u062a\u0642\u062f\u064a\u0645 \u0637\u0644\u0628 \u0627\u0644\u0627\u0633\u062a\u0628\u062f\u0627\u0644 \u0641\u064a \u063a\u0636\u0648\u0646 \u0633\u0628\u0639\u0629 \u0623\u064a\u0627\u0645 \u0643\u062d\u062f \u0623\u0642\u0635\u0649 \u0645\u0646 \u062a\u0627\u0631\u064a\u062e \u0627\u0633\u062a\u0644\u0627\u0645 \u0627\u0644\u0637\u0644\u0628. \u064a\u0645\u0643\u0646 \u0644\u0644\u0639\u0645\u064a\u0644 \u0627\u062e\u062a\u064a\u0627\u0631 \u0645\u0646\u062a\u062c \u0622\u062e\u0631 \u0645\u0646 \u0645\u0648\u0642\u0639\u0646\u0627 \u0627\u0644\u0625\u0644\u0643\u062a\u0631\u0648\u0646\u064a \u0644\u0644\u0627\u0633\u062a\u0628\u062f\u0627\u0644\u061b \u0648\u0645\u0639 \u0630\u0644\u0643\u060c \u0641\u064a \u062d\u0627\u0644 \u0648\u062c\u0648\u062f \u0641\u0631\u0642 \u0641\u064a \u0627\u0644\u0633\u0639\u0631\u060c \u064a\u062a\u062d\u0645\u0644 \u0627\u0644\u0639\u0645\u064a\u0644 \u062f\u0641\u0639 \u0647\u0630\u0627 \u0627\u0644\u0641\u0631\u0642.<\/p>\r\n\r\n\r\n\r\n<p>-\u0641\u064a \u062d\u0627\u0644\u0629 \u0627\u0644\u0625\u0631\u062c\u0627\u0639 \u0623\u0648 \u0627\u0644\u0627\u0633\u062a\u0628\u062f\u0627\u0644\u060c \u064a\u062a\u062d\u0645\u0644 \u0627\u0644\u0639\u0645\u064a\u0644 \u062a\u0643\u0627\u0644\u064a\u0641 \u0627\u0644\u0634\u062d\u0646 \u0644\u0644\u0625\u0631\u062c\u0627\u0639.<\/p>\r\n\r\n\r\n\r\n<p>\u0623\u0648 \u0641\u064a \u062d\u0627\u0644\u0629 \u062a\u0644\u0641 \u0627\u0644\u0645\u0646\u062a\u062c\u060c \u064a\u062c\u0628 \u0639\u0644\u0649 \u0627\u0644\u0639\u0645\u064a\u0644 \u062a\u0642\u062f\u064a\u0645 \u0645\u0637\u0627\u0644\u0628\u0629 \u0639\u0646 \u0637\u0631\u064a\u0642 \u0625\u0631\u0633\u0627\u0644 \u0635\u0648\u0631\u0629 \u0644\u0644\u0645\u0646\u062a\u062c \u0639\u0628\u0631 \u062a\u0637\u0628\u064a\u0642 \u0648\u0627\u062a\u0633\u0627\u0628 \u0641\u064a \u0646\u0641\u0633 \u064a\u0648\u0645 \u0627\u0633\u062a\u0644\u0627\u0645 \u0627\u0644\u0637\u0644\u0628.<\/p>","protected":false},"excerpt":{"rendered":"<p>&#8211; Les retours ou les \u00e9changes d&rsquo;un produit est un droit pour tous nos clients, et il comprend tous les produits que nous proposons sur notre site. &#8211; Tous les produits propos\u00e9s sur notre site sont soumis \u00e0 la politique d&rsquo;\u00e9change et de remboursement selon les termes et conditions stipul\u00e9s. &#8211; Les retours ou \u00e9changes<\/p>\n<footer class=\"entry-footer text-right\">\n          <a href=\"https:\/\/hmizatexperts.com\/ar\/politique-de-remboursement\/\" class=\"more-link btn btn-link\">\u0627\u0642\u0631\u0623 \u0627\u0644\u0645\u0632\u064a\u062f <i class=\"icon fa fa-long-arrow-right\"><\/i><\/a><br \/>\n         <\/footer>","protected":false},"author":1,"featured_media":0,"parent":0,"menu_order":0,"comment_status":"closed","ping_status":"closed","template":"","meta":{"footnotes":""},"class_list":["post-626","page","type-page","status-publish","hentry","entry panel"],"ams_acf":[],"yoast_head":"<!-- This site is optimized with the Yoast SEO Premium plugin v26.6 (Yoast SEO v27.4) - https:\/\/yoast.com\/product\/yoast-seo-premium-wordpress\/ -->\n<title>Politique de remboursement - Hmizate Expert<\/title>\n<meta name=\"description\" content=\"Consultez notre politique de remboursement sur Hmiza Experts : conditions, d\u00e9lais et processus pour un achat en toute confiance.\" \/>\n<meta name=\"robots\" content=\"index, follow, max-snippet:-1, max-image-preview:large, max-video-preview:-1\" \/>\n<link rel=\"canonical\" href=\"https:\/\/hmizatexperts.com\/ar\/politique-de-remboursement\/\" \/>\n<meta property=\"og:locale\" content=\"ar_AR\" \/>\n<meta property=\"og:type\" content=\"article\" \/>\n<meta property=\"og:title\" content=\"Politique de remboursement\" \/>\n<meta property=\"og:description\" content=\"Consultez notre politique de remboursement sur Hmiza Experts : conditions, d\u00e9lais et processus pour un achat en toute confiance.\" \/>\n<meta property=\"og:url\" content=\"https:\/\/hmizatexperts.com\/ar\/politique-de-remboursement\/\" \/>\n<meta property=\"og:site_name\" content=\"Hmizate Expert\" \/>\n<meta property=\"article:publisher\" content=\"https:\/\/www.facebook.com\/hmizatexperts\" \/>\n<meta property=\"article:modified_time\" content=\"2024-12-18T10:33:14+00:00\" \/>\n<meta name=\"twitter:card\" content=\"summary_large_image\" \/>\n<meta name=\"twitter:site\" content=\"@ExpertsHmizate\" \/>\n<meta name=\"twitter:label1\" content=\"\u0648\u0642\u062a \u0627\u0644\u0642\u0631\u0627\u0621\u0629 \u0627\u0644\u0645\u064f\u0642\u062f\u0651\u0631\" \/>\n\t<meta name=\"twitter:data1\" content=\"\u062f\u0642\u064a\u0642\u062a\u0627\u0646\" \/>\n<script type=\"application\/ld+json\" class=\"yoast-schema-graph\">{\"@context\":\"https:\\\/\\\/schema.org\",\"@graph\":[{\"@type\":\"WebPage\",\"@id\":\"https:\\\/\\\/hmizatexperts.com\\\/politique-de-remboursement\\\/\",\"url\":\"https:\\\/\\\/hmizatexperts.com\\\/politique-de-remboursement\\\/\",\"name\":\"Politique de remboursement - Hmizate Expert\",\"isPartOf\":{\"@id\":\"https:\\\/\\\/hmizatexperts.com\\\/#website\"},\"datePublished\":\"2021-05-24T20:29:23+00:00\",\"dateModified\":\"2024-12-18T10:33:14+00:00\",\"description\":\"Consultez notre politique de remboursement sur Hmiza Experts : conditions, d\u00e9lais et processus pour un achat en toute confiance.\",\"breadcrumb\":{\"@id\":\"https:\\\/\\\/hmizatexperts.com\\\/politique-de-remboursement\\\/#breadcrumb\"},\"inLanguage\":\"ar\",\"potentialAction\":[{\"@type\":\"ReadAction\",\"target\":[\"https:\\\/\\\/hmizatexperts.com\\\/politique-de-remboursement\\\/\"]}]},{\"@type\":\"BreadcrumbList\",\"@id\":\"https:\\\/\\\/hmizatexperts.com\\\/politique-de-remboursement\\\/#breadcrumb\",\"itemListElement\":[{\"@type\":\"ListItem\",\"position\":1,\"name\":\"Accueil\",\"item\":\"https:\\\/\\\/hmizatexperts.com\\\/\"},{\"@type\":\"ListItem\",\"position\":2,\"name\":\"Politique de remboursement\"}]},{\"@type\":\"WebSite\",\"@id\":\"https:\\\/\\\/hmizatexperts.com\\\/#website\",\"url\":\"https:\\\/\\\/hmizatexperts.com\\\/\",\"name\":\"Hmizate Expert\",\"description\":\"Nos offres aux meilleurs prix et qualit\u00e9\",\"publisher\":{\"@id\":\"https:\\\/\\\/hmizatexperts.com\\\/#organization\"},\"potentialAction\":[{\"@type\":\"SearchAction\",\"target\":{\"@type\":\"EntryPoint\",\"urlTemplate\":\"https:\\\/\\\/hmizatexperts.com\\\/?s={search_term_string}\"},\"query-input\":{\"@type\":\"PropertyValueSpecification\",\"valueRequired\":true,\"valueName\":\"search_term_string\"}}],\"inLanguage\":\"ar\"},{\"@type\":\"Organization\",\"@id\":\"https:\\\/\\\/hmizatexperts.com\\\/#organization\",\"name\":\"Hmizate Expert\",\"url\":\"https:\\\/\\\/hmizatexperts.com\\\/\",\"logo\":{\"@type\":\"ImageObject\",\"inLanguage\":\"ar\",\"@id\":\"https:\\\/\\\/hmizatexperts.com\\\/#\\\/schema\\\/logo\\\/image\\\/\",\"url\":\"https:\\\/\\\/hmizatexperts.com\\\/wp-content\\\/uploads\\\/2021\\\/05\\\/logo_HE2-removebg-preview.png\",\"contentUrl\":\"https:\\\/\\\/hmizatexperts.com\\\/wp-content\\\/uploads\\\/2021\\\/05\\\/logo_HE2-removebg-preview.png\",\"width\":800,\"height\":312,\"caption\":\"Hmizate Expert\"},\"image\":{\"@id\":\"https:\\\/\\\/hmizatexperts.com\\\/#\\\/schema\\\/logo\\\/image\\\/\"},\"sameAs\":[\"https:\\\/\\\/www.facebook.com\\\/hmizatexperts\",\"https:\\\/\\\/x.com\\\/ExpertsHmizate\"]}]}<\/script>\n<!-- \/ Yoast SEO Premium plugin. -->","yoast_head_json":{"title":"Politique de remboursement - Hmizate Expert","description":"Consultez notre politique de remboursement sur Hmiza Experts : conditions, d\u00e9lais et processus pour un achat en toute confiance.","robots":{"index":"index","follow":"follow","max-snippet":"max-snippet:-1","max-image-preview":"max-image-preview:large","max-video-preview":"max-video-preview:-1"},"canonical":"https:\/\/hmizatexperts.com\/ar\/politique-de-remboursement\/","og_locale":"ar_AR","og_type":"article","og_title":"Politique de remboursement","og_description":"Consultez notre politique de remboursement sur Hmiza Experts : conditions, d\u00e9lais et processus pour un achat en toute confiance.","og_url":"https:\/\/hmizatexperts.com\/ar\/politique-de-remboursement\/","og_site_name":"Hmizate Expert","article_publisher":"https:\/\/www.facebook.com\/hmizatexperts","article_modified_time":"2024-12-18T10:33:14+00:00","twitter_card":"summary_large_image","twitter_site":"@ExpertsHmizate","twitter_misc":{"\u0648\u0642\u062a \u0627\u0644\u0642\u0631\u0627\u0621\u0629 \u0627\u0644\u0645\u064f\u0642\u062f\u0651\u0631":"\u062f\u0642\u064a\u0642\u062a\u0627\u0646"},"schema":{"@context":"https:\/\/schema.org","@graph":[{"@type":"WebPage","@id":"https:\/\/hmizatexperts.com\/politique-de-remboursement\/","url":"https:\/\/hmizatexperts.com\/politique-de-remboursement\/","name":"Politique de remboursement - Hmizate Expert","isPartOf":{"@id":"https:\/\/hmizatexperts.com\/#website"},"datePublished":"2021-05-24T20:29:23+00:00","dateModified":"2024-12-18T10:33:14+00:00","description":"Consultez notre politique de remboursement sur Hmiza Experts : conditions, d\u00e9lais et processus pour un achat en toute confiance.","breadcrumb":{"@id":"https:\/\/hmizatexperts.com\/politique-de-remboursement\/#breadcrumb"},"inLanguage":"ar","potentialAction":[{"@type":"ReadAction","target":["https:\/\/hmizatexperts.com\/politique-de-remboursement\/"]}]},{"@type":"BreadcrumbList","@id":"https:\/\/hmizatexperts.com\/politique-de-remboursement\/#breadcrumb","itemListElement":[{"@type":"ListItem","position":1,"name":"Accueil","item":"https:\/\/hmizatexperts.com\/"},{"@type":"ListItem","position":2,"name":"Politique de remboursement"}]},{"@type":"WebSite","@id":"https:\/\/hmizatexperts.com\/#website","url":"https:\/\/hmizatexperts.com\/","name":"\u062e\u0628\u064a\u0631 \u0641\u064a \u0627\u0644\u062d\u0634\u0645\u0629","description":"\u0639\u0631\u0648\u0636\u0646\u0627 \u0628\u0623\u0641\u0636\u0644 \u0627\u0644\u0623\u0633\u0639\u0627\u0631 \u0648\u0627\u0644\u062c\u0648\u062f\u0629","publisher":{"@id":"https:\/\/hmizatexperts.com\/#organization"},"potentialAction":[{"@type":"SearchAction","target":{"@type":"EntryPoint","urlTemplate":"https:\/\/hmizatexperts.com\/?s={search_term_string}"},"query-input":{"@type":"PropertyValueSpecification","valueRequired":true,"valueName":"search_term_string"}}],"inLanguage":"ar"},{"@type":"Organization","@id":"https:\/\/hmizatexperts.com\/#organization","name":"\u062e\u0628\u064a\u0631 \u0641\u064a \u0627\u0644\u062d\u0634\u0645\u0629","url":"https:\/\/hmizatexperts.com\/","logo":{"@type":"ImageObject","inLanguage":"ar","@id":"https:\/\/hmizatexperts.com\/#\/schema\/logo\/image\/","url":"https:\/\/hmizatexperts.com\/wp-content\/uploads\/2021\/05\/logo_HE2-removebg-preview.png","contentUrl":"https:\/\/hmizatexperts.com\/wp-content\/uploads\/2021\/05\/logo_HE2-removebg-preview.png","width":800,"height":312,"caption":"Hmizate Expert"},"image":{"@id":"https:\/\/hmizatexperts.com\/#\/schema\/logo\/image\/"},"sameAs":["https:\/\/www.facebook.com\/hmizatexperts","https:\/\/x.com\/ExpertsHmizate"]}]}},"_links":{"self":[{"href":"https:\/\/hmizatexperts.com\/ar\/wp-json\/wp\/v2\/pages\/626","targetHints":{"allow":["GET"]}}],"collection":[{"href":"https:\/\/hmizatexperts.com\/ar\/wp-json\/wp\/v2\/pages"}],"about":[{"href":"https:\/\/hmizatexperts.com\/ar\/wp-json\/wp\/v2\/types\/page"}],"author":[{"embeddable":true,"href":"https:\/\/hmizatexperts.com\/ar\/wp-json\/wp\/v2\/users\/1"}],"replies":[{"embeddable":true,"href":"https:\/\/hmizatexperts.com\/ar\/wp-json\/wp\/v2\/comments?post=626"}],"version-history":[{"count":3,"href":"https:\/\/hmizatexperts.com\/ar\/wp-json\/wp\/v2\/pages\/626\/revisions"}],"predecessor-version":[{"id":1951,"href":"https:\/\/hmizatexperts.com\/ar\/wp-json\/wp\/v2\/pages\/626\/revisions\/1951"}],"wp:attachment":[{"href":"https:\/\/hmizatexperts.com\/ar\/wp-json\/wp\/v2\/media?parent=626"}],"curies":[{"name":"wp","href":"https:\/\/api.w.org\/{rel}","templated":true}]}}