{"id":148,"date":"2018-02-17T11:33:58","date_gmt":"2018-02-17T11:33:58","guid":{"rendered":"http:\/\/localhost:8080\/friday\/?post_type=product&#038;p=148"},"modified":"2024-12-17T22:48:16","modified_gmt":"2024-12-17T21:48:16","slug":"planche-a-dessin-magique-3d-pour-enfants","status":"publish","type":"product","link":"https:\/\/hmizatexperts.com\/ar\/product\/planche-a-dessin-magique-3d-pour-enfants\/","title":{"rendered":"\u0644\u0648\u062d\u0629 \u0627\u0644\u0631\u0633\u0645 \u0627\u0644\u0633\u062d\u0631\u064a\u0629 \u0644\u0644\u0623\u0637\u0641\u0627\u0644"},"content":{"rendered":"<p data-spm-anchor-id=\"a2g0o.detail.1000023.i5.177553edOsNGuo\"><span data-spm-anchor-id=\"a2g0o.detail.1000023.i0.5db644a6ddEwbQ\">\u0627\u0633\u0645 \u0627\u0644\u0645\u0646\u062a\u062c: \u0645\u0627\u062c\u064a\u0643 \u0628\u0627\u062f<\/span><\/p>\n<p>\u0627\u0644\u0645\u0627\u062f\u0629: \u0628\u0644\u0627\u0633\u062a\u064a\u0643<\/p>\n<p>\u0627\u0644\u0644\u0648\u0646: \u0623\u0632\u0631\u0642\u060c \u0623\u062d\u0645\u0631<\/p>\n<p>\u0627\u0644\u0639\u0628\u0648\u0629: \u0639\u0644\u0628\u0629 \u0645\u0644\u0648\u0646\u0629<\/p>\n<p data-spm-anchor-id=\"a2g0o.detail.1000023.i6.177553edOsNGuo\">\u0627\u0644\u0648\u0638\u064a\u0641\u0629: \u0625\u0636\u0627\u0621\u0629 LED\u060c \u0635\u0648\u0631 \u0645\u0644\u0648\u0646\u0629<\/p>\n<p>\u0627\u0644\u0641\u0626\u0629 \u0627\u0644\u0639\u0645\u0631\u064a\u0629 \u0627\u0644\u0645\u0646\u0627\u0633\u0628\u0629: \u0627\u0644\u0623\u0637\u0641\u0627\u0644 (\u0645\u0646 4 \u0625\u0644\u0649 6 \u0633\u0646\u0648\u0627\u062a)<\/p>\n<p data-spm-anchor-id=\"a2g0o.detail.1000023.i7.177553edOsNGuo\">\u062a\u0646\u0645\u064a\u0629 \u0627\u0644\u0645\u0647\u0627\u0631\u0627\u062a: \u0627\u0644\u0625\u0645\u0633\u0627\u0643\u060c \u0648\u0627\u0644\u0628\u0631\u0627\u0639\u0629 \u0627\u0644\u064a\u062f\u0648\u064a\u0629\u060c \u0648\u0627\u0644\u0628\u0635\u0631\u060c \u0648\u062a\u0646\u0645\u064a\u0629 \u0627\u0644\u0627\u0647\u062a\u0645\u0627\u0645\u0627\u062a\u060c \u0648\u0627\u0644\u062a\u0637\u0648\u0631 \u0627\u0644\u0641\u0643\u0631\u064a \u0648\u0627\u0644\u062d\u0633\u064a \u0648\u0627\u0644\u0639\u0627\u0637\u0641\u064a \u0648\u0627\u0644\u0633\u0645\u0639\u064a\u060c \u0648\u0627\u0644\u062a\u0646\u0633\u064a\u0642 \u0628\u064a\u0646 \u0627\u0644\u064a\u062f \u0648\u0627\u0644\u0639\u064a\u0646\u060c \u0648\u0627\u0644\u062a\u0648\u0627\u0635\u0644 \u0628\u064a\u0646 \u0627\u0644\u0648\u0627\u0644\u062f\u064a\u0646 \u0648\u0627\u0644\u0637\u0641\u0644\u060c \u0648\u0627\u0644\u0632\u062d\u0641\u060c \u0648\u0627\u0644\u0623\u0644\u0639\u0627\u0628 \u0627\u0644\u062a\u0641\u0627\u0639\u0644\u064a\u0629<\/p>","protected":false},"excerpt":{"rendered":"<p>\u062a\u0646\u0645\u064a\u0629 \u0627\u0644\u0645\u0647\u0627\u0631\u0627\u062a: \u0627\u0644\u0625\u0645\u0633\u0627\u0643\u060c \u0648\u0627\u0644\u0628\u0631\u0627\u0639\u0629 \u0627\u0644\u064a\u062f\u0648\u064a\u0629\u060c \u0648\u0627\u0644\u0628\u0635\u0631\u060c \u0648\u062a\u0646\u0645\u064a\u0629 \u0627\u0644\u0627\u0647\u062a\u0645\u0627\u0645\u0627\u062a<\/p>","protected":false},"featured_media":732,"comment_status":"open","ping_status":"closed","template":"","meta":[],"product_brand":[],"product_cat":[49],"product_tag":[],"class_list":{"0":"post-148","1":"product","2":"type-product","3":"status-publish","4":"has-post-thumbnail","6":"product_cat-enfants-jouets","7":"location-tout-le-maroc","8":"store-hmizate-experts","9":"entry panel","11":"first","12":"instock","13":"sale","14":"shipping-taxable","15":"purchasable","16":"product-type-simple"},"ams_default_variation_id":0,"ams_product_points_reward":[],"ams_product_discount_percentage":32.35,"ams_price_to_display":115,"ams_acf":[],"yoast_head":"<!-- This site is optimized with the Yoast SEO Premium plugin v26.6 (Yoast SEO v27.4) - https:\/\/yoast.com\/product\/yoast-seo-premium-wordpress\/ -->\n<title>Planche \u00e0 dessin pour enfants Magic Pad - Hmizate Expert<\/title>\n<meta name=\"description\" content=\"Stimulez la cr\u00e9ativit\u00e9 de votre enfant avec notre planche \u00e0 dessin 3D : un outil \u00e9ducatif amusant pour dessiner, colorier et d\u00e9velopper l&#039;imagination.\" \/>\n<meta name=\"robots\" content=\"index, follow, max-snippet:-1, max-image-preview:large, max-video-preview:-1\" \/>\n<link rel=\"canonical\" href=\"https:\/\/hmizatexperts.com\/ar\/product\/planche-a-dessin-magique-3d-pour-enfants\/\" \/>\n<meta property=\"og:locale\" content=\"ar_AR\" \/>\n<meta property=\"og:type\" content=\"article\" \/>\n<meta property=\"og:title\" content=\"Planche \u00e0 dessin pour enfants Magic Pad\" \/>\n<meta property=\"og:description\" content=\"Stimulez la cr\u00e9ativit\u00e9 de votre enfant avec notre planche \u00e0 dessin 3D : un outil \u00e9ducatif amusant pour dessiner, colorier et d\u00e9velopper l&#039;imagination.\" \/>\n<meta property=\"og:url\" content=\"https:\/\/hmizatexperts.com\/ar\/product\/planche-a-dessin-magique-3d-pour-enfants\/\" \/>\n<meta property=\"og:site_name\" content=\"Hmizate Expert\" \/>\n<meta property=\"article:publisher\" content=\"https:\/\/www.facebook.com\/hmizatexperts\" \/>\n<meta property=\"article:modified_time\" content=\"2024-12-17T21:48:16+00:00\" \/>\n<meta property=\"og:image\" content=\"https:\/\/hmizatexperts.com\/wp-content\/uploads\/2018\/02\/2-2.png\" \/>\n\t<meta property=\"og:image:width\" content=\"800\" \/>\n\t<meta property=\"og:image:height\" content=\"500\" \/>\n\t<meta property=\"og:image:type\" content=\"image\/png\" \/>\n<meta name=\"twitter:card\" content=\"summary_large_image\" \/>\n<meta name=\"twitter:site\" content=\"@ExpertsHmizate\" \/>\n<meta name=\"twitter:label1\" content=\"\u0648\u0642\u062a \u0627\u0644\u0642\u0631\u0627\u0621\u0629 \u0627\u0644\u0645\u064f\u0642\u062f\u0651\u0631\" \/>\n\t<meta name=\"twitter:data1\" content=\"\u062f\u0642\u064a\u0642\u0629 \u0648\u0627\u062d\u062f\u0629\" \/>\n<script type=\"application\/ld+json\" class=\"yoast-schema-graph\">{\"@context\":\"https:\\\/\\\/schema.org\",\"@graph\":[{\"@type\":\"WebPage\",\"@id\":\"https:\\\/\\\/hmizatexperts.com\\\/product\\\/planche-a-dessin-magique-3d-pour-enfants\\\/\",\"url\":\"https:\\\/\\\/hmizatexperts.com\\\/product\\\/planche-a-dessin-magique-3d-pour-enfants\\\/\",\"name\":\"Planche \u00e0 dessin pour enfants Magic Pad - Hmizate Expert\",\"isPartOf\":{\"@id\":\"https:\\\/\\\/hmizatexperts.com\\\/#website\"},\"primaryImageOfPage\":{\"@id\":\"https:\\\/\\\/hmizatexperts.com\\\/product\\\/planche-a-dessin-magique-3d-pour-enfants\\\/#primaryimage\"},\"image\":{\"@id\":\"https:\\\/\\\/hmizatexperts.com\\\/product\\\/planche-a-dessin-magique-3d-pour-enfants\\\/#primaryimage\"},\"thumbnailUrl\":\"https:\\\/\\\/hmizatexperts.com\\\/wp-content\\\/uploads\\\/2018\\\/02\\\/2-2.png\",\"datePublished\":\"2018-02-17T11:33:58+00:00\",\"dateModified\":\"2024-12-17T21:48:16+00:00\",\"description\":\"Stimulez la cr\u00e9ativit\u00e9 de votre enfant avec notre planche \u00e0 dessin 3D : un outil \u00e9ducatif amusant pour dessiner, colorier et d\u00e9velopper l'imagination.\",\"breadcrumb\":{\"@id\":\"https:\\\/\\\/hmizatexperts.com\\\/product\\\/planche-a-dessin-magique-3d-pour-enfants\\\/#breadcrumb\"},\"inLanguage\":\"ar\",\"potentialAction\":[{\"@type\":\"ReadAction\",\"target\":[\"https:\\\/\\\/hmizatexperts.com\\\/product\\\/planche-a-dessin-magique-3d-pour-enfants\\\/\"]}]},{\"@type\":\"ImageObject\",\"inLanguage\":\"ar\",\"@id\":\"https:\\\/\\\/hmizatexperts.com\\\/product\\\/planche-a-dessin-magique-3d-pour-enfants\\\/#primaryimage\",\"url\":\"https:\\\/\\\/hmizatexperts.com\\\/wp-content\\\/uploads\\\/2018\\\/02\\\/2-2.png\",\"contentUrl\":\"https:\\\/\\\/hmizatexperts.com\\\/wp-content\\\/uploads\\\/2018\\\/02\\\/2-2.png\",\"width\":800,\"height\":500},{\"@type\":\"BreadcrumbList\",\"@id\":\"https:\\\/\\\/hmizatexperts.com\\\/product\\\/planche-a-dessin-magique-3d-pour-enfants\\\/#breadcrumb\",\"itemListElement\":[{\"@type\":\"ListItem\",\"position\":1,\"name\":\"Accueil\",\"item\":\"https:\\\/\\\/hmizatexperts.com\\\/\"},{\"@type\":\"ListItem\",\"position\":2,\"name\":\"Shop\",\"item\":\"https:\\\/\\\/hmizatexperts.com\\\/shop\\\/\"},{\"@type\":\"ListItem\",\"position\":3,\"name\":\"Planche \u00e0 dessin pour enfants Magic Pad\"}]},{\"@type\":\"WebSite\",\"@id\":\"https:\\\/\\\/hmizatexperts.com\\\/#website\",\"url\":\"https:\\\/\\\/hmizatexperts.com\\\/\",\"name\":\"Hmizate Expert\",\"description\":\"Nos offres aux meilleurs prix et qualit\u00e9\",\"publisher\":{\"@id\":\"https:\\\/\\\/hmizatexperts.com\\\/#organization\"},\"potentialAction\":[{\"@type\":\"SearchAction\",\"target\":{\"@type\":\"EntryPoint\",\"urlTemplate\":\"https:\\\/\\\/hmizatexperts.com\\\/?s={search_term_string}\"},\"query-input\":{\"@type\":\"PropertyValueSpecification\",\"valueRequired\":true,\"valueName\":\"search_term_string\"}}],\"inLanguage\":\"ar\"},{\"@type\":\"Organization\",\"@id\":\"https:\\\/\\\/hmizatexperts.com\\\/#organization\",\"name\":\"Hmizate Expert\",\"url\":\"https:\\\/\\\/hmizatexperts.com\\\/\",\"logo\":{\"@type\":\"ImageObject\",\"inLanguage\":\"ar\",\"@id\":\"https:\\\/\\\/hmizatexperts.com\\\/#\\\/schema\\\/logo\\\/image\\\/\",\"url\":\"https:\\\/\\\/hmizatexperts.com\\\/wp-content\\\/uploads\\\/2021\\\/05\\\/logo_HE2-removebg-preview.png\",\"contentUrl\":\"https:\\\/\\\/hmizatexperts.com\\\/wp-content\\\/uploads\\\/2021\\\/05\\\/logo_HE2-removebg-preview.png\",\"width\":800,\"height\":312,\"caption\":\"Hmizate Expert\"},\"image\":{\"@id\":\"https:\\\/\\\/hmizatexperts.com\\\/#\\\/schema\\\/logo\\\/image\\\/\"},\"sameAs\":[\"https:\\\/\\\/www.facebook.com\\\/hmizatexperts\",\"https:\\\/\\\/x.com\\\/ExpertsHmizate\"]}]}<\/script>\n<!-- \/ Yoast SEO Premium plugin. -->","yoast_head_json":{"title":"Planche \u00e0 dessin pour enfants Magic Pad - Hmizate Expert","description":"Stimulez la cr\u00e9ativit\u00e9 de votre enfant avec notre planche \u00e0 dessin 3D : un outil \u00e9ducatif amusant pour dessiner, colorier et d\u00e9velopper l'imagination.","robots":{"index":"index","follow":"follow","max-snippet":"max-snippet:-1","max-image-preview":"max-image-preview:large","max-video-preview":"max-video-preview:-1"},"canonical":"https:\/\/hmizatexperts.com\/ar\/product\/planche-a-dessin-magique-3d-pour-enfants\/","og_locale":"ar_AR","og_type":"article","og_title":"Planche \u00e0 dessin pour enfants Magic Pad","og_description":"Stimulez la cr\u00e9ativit\u00e9 de votre enfant avec notre planche \u00e0 dessin 3D : un outil \u00e9ducatif amusant pour dessiner, colorier et d\u00e9velopper l'imagination.","og_url":"https:\/\/hmizatexperts.com\/ar\/product\/planche-a-dessin-magique-3d-pour-enfants\/","og_site_name":"Hmizate Expert","article_publisher":"https:\/\/www.facebook.com\/hmizatexperts","article_modified_time":"2024-12-17T21:48:16+00:00","og_image":[{"width":800,"height":500,"url":"https:\/\/hmizatexperts.com\/wp-content\/uploads\/2018\/02\/2-2.png","type":"image\/png"}],"twitter_card":"summary_large_image","twitter_site":"@ExpertsHmizate","twitter_misc":{"\u0648\u0642\u062a \u0627\u0644\u0642\u0631\u0627\u0621\u0629 \u0627\u0644\u0645\u064f\u0642\u062f\u0651\u0631":"\u062f\u0642\u064a\u0642\u0629 \u0648\u0627\u062d\u062f\u0629"},"schema":{"@context":"https:\/\/schema.org","@graph":[{"@type":"WebPage","@id":"https:\/\/hmizatexperts.com\/product\/planche-a-dessin-magique-3d-pour-enfants\/","url":"https:\/\/hmizatexperts.com\/product\/planche-a-dessin-magique-3d-pour-enfants\/","name":"Planche \u00e0 dessin pour enfants Magic Pad - Hmizate Expert","isPartOf":{"@id":"https:\/\/hmizatexperts.com\/#website"},"primaryImageOfPage":{"@id":"https:\/\/hmizatexperts.com\/product\/planche-a-dessin-magique-3d-pour-enfants\/#primaryimage"},"image":{"@id":"https:\/\/hmizatexperts.com\/product\/planche-a-dessin-magique-3d-pour-enfants\/#primaryimage"},"thumbnailUrl":"https:\/\/hmizatexperts.com\/wp-content\/uploads\/2018\/02\/2-2.png","datePublished":"2018-02-17T11:33:58+00:00","dateModified":"2024-12-17T21:48:16+00:00","description":"Stimulez la cr\u00e9ativit\u00e9 de votre enfant avec notre planche \u00e0 dessin 3D : un outil \u00e9ducatif amusant pour dessiner, colorier et d\u00e9velopper l'imagination.","breadcrumb":{"@id":"https:\/\/hmizatexperts.com\/product\/planche-a-dessin-magique-3d-pour-enfants\/#breadcrumb"},"inLanguage":"ar","potentialAction":[{"@type":"ReadAction","target":["https:\/\/hmizatexperts.com\/product\/planche-a-dessin-magique-3d-pour-enfants\/"]}]},{"@type":"ImageObject","inLanguage":"ar","@id":"https:\/\/hmizatexperts.com\/product\/planche-a-dessin-magique-3d-pour-enfants\/#primaryimage","url":"https:\/\/hmizatexperts.com\/wp-content\/uploads\/2018\/02\/2-2.png","contentUrl":"https:\/\/hmizatexperts.com\/wp-content\/uploads\/2018\/02\/2-2.png","width":800,"height":500},{"@type":"BreadcrumbList","@id":"https:\/\/hmizatexperts.com\/product\/planche-a-dessin-magique-3d-pour-enfants\/#breadcrumb","itemListElement":[{"@type":"ListItem","position":1,"name":"Accueil","item":"https:\/\/hmizatexperts.com\/"},{"@type":"ListItem","position":2,"name":"Shop","item":"https:\/\/hmizatexperts.com\/shop\/"},{"@type":"ListItem","position":3,"name":"Planche \u00e0 dessin pour enfants Magic Pad"}]},{"@type":"WebSite","@id":"https:\/\/hmizatexperts.com\/#website","url":"https:\/\/hmizatexperts.com\/","name":"\u062e\u0628\u064a\u0631 \u0641\u064a \u0627\u0644\u062d\u0634\u0645\u0629","description":"\u0639\u0631\u0648\u0636\u0646\u0627 \u0628\u0623\u0641\u0636\u0644 \u0627\u0644\u0623\u0633\u0639\u0627\u0631 \u0648\u0627\u0644\u062c\u0648\u062f\u0629","publisher":{"@id":"https:\/\/hmizatexperts.com\/#organization"},"potentialAction":[{"@type":"SearchAction","target":{"@type":"EntryPoint","urlTemplate":"https:\/\/hmizatexperts.com\/?s={search_term_string}"},"query-input":{"@type":"PropertyValueSpecification","valueRequired":true,"valueName":"search_term_string"}}],"inLanguage":"ar"},{"@type":"Organization","@id":"https:\/\/hmizatexperts.com\/#organization","name":"\u062e\u0628\u064a\u0631 \u0641\u064a \u0627\u0644\u062d\u0634\u0645\u0629","url":"https:\/\/hmizatexperts.com\/","logo":{"@type":"ImageObject","inLanguage":"ar","@id":"https:\/\/hmizatexperts.com\/#\/schema\/logo\/image\/","url":"https:\/\/hmizatexperts.com\/wp-content\/uploads\/2021\/05\/logo_HE2-removebg-preview.png","contentUrl":"https:\/\/hmizatexperts.com\/wp-content\/uploads\/2021\/05\/logo_HE2-removebg-preview.png","width":800,"height":312,"caption":"Hmizate Expert"},"image":{"@id":"https:\/\/hmizatexperts.com\/#\/schema\/logo\/image\/"},"sameAs":["https:\/\/www.facebook.com\/hmizatexperts","https:\/\/x.com\/ExpertsHmizate"]}]}},"_links":{"self":[{"href":"https:\/\/hmizatexperts.com\/ar\/wp-json\/wp\/v2\/product\/148","targetHints":{"allow":["GET"]}}],"collection":[{"href":"https:\/\/hmizatexperts.com\/ar\/wp-json\/wp\/v2\/product"}],"about":[{"href":"https:\/\/hmizatexperts.com\/ar\/wp-json\/wp\/v2\/types\/product"}],"replies":[{"embeddable":true,"href":"https:\/\/hmizatexperts.com\/ar\/wp-json\/wp\/v2\/comments?post=148"}],"wp:featuredmedia":[{"embeddable":true,"href":"https:\/\/hmizatexperts.com\/ar\/wp-json\/wp\/v2\/media\/732"}],"wp:attachment":[{"href":"https:\/\/hmizatexperts.com\/ar\/wp-json\/wp\/v2\/media?parent=148"}],"wp:term":[{"taxonomy":"product_brand","embeddable":true,"href":"https:\/\/hmizatexperts.com\/ar\/wp-json\/wp\/v2\/product_brand?post=148"},{"taxonomy":"product_cat","embeddable":true,"href":"https:\/\/hmizatexperts.com\/ar\/wp-json\/wp\/v2\/product_cat?post=148"},{"taxonomy":"product_tag","embeddable":true,"href":"https:\/\/hmizatexperts.com\/ar\/wp-json\/wp\/v2\/product_tag?post=148"}],"curies":[{"name":"wp","href":"https:\/\/api.w.org\/{rel}","templated":true}]}}