{"id":149,"date":"2018-02-17T11:37:05","date_gmt":"2018-02-17T11:37:05","guid":{"rendered":"http:\/\/localhost:8080\/friday\/?post_type=product&#038;p=149"},"modified":"2024-12-17T22:44:55","modified_gmt":"2024-12-17T21:44:55","slug":"peigne-electrique-pour-animaux-domestiques-pour-repousse-les-poux","status":"publish","type":"product","link":"https:\/\/hmizatexperts.com\/ar\/product\/peigne-electrique-pour-animaux-domestiques-pour-repousse-les-poux\/","title":{"rendered":"\u062c\u0647\u0627\u0632 \u062a\u0646\u0638\u064a\u0641 \u0627\u0644\u0634\u0639\u0631 \u0627\u0644\u0633\u0631\u064a\u0639"},"content":{"rendered":"<p>\u0627\u0644\u062d\u0644 \u0627\u0644\u0645\u0628\u062a\u0643\u0631 \u0644\u0645\u0643\u0627\u0641\u062d\u0629 \u0627\u0644\u0642\u0645\u0644\u060c \u062e\u0627\u0644\u064d \u0645\u0646 \u0645\u0633\u0628\u0628\u0627\u062a \u0627\u0644\u062d\u0633\u0627\u0633\u064a\u0629 \u0648\u0627\u0644\u0645\u0648\u0627\u062f \u0627\u0644\u0643\u064a\u0645\u064a\u0627\u0626\u064a\u0629.<br \/>\n\u0639\u0646\u062f\u0645\u0627 \u062a\u0631\u0633\u0645 \u0628\u0640\u00a0<strong>\u0645\u0634\u0637 \u0639\u0644\u0649 \u0634\u0643\u0644 \u062d\u0631\u0641 V<\/strong>, \u064a\u0644\u062a\u0642\u0637 \u0627\u0644\u062c\u0647\u0627\u0632 \u0627\u0644\u0642\u0645\u0644 \u0648\u0627\u0644\u0635\u0626\u0628\u0627\u0646 \u0641\u064a \u0641\u0644\u062a\u0631 \u0642\u0627\u0628\u0644 \u0644\u0644\u0627\u0633\u062a\u062e\u062f\u0627\u0645 \u0644\u0645\u0631\u0629 \u0648\u0627\u062d\u062f\u0629. \u0628\u0639\u062f \u0627\u0644\u0639\u0644\u0627\u062c\u060c \u0645\u0627 \u0639\u0644\u064a\u0643 \u0633\u0648\u0649 \u0625\u0632\u0627\u0644\u0629 \u0627\u0644\u0641\u0644\u062a\u0631 \u0645\u0646 \u0627\u0644\u062c\u0647\u0627\u0632 \u0648\u0625\u063a\u0644\u0627\u0642 \u0627\u0644\u063a\u0637\u0627\u0621. \u0644\u0627 \u062f\u0627\u0639\u064a \u0644\u0644\u0642\u0644\u0642 \u0628\u0634\u0623\u0646 \u0641\u0639\u0627\u0644\u064a\u0629 \u0639\u0644\u0627\u062c \u0627\u0644\u0642\u0645\u0644\u060c \u0641\u0627\u0644\u0623\u0645\u0631 \u0643\u0644\u0647 \u064a\u0639\u062a\u0645\u062f \u0639\u0644\u0649 \u0627\u0644\u0641\u0644\u062a\u0631!<\/p>\n<p><a href=\"https:\/\/hmizatexperts.com\/wp-content\/uploads\/2018\/02\/2-1.png\"><img loading=\"lazy\" decoding=\"async\" class=\"wp-image-727 aligncenter\" src=\"https:\/\/hmizatexperts.com\/wp-content\/uploads\/2018\/02\/2-1-300x188.png\" alt=\"\" width=\"277\" height=\"174\" srcset=\"https:\/\/hmizatexperts.com\/wp-content\/uploads\/2018\/02\/2-1-300x188.png 300w, https:\/\/hmizatexperts.com\/wp-content\/uploads\/2018\/02\/2-1-768x480.png 768w, https:\/\/hmizatexperts.com\/wp-content\/uploads\/2018\/02\/2-1-600x375.png 600w, https:\/\/hmizatexperts.com\/wp-content\/uploads\/2018\/02\/2-1.png 800w\" sizes=\"auto, (max-width: 277px) 100vw, 277px\" \/><\/a><\/p>\n<p>\u2013 \u064a\u0642\u0636\u064a \u0639\u0644\u0649 \u0627\u0644\u0642\u0645\u0644 \u0648\u0627\u0644\u0635\u0626\u0628\u0627\u0646<br \/>\n- \u064a\u0643\u0634\u0641 \u0639\u0646 \u0627\u0644\u0625\u0635\u0627\u0628\u0629 \u0648\u064a\u0645\u0646\u0639\u0647\u0627<br \/>\n\u2013 \u0633\u0647\u0644 \u0643\u0633\u0647\u0648\u0644\u0629 \u0627\u0644\u0645\u0634\u0637<br \/>\n\u2013 \u0627\u0644\u0623\u062c\u0647\u0632\u0629 \u0627\u0644\u0643\u0647\u0631\u0628\u0627\u0626\u064a\u0629<\/p>\n<p>\u0633\u0645\u0627\u062a :<br \/>\n\u2013 \u0639\u0644\u0627\u062c \u0644\u0644\u0642\u0645\u0644 \u0628\u062f\u0648\u0646 \u0645\u0648\u0627\u062f \u0643\u064a\u0645\u064a\u0627\u0626\u064a\u0629 \u0623\u0648 \u0645\u0633\u0628\u0628\u0627\u062a \u0644\u0644\u062d\u0633\u0627\u0633\u064a\u0629<br \/>\n\u2013 \u0646\u0638\u0627\u0645 \u0635\u062d\u064a \u0645\u0632\u0648\u062f \u0628\u0641\u0644\u062a\u0631 \u0644\u0644\u0627\u0633\u062a\u062e\u062f\u0627\u0645 \u0645\u0631\u0629 \u0648\u0627\u062d\u062f\u0629<br \/>\n\u2013 \u062a\u0635\u0645\u064a\u0645 \u0635\u063a\u064a\u0631 \u0627\u0644\u062d\u062c\u0645 \u0648\u0645\u0631\u064a\u062d<br \/>\n\u2013 \u0641\u0644\u062a\u0631 \u0628\u0625\u0636\u0627\u0621\u0629 LED<br \/>\n\u2013 \u0632\u0627\u0648\u064a\u0629 \u0645\u0634\u0637 \u0642\u0627\u0628\u0644\u0629 \u0644\u0644\u062a\u0639\u062f\u064a\u0644<br \/>\n\u2013 \u0623\u0633\u0646\u0627\u0646 \u0645\u0633\u062a\u062f\u064a\u0631\u0629 \u0645\u0646 \u0627\u0644\u0641\u0648\u0644\u0627\u0630 \u0627\u0644\u0645\u0642\u0627\u0648\u0645 \u0644\u0644\u0635\u062f\u0623<\/p>\n<p><a href=\"https:\/\/hmizatexperts.com\/wp-content\/uploads\/2018\/02\/1-1.png\"><img loading=\"lazy\" decoding=\"async\" class=\"wp-image-726 aligncenter\" src=\"https:\/\/hmizatexperts.com\/wp-content\/uploads\/2018\/02\/1-1-300x188.png\" alt=\"\" width=\"280\" height=\"176\" srcset=\"https:\/\/hmizatexperts.com\/wp-content\/uploads\/2018\/02\/1-1-300x188.png 300w, https:\/\/hmizatexperts.com\/wp-content\/uploads\/2018\/02\/1-1-768x480.png 768w, https:\/\/hmizatexperts.com\/wp-content\/uploads\/2018\/02\/1-1-600x375.png 600w, https:\/\/hmizatexperts.com\/wp-content\/uploads\/2018\/02\/1-1.png 800w\" sizes=\"auto, (max-width: 280px) 100vw, 280px\" \/><\/a><\/p>\n<p>\u0648\u062f\u0627\u0639\u0627\u064b \u0644\u0644\u0642\u0645\u0644\u060c \u0623\u0647\u0644\u0627\u064b \u0628\u0640\u00a0<strong>\u0645\u0634\u0637 \u0639\u0644\u0649 \u0634\u0643\u0644 \u062d\u0631\u0641 V<\/strong><br \/>\n\u0644\u0627 \u064a\u0632\u0627\u0644 \u062a\u0645\u0634\u064a\u0637 \u0627\u0644\u0634\u0639\u0631 \u0627\u0644\u0637\u0631\u064a\u0642\u0629 \u0627\u0644\u0623\u0643\u062b\u0631 \u0641\u0639\u0627\u0644\u064a\u0629 \u0644\u0639\u0644\u0627\u062c \u0627\u0644\u0625\u0635\u0627\u0628\u0629 \u0628\u0627\u0644\u0642\u0645\u0644. \u0648\u064a\u064f\u0636\u064a\u0641 \u0645\u0634\u0637 V-Comb \u0645\u064a\u0632\u0629\u064b \u0623\u062e\u0631\u0649\u060c \u0625\u0630 \u064a\u064f\u062d\u0627\u0641\u0638 \u0639\u0644\u0649 \u0646\u0638\u0627\u0641\u0629 \u0627\u0644\u0639\u0644\u0627\u062c \u0648\u0628\u0633\u0627\u0637\u062a\u0647\u060c \u062f\u0648\u0646 \u0627\u0633\u062a\u062e\u062f\u0627\u0645 \u0623\u064a \u0645\u0646\u062a\u062c\u0627\u062a \u0645\u064f\u0633\u0628\u0628\u0629 \u0644\u0644\u062d\u0633\u0627\u0633\u064a\u0629 \u0623\u0648 \u0645\u0648\u0627\u062f \u0643\u064a\u0645\u064a\u0627\u0626\u064a\u0629.<\/p>\n<p>\u0627\u0644\u0623\u0645\u0631 \u0628\u0633\u064a\u0637 \u0645\u062b\u0644 \u062a\u0645\u0634\u064a\u0637 \u0634\u0639\u0631\u0643<br \/>\n\u2013 \u062a\u062c\u0645\u064a\u0639\u00a0<strong>\u0645\u0634\u0637 \u0639\u0644\u0649 \u0634\u0643\u0644 \u062d\u0631\u0641 V<\/strong>\u00a0\u0643\u0645\u0627 \u0647\u0648 \u0645\u0648\u0636\u062d \u0641\u064a \u0627\u0644\u062a\u0639\u0644\u064a\u0645\u0627\u062a<br \/>\n- \u0642\u0633\u0651\u0645 \u0627\u0644\u0634\u0639\u0631 \u0627\u0644\u062c\u0627\u0641 \u0625\u0644\u0649 \u0623\u0642\u0633\u0627\u0645 \u0630\u0627\u062a \u062d\u062c\u0645 \u0645\u0646\u0627\u0633\u0628<br \/>\n\u2013 \u0627\u0628\u062f\u0623\u064a \u0628\u062a\u0645\u0634\u064a\u0637 \u0627\u0644\u0634\u0639\u0631 \u0645\u0646 \u0642\u0627\u0639\u062f\u0629 \u0627\u0644\u0631\u0642\u0628\u0629<br \/>\n- \u0645\u0631\u0631\u064a \u0627\u0644\u0645\u0634\u0637 \u0639\u0644\u0649 \u0637\u0648\u0644 \u0641\u0631\u0648\u0629 \u0627\u0644\u0631\u0623\u0633 \u062d\u062a\u0649 \u0623\u0637\u0631\u0627\u0641 \u0627\u0644\u0634\u0639\u0631.<br \/>\n\u0643\u0631\u0631\u064a \u0630\u0644\u0643 \u0645\u0646 \u0645\u0631\u062a\u064a\u0646 \u0625\u0644\u0649 \u062b\u0644\u0627\u062b \u0645\u0631\u0627\u062a \u0644\u0643\u0644 \u062e\u0635\u0644\u0629 \u0645\u0646 \u0634\u0639\u0631\u0643 \u0648\u0639\u0644\u0649 \u0643\u0627\u0645\u0644 \u0631\u0623\u0633\u0643<br \/>\n\u2013 \u0642\u0645 \u0628\u0641\u0635\u0644 \u0627\u0644\u0641\u0644\u062a\u0631 \u0628\u0639\u0646\u0627\u064a\u0629 \u0645\u0646\u00a0<strong>\u0645\u0634\u0637 \u0639\u0644\u0649 \u0634\u0643\u0644 \u062d\u0631\u0641 V<\/strong>\u00a0\u0648\u0623\u063a\u0644\u0642\u0647 \u0628\u063a\u0637\u0627\u0626\u0647 \u0644\u0644\u062a\u062e\u0644\u0635 \u0645\u0646\u0647 \u0628\u0637\u0631\u064a\u0642\u0629 \u0635\u062d\u064a\u0629<br \/>\n- \u0631\u0627\u062c\u0639 \u0627\u0644\u062f\u0644\u064a\u0644 \u0627\u0644\u0645\u0648\u062c\u0648\u062f \u0628\u0627\u0644\u062f\u0627\u062e\u0644 \u0644\u0644\u0627\u0637\u0644\u0627\u0639 \u0639\u0644\u0649 \u0627\u0644\u062a\u0639\u0644\u064a\u0645\u0627\u062a<\/p>\n<p><a href=\"https:\/\/hmizatexperts.com\/wp-content\/uploads\/2018\/02\/3.png\"><img loading=\"lazy\" decoding=\"async\" class=\"wp-image-723 aligncenter\" src=\"https:\/\/hmizatexperts.com\/wp-content\/uploads\/2018\/02\/3-300x188.png\" alt=\"\" width=\"263\" height=\"165\" srcset=\"https:\/\/hmizatexperts.com\/wp-content\/uploads\/2018\/02\/3-300x188.png 300w, https:\/\/hmizatexperts.com\/wp-content\/uploads\/2018\/02\/3-768x480.png 768w, https:\/\/hmizatexperts.com\/wp-content\/uploads\/2018\/02\/3-600x375.png 600w, https:\/\/hmizatexperts.com\/wp-content\/uploads\/2018\/02\/3.png 800w\" sizes=\"auto, (max-width: 263px) 100vw, 263px\" \/><\/a><\/p>\n<p>\u062f\u0648\u0631\u0629 \u062d\u064a\u0627\u0629 \u0627\u0644\u0642\u0645\u0644:<br \/>\n\u0627\u0644\u064a\u0648\u0645 \u0635\u0641\u0631: \u0627\u0644\u0628\u064a\u0636. \u064a\u0641\u0642\u0633 \u0627\u0644\u0628\u064a\u0636 \u0644\u064a\u062e\u0631\u062c \u0645\u0646\u0647 \u062d\u0648\u0631\u064a\u0627\u062a.<br \/>\n\u0627\u0644\u064a\u0648\u0645 \u0627\u0644\u0639\u0627\u0634\u0631: \u0627\u0644\u062d\u0648\u0631\u064a\u0627\u062a. \u062a\u062a\u062d\u0648\u0644 \u0627\u0644\u062d\u0648\u0631\u064a\u0627\u062a \u0625\u0644\u0649 \u0628\u0627\u0644\u063a\u0627\u062a.<br \/>\n\u0627\u0644\u064a\u0648\u0645 \u0627\u0644\u0639\u0634\u0631\u0648\u0646: \u0627\u0644\u0628\u0627\u0644\u063a\u0648\u0646.<br \/>\n\u064a\u0645\u0643\u0646 \u0644\u0644\u0623\u0646\u062b\u0649 \u0627\u0644\u0628\u0627\u0644\u063a\u0629 \u0623\u0646 \u062a\u0636\u0639 \u0645\u0627 \u064a\u0635\u0644 \u0625\u0644\u0649 200 \u0628\u064a\u0636\u0629 \u062e\u0644\u0627\u0644 \u062d\u064a\u0627\u062a\u0647\u0627.<br \/>\n\u064a\u0628\u0644\u063a \u0639\u0645\u0631 \u0627\u0644\u0642\u0645\u0644\u0629 \u062d\u0648\u0627\u0644\u064a 30 \u064a\u0648\u0645\u064b\u0627.<\/p>\n<p><a href=\"https:\/\/hmizatexperts.com\/wp-content\/uploads\/2022\/01\/\u062e\u062f\u0645\u0629-\u0627\u0644\u0632\u0628\u0627\u064a\u0654\u0646-1.png\"><img loading=\"lazy\" decoding=\"async\" class=\"size-medium wp-image-1455 aligncenter\" src=\"https:\/\/hmizatexperts.com\/wp-content\/uploads\/2022\/01\/\u062e\u062f\u0645\u0629-\u0627\u0644\u0632\u0628\u0627\u064a\u0654\u0646-1-300x71.png\" alt=\"\" width=\"300\" height=\"71\" srcset=\"https:\/\/hmizatexperts.com\/wp-content\/uploads\/2022\/01\/\u062e\u062f\u0645\u0629-\u0627\u0644\u0632\u0628\u0627\u064a\u0654\u0646-1-300x71.png 300w, https:\/\/hmizatexperts.com\/wp-content\/uploads\/2022\/01\/\u062e\u062f\u0645\u0629-\u0627\u0644\u0632\u0628\u0627\u064a\u0654\u0646-1-600x142.png 600w, https:\/\/hmizatexperts.com\/wp-content\/uploads\/2022\/01\/\u062e\u062f\u0645\u0629-\u0627\u0644\u0632\u0628\u0627\u064a\u0654\u0646-1.png 603w\" sizes=\"auto, (max-width: 300px) 100vw, 300px\" \/><\/a><\/p>","protected":false},"excerpt":{"rendered":"<p>\u0627\u0644\u062d\u0644 \u0627\u0644\u0645\u0628\u062a\u0643\u0631 \u0644\u0645\u0643\u0627\u0641\u062d\u0629 \u0627\u0644\u0642\u0645\u0644\u060c \u062e\u0627\u0644\u064d \u0645\u0646 \u0645\u0633\u0628\u0628\u0627\u062a \u0627\u0644\u062d\u0633\u0627\u0633\u064a\u0629 \u0648\u0627\u0644\u0645\u0648\u0627\u062f \u0627\u0644\u0643\u064a\u0645\u064a\u0627\u0626\u064a\u0629.<\/p>","protected":false},"featured_media":725,"comment_status":"open","ping_status":"closed","template":"","meta":[],"product_brand":[],"product_cat":[49],"product_tag":[],"class_list":{"0":"post-149","1":"product","2":"type-product","3":"status-publish","4":"has-post-thumbnail","6":"product_cat-enfants-jouets","7":"location-tout-le-maroc","8":"store-hmizate-experts","9":"entry panel","11":"first","12":"instock","13":"sale","14":"shipping-taxable","15":"purchasable","16":"product-type-simple"},"ams_default_variation_id":0,"ams_product_points_reward":[],"ams_product_discount_percentage":29.17,"ams_price_to_display":170,"ams_acf":[],"yoast_head":"<!-- This site is optimized with the Yoast SEO Premium plugin v26.6 (Yoast SEO v27.4) - https:\/\/yoast.com\/product\/yoast-seo-premium-wordpress\/ -->\n<title>Appareil nettoyeur rapide des cheveux - Hmizate Expert<\/title>\n<meta name=\"description\" content=\"\u00c9liminez les poux en toute s\u00e9curit\u00e9 avec notre peigne \u00e9lectrique : une solution rapide et efficace pour traiter les infestations de mani\u00e8re naturelle.\" \/>\n<meta name=\"robots\" content=\"index, follow, max-snippet:-1, max-image-preview:large, max-video-preview:-1\" \/>\n<link rel=\"canonical\" href=\"https:\/\/hmizatexperts.com\/ar\/product\/peigne-electrique-pour-animaux-domestiques-pour-repousse-les-poux\/\" \/>\n<meta property=\"og:locale\" content=\"ar_AR\" \/>\n<meta property=\"og:type\" content=\"article\" \/>\n<meta property=\"og:title\" content=\"Appareil nettoyeur rapide des cheveux\" \/>\n<meta property=\"og:description\" content=\"\u00c9liminez les poux en toute s\u00e9curit\u00e9 avec notre peigne \u00e9lectrique : une solution rapide et efficace pour traiter les infestations de mani\u00e8re naturelle.\" \/>\n<meta property=\"og:url\" content=\"https:\/\/hmizatexperts.com\/ar\/product\/peigne-electrique-pour-animaux-domestiques-pour-repousse-les-poux\/\" \/>\n<meta property=\"og:site_name\" content=\"Hmizate Expert\" \/>\n<meta property=\"article:publisher\" content=\"https:\/\/www.facebook.com\/hmizatexperts\" \/>\n<meta property=\"article:modified_time\" content=\"2024-12-17T21:44:55+00:00\" \/>\n<meta property=\"og:image\" content=\"https:\/\/hmizatexperts.com\/wp-content\/uploads\/2018\/02\/5.png\" \/>\n\t<meta property=\"og:image:width\" content=\"800\" \/>\n\t<meta property=\"og:image:height\" content=\"500\" \/>\n\t<meta property=\"og:image:type\" content=\"image\/png\" \/>\n<meta name=\"twitter:card\" content=\"summary_large_image\" \/>\n<meta name=\"twitter:site\" content=\"@ExpertsHmizate\" \/>\n<meta name=\"twitter:label1\" content=\"\u0648\u0642\u062a \u0627\u0644\u0642\u0631\u0627\u0621\u0629 \u0627\u0644\u0645\u064f\u0642\u062f\u0651\u0631\" \/>\n\t<meta name=\"twitter:data1\" content=\"3 \u062f\u0642\u0627\u0626\u0642\" \/>\n<script type=\"application\/ld+json\" class=\"yoast-schema-graph\">{\"@context\":\"https:\\\/\\\/schema.org\",\"@graph\":[{\"@type\":\"WebPage\",\"@id\":\"https:\\\/\\\/hmizatexperts.com\\\/product\\\/peigne-electrique-pour-animaux-domestiques-pour-repousse-les-poux\\\/\",\"url\":\"https:\\\/\\\/hmizatexperts.com\\\/product\\\/peigne-electrique-pour-animaux-domestiques-pour-repousse-les-poux\\\/\",\"name\":\"Appareil nettoyeur rapide des cheveux - Hmizate Expert\",\"isPartOf\":{\"@id\":\"https:\\\/\\\/hmizatexperts.com\\\/#website\"},\"primaryImageOfPage\":{\"@id\":\"https:\\\/\\\/hmizatexperts.com\\\/product\\\/peigne-electrique-pour-animaux-domestiques-pour-repousse-les-poux\\\/#primaryimage\"},\"image\":{\"@id\":\"https:\\\/\\\/hmizatexperts.com\\\/product\\\/peigne-electrique-pour-animaux-domestiques-pour-repousse-les-poux\\\/#primaryimage\"},\"thumbnailUrl\":\"https:\\\/\\\/hmizatexperts.com\\\/wp-content\\\/uploads\\\/2018\\\/02\\\/5.png\",\"datePublished\":\"2018-02-17T11:37:05+00:00\",\"dateModified\":\"2024-12-17T21:44:55+00:00\",\"description\":\"\u00c9liminez les poux en toute s\u00e9curit\u00e9 avec notre peigne \u00e9lectrique : une solution rapide et efficace pour traiter les infestations de mani\u00e8re naturelle.\",\"breadcrumb\":{\"@id\":\"https:\\\/\\\/hmizatexperts.com\\\/product\\\/peigne-electrique-pour-animaux-domestiques-pour-repousse-les-poux\\\/#breadcrumb\"},\"inLanguage\":\"ar\",\"potentialAction\":[{\"@type\":\"ReadAction\",\"target\":[\"https:\\\/\\\/hmizatexperts.com\\\/product\\\/peigne-electrique-pour-animaux-domestiques-pour-repousse-les-poux\\\/\"]}]},{\"@type\":\"ImageObject\",\"inLanguage\":\"ar\",\"@id\":\"https:\\\/\\\/hmizatexperts.com\\\/product\\\/peigne-electrique-pour-animaux-domestiques-pour-repousse-les-poux\\\/#primaryimage\",\"url\":\"https:\\\/\\\/hmizatexperts.com\\\/wp-content\\\/uploads\\\/2018\\\/02\\\/5.png\",\"contentUrl\":\"https:\\\/\\\/hmizatexperts.com\\\/wp-content\\\/uploads\\\/2018\\\/02\\\/5.png\",\"width\":800,\"height\":500},{\"@type\":\"BreadcrumbList\",\"@id\":\"https:\\\/\\\/hmizatexperts.com\\\/product\\\/peigne-electrique-pour-animaux-domestiques-pour-repousse-les-poux\\\/#breadcrumb\",\"itemListElement\":[{\"@type\":\"ListItem\",\"position\":1,\"name\":\"Accueil\",\"item\":\"https:\\\/\\\/hmizatexperts.com\\\/\"},{\"@type\":\"ListItem\",\"position\":2,\"name\":\"Shop\",\"item\":\"https:\\\/\\\/hmizatexperts.com\\\/shop\\\/\"},{\"@type\":\"ListItem\",\"position\":3,\"name\":\"Appareil nettoyeur rapide des cheveux\"}]},{\"@type\":\"WebSite\",\"@id\":\"https:\\\/\\\/hmizatexperts.com\\\/#website\",\"url\":\"https:\\\/\\\/hmizatexperts.com\\\/\",\"name\":\"Hmizate Expert\",\"description\":\"Nos offres aux meilleurs prix et qualit\u00e9\",\"publisher\":{\"@id\":\"https:\\\/\\\/hmizatexperts.com\\\/#organization\"},\"potentialAction\":[{\"@type\":\"SearchAction\",\"target\":{\"@type\":\"EntryPoint\",\"urlTemplate\":\"https:\\\/\\\/hmizatexperts.com\\\/?s={search_term_string}\"},\"query-input\":{\"@type\":\"PropertyValueSpecification\",\"valueRequired\":true,\"valueName\":\"search_term_string\"}}],\"inLanguage\":\"ar\"},{\"@type\":\"Organization\",\"@id\":\"https:\\\/\\\/hmizatexperts.com\\\/#organization\",\"name\":\"Hmizate Expert\",\"url\":\"https:\\\/\\\/hmizatexperts.com\\\/\",\"logo\":{\"@type\":\"ImageObject\",\"inLanguage\":\"ar\",\"@id\":\"https:\\\/\\\/hmizatexperts.com\\\/#\\\/schema\\\/logo\\\/image\\\/\",\"url\":\"https:\\\/\\\/hmizatexperts.com\\\/wp-content\\\/uploads\\\/2021\\\/05\\\/logo_HE2-removebg-preview.png\",\"contentUrl\":\"https:\\\/\\\/hmizatexperts.com\\\/wp-content\\\/uploads\\\/2021\\\/05\\\/logo_HE2-removebg-preview.png\",\"width\":800,\"height\":312,\"caption\":\"Hmizate Expert\"},\"image\":{\"@id\":\"https:\\\/\\\/hmizatexperts.com\\\/#\\\/schema\\\/logo\\\/image\\\/\"},\"sameAs\":[\"https:\\\/\\\/www.facebook.com\\\/hmizatexperts\",\"https:\\\/\\\/x.com\\\/ExpertsHmizate\"]}]}<\/script>\n<!-- \/ Yoast SEO Premium plugin. -->","yoast_head_json":{"title":"Appareil nettoyeur rapide des cheveux - Hmizate Expert","description":"\u00c9liminez les poux en toute s\u00e9curit\u00e9 avec notre peigne \u00e9lectrique : une solution rapide et efficace pour traiter les infestations de mani\u00e8re naturelle.","robots":{"index":"index","follow":"follow","max-snippet":"max-snippet:-1","max-image-preview":"max-image-preview:large","max-video-preview":"max-video-preview:-1"},"canonical":"https:\/\/hmizatexperts.com\/ar\/product\/peigne-electrique-pour-animaux-domestiques-pour-repousse-les-poux\/","og_locale":"ar_AR","og_type":"article","og_title":"Appareil nettoyeur rapide des cheveux","og_description":"\u00c9liminez les poux en toute s\u00e9curit\u00e9 avec notre peigne \u00e9lectrique : une solution rapide et efficace pour traiter les infestations de mani\u00e8re naturelle.","og_url":"https:\/\/hmizatexperts.com\/ar\/product\/peigne-electrique-pour-animaux-domestiques-pour-repousse-les-poux\/","og_site_name":"Hmizate Expert","article_publisher":"https:\/\/www.facebook.com\/hmizatexperts","article_modified_time":"2024-12-17T21:44:55+00:00","og_image":[{"width":800,"height":500,"url":"https:\/\/hmizatexperts.com\/wp-content\/uploads\/2018\/02\/5.png","type":"image\/png"}],"twitter_card":"summary_large_image","twitter_site":"@ExpertsHmizate","twitter_misc":{"\u0648\u0642\u062a \u0627\u0644\u0642\u0631\u0627\u0621\u0629 \u0627\u0644\u0645\u064f\u0642\u062f\u0651\u0631":"3 \u062f\u0642\u0627\u0626\u0642"},"schema":{"@context":"https:\/\/schema.org","@graph":[{"@type":"WebPage","@id":"https:\/\/hmizatexperts.com\/product\/peigne-electrique-pour-animaux-domestiques-pour-repousse-les-poux\/","url":"https:\/\/hmizatexperts.com\/product\/peigne-electrique-pour-animaux-domestiques-pour-repousse-les-poux\/","name":"Appareil nettoyeur rapide des cheveux - Hmizate Expert","isPartOf":{"@id":"https:\/\/hmizatexperts.com\/#website"},"primaryImageOfPage":{"@id":"https:\/\/hmizatexperts.com\/product\/peigne-electrique-pour-animaux-domestiques-pour-repousse-les-poux\/#primaryimage"},"image":{"@id":"https:\/\/hmizatexperts.com\/product\/peigne-electrique-pour-animaux-domestiques-pour-repousse-les-poux\/#primaryimage"},"thumbnailUrl":"https:\/\/hmizatexperts.com\/wp-content\/uploads\/2018\/02\/5.png","datePublished":"2018-02-17T11:37:05+00:00","dateModified":"2024-12-17T21:44:55+00:00","description":"\u00c9liminez les poux en toute s\u00e9curit\u00e9 avec notre peigne \u00e9lectrique : une solution rapide et efficace pour traiter les infestations de mani\u00e8re naturelle.","breadcrumb":{"@id":"https:\/\/hmizatexperts.com\/product\/peigne-electrique-pour-animaux-domestiques-pour-repousse-les-poux\/#breadcrumb"},"inLanguage":"ar","potentialAction":[{"@type":"ReadAction","target":["https:\/\/hmizatexperts.com\/product\/peigne-electrique-pour-animaux-domestiques-pour-repousse-les-poux\/"]}]},{"@type":"ImageObject","inLanguage":"ar","@id":"https:\/\/hmizatexperts.com\/product\/peigne-electrique-pour-animaux-domestiques-pour-repousse-les-poux\/#primaryimage","url":"https:\/\/hmizatexperts.com\/wp-content\/uploads\/2018\/02\/5.png","contentUrl":"https:\/\/hmizatexperts.com\/wp-content\/uploads\/2018\/02\/5.png","width":800,"height":500},{"@type":"BreadcrumbList","@id":"https:\/\/hmizatexperts.com\/product\/peigne-electrique-pour-animaux-domestiques-pour-repousse-les-poux\/#breadcrumb","itemListElement":[{"@type":"ListItem","position":1,"name":"Accueil","item":"https:\/\/hmizatexperts.com\/"},{"@type":"ListItem","position":2,"name":"Shop","item":"https:\/\/hmizatexperts.com\/shop\/"},{"@type":"ListItem","position":3,"name":"Appareil nettoyeur rapide des cheveux"}]},{"@type":"WebSite","@id":"https:\/\/hmizatexperts.com\/#website","url":"https:\/\/hmizatexperts.com\/","name":"\u062e\u0628\u064a\u0631 \u0641\u064a \u0627\u0644\u062d\u0634\u0645\u0629","description":"\u0639\u0631\u0648\u0636\u0646\u0627 \u0628\u0623\u0641\u0636\u0644 \u0627\u0644\u0623\u0633\u0639\u0627\u0631 \u0648\u0627\u0644\u062c\u0648\u062f\u0629","publisher":{"@id":"https:\/\/hmizatexperts.com\/#organization"},"potentialAction":[{"@type":"SearchAction","target":{"@type":"EntryPoint","urlTemplate":"https:\/\/hmizatexperts.com\/?s={search_term_string}"},"query-input":{"@type":"PropertyValueSpecification","valueRequired":true,"valueName":"search_term_string"}}],"inLanguage":"ar"},{"@type":"Organization","@id":"https:\/\/hmizatexperts.com\/#organization","name":"\u062e\u0628\u064a\u0631 \u0641\u064a \u0627\u0644\u062d\u0634\u0645\u0629","url":"https:\/\/hmizatexperts.com\/","logo":{"@type":"ImageObject","inLanguage":"ar","@id":"https:\/\/hmizatexperts.com\/#\/schema\/logo\/image\/","url":"https:\/\/hmizatexperts.com\/wp-content\/uploads\/2021\/05\/logo_HE2-removebg-preview.png","contentUrl":"https:\/\/hmizatexperts.com\/wp-content\/uploads\/2021\/05\/logo_HE2-removebg-preview.png","width":800,"height":312,"caption":"Hmizate Expert"},"image":{"@id":"https:\/\/hmizatexperts.com\/#\/schema\/logo\/image\/"},"sameAs":["https:\/\/www.facebook.com\/hmizatexperts","https:\/\/x.com\/ExpertsHmizate"]}]}},"_links":{"self":[{"href":"https:\/\/hmizatexperts.com\/ar\/wp-json\/wp\/v2\/product\/149","targetHints":{"allow":["GET"]}}],"collection":[{"href":"https:\/\/hmizatexperts.com\/ar\/wp-json\/wp\/v2\/product"}],"about":[{"href":"https:\/\/hmizatexperts.com\/ar\/wp-json\/wp\/v2\/types\/product"}],"replies":[{"embeddable":true,"href":"https:\/\/hmizatexperts.com\/ar\/wp-json\/wp\/v2\/comments?post=149"}],"wp:featuredmedia":[{"embeddable":true,"href":"https:\/\/hmizatexperts.com\/ar\/wp-json\/wp\/v2\/media\/725"}],"wp:attachment":[{"href":"https:\/\/hmizatexperts.com\/ar\/wp-json\/wp\/v2\/media?parent=149"}],"wp:term":[{"taxonomy":"product_brand","embeddable":true,"href":"https:\/\/hmizatexperts.com\/ar\/wp-json\/wp\/v2\/product_brand?post=149"},{"taxonomy":"product_cat","embeddable":true,"href":"https:\/\/hmizatexperts.com\/ar\/wp-json\/wp\/v2\/product_cat?post=149"},{"taxonomy":"product_tag","embeddable":true,"href":"https:\/\/hmizatexperts.com\/ar\/wp-json\/wp\/v2\/product_tag?post=149"}],"curies":[{"name":"wp","href":"https:\/\/api.w.org\/{rel}","templated":true}]}}