{"id":1570,"date":"2022-08-19T15:53:19","date_gmt":"2022-08-19T14:53:19","guid":{"rendered":"https:\/\/hmizatexperts.com\/?post_type=product&#038;p=1570"},"modified":"2025-12-19T12:54:42","modified_gmt":"2025-12-19T11:54:42","slug":"baby-carrier-porte-bebe-de-2-a-16-mois-ventral-dorsal","status":"publish","type":"product","link":"https:\/\/hmizatexperts.com\/ar\/product\/baby-carrier-porte-bebe-de-2-a-16-mois-ventral-dorsal\/","title":{"rendered":"\u062d\u0627\u0645\u0644\u0629 \u0623\u0637\u0641\u0627\u0644 \u0644\u0644\u0623\u0637\u0641\u0627\u0644 \u0645\u0646 \u0639\u0645\u0631 4 \u0625\u0644\u0649 12 \u0634\u0647\u0631\u064b\u0627\u060c \u0644\u062d\u0645\u0644 \u0627\u0644\u0623\u0637\u0641\u0627\u0644 \u0645\u0646 \u0627\u0644\u0623\u0645\u0627\u0645 \u0648\u0627\u0644\u062e\u0644\u0641 (3-12 \u0643\u062c\u0645)"},"content":{"rendered":"<p>\u0627\u0643\u062a\u0634\u0641\u064a \u0627\u0644\u0631\u0641\u064a\u0642 \u0627\u0644\u0645\u062b\u0627\u0644\u064a \u0644\u0625\u0628\u0642\u0627\u0621 \u0637\u0641\u0644\u0643\u0650 \u0642\u0631\u064a\u0628\u0627\u064b \u0645\u0646\u0643\u0650 \u0623\u064a\u0646\u0645\u0627 \u0643\u0646\u062a\u0650: \u062d\u0627\u0645\u0644\u0629 \u0627\u0644\u0623\u0637\u0641\u0627\u0644 \u0627\u0644\u0631\u0627\u0626\u0639\u0629.<\/p>\n<p>\u0635\u064f\u0645\u0645\u062a \u0647\u0630\u0647 \u0627\u0644\u062d\u0627\u0645\u0644\u0629 \u0627\u0644\u0645\u062f\u0645\u062c\u0629 \u0644\u0644\u0623\u0637\u0641\u0627\u0644 \u0628\u0630\u0643\u0627\u0621 \u0644\u062a\u0648\u0641\u064a\u0631 \u062d\u0644 \u0639\u0645\u0644\u064a \u0648\u0633\u0647\u0644 \u0627\u0644\u0627\u0633\u062a\u062e\u062f\u0627\u0645. \u0645\u0627 \u0639\u0644\u064a\u0643\u0650 \u0633\u0648\u0649 \u0627\u0631\u062a\u062f\u0627\u0626\u0647\u0627 \u0648\u062e\u0644\u0639\u0647\u0627 \u0641\u064a \u0644\u0645\u062d \u0627\u0644\u0628\u0635\u0631\u060c \u0645\u0645\u0627 \u064a\u062a\u064a\u062d \u0644\u0643\u0650 \u062d\u0645\u0644 \u0637\u0641\u0644\u0643\u0650 \u0627\u0644\u062b\u0645\u064a\u0646 \u0641\u064a \u0631\u062d\u0644\u0627\u062a \u0642\u0635\u064a\u0631\u0629 \u062f\u0627\u062e\u0644 \u0627\u0644\u0645\u0646\u0632\u0644 \u0623\u0648 \u062e\u0627\u0631\u062c\u0647. \u0644\u0627 \u062f\u0627\u0639\u064a \u0644\u062d\u0645\u0644 \u0645\u0639\u062f\u0627\u062a \u0636\u062e\u0645\u0629 \u0648\u0645\u0639\u0642\u062f\u0629\u061b \u062d\u0627\u0645\u0644\u0629 \u0627\u0644\u0623\u0637\u0641\u0627\u0644 \u0647\u0630\u0647 \u0645\u0635\u0645\u0645\u0629 \u0644\u062a\u0633\u0647\u064a\u0644 \u062d\u064a\u0627\u062a\u0643\u0650.<\/p>\n<p>\u0645\u0646 \u0623\u0628\u0631\u0632 \u0645\u0632\u0627\u064a\u0627 \u062d\u0627\u0645\u0644\u0629 \u0627\u0644\u0623\u0637\u0641\u0627\u0644 \u0647\u0630\u0647 \u0633\u0647\u0648\u0644\u0629 \u0627\u0644\u0648\u0635\u0648\u0644 \u0625\u0644\u064a\u0647\u0627 \u0639\u0646\u062f\u0645\u0627 \u064a\u0646\u0627\u0645 \u0637\u0641\u0644\u0643. \u0628\u0641\u0636\u0644 \u062a\u0635\u0645\u064a\u0645\u0647\u0627 \u0627\u0644\u0630\u0643\u064a\u060c \u064a\u0645\u0643\u0646\u0643\u0650 \u0641\u062a\u062d \u0627\u0644\u062d\u0627\u0645\u0644\u0629 \u0628\u0633\u0647\u0648\u0644\u0629 \u0648\u0648\u0636\u0639 \u0637\u0641\u0644\u0643\u0650 \u0627\u0644\u0646\u0627\u0626\u0645 \u0628\u0631\u0641\u0642 \u0641\u064a \u0633\u0631\u064a\u0631\u0647 \u062f\u0648\u0646 \u0625\u0632\u0639\u0627\u062c\u0647. \u0648\u062f\u0627\u0639\u0627\u064b \u0644\u0644\u0627\u0633\u062a\u064a\u0642\u0627\u0638 \u0627\u0644\u0645\u0641\u0627\u062c\u0626 \u0648\u0627\u0644\u0645\u062a\u0627\u0639\u0628\u061b \u062a\u0636\u0645\u0646 \u062d\u0627\u0645\u0644\u0629 \u0627\u0644\u0623\u0637\u0641\u0627\u0644 \u0631\u0627\u062d\u0629 \u0637\u0641\u0644\u0643\u0650 \u0648\u0646\u0648\u0645\u0647 \u0627\u0644\u0647\u0627\u0646\u0626.<\/p>\n<p><a href=\"https:\/\/hmizatexperts.com\/wp-content\/uploads\/2022\/08\/porte-bebe-respirant-pour-bebes-de-2-a-3_main-2.jpg\"><img loading=\"lazy\" decoding=\"async\" class=\"alignnone wp-image-1571\" src=\"https:\/\/hmizatexperts.com\/wp-content\/uploads\/2022\/08\/porte-bebe-respirant-pour-bebes-de-2-a-3_main-2-300x300.jpg\" alt=\"\" width=\"276\" height=\"276\" srcset=\"https:\/\/hmizatexperts.com\/wp-content\/uploads\/2022\/08\/porte-bebe-respirant-pour-bebes-de-2-a-3_main-2-300x300.jpg 300w, https:\/\/hmizatexperts.com\/wp-content\/uploads\/2022\/08\/porte-bebe-respirant-pour-bebes-de-2-a-3_main-2-150x150.jpg 150w, https:\/\/hmizatexperts.com\/wp-content\/uploads\/2022\/08\/porte-bebe-respirant-pour-bebes-de-2-a-3_main-2-768x768.jpg 768w, https:\/\/hmizatexperts.com\/wp-content\/uploads\/2022\/08\/porte-bebe-respirant-pour-bebes-de-2-a-3_main-2-450x450.jpg 450w, https:\/\/hmizatexperts.com\/wp-content\/uploads\/2022\/08\/porte-bebe-respirant-pour-bebes-de-2-a-3_main-2-80x80.jpg 80w, https:\/\/hmizatexperts.com\/wp-content\/uploads\/2022\/08\/porte-bebe-respirant-pour-bebes-de-2-a-3_main-2-600x600.jpg 600w, https:\/\/hmizatexperts.com\/wp-content\/uploads\/2022\/08\/porte-bebe-respirant-pour-bebes-de-2-a-3_main-2.jpg 800w\" sizes=\"auto, (max-width: 276px) 100vw, 276px\" \/><\/a> <a href=\"https:\/\/hmizatexperts.com\/wp-content\/uploads\/2022\/08\/porte-bebe-respirant-pour-bebes-de-2-a-3_main-3.jpg\"><img loading=\"lazy\" decoding=\"async\" class=\"alignnone wp-image-1572\" src=\"https:\/\/hmizatexperts.com\/wp-content\/uploads\/2022\/08\/porte-bebe-respirant-pour-bebes-de-2-a-3_main-3-300x300.jpg\" alt=\"\" width=\"273\" height=\"273\" srcset=\"https:\/\/hmizatexperts.com\/wp-content\/uploads\/2022\/08\/porte-bebe-respirant-pour-bebes-de-2-a-3_main-3-300x300.jpg 300w, https:\/\/hmizatexperts.com\/wp-content\/uploads\/2022\/08\/porte-bebe-respirant-pour-bebes-de-2-a-3_main-3-150x150.jpg 150w, https:\/\/hmizatexperts.com\/wp-content\/uploads\/2022\/08\/porte-bebe-respirant-pour-bebes-de-2-a-3_main-3-768x768.jpg 768w, https:\/\/hmizatexperts.com\/wp-content\/uploads\/2022\/08\/porte-bebe-respirant-pour-bebes-de-2-a-3_main-3-450x450.jpg 450w, https:\/\/hmizatexperts.com\/wp-content\/uploads\/2022\/08\/porte-bebe-respirant-pour-bebes-de-2-a-3_main-3-80x80.jpg 80w, https:\/\/hmizatexperts.com\/wp-content\/uploads\/2022\/08\/porte-bebe-respirant-pour-bebes-de-2-a-3_main-3-600x600.jpg 600w, https:\/\/hmizatexperts.com\/wp-content\/uploads\/2022\/08\/porte-bebe-respirant-pour-bebes-de-2-a-3_main-3.jpg 800w\" sizes=\"auto, (max-width: 273px) 100vw, 273px\" \/><\/a> <a href=\"https:\/\/hmizatexperts.com\/wp-content\/uploads\/2022\/08\/porte-bebe-respirant-pour-bebes-de-2-a-3_main-4.jpg\"><img loading=\"lazy\" decoding=\"async\" class=\"alignnone wp-image-1585\" src=\"https:\/\/hmizatexperts.com\/wp-content\/uploads\/2022\/08\/porte-bebe-respirant-pour-bebes-de-2-a-3_main-4-300x300.jpg\" alt=\"\" width=\"301\" height=\"301\" srcset=\"https:\/\/hmizatexperts.com\/wp-content\/uploads\/2022\/08\/porte-bebe-respirant-pour-bebes-de-2-a-3_main-4-300x300.jpg 300w, https:\/\/hmizatexperts.com\/wp-content\/uploads\/2022\/08\/porte-bebe-respirant-pour-bebes-de-2-a-3_main-4-150x150.jpg 150w, https:\/\/hmizatexperts.com\/wp-content\/uploads\/2022\/08\/porte-bebe-respirant-pour-bebes-de-2-a-3_main-4-768x768.jpg 768w, https:\/\/hmizatexperts.com\/wp-content\/uploads\/2022\/08\/porte-bebe-respirant-pour-bebes-de-2-a-3_main-4-450x450.jpg 450w, https:\/\/hmizatexperts.com\/wp-content\/uploads\/2022\/08\/porte-bebe-respirant-pour-bebes-de-2-a-3_main-4-80x80.jpg 80w, https:\/\/hmizatexperts.com\/wp-content\/uploads\/2022\/08\/porte-bebe-respirant-pour-bebes-de-2-a-3_main-4-600x600.jpg 600w, https:\/\/hmizatexperts.com\/wp-content\/uploads\/2022\/08\/porte-bebe-respirant-pour-bebes-de-2-a-3_main-4.jpg 800w\" sizes=\"auto, (max-width: 301px) 100vw, 301px\" \/><\/a><\/p>\n<p>&nbsp;<\/p>\n<p>\u0625\u0636\u0627\u0641\u0629\u064b \u0625\u0644\u0649 \u0643\u0648\u0646\u0647\u0627 \u0639\u0645\u0644\u064a\u0629\u060c \u062a\u062a\u0645\u064a\u0632 \u062d\u0627\u0645\u0644\u0629 \u0627\u0644\u0623\u0637\u0641\u0627\u0644 \u0628\u0635\u063a\u0631 \u062d\u062c\u0645\u0647\u0627 \u0627\u0644\u0645\u0630\u0647\u0644. \u0641\u0647\u064a \u062a\u064f\u0637\u0648\u0649 \u0628\u0633\u0647\u0648\u0644\u0629 \u0648\u062a\u0646\u0632\u0644\u0642 \u0628\u0633\u0644\u0627\u0633\u0629 \u0641\u064a \u062d\u0642\u064a\u0628\u0629 \u0627\u0644\u062d\u0641\u0627\u0636\u0627\u062a \u0623\u0648 \u062a\u064f\u062e\u0632\u0646 \u0628\u0634\u0643\u0644 \u0623\u0646\u064a\u0642 \u062a\u062d\u062a \u0639\u0631\u0628\u0629 \u0627\u0644\u0623\u0637\u0641\u0627\u0644. \u0644\u0646 \u062a\u0642\u0644\u0642\u064a \u0628\u0639\u062f \u0627\u0644\u0622\u0646 \u0628\u0634\u0623\u0646 \u0636\u064a\u0642 \u0627\u0644\u0645\u0633\u0627\u062d\u0629 \u0623\u062b\u0646\u0627\u0621 \u062a\u0646\u0642\u0644\u0643\u060c \u0641\u062d\u0627\u0645\u0644\u0629 \u0627\u0644\u0623\u0637\u0641\u0627\u0644 \u0633\u062a\u0643\u0648\u0646 \u062c\u0627\u0647\u0632\u0629 \u062f\u0627\u0626\u0645\u064b\u0627 \u0644\u0645\u0631\u0627\u0641\u0642\u062a\u0643 \u0628\u0643\u0644 \u0633\u0647\u0648\u0644\u0629.<\/p>\n<p>\u0627\u0645\u0646\u062d\u064a \u0637\u0641\u0644\u0643\u0650 \u0627\u0644\u0631\u0627\u062d\u0629 \u0648\u0627\u0644\u0642\u0631\u0628 \u0627\u0644\u0630\u064a \u064a\u062d\u062a\u0627\u062c\u0647\u060c \u0648\u0627\u0633\u062a\u0645\u062a\u0639\u064a \u0628\u0633\u0647\u0648\u0644\u0629 \u0627\u0633\u062a\u062e\u062f\u0627\u0645 \u062d\u0627\u0645\u0644\u0629 \u0627\u0644\u0623\u0637\u0641\u0627\u0644 \u0627\u0644\u0639\u0645\u0644\u064a\u0629. \u062d\u0627\u0646 \u0627\u0644\u0648\u0642\u062a \u0644\u0628\u0646\u0627\u0621 \u0631\u0648\u0627\u0628\u0637 \u0642\u0648\u064a\u0629 \u0648\u0639\u064a\u0634 \u0644\u062d\u0638\u0627\u062a \u0644\u0627 \u062a\u064f\u0646\u0633\u0649 \u0645\u0639 \u0635\u063a\u064a\u0631\u0643\u0650 \u0627\u0644\u062b\u0645\u064a\u0646.<\/p>\n<p>&nbsp;<\/p>\n<p><a href=\"https:\/\/hmizatexperts.com\/wp-content\/uploads\/2022\/01\/\u062e\u062f\u0645\u0629-\u0627\u0644\u0632\u0628\u0627\u064a\u0654\u0646-1.png\"><img loading=\"lazy\" decoding=\"async\" class=\"size-medium wp-image-1455 aligncenter\" src=\"https:\/\/hmizatexperts.com\/wp-content\/uploads\/2022\/01\/\u062e\u062f\u0645\u0629-\u0627\u0644\u0632\u0628\u0627\u064a\u0654\u0646-1-300x71.png\" alt=\"\" width=\"300\" height=\"71\" srcset=\"https:\/\/hmizatexperts.com\/wp-content\/uploads\/2022\/01\/\u062e\u062f\u0645\u0629-\u0627\u0644\u0632\u0628\u0627\u064a\u0654\u0646-1-300x71.png 300w, https:\/\/hmizatexperts.com\/wp-content\/uploads\/2022\/01\/\u062e\u062f\u0645\u0629-\u0627\u0644\u0632\u0628\u0627\u064a\u0654\u0646-1-600x142.png 600w, https:\/\/hmizatexperts.com\/wp-content\/uploads\/2022\/01\/\u062e\u062f\u0645\u0629-\u0627\u0644\u0632\u0628\u0627\u064a\u0654\u0646-1.png 603w\" sizes=\"auto, (max-width: 300px) 100vw, 300px\" \/><\/a><\/p>\n<p>&nbsp;<\/p>","protected":false},"excerpt":{"rendered":"<p>\u062d\u0627\u0645\u0644\u0629 \u0623\u0637\u0641\u0627\u0644 \u0633\u0647\u0644\u0629 \u0627\u0644\u0627\u0633\u062a\u062e\u062f\u0627\u0645\u060c \u0623\u0645\u0627\u0645\u064a\u0629 \u0648\u062e\u0644\u0641\u064a\u0629\u060c \u0645\u0646\u0627\u0633\u0628\u0629 \u0644\u0644\u0623\u0637\u0641\u0627\u0644 \u0645\u0646 \u0639\u0645\u0631 4 \u0625\u0644\u0649 12 \u0634\u0647\u0631\u064b\u0627 (3-12 \u0643\u062c\u0645). \u0633\u0647\u0644\u0629 \u0627\u0644\u0627\u0631\u062a\u062f\u0627\u0621 \u0648\u0627\u0644\u062e\u0644\u0639. \u0645\u062b\u0627\u0644\u064a\u0629 \u0644\u062d\u0645\u0644 \u0637\u0641\u0644\u0643 \u0628\u0631\u0627\u062d\u0629 \u062a\u0627\u0645\u0629.<\/p>","protected":false},"featured_media":1575,"comment_status":"open","ping_status":"closed","template":"","meta":[],"product_brand":[],"product_cat":[49],"product_tag":[],"class_list":{"0":"post-1570","1":"product","2":"type-product","3":"status-publish","4":"has-post-thumbnail","6":"product_cat-enfants-jouets","7":"location-tout-le-maroc","8":"store-hmizate-experts","9":"entry panel","11":"first","12":"instock","13":"sale","14":"shipping-taxable","15":"purchasable","16":"product-type-simple"},"ams_default_variation_id":0,"ams_product_points_reward":[],"ams_product_discount_percentage":42,"ams_price_to_display":145,"ams_acf":[],"yoast_head":"<!-- This site is optimized with the Yoast SEO Premium plugin v26.6 (Yoast SEO v27.4) - https:\/\/yoast.com\/product\/yoast-seo-premium-wordpress\/ -->\n<title>Baby Carrier Porte b\u00e9b\u00e9 de 4 \u00e0 12 mois, ventral, dorsal (3-12Kg) - Hmizate Expert<\/title>\n<meta name=\"description\" content=\"Donnez \u00e0 votre b\u00e9b\u00e9 le confort et la proximit\u00e9 dont il a besoin tout en profitant de la facilit\u00e9 et de la praticit\u00e9 du Porte-b\u00e9b\u00e9 Baby Carrier.\" \/>\n<meta name=\"robots\" content=\"index, follow, max-snippet:-1, max-image-preview:large, max-video-preview:-1\" \/>\n<link rel=\"canonical\" href=\"https:\/\/hmizatexperts.com\/ar\/product\/baby-carrier-porte-bebe-de-2-a-16-mois-ventral-dorsal\/\" \/>\n<meta property=\"og:locale\" content=\"ar_AR\" \/>\n<meta property=\"og:type\" content=\"article\" \/>\n<meta property=\"og:title\" content=\"Baby Carrier Porte b\u00e9b\u00e9 de 4 \u00e0 12 mois, ventral, dorsal (3-12Kg)\" \/>\n<meta property=\"og:description\" content=\"Donnez \u00e0 votre b\u00e9b\u00e9 le confort et la proximit\u00e9 dont il a besoin tout en profitant de la facilit\u00e9 et de la praticit\u00e9 du Porte-b\u00e9b\u00e9 Baby Carrier.\" \/>\n<meta property=\"og:url\" content=\"https:\/\/hmizatexperts.com\/ar\/product\/baby-carrier-porte-bebe-de-2-a-16-mois-ventral-dorsal\/\" \/>\n<meta property=\"og:site_name\" content=\"Hmizate Expert\" \/>\n<meta property=\"article:publisher\" content=\"https:\/\/www.facebook.com\/hmizatexperts\" \/>\n<meta property=\"article:modified_time\" content=\"2025-12-19T11:54:42+00:00\" \/>\n<meta property=\"og:image\" content=\"https:\/\/hmizatexperts.com\/wp-content\/uploads\/2022\/08\/1-2.png\" \/>\n\t<meta property=\"og:image:width\" content=\"1280\" \/>\n\t<meta property=\"og:image:height\" content=\"720\" \/>\n\t<meta property=\"og:image:type\" content=\"image\/png\" \/>\n<meta name=\"twitter:card\" content=\"summary_large_image\" \/>\n<meta name=\"twitter:site\" content=\"@ExpertsHmizate\" \/>\n<meta name=\"twitter:label1\" content=\"\u0648\u0642\u062a \u0627\u0644\u0642\u0631\u0627\u0621\u0629 \u0627\u0644\u0645\u064f\u0642\u062f\u0651\u0631\" \/>\n\t<meta name=\"twitter:data1\" content=\"3 \u062f\u0642\u0627\u0626\u0642\" \/>\n<script type=\"application\/ld+json\" class=\"yoast-schema-graph\">{\"@context\":\"https:\\\/\\\/schema.org\",\"@graph\":[{\"@type\":\"WebPage\",\"@id\":\"https:\\\/\\\/hmizatexperts.com\\\/product\\\/baby-carrier-porte-bebe-de-2-a-16-mois-ventral-dorsal\\\/\",\"url\":\"https:\\\/\\\/hmizatexperts.com\\\/product\\\/baby-carrier-porte-bebe-de-2-a-16-mois-ventral-dorsal\\\/\",\"name\":\"Baby Carrier Porte b\u00e9b\u00e9 de 4 \u00e0 12 mois, ventral, dorsal (3-12Kg) - Hmizate Expert\",\"isPartOf\":{\"@id\":\"https:\\\/\\\/hmizatexperts.com\\\/#website\"},\"primaryImageOfPage\":{\"@id\":\"https:\\\/\\\/hmizatexperts.com\\\/product\\\/baby-carrier-porte-bebe-de-2-a-16-mois-ventral-dorsal\\\/#primaryimage\"},\"image\":{\"@id\":\"https:\\\/\\\/hmizatexperts.com\\\/product\\\/baby-carrier-porte-bebe-de-2-a-16-mois-ventral-dorsal\\\/#primaryimage\"},\"thumbnailUrl\":\"https:\\\/\\\/hmizatexperts.com\\\/wp-content\\\/uploads\\\/2022\\\/08\\\/1-2.png\",\"datePublished\":\"2022-08-19T14:53:19+00:00\",\"dateModified\":\"2025-12-19T11:54:42+00:00\",\"description\":\"Donnez \u00e0 votre b\u00e9b\u00e9 le confort et la proximit\u00e9 dont il a besoin tout en profitant de la facilit\u00e9 et de la praticit\u00e9 du Porte-b\u00e9b\u00e9 Baby Carrier.\",\"breadcrumb\":{\"@id\":\"https:\\\/\\\/hmizatexperts.com\\\/product\\\/baby-carrier-porte-bebe-de-2-a-16-mois-ventral-dorsal\\\/#breadcrumb\"},\"inLanguage\":\"ar\",\"potentialAction\":[{\"@type\":\"ReadAction\",\"target\":[\"https:\\\/\\\/hmizatexperts.com\\\/product\\\/baby-carrier-porte-bebe-de-2-a-16-mois-ventral-dorsal\\\/\"]}]},{\"@type\":\"ImageObject\",\"inLanguage\":\"ar\",\"@id\":\"https:\\\/\\\/hmizatexperts.com\\\/product\\\/baby-carrier-porte-bebe-de-2-a-16-mois-ventral-dorsal\\\/#primaryimage\",\"url\":\"https:\\\/\\\/hmizatexperts.com\\\/wp-content\\\/uploads\\\/2022\\\/08\\\/1-2.png\",\"contentUrl\":\"https:\\\/\\\/hmizatexperts.com\\\/wp-content\\\/uploads\\\/2022\\\/08\\\/1-2.png\",\"width\":1280,\"height\":720},{\"@type\":\"BreadcrumbList\",\"@id\":\"https:\\\/\\\/hmizatexperts.com\\\/product\\\/baby-carrier-porte-bebe-de-2-a-16-mois-ventral-dorsal\\\/#breadcrumb\",\"itemListElement\":[{\"@type\":\"ListItem\",\"position\":1,\"name\":\"Accueil\",\"item\":\"https:\\\/\\\/hmizatexperts.com\\\/\"},{\"@type\":\"ListItem\",\"position\":2,\"name\":\"Shop\",\"item\":\"https:\\\/\\\/hmizatexperts.com\\\/shop\\\/\"},{\"@type\":\"ListItem\",\"position\":3,\"name\":\"Baby Carrier Porte b\u00e9b\u00e9 de 4 \u00e0 12 mois, ventral, dorsal (3-12Kg)\"}]},{\"@type\":\"WebSite\",\"@id\":\"https:\\\/\\\/hmizatexperts.com\\\/#website\",\"url\":\"https:\\\/\\\/hmizatexperts.com\\\/\",\"name\":\"Hmizate Expert\",\"description\":\"Nos offres aux meilleurs prix et qualit\u00e9\",\"publisher\":{\"@id\":\"https:\\\/\\\/hmizatexperts.com\\\/#organization\"},\"potentialAction\":[{\"@type\":\"SearchAction\",\"target\":{\"@type\":\"EntryPoint\",\"urlTemplate\":\"https:\\\/\\\/hmizatexperts.com\\\/?s={search_term_string}\"},\"query-input\":{\"@type\":\"PropertyValueSpecification\",\"valueRequired\":true,\"valueName\":\"search_term_string\"}}],\"inLanguage\":\"ar\"},{\"@type\":\"Organization\",\"@id\":\"https:\\\/\\\/hmizatexperts.com\\\/#organization\",\"name\":\"Hmizate Expert\",\"url\":\"https:\\\/\\\/hmizatexperts.com\\\/\",\"logo\":{\"@type\":\"ImageObject\",\"inLanguage\":\"ar\",\"@id\":\"https:\\\/\\\/hmizatexperts.com\\\/#\\\/schema\\\/logo\\\/image\\\/\",\"url\":\"https:\\\/\\\/hmizatexperts.com\\\/wp-content\\\/uploads\\\/2021\\\/05\\\/logo_HE2-removebg-preview.png\",\"contentUrl\":\"https:\\\/\\\/hmizatexperts.com\\\/wp-content\\\/uploads\\\/2021\\\/05\\\/logo_HE2-removebg-preview.png\",\"width\":800,\"height\":312,\"caption\":\"Hmizate Expert\"},\"image\":{\"@id\":\"https:\\\/\\\/hmizatexperts.com\\\/#\\\/schema\\\/logo\\\/image\\\/\"},\"sameAs\":[\"https:\\\/\\\/www.facebook.com\\\/hmizatexperts\",\"https:\\\/\\\/x.com\\\/ExpertsHmizate\"]}]}<\/script>\n<!-- \/ Yoast SEO Premium plugin. -->","yoast_head_json":{"title":"Baby Carrier Porte b\u00e9b\u00e9 de 4 \u00e0 12 mois, ventral, dorsal (3-12Kg) - Hmizate Expert","description":"Donnez \u00e0 votre b\u00e9b\u00e9 le confort et la proximit\u00e9 dont il a besoin tout en profitant de la facilit\u00e9 et de la praticit\u00e9 du Porte-b\u00e9b\u00e9 Baby Carrier.","robots":{"index":"index","follow":"follow","max-snippet":"max-snippet:-1","max-image-preview":"max-image-preview:large","max-video-preview":"max-video-preview:-1"},"canonical":"https:\/\/hmizatexperts.com\/ar\/product\/baby-carrier-porte-bebe-de-2-a-16-mois-ventral-dorsal\/","og_locale":"ar_AR","og_type":"article","og_title":"Baby Carrier Porte b\u00e9b\u00e9 de 4 \u00e0 12 mois, ventral, dorsal (3-12Kg)","og_description":"Donnez \u00e0 votre b\u00e9b\u00e9 le confort et la proximit\u00e9 dont il a besoin tout en profitant de la facilit\u00e9 et de la praticit\u00e9 du Porte-b\u00e9b\u00e9 Baby Carrier.","og_url":"https:\/\/hmizatexperts.com\/ar\/product\/baby-carrier-porte-bebe-de-2-a-16-mois-ventral-dorsal\/","og_site_name":"Hmizate Expert","article_publisher":"https:\/\/www.facebook.com\/hmizatexperts","article_modified_time":"2025-12-19T11:54:42+00:00","og_image":[{"width":1280,"height":720,"url":"https:\/\/hmizatexperts.com\/wp-content\/uploads\/2022\/08\/1-2.png","type":"image\/png"}],"twitter_card":"summary_large_image","twitter_site":"@ExpertsHmizate","twitter_misc":{"\u0648\u0642\u062a \u0627\u0644\u0642\u0631\u0627\u0621\u0629 \u0627\u0644\u0645\u064f\u0642\u062f\u0651\u0631":"3 \u062f\u0642\u0627\u0626\u0642"},"schema":{"@context":"https:\/\/schema.org","@graph":[{"@type":"WebPage","@id":"https:\/\/hmizatexperts.com\/product\/baby-carrier-porte-bebe-de-2-a-16-mois-ventral-dorsal\/","url":"https:\/\/hmizatexperts.com\/product\/baby-carrier-porte-bebe-de-2-a-16-mois-ventral-dorsal\/","name":"Baby Carrier Porte b\u00e9b\u00e9 de 4 \u00e0 12 mois, ventral, dorsal (3-12Kg) - Hmizate Expert","isPartOf":{"@id":"https:\/\/hmizatexperts.com\/#website"},"primaryImageOfPage":{"@id":"https:\/\/hmizatexperts.com\/product\/baby-carrier-porte-bebe-de-2-a-16-mois-ventral-dorsal\/#primaryimage"},"image":{"@id":"https:\/\/hmizatexperts.com\/product\/baby-carrier-porte-bebe-de-2-a-16-mois-ventral-dorsal\/#primaryimage"},"thumbnailUrl":"https:\/\/hmizatexperts.com\/wp-content\/uploads\/2022\/08\/1-2.png","datePublished":"2022-08-19T14:53:19+00:00","dateModified":"2025-12-19T11:54:42+00:00","description":"Donnez \u00e0 votre b\u00e9b\u00e9 le confort et la proximit\u00e9 dont il a besoin tout en profitant de la facilit\u00e9 et de la praticit\u00e9 du Porte-b\u00e9b\u00e9 Baby Carrier.","breadcrumb":{"@id":"https:\/\/hmizatexperts.com\/product\/baby-carrier-porte-bebe-de-2-a-16-mois-ventral-dorsal\/#breadcrumb"},"inLanguage":"ar","potentialAction":[{"@type":"ReadAction","target":["https:\/\/hmizatexperts.com\/product\/baby-carrier-porte-bebe-de-2-a-16-mois-ventral-dorsal\/"]}]},{"@type":"ImageObject","inLanguage":"ar","@id":"https:\/\/hmizatexperts.com\/product\/baby-carrier-porte-bebe-de-2-a-16-mois-ventral-dorsal\/#primaryimage","url":"https:\/\/hmizatexperts.com\/wp-content\/uploads\/2022\/08\/1-2.png","contentUrl":"https:\/\/hmizatexperts.com\/wp-content\/uploads\/2022\/08\/1-2.png","width":1280,"height":720},{"@type":"BreadcrumbList","@id":"https:\/\/hmizatexperts.com\/product\/baby-carrier-porte-bebe-de-2-a-16-mois-ventral-dorsal\/#breadcrumb","itemListElement":[{"@type":"ListItem","position":1,"name":"Accueil","item":"https:\/\/hmizatexperts.com\/"},{"@type":"ListItem","position":2,"name":"Shop","item":"https:\/\/hmizatexperts.com\/shop\/"},{"@type":"ListItem","position":3,"name":"Baby Carrier Porte b\u00e9b\u00e9 de 4 \u00e0 12 mois, ventral, dorsal (3-12Kg)"}]},{"@type":"WebSite","@id":"https:\/\/hmizatexperts.com\/#website","url":"https:\/\/hmizatexperts.com\/","name":"\u062e\u0628\u064a\u0631 \u0641\u064a \u0627\u0644\u062d\u0634\u0645\u0629","description":"\u0639\u0631\u0648\u0636\u0646\u0627 \u0628\u0623\u0641\u0636\u0644 \u0627\u0644\u0623\u0633\u0639\u0627\u0631 \u0648\u0627\u0644\u062c\u0648\u062f\u0629","publisher":{"@id":"https:\/\/hmizatexperts.com\/#organization"},"potentialAction":[{"@type":"SearchAction","target":{"@type":"EntryPoint","urlTemplate":"https:\/\/hmizatexperts.com\/?s={search_term_string}"},"query-input":{"@type":"PropertyValueSpecification","valueRequired":true,"valueName":"search_term_string"}}],"inLanguage":"ar"},{"@type":"Organization","@id":"https:\/\/hmizatexperts.com\/#organization","name":"\u062e\u0628\u064a\u0631 \u0641\u064a \u0627\u0644\u062d\u0634\u0645\u0629","url":"https:\/\/hmizatexperts.com\/","logo":{"@type":"ImageObject","inLanguage":"ar","@id":"https:\/\/hmizatexperts.com\/#\/schema\/logo\/image\/","url":"https:\/\/hmizatexperts.com\/wp-content\/uploads\/2021\/05\/logo_HE2-removebg-preview.png","contentUrl":"https:\/\/hmizatexperts.com\/wp-content\/uploads\/2021\/05\/logo_HE2-removebg-preview.png","width":800,"height":312,"caption":"Hmizate Expert"},"image":{"@id":"https:\/\/hmizatexperts.com\/#\/schema\/logo\/image\/"},"sameAs":["https:\/\/www.facebook.com\/hmizatexperts","https:\/\/x.com\/ExpertsHmizate"]}]}},"_links":{"self":[{"href":"https:\/\/hmizatexperts.com\/ar\/wp-json\/wp\/v2\/product\/1570","targetHints":{"allow":["GET"]}}],"collection":[{"href":"https:\/\/hmizatexperts.com\/ar\/wp-json\/wp\/v2\/product"}],"about":[{"href":"https:\/\/hmizatexperts.com\/ar\/wp-json\/wp\/v2\/types\/product"}],"replies":[{"embeddable":true,"href":"https:\/\/hmizatexperts.com\/ar\/wp-json\/wp\/v2\/comments?post=1570"}],"wp:featuredmedia":[{"embeddable":true,"href":"https:\/\/hmizatexperts.com\/ar\/wp-json\/wp\/v2\/media\/1575"}],"wp:attachment":[{"href":"https:\/\/hmizatexperts.com\/ar\/wp-json\/wp\/v2\/media?parent=1570"}],"wp:term":[{"taxonomy":"product_brand","embeddable":true,"href":"https:\/\/hmizatexperts.com\/ar\/wp-json\/wp\/v2\/product_brand?post=1570"},{"taxonomy":"product_cat","embeddable":true,"href":"https:\/\/hmizatexperts.com\/ar\/wp-json\/wp\/v2\/product_cat?post=1570"},{"taxonomy":"product_tag","embeddable":true,"href":"https:\/\/hmizatexperts.com\/ar\/wp-json\/wp\/v2\/product_tag?post=1570"}],"curies":[{"name":"wp","href":"https:\/\/api.w.org\/{rel}","templated":true}]}}