{"id":1623,"date":"2022-08-27T12:34:49","date_gmt":"2022-08-27T11:34:49","guid":{"rendered":"https:\/\/hmizatexperts.com\/?post_type=product&#038;p=1623"},"modified":"2025-08-14T11:53:12","modified_gmt":"2025-08-14T10:53:12","slug":"nettoyant-en-mousse-polyvalent","status":"publish","type":"product","link":"https:\/\/hmizatexperts.com\/ar\/product\/nettoyant-en-mousse-polyvalent\/","title":{"rendered":"\u0645\u0646\u0638\u0641 \u0631\u063a\u0648\u064a \u0645\u062a\u0639\u062f\u062f \u0627\u0644\u0623\u063a\u0631\u0627\u0636"},"content":{"rendered":"<p>\u0627\u0643\u062a\u0634\u0641 \u0627\u0644\u0637\u0631\u064a\u0642\u0629 \u0627\u0644\u0623\u0643\u062b\u0631 \u0645\u062a\u0639\u0629 \u0644\u062c\u0639\u0644 \u0627\u0644\u062c\u0632\u0621 \u0627\u0644\u062f\u0627\u062e\u0644\u064a \u0644\u0633\u064a\u0627\u0631\u062a\u0643 \u064a\u062a\u0623\u0644\u0642 \u0645\u0639 \u0641\u0644\u0627\u0645\u064a\u0646\u063a\u0648.<\/p>\n<p>\u0641\u0644\u0627\u0645\u064a\u0646\u063a\u0648\u060c \u0645\u0646\u0638\u0641 \u0627\u0644\u0631\u063a\u0648\u0629 \u0645\u062a\u0639\u062f\u062f \u0627\u0644\u0627\u0633\u062a\u062e\u062f\u0627\u0645\u0627\u062a \u0627\u0644\u0645\u0635\u0645\u0645 \u0644\u0644\u0633\u064a\u0627\u0631\u0627\u062a \u0648\u0627\u0644\u0645\u0643\u0627\u062a\u0628 \u0648\u0627\u0644\u0645\u0646\u0627\u0632\u0644\u060c \u064a\u0642\u062f\u0645 \u062d\u0644\u0627\u064b \u0641\u0639\u0627\u0644\u0627\u064b \u0644\u0625\u0639\u0627\u062f\u0629 \u0627\u0644\u062d\u064a\u0648\u064a\u0629 \u0625\u0644\u0649 \u0623\u0633\u0637\u062d \u0627\u0644\u0641\u064a\u0646\u064a\u0644 \u0648\u0627\u0644\u0642\u0645\u0627\u0634 \u0648\u0633\u062c\u0627\u062f \u0627\u0644\u0623\u0631\u0636\u064a\u0627\u062a \u0648\u062d\u062a\u0649 \u0627\u0644\u0623\u0633\u0637\u062d \u0627\u0644\u062c\u0644\u062f\u064a\u0629. \u0628\u0641\u0636\u0644 \u062a\u0631\u0643\u064a\u0628\u062a\u0647 \u0627\u0644\u062e\u0627\u0635\u0629\u060c \u0641\u0647\u0648 \u0645\u062b\u0627\u0644\u064a \u0644\u062a\u0646\u0638\u064a\u0641 \u062c\u0645\u064a\u0639 \u0627\u0644\u0623\u0633\u0637\u062d \u0627\u0644\u0642\u0627\u0628\u0644\u0629 \u0644\u0644\u063a\u0633\u0644 \u0623\u0648 \u0627\u0644\u0645\u0637\u0644\u064a\u0629.<\/p>\n<p>\u0639\u0646\u062f \u0627\u0633\u062a\u062e\u062f\u0627\u0645 \u0631\u063a\u0648\u0629 \u0627\u0644\u062a\u0646\u0638\u064a\u0641 \u0627\u0644\u0639\u0645\u064a\u0642 \u0645\u0646 \u0641\u0644\u0627\u0645\u064a\u0646\u063a\u0648\u060c \u0633\u062a\u0634\u0639\u0631 \u0628\u062a\u0623\u062b\u064a\u0631 \u0633\u062d\u0631\u064a \u064a\u0632\u064a\u0644 \u0627\u0644\u0623\u0648\u0633\u0627\u062e \u0627\u0644\u0639\u0646\u064a\u062f\u0629 \u0648\u064a\u0633\u0627\u0639\u062f \u0639\u0644\u0649 \u0627\u0633\u062a\u0639\u0627\u062f\u0629 \u0627\u0644\u0644\u0648\u0646 \u0648\u0627\u0644\u0645\u0638\u0647\u0631 \u0627\u0644\u0623\u0635\u0644\u064a\u064a\u0646 \u0644\u0633\u064a\u0627\u0631\u062a\u0643. \u0633\u062a\u0633\u062a\u0639\u064a\u062f \u0633\u064a\u0627\u0631\u062a\u0643 \u0628\u0631\u064a\u0642\u0647\u0627\u060c \u0648\u0644\u0643\u0646 \u0641\u0644\u0627\u0645\u064a\u0646\u063a\u0648 \u0644\u0627 \u062a\u062a\u0648\u0642\u0641 \u0639\u0646\u062f \u0647\u0630\u0627 \u0627\u0644\u062d\u062f.<\/p>\n<p>\u0628\u0627\u0639\u062a\u0628\u0627\u0631\u0647 \u0645\u0646\u062a\u062c\u064b\u0627 \u0645\u062a\u0639\u062f\u062f \u0627\u0644\u0627\u0633\u062a\u062e\u062f\u0627\u0645\u0627\u062a \u0644\u0644\u0645\u0646\u0632\u0644\u060c \u064a\u062b\u0628\u062a \u0641\u0644\u0627\u0645\u064a\u0646\u063a\u0648 \u0623\u0646\u0647 \u0627\u0644\u0634\u0631\u064a\u0643 \u0627\u0644\u0645\u062b\u0627\u0644\u064a \u0644\u062a\u0646\u0638\u064a\u0641 \u0627\u0644\u0623\u062c\u0647\u0632\u0629 \u0627\u0644\u0645\u0646\u0632\u0644\u064a\u0629\u060c \u0648\u0623\u0633\u0637\u062d \u0627\u0644\u0641\u0648\u0631\u0645\u064a\u0643\u0627\u060c \u0648\u0625\u0643\u0633\u0633\u0648\u0627\u0631\u0627\u062a \u0627\u0644\u062d\u0645\u0627\u0645\u060c \u0648\u0628\u0644\u0627\u0637 \u0627\u0644\u0623\u0633\u0641\u0644\u062a \u0623\u0648 \u0627\u0644\u0633\u064a\u0631\u0627\u0645\u064a\u0643\u060c \u0648\u0627\u0644\u062c\u062f\u0631\u0627\u0646 \u0627\u0644\u0645\u0637\u0644\u064a\u0629\u060c \u0648\u0623\u063a\u0637\u064a\u0629 \u0627\u0644\u062c\u062f\u0631\u0627\u0646\u060c \u0648\u0627\u0644\u0634\u0627\u0634\u0627\u062a\u060c \u0648\u0645\u0631\u0627\u0648\u062d \u0627\u0644\u0646\u0648\u0627\u0641\u0630\u060c \u0648\u0627\u0644\u062e\u0632\u0641\u060c \u0648\u0627\u0644\u062e\u0634\u0628 \u0627\u0644\u0645\u0637\u0644\u064a\u060c \u0648\u062d\u062a\u0649 \u0627\u0644\u0645\u0639\u062f\u0646.<\/p>\n<p>\u062f\u0639 \u0641\u0644\u0627\u0645\u064a\u0646\u063a\u0648 \u064a\u0642\u0648\u0645 \u0628\u0639\u0645\u0644\u0647\u060c \u0648\u0633\u064a\u0632\u064a\u0644 \u062c\u0645\u064a\u0639 \u0627\u0644\u0623\u0648\u0633\u0627\u062e \u0648\u0627\u0644\u0628\u0642\u0639 \u0645\u0646 \u0627\u0644\u0645\u0641\u0631\u0648\u0634\u0627\u062a \u0627\u0644\u0645\u0635\u0646\u0648\u0639\u0629 \u0645\u0646 \u0627\u0644\u0641\u064a\u0646\u064a\u0644 \u0623\u0648 \u0627\u0644\u0642\u0645\u0627\u0634\u060c \u0648\u0643\u0630\u0644\u0643 \u0645\u0646 \u0627\u0644\u0633\u062c\u0627\u062f. \u0628\u0648\u0632\u0646 \u0635\u0627\u0641\u064d \u064a\u0628\u0644\u063a 650 \u0645\u0644\u060c \u064a\u0645\u0643\u0646\u0643 \u0627\u0644\u0627\u0639\u062a\u0645\u0627\u062f \u0639\u0644\u0649 \u0643\u0645\u064a\u0629 \u0648\u0641\u064a\u0631\u0629 \u0644\u062a\u0644\u0628\u064a\u0629 \u062c\u0645\u064a\u0639 \u0627\u062d\u062a\u064a\u0627\u062c\u0627\u062a \u0627\u0644\u062a\u0646\u0638\u064a\u0641.<\/p>\n<p>\u0648\u062f\u0651\u0639 \u0627\u0644\u0623\u0648\u0633\u0627\u062e \u0648\u0627\u0644\u0628\u0642\u0639 \u0627\u0644\u0639\u0646\u064a\u062f\u0629 \u0648\u0627\u062e\u062a\u0631 \u0641\u0644\u0627\u0645\u064a\u0646\u063a\u0648\u060c \u062d\u0644\u064a\u0641\u0643 \u0627\u0644\u0623\u0645\u062b\u0644 \u0644\u062c\u0639\u0644 \u0645\u0646\u0632\u0644\u0643 \u0646\u0638\u064a\u0641\u0627\u064b \u062a\u0645\u0627\u0645\u0627\u064b.<\/p>","protected":false},"excerpt":{"rendered":"<p><span data-sheets-root=\"1\">\u0646\u0638\u0651\u0641 \u0645\u0642\u0635\u0648\u0631\u0629 \u0633\u064a\u0627\u0631\u062a\u0643 \u0627\u0644\u062f\u0627\u062e\u0644\u064a\u0629 \u0628\u0627\u0633\u062a\u062e\u062f\u0627\u0645 \u0645\u0646\u0638\u0641 \u0627\u0644\u0631\u063a\u0648\u0629 \u0645\u062a\u0639\u062f\u062f \u0627\u0644\u0623\u063a\u0631\u0627\u0636 \u0641\u0644\u0627\u0645\u064a\u0646\u063a\u0648. \u062a\u0631\u0643\u064a\u0628\u0629 \u0641\u0639\u0651\u0627\u0644\u0629 \u0644\u062a\u0646\u0638\u064a\u0641 \u0639\u0645\u064a\u0642 \u0648\u0631\u0627\u0626\u062d\u0629 \u0645\u0646\u0639\u0634\u0629.<br \/>\n<\/span><\/p>","protected":false},"featured_media":1624,"comment_status":"open","ping_status":"closed","template":"","meta":[],"product_brand":[],"product_cat":[115,46,111,109,37],"product_tag":[],"class_list":{"0":"post-1623","1":"product","2":"type-product","3":"status-publish","4":"has-post-thumbnail","6":"product_cat-accessoires-pour-voitures","7":"product_cat-auto-et-moto","8":"product_cat-bricolage-et-amelioration","9":"product_cat-entretien-et-nettoyage","10":"product_cat-maison-cuisine","11":"location-tout-le-maroc","12":"store-hmizate-experts","13":"entry panel","15":"first","16":"instock","17":"sale","18":"shipping-taxable","19":"purchasable","20":"product-type-simple"},"ams_default_variation_id":0,"ams_product_points_reward":[],"ams_product_discount_percentage":43.72,"ams_price_to_display":121,"ams_acf":[],"yoast_head":"<!-- This site is optimized with the Yoast SEO Premium plugin v26.6 (Yoast SEO v27.4) - https:\/\/yoast.com\/product\/yoast-seo-premium-wordpress\/ -->\n<title>Nettoyant en mousse polyvalent - Hmizate Expert<\/title>\n<meta name=\"description\" content=\"Dites adieu \u00e0 la salet\u00e9 et aux taches tenaces et optez pour Flamingo, votre alli\u00e9 ultime pour rendre votre int\u00e9rieur impeccable.\" \/>\n<meta name=\"robots\" content=\"index, follow, max-snippet:-1, max-image-preview:large, max-video-preview:-1\" \/>\n<link rel=\"canonical\" href=\"https:\/\/hmizatexperts.com\/ar\/product\/nettoyant-en-mousse-polyvalent\/\" \/>\n<meta property=\"og:locale\" content=\"ar_AR\" \/>\n<meta property=\"og:type\" content=\"article\" \/>\n<meta property=\"og:title\" content=\"Nettoyant en mousse polyvalent\" \/>\n<meta property=\"og:description\" content=\"Dites adieu \u00e0 la salet\u00e9 et aux taches tenaces et optez pour Flamingo, votre alli\u00e9 ultime pour rendre votre int\u00e9rieur impeccable.\" \/>\n<meta property=\"og:url\" content=\"https:\/\/hmizatexperts.com\/ar\/product\/nettoyant-en-mousse-polyvalent\/\" \/>\n<meta property=\"og:site_name\" content=\"Hmizate Expert\" \/>\n<meta property=\"article:publisher\" content=\"https:\/\/www.facebook.com\/hmizatexperts\" \/>\n<meta property=\"article:modified_time\" content=\"2025-08-14T10:53:12+00:00\" \/>\n<meta property=\"og:image\" content=\"https:\/\/hmizatexperts.com\/wp-content\/uploads\/2022\/08\/1-3.png\" \/>\n\t<meta property=\"og:image:width\" content=\"1280\" \/>\n\t<meta property=\"og:image:height\" content=\"720\" \/>\n\t<meta property=\"og:image:type\" content=\"image\/png\" \/>\n<meta name=\"twitter:card\" content=\"summary_large_image\" \/>\n<meta name=\"twitter:site\" content=\"@ExpertsHmizate\" \/>\n<meta name=\"twitter:label1\" content=\"\u0648\u0642\u062a \u0627\u0644\u0642\u0631\u0627\u0621\u0629 \u0627\u0644\u0645\u064f\u0642\u062f\u0651\u0631\" \/>\n\t<meta name=\"twitter:data1\" content=\"\u062f\u0642\u064a\u0642\u062a\u0627\u0646\" \/>\n<script type=\"application\/ld+json\" class=\"yoast-schema-graph\">{\"@context\":\"https:\\\/\\\/schema.org\",\"@graph\":[{\"@type\":\"WebPage\",\"@id\":\"https:\\\/\\\/hmizatexperts.com\\\/product\\\/nettoyant-en-mousse-polyvalent\\\/\",\"url\":\"https:\\\/\\\/hmizatexperts.com\\\/product\\\/nettoyant-en-mousse-polyvalent\\\/\",\"name\":\"Nettoyant en mousse polyvalent - Hmizate Expert\",\"isPartOf\":{\"@id\":\"https:\\\/\\\/hmizatexperts.com\\\/#website\"},\"primaryImageOfPage\":{\"@id\":\"https:\\\/\\\/hmizatexperts.com\\\/product\\\/nettoyant-en-mousse-polyvalent\\\/#primaryimage\"},\"image\":{\"@id\":\"https:\\\/\\\/hmizatexperts.com\\\/product\\\/nettoyant-en-mousse-polyvalent\\\/#primaryimage\"},\"thumbnailUrl\":\"https:\\\/\\\/hmizatexperts.com\\\/wp-content\\\/uploads\\\/2022\\\/08\\\/1-3.png\",\"datePublished\":\"2022-08-27T11:34:49+00:00\",\"dateModified\":\"2025-08-14T10:53:12+00:00\",\"description\":\"Dites adieu \u00e0 la salet\u00e9 et aux taches tenaces et optez pour Flamingo, votre alli\u00e9 ultime pour rendre votre int\u00e9rieur impeccable.\",\"breadcrumb\":{\"@id\":\"https:\\\/\\\/hmizatexperts.com\\\/product\\\/nettoyant-en-mousse-polyvalent\\\/#breadcrumb\"},\"inLanguage\":\"ar\",\"potentialAction\":[{\"@type\":\"ReadAction\",\"target\":[\"https:\\\/\\\/hmizatexperts.com\\\/product\\\/nettoyant-en-mousse-polyvalent\\\/\"]}]},{\"@type\":\"ImageObject\",\"inLanguage\":\"ar\",\"@id\":\"https:\\\/\\\/hmizatexperts.com\\\/product\\\/nettoyant-en-mousse-polyvalent\\\/#primaryimage\",\"url\":\"https:\\\/\\\/hmizatexperts.com\\\/wp-content\\\/uploads\\\/2022\\\/08\\\/1-3.png\",\"contentUrl\":\"https:\\\/\\\/hmizatexperts.com\\\/wp-content\\\/uploads\\\/2022\\\/08\\\/1-3.png\",\"width\":1280,\"height\":720},{\"@type\":\"BreadcrumbList\",\"@id\":\"https:\\\/\\\/hmizatexperts.com\\\/product\\\/nettoyant-en-mousse-polyvalent\\\/#breadcrumb\",\"itemListElement\":[{\"@type\":\"ListItem\",\"position\":1,\"name\":\"Accueil\",\"item\":\"https:\\\/\\\/hmizatexperts.com\\\/\"},{\"@type\":\"ListItem\",\"position\":2,\"name\":\"Shop\",\"item\":\"https:\\\/\\\/hmizatexperts.com\\\/shop\\\/\"},{\"@type\":\"ListItem\",\"position\":3,\"name\":\"Nettoyant en mousse polyvalent\"}]},{\"@type\":\"WebSite\",\"@id\":\"https:\\\/\\\/hmizatexperts.com\\\/#website\",\"url\":\"https:\\\/\\\/hmizatexperts.com\\\/\",\"name\":\"Hmizate Expert\",\"description\":\"Nos offres aux meilleurs prix et qualit\u00e9\",\"publisher\":{\"@id\":\"https:\\\/\\\/hmizatexperts.com\\\/#organization\"},\"potentialAction\":[{\"@type\":\"SearchAction\",\"target\":{\"@type\":\"EntryPoint\",\"urlTemplate\":\"https:\\\/\\\/hmizatexperts.com\\\/?s={search_term_string}\"},\"query-input\":{\"@type\":\"PropertyValueSpecification\",\"valueRequired\":true,\"valueName\":\"search_term_string\"}}],\"inLanguage\":\"ar\"},{\"@type\":\"Organization\",\"@id\":\"https:\\\/\\\/hmizatexperts.com\\\/#organization\",\"name\":\"Hmizate Expert\",\"url\":\"https:\\\/\\\/hmizatexperts.com\\\/\",\"logo\":{\"@type\":\"ImageObject\",\"inLanguage\":\"ar\",\"@id\":\"https:\\\/\\\/hmizatexperts.com\\\/#\\\/schema\\\/logo\\\/image\\\/\",\"url\":\"https:\\\/\\\/hmizatexperts.com\\\/wp-content\\\/uploads\\\/2021\\\/05\\\/logo_HE2-removebg-preview.png\",\"contentUrl\":\"https:\\\/\\\/hmizatexperts.com\\\/wp-content\\\/uploads\\\/2021\\\/05\\\/logo_HE2-removebg-preview.png\",\"width\":800,\"height\":312,\"caption\":\"Hmizate Expert\"},\"image\":{\"@id\":\"https:\\\/\\\/hmizatexperts.com\\\/#\\\/schema\\\/logo\\\/image\\\/\"},\"sameAs\":[\"https:\\\/\\\/www.facebook.com\\\/hmizatexperts\",\"https:\\\/\\\/x.com\\\/ExpertsHmizate\"]}]}<\/script>\n<!-- \/ Yoast SEO Premium plugin. -->","yoast_head_json":{"title":"Nettoyant en mousse polyvalent - Hmizate Expert","description":"\u0648\u062f\u0651\u0639 \u0627\u0644\u0623\u0648\u0633\u0627\u062e \u0648\u0627\u0644\u0628\u0642\u0639 \u0627\u0644\u0639\u0646\u064a\u062f\u0629 \u0648\u0627\u062e\u062a\u0631 \u0641\u0644\u0627\u0645\u064a\u0646\u063a\u0648\u060c \u062d\u0644\u064a\u0641\u0643 \u0627\u0644\u0623\u0645\u062b\u0644 \u0644\u062c\u0639\u0644 \u0645\u0646\u0632\u0644\u0643 \u0646\u0638\u064a\u0641\u0627\u064b \u062a\u0645\u0627\u0645\u0627\u064b.","robots":{"index":"index","follow":"follow","max-snippet":"max-snippet:-1","max-image-preview":"max-image-preview:large","max-video-preview":"max-video-preview:-1"},"canonical":"https:\/\/hmizatexperts.com\/ar\/product\/nettoyant-en-mousse-polyvalent\/","og_locale":"ar_AR","og_type":"article","og_title":"Nettoyant en mousse polyvalent","og_description":"Dites adieu \u00e0 la salet\u00e9 et aux taches tenaces et optez pour Flamingo, votre alli\u00e9 ultime pour rendre votre int\u00e9rieur impeccable.","og_url":"https:\/\/hmizatexperts.com\/ar\/product\/nettoyant-en-mousse-polyvalent\/","og_site_name":"Hmizate Expert","article_publisher":"https:\/\/www.facebook.com\/hmizatexperts","article_modified_time":"2025-08-14T10:53:12+00:00","og_image":[{"width":1280,"height":720,"url":"https:\/\/hmizatexperts.com\/wp-content\/uploads\/2022\/08\/1-3.png","type":"image\/png"}],"twitter_card":"summary_large_image","twitter_site":"@ExpertsHmizate","twitter_misc":{"\u0648\u0642\u062a \u0627\u0644\u0642\u0631\u0627\u0621\u0629 \u0627\u0644\u0645\u064f\u0642\u062f\u0651\u0631":"\u062f\u0642\u064a\u0642\u062a\u0627\u0646"},"schema":{"@context":"https:\/\/schema.org","@graph":[{"@type":"WebPage","@id":"https:\/\/hmizatexperts.com\/product\/nettoyant-en-mousse-polyvalent\/","url":"https:\/\/hmizatexperts.com\/product\/nettoyant-en-mousse-polyvalent\/","name":"Nettoyant en mousse polyvalent - Hmizate Expert","isPartOf":{"@id":"https:\/\/hmizatexperts.com\/#website"},"primaryImageOfPage":{"@id":"https:\/\/hmizatexperts.com\/product\/nettoyant-en-mousse-polyvalent\/#primaryimage"},"image":{"@id":"https:\/\/hmizatexperts.com\/product\/nettoyant-en-mousse-polyvalent\/#primaryimage"},"thumbnailUrl":"https:\/\/hmizatexperts.com\/wp-content\/uploads\/2022\/08\/1-3.png","datePublished":"2022-08-27T11:34:49+00:00","dateModified":"2025-08-14T10:53:12+00:00","description":"\u0648\u062f\u0651\u0639 \u0627\u0644\u0623\u0648\u0633\u0627\u062e \u0648\u0627\u0644\u0628\u0642\u0639 \u0627\u0644\u0639\u0646\u064a\u062f\u0629 \u0648\u0627\u062e\u062a\u0631 \u0641\u0644\u0627\u0645\u064a\u0646\u063a\u0648\u060c \u062d\u0644\u064a\u0641\u0643 \u0627\u0644\u0623\u0645\u062b\u0644 \u0644\u062c\u0639\u0644 \u0645\u0646\u0632\u0644\u0643 \u0646\u0638\u064a\u0641\u0627\u064b \u062a\u0645\u0627\u0645\u0627\u064b.","breadcrumb":{"@id":"https:\/\/hmizatexperts.com\/product\/nettoyant-en-mousse-polyvalent\/#breadcrumb"},"inLanguage":"ar","potentialAction":[{"@type":"ReadAction","target":["https:\/\/hmizatexperts.com\/product\/nettoyant-en-mousse-polyvalent\/"]}]},{"@type":"ImageObject","inLanguage":"ar","@id":"https:\/\/hmizatexperts.com\/product\/nettoyant-en-mousse-polyvalent\/#primaryimage","url":"https:\/\/hmizatexperts.com\/wp-content\/uploads\/2022\/08\/1-3.png","contentUrl":"https:\/\/hmizatexperts.com\/wp-content\/uploads\/2022\/08\/1-3.png","width":1280,"height":720},{"@type":"BreadcrumbList","@id":"https:\/\/hmizatexperts.com\/product\/nettoyant-en-mousse-polyvalent\/#breadcrumb","itemListElement":[{"@type":"ListItem","position":1,"name":"Accueil","item":"https:\/\/hmizatexperts.com\/"},{"@type":"ListItem","position":2,"name":"Shop","item":"https:\/\/hmizatexperts.com\/shop\/"},{"@type":"ListItem","position":3,"name":"Nettoyant en mousse polyvalent"}]},{"@type":"WebSite","@id":"https:\/\/hmizatexperts.com\/#website","url":"https:\/\/hmizatexperts.com\/","name":"\u062e\u0628\u064a\u0631 \u0641\u064a \u0627\u0644\u062d\u0634\u0645\u0629","description":"\u0639\u0631\u0648\u0636\u0646\u0627 \u0628\u0623\u0641\u0636\u0644 \u0627\u0644\u0623\u0633\u0639\u0627\u0631 \u0648\u0627\u0644\u062c\u0648\u062f\u0629","publisher":{"@id":"https:\/\/hmizatexperts.com\/#organization"},"potentialAction":[{"@type":"SearchAction","target":{"@type":"EntryPoint","urlTemplate":"https:\/\/hmizatexperts.com\/?s={search_term_string}"},"query-input":{"@type":"PropertyValueSpecification","valueRequired":true,"valueName":"search_term_string"}}],"inLanguage":"ar"},{"@type":"Organization","@id":"https:\/\/hmizatexperts.com\/#organization","name":"\u062e\u0628\u064a\u0631 \u0641\u064a \u0627\u0644\u062d\u0634\u0645\u0629","url":"https:\/\/hmizatexperts.com\/","logo":{"@type":"ImageObject","inLanguage":"ar","@id":"https:\/\/hmizatexperts.com\/#\/schema\/logo\/image\/","url":"https:\/\/hmizatexperts.com\/wp-content\/uploads\/2021\/05\/logo_HE2-removebg-preview.png","contentUrl":"https:\/\/hmizatexperts.com\/wp-content\/uploads\/2021\/05\/logo_HE2-removebg-preview.png","width":800,"height":312,"caption":"Hmizate Expert"},"image":{"@id":"https:\/\/hmizatexperts.com\/#\/schema\/logo\/image\/"},"sameAs":["https:\/\/www.facebook.com\/hmizatexperts","https:\/\/x.com\/ExpertsHmizate"]}]}},"_links":{"self":[{"href":"https:\/\/hmizatexperts.com\/ar\/wp-json\/wp\/v2\/product\/1623","targetHints":{"allow":["GET"]}}],"collection":[{"href":"https:\/\/hmizatexperts.com\/ar\/wp-json\/wp\/v2\/product"}],"about":[{"href":"https:\/\/hmizatexperts.com\/ar\/wp-json\/wp\/v2\/types\/product"}],"replies":[{"embeddable":true,"href":"https:\/\/hmizatexperts.com\/ar\/wp-json\/wp\/v2\/comments?post=1623"}],"wp:featuredmedia":[{"embeddable":true,"href":"https:\/\/hmizatexperts.com\/ar\/wp-json\/wp\/v2\/media\/1624"}],"wp:attachment":[{"href":"https:\/\/hmizatexperts.com\/ar\/wp-json\/wp\/v2\/media?parent=1623"}],"wp:term":[{"taxonomy":"product_brand","embeddable":true,"href":"https:\/\/hmizatexperts.com\/ar\/wp-json\/wp\/v2\/product_brand?post=1623"},{"taxonomy":"product_cat","embeddable":true,"href":"https:\/\/hmizatexperts.com\/ar\/wp-json\/wp\/v2\/product_cat?post=1623"},{"taxonomy":"product_tag","embeddable":true,"href":"https:\/\/hmizatexperts.com\/ar\/wp-json\/wp\/v2\/product_tag?post=1623"}],"curies":[{"name":"wp","href":"https:\/\/api.w.org\/{rel}","templated":true}]}}