{"id":1909,"date":"2024-08-15T21:16:55","date_gmt":"2024-08-15T20:16:55","guid":{"rendered":"https:\/\/hmizatexperts.com\/?post_type=product&#038;p=1909"},"modified":"2025-08-14T11:51:10","modified_gmt":"2025-08-14T10:51:10","slug":"gants-de-nettoyage-en-silicone-reutilisable","status":"publish","type":"product","link":"https:\/\/hmizatexperts.com\/ar\/product\/gants-de-nettoyage-en-silicone-reutilisable\/","title":{"rendered":"\u0642\u0641\u0627\u0632\u0627\u062a \u062a\u0646\u0638\u064a\u0641 \u0645\u0646 \u0627\u0644\u0633\u064a\u0644\u064a\u0643\u0648\u0646"},"content":{"rendered":"<div class=\"flex-shrink-0 flex flex-col relative items-end\">\n<div>\n<div class=\"pt-0\">\n<div class=\"gizmo-bot-avatar flex h-8 w-8 items-center justify-center overflow-hidden rounded-full\">\n<div class=\"relative p-1 rounded-sm flex items-center justify-center bg-token-main-surface-primary text-token-text-primary h-8 w-8\"><\/div>\n<\/div>\n<\/div>\n<\/div>\n<\/div>\n<div class=\"group\/conversation-turn relative flex w-full min-w-0 flex-col agent-turn\">\n<div class=\"flex-col gap-1 md:gap-3\">\n<div class=\"flex max-w-full flex-col flex-grow\">\n<div class=\"min-h-8 text-message flex w-full flex-col items-end gap-2 whitespace-normal break-words text-start [.text-message+&amp;]:mt-5\" dir=\"auto\" data-message-author-role=\"assistant\" data-message-id=\"a85e9951-2176-49ef-ba62-881b47c979e9\" data-message-model-slug=\"gpt-4o\">\n<div class=\"flex w-full flex-col gap-1 empty:hidden first:pt-[3px]\">\n<div class=\"markdown prose w-full break-words dark:prose-invert light\">\n<ul>\n<li><strong>Silicone r\u00e9utilisable de haute qualit\u00e9<\/strong> : Ces gants en silicone durable et s\u00fbr r\u00e9sistent \u00e0 la chaleur et aux produits chimiques. Ils conviennent parfaitement pour une utilisation r\u00e9p\u00e9t\u00e9e dans divers sc\u00e9narios de nettoyage.<\/li>\n<li><strong>\u00c9paisseur optimale pour un usage pratique<\/strong> : Leur \u00e9paisseur moyenne offre un bon \u00e9quilibre entre confort et protection. Ils sont assez r\u00e9sistants pour des t\u00e2ches exigeantes tout en pr\u00e9servant la dext\u00e9rit\u00e9.<\/li>\n<li><strong>Usage polyvalent<\/strong> : Id\u00e9aux pour le m\u00e9nage, ils simplifient le lavage de la vaisselle, le nettoyage de la cuisine et bien d&rsquo;autres t\u00e2ches.<\/li>\n<li><strong>Conception l\u00e9g\u00e8re et ergonomique<\/strong> : Avec un poids de 100 \u00e0 140 g, ces gants sont l\u00e9gers et faciles \u00e0 utiliser. Vous pouvez les porter longtemps sans ressentir de fatigue.<\/li>\n<\/ul>\n<\/div>\n<\/div>\n<\/div>\n<\/div>\n<\/div>\n<\/div>\n","protected":false},"excerpt":{"rendered":"<p><span data-sheets-root=\"1\">\u0642\u0641\u0627\u0632\u0627\u062a \u062a\u0646\u0638\u064a\u0641 \u0633\u064a\u0644\u064a\u0643\u0648\u0646 \u0645\u062a\u064a\u0646\u0629 \u0648\u0642\u0627\u0628\u0644\u0629 \u0644\u0625\u0639\u0627\u062f\u0629 \u0627\u0644\u0627\u0633\u062a\u062e\u062f\u0627\u0645\u060c \u0645\u0635\u0646\u0648\u0639\u0629 \u0645\u0646 \u0633\u064a\u0644\u064a\u0643\u0648\u0646 \u0639\u0627\u0644\u064a \u0627\u0644\u062c\u0648\u062f\u0629. \u0645\u062b\u0627\u0644\u064a\u0629 \u0644\u063a\u0633\u0644 \u0627\u0644\u0623\u0637\u0628\u0627\u0642 \u0648\u062a\u0646\u0638\u064a\u0641 \u0627\u0644\u062d\u0645\u0627\u0645 \u0648\u063a\u064a\u0631 \u0630\u0644\u0643. \u062a\u062d\u0645\u064a \u064a\u062f\u064a\u0643 \u0623\u062b\u0646\u0627\u0621 \u0627\u0644\u062a\u0646\u0638\u064a\u0641 \u0628\u0641\u0639\u0627\u0644\u064a\u0629.<br \/>\n<\/span><\/p>","protected":false},"featured_media":1910,"comment_status":"open","ping_status":"closed","template":"","meta":[],"product_brand":[],"product_cat":[109],"product_tag":[],"class_list":{"0":"post-1909","1":"product","2":"type-product","3":"status-publish","4":"has-post-thumbnail","6":"product_cat-entretien-et-nettoyage","7":"location-tout-le-maroc","8":"store-hmizate-experts","9":"entry panel","11":"first","12":"instock","13":"sale","14":"shipping-taxable","15":"purchasable","16":"product-type-simple"},"ams_default_variation_id":0,"ams_product_points_reward":[],"ams_product_discount_percentage":36.67,"ams_price_to_display":95,"ams_acf":[],"yoast_head":"<!-- This site is optimized with the Yoast SEO Premium plugin v26.6 (Yoast SEO v27.4) - https:\/\/yoast.com\/product\/yoast-seo-premium-wordpress\/ -->\n<title>Gants de nettoyage en silicone - Hmizate Expert<\/title>\n<meta name=\"description\" content=\"Facilitez votre m\u00e9nage avec nos gants de nettoyage en silicone r\u00e9utilisables : durables, pratiques et parfaits pour un nettoyage efficace !\" \/>\n<meta name=\"robots\" content=\"index, follow, max-snippet:-1, max-image-preview:large, max-video-preview:-1\" \/>\n<link rel=\"canonical\" href=\"https:\/\/hmizatexperts.com\/ar\/product\/gants-de-nettoyage-en-silicone-reutilisable\/\" \/>\n<meta property=\"og:locale\" content=\"ar_AR\" \/>\n<meta property=\"og:type\" content=\"article\" \/>\n<meta property=\"og:title\" content=\"Gants de nettoyage en silicone\" \/>\n<meta property=\"og:description\" content=\"Facilitez votre m\u00e9nage avec nos gants de nettoyage en silicone r\u00e9utilisables : durables, pratiques et parfaits pour un nettoyage efficace !\" \/>\n<meta property=\"og:url\" content=\"https:\/\/hmizatexperts.com\/ar\/product\/gants-de-nettoyage-en-silicone-reutilisable\/\" \/>\n<meta property=\"og:site_name\" content=\"Hmizate Expert\" \/>\n<meta property=\"article:publisher\" content=\"https:\/\/www.facebook.com\/hmizatexperts\" \/>\n<meta property=\"article:modified_time\" content=\"2025-08-14T10:51:10+00:00\" \/>\n<meta property=\"og:image\" content=\"https:\/\/hmizatexperts.com\/wp-content\/uploads\/2024\/08\/1.png\" \/>\n\t<meta property=\"og:image:width\" content=\"1280\" \/>\n\t<meta property=\"og:image:height\" content=\"720\" \/>\n\t<meta property=\"og:image:type\" content=\"image\/png\" \/>\n<meta name=\"twitter:card\" content=\"summary_large_image\" \/>\n<meta name=\"twitter:site\" content=\"@ExpertsHmizate\" \/>\n<meta name=\"twitter:label1\" content=\"\u0648\u0642\u062a \u0627\u0644\u0642\u0631\u0627\u0621\u0629 \u0627\u0644\u0645\u064f\u0642\u062f\u0651\u0631\" \/>\n\t<meta name=\"twitter:data1\" content=\"\u062f\u0642\u064a\u0642\u0629 \u0648\u0627\u062d\u062f\u0629\" \/>\n<script type=\"application\/ld+json\" class=\"yoast-schema-graph\">{\"@context\":\"https:\\\/\\\/schema.org\",\"@graph\":[{\"@type\":\"WebPage\",\"@id\":\"https:\\\/\\\/hmizatexperts.com\\\/product\\\/gants-de-nettoyage-en-silicone-reutilisable\\\/\",\"url\":\"https:\\\/\\\/hmizatexperts.com\\\/product\\\/gants-de-nettoyage-en-silicone-reutilisable\\\/\",\"name\":\"Gants de nettoyage en silicone - Hmizate Expert\",\"isPartOf\":{\"@id\":\"https:\\\/\\\/hmizatexperts.com\\\/#website\"},\"primaryImageOfPage\":{\"@id\":\"https:\\\/\\\/hmizatexperts.com\\\/product\\\/gants-de-nettoyage-en-silicone-reutilisable\\\/#primaryimage\"},\"image\":{\"@id\":\"https:\\\/\\\/hmizatexperts.com\\\/product\\\/gants-de-nettoyage-en-silicone-reutilisable\\\/#primaryimage\"},\"thumbnailUrl\":\"https:\\\/\\\/hmizatexperts.com\\\/wp-content\\\/uploads\\\/2024\\\/08\\\/1.png\",\"datePublished\":\"2024-08-15T20:16:55+00:00\",\"dateModified\":\"2025-08-14T10:51:10+00:00\",\"description\":\"Facilitez votre m\u00e9nage avec nos gants de nettoyage en silicone r\u00e9utilisables : durables, pratiques et parfaits pour un nettoyage efficace !\",\"breadcrumb\":{\"@id\":\"https:\\\/\\\/hmizatexperts.com\\\/product\\\/gants-de-nettoyage-en-silicone-reutilisable\\\/#breadcrumb\"},\"inLanguage\":\"ar\",\"potentialAction\":[{\"@type\":\"ReadAction\",\"target\":[\"https:\\\/\\\/hmizatexperts.com\\\/product\\\/gants-de-nettoyage-en-silicone-reutilisable\\\/\"]}]},{\"@type\":\"ImageObject\",\"inLanguage\":\"ar\",\"@id\":\"https:\\\/\\\/hmizatexperts.com\\\/product\\\/gants-de-nettoyage-en-silicone-reutilisable\\\/#primaryimage\",\"url\":\"https:\\\/\\\/hmizatexperts.com\\\/wp-content\\\/uploads\\\/2024\\\/08\\\/1.png\",\"contentUrl\":\"https:\\\/\\\/hmizatexperts.com\\\/wp-content\\\/uploads\\\/2024\\\/08\\\/1.png\",\"width\":1280,\"height\":720},{\"@type\":\"BreadcrumbList\",\"@id\":\"https:\\\/\\\/hmizatexperts.com\\\/product\\\/gants-de-nettoyage-en-silicone-reutilisable\\\/#breadcrumb\",\"itemListElement\":[{\"@type\":\"ListItem\",\"position\":1,\"name\":\"Accueil\",\"item\":\"https:\\\/\\\/hmizatexperts.com\\\/\"},{\"@type\":\"ListItem\",\"position\":2,\"name\":\"Shop\",\"item\":\"https:\\\/\\\/hmizatexperts.com\\\/shop\\\/\"},{\"@type\":\"ListItem\",\"position\":3,\"name\":\"Gants de nettoyage en silicone\"}]},{\"@type\":\"WebSite\",\"@id\":\"https:\\\/\\\/hmizatexperts.com\\\/#website\",\"url\":\"https:\\\/\\\/hmizatexperts.com\\\/\",\"name\":\"Hmizate Expert\",\"description\":\"Nos offres aux meilleurs prix et qualit\u00e9\",\"publisher\":{\"@id\":\"https:\\\/\\\/hmizatexperts.com\\\/#organization\"},\"potentialAction\":[{\"@type\":\"SearchAction\",\"target\":{\"@type\":\"EntryPoint\",\"urlTemplate\":\"https:\\\/\\\/hmizatexperts.com\\\/?s={search_term_string}\"},\"query-input\":{\"@type\":\"PropertyValueSpecification\",\"valueRequired\":true,\"valueName\":\"search_term_string\"}}],\"inLanguage\":\"ar\"},{\"@type\":\"Organization\",\"@id\":\"https:\\\/\\\/hmizatexperts.com\\\/#organization\",\"name\":\"Hmizate Expert\",\"url\":\"https:\\\/\\\/hmizatexperts.com\\\/\",\"logo\":{\"@type\":\"ImageObject\",\"inLanguage\":\"ar\",\"@id\":\"https:\\\/\\\/hmizatexperts.com\\\/#\\\/schema\\\/logo\\\/image\\\/\",\"url\":\"https:\\\/\\\/hmizatexperts.com\\\/wp-content\\\/uploads\\\/2021\\\/05\\\/logo_HE2-removebg-preview.png\",\"contentUrl\":\"https:\\\/\\\/hmizatexperts.com\\\/wp-content\\\/uploads\\\/2021\\\/05\\\/logo_HE2-removebg-preview.png\",\"width\":800,\"height\":312,\"caption\":\"Hmizate Expert\"},\"image\":{\"@id\":\"https:\\\/\\\/hmizatexperts.com\\\/#\\\/schema\\\/logo\\\/image\\\/\"},\"sameAs\":[\"https:\\\/\\\/www.facebook.com\\\/hmizatexperts\",\"https:\\\/\\\/x.com\\\/ExpertsHmizate\"]}]}<\/script>\n<!-- \/ Yoast SEO Premium plugin. -->","yoast_head_json":{"title":"Gants de nettoyage en silicone - Hmizate Expert","description":"Facilitez votre m\u00e9nage avec nos gants de nettoyage en silicone r\u00e9utilisables : durables, pratiques et parfaits pour un nettoyage efficace !","robots":{"index":"index","follow":"follow","max-snippet":"max-snippet:-1","max-image-preview":"max-image-preview:large","max-video-preview":"max-video-preview:-1"},"canonical":"https:\/\/hmizatexperts.com\/ar\/product\/gants-de-nettoyage-en-silicone-reutilisable\/","og_locale":"ar_AR","og_type":"article","og_title":"Gants de nettoyage en silicone","og_description":"Facilitez votre m\u00e9nage avec nos gants de nettoyage en silicone r\u00e9utilisables : durables, pratiques et parfaits pour un nettoyage efficace !","og_url":"https:\/\/hmizatexperts.com\/ar\/product\/gants-de-nettoyage-en-silicone-reutilisable\/","og_site_name":"Hmizate Expert","article_publisher":"https:\/\/www.facebook.com\/hmizatexperts","article_modified_time":"2025-08-14T10:51:10+00:00","og_image":[{"width":1280,"height":720,"url":"https:\/\/hmizatexperts.com\/wp-content\/uploads\/2024\/08\/1.png","type":"image\/png"}],"twitter_card":"summary_large_image","twitter_site":"@ExpertsHmizate","twitter_misc":{"\u0648\u0642\u062a \u0627\u0644\u0642\u0631\u0627\u0621\u0629 \u0627\u0644\u0645\u064f\u0642\u062f\u0651\u0631":"\u062f\u0642\u064a\u0642\u0629 \u0648\u0627\u062d\u062f\u0629"},"schema":{"@context":"https:\/\/schema.org","@graph":[{"@type":"WebPage","@id":"https:\/\/hmizatexperts.com\/product\/gants-de-nettoyage-en-silicone-reutilisable\/","url":"https:\/\/hmizatexperts.com\/product\/gants-de-nettoyage-en-silicone-reutilisable\/","name":"Gants de nettoyage en silicone - Hmizate Expert","isPartOf":{"@id":"https:\/\/hmizatexperts.com\/#website"},"primaryImageOfPage":{"@id":"https:\/\/hmizatexperts.com\/product\/gants-de-nettoyage-en-silicone-reutilisable\/#primaryimage"},"image":{"@id":"https:\/\/hmizatexperts.com\/product\/gants-de-nettoyage-en-silicone-reutilisable\/#primaryimage"},"thumbnailUrl":"https:\/\/hmizatexperts.com\/wp-content\/uploads\/2024\/08\/1.png","datePublished":"2024-08-15T20:16:55+00:00","dateModified":"2025-08-14T10:51:10+00:00","description":"Facilitez votre m\u00e9nage avec nos gants de nettoyage en silicone r\u00e9utilisables : durables, pratiques et parfaits pour un nettoyage efficace !","breadcrumb":{"@id":"https:\/\/hmizatexperts.com\/product\/gants-de-nettoyage-en-silicone-reutilisable\/#breadcrumb"},"inLanguage":"ar","potentialAction":[{"@type":"ReadAction","target":["https:\/\/hmizatexperts.com\/product\/gants-de-nettoyage-en-silicone-reutilisable\/"]}]},{"@type":"ImageObject","inLanguage":"ar","@id":"https:\/\/hmizatexperts.com\/product\/gants-de-nettoyage-en-silicone-reutilisable\/#primaryimage","url":"https:\/\/hmizatexperts.com\/wp-content\/uploads\/2024\/08\/1.png","contentUrl":"https:\/\/hmizatexperts.com\/wp-content\/uploads\/2024\/08\/1.png","width":1280,"height":720},{"@type":"BreadcrumbList","@id":"https:\/\/hmizatexperts.com\/product\/gants-de-nettoyage-en-silicone-reutilisable\/#breadcrumb","itemListElement":[{"@type":"ListItem","position":1,"name":"Accueil","item":"https:\/\/hmizatexperts.com\/"},{"@type":"ListItem","position":2,"name":"Shop","item":"https:\/\/hmizatexperts.com\/shop\/"},{"@type":"ListItem","position":3,"name":"Gants de nettoyage en silicone"}]},{"@type":"WebSite","@id":"https:\/\/hmizatexperts.com\/#website","url":"https:\/\/hmizatexperts.com\/","name":"\u062e\u0628\u064a\u0631 \u0641\u064a \u0627\u0644\u062d\u0634\u0645\u0629","description":"\u0639\u0631\u0648\u0636\u0646\u0627 \u0628\u0623\u0641\u0636\u0644 \u0627\u0644\u0623\u0633\u0639\u0627\u0631 \u0648\u0627\u0644\u062c\u0648\u062f\u0629","publisher":{"@id":"https:\/\/hmizatexperts.com\/#organization"},"potentialAction":[{"@type":"SearchAction","target":{"@type":"EntryPoint","urlTemplate":"https:\/\/hmizatexperts.com\/?s={search_term_string}"},"query-input":{"@type":"PropertyValueSpecification","valueRequired":true,"valueName":"search_term_string"}}],"inLanguage":"ar"},{"@type":"Organization","@id":"https:\/\/hmizatexperts.com\/#organization","name":"\u062e\u0628\u064a\u0631 \u0641\u064a \u0627\u0644\u062d\u0634\u0645\u0629","url":"https:\/\/hmizatexperts.com\/","logo":{"@type":"ImageObject","inLanguage":"ar","@id":"https:\/\/hmizatexperts.com\/#\/schema\/logo\/image\/","url":"https:\/\/hmizatexperts.com\/wp-content\/uploads\/2021\/05\/logo_HE2-removebg-preview.png","contentUrl":"https:\/\/hmizatexperts.com\/wp-content\/uploads\/2021\/05\/logo_HE2-removebg-preview.png","width":800,"height":312,"caption":"Hmizate Expert"},"image":{"@id":"https:\/\/hmizatexperts.com\/#\/schema\/logo\/image\/"},"sameAs":["https:\/\/www.facebook.com\/hmizatexperts","https:\/\/x.com\/ExpertsHmizate"]}]}},"_links":{"self":[{"href":"https:\/\/hmizatexperts.com\/ar\/wp-json\/wp\/v2\/product\/1909","targetHints":{"allow":["GET"]}}],"collection":[{"href":"https:\/\/hmizatexperts.com\/ar\/wp-json\/wp\/v2\/product"}],"about":[{"href":"https:\/\/hmizatexperts.com\/ar\/wp-json\/wp\/v2\/types\/product"}],"replies":[{"embeddable":true,"href":"https:\/\/hmizatexperts.com\/ar\/wp-json\/wp\/v2\/comments?post=1909"}],"wp:featuredmedia":[{"embeddable":true,"href":"https:\/\/hmizatexperts.com\/ar\/wp-json\/wp\/v2\/media\/1910"}],"wp:attachment":[{"href":"https:\/\/hmizatexperts.com\/ar\/wp-json\/wp\/v2\/media?parent=1909"}],"wp:term":[{"taxonomy":"product_brand","embeddable":true,"href":"https:\/\/hmizatexperts.com\/ar\/wp-json\/wp\/v2\/product_brand?post=1909"},{"taxonomy":"product_cat","embeddable":true,"href":"https:\/\/hmizatexperts.com\/ar\/wp-json\/wp\/v2\/product_cat?post=1909"},{"taxonomy":"product_tag","embeddable":true,"href":"https:\/\/hmizatexperts.com\/ar\/wp-json\/wp\/v2\/product_tag?post=1909"}],"curies":[{"name":"wp","href":"https:\/\/api.w.org\/{rel}","templated":true}]}}