{"id":2005,"date":"2024-12-24T09:28:02","date_gmt":"2024-12-24T08:28:02","guid":{"rendered":"https:\/\/hmizatexperts.com\/?post_type=product&#038;p=2005"},"modified":"2024-12-24T09:28:03","modified_gmt":"2024-12-24T08:28:03","slug":"creme-de-jour-et-de-nuit","status":"publish","type":"product","link":"https:\/\/hmizatexperts.com\/ar\/product\/creme-de-jour-et-de-nuit\/","title":{"rendered":"\u0643\u0631\u064a\u0645 \u0646\u0647\u0627\u0631\u064a \u0648\u0644\u064a\u0644\u064a"},"content":{"rendered":"<p>\u0639\u0632\u0632\u064a \u062c\u0645\u0627\u0644 \u0628\u0634\u0631\u062a\u0643\u0650 \u064a\u0648\u0645\u0627\u064b \u0628\u0639\u062f \u064a\u0648\u0645 \u0645\u0639 \u0643\u0631\u064a\u0645 \u0627\u0644\u0646\u0647\u0627\u0631 \u0648\u0627\u0644\u0644\u064a\u0644 \u0645\u0646 O&#039; de Lune. \u0647\u0630\u0647 \u0627\u0644\u062a\u0631\u0643\u064a\u0628\u0629 \u0627\u0644\u0641\u0627\u062e\u0631\u0629 \u0645\u0646\u0627\u0633\u0628\u0629 \u0644\u062c\u0645\u064a\u0639 \u0623\u0646\u0648\u0627\u0639 \u0627\u0644\u0628\u0634\u0631\u0629\u060c \u0641\u0647\u064a \u062a\u0631\u0637\u0628 \u0627\u0644\u0628\u0634\u0631\u0629 \u0628\u0639\u0645\u0642 \u0648\u062a\u063a\u0630\u064a\u0647\u0627 \u0644\u062a\u0645\u0646\u062d\u0647\u0627 \u0625\u0634\u0631\u0627\u0642\u0629 \u0648\u0646\u0636\u0627\u0631\u0629 \u0645\u062a\u062c\u062f\u062f\u0629.<\/p>\n<p>\u2714 <strong>\u0645\u0641\u0639\u0648\u0644 \u0645\u0632\u062f\u0648\u062c<\/strong> \u064a\u0631\u0637\u0628 \u062e\u0644\u0627\u0644 \u0627\u0644\u0646\u0647\u0627\u0631\u060c \u0648\u064a\u062c\u062f\u062f \u0641\u064a \u0627\u0644\u0644\u064a\u0644<br \/>\n\u2714 <strong>\u0645\u0644\u0645\u0633 \u062d\u0631\u064a\u0631\u064a<\/strong> \u062a\u0637\u0628\u064a\u0642 \u0644\u0637\u064a\u0641 \u064a\u0645\u062a\u0635 \u0628\u0633\u0631\u0639\u0629<br \/>\n\u2714 <strong>\u0645\u0646\u0627\u0633\u0628 \u0644\u062c\u0645\u064a\u0639 \u0623\u0646\u0648\u0627\u0639 \u0627\u0644\u0628\u0634\u0631\u0629<\/strong> \u062d\u0644 \u0634\u0627\u0645\u0644 \u0644\u0631\u0648\u062a\u064a\u0646 \u062c\u0645\u0627\u0644\u0643<\/p>\n<p>\u064a\u064f\u0642\u062f\u0645 \u0647\u0630\u0627 \u0627\u0644\u0645\u0646\u062a\u062c \u0641\u064a \u0639\u0628\u0648\u0629 \u0623\u0646\u064a\u0642\u0629 \u0628\u0627\u0644\u0644\u0648\u0646\u064a\u0646 \u0627\u0644\u0623\u0633\u0648\u062f \u0648\u0627\u0644\u0630\u0647\u0628\u064a\u060c \u0648\u064a\u062c\u0645\u0639 \u0628\u064a\u0646 \u0627\u0644\u0631\u0642\u064a \u0648\u0627\u0644\u0641\u0639\u0627\u0644\u064a\u0629 \u0644\u062a\u062c\u0631\u0628\u0629 \u0639\u0646\u0627\u064a\u0629 \u0628\u0627\u0644\u0628\u0634\u0631\u0629 \u0644\u0627 \u0645\u062b\u064a\u0644 \u0644\u0647\u0627.<\/p>\n<p><strong>\u0633\u0639\u0629<\/strong> 30 \u063a\u0631\u0627\u0645 (1.01 \u0623\u0648\u0646\u0635\u0629)<\/p>","protected":false},"excerpt":{"rendered":"<p>Sublimez votre peau jour apr\u00e8s jour avec la cr\u00e8me de jour et de nuit O\u2019 de Lune. Adapt\u00e9e \u00e0 tous les types de peau, cette formule luxueuse hydrate intens\u00e9ment et nourrit en profondeur pour un teint \u00e9clatant et revitalis\u00e9. \u2714 Double action : Hydrate le jour, r\u00e9g\u00e9n\u00e8re la nuit \u2714 Texture soyeuse : Une application<\/p>\n<footer class=\"entry-footer text-right\">\n          <a href=\"https:\/\/hmizatexperts.com\/ar\/product\/creme-de-jour-et-de-nuit\/\" class=\"more-link btn btn-link\">\u0627\u0642\u0631\u0623 \u0627\u0644\u0645\u0632\u064a\u062f <i class=\"icon fa fa-long-arrow-right\"><\/i><\/a><br \/>\n         <\/footer>","protected":false},"featured_media":2006,"comment_status":"open","ping_status":"closed","template":"","meta":[],"product_brand":[],"product_cat":[45,99],"product_tag":[],"class_list":{"0":"post-2005","1":"product","2":"type-product","3":"status-publish","4":"has-post-thumbnail","6":"product_cat-bien-etre","7":"product_cat-sante-et-soins-du-corps","8":"location-tout-le-maroc","9":"store-o-de-lune","10":"entry panel","12":"first","13":"instock","14":"shipping-taxable","15":"product-type-simple"},"ams_default_variation_id":0,"ams_product_points_reward":[],"ams_product_discount_percentage":0,"ams_price_to_display":0,"ams_acf":[],"yoast_head":"<!-- This site is optimized with the Yoast SEO Premium plugin v26.6 (Yoast SEO v27.4) - https:\/\/yoast.com\/product\/yoast-seo-premium-wordpress\/ -->\n<title>Cr\u00e8me de Jour et de Nuit - Hmizate Expert<\/title>\n<meta name=\"description\" content=\"D\u00e9couvrez la cr\u00e8me de jour et de nuit O\u2019 de Lune, une formule hydratante adapt\u00e9e \u00e0 tous types de peau. Hydrate et r\u00e9g\u00e9n\u00e8re pour un teint \u00e9clatant au quotidien. Parfait pour votre routine beaut\u00e9 !\" \/>\n<meta name=\"robots\" content=\"index, follow, max-snippet:-1, max-image-preview:large, max-video-preview:-1\" \/>\n<link rel=\"canonical\" href=\"https:\/\/hmizatexperts.com\/ar\/product\/creme-de-jour-et-de-nuit\/\" \/>\n<meta property=\"og:locale\" content=\"ar_AR\" \/>\n<meta property=\"og:type\" content=\"article\" \/>\n<meta property=\"og:title\" content=\"Cr\u00e8me de Jour et de Nuit\" \/>\n<meta property=\"og:description\" content=\"D\u00e9couvrez la cr\u00e8me de jour et de nuit O\u2019 de Lune, une formule hydratante adapt\u00e9e \u00e0 tous types de peau. Hydrate et r\u00e9g\u00e9n\u00e8re pour un teint \u00e9clatant au quotidien. Parfait pour votre routine beaut\u00e9 !\" \/>\n<meta property=\"og:url\" content=\"https:\/\/hmizatexperts.com\/ar\/product\/creme-de-jour-et-de-nuit\/\" \/>\n<meta property=\"og:site_name\" content=\"Hmizate Expert\" \/>\n<meta property=\"article:publisher\" content=\"https:\/\/www.facebook.com\/hmizatexperts\" \/>\n<meta property=\"article:modified_time\" content=\"2024-12-24T08:28:03+00:00\" \/>\n<meta property=\"og:image\" content=\"https:\/\/hmizatexperts.com\/wp-content\/uploads\/2024\/12\/1.png\" \/>\n\t<meta property=\"og:image:width\" content=\"1280\" \/>\n\t<meta property=\"og:image:height\" content=\"720\" \/>\n\t<meta property=\"og:image:type\" content=\"image\/png\" \/>\n<meta name=\"twitter:card\" content=\"summary_large_image\" \/>\n<meta name=\"twitter:site\" content=\"@ExpertsHmizate\" \/>\n<meta name=\"twitter:label1\" content=\"\u0648\u0642\u062a \u0627\u0644\u0642\u0631\u0627\u0621\u0629 \u0627\u0644\u0645\u064f\u0642\u062f\u0651\u0631\" \/>\n\t<meta name=\"twitter:data1\" content=\"\u062f\u0642\u064a\u0642\u0629 \u0648\u0627\u062d\u062f\u0629\" \/>\n<script type=\"application\/ld+json\" class=\"yoast-schema-graph\">{\"@context\":\"https:\\\/\\\/schema.org\",\"@graph\":[{\"@type\":\"WebPage\",\"@id\":\"https:\\\/\\\/hmizatexperts.com\\\/product\\\/creme-de-jour-et-de-nuit\\\/\",\"url\":\"https:\\\/\\\/hmizatexperts.com\\\/product\\\/creme-de-jour-et-de-nuit\\\/\",\"name\":\"Cr\u00e8me de Jour et de Nuit - Hmizate Expert\",\"isPartOf\":{\"@id\":\"https:\\\/\\\/hmizatexperts.com\\\/#website\"},\"primaryImageOfPage\":{\"@id\":\"https:\\\/\\\/hmizatexperts.com\\\/product\\\/creme-de-jour-et-de-nuit\\\/#primaryimage\"},\"image\":{\"@id\":\"https:\\\/\\\/hmizatexperts.com\\\/product\\\/creme-de-jour-et-de-nuit\\\/#primaryimage\"},\"thumbnailUrl\":\"https:\\\/\\\/hmizatexperts.com\\\/wp-content\\\/uploads\\\/2024\\\/12\\\/1.png\",\"datePublished\":\"2024-12-24T08:28:02+00:00\",\"dateModified\":\"2024-12-24T08:28:03+00:00\",\"description\":\"D\u00e9couvrez la cr\u00e8me de jour et de nuit O\u2019 de Lune, une formule hydratante adapt\u00e9e \u00e0 tous types de peau. Hydrate et r\u00e9g\u00e9n\u00e8re pour un teint \u00e9clatant au quotidien. Parfait pour votre routine beaut\u00e9 !\",\"breadcrumb\":{\"@id\":\"https:\\\/\\\/hmizatexperts.com\\\/product\\\/creme-de-jour-et-de-nuit\\\/#breadcrumb\"},\"inLanguage\":\"ar\",\"potentialAction\":[{\"@type\":\"ReadAction\",\"target\":[\"https:\\\/\\\/hmizatexperts.com\\\/product\\\/creme-de-jour-et-de-nuit\\\/\"]}]},{\"@type\":\"ImageObject\",\"inLanguage\":\"ar\",\"@id\":\"https:\\\/\\\/hmizatexperts.com\\\/product\\\/creme-de-jour-et-de-nuit\\\/#primaryimage\",\"url\":\"https:\\\/\\\/hmizatexperts.com\\\/wp-content\\\/uploads\\\/2024\\\/12\\\/1.png\",\"contentUrl\":\"https:\\\/\\\/hmizatexperts.com\\\/wp-content\\\/uploads\\\/2024\\\/12\\\/1.png\",\"width\":1280,\"height\":720},{\"@type\":\"BreadcrumbList\",\"@id\":\"https:\\\/\\\/hmizatexperts.com\\\/product\\\/creme-de-jour-et-de-nuit\\\/#breadcrumb\",\"itemListElement\":[{\"@type\":\"ListItem\",\"position\":1,\"name\":\"Accueil\",\"item\":\"https:\\\/\\\/hmizatexperts.com\\\/\"},{\"@type\":\"ListItem\",\"position\":2,\"name\":\"Shop\",\"item\":\"https:\\\/\\\/hmizatexperts.com\\\/shop\\\/\"},{\"@type\":\"ListItem\",\"position\":3,\"name\":\"Cr\u00e8me de Jour et de Nuit\"}]},{\"@type\":\"WebSite\",\"@id\":\"https:\\\/\\\/hmizatexperts.com\\\/#website\",\"url\":\"https:\\\/\\\/hmizatexperts.com\\\/\",\"name\":\"Hmizate Expert\",\"description\":\"Nos offres aux meilleurs prix et qualit\u00e9\",\"publisher\":{\"@id\":\"https:\\\/\\\/hmizatexperts.com\\\/#organization\"},\"potentialAction\":[{\"@type\":\"SearchAction\",\"target\":{\"@type\":\"EntryPoint\",\"urlTemplate\":\"https:\\\/\\\/hmizatexperts.com\\\/?s={search_term_string}\"},\"query-input\":{\"@type\":\"PropertyValueSpecification\",\"valueRequired\":true,\"valueName\":\"search_term_string\"}}],\"inLanguage\":\"ar\"},{\"@type\":\"Organization\",\"@id\":\"https:\\\/\\\/hmizatexperts.com\\\/#organization\",\"name\":\"Hmizate Expert\",\"url\":\"https:\\\/\\\/hmizatexperts.com\\\/\",\"logo\":{\"@type\":\"ImageObject\",\"inLanguage\":\"ar\",\"@id\":\"https:\\\/\\\/hmizatexperts.com\\\/#\\\/schema\\\/logo\\\/image\\\/\",\"url\":\"https:\\\/\\\/hmizatexperts.com\\\/wp-content\\\/uploads\\\/2021\\\/05\\\/logo_HE2-removebg-preview.png\",\"contentUrl\":\"https:\\\/\\\/hmizatexperts.com\\\/wp-content\\\/uploads\\\/2021\\\/05\\\/logo_HE2-removebg-preview.png\",\"width\":800,\"height\":312,\"caption\":\"Hmizate Expert\"},\"image\":{\"@id\":\"https:\\\/\\\/hmizatexperts.com\\\/#\\\/schema\\\/logo\\\/image\\\/\"},\"sameAs\":[\"https:\\\/\\\/www.facebook.com\\\/hmizatexperts\",\"https:\\\/\\\/x.com\\\/ExpertsHmizate\"]}]}<\/script>\n<!-- \/ Yoast SEO Premium plugin. -->","yoast_head_json":{"title":"Cr\u00e8me de Jour et de Nuit - Hmizate Expert","description":"D\u00e9couvrez la cr\u00e8me de jour et de nuit O\u2019 de Lune, une formule hydratante adapt\u00e9e \u00e0 tous types de peau. Hydrate et r\u00e9g\u00e9n\u00e8re pour un teint \u00e9clatant au quotidien. Parfait pour votre routine beaut\u00e9 !","robots":{"index":"index","follow":"follow","max-snippet":"max-snippet:-1","max-image-preview":"max-image-preview:large","max-video-preview":"max-video-preview:-1"},"canonical":"https:\/\/hmizatexperts.com\/ar\/product\/creme-de-jour-et-de-nuit\/","og_locale":"ar_AR","og_type":"article","og_title":"Cr\u00e8me de Jour et de Nuit","og_description":"D\u00e9couvrez la cr\u00e8me de jour et de nuit O\u2019 de Lune, une formule hydratante adapt\u00e9e \u00e0 tous types de peau. Hydrate et r\u00e9g\u00e9n\u00e8re pour un teint \u00e9clatant au quotidien. Parfait pour votre routine beaut\u00e9 !","og_url":"https:\/\/hmizatexperts.com\/ar\/product\/creme-de-jour-et-de-nuit\/","og_site_name":"Hmizate Expert","article_publisher":"https:\/\/www.facebook.com\/hmizatexperts","article_modified_time":"2024-12-24T08:28:03+00:00","og_image":[{"width":1280,"height":720,"url":"https:\/\/hmizatexperts.com\/wp-content\/uploads\/2024\/12\/1.png","type":"image\/png"}],"twitter_card":"summary_large_image","twitter_site":"@ExpertsHmizate","twitter_misc":{"\u0648\u0642\u062a \u0627\u0644\u0642\u0631\u0627\u0621\u0629 \u0627\u0644\u0645\u064f\u0642\u062f\u0651\u0631":"\u062f\u0642\u064a\u0642\u0629 \u0648\u0627\u062d\u062f\u0629"},"schema":{"@context":"https:\/\/schema.org","@graph":[{"@type":"WebPage","@id":"https:\/\/hmizatexperts.com\/product\/creme-de-jour-et-de-nuit\/","url":"https:\/\/hmizatexperts.com\/product\/creme-de-jour-et-de-nuit\/","name":"Cr\u00e8me de Jour et de Nuit - Hmizate Expert","isPartOf":{"@id":"https:\/\/hmizatexperts.com\/#website"},"primaryImageOfPage":{"@id":"https:\/\/hmizatexperts.com\/product\/creme-de-jour-et-de-nuit\/#primaryimage"},"image":{"@id":"https:\/\/hmizatexperts.com\/product\/creme-de-jour-et-de-nuit\/#primaryimage"},"thumbnailUrl":"https:\/\/hmizatexperts.com\/wp-content\/uploads\/2024\/12\/1.png","datePublished":"2024-12-24T08:28:02+00:00","dateModified":"2024-12-24T08:28:03+00:00","description":"D\u00e9couvrez la cr\u00e8me de jour et de nuit O\u2019 de Lune, une formule hydratante adapt\u00e9e \u00e0 tous types de peau. Hydrate et r\u00e9g\u00e9n\u00e8re pour un teint \u00e9clatant au quotidien. Parfait pour votre routine beaut\u00e9 !","breadcrumb":{"@id":"https:\/\/hmizatexperts.com\/product\/creme-de-jour-et-de-nuit\/#breadcrumb"},"inLanguage":"ar","potentialAction":[{"@type":"ReadAction","target":["https:\/\/hmizatexperts.com\/product\/creme-de-jour-et-de-nuit\/"]}]},{"@type":"ImageObject","inLanguage":"ar","@id":"https:\/\/hmizatexperts.com\/product\/creme-de-jour-et-de-nuit\/#primaryimage","url":"https:\/\/hmizatexperts.com\/wp-content\/uploads\/2024\/12\/1.png","contentUrl":"https:\/\/hmizatexperts.com\/wp-content\/uploads\/2024\/12\/1.png","width":1280,"height":720},{"@type":"BreadcrumbList","@id":"https:\/\/hmizatexperts.com\/product\/creme-de-jour-et-de-nuit\/#breadcrumb","itemListElement":[{"@type":"ListItem","position":1,"name":"Accueil","item":"https:\/\/hmizatexperts.com\/"},{"@type":"ListItem","position":2,"name":"Shop","item":"https:\/\/hmizatexperts.com\/shop\/"},{"@type":"ListItem","position":3,"name":"Cr\u00e8me de Jour et de Nuit"}]},{"@type":"WebSite","@id":"https:\/\/hmizatexperts.com\/#website","url":"https:\/\/hmizatexperts.com\/","name":"\u062e\u0628\u064a\u0631 \u0641\u064a \u0627\u0644\u062d\u0634\u0645\u0629","description":"\u0639\u0631\u0648\u0636\u0646\u0627 \u0628\u0623\u0641\u0636\u0644 \u0627\u0644\u0623\u0633\u0639\u0627\u0631 \u0648\u0627\u0644\u062c\u0648\u062f\u0629","publisher":{"@id":"https:\/\/hmizatexperts.com\/#organization"},"potentialAction":[{"@type":"SearchAction","target":{"@type":"EntryPoint","urlTemplate":"https:\/\/hmizatexperts.com\/?s={search_term_string}"},"query-input":{"@type":"PropertyValueSpecification","valueRequired":true,"valueName":"search_term_string"}}],"inLanguage":"ar"},{"@type":"Organization","@id":"https:\/\/hmizatexperts.com\/#organization","name":"\u062e\u0628\u064a\u0631 \u0641\u064a \u0627\u0644\u062d\u0634\u0645\u0629","url":"https:\/\/hmizatexperts.com\/","logo":{"@type":"ImageObject","inLanguage":"ar","@id":"https:\/\/hmizatexperts.com\/#\/schema\/logo\/image\/","url":"https:\/\/hmizatexperts.com\/wp-content\/uploads\/2021\/05\/logo_HE2-removebg-preview.png","contentUrl":"https:\/\/hmizatexperts.com\/wp-content\/uploads\/2021\/05\/logo_HE2-removebg-preview.png","width":800,"height":312,"caption":"Hmizate Expert"},"image":{"@id":"https:\/\/hmizatexperts.com\/#\/schema\/logo\/image\/"},"sameAs":["https:\/\/www.facebook.com\/hmizatexperts","https:\/\/x.com\/ExpertsHmizate"]}]}},"_links":{"self":[{"href":"https:\/\/hmizatexperts.com\/ar\/wp-json\/wp\/v2\/product\/2005","targetHints":{"allow":["GET"]}}],"collection":[{"href":"https:\/\/hmizatexperts.com\/ar\/wp-json\/wp\/v2\/product"}],"about":[{"href":"https:\/\/hmizatexperts.com\/ar\/wp-json\/wp\/v2\/types\/product"}],"replies":[{"embeddable":true,"href":"https:\/\/hmizatexperts.com\/ar\/wp-json\/wp\/v2\/comments?post=2005"}],"wp:featuredmedia":[{"embeddable":true,"href":"https:\/\/hmizatexperts.com\/ar\/wp-json\/wp\/v2\/media\/2006"}],"wp:attachment":[{"href":"https:\/\/hmizatexperts.com\/ar\/wp-json\/wp\/v2\/media?parent=2005"}],"wp:term":[{"taxonomy":"product_brand","embeddable":true,"href":"https:\/\/hmizatexperts.com\/ar\/wp-json\/wp\/v2\/product_brand?post=2005"},{"taxonomy":"product_cat","embeddable":true,"href":"https:\/\/hmizatexperts.com\/ar\/wp-json\/wp\/v2\/product_cat?post=2005"},{"taxonomy":"product_tag","embeddable":true,"href":"https:\/\/hmizatexperts.com\/ar\/wp-json\/wp\/v2\/product_tag?post=2005"}],"curies":[{"name":"wp","href":"https:\/\/api.w.org\/{rel}","templated":true}]}}