{"id":2007,"date":"2024-12-24T09:27:21","date_gmt":"2024-12-24T08:27:21","guid":{"rendered":"https:\/\/hmizatexperts.com\/?post_type=product&#038;p=2007"},"modified":"2024-12-24T09:27:22","modified_gmt":"2024-12-24T08:27:22","slug":"creme-contour-des-yeux","status":"publish","type":"product","link":"https:\/\/hmizatexperts.com\/ar\/product\/creme-contour-des-yeux\/","title":{"rendered":"\u0643\u0631\u064a\u0645 \u0645\u062d\u064a\u0637 \u0627\u0644\u0639\u064a\u0646"},"content":{"rendered":"<p><strong>\u0643\u0631\u064a\u0645 \u0645\u062d\u064a\u0637 \u0627\u0644\u0639\u064a\u0646 \u2013 \u062a\u0623\u062b\u064a\u0631 \u0641\u0648\u0631\u064a<\/strong><\/p>\n<p>\u0627\u0633\u062a\u0639\u064a\u062f\u064a \u0625\u0634\u0631\u0627\u0642\u0629 \u0648\u0646\u0636\u0627\u0631\u0629 \u0639\u064a\u0646\u064a\u0643\u0650 \u0645\u0639 \u0643\u0631\u064a\u0645 \u0645\u062d\u064a\u0637 \u0627\u0644\u0639\u064a\u0646 \u0645\u0646 O&#039; de Lune. \u062a\u0631\u0643\u064a\u0628\u062a\u0647 \u0627\u0644\u0645\u0628\u062a\u0643\u0631\u0629 \u062a\u0633\u062a\u0647\u062f\u0641 \u0627\u0644\u0647\u0627\u0644\u0627\u062a \u0627\u0644\u0633\u0648\u062f\u0627\u0621 \u0648\u0627\u0644\u0627\u0646\u062a\u0641\u0627\u062e\u0627\u062a \u0648\u0639\u0644\u0627\u0645\u0627\u062a \u0627\u0644\u062a\u0639\u0628 \u0644\u0644\u062d\u0635\u0648\u0644 \u0639\u0644\u0649 \u062a\u0623\u062b\u064a\u0631 \u0641\u0648\u0631\u064a \u0648\u062f\u0627\u0626\u0645.<\/p>\n<p>\u2714 <strong>\u062a\u0623\u062b\u064a\u0631 \u0634\u062f \u0641\u0648\u0631\u064a<\/strong> \u064a\u0642\u0644\u0644 \u0645\u0646 \u0638\u0647\u0648\u0631 \u0627\u0644\u062a\u062c\u0627\u0639\u064a\u062f \u0648\u0627\u0644\u062e\u0637\u0648\u0637 \u0627\u0644\u062f\u0642\u064a\u0642\u0629<br \/>\n\u2714 <strong>\u062a\u0631\u0637\u064a\u0628 \u0645\u0643\u062b\u0641<\/strong> \u064a\u062d\u0627\u0641\u0638 \u0639\u0644\u0649 \u0646\u0639\u0648\u0645\u0629 \u0648\u0645\u0631\u0648\u0646\u0629 \u0627\u0644\u062c\u0644\u062f \u0627\u0644\u0631\u0642\u064a\u0642 \u062d\u0648\u0644 \u0627\u0644\u0639\u064a\u0646\u064a\u0646<br \/>\n\u2714 <strong>\u0645\u0646\u0627\u0633\u0628 \u0644\u062c\u0645\u064a\u0639 \u0623\u0646\u0648\u0627\u0639 \u0627\u0644\u0628\u0634\u0631\u0629<\/strong><\/p>\n<p>\u064a\u064f\u0642\u062f\u0645 \u0647\u0630\u0627 \u0627\u0644\u0643\u0631\u064a\u0645 \u0641\u064a \u0639\u0628\u0648\u0629 \u0633\u0648\u062f\u0627\u0621 \u0623\u0646\u064a\u0642\u0629 \u0628\u062a\u0635\u0645\u064a\u0645 \u0639\u0635\u0631\u064a\u060c \u0648\u064a\u062c\u0645\u0639 \u0628\u064a\u0646 \u0627\u0644\u0641\u0639\u0627\u0644\u064a\u0629 \u0648\u0627\u0644\u0631\u0642\u064a \u0644\u062a\u062d\u0633\u064a\u0646 \u0631\u0648\u062a\u064a\u0646 \u0627\u0644\u0639\u0646\u0627\u064a\u0629 \u0628\u0627\u0644\u0628\u0634\u0631\u0629 \u0627\u0644\u062e\u0627\u0635 \u0628\u0643.<\/p>\n<p><strong>\u0633\u0639\u0629<\/strong> 30 \u063a\u0631\u0627\u0645 (1.01 \u0623\u0648\u0646\u0635\u0629)<\/p>","protected":false},"excerpt":{"rendered":"<p>Cr\u00e8me Contour des Yeux &#8211; Effet Imm\u00e9diat Redonnez \u00e9clat et fra\u00eecheur \u00e0 votre regard gr\u00e2ce \u00e0 la cr\u00e8me contour des yeux O\u2019 de Lune. Sa formule innovante cible les cernes, les poches et les signes de fatigue pour un effet imm\u00e9diat et durable. \u2714 Effet lifting instantan\u00e9 : R\u00e9duit l&rsquo;apparence des rides et ridules \u2714<\/p>\n<footer class=\"entry-footer text-right\">\n          <a href=\"https:\/\/hmizatexperts.com\/ar\/product\/creme-contour-des-yeux\/\" class=\"more-link btn btn-link\">\u0627\u0642\u0631\u0623 \u0627\u0644\u0645\u0632\u064a\u062f <i class=\"icon fa fa-long-arrow-right\"><\/i><\/a><br \/>\n         <\/footer>","protected":false},"featured_media":2008,"comment_status":"open","ping_status":"closed","template":"","meta":[],"product_brand":[],"product_cat":[45,99],"product_tag":[],"class_list":{"0":"post-2007","1":"product","2":"type-product","3":"status-publish","4":"has-post-thumbnail","6":"product_cat-bien-etre","7":"product_cat-sante-et-soins-du-corps","8":"location-tout-le-maroc","9":"store-o-de-lune","10":"entry panel","12":"first","13":"instock","14":"shipping-taxable","15":"product-type-simple"},"ams_default_variation_id":0,"ams_product_points_reward":[],"ams_product_discount_percentage":0,"ams_price_to_display":0,"ams_acf":[],"yoast_head":"<!-- This site is optimized with the Yoast SEO Premium plugin v26.6 (Yoast SEO v27.5) - https:\/\/yoast.com\/product\/yoast-seo-premium-wordpress\/ -->\n<title>Cr\u00e8me Contour des Yeux - Hmizate Expert<\/title>\n<meta name=\"description\" content=\"Offrez un regard \u00e9clatant avec la cr\u00e8me contour des yeux O\u2019 de Lune. R\u00e9duit cernes et poches pour un effet imm\u00e9diat. Id\u00e9al pour tous types de peau et une hydratation optimale.\" \/>\n<meta name=\"robots\" content=\"index, follow, max-snippet:-1, max-image-preview:large, max-video-preview:-1\" \/>\n<link rel=\"canonical\" href=\"https:\/\/hmizatexperts.com\/ar\/product\/creme-contour-des-yeux\/\" \/>\n<meta property=\"og:locale\" content=\"ar_AR\" \/>\n<meta property=\"og:type\" content=\"article\" \/>\n<meta property=\"og:title\" content=\"Cr\u00e8me Contour des Yeux\" \/>\n<meta property=\"og:description\" content=\"Offrez un regard \u00e9clatant avec la cr\u00e8me contour des yeux O\u2019 de Lune. R\u00e9duit cernes et poches pour un effet imm\u00e9diat. Id\u00e9al pour tous types de peau et une hydratation optimale.\" \/>\n<meta property=\"og:url\" content=\"https:\/\/hmizatexperts.com\/ar\/product\/creme-contour-des-yeux\/\" \/>\n<meta property=\"og:site_name\" content=\"Hmizate Expert\" \/>\n<meta property=\"article:publisher\" content=\"https:\/\/www.facebook.com\/hmizatexperts\" \/>\n<meta property=\"article:modified_time\" content=\"2024-12-24T08:27:22+00:00\" \/>\n<meta property=\"og:image\" content=\"https:\/\/hmizatexperts.com\/wp-content\/uploads\/2024\/12\/2.png\" \/>\n\t<meta property=\"og:image:width\" content=\"1280\" \/>\n\t<meta property=\"og:image:height\" content=\"720\" \/>\n\t<meta property=\"og:image:type\" content=\"image\/png\" \/>\n<meta name=\"twitter:card\" content=\"summary_large_image\" \/>\n<meta name=\"twitter:site\" content=\"@ExpertsHmizate\" \/>\n<meta name=\"twitter:label1\" content=\"\u0648\u0642\u062a \u0627\u0644\u0642\u0631\u0627\u0621\u0629 \u0627\u0644\u0645\u064f\u0642\u062f\u0651\u0631\" \/>\n\t<meta name=\"twitter:data1\" content=\"\u062f\u0642\u064a\u0642\u0629 \u0648\u0627\u062d\u062f\u0629\" \/>\n<script type=\"application\/ld+json\" class=\"yoast-schema-graph\">{\"@context\":\"https:\\\/\\\/schema.org\",\"@graph\":[{\"@type\":\"WebPage\",\"@id\":\"https:\\\/\\\/hmizatexperts.com\\\/product\\\/creme-contour-des-yeux\\\/\",\"url\":\"https:\\\/\\\/hmizatexperts.com\\\/product\\\/creme-contour-des-yeux\\\/\",\"name\":\"Cr\u00e8me Contour des Yeux - Hmizate Expert\",\"isPartOf\":{\"@id\":\"https:\\\/\\\/hmizatexperts.com\\\/#website\"},\"primaryImageOfPage\":{\"@id\":\"https:\\\/\\\/hmizatexperts.com\\\/product\\\/creme-contour-des-yeux\\\/#primaryimage\"},\"image\":{\"@id\":\"https:\\\/\\\/hmizatexperts.com\\\/product\\\/creme-contour-des-yeux\\\/#primaryimage\"},\"thumbnailUrl\":\"https:\\\/\\\/hmizatexperts.com\\\/wp-content\\\/uploads\\\/2024\\\/12\\\/2.png\",\"datePublished\":\"2024-12-24T08:27:21+00:00\",\"dateModified\":\"2024-12-24T08:27:22+00:00\",\"description\":\"Offrez un regard \u00e9clatant avec la cr\u00e8me contour des yeux O\u2019 de Lune. R\u00e9duit cernes et poches pour un effet imm\u00e9diat. Id\u00e9al pour tous types de peau et une hydratation optimale.\",\"breadcrumb\":{\"@id\":\"https:\\\/\\\/hmizatexperts.com\\\/product\\\/creme-contour-des-yeux\\\/#breadcrumb\"},\"inLanguage\":\"ar\",\"potentialAction\":[{\"@type\":\"ReadAction\",\"target\":[\"https:\\\/\\\/hmizatexperts.com\\\/product\\\/creme-contour-des-yeux\\\/\"]}]},{\"@type\":\"ImageObject\",\"inLanguage\":\"ar\",\"@id\":\"https:\\\/\\\/hmizatexperts.com\\\/product\\\/creme-contour-des-yeux\\\/#primaryimage\",\"url\":\"https:\\\/\\\/hmizatexperts.com\\\/wp-content\\\/uploads\\\/2024\\\/12\\\/2.png\",\"contentUrl\":\"https:\\\/\\\/hmizatexperts.com\\\/wp-content\\\/uploads\\\/2024\\\/12\\\/2.png\",\"width\":1280,\"height\":720},{\"@type\":\"BreadcrumbList\",\"@id\":\"https:\\\/\\\/hmizatexperts.com\\\/product\\\/creme-contour-des-yeux\\\/#breadcrumb\",\"itemListElement\":[{\"@type\":\"ListItem\",\"position\":1,\"name\":\"Accueil\",\"item\":\"https:\\\/\\\/hmizatexperts.com\\\/\"},{\"@type\":\"ListItem\",\"position\":2,\"name\":\"Shop\",\"item\":\"https:\\\/\\\/hmizatexperts.com\\\/shop\\\/\"},{\"@type\":\"ListItem\",\"position\":3,\"name\":\"Cr\u00e8me Contour des Yeux\"}]},{\"@type\":\"WebSite\",\"@id\":\"https:\\\/\\\/hmizatexperts.com\\\/#website\",\"url\":\"https:\\\/\\\/hmizatexperts.com\\\/\",\"name\":\"Hmizate Expert\",\"description\":\"Nos offres aux meilleurs prix et qualit\u00e9\",\"publisher\":{\"@id\":\"https:\\\/\\\/hmizatexperts.com\\\/#organization\"},\"potentialAction\":[{\"@type\":\"SearchAction\",\"target\":{\"@type\":\"EntryPoint\",\"urlTemplate\":\"https:\\\/\\\/hmizatexperts.com\\\/?s={search_term_string}\"},\"query-input\":{\"@type\":\"PropertyValueSpecification\",\"valueRequired\":true,\"valueName\":\"search_term_string\"}}],\"inLanguage\":\"ar\"},{\"@type\":\"Organization\",\"@id\":\"https:\\\/\\\/hmizatexperts.com\\\/#organization\",\"name\":\"Hmizate Expert\",\"url\":\"https:\\\/\\\/hmizatexperts.com\\\/\",\"logo\":{\"@type\":\"ImageObject\",\"inLanguage\":\"ar\",\"@id\":\"https:\\\/\\\/hmizatexperts.com\\\/#\\\/schema\\\/logo\\\/image\\\/\",\"url\":\"https:\\\/\\\/hmizatexperts.com\\\/wp-content\\\/uploads\\\/2021\\\/05\\\/logo_HE2-removebg-preview.png\",\"contentUrl\":\"https:\\\/\\\/hmizatexperts.com\\\/wp-content\\\/uploads\\\/2021\\\/05\\\/logo_HE2-removebg-preview.png\",\"width\":800,\"height\":312,\"caption\":\"Hmizate Expert\"},\"image\":{\"@id\":\"https:\\\/\\\/hmizatexperts.com\\\/#\\\/schema\\\/logo\\\/image\\\/\"},\"sameAs\":[\"https:\\\/\\\/www.facebook.com\\\/hmizatexperts\",\"https:\\\/\\\/x.com\\\/ExpertsHmizate\"]}]}<\/script>\n<!-- \/ Yoast SEO Premium plugin. -->","yoast_head_json":{"title":"Cr\u00e8me Contour des Yeux - Hmizate Expert","description":"Offrez un regard \u00e9clatant avec la cr\u00e8me contour des yeux O\u2019 de Lune. R\u00e9duit cernes et poches pour un effet imm\u00e9diat. Id\u00e9al pour tous types de peau et une hydratation optimale.","robots":{"index":"index","follow":"follow","max-snippet":"max-snippet:-1","max-image-preview":"max-image-preview:large","max-video-preview":"max-video-preview:-1"},"canonical":"https:\/\/hmizatexperts.com\/ar\/product\/creme-contour-des-yeux\/","og_locale":"ar_AR","og_type":"article","og_title":"Cr\u00e8me Contour des Yeux","og_description":"Offrez un regard \u00e9clatant avec la cr\u00e8me contour des yeux O\u2019 de Lune. R\u00e9duit cernes et poches pour un effet imm\u00e9diat. Id\u00e9al pour tous types de peau et une hydratation optimale.","og_url":"https:\/\/hmizatexperts.com\/ar\/product\/creme-contour-des-yeux\/","og_site_name":"Hmizate Expert","article_publisher":"https:\/\/www.facebook.com\/hmizatexperts","article_modified_time":"2024-12-24T08:27:22+00:00","og_image":[{"width":1280,"height":720,"url":"https:\/\/hmizatexperts.com\/wp-content\/uploads\/2024\/12\/2.png","type":"image\/png"}],"twitter_card":"summary_large_image","twitter_site":"@ExpertsHmizate","twitter_misc":{"\u0648\u0642\u062a \u0627\u0644\u0642\u0631\u0627\u0621\u0629 \u0627\u0644\u0645\u064f\u0642\u062f\u0651\u0631":"\u062f\u0642\u064a\u0642\u0629 \u0648\u0627\u062d\u062f\u0629"},"schema":{"@context":"https:\/\/schema.org","@graph":[{"@type":"WebPage","@id":"https:\/\/hmizatexperts.com\/product\/creme-contour-des-yeux\/","url":"https:\/\/hmizatexperts.com\/product\/creme-contour-des-yeux\/","name":"Cr\u00e8me Contour des Yeux - Hmizate Expert","isPartOf":{"@id":"https:\/\/hmizatexperts.com\/#website"},"primaryImageOfPage":{"@id":"https:\/\/hmizatexperts.com\/product\/creme-contour-des-yeux\/#primaryimage"},"image":{"@id":"https:\/\/hmizatexperts.com\/product\/creme-contour-des-yeux\/#primaryimage"},"thumbnailUrl":"https:\/\/hmizatexperts.com\/wp-content\/uploads\/2024\/12\/2.png","datePublished":"2024-12-24T08:27:21+00:00","dateModified":"2024-12-24T08:27:22+00:00","description":"Offrez un regard \u00e9clatant avec la cr\u00e8me contour des yeux O\u2019 de Lune. R\u00e9duit cernes et poches pour un effet imm\u00e9diat. Id\u00e9al pour tous types de peau et une hydratation optimale.","breadcrumb":{"@id":"https:\/\/hmizatexperts.com\/product\/creme-contour-des-yeux\/#breadcrumb"},"inLanguage":"ar","potentialAction":[{"@type":"ReadAction","target":["https:\/\/hmizatexperts.com\/product\/creme-contour-des-yeux\/"]}]},{"@type":"ImageObject","inLanguage":"ar","@id":"https:\/\/hmizatexperts.com\/product\/creme-contour-des-yeux\/#primaryimage","url":"https:\/\/hmizatexperts.com\/wp-content\/uploads\/2024\/12\/2.png","contentUrl":"https:\/\/hmizatexperts.com\/wp-content\/uploads\/2024\/12\/2.png","width":1280,"height":720},{"@type":"BreadcrumbList","@id":"https:\/\/hmizatexperts.com\/product\/creme-contour-des-yeux\/#breadcrumb","itemListElement":[{"@type":"ListItem","position":1,"name":"Accueil","item":"https:\/\/hmizatexperts.com\/"},{"@type":"ListItem","position":2,"name":"Shop","item":"https:\/\/hmizatexperts.com\/shop\/"},{"@type":"ListItem","position":3,"name":"Cr\u00e8me Contour des Yeux"}]},{"@type":"WebSite","@id":"https:\/\/hmizatexperts.com\/#website","url":"https:\/\/hmizatexperts.com\/","name":"\u062e\u0628\u064a\u0631 \u0641\u064a \u0627\u0644\u062d\u0634\u0645\u0629","description":"\u0639\u0631\u0648\u0636\u0646\u0627 \u0628\u0623\u0641\u0636\u0644 \u0627\u0644\u0623\u0633\u0639\u0627\u0631 \u0648\u0627\u0644\u062c\u0648\u062f\u0629","publisher":{"@id":"https:\/\/hmizatexperts.com\/#organization"},"potentialAction":[{"@type":"SearchAction","target":{"@type":"EntryPoint","urlTemplate":"https:\/\/hmizatexperts.com\/?s={search_term_string}"},"query-input":{"@type":"PropertyValueSpecification","valueRequired":true,"valueName":"search_term_string"}}],"inLanguage":"ar"},{"@type":"Organization","@id":"https:\/\/hmizatexperts.com\/#organization","name":"\u062e\u0628\u064a\u0631 \u0641\u064a \u0627\u0644\u062d\u0634\u0645\u0629","url":"https:\/\/hmizatexperts.com\/","logo":{"@type":"ImageObject","inLanguage":"ar","@id":"https:\/\/hmizatexperts.com\/#\/schema\/logo\/image\/","url":"https:\/\/hmizatexperts.com\/wp-content\/uploads\/2021\/05\/logo_HE2-removebg-preview.png","contentUrl":"https:\/\/hmizatexperts.com\/wp-content\/uploads\/2021\/05\/logo_HE2-removebg-preview.png","width":800,"height":312,"caption":"Hmizate Expert"},"image":{"@id":"https:\/\/hmizatexperts.com\/#\/schema\/logo\/image\/"},"sameAs":["https:\/\/www.facebook.com\/hmizatexperts","https:\/\/x.com\/ExpertsHmizate"]}]}},"_links":{"self":[{"href":"https:\/\/hmizatexperts.com\/ar\/wp-json\/wp\/v2\/product\/2007","targetHints":{"allow":["GET"]}}],"collection":[{"href":"https:\/\/hmizatexperts.com\/ar\/wp-json\/wp\/v2\/product"}],"about":[{"href":"https:\/\/hmizatexperts.com\/ar\/wp-json\/wp\/v2\/types\/product"}],"replies":[{"embeddable":true,"href":"https:\/\/hmizatexperts.com\/ar\/wp-json\/wp\/v2\/comments?post=2007"}],"wp:featuredmedia":[{"embeddable":true,"href":"https:\/\/hmizatexperts.com\/ar\/wp-json\/wp\/v2\/media\/2008"}],"wp:attachment":[{"href":"https:\/\/hmizatexperts.com\/ar\/wp-json\/wp\/v2\/media?parent=2007"}],"wp:term":[{"taxonomy":"product_brand","embeddable":true,"href":"https:\/\/hmizatexperts.com\/ar\/wp-json\/wp\/v2\/product_brand?post=2007"},{"taxonomy":"product_cat","embeddable":true,"href":"https:\/\/hmizatexperts.com\/ar\/wp-json\/wp\/v2\/product_cat?post=2007"},{"taxonomy":"product_tag","embeddable":true,"href":"https:\/\/hmizatexperts.com\/ar\/wp-json\/wp\/v2\/product_tag?post=2007"}],"curies":[{"name":"wp","href":"https:\/\/api.w.org\/{rel}","templated":true}]}}