{"id":601,"date":"2021-05-24T00:54:19","date_gmt":"2021-05-24T00:54:19","guid":{"rendered":"https:\/\/hmizatexperts.com\/?post_type=product&#038;p=601"},"modified":"2025-05-25T12:02:42","modified_gmt":"2025-05-25T11:02:42","slug":"multifonctionnel-ruban-adhesif-ivy-grip-tape-5m","status":"publish","type":"product","link":"https:\/\/hmizatexperts.com\/ar\/product\/multifonctionnel-ruban-adhesif-ivy-grip-tape-5m\/","title":{"rendered":"\u0634\u0631\u064a\u0637 \u0644\u0627\u0635\u0642 \u0645\u062a\u0639\u062f\u062f \u0627\u0644\u0648\u0638\u0627\u0626\u0641 \u0645\u0646 \u0646\u0648\u0639 Ivy Grip \u0628\u0637\u0648\u0644 5 \u0623\u0645\u062a\u0627\u0631"},"content":{"rendered":"<p><strong>\u0634\u0631\u064a\u0637 \u0644\u0627\u0635\u0642 \u0634\u0641\u0627\u0641 \u0645\u0632\u062f\u0648\u062c \u0627\u0644\u062c\u0648\u0627\u0646\u0628 \u0644\u0627 \u064a\u062a\u0631\u0643 \u0623\u062b\u0631\u0627\u064b<\/strong><\/p>\n<p>- \u0647\u0630\u0627 \u0627\u0644\u0634\u0631\u064a\u0637 \u0627\u0644\u0633\u062d\u0631\u064a \u0639\u0645\u0644\u064a \u0644\u0644\u063a\u0627\u064a\u0629 \u0648\u0633\u0647\u0644 \u0627\u0644\u0627\u0633\u062a\u062e\u062f\u0627\u0645 \u0648\u0627\u0644\u0625\u0632\u0627\u0644\u0629\u060c \u062f\u0648\u0646 \u0625\u062a\u0644\u0627\u0641 \u0627\u0644\u062c\u062f\u0631\u0627\u0646 \u0623\u0648 \u0627\u0644\u0623\u0633\u0637\u062d\u060c \u0648\u062f\u0648\u0646 \u062a\u0631\u0643 \u0623\u064a \u0628\u0642\u0627\u064a\u0627.<br \/>\n- \u0642\u0627\u0628\u0644\u0629 \u0644\u0644\u063a\u0633\u0644 \u0648\u0625\u0639\u0627\u062f\u0629 \u0627\u0644\u0627\u0633\u062a\u062e\u062f\u0627\u0645. \u0644\u0625\u0639\u0627\u062f\u0629 \u0627\u0644\u0627\u0633\u062a\u062e\u062f\u0627\u0645\u060c \u0645\u0627 \u0639\u0644\u064a\u0643 \u0633\u0648\u0649 \u063a\u0633\u0644 \u0627\u0644\u0633\u0637\u062d \u0648\u062a\u0631\u0643\u0647 \u064a\u062c\u0641 \u0628\u0634\u0643\u0644 \u0637\u0628\u064a\u0639\u064a.<br \/>\n- \u0642\u0645 \u0628\u062a\u0631\u0643\u064a\u0628 \u0623\u0648 \u0625\u062f\u062e\u0627\u0644 \u0639\u0646\u0627\u0635\u0631 \u0645\u062b\u0644 \u062d\u0648\u0627\u0645\u0644 \u0627\u0644\u0647\u0648\u0627\u062a\u0641\u060c \u0648\u0627\u0644\u0645\u0644\u0635\u0642\u0627\u062a\u060c \u0648\u0625\u0637\u0627\u0631\u0627\u062a \u0627\u0644\u0635\u0648\u0631\u060c \u0648\u062d\u0648\u0627\u0645\u0644 \u0627\u0644\u0623\u0642\u0644\u0627\u0645\u060c \u0648\u0645\u0644\u0635\u0642\u0627\u062a \u0627\u0644\u062d\u0627\u0626\u0637\u060c \u0648\u0627\u0644\u062e\u0637\u0627\u0641\u0627\u062a\u060c \u0648\u0627\u0644\u0623\u062f\u0648\u0627\u062a \u0627\u0644\u0635\u063a\u064a\u0631\u0629\u060c \u0648\u0627\u0644\u0645\u0644\u0627\u062d\u0638\u0627\u062a \u0627\u0644\u0644\u0627\u0635\u0642\u0629\u060c \u0648\u0623\u063a\u0637\u064a\u0629 \u0627\u0644\u0647\u0648\u0627\u062a\u0641 \u0627\u0644\u0645\u062d\u0645\u0648\u0644\u0629\u060c \u0648\u0627\u0644\u0644\u0635\u0642\u0627\u062a\u060c \u0648\u0627\u0644\u0644\u0635\u0642\u0627\u062a \u0627\u0644\u0632\u062e\u0631\u0641\u064a\u0629\u060c \u0648\u0632\u064a\u0646\u0629 \u0627\u0644\u062d\u0627\u0626\u0637\u060c \u0648\u0645\u0627 \u0625\u0644\u0649 \u0630\u0644\u0643.<br \/>\n\u2013 \u0645\u0646\u0627\u0633\u0628 \u0644\u0644\u0623\u0633\u0637\u062d \u0627\u0644\u0645\u0644\u0633\u0627\u0621 \u0648\u0627\u0644\u0646\u0638\u064a\u0641\u0629 \u0648\u0627\u0644\u062c\u0627\u0641\u0629. \u064a\u0645\u0643\u0646 \u0627\u0633\u062a\u062e\u062f\u0627\u0645\u0647 \u0639\u0644\u0649 \u0628\u0644\u0627\u0637 \u0627\u0644\u0633\u064a\u0631\u0627\u0645\u064a\u0643 \u0648\u0627\u0644\u0632\u062c\u0627\u062c \u0648\u0627\u0644\u0645\u0639\u0627\u062f\u0646 \u0648\u0627\u0644\u0628\u0644\u0627\u0633\u062a\u064a\u0643 \u0648\u063a\u064a\u0631\u0647\u0627.<\/p>\n<p><strong>\u0633\u0645\u0627\u062a:<\/strong><\/p>\n<p>\u0627\u0644\u0645\u0627\u062f\u0629: \u0646\u0627\u0646\u0648 \u062c\u0644<br \/>\n\u0627\u0644\u0644\u0648\u0646: \u0634\u0641\u0627\u0641<br \/>\n\u0627\u0644\u0645\u0648\u0627\u0635\u0641\u0627\u062a: \u0627\u0644\u0633\u0645\u0627\u0643\u0629: 2.0 \u0645\u0645\u060c \u0627\u0644\u0639\u0631\u0636: 30 \u0645\u0645\u060c \u0627\u0644\u0637\u0648\u0644: 5 \u0645<\/p>\n<p><a href=\"https:\/\/hmizatexperts.com\/wp-content\/uploads\/2021\/05\/Sans-titre-16.png\"><img loading=\"lazy\" decoding=\"async\" class=\"size-medium wp-image-700 aligncenter\" src=\"https:\/\/hmizatexperts.com\/wp-content\/uploads\/2021\/05\/Sans-titre-16-300x188.png\" alt=\"\" width=\"300\" height=\"188\" srcset=\"https:\/\/hmizatexperts.com\/wp-content\/uploads\/2021\/05\/Sans-titre-16-300x188.png 300w, https:\/\/hmizatexperts.com\/wp-content\/uploads\/2021\/05\/Sans-titre-16-768x480.png 768w, https:\/\/hmizatexperts.com\/wp-content\/uploads\/2021\/05\/Sans-titre-16-600x375.png 600w, https:\/\/hmizatexperts.com\/wp-content\/uploads\/2021\/05\/Sans-titre-16.png 800w\" sizes=\"auto, (max-width: 300px) 100vw, 300px\" \/><\/a><\/p>\n<p><strong>\u0637\u0631\u064a\u0642\u0629 \u0627\u0644\u0627\u0633\u062a\u062e\u062f\u0627\u0645:<\/strong><\/p>\n<p>1. \u0646\u0638\u0641 \u0627\u0644\u0633\u0637\u062d \u0648\u062d\u0627\u0641\u0638 \u0639\u0644\u064a\u0647 \u062c\u0627\u0641\u0627\u064b.<br \/>\n2. \u0642\u0635 \u0627\u0644\u062d\u062c\u0645 \u0627\u0644\u0645\u0637\u0644\u0648\u0628 \u0648\u0623\u0644\u0635\u0642\u0647 \u0639\u0644\u0649 \u0627\u0644\u0633\u0637\u062d.<br \/>\n3. \u0642\u0645 \u0628\u0625\u0632\u0627\u0644\u0629 \u0627\u0644\u063a\u0634\u0627\u0621 \u0627\u0644\u0648\u0627\u0642\u064a \u0645\u0646 \u0627\u0644\u0623\u0634\u0631\u0637\u0629 \u0630\u0627\u062a \u0627\u0644\u0648\u062c\u0647\u064a\u0646<br \/>\n4. \u0636\u0639 \u0627\u0644\u0623\u0634\u064a\u0627\u0621 \u0627\u0644\u062a\u064a \u062a\u0631\u063a\u0628 \u0641\u064a \u0644\u0635\u0642\u0647\u0627 \u0639\u0644\u0649 \u0627\u0644\u0633\u0637\u062d.<br \/>\n5. \u0625\u0630\u0627 \u0643\u0646\u062a \u062a\u0631\u063a\u0628 \u0641\u064a \u0625\u0639\u0627\u062f\u0629 \u0627\u0633\u062a\u062e\u062f\u0627\u0645 \u0627\u0644\u0634\u0631\u064a\u0637\u060c \u0641\u0642\u0645 \u0628\u0625\u0632\u0627\u0644\u062a\u0647 \u0648\u062a\u0646\u0638\u064a\u0641\u0647. \u0627\u062a\u0631\u0643\u0647 \u064a\u062c\u0641 \u0628\u0634\u0643\u0644 \u0637\u0628\u064a\u0639\u064a \u0648\u064a\u0645\u0643\u0646\u0643 \u0625\u0639\u0627\u062f\u0629 \u0627\u0633\u062a\u062e\u062f\u0627\u0645\u0647.<\/p>\n<p><strong>\u0645\u0644\u0627\u062d\u0638\u0629:<\/strong><\/p>\n<p>1. \u0644\u0627 \u062a\u0633\u062a\u062e\u062f\u0645 \u0639\u0644\u0649 \u0627\u0644\u0623\u0633\u0637\u062d \u0627\u0644\u062e\u0634\u0646\u0629 \u0623\u0648 \u0631\u0648\u0627\u0633\u0628 \u0627\u0644\u0645\u0633\u062d\u0648\u0642 \u0623\u0648 \u0627\u0644\u0623\u0633\u0637\u062d \u0627\u0644\u062f\u0647\u0646\u064a\u0629 \u0623\u0648 \u0627\u0644\u0631\u0637\u0628\u0629.<br \/>\n2. \u064a\u0631\u062c\u0649 \u0627\u0644\u063a\u0633\u0644 \u0628\u0627\u0644\u0645\u0627\u0621 \u0627\u0644\u0628\u0627\u0631\u062f\u060c \u0648\u0639\u062f\u0645 \u0627\u0644\u062a\u062c\u0641\u064a\u0641 \u0628\u0627\u0644\u0648\u0631\u0642 \u0648\u0627\u0644\u0645\u0646\u0627\u0634\u0641.<br \/>\n3. \u0628\u0627\u0644\u0646\u0633\u0628\u0629 \u0644\u0644\u0623\u0634\u064a\u0627\u0621 \u0627\u0644\u0623\u062b\u0642\u0644 \u0623\u0648 \u0627\u0644\u0623\u0643\u062b\u0631 \u0642\u064a\u0645\u0629\u060c \u0646\u0648\u0635\u064a \u0628\u062a\u063a\u0637\u064a\u0629 \u0627\u0644\u0633\u0637\u062d \u0628\u0627\u0644\u0643\u0627\u0645\u0644 \u0628\u0634\u0631\u064a\u0637 Gelpad \u0644\u0645\u0633\u0627\u0639\u062f\u062a\u0643 \u0639\u0644\u0649 \u0627\u0644\u0634\u0639\u0648\u0631 \u0628\u0627\u0644\u0623\u0645\u0627\u0646 \u0648\u0627\u0644\u0627\u062e\u062a\u0628\u0627\u0631 \u0641\u064a \u0628\u064a\u0626\u0629 \u0622\u0645\u0646\u0629.<\/p>\n<p><a href=\"https:\/\/hmizatexperts.com\/wp-content\/uploads\/2022\/01\/\u062e\u062f\u0645\u0629-\u0627\u0644\u0632\u0628\u0627\u064a\u0654\u0646-1.png\"><img loading=\"lazy\" decoding=\"async\" class=\"size-medium wp-image-1455 aligncenter\" src=\"https:\/\/hmizatexperts.com\/wp-content\/uploads\/2022\/01\/\u062e\u062f\u0645\u0629-\u0627\u0644\u0632\u0628\u0627\u064a\u0654\u0646-1-300x71.png\" alt=\"\" width=\"300\" height=\"71\" srcset=\"https:\/\/hmizatexperts.com\/wp-content\/uploads\/2022\/01\/\u062e\u062f\u0645\u0629-\u0627\u0644\u0632\u0628\u0627\u064a\u0654\u0646-1-300x71.png 300w, https:\/\/hmizatexperts.com\/wp-content\/uploads\/2022\/01\/\u062e\u062f\u0645\u0629-\u0627\u0644\u0632\u0628\u0627\u064a\u0654\u0646-1-600x142.png 600w, https:\/\/hmizatexperts.com\/wp-content\/uploads\/2022\/01\/\u062e\u062f\u0645\u0629-\u0627\u0644\u0632\u0628\u0627\u064a\u0654\u0646-1.png 603w\" sizes=\"auto, (max-width: 300px) 100vw, 300px\" \/><\/a><\/p>","protected":false},"excerpt":{"rendered":"<p>\u0647\u0630\u0627 \u0627\u0644\u0634\u0631\u064a\u0637 \u0627\u0644\u0633\u062d\u0631\u064a \u0639\u0645\u0644\u064a \u0644\u0644\u063a\u0627\u064a\u0629 \u0648\u0633\u0647\u0644 \u0627\u0644\u0627\u0633\u062a\u062e\u062f\u0627\u0645 \u0648\u0627\u0644\u0625\u0632\u0627\u0644\u0629\u060c \u062f\u0648\u0646 \u0625\u062a\u0644\u0627\u0641 \u0627\u0644\u062c\u062f\u0631\u0627\u0646 \u0623\u0648 \u0627\u0644\u0623\u0633\u0637\u062d\u060c \u0648\u062f\u0648\u0646 \u062a\u0631\u0643 \u0623\u064a \u0628\u0642\u0627\u064a\u0627.<\/p>","protected":false},"featured_media":661,"comment_status":"open","ping_status":"closed","template":"","meta":[],"product_brand":[],"product_cat":[111,37],"product_tag":[],"class_list":{"0":"post-601","1":"product","2":"type-product","3":"status-publish","4":"has-post-thumbnail","6":"product_cat-bricolage-et-amelioration","7":"product_cat-maison-cuisine","8":"location-tout-le-maroc","9":"store-hmizate-experts","10":"entry panel","12":"first","13":"instock","14":"sale","15":"shipping-taxable","16":"purchasable","17":"product-type-simple"},"ams_default_variation_id":0,"ams_product_points_reward":[],"ams_product_discount_percentage":27.14,"ams_price_to_display":102,"ams_acf":[],"yoast_head":"<!-- This site is optimized with the Yoast SEO Premium plugin v26.6 (Yoast SEO v27.4) - https:\/\/yoast.com\/product\/yoast-seo-premium-wordpress\/ -->\n<title>Multifonctionnel Ruban Adh\u00e9sif Ivy grip tape 5m - Hmizate Expert<\/title>\n<meta name=\"description\" content=\"Ce ruban magique est tr\u00e8s pratique \u00e0 utiliser et facile \u00e0 enlever, sans endommager les murs ou les surfaces, sans laisser de r\u00e9sidus.\" \/>\n<meta name=\"robots\" content=\"index, follow, max-snippet:-1, max-image-preview:large, max-video-preview:-1\" \/>\n<link rel=\"canonical\" href=\"https:\/\/hmizatexperts.com\/ar\/product\/multifonctionnel-ruban-adhesif-ivy-grip-tape-5m\/\" \/>\n<meta property=\"og:locale\" content=\"ar_AR\" \/>\n<meta property=\"og:type\" content=\"article\" \/>\n<meta property=\"og:title\" content=\"Multifonctionnel Ruban Adh\u00e9sif Ivy grip tape 5m\" \/>\n<meta property=\"og:description\" content=\"Ce ruban magique est tr\u00e8s pratique \u00e0 utiliser et facile \u00e0 enlever, sans endommager les murs ou les surfaces, sans laisser de r\u00e9sidus.\" \/>\n<meta property=\"og:url\" content=\"https:\/\/hmizatexperts.com\/ar\/product\/multifonctionnel-ruban-adhesif-ivy-grip-tape-5m\/\" \/>\n<meta property=\"og:site_name\" content=\"Hmizate Expert\" \/>\n<meta property=\"article:publisher\" content=\"https:\/\/www.facebook.com\/hmizatexperts\" \/>\n<meta property=\"article:modified_time\" content=\"2025-05-25T11:02:42+00:00\" \/>\n<meta property=\"og:image\" content=\"https:\/\/hmizatexperts.com\/wp-content\/uploads\/2021\/05\/Sans-titre-3.png\" \/>\n\t<meta property=\"og:image:width\" content=\"800\" \/>\n\t<meta property=\"og:image:height\" content=\"500\" \/>\n\t<meta property=\"og:image:type\" content=\"image\/png\" \/>\n<meta name=\"twitter:card\" content=\"summary_large_image\" \/>\n<meta name=\"twitter:site\" content=\"@ExpertsHmizate\" \/>\n<meta name=\"twitter:label1\" content=\"\u0648\u0642\u062a \u0627\u0644\u0642\u0631\u0627\u0621\u0629 \u0627\u0644\u0645\u064f\u0642\u062f\u0651\u0631\" \/>\n\t<meta name=\"twitter:data1\" content=\"\u062f\u0642\u064a\u0642\u062a\u0627\u0646\" \/>\n<script type=\"application\/ld+json\" class=\"yoast-schema-graph\">{\"@context\":\"https:\\\/\\\/schema.org\",\"@graph\":[{\"@type\":\"WebPage\",\"@id\":\"https:\\\/\\\/hmizatexperts.com\\\/product\\\/multifonctionnel-ruban-adhesif-ivy-grip-tape-5m\\\/\",\"url\":\"https:\\\/\\\/hmizatexperts.com\\\/product\\\/multifonctionnel-ruban-adhesif-ivy-grip-tape-5m\\\/\",\"name\":\"Multifonctionnel Ruban Adh\u00e9sif Ivy grip tape 5m - Hmizate Expert\",\"isPartOf\":{\"@id\":\"https:\\\/\\\/hmizatexperts.com\\\/#website\"},\"primaryImageOfPage\":{\"@id\":\"https:\\\/\\\/hmizatexperts.com\\\/product\\\/multifonctionnel-ruban-adhesif-ivy-grip-tape-5m\\\/#primaryimage\"},\"image\":{\"@id\":\"https:\\\/\\\/hmizatexperts.com\\\/product\\\/multifonctionnel-ruban-adhesif-ivy-grip-tape-5m\\\/#primaryimage\"},\"thumbnailUrl\":\"https:\\\/\\\/hmizatexperts.com\\\/wp-content\\\/uploads\\\/2021\\\/05\\\/Sans-titre-3.png\",\"datePublished\":\"2021-05-24T00:54:19+00:00\",\"dateModified\":\"2025-05-25T11:02:42+00:00\",\"description\":\"Ce ruban magique est tr\u00e8s pratique \u00e0 utiliser et facile \u00e0 enlever, sans endommager les murs ou les surfaces, sans laisser de r\u00e9sidus.\",\"breadcrumb\":{\"@id\":\"https:\\\/\\\/hmizatexperts.com\\\/product\\\/multifonctionnel-ruban-adhesif-ivy-grip-tape-5m\\\/#breadcrumb\"},\"inLanguage\":\"ar\",\"potentialAction\":[{\"@type\":\"ReadAction\",\"target\":[\"https:\\\/\\\/hmizatexperts.com\\\/product\\\/multifonctionnel-ruban-adhesif-ivy-grip-tape-5m\\\/\"]}]},{\"@type\":\"ImageObject\",\"inLanguage\":\"ar\",\"@id\":\"https:\\\/\\\/hmizatexperts.com\\\/product\\\/multifonctionnel-ruban-adhesif-ivy-grip-tape-5m\\\/#primaryimage\",\"url\":\"https:\\\/\\\/hmizatexperts.com\\\/wp-content\\\/uploads\\\/2021\\\/05\\\/Sans-titre-3.png\",\"contentUrl\":\"https:\\\/\\\/hmizatexperts.com\\\/wp-content\\\/uploads\\\/2021\\\/05\\\/Sans-titre-3.png\",\"width\":800,\"height\":500},{\"@type\":\"BreadcrumbList\",\"@id\":\"https:\\\/\\\/hmizatexperts.com\\\/product\\\/multifonctionnel-ruban-adhesif-ivy-grip-tape-5m\\\/#breadcrumb\",\"itemListElement\":[{\"@type\":\"ListItem\",\"position\":1,\"name\":\"Accueil\",\"item\":\"https:\\\/\\\/hmizatexperts.com\\\/\"},{\"@type\":\"ListItem\",\"position\":2,\"name\":\"Shop\",\"item\":\"https:\\\/\\\/hmizatexperts.com\\\/shop\\\/\"},{\"@type\":\"ListItem\",\"position\":3,\"name\":\"Multifonctionnel Ruban Adh\u00e9sif Ivy grip tape 5m\"}]},{\"@type\":\"WebSite\",\"@id\":\"https:\\\/\\\/hmizatexperts.com\\\/#website\",\"url\":\"https:\\\/\\\/hmizatexperts.com\\\/\",\"name\":\"Hmizate Expert\",\"description\":\"Nos offres aux meilleurs prix et qualit\u00e9\",\"publisher\":{\"@id\":\"https:\\\/\\\/hmizatexperts.com\\\/#organization\"},\"potentialAction\":[{\"@type\":\"SearchAction\",\"target\":{\"@type\":\"EntryPoint\",\"urlTemplate\":\"https:\\\/\\\/hmizatexperts.com\\\/?s={search_term_string}\"},\"query-input\":{\"@type\":\"PropertyValueSpecification\",\"valueRequired\":true,\"valueName\":\"search_term_string\"}}],\"inLanguage\":\"ar\"},{\"@type\":\"Organization\",\"@id\":\"https:\\\/\\\/hmizatexperts.com\\\/#organization\",\"name\":\"Hmizate Expert\",\"url\":\"https:\\\/\\\/hmizatexperts.com\\\/\",\"logo\":{\"@type\":\"ImageObject\",\"inLanguage\":\"ar\",\"@id\":\"https:\\\/\\\/hmizatexperts.com\\\/#\\\/schema\\\/logo\\\/image\\\/\",\"url\":\"https:\\\/\\\/hmizatexperts.com\\\/wp-content\\\/uploads\\\/2021\\\/05\\\/logo_HE2-removebg-preview.png\",\"contentUrl\":\"https:\\\/\\\/hmizatexperts.com\\\/wp-content\\\/uploads\\\/2021\\\/05\\\/logo_HE2-removebg-preview.png\",\"width\":800,\"height\":312,\"caption\":\"Hmizate Expert\"},\"image\":{\"@id\":\"https:\\\/\\\/hmizatexperts.com\\\/#\\\/schema\\\/logo\\\/image\\\/\"},\"sameAs\":[\"https:\\\/\\\/www.facebook.com\\\/hmizatexperts\",\"https:\\\/\\\/x.com\\\/ExpertsHmizate\"]}]}<\/script>\n<!-- \/ Yoast SEO Premium plugin. -->","yoast_head_json":{"title":"Multifonctionnel Ruban Adh\u00e9sif Ivy grip tape 5m - Hmizate Expert","description":"\u0647\u0630\u0627 \u0627\u0644\u0634\u0631\u064a\u0637 \u0627\u0644\u0633\u062d\u0631\u064a \u0639\u0645\u0644\u064a \u0644\u0644\u063a\u0627\u064a\u0629 \u0648\u0633\u0647\u0644 \u0627\u0644\u0627\u0633\u062a\u062e\u062f\u0627\u0645 \u0648\u0627\u0644\u0625\u0632\u0627\u0644\u0629\u060c \u062f\u0648\u0646 \u0625\u062a\u0644\u0627\u0641 \u0627\u0644\u062c\u062f\u0631\u0627\u0646 \u0623\u0648 \u0627\u0644\u0623\u0633\u0637\u062d\u060c \u0648\u062f\u0648\u0646 \u062a\u0631\u0643 \u0623\u064a \u0628\u0642\u0627\u064a\u0627.","robots":{"index":"index","follow":"follow","max-snippet":"max-snippet:-1","max-image-preview":"max-image-preview:large","max-video-preview":"max-video-preview:-1"},"canonical":"https:\/\/hmizatexperts.com\/ar\/product\/multifonctionnel-ruban-adhesif-ivy-grip-tape-5m\/","og_locale":"ar_AR","og_type":"article","og_title":"Multifonctionnel Ruban Adh\u00e9sif Ivy grip tape 5m","og_description":"Ce ruban magique est tr\u00e8s pratique \u00e0 utiliser et facile \u00e0 enlever, sans endommager les murs ou les surfaces, sans laisser de r\u00e9sidus.","og_url":"https:\/\/hmizatexperts.com\/ar\/product\/multifonctionnel-ruban-adhesif-ivy-grip-tape-5m\/","og_site_name":"Hmizate Expert","article_publisher":"https:\/\/www.facebook.com\/hmizatexperts","article_modified_time":"2025-05-25T11:02:42+00:00","og_image":[{"width":800,"height":500,"url":"https:\/\/hmizatexperts.com\/wp-content\/uploads\/2021\/05\/Sans-titre-3.png","type":"image\/png"}],"twitter_card":"summary_large_image","twitter_site":"@ExpertsHmizate","twitter_misc":{"\u0648\u0642\u062a \u0627\u0644\u0642\u0631\u0627\u0621\u0629 \u0627\u0644\u0645\u064f\u0642\u062f\u0651\u0631":"\u062f\u0642\u064a\u0642\u062a\u0627\u0646"},"schema":{"@context":"https:\/\/schema.org","@graph":[{"@type":"WebPage","@id":"https:\/\/hmizatexperts.com\/product\/multifonctionnel-ruban-adhesif-ivy-grip-tape-5m\/","url":"https:\/\/hmizatexperts.com\/product\/multifonctionnel-ruban-adhesif-ivy-grip-tape-5m\/","name":"Multifonctionnel Ruban Adh\u00e9sif Ivy grip tape 5m - Hmizate Expert","isPartOf":{"@id":"https:\/\/hmizatexperts.com\/#website"},"primaryImageOfPage":{"@id":"https:\/\/hmizatexperts.com\/product\/multifonctionnel-ruban-adhesif-ivy-grip-tape-5m\/#primaryimage"},"image":{"@id":"https:\/\/hmizatexperts.com\/product\/multifonctionnel-ruban-adhesif-ivy-grip-tape-5m\/#primaryimage"},"thumbnailUrl":"https:\/\/hmizatexperts.com\/wp-content\/uploads\/2021\/05\/Sans-titre-3.png","datePublished":"2021-05-24T00:54:19+00:00","dateModified":"2025-05-25T11:02:42+00:00","description":"\u0647\u0630\u0627 \u0627\u0644\u0634\u0631\u064a\u0637 \u0627\u0644\u0633\u062d\u0631\u064a \u0639\u0645\u0644\u064a \u0644\u0644\u063a\u0627\u064a\u0629 \u0648\u0633\u0647\u0644 \u0627\u0644\u0627\u0633\u062a\u062e\u062f\u0627\u0645 \u0648\u0627\u0644\u0625\u0632\u0627\u0644\u0629\u060c \u062f\u0648\u0646 \u0625\u062a\u0644\u0627\u0641 \u0627\u0644\u062c\u062f\u0631\u0627\u0646 \u0623\u0648 \u0627\u0644\u0623\u0633\u0637\u062d\u060c \u0648\u062f\u0648\u0646 \u062a\u0631\u0643 \u0623\u064a \u0628\u0642\u0627\u064a\u0627.","breadcrumb":{"@id":"https:\/\/hmizatexperts.com\/product\/multifonctionnel-ruban-adhesif-ivy-grip-tape-5m\/#breadcrumb"},"inLanguage":"ar","potentialAction":[{"@type":"ReadAction","target":["https:\/\/hmizatexperts.com\/product\/multifonctionnel-ruban-adhesif-ivy-grip-tape-5m\/"]}]},{"@type":"ImageObject","inLanguage":"ar","@id":"https:\/\/hmizatexperts.com\/product\/multifonctionnel-ruban-adhesif-ivy-grip-tape-5m\/#primaryimage","url":"https:\/\/hmizatexperts.com\/wp-content\/uploads\/2021\/05\/Sans-titre-3.png","contentUrl":"https:\/\/hmizatexperts.com\/wp-content\/uploads\/2021\/05\/Sans-titre-3.png","width":800,"height":500},{"@type":"BreadcrumbList","@id":"https:\/\/hmizatexperts.com\/product\/multifonctionnel-ruban-adhesif-ivy-grip-tape-5m\/#breadcrumb","itemListElement":[{"@type":"ListItem","position":1,"name":"Accueil","item":"https:\/\/hmizatexperts.com\/"},{"@type":"ListItem","position":2,"name":"Shop","item":"https:\/\/hmizatexperts.com\/shop\/"},{"@type":"ListItem","position":3,"name":"Multifonctionnel Ruban Adh\u00e9sif Ivy grip tape 5m"}]},{"@type":"WebSite","@id":"https:\/\/hmizatexperts.com\/#website","url":"https:\/\/hmizatexperts.com\/","name":"\u062e\u0628\u064a\u0631 \u0641\u064a \u0627\u0644\u062d\u0634\u0645\u0629","description":"\u0639\u0631\u0648\u0636\u0646\u0627 \u0628\u0623\u0641\u0636\u0644 \u0627\u0644\u0623\u0633\u0639\u0627\u0631 \u0648\u0627\u0644\u062c\u0648\u062f\u0629","publisher":{"@id":"https:\/\/hmizatexperts.com\/#organization"},"potentialAction":[{"@type":"SearchAction","target":{"@type":"EntryPoint","urlTemplate":"https:\/\/hmizatexperts.com\/?s={search_term_string}"},"query-input":{"@type":"PropertyValueSpecification","valueRequired":true,"valueName":"search_term_string"}}],"inLanguage":"ar"},{"@type":"Organization","@id":"https:\/\/hmizatexperts.com\/#organization","name":"\u062e\u0628\u064a\u0631 \u0641\u064a \u0627\u0644\u062d\u0634\u0645\u0629","url":"https:\/\/hmizatexperts.com\/","logo":{"@type":"ImageObject","inLanguage":"ar","@id":"https:\/\/hmizatexperts.com\/#\/schema\/logo\/image\/","url":"https:\/\/hmizatexperts.com\/wp-content\/uploads\/2021\/05\/logo_HE2-removebg-preview.png","contentUrl":"https:\/\/hmizatexperts.com\/wp-content\/uploads\/2021\/05\/logo_HE2-removebg-preview.png","width":800,"height":312,"caption":"Hmizate Expert"},"image":{"@id":"https:\/\/hmizatexperts.com\/#\/schema\/logo\/image\/"},"sameAs":["https:\/\/www.facebook.com\/hmizatexperts","https:\/\/x.com\/ExpertsHmizate"]}]}},"_links":{"self":[{"href":"https:\/\/hmizatexperts.com\/ar\/wp-json\/wp\/v2\/product\/601","targetHints":{"allow":["GET"]}}],"collection":[{"href":"https:\/\/hmizatexperts.com\/ar\/wp-json\/wp\/v2\/product"}],"about":[{"href":"https:\/\/hmizatexperts.com\/ar\/wp-json\/wp\/v2\/types\/product"}],"replies":[{"embeddable":true,"href":"https:\/\/hmizatexperts.com\/ar\/wp-json\/wp\/v2\/comments?post=601"}],"wp:featuredmedia":[{"embeddable":true,"href":"https:\/\/hmizatexperts.com\/ar\/wp-json\/wp\/v2\/media\/661"}],"wp:attachment":[{"href":"https:\/\/hmizatexperts.com\/ar\/wp-json\/wp\/v2\/media?parent=601"}],"wp:term":[{"taxonomy":"product_brand","embeddable":true,"href":"https:\/\/hmizatexperts.com\/ar\/wp-json\/wp\/v2\/product_brand?post=601"},{"taxonomy":"product_cat","embeddable":true,"href":"https:\/\/hmizatexperts.com\/ar\/wp-json\/wp\/v2\/product_cat?post=601"},{"taxonomy":"product_tag","embeddable":true,"href":"https:\/\/hmizatexperts.com\/ar\/wp-json\/wp\/v2\/product_tag?post=601"}],"curies":[{"name":"wp","href":"https:\/\/api.w.org\/{rel}","templated":true}]}}