{"id":764,"date":"2021-07-05T22:00:28","date_gmt":"2021-07-05T22:00:28","guid":{"rendered":"https:\/\/hmizatexperts.com\/?post_type=product&#038;p=764"},"modified":"2024-12-17T22:35:36","modified_gmt":"2024-12-17T21:35:36","slug":"tuyau-flexible-et-extensible-en-plastique","status":"publish","type":"product","link":"https:\/\/hmizatexperts.com\/ar\/product\/tuyau-flexible-et-extensible-en-plastique\/","title":{"rendered":"\u062e\u0631\u0637\u0648\u0645 \u0628\u0644\u0627\u0633\u062a\u064a\u0643\u064a \u0645\u0631\u0646 \u0648\u0642\u0627\u0628\u0644 \u0644\u0644\u062a\u0645\u062f\u062f"},"content":{"rendered":"<p><strong data-spm-anchor-id=\"a2g0o.detail.1000023.i0.205b1cc2GS4c3k\">\u0648\u0635\u0641:<\/strong><br \/>\n\u062e\u0631\u0637\u0648\u0645 \u0627\u0644\u062d\u062f\u064a\u0642\u0629 \u0647\u0630\u0627 \u0645\u0635\u0646\u0648\u0639 \u0645\u0646 \u0645\u0627\u062f\u0629 \u0645\u0631\u0646\u0629\u060c \u0645\u0645\u0627 \u064a\u062c\u0639\u0644\u0647 \u0633\u0647\u0644 \u0627\u0644\u0627\u0633\u062a\u062e\u062f\u0627\u0645 \u0644\u0644\u063a\u0627\u064a\u0629 \u0648\u064a\u0644\u0628\u064a \u0627\u062d\u062a\u064a\u0627\u062c\u0627\u062a\u0643.<br \/>\n\u0628\u0641\u0636\u0644 \u0645\u0627\u062f\u062a\u0647 \u0627\u0644\u062e\u0641\u064a\u0641\u0629\u060c \u064a\u0633\u0647\u0644 \u062d\u0645\u0644\u0647 \u0648\u062a\u062e\u0632\u064a\u0646\u0647 \u0628\u0639\u062f \u0627\u0644\u0627\u0646\u062a\u0647\u0627\u0621 \u0645\u0646 \u0627\u0633\u062a\u062e\u062f\u0627\u0645\u0647.<br \/>\n\u064a\u0645\u0646\u0639 \u0627\u0644\u062a\u0635\u0645\u064a\u0645 \u0627\u0644\u0641\u0631\u064a\u062f \u0644\u0647\u0630\u0627 \u0627\u0644\u062e\u0631\u0637\u0648\u0645 \u0645\u0646 \u0627\u0644\u0627\u0644\u062a\u0648\u0627\u0621 \u0648\u0627\u0644\u0627\u0646\u062d\u0646\u0627\u0621 \u0648\u0627\u0644\u062a\u0634\u0627\u0628\u0643.<br \/>\n\u062e\u0631\u0637\u0648\u0645 \u0627\u0644\u062d\u062f\u064a\u0642\u0629 \u0627\u0644\u0639\u0645\u0644\u064a \u0647\u0630\u0627 \u062e\u0641\u064a\u0641 \u0627\u0644\u0648\u0632\u0646 \u0644\u0644\u063a\u0627\u064a\u0629 \u0648\u0645\u0631\u0646 \u0648\u0633\u0647\u0644 \u0627\u0644\u0627\u0633\u062a\u062e\u062f\u0627\u0645.<br \/>\n\u064a\u0628\u062f\u0623 \u0639\u0646\u062f 2.5 \u0645\u062a\u0631 \u0648\u064a\u0645\u062a\u062f \u0625\u0644\u0649 7.5 \u0645\u062a\u0631 \u0645\u0639 \u0636\u063a\u0637 \u0627\u0644\u0645\u0627\u0621\u060c \u0648\u0644\u0643\u0646\u0647 \u064a\u0639\u0648\u062f \u0625\u0644\u0649 2.5 \u0645\u062a\u0631 \u0641\u064a \u063a\u0636\u0648\u0646 \u062b\u0648\u0627\u0646\u064d \u0628\u0639\u062f \u0627\u0644\u062e\u0631\u0648\u062c \u0645\u0646 \u0627\u0644\u0645\u0627\u0621.<\/p>\n<p style=\"text-align: center;\"><a href=\"https:\/\/hmizatexperts.com\/wp-content\/uploads\/2021\/07\/2.png\"><img loading=\"lazy\" decoding=\"async\" class=\"alignnone size-medium wp-image-766\" src=\"https:\/\/hmizatexperts.com\/wp-content\/uploads\/2021\/07\/2-300x169.png\" alt=\"\" width=\"300\" height=\"169\" srcset=\"https:\/\/hmizatexperts.com\/wp-content\/uploads\/2021\/07\/2-300x169.png 300w, https:\/\/hmizatexperts.com\/wp-content\/uploads\/2021\/07\/2-1024x576.png 1024w, https:\/\/hmizatexperts.com\/wp-content\/uploads\/2021\/07\/2-768x432.png 768w, https:\/\/hmizatexperts.com\/wp-content\/uploads\/2021\/07\/2-600x338.png 600w, https:\/\/hmizatexperts.com\/wp-content\/uploads\/2021\/07\/2.png 1280w\" sizes=\"auto, (max-width: 300px) 100vw, 300px\" \/><\/a><\/p>\n<p><strong>\u0645\u0648\u0627\u0635\u0641\u0629:<\/strong><br \/>\n\u0627\u0644\u0646\u0648\u0639: \u0637\u0642\u0645 \u062e\u0631\u0637\u0648\u0645 \u062d\u062f\u064a\u0642\u0629.<br \/>\n\u0627\u0644\u062d\u062c\u0645: 15 \u0645\u062a\u0631\u060c 22.5 \u0645\u062a\u0631\u060c 30 \u0645\u062a\u0631.<br \/>\n\u0627\u0644\u0644\u0648\u0646: \u0623\u062e\u0636\u0631\u060c \u0623\u0632\u0631\u0642.<br \/>\n\u0627\u0644\u0645\u0627\u062f\u0629: \u0628\u0644\u0627\u0633\u062a\u064a\u0643.<\/p>\n<p><strong>\u0645\u0644\u062d\u0648\u0638\u0629:<\/strong><br \/>\n\u064a\u0631\u062c\u0649 \u062a\u0635\u0631\u064a\u0641 \u0627\u0644\u0645\u0627\u0621 \u0627\u0644\u062c\u0627\u0641 \u0628\u0639\u062f \u0627\u0644\u0627\u0633\u062a\u062e\u062f\u0627\u0645 \u0648\u062a\u062c\u0646\u0628 \u062a\u0639\u0631\u064a\u0636\u0647 \u0644\u0623\u0634\u0639\u0629 \u0627\u0644\u0634\u0645\u0633.<br \/>\n\u0642\u062f \u064a\u062d\u062f\u062b \u062a\u0634\u0648\u0647 \u0637\u0641\u064a\u0641 \u0641\u064a \u0627\u0644\u0623\u0644\u0648\u0627\u0646 \u0628\u0633\u0628\u0628 \u0627\u062e\u062a\u0644\u0627\u0641 \u062f\u0642\u0629 \u0634\u0627\u0634\u0627\u062a \u0627\u0644\u0643\u0645\u0628\u064a\u0648\u062a\u0631.<br \/>\n\u0642\u062f \u062a\u062d\u062f\u062b \u0623\u062e\u0637\u0627\u0621 \u0637\u0641\u064a\u0641\u0629 \u0628\u0633\u0628\u0628 \u0627\u062e\u062a\u0644\u0627\u0641 \u0627\u0644\u0642\u064a\u0627\u0633\u0627\u062a \u0627\u0644\u064a\u062f\u0648\u064a\u0629.<\/p>\n<p><a href=\"https:\/\/hmizatexperts.com\/wp-content\/uploads\/2021\/07\/4.png\"><img loading=\"lazy\" decoding=\"async\" class=\"size-medium wp-image-768 aligncenter\" src=\"https:\/\/hmizatexperts.com\/wp-content\/uploads\/2021\/07\/4-300x169.png\" alt=\"\" width=\"300\" height=\"169\" srcset=\"https:\/\/hmizatexperts.com\/wp-content\/uploads\/2021\/07\/4-300x169.png 300w, https:\/\/hmizatexperts.com\/wp-content\/uploads\/2021\/07\/4-1024x576.png 1024w, https:\/\/hmizatexperts.com\/wp-content\/uploads\/2021\/07\/4-768x432.png 768w, https:\/\/hmizatexperts.com\/wp-content\/uploads\/2021\/07\/4-600x338.png 600w, https:\/\/hmizatexperts.com\/wp-content\/uploads\/2021\/07\/4.png 1280w\" sizes=\"auto, (max-width: 300px) 100vw, 300px\" \/><\/a><\/p>\n<p><strong>\u0627\u0644\u062d\u0632\u0645\u0629 \u062a\u0634\u0645\u0644:<\/strong><br \/>\n\u062e\u0631\u0637\u0648\u0645 \u062d\u062f\u064a\u0642\u0629 \u0648\u0627\u062d\u062f.<br \/>\n2 * \u0645\u0648\u0635\u0644.<br \/>\n1 * \u0628\u062e\u0627\u062e \u0645\u0627\u0621.<br \/>\n1 * \u062f\u0644\u064a\u0644 \u0627\u0644\u0645\u0633\u062a\u062e\u062f\u0645.<\/p>\n<p><a href=\"https:\/\/hmizatexperts.com\/wp-content\/uploads\/2022\/01\/\u062e\u062f\u0645\u0629-\u0627\u0644\u0632\u0628\u0627\u064a\u0654\u0646-1.png\"><img loading=\"lazy\" decoding=\"async\" class=\"size-medium wp-image-1455 aligncenter\" src=\"https:\/\/hmizatexperts.com\/wp-content\/uploads\/2022\/01\/\u062e\u062f\u0645\u0629-\u0627\u0644\u0632\u0628\u0627\u064a\u0654\u0646-1-300x71.png\" alt=\"\" width=\"300\" height=\"71\" srcset=\"https:\/\/hmizatexperts.com\/wp-content\/uploads\/2022\/01\/\u062e\u062f\u0645\u0629-\u0627\u0644\u0632\u0628\u0627\u064a\u0654\u0646-1-300x71.png 300w, https:\/\/hmizatexperts.com\/wp-content\/uploads\/2022\/01\/\u062e\u062f\u0645\u0629-\u0627\u0644\u0632\u0628\u0627\u064a\u0654\u0646-1-600x142.png 600w, https:\/\/hmizatexperts.com\/wp-content\/uploads\/2022\/01\/\u062e\u062f\u0645\u0629-\u0627\u0644\u0632\u0628\u0627\u064a\u0654\u0646-1.png 603w\" sizes=\"auto, (max-width: 300px) 100vw, 300px\" \/><\/a><\/p>","protected":false},"excerpt":{"rendered":"<p>\u062e\u0631\u0637\u0648\u0645 \u0627\u0644\u062d\u062f\u064a\u0642\u0629 \u0647\u0630\u0627 \u0645\u0635\u0646\u0648\u0639 \u0645\u0646 \u0645\u0627\u062f\u0629 \u0645\u0631\u0646\u0629\u060c \u0645\u0645\u0627 \u064a\u062c\u0639\u0644\u0647 \u0633\u0647\u0644 \u0627\u0644\u0627\u0633\u062a\u062e\u062f\u0627\u0645 \u0644\u0644\u063a\u0627\u064a\u0629 \u0648\u064a\u0644\u0628\u064a \u0627\u062d\u062a\u064a\u0627\u062c\u0627\u062a\u0643.<\/p>","protected":false},"featured_media":769,"comment_status":"open","ping_status":"closed","template":"","meta":[],"product_brand":[],"product_cat":[111,110,37],"product_tag":[],"class_list":{"0":"post-764","1":"product","2":"type-product","3":"status-publish","4":"has-post-thumbnail","6":"product_cat-bricolage-et-amelioration","7":"product_cat-exterieur-et-jardin","8":"product_cat-maison-cuisine","9":"pa_longueur-15-m","10":"pa_longueur-22-metre","11":"location-tout-le-maroc","12":"store-hmizate-experts","13":"entry panel","15":"first","16":"instock","17":"sale","18":"shipping-taxable","19":"purchasable","20":"product-type-variable","21":"has-default-attributes"},"ams_default_variation_id":1286,"ams_product_points_reward":[],"ams_product_discount_percentage":0,"ams_price_to_display":125,"ams_acf":[],"yoast_head":"<!-- This site is optimized with the Yoast SEO Premium plugin v26.6 (Yoast SEO v27.4) - https:\/\/yoast.com\/product\/yoast-seo-premium-wordpress\/ -->\n<title>Tuyau flexible et extensible en plastique - Hmizate Expert<\/title>\n<meta name=\"description\" content=\"Optez pour le tuyau flexible extensible en plastique : l\u00e9ger, durable et id\u00e9al pour simplifier l&#039;arrosage et les t\u00e2ches m\u00e9nag\u00e8res.\" \/>\n<meta name=\"robots\" content=\"index, follow, max-snippet:-1, max-image-preview:large, max-video-preview:-1\" \/>\n<link rel=\"canonical\" href=\"https:\/\/hmizatexperts.com\/ar\/product\/tuyau-flexible-et-extensible-en-plastique\/\" \/>\n<meta property=\"og:locale\" content=\"ar_AR\" \/>\n<meta property=\"og:type\" content=\"article\" \/>\n<meta property=\"og:title\" content=\"Tuyau flexible et extensible en plastique\" \/>\n<meta property=\"og:description\" content=\"Optez pour le tuyau flexible extensible en plastique : l\u00e9ger, durable et id\u00e9al pour simplifier l&#039;arrosage et les t\u00e2ches m\u00e9nag\u00e8res.\" \/>\n<meta property=\"og:url\" content=\"https:\/\/hmizatexperts.com\/ar\/product\/tuyau-flexible-et-extensible-en-plastique\/\" \/>\n<meta property=\"og:site_name\" content=\"Hmizate Expert\" \/>\n<meta property=\"article:publisher\" content=\"https:\/\/www.facebook.com\/hmizatexperts\" \/>\n<meta property=\"article:modified_time\" content=\"2024-12-17T21:35:36+00:00\" \/>\n<meta property=\"og:image\" content=\"https:\/\/hmizatexperts.com\/wp-content\/uploads\/2021\/07\/5.png\" \/>\n\t<meta property=\"og:image:width\" content=\"1280\" \/>\n\t<meta property=\"og:image:height\" content=\"720\" \/>\n\t<meta property=\"og:image:type\" content=\"image\/png\" \/>\n<meta name=\"twitter:card\" content=\"summary_large_image\" \/>\n<meta name=\"twitter:site\" content=\"@ExpertsHmizate\" \/>\n<meta name=\"twitter:label1\" content=\"\u0648\u0642\u062a \u0627\u0644\u0642\u0631\u0627\u0621\u0629 \u0627\u0644\u0645\u064f\u0642\u062f\u0651\u0631\" \/>\n\t<meta name=\"twitter:data1\" content=\"\u062f\u0642\u064a\u0642\u062a\u0627\u0646\" \/>\n<script type=\"application\/ld+json\" class=\"yoast-schema-graph\">{\"@context\":\"https:\\\/\\\/schema.org\",\"@graph\":[{\"@type\":\"WebPage\",\"@id\":\"https:\\\/\\\/hmizatexperts.com\\\/product\\\/tuyau-flexible-et-extensible-en-plastique\\\/\",\"url\":\"https:\\\/\\\/hmizatexperts.com\\\/product\\\/tuyau-flexible-et-extensible-en-plastique\\\/\",\"name\":\"Tuyau flexible et extensible en plastique - Hmizate Expert\",\"isPartOf\":{\"@id\":\"https:\\\/\\\/hmizatexperts.com\\\/#website\"},\"primaryImageOfPage\":{\"@id\":\"https:\\\/\\\/hmizatexperts.com\\\/product\\\/tuyau-flexible-et-extensible-en-plastique\\\/#primaryimage\"},\"image\":{\"@id\":\"https:\\\/\\\/hmizatexperts.com\\\/product\\\/tuyau-flexible-et-extensible-en-plastique\\\/#primaryimage\"},\"thumbnailUrl\":\"https:\\\/\\\/hmizatexperts.com\\\/wp-content\\\/uploads\\\/2021\\\/07\\\/5.png\",\"datePublished\":\"2021-07-05T22:00:28+00:00\",\"dateModified\":\"2024-12-17T21:35:36+00:00\",\"description\":\"Optez pour le tuyau flexible extensible en plastique : l\u00e9ger, durable et id\u00e9al pour simplifier l'arrosage et les t\u00e2ches m\u00e9nag\u00e8res.\",\"breadcrumb\":{\"@id\":\"https:\\\/\\\/hmizatexperts.com\\\/product\\\/tuyau-flexible-et-extensible-en-plastique\\\/#breadcrumb\"},\"inLanguage\":\"ar\",\"potentialAction\":[{\"@type\":\"ReadAction\",\"target\":[\"https:\\\/\\\/hmizatexperts.com\\\/product\\\/tuyau-flexible-et-extensible-en-plastique\\\/\"]}]},{\"@type\":\"ImageObject\",\"inLanguage\":\"ar\",\"@id\":\"https:\\\/\\\/hmizatexperts.com\\\/product\\\/tuyau-flexible-et-extensible-en-plastique\\\/#primaryimage\",\"url\":\"https:\\\/\\\/hmizatexperts.com\\\/wp-content\\\/uploads\\\/2021\\\/07\\\/5.png\",\"contentUrl\":\"https:\\\/\\\/hmizatexperts.com\\\/wp-content\\\/uploads\\\/2021\\\/07\\\/5.png\",\"width\":1280,\"height\":720},{\"@type\":\"BreadcrumbList\",\"@id\":\"https:\\\/\\\/hmizatexperts.com\\\/product\\\/tuyau-flexible-et-extensible-en-plastique\\\/#breadcrumb\",\"itemListElement\":[{\"@type\":\"ListItem\",\"position\":1,\"name\":\"Accueil\",\"item\":\"https:\\\/\\\/hmizatexperts.com\\\/\"},{\"@type\":\"ListItem\",\"position\":2,\"name\":\"Shop\",\"item\":\"https:\\\/\\\/hmizatexperts.com\\\/shop\\\/\"},{\"@type\":\"ListItem\",\"position\":3,\"name\":\"Tuyau flexible et extensible en plastique\"}]},{\"@type\":\"WebSite\",\"@id\":\"https:\\\/\\\/hmizatexperts.com\\\/#website\",\"url\":\"https:\\\/\\\/hmizatexperts.com\\\/\",\"name\":\"Hmizate Expert\",\"description\":\"Nos offres aux meilleurs prix et qualit\u00e9\",\"publisher\":{\"@id\":\"https:\\\/\\\/hmizatexperts.com\\\/#organization\"},\"potentialAction\":[{\"@type\":\"SearchAction\",\"target\":{\"@type\":\"EntryPoint\",\"urlTemplate\":\"https:\\\/\\\/hmizatexperts.com\\\/?s={search_term_string}\"},\"query-input\":{\"@type\":\"PropertyValueSpecification\",\"valueRequired\":true,\"valueName\":\"search_term_string\"}}],\"inLanguage\":\"ar\"},{\"@type\":\"Organization\",\"@id\":\"https:\\\/\\\/hmizatexperts.com\\\/#organization\",\"name\":\"Hmizate Expert\",\"url\":\"https:\\\/\\\/hmizatexperts.com\\\/\",\"logo\":{\"@type\":\"ImageObject\",\"inLanguage\":\"ar\",\"@id\":\"https:\\\/\\\/hmizatexperts.com\\\/#\\\/schema\\\/logo\\\/image\\\/\",\"url\":\"https:\\\/\\\/hmizatexperts.com\\\/wp-content\\\/uploads\\\/2021\\\/05\\\/logo_HE2-removebg-preview.png\",\"contentUrl\":\"https:\\\/\\\/hmizatexperts.com\\\/wp-content\\\/uploads\\\/2021\\\/05\\\/logo_HE2-removebg-preview.png\",\"width\":800,\"height\":312,\"caption\":\"Hmizate Expert\"},\"image\":{\"@id\":\"https:\\\/\\\/hmizatexperts.com\\\/#\\\/schema\\\/logo\\\/image\\\/\"},\"sameAs\":[\"https:\\\/\\\/www.facebook.com\\\/hmizatexperts\",\"https:\\\/\\\/x.com\\\/ExpertsHmizate\"]}]}<\/script>\n<!-- \/ Yoast SEO Premium plugin. -->","yoast_head_json":{"title":"Tuyau flexible et extensible en plastique - Hmizate Expert","description":"Optez pour le tuyau flexible extensible en plastique : l\u00e9ger, durable et id\u00e9al pour simplifier l'arrosage et les t\u00e2ches m\u00e9nag\u00e8res.","robots":{"index":"index","follow":"follow","max-snippet":"max-snippet:-1","max-image-preview":"max-image-preview:large","max-video-preview":"max-video-preview:-1"},"canonical":"https:\/\/hmizatexperts.com\/ar\/product\/tuyau-flexible-et-extensible-en-plastique\/","og_locale":"ar_AR","og_type":"article","og_title":"Tuyau flexible et extensible en plastique","og_description":"Optez pour le tuyau flexible extensible en plastique : l\u00e9ger, durable et id\u00e9al pour simplifier l'arrosage et les t\u00e2ches m\u00e9nag\u00e8res.","og_url":"https:\/\/hmizatexperts.com\/ar\/product\/tuyau-flexible-et-extensible-en-plastique\/","og_site_name":"Hmizate Expert","article_publisher":"https:\/\/www.facebook.com\/hmizatexperts","article_modified_time":"2024-12-17T21:35:36+00:00","og_image":[{"width":1280,"height":720,"url":"https:\/\/hmizatexperts.com\/wp-content\/uploads\/2021\/07\/5.png","type":"image\/png"}],"twitter_card":"summary_large_image","twitter_site":"@ExpertsHmizate","twitter_misc":{"\u0648\u0642\u062a \u0627\u0644\u0642\u0631\u0627\u0621\u0629 \u0627\u0644\u0645\u064f\u0642\u062f\u0651\u0631":"\u062f\u0642\u064a\u0642\u062a\u0627\u0646"},"schema":{"@context":"https:\/\/schema.org","@graph":[{"@type":"WebPage","@id":"https:\/\/hmizatexperts.com\/product\/tuyau-flexible-et-extensible-en-plastique\/","url":"https:\/\/hmizatexperts.com\/product\/tuyau-flexible-et-extensible-en-plastique\/","name":"Tuyau flexible et extensible en plastique - Hmizate Expert","isPartOf":{"@id":"https:\/\/hmizatexperts.com\/#website"},"primaryImageOfPage":{"@id":"https:\/\/hmizatexperts.com\/product\/tuyau-flexible-et-extensible-en-plastique\/#primaryimage"},"image":{"@id":"https:\/\/hmizatexperts.com\/product\/tuyau-flexible-et-extensible-en-plastique\/#primaryimage"},"thumbnailUrl":"https:\/\/hmizatexperts.com\/wp-content\/uploads\/2021\/07\/5.png","datePublished":"2021-07-05T22:00:28+00:00","dateModified":"2024-12-17T21:35:36+00:00","description":"Optez pour le tuyau flexible extensible en plastique : l\u00e9ger, durable et id\u00e9al pour simplifier l'arrosage et les t\u00e2ches m\u00e9nag\u00e8res.","breadcrumb":{"@id":"https:\/\/hmizatexperts.com\/product\/tuyau-flexible-et-extensible-en-plastique\/#breadcrumb"},"inLanguage":"ar","potentialAction":[{"@type":"ReadAction","target":["https:\/\/hmizatexperts.com\/product\/tuyau-flexible-et-extensible-en-plastique\/"]}]},{"@type":"ImageObject","inLanguage":"ar","@id":"https:\/\/hmizatexperts.com\/product\/tuyau-flexible-et-extensible-en-plastique\/#primaryimage","url":"https:\/\/hmizatexperts.com\/wp-content\/uploads\/2021\/07\/5.png","contentUrl":"https:\/\/hmizatexperts.com\/wp-content\/uploads\/2021\/07\/5.png","width":1280,"height":720},{"@type":"BreadcrumbList","@id":"https:\/\/hmizatexperts.com\/product\/tuyau-flexible-et-extensible-en-plastique\/#breadcrumb","itemListElement":[{"@type":"ListItem","position":1,"name":"Accueil","item":"https:\/\/hmizatexperts.com\/"},{"@type":"ListItem","position":2,"name":"Shop","item":"https:\/\/hmizatexperts.com\/shop\/"},{"@type":"ListItem","position":3,"name":"Tuyau flexible et extensible en plastique"}]},{"@type":"WebSite","@id":"https:\/\/hmizatexperts.com\/#website","url":"https:\/\/hmizatexperts.com\/","name":"\u062e\u0628\u064a\u0631 \u0641\u064a \u0627\u0644\u062d\u0634\u0645\u0629","description":"\u0639\u0631\u0648\u0636\u0646\u0627 \u0628\u0623\u0641\u0636\u0644 \u0627\u0644\u0623\u0633\u0639\u0627\u0631 \u0648\u0627\u0644\u062c\u0648\u062f\u0629","publisher":{"@id":"https:\/\/hmizatexperts.com\/#organization"},"potentialAction":[{"@type":"SearchAction","target":{"@type":"EntryPoint","urlTemplate":"https:\/\/hmizatexperts.com\/?s={search_term_string}"},"query-input":{"@type":"PropertyValueSpecification","valueRequired":true,"valueName":"search_term_string"}}],"inLanguage":"ar"},{"@type":"Organization","@id":"https:\/\/hmizatexperts.com\/#organization","name":"\u062e\u0628\u064a\u0631 \u0641\u064a \u0627\u0644\u062d\u0634\u0645\u0629","url":"https:\/\/hmizatexperts.com\/","logo":{"@type":"ImageObject","inLanguage":"ar","@id":"https:\/\/hmizatexperts.com\/#\/schema\/logo\/image\/","url":"https:\/\/hmizatexperts.com\/wp-content\/uploads\/2021\/05\/logo_HE2-removebg-preview.png","contentUrl":"https:\/\/hmizatexperts.com\/wp-content\/uploads\/2021\/05\/logo_HE2-removebg-preview.png","width":800,"height":312,"caption":"Hmizate Expert"},"image":{"@id":"https:\/\/hmizatexperts.com\/#\/schema\/logo\/image\/"},"sameAs":["https:\/\/www.facebook.com\/hmizatexperts","https:\/\/x.com\/ExpertsHmizate"]}]}},"_links":{"self":[{"href":"https:\/\/hmizatexperts.com\/ar\/wp-json\/wp\/v2\/product\/764","targetHints":{"allow":["GET"]}}],"collection":[{"href":"https:\/\/hmizatexperts.com\/ar\/wp-json\/wp\/v2\/product"}],"about":[{"href":"https:\/\/hmizatexperts.com\/ar\/wp-json\/wp\/v2\/types\/product"}],"replies":[{"embeddable":true,"href":"https:\/\/hmizatexperts.com\/ar\/wp-json\/wp\/v2\/comments?post=764"}],"wp:featuredmedia":[{"embeddable":true,"href":"https:\/\/hmizatexperts.com\/ar\/wp-json\/wp\/v2\/media\/769"}],"wp:attachment":[{"href":"https:\/\/hmizatexperts.com\/ar\/wp-json\/wp\/v2\/media?parent=764"}],"wp:term":[{"taxonomy":"product_brand","embeddable":true,"href":"https:\/\/hmizatexperts.com\/ar\/wp-json\/wp\/v2\/product_brand?post=764"},{"taxonomy":"product_cat","embeddable":true,"href":"https:\/\/hmizatexperts.com\/ar\/wp-json\/wp\/v2\/product_cat?post=764"},{"taxonomy":"product_tag","embeddable":true,"href":"https:\/\/hmizatexperts.com\/ar\/wp-json\/wp\/v2\/product_tag?post=764"}],"curies":[{"name":"wp","href":"https:\/\/api.w.org\/{rel}","templated":true}]}}