{"id":813,"date":"2021-08-20T22:40:11","date_gmt":"2021-08-20T22:40:11","guid":{"rendered":"https:\/\/hmizatexperts.com\/?post_type=product&#038;p=813"},"modified":"2024-12-23T20:02:53","modified_gmt":"2024-12-23T19:02:53","slug":"table-mate-table-multifunctional","status":"publish","type":"product","link":"https:\/\/hmizatexperts.com\/ar\/product\/table-mate-table-multifunctional\/","title":{"rendered":"\u0637\u0627\u0648\u0644\u0629 \u0645\u062a\u0639\u062f\u062f\u0629 \u0627\u0644\u0648\u0638\u0627\u0626\u0641 \u0645\u0646 \u062a\u064a\u0628\u0644 \u0645\u064a\u062a"},"content":{"rendered":"<p>\u0637\u0627\u0648\u0644\u0629 \u0642\u0627\u0628\u0644\u0629 \u0644\u0644\u0637\u064a \u0645\u0628\u062a\u0643\u0631\u0629 \u064a\u0645\u0643\u0646 \u0627\u0633\u062a\u062e\u062f\u0627\u0645\u0647\u0627 \u0644\u0644\u062f\u0631\u0627\u0633\u0629 \u0648\u0627\u0644\u0642\u0631\u0627\u0621\u0629 \u0648\u0627\u0644\u0631\u0633\u0645 \u0648\u0627\u0644\u0644\u0639\u0628 \u0648\u062a\u0646\u0627\u0648\u0644 \u0627\u0644\u0637\u0639\u0627\u0645 \u0648\u0645\u0627 \u0625\u0644\u0649 \u0630\u0644\u0643.<br \/>\n. \u0645\u062b\u0627\u0644\u064a\u0629 \u0644\u0644\u062a\u062e\u064a\u064a\u0645 \u0648\u0627\u0644\u0646\u0632\u0647\u0627\u062a \u0648\u0627\u0644\u0627\u0633\u062a\u062e\u062f\u0627\u0645 \u0627\u0644\u062f\u0627\u062e\u0644\u064a \u0648\u0627\u0644\u062e\u0627\u0631\u062c\u064a.<br \/>\n. \u0642\u0627\u0628\u0644 \u0644\u0644\u062a\u0639\u062f\u064a\u0644 \u0628\u062f\u0631\u062c\u0629 \u0639\u0627\u0644\u064a\u0629<br \/>\n. \u0633\u062a\u0629 \u0627\u0631\u062a\u0641\u0627\u0639\u0627\u062a \u0645\u062e\u062a\u0644\u0641\u0629 \u0648\u062b\u0644\u0627\u062b \u0632\u0648\u0627\u064a\u0627<br \/>\n. \u062a\u062c\u0645\u064a\u0639 \u0641\u064a \u062f\u0642\u064a\u0642\u062a\u064a\u0646 \u0628\u062f\u0648\u0646 \u0623\u062f\u0648\u0627\u062a \u0623\u0648 \u0645\u062b\u0628\u062a\u0627\u062a<br \/>\n. \u0645\u0631\u064a\u062d \u0628\u062f\u0648\u0646 \u0639\u0648\u0627\u0631\u0636 \u0645\u062a\u0642\u0627\u0637\u0639\u0629 \u0644\u0645\u0646\u0639 \u0627\u0635\u0637\u062f\u0627\u0645 \u0633\u0627\u0642\u064a\u0643 \u0628\u0628\u0639\u0636\u0647\u0645\u0627 \u0627\u0644\u0628\u0639\u0636.<br \/>\n. \u0642\u0627\u0628\u0644\u0629 \u0644\u0644\u0637\u064a \u0644\u0633\u0647\u0648\u0644\u0629 \u0627\u0644\u062a\u062e\u0632\u064a\u0646<br \/>\n. \u062d\u0645\u0627\u064a\u0629 \u0627\u0644\u0623\u0637\u0641\u0627\u0644 \u0628\u062d\u0648\u0627\u0641 \u0646\u0627\u0639\u0645\u0629<br \/>\n. \u0633\u0637\u062d \u0627\u0644\u0637\u0627\u0648\u0644\u0629 \u0645\u0635\u0646\u0648\u0639 \u0645\u0646 \u0627\u0644\u0628\u0644\u0627\u0633\u062a\u064a\u0643\u060c \u0628\u064a\u0646\u0645\u0627 \u0627\u0644\u0623\u0631\u062c\u0644 \u0648\u0627\u0644\u062f\u0639\u0627\u0645\u0629 \u0645\u0635\u0646\u0648\u0639\u0629 \u0645\u0646 \u0627\u0644\u0623\u0644\u0648\u0645\u0646\u064a\u0648\u0645.<\/p>\n<h3 class=\"hdr -upp -fs14 -m -pam\">\u0627\u0644\u0645\u064a\u0632\u0627\u062a \u0627\u0644\u0631\u0626\u064a\u0633\u064a\u0629<\/h3>\n<div class=\"markup -pam\">\n<ul>\n<li>\u0627\u0644\u0645\u0627\u062f\u0629: \u0628\u0644\u0627\u0633\u062a\u064a\u0643<\/li>\n<li>\u0627\u0644\u0639\u0631\u0636: 52.3 \u0633\u0645<\/li>\n<li>\u0627\u0644\u0637\u0648\u0644: 40.9 \u0633\u0645<\/li>\n<li>\u0627\u0644\u0639\u0645\u0642: 5.8 \u0633\u0645<\/li>\n<\/ul>\n<\/div>","protected":false},"excerpt":{"rendered":"<p>\u0637\u0627\u0648\u0644\u0629 \u0642\u0627\u0628\u0644\u0629 \u0644\u0644\u0637\u064a \u0645\u0628\u062a\u0643\u0631\u0629 \u064a\u0645\u0643\u0646 \u0627\u0633\u062a\u062e\u062f\u0627\u0645\u0647\u0627 \u0644\u0644\u062f\u0631\u0627\u0633\u0629 \u0648\u0627\u0644\u0642\u0631\u0627\u0621\u0629 \u0648\u0627\u0644\u0631\u0633\u0645 \u0648\u0627\u0644\u0644\u0639\u0628 \u0648\u062a\u0646\u0627\u0648\u0644 \u0627\u0644\u0637\u0639\u0627\u0645 \u0648\u0645\u0627 \u0625\u0644\u0649 \u0630\u0644\u0643.<\/p>","protected":false},"featured_media":819,"comment_status":"open","ping_status":"closed","template":"","meta":[],"product_brand":[],"product_cat":[15,37,105,112],"product_tag":[],"class_list":{"0":"post-813","1":"product","2":"type-product","3":"status-publish","4":"has-post-thumbnail","6":"product_cat-electronique","7":"product_cat-maison-cuisine","8":"product_cat-mobilier-et-decoration","9":"product_cat-ordinateurs-et-accessoires","10":"location-tout-le-maroc","11":"store-hmizate-experts","12":"entry panel","14":"first","15":"instock","16":"sale","17":"shipping-taxable","18":"purchasable","19":"product-type-simple"},"ams_default_variation_id":0,"ams_product_points_reward":[],"ams_product_discount_percentage":12.6,"ams_price_to_display":215,"ams_acf":[],"yoast_head":"<!-- This site is optimized with the Yoast SEO Premium plugin v26.6 (Yoast SEO v27.4) - https:\/\/yoast.com\/product\/yoast-seo-premium-wordpress\/ -->\n<title>Table Mate Table Multifunctional - Hmizate Expert<\/title>\n<meta name=\"description\" content=\"D\u00e9couvrez Table Mate, la table multifonction id\u00e9ale : ajustable, pratique et parfaite pour travailler, manger ou se d\u00e9tendre confortablement \u00e0 la maison.\" \/>\n<meta name=\"robots\" content=\"index, follow, max-snippet:-1, max-image-preview:large, max-video-preview:-1\" \/>\n<link rel=\"canonical\" href=\"https:\/\/hmizatexperts.com\/ar\/product\/table-mate-table-multifunctional\/\" \/>\n<meta property=\"og:locale\" content=\"ar_AR\" \/>\n<meta property=\"og:type\" content=\"article\" \/>\n<meta property=\"og:title\" content=\"Table Mate Table Multifunctional\" \/>\n<meta property=\"og:description\" content=\"D\u00e9couvrez Table Mate, la table multifonction id\u00e9ale : ajustable, pratique et parfaite pour travailler, manger ou se d\u00e9tendre confortablement \u00e0 la maison.\" \/>\n<meta property=\"og:url\" content=\"https:\/\/hmizatexperts.com\/ar\/product\/table-mate-table-multifunctional\/\" \/>\n<meta property=\"og:site_name\" content=\"Hmizate Expert\" \/>\n<meta property=\"article:publisher\" content=\"https:\/\/www.facebook.com\/hmizatexperts\" \/>\n<meta property=\"article:modified_time\" content=\"2024-12-23T19:02:53+00:00\" \/>\n<meta property=\"og:image\" content=\"https:\/\/hmizatexperts.com\/wp-content\/uploads\/2021\/08\/Sans-titre-15.jpg\" \/>\n\t<meta property=\"og:image:width\" content=\"1280\" \/>\n\t<meta property=\"og:image:height\" content=\"720\" \/>\n\t<meta property=\"og:image:type\" content=\"image\/jpeg\" \/>\n<meta name=\"twitter:card\" content=\"summary_large_image\" \/>\n<meta name=\"twitter:site\" content=\"@ExpertsHmizate\" \/>\n<meta name=\"twitter:label1\" content=\"\u0648\u0642\u062a \u0627\u0644\u0642\u0631\u0627\u0621\u0629 \u0627\u0644\u0645\u064f\u0642\u062f\u0651\u0631\" \/>\n\t<meta name=\"twitter:data1\" content=\"\u062f\u0642\u064a\u0642\u0629 \u0648\u0627\u062d\u062f\u0629\" \/>\n<script type=\"application\/ld+json\" class=\"yoast-schema-graph\">{\"@context\":\"https:\\\/\\\/schema.org\",\"@graph\":[{\"@type\":\"WebPage\",\"@id\":\"https:\\\/\\\/hmizatexperts.com\\\/product\\\/table-mate-table-multifunctional\\\/\",\"url\":\"https:\\\/\\\/hmizatexperts.com\\\/product\\\/table-mate-table-multifunctional\\\/\",\"name\":\"Table Mate Table Multifunctional - Hmizate Expert\",\"isPartOf\":{\"@id\":\"https:\\\/\\\/hmizatexperts.com\\\/#website\"},\"primaryImageOfPage\":{\"@id\":\"https:\\\/\\\/hmizatexperts.com\\\/product\\\/table-mate-table-multifunctional\\\/#primaryimage\"},\"image\":{\"@id\":\"https:\\\/\\\/hmizatexperts.com\\\/product\\\/table-mate-table-multifunctional\\\/#primaryimage\"},\"thumbnailUrl\":\"https:\\\/\\\/hmizatexperts.com\\\/wp-content\\\/uploads\\\/2021\\\/08\\\/Sans-titre-15.jpg\",\"datePublished\":\"2021-08-20T22:40:11+00:00\",\"dateModified\":\"2024-12-23T19:02:53+00:00\",\"description\":\"D\u00e9couvrez Table Mate, la table multifonction id\u00e9ale : ajustable, pratique et parfaite pour travailler, manger ou se d\u00e9tendre confortablement \u00e0 la maison.\",\"breadcrumb\":{\"@id\":\"https:\\\/\\\/hmizatexperts.com\\\/product\\\/table-mate-table-multifunctional\\\/#breadcrumb\"},\"inLanguage\":\"ar\",\"potentialAction\":[{\"@type\":\"ReadAction\",\"target\":[\"https:\\\/\\\/hmizatexperts.com\\\/product\\\/table-mate-table-multifunctional\\\/\"]}]},{\"@type\":\"ImageObject\",\"inLanguage\":\"ar\",\"@id\":\"https:\\\/\\\/hmizatexperts.com\\\/product\\\/table-mate-table-multifunctional\\\/#primaryimage\",\"url\":\"https:\\\/\\\/hmizatexperts.com\\\/wp-content\\\/uploads\\\/2021\\\/08\\\/Sans-titre-15.jpg\",\"contentUrl\":\"https:\\\/\\\/hmizatexperts.com\\\/wp-content\\\/uploads\\\/2021\\\/08\\\/Sans-titre-15.jpg\",\"width\":1280,\"height\":720},{\"@type\":\"BreadcrumbList\",\"@id\":\"https:\\\/\\\/hmizatexperts.com\\\/product\\\/table-mate-table-multifunctional\\\/#breadcrumb\",\"itemListElement\":[{\"@type\":\"ListItem\",\"position\":1,\"name\":\"Accueil\",\"item\":\"https:\\\/\\\/hmizatexperts.com\\\/\"},{\"@type\":\"ListItem\",\"position\":2,\"name\":\"Shop\",\"item\":\"https:\\\/\\\/hmizatexperts.com\\\/shop\\\/\"},{\"@type\":\"ListItem\",\"position\":3,\"name\":\"Table Mate Table Multifunctional\"}]},{\"@type\":\"WebSite\",\"@id\":\"https:\\\/\\\/hmizatexperts.com\\\/#website\",\"url\":\"https:\\\/\\\/hmizatexperts.com\\\/\",\"name\":\"Hmizate Expert\",\"description\":\"Nos offres aux meilleurs prix et qualit\u00e9\",\"publisher\":{\"@id\":\"https:\\\/\\\/hmizatexperts.com\\\/#organization\"},\"potentialAction\":[{\"@type\":\"SearchAction\",\"target\":{\"@type\":\"EntryPoint\",\"urlTemplate\":\"https:\\\/\\\/hmizatexperts.com\\\/?s={search_term_string}\"},\"query-input\":{\"@type\":\"PropertyValueSpecification\",\"valueRequired\":true,\"valueName\":\"search_term_string\"}}],\"inLanguage\":\"ar\"},{\"@type\":\"Organization\",\"@id\":\"https:\\\/\\\/hmizatexperts.com\\\/#organization\",\"name\":\"Hmizate Expert\",\"url\":\"https:\\\/\\\/hmizatexperts.com\\\/\",\"logo\":{\"@type\":\"ImageObject\",\"inLanguage\":\"ar\",\"@id\":\"https:\\\/\\\/hmizatexperts.com\\\/#\\\/schema\\\/logo\\\/image\\\/\",\"url\":\"https:\\\/\\\/hmizatexperts.com\\\/wp-content\\\/uploads\\\/2021\\\/05\\\/logo_HE2-removebg-preview.png\",\"contentUrl\":\"https:\\\/\\\/hmizatexperts.com\\\/wp-content\\\/uploads\\\/2021\\\/05\\\/logo_HE2-removebg-preview.png\",\"width\":800,\"height\":312,\"caption\":\"Hmizate Expert\"},\"image\":{\"@id\":\"https:\\\/\\\/hmizatexperts.com\\\/#\\\/schema\\\/logo\\\/image\\\/\"},\"sameAs\":[\"https:\\\/\\\/www.facebook.com\\\/hmizatexperts\",\"https:\\\/\\\/x.com\\\/ExpertsHmizate\"]}]}<\/script>\n<!-- \/ Yoast SEO Premium plugin. -->","yoast_head_json":{"title":"Table Mate Table Multifunctional - Hmizate Expert","description":"D\u00e9couvrez Table Mate, la table multifonction id\u00e9ale : ajustable, pratique et parfaite pour travailler, manger ou se d\u00e9tendre confortablement \u00e0 la maison.","robots":{"index":"index","follow":"follow","max-snippet":"max-snippet:-1","max-image-preview":"max-image-preview:large","max-video-preview":"max-video-preview:-1"},"canonical":"https:\/\/hmizatexperts.com\/ar\/product\/table-mate-table-multifunctional\/","og_locale":"ar_AR","og_type":"article","og_title":"Table Mate Table Multifunctional","og_description":"D\u00e9couvrez Table Mate, la table multifonction id\u00e9ale : ajustable, pratique et parfaite pour travailler, manger ou se d\u00e9tendre confortablement \u00e0 la maison.","og_url":"https:\/\/hmizatexperts.com\/ar\/product\/table-mate-table-multifunctional\/","og_site_name":"Hmizate Expert","article_publisher":"https:\/\/www.facebook.com\/hmizatexperts","article_modified_time":"2024-12-23T19:02:53+00:00","og_image":[{"width":1280,"height":720,"url":"https:\/\/hmizatexperts.com\/wp-content\/uploads\/2021\/08\/Sans-titre-15.jpg","type":"image\/jpeg"}],"twitter_card":"summary_large_image","twitter_site":"@ExpertsHmizate","twitter_misc":{"\u0648\u0642\u062a \u0627\u0644\u0642\u0631\u0627\u0621\u0629 \u0627\u0644\u0645\u064f\u0642\u062f\u0651\u0631":"\u062f\u0642\u064a\u0642\u0629 \u0648\u0627\u062d\u062f\u0629"},"schema":{"@context":"https:\/\/schema.org","@graph":[{"@type":"WebPage","@id":"https:\/\/hmizatexperts.com\/product\/table-mate-table-multifunctional\/","url":"https:\/\/hmizatexperts.com\/product\/table-mate-table-multifunctional\/","name":"Table Mate Table Multifunctional - Hmizate Expert","isPartOf":{"@id":"https:\/\/hmizatexperts.com\/#website"},"primaryImageOfPage":{"@id":"https:\/\/hmizatexperts.com\/product\/table-mate-table-multifunctional\/#primaryimage"},"image":{"@id":"https:\/\/hmizatexperts.com\/product\/table-mate-table-multifunctional\/#primaryimage"},"thumbnailUrl":"https:\/\/hmizatexperts.com\/wp-content\/uploads\/2021\/08\/Sans-titre-15.jpg","datePublished":"2021-08-20T22:40:11+00:00","dateModified":"2024-12-23T19:02:53+00:00","description":"D\u00e9couvrez Table Mate, la table multifonction id\u00e9ale : ajustable, pratique et parfaite pour travailler, manger ou se d\u00e9tendre confortablement \u00e0 la maison.","breadcrumb":{"@id":"https:\/\/hmizatexperts.com\/product\/table-mate-table-multifunctional\/#breadcrumb"},"inLanguage":"ar","potentialAction":[{"@type":"ReadAction","target":["https:\/\/hmizatexperts.com\/product\/table-mate-table-multifunctional\/"]}]},{"@type":"ImageObject","inLanguage":"ar","@id":"https:\/\/hmizatexperts.com\/product\/table-mate-table-multifunctional\/#primaryimage","url":"https:\/\/hmizatexperts.com\/wp-content\/uploads\/2021\/08\/Sans-titre-15.jpg","contentUrl":"https:\/\/hmizatexperts.com\/wp-content\/uploads\/2021\/08\/Sans-titre-15.jpg","width":1280,"height":720},{"@type":"BreadcrumbList","@id":"https:\/\/hmizatexperts.com\/product\/table-mate-table-multifunctional\/#breadcrumb","itemListElement":[{"@type":"ListItem","position":1,"name":"Accueil","item":"https:\/\/hmizatexperts.com\/"},{"@type":"ListItem","position":2,"name":"Shop","item":"https:\/\/hmizatexperts.com\/shop\/"},{"@type":"ListItem","position":3,"name":"Table Mate Table Multifunctional"}]},{"@type":"WebSite","@id":"https:\/\/hmizatexperts.com\/#website","url":"https:\/\/hmizatexperts.com\/","name":"\u062e\u0628\u064a\u0631 \u0641\u064a \u0627\u0644\u062d\u0634\u0645\u0629","description":"\u0639\u0631\u0648\u0636\u0646\u0627 \u0628\u0623\u0641\u0636\u0644 \u0627\u0644\u0623\u0633\u0639\u0627\u0631 \u0648\u0627\u0644\u062c\u0648\u062f\u0629","publisher":{"@id":"https:\/\/hmizatexperts.com\/#organization"},"potentialAction":[{"@type":"SearchAction","target":{"@type":"EntryPoint","urlTemplate":"https:\/\/hmizatexperts.com\/?s={search_term_string}"},"query-input":{"@type":"PropertyValueSpecification","valueRequired":true,"valueName":"search_term_string"}}],"inLanguage":"ar"},{"@type":"Organization","@id":"https:\/\/hmizatexperts.com\/#organization","name":"\u062e\u0628\u064a\u0631 \u0641\u064a \u0627\u0644\u062d\u0634\u0645\u0629","url":"https:\/\/hmizatexperts.com\/","logo":{"@type":"ImageObject","inLanguage":"ar","@id":"https:\/\/hmizatexperts.com\/#\/schema\/logo\/image\/","url":"https:\/\/hmizatexperts.com\/wp-content\/uploads\/2021\/05\/logo_HE2-removebg-preview.png","contentUrl":"https:\/\/hmizatexperts.com\/wp-content\/uploads\/2021\/05\/logo_HE2-removebg-preview.png","width":800,"height":312,"caption":"Hmizate Expert"},"image":{"@id":"https:\/\/hmizatexperts.com\/#\/schema\/logo\/image\/"},"sameAs":["https:\/\/www.facebook.com\/hmizatexperts","https:\/\/x.com\/ExpertsHmizate"]}]}},"_links":{"self":[{"href":"https:\/\/hmizatexperts.com\/ar\/wp-json\/wp\/v2\/product\/813","targetHints":{"allow":["GET"]}}],"collection":[{"href":"https:\/\/hmizatexperts.com\/ar\/wp-json\/wp\/v2\/product"}],"about":[{"href":"https:\/\/hmizatexperts.com\/ar\/wp-json\/wp\/v2\/types\/product"}],"replies":[{"embeddable":true,"href":"https:\/\/hmizatexperts.com\/ar\/wp-json\/wp\/v2\/comments?post=813"}],"wp:featuredmedia":[{"embeddable":true,"href":"https:\/\/hmizatexperts.com\/ar\/wp-json\/wp\/v2\/media\/819"}],"wp:attachment":[{"href":"https:\/\/hmizatexperts.com\/ar\/wp-json\/wp\/v2\/media?parent=813"}],"wp:term":[{"taxonomy":"product_brand","embeddable":true,"href":"https:\/\/hmizatexperts.com\/ar\/wp-json\/wp\/v2\/product_brand?post=813"},{"taxonomy":"product_cat","embeddable":true,"href":"https:\/\/hmizatexperts.com\/ar\/wp-json\/wp\/v2\/product_cat?post=813"},{"taxonomy":"product_tag","embeddable":true,"href":"https:\/\/hmizatexperts.com\/ar\/wp-json\/wp\/v2\/product_tag?post=813"}],"curies":[{"name":"wp","href":"https:\/\/api.w.org\/{rel}","templated":true}]}}