{"id":825,"date":"2021-08-21T00:02:42","date_gmt":"2021-08-21T00:02:42","guid":{"rendered":"https:\/\/hmizatexperts.com\/?post_type=product&#038;p=825"},"modified":"2024-12-24T11:28:26","modified_gmt":"2024-12-24T10:28:26","slug":"distributeur-de-savon-et-gel-sans-contact","status":"publish","type":"product","link":"https:\/\/hmizatexperts.com\/ar\/product\/distributeur-de-savon-et-gel-sans-contact\/","title":{"rendered":"\u0645\u0648\u0632\u0639 \u0635\u0627\u0628\u0648\u0646 \u0648\u062c\u0644 \u0628\u062f\u0648\u0646 \u0644\u0645\u0633"},"content":{"rendered":"<p>\u0627\u0633\u062a\u062e\u062f\u0645 \u062a\u0642\u0646\u064a\u0629 \u0627\u0633\u062a\u0634\u0639\u0627\u0631 \u0627\u0644\u062c\u0633\u0645 \u0628\u0627\u0644\u0623\u0634\u0639\u0629 \u062a\u062d\u062a \u0627\u0644\u062d\u0645\u0631\u0627\u0621 \u0627\u0644\u0645\u062a\u0642\u062f\u0645\u0629<br \/>\n\u0633\u0627\u0626\u0644 \u062a\u062d\u0631\u064a\u0636 \u062a\u0644\u0642\u0627\u0626\u064a \u0644\u0644\u0645\u0648\u0638\u0641\u064a\u0646\u060c \u0644\u0645\u0646\u0639 \u0627\u0644\u0639\u062f\u0648\u0649 \u0627\u0644\u062b\u0627\u0646\u0648\u064a\u0629\u061b;<br \/>\n\u0648\u0638\u064a\u0641\u0629 \u0635\u0648\u062a\u064a\u0629 \u0645\u0648\u0633\u064a\u0642\u064a\u0629 \u0641\u0631\u064a\u062f\u0629\u060c \u0645\u0645\u0627 \u064a\u0633\u0647\u0644 \u0639\u0644\u0649 \u0627\u0644\u0622\u0628\u0627\u0621 \u0627\u0644\u0625\u0634\u0631\u0627\u0641 \u0639\u0644\u0649 \u0623\u0637\u0641\u0627\u0644\u0647\u0645\u060c \u0633\u0648\u0627\u0621 \u0643\u0627\u0646 \u0630\u0644\u0643 \u063a\u0633\u0644 \u0627\u0644\u064a\u062f\u064a\u0646 \u0623\u0648 \u0627\u0644\u062a\u0646\u0638\u064a\u0641<br \/>\n\u064a\u0645\u0643\u0646 \u0627\u0633\u062a\u062e\u062f\u0627\u0645 \u0627\u0644\u0628\u0637\u0627\u0631\u064a\u0627\u062a \u0627\u0644\u0642\u0644\u0648\u064a\u0629 \u0627\u0644\u0645\u0648\u0641\u0631\u0629 \u0644\u0644\u0637\u0627\u0642\u0629 \u0644\u0645\u062f\u0629 \u062b\u0644\u0627\u062b\u0629 \u0623\u0634\u0647\u0631 \u062a\u0642\u0631\u064a\u0628\u064b\u0627. \u062a\u0635\u0645\u064a\u0645 \u0627\u0644\u0623\u0634\u0643\u0627\u0644 \u064a\u0645\u062b\u0644 \u062c\u0648\u0647\u0631\u0629 \u0639\u0627\u0644\u064a\u0629 \u0627\u0644\u062c\u0648\u062f\u0629 \u0644\u0644\u0645\u0646\u0632\u0644\u061b;<br \/>\n\u0628\u0627\u0633\u062a\u062e\u062f\u0627\u0645 \u0645\u062c\u0645\u0648\u0639\u0629 \u0645\u062a\u0646\u0648\u0639\u0629 \u0645\u0646 \u0627\u0644\u0633\u0648\u0627\u0626\u0644\u060c \u0645\u062b\u0644 \u0627\u0644\u0645\u0633\u062a\u062d\u0636\u0631\u0627\u062a\u060c \u0648\u0627\u0644\u0634\u0627\u0645\u0628\u0648\u060c \u0648\u062c\u0644 \u0627\u0644\u0627\u0633\u062a\u062d\u0645\u0627\u0645\u060c \u0648\u0645\u0648\u0627\u062f \u0627\u0644\u062a\u0646\u0638\u064a\u0641\u060c \u0648\u0627\u0644\u0635\u0627\u0628\u0648\u0646\u060c \u0648\u0645\u0627 \u0625\u0644\u0649 \u0630\u0644\u0643.<br \/>\n\u0645\u0646\u0627\u0633\u0628 \u0644\u0644\u0627\u0633\u062a\u062e\u062f\u0627\u0645 \u0641\u064a \u0627\u0644\u062d\u0645\u0627\u0645\u0627\u062a \u0648\u0627\u0644\u0645\u0637\u0627\u0628\u062e \u0648\u0627\u0644\u0645\u0633\u062a\u0634\u0641\u064a\u0627\u062a \u0648\u0627\u0644\u0641\u0646\u0627\u062f\u0642 \u0648\u0635\u0627\u0644\u0648\u0646\u0627\u062a \u0627\u0644\u062d\u0644\u0627\u0642\u0629 \u0648\u0627\u0644\u0645\u0643\u0627\u062a\u0628 \u0648\u063a\u064a\u0631\u0647\u0627 \u0645\u0646 \u0627\u0644\u0623\u0645\u0627\u0643\u0646.<\/p>\n<p>\u064a\u0631\u062c\u0649 \u0625\u064a\u0642\u0627\u0641 \u062a\u0634\u063a\u064a\u0644 \u0645\u0641\u062a\u0627\u062d \u0627\u0644\u0637\u0627\u0642\u0629 \u0648\u0625\u0632\u0627\u0644\u0629 \u0627\u0644\u0628\u0637\u0627\u0631\u064a\u0629 \u0627\u0644\u0642\u0644\u0648\u064a\u0629 \u0625\u0630\u0627 \u0643\u0646\u062a \u0644\u0627 \u062a\u0633\u062a\u062e\u062f\u0645 \u0627\u0644\u062c\u0647\u0627\u0632 \u0644\u0641\u062a\u0631\u0629 \u0637\u0648\u064a\u0644\u0629 \u0645\u0646 \u0627\u0644\u0632\u0645\u0646.<\/p>\n<p>1. \u0635\u064f\u0645\u0645 \u062c\u0647\u0627\u0632 Soap Magic \u0644\u062a\u0648\u0632\u064a\u0639 \u0627\u0644\u0635\u0627\u0628\u0648\u0646 \u0627\u0644\u0633\u0627\u0626\u0644 \u0627\u0644\u0639\u0627\u062f\u064a \u0648\u0627\u0644\u0645\u0637\u0647\u0631\u0627\u062a \u0641\u0642\u0637. \u0644\u0646 \u062a\u0639\u0645\u0644 \u0631\u063a\u0648\u0629 \u0627\u0644\u0635\u0627\u0628\u0648\u0646\u060c \u0623\u0648 \u0627\u0644\u0635\u0627\u0628\u0648\u0646\/\u0627\u0644\u0645\u0637\u0647\u0631\u0627\u062a \u0627\u0644\u062d\u0628\u064a\u0628\u064a\u0629\u060c \u0623\u0648 \u0627\u0644\u0643\u0631\u064a\u0645\u0627\u062a \u0648\u0627\u0644\u0645\u0633\u062a\u062d\u0636\u0631\u0627\u062a \u0641\u064a \u0647\u0630\u0627 \u0627\u0644\u062c\u0647\u0627\u0632.<br \/>\n2. \u0644\u0627 \u062a\u062a\u062e\u0644\u0635 \u0645\u0646 \u0627\u0644\u0635\u0627\u0628\u0648\u0646 \u0627\u0644\u0633\u062d\u0631\u064a \u0628\u0627\u0644\u0645\u0627\u0621\u060c \u0648\u0625\u0644\u0627 \u0633\u064a\u062a\u0644\u0641 \u0627\u0644\u0645\u0646\u062a\u062c.<br \/>\n3. \u064a\u0631\u062c\u0649 \u0625\u064a\u0642\u0627\u0641 \u062a\u0634\u063a\u064a\u0644 \u0645\u0641\u062a\u0627\u062d \u0627\u0644\u0637\u0627\u0642\u0629 \u0648\u0625\u0632\u0627\u0644\u0629 \u0627\u0644\u0628\u0637\u0627\u0631\u064a\u0629 \u0627\u0644\u0642\u0644\u0648\u064a\u0629 \u0625\u0630\u0627 \u0643\u0646\u062a \u0644\u0627 \u062a\u0633\u062a\u062e\u062f\u0645 \u0627\u0644\u062c\u0647\u0627\u0632 \u0644\u0641\u062a\u0631\u0629 \u0637\u0648\u064a\u0644\u0629 \u0645\u0646 \u0627\u0644\u0632\u0645\u0646.<br \/>\n4. \u064a\u0631\u062c\u0649 \u0625\u0636\u0627\u0641\u0629 \u0627\u0644\u0645\u062d\u0644\u0648\u0644 \u0627\u0644\u0643\u062d\u0648\u0644\u064a \u0627\u0644\u0645\u0627\u0626\u064a \u0639\u0646\u062f\u0645\u0627 \u064a\u0643\u0648\u0646 \u0645\u0633\u062a\u0648\u0649 \u0627\u0644\u0633\u0627\u0626\u0644 \u0645\u0646\u062e\u0641\u0636\u064b\u0627\u060c \u0648\u0625\u0644\u0627 \u0641\u0644\u0646 \u064a\u062a\u062f\u0641\u0642 \u0627\u0644\u0645\u0637\u0647\u0631 \u0628\u0634\u0643\u0644 \u0635\u062d\u064a\u062d.<\/p>\n<h3 class=\"hdr -upp -fs14 -m -pam\">\u0627\u0644\u0645\u064a\u0632\u0627\u062a \u0627\u0644\u0631\u0626\u064a\u0633\u064a\u0629<\/h3>\n<div class=\"markup -pam\">\n<ul>\n<li>\u062c\u0647\u062f \u0627\u0644\u0625\u062f\u062e\u0627\u0644: 6 \u0641\u0648\u0644\u062a \u062a\u064a\u0627\u0631 \u0645\u0633\u062a\u0645\u0631<\/li>\n<li>\u0645\u0635\u062f\u0631 \u0627\u0644\u0637\u0627\u0642\u0629: 4 \u0628\u0637\u0627\u0631\u064a\u0627\u062a \u0642\u0644\u0648\u064a\u0629 AAA (\u062a\u064a\u0627\u0631 \u0645\u0633\u062a\u0645\u0631 6 \u0641\u0648\u0644\u062a)<\/li>\n<li>\u0627\u0644\u0633\u0639\u0629: 400 \u0645\u0644 (\u0643\u062d\u062f \u0623\u0642\u0635\u0649)\u060c 40 \u0645\u0644 (\u0643\u062d\u062f \u0623\u062f\u0646\u0649)<\/li>\n<li>\u0627\u0644\u0648\u0632\u0646: 400 \u063a\u0631\u0627\u0645. \u0643\u0645\u064a\u0629 \u0627\u0644\u0633\u0627\u0626\u0644 \u062a\u0642\u0627\u0631\u0628 1 \u0645\u0644 \u0641\u064a \u0643\u0644 \u0645\u0631\u0629.<\/li>\n<\/ul>\n<\/div>","protected":false},"excerpt":{"rendered":"<p>\u0627\u0633\u062a\u062e\u062f\u0645 \u062a\u0642\u0646\u064a\u0629 \u0627\u0633\u062a\u0634\u0639\u0627\u0631 \u0627\u0644\u062c\u0633\u0645 \u0628\u0627\u0644\u0623\u0634\u0639\u0629 \u062a\u062d\u062a \u0627\u0644\u062d\u0645\u0631\u0627\u0621 \u0627\u0644\u0645\u062a\u0642\u062f\u0645\u0629<\/p>","protected":false},"featured_media":830,"comment_status":"open","ping_status":"closed","template":"","meta":[],"product_brand":[],"product_cat":[109,37],"product_tag":[],"class_list":{"0":"post-825","1":"product","2":"type-product","3":"status-publish","4":"has-post-thumbnail","6":"product_cat-entretien-et-nettoyage","7":"product_cat-maison-cuisine","8":"location-tout-le-maroc","9":"store-hmizate-experts","10":"entry panel","12":"first","13":"instock","14":"sale","15":"shipping-taxable","16":"purchasable","17":"product-type-simple"},"ams_default_variation_id":0,"ams_product_points_reward":[],"ams_product_discount_percentage":7.41,"ams_price_to_display":150,"ams_acf":[],"yoast_head":"<!-- This site is optimized with the Yoast SEO Premium plugin v26.6 (Yoast SEO v27.4) - https:\/\/yoast.com\/product\/yoast-seo-premium-wordpress\/ -->\n<title>Distributeur de savon et gel sans contact - Hmizate Expert<\/title>\n<meta name=\"description\" content=\"Utilisant une vari\u00e9t\u00e9 de liquide, lotion, shampoing, gel douche, agents de nettoyage, savon, etc.Convient aux salles de bain, cuisines, h\u00f4pitaux\" \/>\n<meta name=\"robots\" content=\"index, follow, max-snippet:-1, max-image-preview:large, max-video-preview:-1\" \/>\n<link rel=\"canonical\" href=\"https:\/\/hmizatexperts.com\/ar\/product\/distributeur-de-savon-et-gel-sans-contact\/\" \/>\n<meta property=\"og:locale\" content=\"ar_AR\" \/>\n<meta property=\"og:type\" content=\"article\" \/>\n<meta property=\"og:title\" content=\"Distributeur de savon et gel sans contact\" \/>\n<meta property=\"og:description\" content=\"Utilisant une vari\u00e9t\u00e9 de liquide, lotion, shampoing, gel douche, agents de nettoyage, savon, etc.Convient aux salles de bain, cuisines, h\u00f4pitaux\" \/>\n<meta property=\"og:url\" content=\"https:\/\/hmizatexperts.com\/ar\/product\/distributeur-de-savon-et-gel-sans-contact\/\" \/>\n<meta property=\"og:site_name\" content=\"Hmizate Expert\" \/>\n<meta property=\"article:publisher\" content=\"https:\/\/www.facebook.com\/hmizatexperts\" \/>\n<meta property=\"article:modified_time\" content=\"2024-12-24T10:28:26+00:00\" \/>\n<meta property=\"og:image\" content=\"https:\/\/hmizatexperts.com\/wp-content\/uploads\/2021\/08\/1-3.jpg\" \/>\n\t<meta property=\"og:image:width\" content=\"1280\" \/>\n\t<meta property=\"og:image:height\" content=\"720\" \/>\n\t<meta property=\"og:image:type\" content=\"image\/jpeg\" \/>\n<meta name=\"twitter:card\" content=\"summary_large_image\" \/>\n<meta name=\"twitter:site\" content=\"@ExpertsHmizate\" \/>\n<meta name=\"twitter:label1\" content=\"\u0648\u0642\u062a \u0627\u0644\u0642\u0631\u0627\u0621\u0629 \u0627\u0644\u0645\u064f\u0642\u062f\u0651\u0631\" \/>\n\t<meta name=\"twitter:data1\" content=\"\u062f\u0642\u064a\u0642\u062a\u0627\u0646\" \/>\n<script type=\"application\/ld+json\" class=\"yoast-schema-graph\">{\"@context\":\"https:\\\/\\\/schema.org\",\"@graph\":[{\"@type\":\"WebPage\",\"@id\":\"https:\\\/\\\/hmizatexperts.com\\\/product\\\/distributeur-de-savon-et-gel-sans-contact\\\/\",\"url\":\"https:\\\/\\\/hmizatexperts.com\\\/product\\\/distributeur-de-savon-et-gel-sans-contact\\\/\",\"name\":\"Distributeur de savon et gel sans contact - Hmizate Expert\",\"isPartOf\":{\"@id\":\"https:\\\/\\\/hmizatexperts.com\\\/#website\"},\"primaryImageOfPage\":{\"@id\":\"https:\\\/\\\/hmizatexperts.com\\\/product\\\/distributeur-de-savon-et-gel-sans-contact\\\/#primaryimage\"},\"image\":{\"@id\":\"https:\\\/\\\/hmizatexperts.com\\\/product\\\/distributeur-de-savon-et-gel-sans-contact\\\/#primaryimage\"},\"thumbnailUrl\":\"https:\\\/\\\/hmizatexperts.com\\\/wp-content\\\/uploads\\\/2021\\\/08\\\/1-3.jpg\",\"datePublished\":\"2021-08-21T00:02:42+00:00\",\"dateModified\":\"2024-12-24T10:28:26+00:00\",\"description\":\"Utilisant une vari\u00e9t\u00e9 de liquide, lotion, shampoing, gel douche, agents de nettoyage, savon, etc.Convient aux salles de bain, cuisines, h\u00f4pitaux\",\"breadcrumb\":{\"@id\":\"https:\\\/\\\/hmizatexperts.com\\\/product\\\/distributeur-de-savon-et-gel-sans-contact\\\/#breadcrumb\"},\"inLanguage\":\"ar\",\"potentialAction\":[{\"@type\":\"ReadAction\",\"target\":[\"https:\\\/\\\/hmizatexperts.com\\\/product\\\/distributeur-de-savon-et-gel-sans-contact\\\/\"]}]},{\"@type\":\"ImageObject\",\"inLanguage\":\"ar\",\"@id\":\"https:\\\/\\\/hmizatexperts.com\\\/product\\\/distributeur-de-savon-et-gel-sans-contact\\\/#primaryimage\",\"url\":\"https:\\\/\\\/hmizatexperts.com\\\/wp-content\\\/uploads\\\/2021\\\/08\\\/1-3.jpg\",\"contentUrl\":\"https:\\\/\\\/hmizatexperts.com\\\/wp-content\\\/uploads\\\/2021\\\/08\\\/1-3.jpg\",\"width\":1280,\"height\":720},{\"@type\":\"BreadcrumbList\",\"@id\":\"https:\\\/\\\/hmizatexperts.com\\\/product\\\/distributeur-de-savon-et-gel-sans-contact\\\/#breadcrumb\",\"itemListElement\":[{\"@type\":\"ListItem\",\"position\":1,\"name\":\"Accueil\",\"item\":\"https:\\\/\\\/hmizatexperts.com\\\/\"},{\"@type\":\"ListItem\",\"position\":2,\"name\":\"Shop\",\"item\":\"https:\\\/\\\/hmizatexperts.com\\\/shop\\\/\"},{\"@type\":\"ListItem\",\"position\":3,\"name\":\"Distributeur de savon et gel sans contact\"}]},{\"@type\":\"WebSite\",\"@id\":\"https:\\\/\\\/hmizatexperts.com\\\/#website\",\"url\":\"https:\\\/\\\/hmizatexperts.com\\\/\",\"name\":\"Hmizate Expert\",\"description\":\"Nos offres aux meilleurs prix et qualit\u00e9\",\"publisher\":{\"@id\":\"https:\\\/\\\/hmizatexperts.com\\\/#organization\"},\"potentialAction\":[{\"@type\":\"SearchAction\",\"target\":{\"@type\":\"EntryPoint\",\"urlTemplate\":\"https:\\\/\\\/hmizatexperts.com\\\/?s={search_term_string}\"},\"query-input\":{\"@type\":\"PropertyValueSpecification\",\"valueRequired\":true,\"valueName\":\"search_term_string\"}}],\"inLanguage\":\"ar\"},{\"@type\":\"Organization\",\"@id\":\"https:\\\/\\\/hmizatexperts.com\\\/#organization\",\"name\":\"Hmizate Expert\",\"url\":\"https:\\\/\\\/hmizatexperts.com\\\/\",\"logo\":{\"@type\":\"ImageObject\",\"inLanguage\":\"ar\",\"@id\":\"https:\\\/\\\/hmizatexperts.com\\\/#\\\/schema\\\/logo\\\/image\\\/\",\"url\":\"https:\\\/\\\/hmizatexperts.com\\\/wp-content\\\/uploads\\\/2021\\\/05\\\/logo_HE2-removebg-preview.png\",\"contentUrl\":\"https:\\\/\\\/hmizatexperts.com\\\/wp-content\\\/uploads\\\/2021\\\/05\\\/logo_HE2-removebg-preview.png\",\"width\":800,\"height\":312,\"caption\":\"Hmizate Expert\"},\"image\":{\"@id\":\"https:\\\/\\\/hmizatexperts.com\\\/#\\\/schema\\\/logo\\\/image\\\/\"},\"sameAs\":[\"https:\\\/\\\/www.facebook.com\\\/hmizatexperts\",\"https:\\\/\\\/x.com\\\/ExpertsHmizate\"]}]}<\/script>\n<!-- \/ Yoast SEO Premium plugin. -->","yoast_head_json":{"title":"Distributeur de savon et gel sans contact - Hmizate Expert","description":"Utilisant une vari\u00e9t\u00e9 de liquide, lotion, shampoing, gel douche, agents de nettoyage, savon, etc.Convient aux salles de bain, cuisines, h\u00f4pitaux","robots":{"index":"index","follow":"follow","max-snippet":"max-snippet:-1","max-image-preview":"max-image-preview:large","max-video-preview":"max-video-preview:-1"},"canonical":"https:\/\/hmizatexperts.com\/ar\/product\/distributeur-de-savon-et-gel-sans-contact\/","og_locale":"ar_AR","og_type":"article","og_title":"Distributeur de savon et gel sans contact","og_description":"Utilisant une vari\u00e9t\u00e9 de liquide, lotion, shampoing, gel douche, agents de nettoyage, savon, etc.Convient aux salles de bain, cuisines, h\u00f4pitaux","og_url":"https:\/\/hmizatexperts.com\/ar\/product\/distributeur-de-savon-et-gel-sans-contact\/","og_site_name":"Hmizate Expert","article_publisher":"https:\/\/www.facebook.com\/hmizatexperts","article_modified_time":"2024-12-24T10:28:26+00:00","og_image":[{"width":1280,"height":720,"url":"https:\/\/hmizatexperts.com\/wp-content\/uploads\/2021\/08\/1-3.jpg","type":"image\/jpeg"}],"twitter_card":"summary_large_image","twitter_site":"@ExpertsHmizate","twitter_misc":{"\u0648\u0642\u062a \u0627\u0644\u0642\u0631\u0627\u0621\u0629 \u0627\u0644\u0645\u064f\u0642\u062f\u0651\u0631":"\u062f\u0642\u064a\u0642\u062a\u0627\u0646"},"schema":{"@context":"https:\/\/schema.org","@graph":[{"@type":"WebPage","@id":"https:\/\/hmizatexperts.com\/product\/distributeur-de-savon-et-gel-sans-contact\/","url":"https:\/\/hmizatexperts.com\/product\/distributeur-de-savon-et-gel-sans-contact\/","name":"Distributeur de savon et gel sans contact - Hmizate Expert","isPartOf":{"@id":"https:\/\/hmizatexperts.com\/#website"},"primaryImageOfPage":{"@id":"https:\/\/hmizatexperts.com\/product\/distributeur-de-savon-et-gel-sans-contact\/#primaryimage"},"image":{"@id":"https:\/\/hmizatexperts.com\/product\/distributeur-de-savon-et-gel-sans-contact\/#primaryimage"},"thumbnailUrl":"https:\/\/hmizatexperts.com\/wp-content\/uploads\/2021\/08\/1-3.jpg","datePublished":"2021-08-21T00:02:42+00:00","dateModified":"2024-12-24T10:28:26+00:00","description":"Utilisant une vari\u00e9t\u00e9 de liquide, lotion, shampoing, gel douche, agents de nettoyage, savon, etc.Convient aux salles de bain, cuisines, h\u00f4pitaux","breadcrumb":{"@id":"https:\/\/hmizatexperts.com\/product\/distributeur-de-savon-et-gel-sans-contact\/#breadcrumb"},"inLanguage":"ar","potentialAction":[{"@type":"ReadAction","target":["https:\/\/hmizatexperts.com\/product\/distributeur-de-savon-et-gel-sans-contact\/"]}]},{"@type":"ImageObject","inLanguage":"ar","@id":"https:\/\/hmizatexperts.com\/product\/distributeur-de-savon-et-gel-sans-contact\/#primaryimage","url":"https:\/\/hmizatexperts.com\/wp-content\/uploads\/2021\/08\/1-3.jpg","contentUrl":"https:\/\/hmizatexperts.com\/wp-content\/uploads\/2021\/08\/1-3.jpg","width":1280,"height":720},{"@type":"BreadcrumbList","@id":"https:\/\/hmizatexperts.com\/product\/distributeur-de-savon-et-gel-sans-contact\/#breadcrumb","itemListElement":[{"@type":"ListItem","position":1,"name":"Accueil","item":"https:\/\/hmizatexperts.com\/"},{"@type":"ListItem","position":2,"name":"Shop","item":"https:\/\/hmizatexperts.com\/shop\/"},{"@type":"ListItem","position":3,"name":"Distributeur de savon et gel sans contact"}]},{"@type":"WebSite","@id":"https:\/\/hmizatexperts.com\/#website","url":"https:\/\/hmizatexperts.com\/","name":"\u062e\u0628\u064a\u0631 \u0641\u064a \u0627\u0644\u062d\u0634\u0645\u0629","description":"\u0639\u0631\u0648\u0636\u0646\u0627 \u0628\u0623\u0641\u0636\u0644 \u0627\u0644\u0623\u0633\u0639\u0627\u0631 \u0648\u0627\u0644\u062c\u0648\u062f\u0629","publisher":{"@id":"https:\/\/hmizatexperts.com\/#organization"},"potentialAction":[{"@type":"SearchAction","target":{"@type":"EntryPoint","urlTemplate":"https:\/\/hmizatexperts.com\/?s={search_term_string}"},"query-input":{"@type":"PropertyValueSpecification","valueRequired":true,"valueName":"search_term_string"}}],"inLanguage":"ar"},{"@type":"Organization","@id":"https:\/\/hmizatexperts.com\/#organization","name":"\u062e\u0628\u064a\u0631 \u0641\u064a \u0627\u0644\u062d\u0634\u0645\u0629","url":"https:\/\/hmizatexperts.com\/","logo":{"@type":"ImageObject","inLanguage":"ar","@id":"https:\/\/hmizatexperts.com\/#\/schema\/logo\/image\/","url":"https:\/\/hmizatexperts.com\/wp-content\/uploads\/2021\/05\/logo_HE2-removebg-preview.png","contentUrl":"https:\/\/hmizatexperts.com\/wp-content\/uploads\/2021\/05\/logo_HE2-removebg-preview.png","width":800,"height":312,"caption":"Hmizate Expert"},"image":{"@id":"https:\/\/hmizatexperts.com\/#\/schema\/logo\/image\/"},"sameAs":["https:\/\/www.facebook.com\/hmizatexperts","https:\/\/x.com\/ExpertsHmizate"]}]}},"_links":{"self":[{"href":"https:\/\/hmizatexperts.com\/ar\/wp-json\/wp\/v2\/product\/825","targetHints":{"allow":["GET"]}}],"collection":[{"href":"https:\/\/hmizatexperts.com\/ar\/wp-json\/wp\/v2\/product"}],"about":[{"href":"https:\/\/hmizatexperts.com\/ar\/wp-json\/wp\/v2\/types\/product"}],"replies":[{"embeddable":true,"href":"https:\/\/hmizatexperts.com\/ar\/wp-json\/wp\/v2\/comments?post=825"}],"wp:featuredmedia":[{"embeddable":true,"href":"https:\/\/hmizatexperts.com\/ar\/wp-json\/wp\/v2\/media\/830"}],"wp:attachment":[{"href":"https:\/\/hmizatexperts.com\/ar\/wp-json\/wp\/v2\/media?parent=825"}],"wp:term":[{"taxonomy":"product_brand","embeddable":true,"href":"https:\/\/hmizatexperts.com\/ar\/wp-json\/wp\/v2\/product_brand?post=825"},{"taxonomy":"product_cat","embeddable":true,"href":"https:\/\/hmizatexperts.com\/ar\/wp-json\/wp\/v2\/product_cat?post=825"},{"taxonomy":"product_tag","embeddable":true,"href":"https:\/\/hmizatexperts.com\/ar\/wp-json\/wp\/v2\/product_tag?post=825"}],"curies":[{"name":"wp","href":"https:\/\/api.w.org\/{rel}","templated":true}]}}