{"id":837,"date":"2021-08-21T00:53:20","date_gmt":"2021-08-21T00:53:20","guid":{"rendered":"https:\/\/hmizatexperts.com\/?post_type=product&#038;p=837"},"modified":"2024-12-17T18:56:56","modified_gmt":"2024-12-17T17:56:56","slug":"t8-laptop-table-de-pc-portables-avec-deux-ventilateurs","status":"publish","type":"product","link":"https:\/\/hmizatexperts.com\/ar\/product\/t8-laptop-table-de-pc-portables-avec-deux-ventilateurs\/","title":{"rendered":"\u0643\u0645\u0628\u064a\u0648\u062a\u0631 \u0645\u062d\u0645\u0648\u0644 T8 \u0645\u0643\u062a\u0628\u064a \u0645\u0632\u0648\u062f \u0628\u0645\u0631\u0648\u062d\u062a\u064a\u0646"},"content":{"rendered":"<p>\u0637\u0627\u0648\u0644\u0629 \u0627\u0644\u0643\u0645\u0628\u064a\u0648\u062a\u0631 \u0627\u0644\u0645\u062d\u0645\u0648\u0644 \u0645\u062a\u0639\u062f\u062f\u0629 \u0627\u0644\u0648\u0638\u0627\u0626\u0641 T8 \u0642\u0627\u0628\u0644\u0629 \u0644\u0644\u062a\u0639\u062f\u064a\u0644 \u0625\u0644\u0649 \u0639\u062f\u0629 \u0623\u0648\u0636\u0627\u0639\u060c \u0648\u0645\u062c\u0647\u0632\u0629 \u0628\u0645\u0631\u0648\u062d\u062a\u064a\u0646 \u0645\u0646 \u0633\u0628\u0627\u0626\u0643 \u0627\u0644\u0623\u0644\u0648\u0645\u0646\u064a\u0648\u0645 \u0628\u0645\u0646\u0641\u0630 USB.<br \/>\n\u064a\u0633\u0647\u0644 \u062a\u0639\u062f\u064a\u0644\u0647\u0627 \u0644\u062a\u0646\u0627\u0633\u0628 \u0648\u0636\u0639\u064a\u0629 \u062c\u0644\u0648\u0633\u0643 \u0644\u062a\u0648\u0641\u064a\u0631 \u0631\u0627\u062d\u0629 \u0623\u062b\u0646\u0627\u0621 \u0627\u0644\u0639\u0645\u0644. \u0637\u0627\u0648\u0644\u0629 \u062e\u0641\u064a\u0641\u0629 \u0627\u0644\u0648\u0632\u0646 \u0646\u0633\u0628\u064a\u0627\u064b\u060c \u0645\u062a\u064a\u0646\u0629\u060c \u0628\u062a\u0635\u0645\u064a\u0645 \u0645\u062f\u0645\u062c \u0645\u062b\u0627\u0644\u064a.<\/p>\n<p>\u062a\u0635\u0645\u064a\u0645 \u0645\u0641\u0635\u0644\u064a \u0628\u0642\u0641\u0644 \u062a\u0644\u0642\u0627\u0626\u064a\u061b \u064a\u0645\u0643\u0646 \u062a\u0639\u062f\u064a\u0644 \u0627\u0644\u0645\u0641\u0635\u0644 \u0627\u0644\u062e\u0627\u0635 \u0625\u0644\u0649 \u0632\u0648\u0627\u064a\u0627 \u0645\u062e\u062a\u0644\u0641\u0629 \u0644\u064a\u0646\u0627\u0633\u0628 \u062c\u0645\u064a\u0639 \u0623\u0648\u0636\u0627\u0639\u0643 \u0627\u0644\u0645\u0641\u0636\u0644\u0629. \u064a\u062a\u064a\u062d \u0644\u0643 \u0647\u0630\u0627 \u0627\u0644\u062a\u0635\u0645\u064a\u0645 \u0627\u0633\u062a\u062e\u062f\u0627\u0645 \u062c\u0647\u0627\u0632 \u0627\u0644\u0643\u0645\u0628\u064a\u0648\u062a\u0631 \u0627\u0644\u062e\u0627\u0635 \u0628\u0643 \u0628\u0623\u0642\u0635\u0649 \u062f\u0631\u062c\u0627\u062a \u0627\u0644\u0631\u0627\u062d\u0629.<br \/>\n\u0645\u062b\u0627\u0644\u064a \u0644\u062c\u0647\u0627\u0632 \u0627\u0644\u0643\u0645\u0628\u064a\u0648\u062a\u0631 \u0627\u0644\u0645\u062d\u0645\u0648\u0644 \u0627\u0644\u062e\u0627\u0635 \u0628\u0643 \u0639\u0644\u0649 \u0627\u0644\u0623\u0631\u064a\u0643\u0629 \u0623\u0648 \u0641\u064a \u0627\u0644\u0633\u0631\u064a\u0631...<br \/>\n\u064a\u0645\u0643\u0646 \u0625\u0645\u0627\u0644\u062a\u0647 \u0628\u0641\u0636\u0644 \u0623\u0632\u0631\u0627\u0631 \u0627\u0644\u0645\u0641\u0635\u0644\u0627\u062a.<br \/>\n\u0645\u0641\u0627\u0635\u0644 \u0642\u0627\u0628\u0644\u0629 \u0644\u0644\u062a\u0639\u062f\u064a\u0644 \u0630\u0627\u062a\u064a\u0629 \u0627\u0644\u0642\u0641\u0644 \u0645\u0639 \u062f\u0648\u0631\u0627\u0646 360 \u062f\u0631\u062c\u0629.<br \/>\n\u0623\u0631\u062c\u0644 \u0645\u0646 \u0627\u0644\u0623\u0644\u0648\u0645\u0646\u064a\u0648\u0645 \u0648\u0633\u0637\u062d \u0637\u0627\u0648\u0644\u0629 \u0645\u0646 \u0627\u0644\u0628\u0644\u0627\u0633\u062a\u064a\u0643 \u0644\u0637\u0627\u0648\u0644\u0629 \u062e\u0641\u064a\u0641\u0629 \u0644\u0644\u063a\u0627\u064a\u0629.<br \/>\n\u0645\u062a\u0639\u062f\u062f \u0627\u0644\u0648\u0638\u0627\u0626\u0641: \u064a\u0645\u0643\u0646 \u0627\u0633\u062a\u062e\u062f\u0627\u0645\u0647 \u0623\u064a\u0636\u0627\u064b \u0643\u062d\u0627\u0645\u0644 \u0644\u0644\u0642\u0631\u0627\u0621\u0629 \u0623\u0648 \u062d\u0627\u0645\u0644 \u0644\u0644\u0643\u062a\u0627\u0628\u0629 \u0623\u0648 \u0635\u064a\u0646\u064a\u0629 \u0637\u0639\u0627\u0645.<br \/>\n\u0645\u0631\u0648\u062d\u062a\u0627\u0646 \u0642\u0648\u064a\u062a\u0627\u0646 \u0648\u0647\u0627\u062f\u0626\u062a\u0627\u0646 \u062a\u0639\u0645\u0644\u0627\u0646 \u0628\u0645\u062d\u0627\u0645\u0644 \u062f\u064a\u0646\u0627\u0645\u064a\u0643\u064a\u0629 \u0645\u0627\u0626\u064a\u0629\u060c \u0648\u064a\u062a\u0645 \u062a\u0634\u063a\u064a\u0644\u0647\u0645\u0627 \u0639\u0628\u0631 \u0645\u0646\u0641\u0630 USB.<\/p>\n<p><a href=\"https:\/\/hmizatexperts.com\/wp-content\/uploads\/2021\/08\/3-5.jpg\"><img loading=\"lazy\" decoding=\"async\" class=\"size-medium wp-image-840 aligncenter\" src=\"https:\/\/hmizatexperts.com\/wp-content\/uploads\/2021\/08\/3-5-300x169.jpg\" alt=\"\" width=\"300\" height=\"169\" srcset=\"https:\/\/hmizatexperts.com\/wp-content\/uploads\/2021\/08\/3-5-300x169.jpg 300w, https:\/\/hmizatexperts.com\/wp-content\/uploads\/2021\/08\/3-5-1024x576.jpg 1024w, https:\/\/hmizatexperts.com\/wp-content\/uploads\/2021\/08\/3-5-768x432.jpg 768w, https:\/\/hmizatexperts.com\/wp-content\/uploads\/2021\/08\/3-5-600x338.jpg 600w, https:\/\/hmizatexperts.com\/wp-content\/uploads\/2021\/08\/3-5.jpg 1280w\" sizes=\"auto, (max-width: 300px) 100vw, 300px\" \/><\/a><\/p>\n<h3 class=\"hdr -upp -fs14 -m -pam\">\u0627\u0644\u0645\u064a\u0632\u0627\u062a \u0627\u0644\u0631\u0626\u064a\u0633\u064a\u0629<\/h3>\n<div class=\"markup -pam\">\n<ul>\n<li>\u0637\u0627\u0648\u0644\u0629 \u0645\u062d\u0645\u0648\u0644\u0629 \u0648\u0642\u0627\u0628\u0644\u0629 \u0644\u0644\u0637\u064a.<\/li>\n<li>\u062e\u0641\u064a\u0641 \u0627\u0644\u0648\u0632\u0646 \u0644\u0633\u0647\u0648\u0644\u0629 \u0627\u0644\u0646\u0642\u0644 \u0648\u0645\u062b\u0627\u0644\u064a \u0644\u0644\u0633\u0641\u0631.<\/li>\n<li>\u0645\u0632\u0648\u062f \u0628\u0645\u0631\u0648\u062d\u062a\u064a\u0646 \u062a\u0628\u0631\u064a\u062f USB \u0644\u062a\u0628\u0631\u064a\u062f \u0627\u0644\u062c\u0632\u0621 \u0627\u0644\u0633\u0641\u0644\u064a \u0645\u0646 \u062c\u0647\u0627\u0632 \u0627\u0644\u0643\u0645\u0628\u064a\u0648\u062a\u0631 \u0627\u0644\u0645\u062d\u0645\u0648\u0644 \u0627\u0644\u062e\u0627\u0635 \u0628\u0643.<\/li>\n<li>\u0645\u0635\u0646\u0648\u0639 \u0645\u0646 \u0633\u0628\u0627\u0626\u0643 \u0627\u0644\u0623\u0644\u0648\u0645\u0646\u064a\u0648\u0645.<\/li>\n<li>\u0642\u0627\u0628\u0644\u0629 \u0644\u0644\u062a\u0643\u064a\u0641 \u0645\u0639 \u062c\u0645\u064a\u0639 \u0623\u0648\u0636\u0627\u0639\u0643 \u0627\u0644\u0645\u0641\u0636\u0644\u0629: \u0627\u0644\u0633\u0631\u064a\u0631\u060c \u0627\u0644\u0623\u0631\u064a\u0643\u0629\u060c \u0627\u0644\u0645\u0643\u062a\u0628\u060c \u0627\u0644\u0633\u062c\u0627\u062f\u0629\u060c \u0627\u0644\u062d\u062f\u064a\u0642\u0629.<\/li>\n<li>\u062a\u0635\u0645\u064a\u0645 \u0625\u0628\u062f\u0627\u0639\u064a\u060c \u0648\u0645\u0633\u0627\u0639\u062f\u0629 \u0641\u064a \u062a\u0646\u0638\u064a\u0645 \u0648\u062a\u062d\u0633\u064a\u0646 \u0645\u0633\u0627\u062d\u0629 \u0639\u0645\u0644\u0643.<\/li>\n<li>\u0623\u0628\u0639\u0627\u062f \u0627\u0644\u0644\u0648\u062d\u0629: 48 \u00d7 26 \u0633\u0645<\/li>\n<li>\u0627\u0644\u0623\u0628\u0639\u0627\u062f \u0639\u0646\u062f \u0627\u0644\u0637\u064a: 60 \u00d7 26 \u00d7 5.1 \u0633\u0645<\/li>\n<\/ul>\n<p><a href=\"https:\/\/hmizatexperts.com\/wp-content\/uploads\/2022\/01\/\u062e\u062f\u0645\u0629-\u0627\u0644\u0632\u0628\u0627\u064a\u0654\u0646-1.png\"><img loading=\"lazy\" decoding=\"async\" class=\"size-medium wp-image-1455 aligncenter\" src=\"https:\/\/hmizatexperts.com\/wp-content\/uploads\/2022\/01\/\u062e\u062f\u0645\u0629-\u0627\u0644\u0632\u0628\u0627\u064a\u0654\u0646-1-300x71.png\" alt=\"\" width=\"300\" height=\"71\" srcset=\"https:\/\/hmizatexperts.com\/wp-content\/uploads\/2022\/01\/\u062e\u062f\u0645\u0629-\u0627\u0644\u0632\u0628\u0627\u064a\u0654\u0646-1-300x71.png 300w, https:\/\/hmizatexperts.com\/wp-content\/uploads\/2022\/01\/\u062e\u062f\u0645\u0629-\u0627\u0644\u0632\u0628\u0627\u064a\u0654\u0646-1-600x142.png 600w, https:\/\/hmizatexperts.com\/wp-content\/uploads\/2022\/01\/\u062e\u062f\u0645\u0629-\u0627\u0644\u0632\u0628\u0627\u064a\u0654\u0646-1.png 603w\" sizes=\"auto, (max-width: 300px) 100vw, 300px\" \/><\/a><\/p>\n<\/div>","protected":false},"excerpt":{"rendered":"<p>\u0637\u0627\u0648\u0644\u0629 \u0627\u0644\u0643\u0645\u0628\u064a\u0648\u062a\u0631 \u0627\u0644\u0645\u062d\u0645\u0648\u0644 \u0645\u062a\u0639\u062f\u062f\u0629 \u0627\u0644\u0648\u0638\u0627\u0626\u0641 T8 \u0642\u0627\u0628\u0644\u0629 \u0644\u0644\u062a\u0639\u062f\u064a\u0644 \u0625\u0644\u0649 \u0639\u062f\u0629 \u0623\u0648\u0636\u0627\u0639\u060c \u0648\u0645\u062c\u0647\u0632\u0629 \u0628\u0645\u0631\u0648\u062d\u062a\u064a\u0646 \u0645\u0646 \u0633\u0628\u0627\u0626\u0643 \u0627\u0644\u0623\u0644\u0648\u0645\u0646\u064a\u0648\u0645 \u0628\u0645\u0646\u0641\u0630 USB.<\/p>","protected":false},"featured_media":839,"comment_status":"open","ping_status":"closed","template":"","meta":[],"product_brand":[],"product_cat":[15,112],"product_tag":[],"class_list":{"0":"post-837","1":"product","2":"type-product","3":"status-publish","4":"has-post-thumbnail","6":"product_cat-electronique","7":"product_cat-ordinateurs-et-accessoires","8":"location-tout-le-maroc","9":"store-hmizate-experts","10":"entry panel","12":"first","13":"instock","14":"sale","15":"shipping-taxable","16":"purchasable","17":"product-type-simple"},"ams_default_variation_id":0,"ams_product_points_reward":[],"ams_product_discount_percentage":14.06,"ams_price_to_display":275,"ams_acf":[],"yoast_head":"<!-- This site is optimized with the Yoast SEO Premium plugin v26.6 (Yoast SEO v27.4) - https:\/\/yoast.com\/product\/yoast-seo-premium-wordpress\/ -->\n<title>T8 laptop table de pc portables avec deux ventilateurs - Hmizate Expert<\/title>\n<meta name=\"description\" content=\"Conception de joint Auto-lock, le joint sp\u00e9cial peut \u00eatre ajust\u00e9 aux angles variables et pour s&#039;adapter \u00e0 toutes vos positions pr\u00e9f\u00e9r\u00e9es.\" \/>\n<meta name=\"robots\" content=\"index, follow, max-snippet:-1, max-image-preview:large, max-video-preview:-1\" \/>\n<link rel=\"canonical\" href=\"https:\/\/hmizatexperts.com\/ar\/product\/t8-laptop-table-de-pc-portables-avec-deux-ventilateurs\/\" \/>\n<meta property=\"og:locale\" content=\"ar_AR\" \/>\n<meta property=\"og:type\" content=\"article\" \/>\n<meta property=\"og:title\" content=\"T8 laptop table de pc portables avec deux ventilateurs\" \/>\n<meta property=\"og:description\" content=\"Conception de joint Auto-lock, le joint sp\u00e9cial peut \u00eatre ajust\u00e9 aux angles variables et pour s&#039;adapter \u00e0 toutes vos positions pr\u00e9f\u00e9r\u00e9es.\" \/>\n<meta property=\"og:url\" content=\"https:\/\/hmizatexperts.com\/ar\/product\/t8-laptop-table-de-pc-portables-avec-deux-ventilateurs\/\" \/>\n<meta property=\"og:site_name\" content=\"Hmizate Expert\" \/>\n<meta property=\"article:publisher\" content=\"https:\/\/www.facebook.com\/hmizatexperts\" \/>\n<meta property=\"article:modified_time\" content=\"2024-12-17T17:56:56+00:00\" \/>\n<meta property=\"og:image\" content=\"https:\/\/hmizatexperts.com\/wp-content\/uploads\/2021\/08\/2-5.jpg\" \/>\n\t<meta property=\"og:image:width\" content=\"1280\" \/>\n\t<meta property=\"og:image:height\" content=\"720\" \/>\n\t<meta property=\"og:image:type\" content=\"image\/jpeg\" \/>\n<meta name=\"twitter:card\" content=\"summary_large_image\" \/>\n<meta name=\"twitter:site\" content=\"@ExpertsHmizate\" \/>\n<meta name=\"twitter:label1\" content=\"\u0648\u0642\u062a \u0627\u0644\u0642\u0631\u0627\u0621\u0629 \u0627\u0644\u0645\u064f\u0642\u062f\u0651\u0631\" \/>\n\t<meta name=\"twitter:data1\" content=\"\u062f\u0642\u064a\u0642\u062a\u0627\u0646\" \/>\n<script type=\"application\/ld+json\" class=\"yoast-schema-graph\">{\"@context\":\"https:\\\/\\\/schema.org\",\"@graph\":[{\"@type\":\"WebPage\",\"@id\":\"https:\\\/\\\/hmizatexperts.com\\\/product\\\/t8-laptop-table-de-pc-portables-avec-deux-ventilateurs\\\/\",\"url\":\"https:\\\/\\\/hmizatexperts.com\\\/product\\\/t8-laptop-table-de-pc-portables-avec-deux-ventilateurs\\\/\",\"name\":\"T8 laptop table de pc portables avec deux ventilateurs - Hmizate Expert\",\"isPartOf\":{\"@id\":\"https:\\\/\\\/hmizatexperts.com\\\/#website\"},\"primaryImageOfPage\":{\"@id\":\"https:\\\/\\\/hmizatexperts.com\\\/product\\\/t8-laptop-table-de-pc-portables-avec-deux-ventilateurs\\\/#primaryimage\"},\"image\":{\"@id\":\"https:\\\/\\\/hmizatexperts.com\\\/product\\\/t8-laptop-table-de-pc-portables-avec-deux-ventilateurs\\\/#primaryimage\"},\"thumbnailUrl\":\"https:\\\/\\\/hmizatexperts.com\\\/wp-content\\\/uploads\\\/2021\\\/08\\\/2-5.jpg\",\"datePublished\":\"2021-08-21T00:53:20+00:00\",\"dateModified\":\"2024-12-17T17:56:56+00:00\",\"description\":\"Conception de joint Auto-lock, le joint sp\u00e9cial peut \u00eatre ajust\u00e9 aux angles variables et pour s'adapter \u00e0 toutes vos positions pr\u00e9f\u00e9r\u00e9es.\",\"breadcrumb\":{\"@id\":\"https:\\\/\\\/hmizatexperts.com\\\/product\\\/t8-laptop-table-de-pc-portables-avec-deux-ventilateurs\\\/#breadcrumb\"},\"inLanguage\":\"ar\",\"potentialAction\":[{\"@type\":\"ReadAction\",\"target\":[\"https:\\\/\\\/hmizatexperts.com\\\/product\\\/t8-laptop-table-de-pc-portables-avec-deux-ventilateurs\\\/\"]}]},{\"@type\":\"ImageObject\",\"inLanguage\":\"ar\",\"@id\":\"https:\\\/\\\/hmizatexperts.com\\\/product\\\/t8-laptop-table-de-pc-portables-avec-deux-ventilateurs\\\/#primaryimage\",\"url\":\"https:\\\/\\\/hmizatexperts.com\\\/wp-content\\\/uploads\\\/2021\\\/08\\\/2-5.jpg\",\"contentUrl\":\"https:\\\/\\\/hmizatexperts.com\\\/wp-content\\\/uploads\\\/2021\\\/08\\\/2-5.jpg\",\"width\":1280,\"height\":720},{\"@type\":\"BreadcrumbList\",\"@id\":\"https:\\\/\\\/hmizatexperts.com\\\/product\\\/t8-laptop-table-de-pc-portables-avec-deux-ventilateurs\\\/#breadcrumb\",\"itemListElement\":[{\"@type\":\"ListItem\",\"position\":1,\"name\":\"Accueil\",\"item\":\"https:\\\/\\\/hmizatexperts.com\\\/\"},{\"@type\":\"ListItem\",\"position\":2,\"name\":\"Shop\",\"item\":\"https:\\\/\\\/hmizatexperts.com\\\/shop\\\/\"},{\"@type\":\"ListItem\",\"position\":3,\"name\":\"T8 laptop table de pc portables avec deux ventilateurs\"}]},{\"@type\":\"WebSite\",\"@id\":\"https:\\\/\\\/hmizatexperts.com\\\/#website\",\"url\":\"https:\\\/\\\/hmizatexperts.com\\\/\",\"name\":\"Hmizate Expert\",\"description\":\"Nos offres aux meilleurs prix et qualit\u00e9\",\"publisher\":{\"@id\":\"https:\\\/\\\/hmizatexperts.com\\\/#organization\"},\"potentialAction\":[{\"@type\":\"SearchAction\",\"target\":{\"@type\":\"EntryPoint\",\"urlTemplate\":\"https:\\\/\\\/hmizatexperts.com\\\/?s={search_term_string}\"},\"query-input\":{\"@type\":\"PropertyValueSpecification\",\"valueRequired\":true,\"valueName\":\"search_term_string\"}}],\"inLanguage\":\"ar\"},{\"@type\":\"Organization\",\"@id\":\"https:\\\/\\\/hmizatexperts.com\\\/#organization\",\"name\":\"Hmizate Expert\",\"url\":\"https:\\\/\\\/hmizatexperts.com\\\/\",\"logo\":{\"@type\":\"ImageObject\",\"inLanguage\":\"ar\",\"@id\":\"https:\\\/\\\/hmizatexperts.com\\\/#\\\/schema\\\/logo\\\/image\\\/\",\"url\":\"https:\\\/\\\/hmizatexperts.com\\\/wp-content\\\/uploads\\\/2021\\\/05\\\/logo_HE2-removebg-preview.png\",\"contentUrl\":\"https:\\\/\\\/hmizatexperts.com\\\/wp-content\\\/uploads\\\/2021\\\/05\\\/logo_HE2-removebg-preview.png\",\"width\":800,\"height\":312,\"caption\":\"Hmizate Expert\"},\"image\":{\"@id\":\"https:\\\/\\\/hmizatexperts.com\\\/#\\\/schema\\\/logo\\\/image\\\/\"},\"sameAs\":[\"https:\\\/\\\/www.facebook.com\\\/hmizatexperts\",\"https:\\\/\\\/x.com\\\/ExpertsHmizate\"]}]}<\/script>\n<!-- \/ Yoast SEO Premium plugin. -->","yoast_head_json":{"title":"T8 laptop table de pc portables avec deux ventilateurs - Hmizate Expert","description":"Conception de joint Auto-lock, le joint sp\u00e9cial peut \u00eatre ajust\u00e9 aux angles variables et pour s'adapter \u00e0 toutes vos positions pr\u00e9f\u00e9r\u00e9es.","robots":{"index":"index","follow":"follow","max-snippet":"max-snippet:-1","max-image-preview":"max-image-preview:large","max-video-preview":"max-video-preview:-1"},"canonical":"https:\/\/hmizatexperts.com\/ar\/product\/t8-laptop-table-de-pc-portables-avec-deux-ventilateurs\/","og_locale":"ar_AR","og_type":"article","og_title":"T8 laptop table de pc portables avec deux ventilateurs","og_description":"Conception de joint Auto-lock, le joint sp\u00e9cial peut \u00eatre ajust\u00e9 aux angles variables et pour s'adapter \u00e0 toutes vos positions pr\u00e9f\u00e9r\u00e9es.","og_url":"https:\/\/hmizatexperts.com\/ar\/product\/t8-laptop-table-de-pc-portables-avec-deux-ventilateurs\/","og_site_name":"Hmizate Expert","article_publisher":"https:\/\/www.facebook.com\/hmizatexperts","article_modified_time":"2024-12-17T17:56:56+00:00","og_image":[{"width":1280,"height":720,"url":"https:\/\/hmizatexperts.com\/wp-content\/uploads\/2021\/08\/2-5.jpg","type":"image\/jpeg"}],"twitter_card":"summary_large_image","twitter_site":"@ExpertsHmizate","twitter_misc":{"\u0648\u0642\u062a \u0627\u0644\u0642\u0631\u0627\u0621\u0629 \u0627\u0644\u0645\u064f\u0642\u062f\u0651\u0631":"\u062f\u0642\u064a\u0642\u062a\u0627\u0646"},"schema":{"@context":"https:\/\/schema.org","@graph":[{"@type":"WebPage","@id":"https:\/\/hmizatexperts.com\/product\/t8-laptop-table-de-pc-portables-avec-deux-ventilateurs\/","url":"https:\/\/hmizatexperts.com\/product\/t8-laptop-table-de-pc-portables-avec-deux-ventilateurs\/","name":"T8 laptop table de pc portables avec deux ventilateurs - Hmizate Expert","isPartOf":{"@id":"https:\/\/hmizatexperts.com\/#website"},"primaryImageOfPage":{"@id":"https:\/\/hmizatexperts.com\/product\/t8-laptop-table-de-pc-portables-avec-deux-ventilateurs\/#primaryimage"},"image":{"@id":"https:\/\/hmizatexperts.com\/product\/t8-laptop-table-de-pc-portables-avec-deux-ventilateurs\/#primaryimage"},"thumbnailUrl":"https:\/\/hmizatexperts.com\/wp-content\/uploads\/2021\/08\/2-5.jpg","datePublished":"2021-08-21T00:53:20+00:00","dateModified":"2024-12-17T17:56:56+00:00","description":"Conception de joint Auto-lock, le joint sp\u00e9cial peut \u00eatre ajust\u00e9 aux angles variables et pour s'adapter \u00e0 toutes vos positions pr\u00e9f\u00e9r\u00e9es.","breadcrumb":{"@id":"https:\/\/hmizatexperts.com\/product\/t8-laptop-table-de-pc-portables-avec-deux-ventilateurs\/#breadcrumb"},"inLanguage":"ar","potentialAction":[{"@type":"ReadAction","target":["https:\/\/hmizatexperts.com\/product\/t8-laptop-table-de-pc-portables-avec-deux-ventilateurs\/"]}]},{"@type":"ImageObject","inLanguage":"ar","@id":"https:\/\/hmizatexperts.com\/product\/t8-laptop-table-de-pc-portables-avec-deux-ventilateurs\/#primaryimage","url":"https:\/\/hmizatexperts.com\/wp-content\/uploads\/2021\/08\/2-5.jpg","contentUrl":"https:\/\/hmizatexperts.com\/wp-content\/uploads\/2021\/08\/2-5.jpg","width":1280,"height":720},{"@type":"BreadcrumbList","@id":"https:\/\/hmizatexperts.com\/product\/t8-laptop-table-de-pc-portables-avec-deux-ventilateurs\/#breadcrumb","itemListElement":[{"@type":"ListItem","position":1,"name":"Accueil","item":"https:\/\/hmizatexperts.com\/"},{"@type":"ListItem","position":2,"name":"Shop","item":"https:\/\/hmizatexperts.com\/shop\/"},{"@type":"ListItem","position":3,"name":"T8 laptop table de pc portables avec deux ventilateurs"}]},{"@type":"WebSite","@id":"https:\/\/hmizatexperts.com\/#website","url":"https:\/\/hmizatexperts.com\/","name":"\u062e\u0628\u064a\u0631 \u0641\u064a \u0627\u0644\u062d\u0634\u0645\u0629","description":"\u0639\u0631\u0648\u0636\u0646\u0627 \u0628\u0623\u0641\u0636\u0644 \u0627\u0644\u0623\u0633\u0639\u0627\u0631 \u0648\u0627\u0644\u062c\u0648\u062f\u0629","publisher":{"@id":"https:\/\/hmizatexperts.com\/#organization"},"potentialAction":[{"@type":"SearchAction","target":{"@type":"EntryPoint","urlTemplate":"https:\/\/hmizatexperts.com\/?s={search_term_string}"},"query-input":{"@type":"PropertyValueSpecification","valueRequired":true,"valueName":"search_term_string"}}],"inLanguage":"ar"},{"@type":"Organization","@id":"https:\/\/hmizatexperts.com\/#organization","name":"\u062e\u0628\u064a\u0631 \u0641\u064a \u0627\u0644\u062d\u0634\u0645\u0629","url":"https:\/\/hmizatexperts.com\/","logo":{"@type":"ImageObject","inLanguage":"ar","@id":"https:\/\/hmizatexperts.com\/#\/schema\/logo\/image\/","url":"https:\/\/hmizatexperts.com\/wp-content\/uploads\/2021\/05\/logo_HE2-removebg-preview.png","contentUrl":"https:\/\/hmizatexperts.com\/wp-content\/uploads\/2021\/05\/logo_HE2-removebg-preview.png","width":800,"height":312,"caption":"Hmizate Expert"},"image":{"@id":"https:\/\/hmizatexperts.com\/#\/schema\/logo\/image\/"},"sameAs":["https:\/\/www.facebook.com\/hmizatexperts","https:\/\/x.com\/ExpertsHmizate"]}]}},"_links":{"self":[{"href":"https:\/\/hmizatexperts.com\/ar\/wp-json\/wp\/v2\/product\/837","targetHints":{"allow":["GET"]}}],"collection":[{"href":"https:\/\/hmizatexperts.com\/ar\/wp-json\/wp\/v2\/product"}],"about":[{"href":"https:\/\/hmizatexperts.com\/ar\/wp-json\/wp\/v2\/types\/product"}],"replies":[{"embeddable":true,"href":"https:\/\/hmizatexperts.com\/ar\/wp-json\/wp\/v2\/comments?post=837"}],"wp:featuredmedia":[{"embeddable":true,"href":"https:\/\/hmizatexperts.com\/ar\/wp-json\/wp\/v2\/media\/839"}],"wp:attachment":[{"href":"https:\/\/hmizatexperts.com\/ar\/wp-json\/wp\/v2\/media?parent=837"}],"wp:term":[{"taxonomy":"product_brand","embeddable":true,"href":"https:\/\/hmizatexperts.com\/ar\/wp-json\/wp\/v2\/product_brand?post=837"},{"taxonomy":"product_cat","embeddable":true,"href":"https:\/\/hmizatexperts.com\/ar\/wp-json\/wp\/v2\/product_cat?post=837"},{"taxonomy":"product_tag","embeddable":true,"href":"https:\/\/hmizatexperts.com\/ar\/wp-json\/wp\/v2\/product_tag?post=837"}],"curies":[{"name":"wp","href":"https:\/\/api.w.org\/{rel}","templated":true}]}}