{"id":876,"date":"2021-08-21T15:43:36","date_gmt":"2021-08-21T15:43:36","guid":{"rendered":"https:\/\/hmizatexperts.com\/?post_type=product&#038;p=876"},"modified":"2024-12-17T18:34:21","modified_gmt":"2024-12-17T17:34:21","slug":"bloqueur-twin-draft-guard","status":"publish","type":"product","link":"https:\/\/hmizatexperts.com\/ar\/product\/bloqueur-twin-draft-guard\/","title":{"rendered":"\u0633\u062f\u0627\u062f\u0629 \u0628\u0627\u0628 \u0644\u062a\u0642\u0644\u064a\u0644 \u0627\u0644\u0636\u0648\u0636\u0627\u0621"},"content":{"rendered":"<p>\u062a\u062e\u064a\u0644 \u062d\u0644\u0627\u064b \u0645\u0628\u062a\u0643\u0631\u0627\u064b \u064a\u0645\u0646\u062d\u0643 \u0631\u0627\u062d\u0629 \u0628\u0627\u0644 \u062a\u0627\u0645\u0629 \u0641\u064a \u0645\u0646\u0632\u0644\u0643. \u0635\u064f\u0645\u0645 \u0645\u0627\u0646\u0639 \u0627\u0644\u062a\u0633\u0631\u0628 \u0627\u0644\u0645\u062d\u0643\u0645 \u0648\u0627\u0644\u0645\u0642\u0627\u0648\u0645 \u0644\u0644\u0631\u064a\u0627\u062d \u0644\u062f\u064a\u0646\u0627 \u0644\u064a\u062d\u0627\u0641\u0638 \u0639\u0644\u0649 \u0627\u0644\u062d\u0631\u0627\u0631\u0629\u060c \u0648\u064a\u0635\u062f \u0627\u0644\u0631\u0637\u0648\u0628\u0629\u060c \u0648\u064a\u0648\u0641\u0631 \u0631\u0627\u062d\u0629 \u0644\u0627 \u0645\u062b\u064a\u0644 \u0644\u0647\u0627. \u0633\u0648\u0627\u0621\u064b \u0639\u0644\u0649 \u0627\u0644\u062e\u0634\u0628 \u0623\u0648 \u0627\u0644\u0628\u0644\u0627\u0637 \u0623\u0648 \u062d\u062a\u0649 \u0627\u0644\u0633\u062c\u0627\u062f\u060c \u064a\u0646\u0632\u0644\u0642 \u0628\u0633\u0644\u0627\u0633\u0629 \u0648\u064a\u062a\u0643\u064a\u0641 \u0645\u0639 \u062c\u0645\u064a\u0639 \u0627\u0644\u0623\u0633\u0637\u062d\u060c \u0644\u064a\u0634\u0643\u0644 \u062d\u0627\u062c\u0632\u0627\u064b \u0645\u0646\u064a\u0639\u0627\u064b \u0636\u062f \u0627\u0644\u0639\u0648\u0627\u0645\u0644 \u0627\u0644\u062e\u0627\u0631\u062c\u064a\u0629 \u063a\u064a\u0631 \u0627\u0644\u0645\u0631\u063a\u0648\u0628 \u0641\u064a\u0647\u0627.<\/p>\n<p style=\"text-align: center;\"><a href=\"https:\/\/hmizatexperts.com\/wp-content\/uploads\/2021\/08\/3-10.jpg\"><img loading=\"lazy\" decoding=\"async\" class=\"alignnone size-medium wp-image-879\" src=\"https:\/\/hmizatexperts.com\/wp-content\/uploads\/2021\/08\/3-10-300x169.jpg\" alt=\"\" width=\"300\" height=\"169\" srcset=\"https:\/\/hmizatexperts.com\/wp-content\/uploads\/2021\/08\/3-10-300x169.jpg 300w, https:\/\/hmizatexperts.com\/wp-content\/uploads\/2021\/08\/3-10-1024x576.jpg 1024w, https:\/\/hmizatexperts.com\/wp-content\/uploads\/2021\/08\/3-10-768x432.jpg 768w, https:\/\/hmizatexperts.com\/wp-content\/uploads\/2021\/08\/3-10-600x338.jpg 600w, https:\/\/hmizatexperts.com\/wp-content\/uploads\/2021\/08\/3-10.jpg 1280w\" sizes=\"auto, (max-width: 300px) 100vw, 300px\" \/><\/a><\/p>\n<p>\u0628\u0641\u0636\u0644 \u0625\u0645\u0643\u0627\u0646\u064a\u0629 \u0642\u0635 \u0643\u0644\u0627 \u0627\u0644\u0642\u0646\u0627\u062a\u064a\u0646 \u0644\u062a\u0646\u0627\u0633\u0628 \u0637\u0648\u0644 \u0628\u0627\u0628\u0643 \u0623\u0648 \u0646\u0627\u0641\u0630\u062a\u0643\u060c \u064a\u062a\u0643\u064a\u0641 \u0645\u0627\u0646\u0639 \u0627\u0644\u062a\u0633\u0631\u0628 \u0627\u0644\u062e\u0627\u0635 \u0628\u0646\u0627 \u062a\u0645\u0627\u0645\u064b\u0627 \u0645\u0639 \u0645\u0633\u0627\u062d\u062a\u0643\u060c \u0645\u0648\u0641\u0631\u064b\u0627 \u0639\u0632\u0644\u064b\u0627 \u0645\u062b\u0627\u0644\u064a\u064b\u0627. \u0645\u0635\u0646\u0648\u0639 \u0645\u0646 \u0627\u0644\u0635\u0648\u0641 \u0627\u0644\u062f\u0642\u064a\u0642 \u0627\u0644\u0645\u0642\u0627\u0648\u0645 \u0644\u0644\u0645\u0627\u0621\u060c \u0641\u0647\u0648 \u0645\u062a\u064a\u0646 \u0648\u0641\u0639\u0627\u0644 \u0641\u064a \u0637\u0631\u062f \u0627\u0644\u0631\u0637\u0648\u0628\u0629\u060c \u0645\u0645\u0627 \u064a\u062d\u0627\u0641\u0638 \u0639\u0644\u0649 \u0631\u0627\u062d\u0629 \u0648\u062c\u0641\u0627\u0641 \u0645\u0646\u0632\u0644\u0643.<\/p>\n<p>\u0644\u0627 \u064a\u0642\u062a\u0635\u0631 \u062f\u0648\u0631 \u0646\u0638\u0627\u0645 \u0627\u0644\u0625\u063a\u0644\u0627\u0642 \u0627\u0644\u0645\u062d\u0643\u0645 \u0639\u0644\u0649 \u062d\u0645\u0627\u064a\u0629 \u0645\u0646\u0632\u0644\u0643 \u0645\u0646 \u0627\u0644\u0631\u064a\u0627\u062d \u0648\u0627\u0644\u0631\u0637\u0648\u0628\u0629 \u0648\u0627\u0644\u0636\u0648\u0636\u0627\u0621 \u0627\u0644\u062e\u0627\u0631\u062c\u064a\u0629 \u0641\u062d\u0633\u0628\u060c \u0628\u0644 \u064a\u0634\u0643\u0644 \u0623\u064a\u0636\u064b\u0627 \u062d\u0627\u062c\u0632\u064b\u0627 \u0636\u062f \u0627\u0644\u062d\u0634\u0631\u0627\u062a \u0648\u0627\u0644\u0623\u0628\u062e\u0631\u0629 \u0627\u0644\u0633\u0627\u0645\u0629. \u064a\u0645\u0643\u0646\u0643 \u0623\u062e\u064a\u0631\u064b\u0627 \u0627\u0644\u0627\u0633\u062a\u0645\u062a\u0627\u0639 \u0628\u0628\u064a\u0626\u0629 \u0647\u0627\u062f\u0626\u0629 \u0648\u0635\u062d\u064a\u0629\u060c \u062a\u0627\u0631\u0643\u064b\u0627 \u0647\u0645\u0648\u0645\u0643 \u0641\u064a \u0627\u0644\u062e\u0627\u0631\u062c.<\/p>\n<p>\u064a\u062a\u0645\u064a\u0632 \u0645\u0627\u0646\u0639 \u0627\u0644\u062a\u0633\u0631\u0628 \u0627\u0644\u0645\u062d\u0643\u0645 \u0644\u062f\u064a\u0646\u0627 \u0628\u062a\u0639\u062f\u062f \u0627\u0633\u062a\u062e\u062f\u0627\u0645\u0627\u062a\u0647 \u0648\u0639\u0645\u0644\u064a\u062a\u0647\u060c \u0641\u0647\u0648 \u0645\u0646\u0627\u0633\u0628 \u0644\u0645\u062c\u0645\u0648\u0639\u0629 \u0648\u0627\u0633\u0639\u0629 \u0645\u0646 \u0627\u0644\u0623\u0628\u0648\u0627\u0628. \u0633\u0648\u0627\u0621\u064b \u0643\u0627\u0646 \u0628\u0627\u0628 \u0645\u0646\u0632\u0644\u0643 \u0627\u0644\u0623\u0645\u0627\u0645\u064a \u0623\u0648 \u0627\u0644\u062e\u0644\u0641\u064a \u0623\u0648 \u0628\u0627\u0628 \u063a\u0631\u0641\u0629 \u0646\u0648\u0645\u0643 \u0623\u0648 \u062d\u062a\u0649 \u0628\u0627\u0628 \u062d\u0645\u0627\u0645\u0643\u060c \u0641\u0625\u0646\u0647 \u064a\u0648\u0641\u0631 \u062d\u0644\u0627\u064b \u0645\u0648\u062b\u0648\u0642\u0627\u064b \u0648\u0641\u0639\u0627\u0644\u0627\u064b. \u0639\u0644\u0627\u0648\u0629 \u0639\u0644\u0649 \u0630\u0644\u0643\u060c \u064a\u062a\u064a\u062d \u062a\u0635\u0645\u064a\u0645\u0647 \u0627\u0644\u0645\u0628\u062a\u0643\u0631 \u0633\u0647\u0648\u0644\u0629 \u0627\u0644\u0627\u0633\u062a\u062e\u062f\u0627\u0645 \u0648\u0627\u0644\u0631\u0627\u062d\u0629\u060c \u062d\u064a\u062b \u064a\u062a\u062d\u0631\u0643 \u0645\u0639 \u0627\u0644\u0628\u0627\u0628 \u062f\u0648\u0646 \u0627\u0644\u062d\u0627\u062c\u0629 \u0625\u0644\u0649 \u0625\u0639\u0627\u062f\u0629 \u0636\u0628\u0637 \u0645\u0633\u062a\u0645\u0631\u0629.<\/p>\n<p style=\"text-align: center;\"><a href=\"https:\/\/hmizatexperts.com\/wp-content\/uploads\/2022\/01\/\u062e\u062f\u0645\u0629-\u0627\u0644\u0632\u0628\u0627\u064a\u0654\u0646-1.png\"><img loading=\"lazy\" decoding=\"async\" class=\"alignnone size-medium wp-image-1455\" src=\"https:\/\/hmizatexperts.com\/wp-content\/uploads\/2022\/01\/\u062e\u062f\u0645\u0629-\u0627\u0644\u0632\u0628\u0627\u064a\u0654\u0646-1-300x71.png\" alt=\"\" width=\"300\" height=\"71\" srcset=\"https:\/\/hmizatexperts.com\/wp-content\/uploads\/2022\/01\/\u062e\u062f\u0645\u0629-\u0627\u0644\u0632\u0628\u0627\u064a\u0654\u0646-1-300x71.png 300w, https:\/\/hmizatexperts.com\/wp-content\/uploads\/2022\/01\/\u062e\u062f\u0645\u0629-\u0627\u0644\u0632\u0628\u0627\u064a\u0654\u0646-1-600x142.png 600w, https:\/\/hmizatexperts.com\/wp-content\/uploads\/2022\/01\/\u062e\u062f\u0645\u0629-\u0627\u0644\u0632\u0628\u0627\u064a\u0654\u0646-1.png 603w\" sizes=\"auto, (max-width: 300px) 100vw, 300px\" \/><\/a><\/p>","protected":false},"excerpt":{"rendered":"<p>\u0645\u062b\u0627\u0644\u064a \u0644\u0644\u0623\u0628\u0648\u0627\u0628 \u0648\u0627\u0644\u0646\u0648\u0627\u0641\u0630 \u0627\u0644\u062f\u0627\u062e\u0644\u064a\u0629 \u0623\u0648 \u0627\u0644\u062e\u0627\u0631\u062c\u064a\u0629<\/p>","protected":false},"featured_media":877,"comment_status":"open","ping_status":"closed","template":"","meta":[],"product_brand":[],"product_cat":[111,109,37],"product_tag":[],"class_list":{"0":"post-876","1":"product","2":"type-product","3":"status-publish","4":"has-post-thumbnail","6":"product_cat-bricolage-et-amelioration","7":"product_cat-entretien-et-nettoyage","8":"product_cat-maison-cuisine","9":"location-tout-le-maroc","10":"store-hmizate-experts","11":"entry panel","13":"first","14":"instock","15":"sale","16":"shipping-taxable","17":"purchasable","18":"product-type-simple"},"ams_default_variation_id":0,"ams_product_points_reward":[],"ams_product_discount_percentage":13,"ams_price_to_display":87,"ams_acf":[],"yoast_head":"<!-- This site is optimized with the Yoast SEO Premium plugin v26.6 (Yoast SEO v27.4) - https:\/\/yoast.com\/product\/yoast-seo-premium-wordpress\/ -->\n<title>Bouchon de protection anti-bruit pour porte - Hmizate Expert<\/title>\n<meta name=\"description\" content=\"Dites adieu aux courants d&#039;air ind\u00e9sirables, \u00e0 l&#039;humidit\u00e9 et aux bruits g\u00eanants. Optez pour notre joint herm\u00e9tique \u00e0 l&#039;\u00e9preuve des vents\" \/>\n<meta name=\"robots\" content=\"index, follow, max-snippet:-1, max-image-preview:large, max-video-preview:-1\" \/>\n<link rel=\"canonical\" href=\"https:\/\/hmizatexperts.com\/ar\/product\/bloqueur-twin-draft-guard\/\" \/>\n<meta property=\"og:locale\" content=\"ar_AR\" \/>\n<meta property=\"og:type\" content=\"article\" \/>\n<meta property=\"og:title\" content=\"Bouchon de protection anti-bruit pour porte\" \/>\n<meta property=\"og:description\" content=\"Dites adieu aux courants d&#039;air ind\u00e9sirables, \u00e0 l&#039;humidit\u00e9 et aux bruits g\u00eanants. Optez pour notre joint herm\u00e9tique \u00e0 l&#039;\u00e9preuve des vents\" \/>\n<meta property=\"og:url\" content=\"https:\/\/hmizatexperts.com\/ar\/product\/bloqueur-twin-draft-guard\/\" \/>\n<meta property=\"og:site_name\" content=\"Hmizate Expert\" \/>\n<meta property=\"article:publisher\" content=\"https:\/\/www.facebook.com\/hmizatexperts\" \/>\n<meta property=\"article:modified_time\" content=\"2024-12-17T17:34:21+00:00\" \/>\n<meta property=\"og:image\" content=\"https:\/\/hmizatexperts.com\/wp-content\/uploads\/2021\/08\/1-10.jpg\" \/>\n\t<meta property=\"og:image:width\" content=\"1280\" \/>\n\t<meta property=\"og:image:height\" content=\"720\" \/>\n\t<meta property=\"og:image:type\" content=\"image\/jpeg\" \/>\n<meta name=\"twitter:card\" content=\"summary_large_image\" \/>\n<meta name=\"twitter:site\" content=\"@ExpertsHmizate\" \/>\n<meta name=\"twitter:label1\" content=\"\u0648\u0642\u062a \u0627\u0644\u0642\u0631\u0627\u0621\u0629 \u0627\u0644\u0645\u064f\u0642\u062f\u0651\u0631\" \/>\n\t<meta name=\"twitter:data1\" content=\"\u062f\u0642\u064a\u0642\u062a\u0627\u0646\" \/>\n<script type=\"application\/ld+json\" class=\"yoast-schema-graph\">{\"@context\":\"https:\\\/\\\/schema.org\",\"@graph\":[{\"@type\":\"WebPage\",\"@id\":\"https:\\\/\\\/hmizatexperts.com\\\/product\\\/bloqueur-twin-draft-guard\\\/\",\"url\":\"https:\\\/\\\/hmizatexperts.com\\\/product\\\/bloqueur-twin-draft-guard\\\/\",\"name\":\"Bouchon de protection anti-bruit pour porte - Hmizate Expert\",\"isPartOf\":{\"@id\":\"https:\\\/\\\/hmizatexperts.com\\\/#website\"},\"primaryImageOfPage\":{\"@id\":\"https:\\\/\\\/hmizatexperts.com\\\/product\\\/bloqueur-twin-draft-guard\\\/#primaryimage\"},\"image\":{\"@id\":\"https:\\\/\\\/hmizatexperts.com\\\/product\\\/bloqueur-twin-draft-guard\\\/#primaryimage\"},\"thumbnailUrl\":\"https:\\\/\\\/hmizatexperts.com\\\/wp-content\\\/uploads\\\/2021\\\/08\\\/1-10.jpg\",\"datePublished\":\"2021-08-21T15:43:36+00:00\",\"dateModified\":\"2024-12-17T17:34:21+00:00\",\"description\":\"Dites adieu aux courants d'air ind\u00e9sirables, \u00e0 l'humidit\u00e9 et aux bruits g\u00eanants. Optez pour notre joint herm\u00e9tique \u00e0 l'\u00e9preuve des vents\",\"breadcrumb\":{\"@id\":\"https:\\\/\\\/hmizatexperts.com\\\/product\\\/bloqueur-twin-draft-guard\\\/#breadcrumb\"},\"inLanguage\":\"ar\",\"potentialAction\":[{\"@type\":\"ReadAction\",\"target\":[\"https:\\\/\\\/hmizatexperts.com\\\/product\\\/bloqueur-twin-draft-guard\\\/\"]}]},{\"@type\":\"ImageObject\",\"inLanguage\":\"ar\",\"@id\":\"https:\\\/\\\/hmizatexperts.com\\\/product\\\/bloqueur-twin-draft-guard\\\/#primaryimage\",\"url\":\"https:\\\/\\\/hmizatexperts.com\\\/wp-content\\\/uploads\\\/2021\\\/08\\\/1-10.jpg\",\"contentUrl\":\"https:\\\/\\\/hmizatexperts.com\\\/wp-content\\\/uploads\\\/2021\\\/08\\\/1-10.jpg\",\"width\":1280,\"height\":720},{\"@type\":\"BreadcrumbList\",\"@id\":\"https:\\\/\\\/hmizatexperts.com\\\/product\\\/bloqueur-twin-draft-guard\\\/#breadcrumb\",\"itemListElement\":[{\"@type\":\"ListItem\",\"position\":1,\"name\":\"Accueil\",\"item\":\"https:\\\/\\\/hmizatexperts.com\\\/\"},{\"@type\":\"ListItem\",\"position\":2,\"name\":\"Shop\",\"item\":\"https:\\\/\\\/hmizatexperts.com\\\/shop\\\/\"},{\"@type\":\"ListItem\",\"position\":3,\"name\":\"Bouchon de protection anti-bruit pour porte\"}]},{\"@type\":\"WebSite\",\"@id\":\"https:\\\/\\\/hmizatexperts.com\\\/#website\",\"url\":\"https:\\\/\\\/hmizatexperts.com\\\/\",\"name\":\"Hmizate Expert\",\"description\":\"Nos offres aux meilleurs prix et qualit\u00e9\",\"publisher\":{\"@id\":\"https:\\\/\\\/hmizatexperts.com\\\/#organization\"},\"potentialAction\":[{\"@type\":\"SearchAction\",\"target\":{\"@type\":\"EntryPoint\",\"urlTemplate\":\"https:\\\/\\\/hmizatexperts.com\\\/?s={search_term_string}\"},\"query-input\":{\"@type\":\"PropertyValueSpecification\",\"valueRequired\":true,\"valueName\":\"search_term_string\"}}],\"inLanguage\":\"ar\"},{\"@type\":\"Organization\",\"@id\":\"https:\\\/\\\/hmizatexperts.com\\\/#organization\",\"name\":\"Hmizate Expert\",\"url\":\"https:\\\/\\\/hmizatexperts.com\\\/\",\"logo\":{\"@type\":\"ImageObject\",\"inLanguage\":\"ar\",\"@id\":\"https:\\\/\\\/hmizatexperts.com\\\/#\\\/schema\\\/logo\\\/image\\\/\",\"url\":\"https:\\\/\\\/hmizatexperts.com\\\/wp-content\\\/uploads\\\/2021\\\/05\\\/logo_HE2-removebg-preview.png\",\"contentUrl\":\"https:\\\/\\\/hmizatexperts.com\\\/wp-content\\\/uploads\\\/2021\\\/05\\\/logo_HE2-removebg-preview.png\",\"width\":800,\"height\":312,\"caption\":\"Hmizate Expert\"},\"image\":{\"@id\":\"https:\\\/\\\/hmizatexperts.com\\\/#\\\/schema\\\/logo\\\/image\\\/\"},\"sameAs\":[\"https:\\\/\\\/www.facebook.com\\\/hmizatexperts\",\"https:\\\/\\\/x.com\\\/ExpertsHmizate\"]}]}<\/script>\n<!-- \/ Yoast SEO Premium plugin. -->","yoast_head_json":{"title":"Bouchon de protection anti-bruit pour porte - Hmizate Expert","description":"Dites adieu aux courants d'air ind\u00e9sirables, \u00e0 l'humidit\u00e9 et aux bruits g\u00eanants. Optez pour notre joint herm\u00e9tique \u00e0 l'\u00e9preuve des vents","robots":{"index":"index","follow":"follow","max-snippet":"max-snippet:-1","max-image-preview":"max-image-preview:large","max-video-preview":"max-video-preview:-1"},"canonical":"https:\/\/hmizatexperts.com\/ar\/product\/bloqueur-twin-draft-guard\/","og_locale":"ar_AR","og_type":"article","og_title":"Bouchon de protection anti-bruit pour porte","og_description":"Dites adieu aux courants d'air ind\u00e9sirables, \u00e0 l'humidit\u00e9 et aux bruits g\u00eanants. Optez pour notre joint herm\u00e9tique \u00e0 l'\u00e9preuve des vents","og_url":"https:\/\/hmizatexperts.com\/ar\/product\/bloqueur-twin-draft-guard\/","og_site_name":"Hmizate Expert","article_publisher":"https:\/\/www.facebook.com\/hmizatexperts","article_modified_time":"2024-12-17T17:34:21+00:00","og_image":[{"width":1280,"height":720,"url":"https:\/\/hmizatexperts.com\/wp-content\/uploads\/2021\/08\/1-10.jpg","type":"image\/jpeg"}],"twitter_card":"summary_large_image","twitter_site":"@ExpertsHmizate","twitter_misc":{"\u0648\u0642\u062a \u0627\u0644\u0642\u0631\u0627\u0621\u0629 \u0627\u0644\u0645\u064f\u0642\u062f\u0651\u0631":"\u062f\u0642\u064a\u0642\u062a\u0627\u0646"},"schema":{"@context":"https:\/\/schema.org","@graph":[{"@type":"WebPage","@id":"https:\/\/hmizatexperts.com\/product\/bloqueur-twin-draft-guard\/","url":"https:\/\/hmizatexperts.com\/product\/bloqueur-twin-draft-guard\/","name":"Bouchon de protection anti-bruit pour porte - Hmizate Expert","isPartOf":{"@id":"https:\/\/hmizatexperts.com\/#website"},"primaryImageOfPage":{"@id":"https:\/\/hmizatexperts.com\/product\/bloqueur-twin-draft-guard\/#primaryimage"},"image":{"@id":"https:\/\/hmizatexperts.com\/product\/bloqueur-twin-draft-guard\/#primaryimage"},"thumbnailUrl":"https:\/\/hmizatexperts.com\/wp-content\/uploads\/2021\/08\/1-10.jpg","datePublished":"2021-08-21T15:43:36+00:00","dateModified":"2024-12-17T17:34:21+00:00","description":"Dites adieu aux courants d'air ind\u00e9sirables, \u00e0 l'humidit\u00e9 et aux bruits g\u00eanants. Optez pour notre joint herm\u00e9tique \u00e0 l'\u00e9preuve des vents","breadcrumb":{"@id":"https:\/\/hmizatexperts.com\/product\/bloqueur-twin-draft-guard\/#breadcrumb"},"inLanguage":"ar","potentialAction":[{"@type":"ReadAction","target":["https:\/\/hmizatexperts.com\/product\/bloqueur-twin-draft-guard\/"]}]},{"@type":"ImageObject","inLanguage":"ar","@id":"https:\/\/hmizatexperts.com\/product\/bloqueur-twin-draft-guard\/#primaryimage","url":"https:\/\/hmizatexperts.com\/wp-content\/uploads\/2021\/08\/1-10.jpg","contentUrl":"https:\/\/hmizatexperts.com\/wp-content\/uploads\/2021\/08\/1-10.jpg","width":1280,"height":720},{"@type":"BreadcrumbList","@id":"https:\/\/hmizatexperts.com\/product\/bloqueur-twin-draft-guard\/#breadcrumb","itemListElement":[{"@type":"ListItem","position":1,"name":"Accueil","item":"https:\/\/hmizatexperts.com\/"},{"@type":"ListItem","position":2,"name":"Shop","item":"https:\/\/hmizatexperts.com\/shop\/"},{"@type":"ListItem","position":3,"name":"Bouchon de protection anti-bruit pour porte"}]},{"@type":"WebSite","@id":"https:\/\/hmizatexperts.com\/#website","url":"https:\/\/hmizatexperts.com\/","name":"\u062e\u0628\u064a\u0631 \u0641\u064a \u0627\u0644\u062d\u0634\u0645\u0629","description":"\u0639\u0631\u0648\u0636\u0646\u0627 \u0628\u0623\u0641\u0636\u0644 \u0627\u0644\u0623\u0633\u0639\u0627\u0631 \u0648\u0627\u0644\u062c\u0648\u062f\u0629","publisher":{"@id":"https:\/\/hmizatexperts.com\/#organization"},"potentialAction":[{"@type":"SearchAction","target":{"@type":"EntryPoint","urlTemplate":"https:\/\/hmizatexperts.com\/?s={search_term_string}"},"query-input":{"@type":"PropertyValueSpecification","valueRequired":true,"valueName":"search_term_string"}}],"inLanguage":"ar"},{"@type":"Organization","@id":"https:\/\/hmizatexperts.com\/#organization","name":"\u062e\u0628\u064a\u0631 \u0641\u064a \u0627\u0644\u062d\u0634\u0645\u0629","url":"https:\/\/hmizatexperts.com\/","logo":{"@type":"ImageObject","inLanguage":"ar","@id":"https:\/\/hmizatexperts.com\/#\/schema\/logo\/image\/","url":"https:\/\/hmizatexperts.com\/wp-content\/uploads\/2021\/05\/logo_HE2-removebg-preview.png","contentUrl":"https:\/\/hmizatexperts.com\/wp-content\/uploads\/2021\/05\/logo_HE2-removebg-preview.png","width":800,"height":312,"caption":"Hmizate Expert"},"image":{"@id":"https:\/\/hmizatexperts.com\/#\/schema\/logo\/image\/"},"sameAs":["https:\/\/www.facebook.com\/hmizatexperts","https:\/\/x.com\/ExpertsHmizate"]}]}},"_links":{"self":[{"href":"https:\/\/hmizatexperts.com\/ar\/wp-json\/wp\/v2\/product\/876","targetHints":{"allow":["GET"]}}],"collection":[{"href":"https:\/\/hmizatexperts.com\/ar\/wp-json\/wp\/v2\/product"}],"about":[{"href":"https:\/\/hmizatexperts.com\/ar\/wp-json\/wp\/v2\/types\/product"}],"replies":[{"embeddable":true,"href":"https:\/\/hmizatexperts.com\/ar\/wp-json\/wp\/v2\/comments?post=876"}],"wp:featuredmedia":[{"embeddable":true,"href":"https:\/\/hmizatexperts.com\/ar\/wp-json\/wp\/v2\/media\/877"}],"wp:attachment":[{"href":"https:\/\/hmizatexperts.com\/ar\/wp-json\/wp\/v2\/media?parent=876"}],"wp:term":[{"taxonomy":"product_brand","embeddable":true,"href":"https:\/\/hmizatexperts.com\/ar\/wp-json\/wp\/v2\/product_brand?post=876"},{"taxonomy":"product_cat","embeddable":true,"href":"https:\/\/hmizatexperts.com\/ar\/wp-json\/wp\/v2\/product_cat?post=876"},{"taxonomy":"product_tag","embeddable":true,"href":"https:\/\/hmizatexperts.com\/ar\/wp-json\/wp\/v2\/product_tag?post=876"}],"curies":[{"name":"wp","href":"https:\/\/api.w.org\/{rel}","templated":true}]}}