{"id":906,"date":"2021-08-21T22:15:37","date_gmt":"2021-08-21T22:15:37","guid":{"rendered":"https:\/\/hmizatexperts.com\/?post_type=product&#038;p=906"},"modified":"2024-12-24T10:59:56","modified_gmt":"2024-12-24T09:59:56","slug":"multifunctional-hair-comb","status":"publish","type":"product","link":"https:\/\/hmizatexperts.com\/ar\/product\/multifunctional-hair-comb\/","title":{"rendered":"\u0641\u0631\u0634\u0627\u0629 \u0634\u0639\u0631 \u0645\u062a\u0639\u062f\u062f\u0629 \u0627\u0644\u0648\u0638\u0627\u0626\u0641"},"content":{"rendered":"<p>\u0627\u0644\u0644\u0648\u0646: \u0623\u0633\u0648\u062f\u060c \u0623\u0628\u064a\u0636<br \/>\n\u0627\u0644\u0645\u0627\u062f\u0629: \u0628\u0644\u0627\u0633\u062a\u064a\u0643 ABS\u060c \u0633\u064a\u0631\u0627\u0645\u064a\u0643<br \/>\n\u0627\u0644\u0648\u0638\u064a\u0641\u0629: \u064a\u064f\u0645\u0644\u0633 \u0627\u0644\u0634\u0639\u0631 \u0648\u0627\u0644\u0644\u062d\u064a\u0629 \u0648\u0627\u0644\u062a\u062c\u0639\u064a\u062f\u0627\u062a\u061b \u0644\u0627 \u064a\u064f\u0633\u0628\u0628 \u0623\u064a \u0636\u0631\u0631 \u0644\u0644\u0634\u0639\u0631\u061b \u0634\u0643\u0644 \u064a\u062f\u0648\u0645 \u0637\u0648\u064a\u0644\u0627\u064b<br \/>\n\u0627\u0644\u0645\u0648\u0627\u0635\u0641\u0627\u062a: \u0627\u0644\u0648\u0644\u0627\u064a\u0627\u062a \u0627\u0644\u0645\u062a\u062d\u062f\u0629\u060c \u0627\u0644\u0627\u062a\u062d\u0627\u062f \u0627\u0644\u0623\u0648\u0631\u0648\u0628\u064a\u060c \u0627\u0644\u0645\u0645\u0644\u0643\u0629 \u0627\u0644\u0645\u062a\u062d\u062f\u0629<br \/>\n\u0627\u0644\u062c\u0647\u062f \u0627\u0644\u0643\u0647\u0631\u0628\u0627\u0626\u064a: 110-220 \u0641\u0648\u0644\u062a<br \/>\n\u062a\u0633\u062e\u064a\u0646 \u0633\u0631\u064a\u0639: \u064a\u0633\u062e\u0646 \u0645\u0633\u0628\u0642\u0627\u064b \u0641\u064a 15 \u062b\u0627\u0646\u064a\u0629<br \/>\n\u062f\u0631\u062c\u0629 \u0627\u0644\u062d\u0631\u0627\u0631\u0629 \u0627\u0644\u0645\u062b\u0644\u0649: 120 \u062f\u0631\u062c\u0629 \u0645\u0626\u0648\u064a\u0629 \u0644\u062d\u0627\u0644\u0629 \u0627\u0644\u0634\u0639\u0631<br \/>\n\u0645\u0644\u0627\u062d\u0638\u0629: \u0627\u0641\u062a\u062d \u0627\u0644\u0645\u0646\u062a\u062c \u0648\u0627\u0633\u062a\u062e\u062f\u0645\u0647 \u0628\u0639\u062f \u0623\u0646 \u064a\u0633\u062e\u0646.<br \/>\n\u062d\u062c\u0645 \u0627\u0644\u0645\u0646\u062a\u062c: 22 \u00d7 5 \u00d7 3 \u0633\u0645<br \/>\n\u0637\u0648\u0644 \u0627\u0644\u062e\u064a\u0637: 160 \u0633\u0645<br \/>\n\u0637\u0631\u064a\u0642\u0629 \u0627\u0644\u0627\u0633\u062a\u062e\u062f\u0627\u0645:<br \/>\n1. \u062a\u0623\u0643\u062f \u0645\u0646 \u062c\u0641\u0627\u0641 \u0627\u0644\u0634\u0639\u0631 \u0648\u0627\u0644\u0644\u062d\u064a\u0629 \u062a\u0645\u0627\u0645\u064b\u0627 \u0642\u0628\u0644 \u0627\u0644\u0628\u062f\u0621 \u0641\u064a \u0627\u0644\u0627\u0633\u062a\u062e\u062f\u0627\u0645.<br \/>\n2. \u0645\u0627 \u0639\u0644\u064a\u0643 \u0633\u0648\u0649 \u062a\u0648\u0635\u064a\u0644 \u062c\u0647\u0627\u0632 \u0641\u0631\u062f \u0627\u0644\u0644\u062d\u064a\u0629 \u0627\u0644\u0641\u0627\u062e\u0631 \u0648\u062a\u0634\u063a\u064a\u0644\u0647.<br \/>\n3. \u0627\u0646\u062a\u0638\u0631 \u062b\u0644\u0627\u062b \u062f\u0642\u0627\u0626\u0642 \u062d\u062a\u0649 \u062a\u0635\u0644 \u0625\u0644\u0649 \u062f\u0631\u062c\u0629 \u0627\u0644\u062d\u0631\u0627\u0631\u0629 \u0627\u0644\u0645\u062b\u0644\u0649 \u0648\u0647\u064a 120 \u062f\u0631\u062c\u0629 \u0645\u0626\u0648\u064a\u0629.<br \/>\n\u0664. \u0645\u0634\u0651\u0637 \u0634\u0639\u0631\u0643 \u0648\u0644\u062d\u064a\u062a\u0643\u060c \u0628\u062f\u0621\u064b\u0627 \u0645\u0646 \u0627\u0644\u062c\u0630\u0648\u0631 \u0648\u062d\u062a\u0649 \u0627\u0644\u0623\u0637\u0631\u0627\u0641\u060c \u062d\u062a\u0649 \u062a\u062d\u0635\u0644 \u0639\u0644\u0649 \u0627\u0644\u0646\u0639\u0648\u0645\u0629 \u0627\u0644\u0645\u0637\u0644\u0648\u0628\u0629. \u0644\u0646 \u064a\u0624\u062f\u064a \u062a\u0643\u0631\u0627\u0631 \u062a\u0645\u0634\u064a\u0637 \u0646\u0641\u0633 \u0627\u0644\u0623\u062c\u0632\u0627\u0621 \u0639\u062f\u0629 \u0645\u0631\u0627\u062a \u0625\u0644\u0649 \u0625\u062a\u0644\u0627\u0641 \u0634\u0639\u0631\u0643.<br \/>\n5. \u0639\u0646\u062f \u0627\u0644\u0627\u0646\u062a\u0647\u0627\u0621\u060c \u0642\u0645 \u0628\u0625\u064a\u0642\u0627\u0641 \u062a\u0634\u063a\u064a\u0644 \u062c\u0647\u0627\u0632 \u0641\u0631\u062f \u0627\u0644\u0644\u062d\u064a\u0629 \u0627\u0644\u0641\u0627\u062e\u0631 \u0648\u0627\u0641\u0635\u0644\u0647 \u0639\u0646 \u0627\u0644\u0643\u0647\u0631\u0628\u0627\u0621\u060c \u0648\u0627\u0646\u062a\u0638\u0631 \u062d\u062a\u0649 \u064a\u0628\u0631\u062f \u0642\u0628\u0644 \u062a\u0646\u0638\u064a\u0641\u0647.<br \/>\n\u0627\u062d\u062a\u064a\u0627\u0637\u0627\u062a:<br \/>\n1. \u0642\u0645 \u0628\u0627\u0644\u062a\u0648\u0635\u064a\u0644 \u0628\u0639\u062f \u0627\u0644\u062a\u062d\u0642\u0642 \u0645\u0646 \u0627\u0644\u062c\u0647\u062f \u0627\u0644\u0643\u0647\u0631\u0628\u0627\u0626\u064a.<br \/>\n2. \u0627\u0641\u0635\u0644 \u0627\u0644\u0645\u0634\u0637 \u0639\u0646 \u0627\u0644\u062c\u0647\u0627\u0632 \u0648\u0642\u0645 \u0628\u062a\u0634\u063a\u064a\u0644\u0647\u060c \u0648\u062a\u0623\u0643\u062f \u0645\u0646 \u0623\u0646 \u0627\u0644\u0645\u0635\u0628\u0627\u062d \u0645\u0636\u0627\u0621\u060c \u0648\u0627\u0646\u062a\u0638\u0631 \u062d\u062a\u0649 \u064a\u0633\u062e\u0646.<br \/>\n3. \u0628\u0639\u062f 15 \u062b\u0627\u0646\u064a\u0629 \u0645\u0646 \u0627\u0644\u062a\u0633\u062e\u064a\u0646\u060c \u0642\u0645 \u0628\u062a\u062c\u0645\u064a\u0639 \u0627\u0644\u0645\u0634\u0637. \u0627\u0636\u063a\u0637 \u0639\u0644\u064a\u0647 \u0639\u0644\u0649 \u0641\u0631\u0648\u0629 \u0627\u0644\u0631\u0623\u0633 \u0648\u0645\u0634\u0637 \u0628\u0644\u0637\u0641.<br \/>\n\u0664. \u0628\u0639\u062f \u0627\u0644\u0627\u0633\u062a\u062e\u062f\u0627\u0645\u060c \u0642\u0645 \u0628\u0625\u064a\u0642\u0627\u0641 \u062a\u0634\u063a\u064a\u0644 \u0627\u0644\u062c\u0647\u0627\u0632 \u0648\u0641\u0635\u0644\u0647 \u0639\u0646 \u0627\u0644\u0643\u0647\u0631\u0628\u0627\u0621 \u0648\u0627\u062a\u0631\u0643\u0647 \u0644\u064a\u0628\u0631\u062f. \u062e\u0632\u0651\u0646\u0647 \u0641\u064a \u0645\u0643\u0627\u0646 \u0622\u0645\u0646.<\/p>\n<p><span class=\"\">\u0625\u0636\u0627\u0641\u0629 \u0643\u062b\u0627\u0641\u0629 \u0644\u0644\u0634\u0639\u0631\u060c \u0648\u062a\u0646\u0639\u064a\u0645 \u0627\u0644\u0634\u0639\u0631 \u0627\u0644\u062c\u0627\u0646\u0628\u064a\u060c \u0648\u062a\u0646\u0639\u064a\u0645 \u0627\u0644\u0634\u0639\u0631 \u0627\u0644\u0645\u062c\u0639\u062f<\/span><br \/>\n<span class=\"\">\u0644\u0627 \u064a\u0633\u0628\u0628 \u0623\u064a \u0636\u0631\u0631 \u0644\u0644\u0634\u0639\u0631: \u062d\u062a\u0649 \u0627\u0644\u062d\u0631\u0627\u0631\u0629 \u062a\u062a\u062c\u0646\u0628 \u0623\u064a &quot;\u0628\u0642\u0639 \u0633\u0627\u062e\u0646\u0629&quot; \u0642\u062f \u062a\u062d\u0631\u0642 \u0634\u0639\u0631\u0643<\/span><br \/>\n<span class=\"\">\u0622\u0645\u0646 \u0644\u0644\u0627\u0633\u062a\u062e\u062f\u0627\u0645: \u064a\u0639\u0645\u0644 \u0627\u0644\u0645\u0634\u0637 \u0643\u063a\u0637\u0627\u0621 \u0648\u0627\u0642\u064d \u0636\u062f \u0635\u0641\u064a\u062d\u0629 \u0627\u0644\u062a\u0633\u062e\u064a\u0646 \u0644\u0645\u0646\u0639 \u0627\u062d\u062a\u0631\u0627\u0642 \u0627\u0644\u0634\u0639\u0631 \u0628\u0634\u0643\u0644 \u0645\u0641\u0631\u0637.<\/span><br \/>\n<span class=\"\">\u0633\u0647\u0644 \u0627\u0644\u0627\u0633\u062a\u062e\u062f\u0627\u0645: \u0628\u0628\u0633\u0627\u0637\u0629 \u0645\u0634\u0637\u064a \u0634\u0639\u0631\u0643\u0650 \u0644\u062a\u0631\u062a\u064a\u0628\u0647 \u0648\u062a\u0635\u0641\u064a\u0641\u0647.<\/span><br \/>\n<span class=\"\">\u064a\u062f\u0648\u0645 \u0637\u0648\u064a\u0644\u0627\u064b: \u062a\u0623\u062b\u064a\u0631 \u0645\u0630\u0647\u0644 \u064a\u0633\u062a\u0645\u0631 \u0637\u0648\u0627\u0644 \u0627\u0644\u064a\u0648\u0645<\/span><br \/>\n<span class=\"\">\u0645\u0642\u0628\u0636 \u0645\u0631\u064a\u062d \u0648\u062e\u0641\u064a\u0641 \u0627\u0644\u0648\u0632\u0646: \u0645\u0631\u064a\u062d \u0644\u0644\u0625\u0645\u0633\u0627\u0643 \u0628\u0647 \u062f\u0648\u0646 \u0627\u0644\u062a\u0633\u0628\u0628 \u0641\u064a \u0625\u0631\u0647\u0627\u0642 \u0633\u0631\u064a\u0639<\/span><\/p>","protected":false},"excerpt":{"rendered":"<p>\u0641\u0631\u0634\u0627\u0629 \u0634\u0639\u0631 \u0645\u062a\u0639\u062f\u062f\u0629 \u0627\u0644\u0648\u0638\u0627\u0626\u0641\u060c \u0648\u0645\u0643\u0648\u0627\u0629 \u0641\u0631\u062f \u0627\u0644\u0644\u062d\u064a\u0629 \u0627\u0644\u0643\u0647\u0631\u0628\u0627\u0626\u064a\u0629\u060c \u0648\u0645\u0634\u0637 \u0641\u0631\u062f \u0633\u0631\u064a\u0639 \u0644\u0644\u0631\u062c\u0627\u0644<\/p>","protected":false},"featured_media":907,"comment_status":"open","ping_status":"closed","template":"","meta":[],"product_brand":[],"product_cat":[53],"product_tag":[],"class_list":{"0":"post-906","1":"product","2":"type-product","3":"status-publish","4":"has-post-thumbnail","6":"product_cat-mide-et-accessoires","7":"location-tout-le-maroc","8":"store-hmizate-experts","9":"entry panel","11":"first","12":"instock","13":"sale","14":"shipping-taxable","15":"purchasable","16":"product-type-simple"},"ams_default_variation_id":0,"ams_product_points_reward":[],"ams_product_discount_percentage":13.79,"ams_price_to_display":125,"ams_acf":[],"yoast_head":"<!-- This site is optimized with the Yoast SEO Premium plugin v26.6 (Yoast SEO v27.4) - https:\/\/yoast.com\/product\/yoast-seo-premium-wordpress\/ -->\n<title>Brosse \u00e0 cheveux multifonctionnelle - Hmizate Expert<\/title>\n<meta name=\"description\" content=\"Adoptez la brosse multifonction pour cheveux : un outil innovant pour d\u00e9m\u00ealer, coiffer et soigner vos cheveux en un seul geste, pratique et efficace.\" \/>\n<meta name=\"robots\" content=\"index, follow, max-snippet:-1, max-image-preview:large, max-video-preview:-1\" \/>\n<link rel=\"canonical\" href=\"https:\/\/hmizatexperts.com\/ar\/product\/multifunctional-hair-comb\/\" \/>\n<meta property=\"og:locale\" content=\"ar_AR\" \/>\n<meta property=\"og:type\" content=\"article\" \/>\n<meta property=\"og:title\" content=\"Brosse \u00e0 cheveux multifonctionnelle\" \/>\n<meta property=\"og:description\" content=\"Adoptez la brosse multifonction pour cheveux : un outil innovant pour d\u00e9m\u00ealer, coiffer et soigner vos cheveux en un seul geste, pratique et efficace.\" \/>\n<meta property=\"og:url\" content=\"https:\/\/hmizatexperts.com\/ar\/product\/multifunctional-hair-comb\/\" \/>\n<meta property=\"og:site_name\" content=\"Hmizate Expert\" \/>\n<meta property=\"article:publisher\" content=\"https:\/\/www.facebook.com\/hmizatexperts\" \/>\n<meta property=\"article:modified_time\" content=\"2024-12-24T09:59:56+00:00\" \/>\n<meta property=\"og:image\" content=\"https:\/\/hmizatexperts.com\/wp-content\/uploads\/2021\/08\/1-15.jpg\" \/>\n\t<meta property=\"og:image:width\" content=\"1280\" \/>\n\t<meta property=\"og:image:height\" content=\"720\" \/>\n\t<meta property=\"og:image:type\" content=\"image\/jpeg\" \/>\n<meta name=\"twitter:card\" content=\"summary_large_image\" \/>\n<meta name=\"twitter:site\" content=\"@ExpertsHmizate\" \/>\n<meta name=\"twitter:label1\" content=\"\u0648\u0642\u062a \u0627\u0644\u0642\u0631\u0627\u0621\u0629 \u0627\u0644\u0645\u064f\u0642\u062f\u0651\u0631\" \/>\n\t<meta name=\"twitter:data1\" content=\"\u062f\u0642\u064a\u0642\u062a\u0627\u0646\" \/>\n<script type=\"application\/ld+json\" class=\"yoast-schema-graph\">{\"@context\":\"https:\\\/\\\/schema.org\",\"@graph\":[{\"@type\":\"WebPage\",\"@id\":\"https:\\\/\\\/hmizatexperts.com\\\/product\\\/multifunctional-hair-comb\\\/\",\"url\":\"https:\\\/\\\/hmizatexperts.com\\\/product\\\/multifunctional-hair-comb\\\/\",\"name\":\"Brosse \u00e0 cheveux multifonctionnelle - Hmizate Expert\",\"isPartOf\":{\"@id\":\"https:\\\/\\\/hmizatexperts.com\\\/#website\"},\"primaryImageOfPage\":{\"@id\":\"https:\\\/\\\/hmizatexperts.com\\\/product\\\/multifunctional-hair-comb\\\/#primaryimage\"},\"image\":{\"@id\":\"https:\\\/\\\/hmizatexperts.com\\\/product\\\/multifunctional-hair-comb\\\/#primaryimage\"},\"thumbnailUrl\":\"https:\\\/\\\/hmizatexperts.com\\\/wp-content\\\/uploads\\\/2021\\\/08\\\/1-15.jpg\",\"datePublished\":\"2021-08-21T22:15:37+00:00\",\"dateModified\":\"2024-12-24T09:59:56+00:00\",\"description\":\"Adoptez la brosse multifonction pour cheveux : un outil innovant pour d\u00e9m\u00ealer, coiffer et soigner vos cheveux en un seul geste, pratique et efficace.\",\"breadcrumb\":{\"@id\":\"https:\\\/\\\/hmizatexperts.com\\\/product\\\/multifunctional-hair-comb\\\/#breadcrumb\"},\"inLanguage\":\"ar\",\"potentialAction\":[{\"@type\":\"ReadAction\",\"target\":[\"https:\\\/\\\/hmizatexperts.com\\\/product\\\/multifunctional-hair-comb\\\/\"]}]},{\"@type\":\"ImageObject\",\"inLanguage\":\"ar\",\"@id\":\"https:\\\/\\\/hmizatexperts.com\\\/product\\\/multifunctional-hair-comb\\\/#primaryimage\",\"url\":\"https:\\\/\\\/hmizatexperts.com\\\/wp-content\\\/uploads\\\/2021\\\/08\\\/1-15.jpg\",\"contentUrl\":\"https:\\\/\\\/hmizatexperts.com\\\/wp-content\\\/uploads\\\/2021\\\/08\\\/1-15.jpg\",\"width\":1280,\"height\":720},{\"@type\":\"BreadcrumbList\",\"@id\":\"https:\\\/\\\/hmizatexperts.com\\\/product\\\/multifunctional-hair-comb\\\/#breadcrumb\",\"itemListElement\":[{\"@type\":\"ListItem\",\"position\":1,\"name\":\"Accueil\",\"item\":\"https:\\\/\\\/hmizatexperts.com\\\/\"},{\"@type\":\"ListItem\",\"position\":2,\"name\":\"Shop\",\"item\":\"https:\\\/\\\/hmizatexperts.com\\\/shop\\\/\"},{\"@type\":\"ListItem\",\"position\":3,\"name\":\"Brosse \u00e0 cheveux multifonctionnelle\"}]},{\"@type\":\"WebSite\",\"@id\":\"https:\\\/\\\/hmizatexperts.com\\\/#website\",\"url\":\"https:\\\/\\\/hmizatexperts.com\\\/\",\"name\":\"Hmizate Expert\",\"description\":\"Nos offres aux meilleurs prix et qualit\u00e9\",\"publisher\":{\"@id\":\"https:\\\/\\\/hmizatexperts.com\\\/#organization\"},\"potentialAction\":[{\"@type\":\"SearchAction\",\"target\":{\"@type\":\"EntryPoint\",\"urlTemplate\":\"https:\\\/\\\/hmizatexperts.com\\\/?s={search_term_string}\"},\"query-input\":{\"@type\":\"PropertyValueSpecification\",\"valueRequired\":true,\"valueName\":\"search_term_string\"}}],\"inLanguage\":\"ar\"},{\"@type\":\"Organization\",\"@id\":\"https:\\\/\\\/hmizatexperts.com\\\/#organization\",\"name\":\"Hmizate Expert\",\"url\":\"https:\\\/\\\/hmizatexperts.com\\\/\",\"logo\":{\"@type\":\"ImageObject\",\"inLanguage\":\"ar\",\"@id\":\"https:\\\/\\\/hmizatexperts.com\\\/#\\\/schema\\\/logo\\\/image\\\/\",\"url\":\"https:\\\/\\\/hmizatexperts.com\\\/wp-content\\\/uploads\\\/2021\\\/05\\\/logo_HE2-removebg-preview.png\",\"contentUrl\":\"https:\\\/\\\/hmizatexperts.com\\\/wp-content\\\/uploads\\\/2021\\\/05\\\/logo_HE2-removebg-preview.png\",\"width\":800,\"height\":312,\"caption\":\"Hmizate Expert\"},\"image\":{\"@id\":\"https:\\\/\\\/hmizatexperts.com\\\/#\\\/schema\\\/logo\\\/image\\\/\"},\"sameAs\":[\"https:\\\/\\\/www.facebook.com\\\/hmizatexperts\",\"https:\\\/\\\/x.com\\\/ExpertsHmizate\"]}]}<\/script>\n<!-- \/ Yoast SEO Premium plugin. -->","yoast_head_json":{"title":"Brosse \u00e0 cheveux multifonctionnelle - Hmizate Expert","description":"Adoptez la brosse multifonction pour cheveux : un outil innovant pour d\u00e9m\u00ealer, coiffer et soigner vos cheveux en un seul geste, pratique et efficace.","robots":{"index":"index","follow":"follow","max-snippet":"max-snippet:-1","max-image-preview":"max-image-preview:large","max-video-preview":"max-video-preview:-1"},"canonical":"https:\/\/hmizatexperts.com\/ar\/product\/multifunctional-hair-comb\/","og_locale":"ar_AR","og_type":"article","og_title":"Brosse \u00e0 cheveux multifonctionnelle","og_description":"Adoptez la brosse multifonction pour cheveux : un outil innovant pour d\u00e9m\u00ealer, coiffer et soigner vos cheveux en un seul geste, pratique et efficace.","og_url":"https:\/\/hmizatexperts.com\/ar\/product\/multifunctional-hair-comb\/","og_site_name":"Hmizate Expert","article_publisher":"https:\/\/www.facebook.com\/hmizatexperts","article_modified_time":"2024-12-24T09:59:56+00:00","og_image":[{"width":1280,"height":720,"url":"https:\/\/hmizatexperts.com\/wp-content\/uploads\/2021\/08\/1-15.jpg","type":"image\/jpeg"}],"twitter_card":"summary_large_image","twitter_site":"@ExpertsHmizate","twitter_misc":{"\u0648\u0642\u062a \u0627\u0644\u0642\u0631\u0627\u0621\u0629 \u0627\u0644\u0645\u064f\u0642\u062f\u0651\u0631":"\u062f\u0642\u064a\u0642\u062a\u0627\u0646"},"schema":{"@context":"https:\/\/schema.org","@graph":[{"@type":"WebPage","@id":"https:\/\/hmizatexperts.com\/product\/multifunctional-hair-comb\/","url":"https:\/\/hmizatexperts.com\/product\/multifunctional-hair-comb\/","name":"Brosse \u00e0 cheveux multifonctionnelle - Hmizate Expert","isPartOf":{"@id":"https:\/\/hmizatexperts.com\/#website"},"primaryImageOfPage":{"@id":"https:\/\/hmizatexperts.com\/product\/multifunctional-hair-comb\/#primaryimage"},"image":{"@id":"https:\/\/hmizatexperts.com\/product\/multifunctional-hair-comb\/#primaryimage"},"thumbnailUrl":"https:\/\/hmizatexperts.com\/wp-content\/uploads\/2021\/08\/1-15.jpg","datePublished":"2021-08-21T22:15:37+00:00","dateModified":"2024-12-24T09:59:56+00:00","description":"Adoptez la brosse multifonction pour cheveux : un outil innovant pour d\u00e9m\u00ealer, coiffer et soigner vos cheveux en un seul geste, pratique et efficace.","breadcrumb":{"@id":"https:\/\/hmizatexperts.com\/product\/multifunctional-hair-comb\/#breadcrumb"},"inLanguage":"ar","potentialAction":[{"@type":"ReadAction","target":["https:\/\/hmizatexperts.com\/product\/multifunctional-hair-comb\/"]}]},{"@type":"ImageObject","inLanguage":"ar","@id":"https:\/\/hmizatexperts.com\/product\/multifunctional-hair-comb\/#primaryimage","url":"https:\/\/hmizatexperts.com\/wp-content\/uploads\/2021\/08\/1-15.jpg","contentUrl":"https:\/\/hmizatexperts.com\/wp-content\/uploads\/2021\/08\/1-15.jpg","width":1280,"height":720},{"@type":"BreadcrumbList","@id":"https:\/\/hmizatexperts.com\/product\/multifunctional-hair-comb\/#breadcrumb","itemListElement":[{"@type":"ListItem","position":1,"name":"Accueil","item":"https:\/\/hmizatexperts.com\/"},{"@type":"ListItem","position":2,"name":"Shop","item":"https:\/\/hmizatexperts.com\/shop\/"},{"@type":"ListItem","position":3,"name":"Brosse \u00e0 cheveux multifonctionnelle"}]},{"@type":"WebSite","@id":"https:\/\/hmizatexperts.com\/#website","url":"https:\/\/hmizatexperts.com\/","name":"\u062e\u0628\u064a\u0631 \u0641\u064a \u0627\u0644\u062d\u0634\u0645\u0629","description":"\u0639\u0631\u0648\u0636\u0646\u0627 \u0628\u0623\u0641\u0636\u0644 \u0627\u0644\u0623\u0633\u0639\u0627\u0631 \u0648\u0627\u0644\u062c\u0648\u062f\u0629","publisher":{"@id":"https:\/\/hmizatexperts.com\/#organization"},"potentialAction":[{"@type":"SearchAction","target":{"@type":"EntryPoint","urlTemplate":"https:\/\/hmizatexperts.com\/?s={search_term_string}"},"query-input":{"@type":"PropertyValueSpecification","valueRequired":true,"valueName":"search_term_string"}}],"inLanguage":"ar"},{"@type":"Organization","@id":"https:\/\/hmizatexperts.com\/#organization","name":"\u062e\u0628\u064a\u0631 \u0641\u064a \u0627\u0644\u062d\u0634\u0645\u0629","url":"https:\/\/hmizatexperts.com\/","logo":{"@type":"ImageObject","inLanguage":"ar","@id":"https:\/\/hmizatexperts.com\/#\/schema\/logo\/image\/","url":"https:\/\/hmizatexperts.com\/wp-content\/uploads\/2021\/05\/logo_HE2-removebg-preview.png","contentUrl":"https:\/\/hmizatexperts.com\/wp-content\/uploads\/2021\/05\/logo_HE2-removebg-preview.png","width":800,"height":312,"caption":"Hmizate Expert"},"image":{"@id":"https:\/\/hmizatexperts.com\/#\/schema\/logo\/image\/"},"sameAs":["https:\/\/www.facebook.com\/hmizatexperts","https:\/\/x.com\/ExpertsHmizate"]}]}},"_links":{"self":[{"href":"https:\/\/hmizatexperts.com\/ar\/wp-json\/wp\/v2\/product\/906","targetHints":{"allow":["GET"]}}],"collection":[{"href":"https:\/\/hmizatexperts.com\/ar\/wp-json\/wp\/v2\/product"}],"about":[{"href":"https:\/\/hmizatexperts.com\/ar\/wp-json\/wp\/v2\/types\/product"}],"replies":[{"embeddable":true,"href":"https:\/\/hmizatexperts.com\/ar\/wp-json\/wp\/v2\/comments?post=906"}],"wp:featuredmedia":[{"embeddable":true,"href":"https:\/\/hmizatexperts.com\/ar\/wp-json\/wp\/v2\/media\/907"}],"wp:attachment":[{"href":"https:\/\/hmizatexperts.com\/ar\/wp-json\/wp\/v2\/media?parent=906"}],"wp:term":[{"taxonomy":"product_brand","embeddable":true,"href":"https:\/\/hmizatexperts.com\/ar\/wp-json\/wp\/v2\/product_brand?post=906"},{"taxonomy":"product_cat","embeddable":true,"href":"https:\/\/hmizatexperts.com\/ar\/wp-json\/wp\/v2\/product_cat?post=906"},{"taxonomy":"product_tag","embeddable":true,"href":"https:\/\/hmizatexperts.com\/ar\/wp-json\/wp\/v2\/product_tag?post=906"}],"curies":[{"name":"wp","href":"https:\/\/api.w.org\/{rel}","templated":true}]}}