{"id":292,"date":"2018-03-10T07:57:02","date_gmt":"2018-03-10T07:57:02","guid":{"rendered":"http:\/\/localhost:8080\/friday\/?page_id=292"},"modified":"2024-12-18T16:03:20","modified_gmt":"2024-12-18T15:03:20","slug":"contact-us","status":"publish","type":"page","link":"https:\/\/hmizatexperts.com\/fr_fr\/contact-us\/","title":{"rendered":"Contact Us"},"content":{"rendered":"<div class=\"wpb-content-wrapper\"><div class=\"container\"><div class=\"vc_row wpb_row vc_row-fluid vc_custom_1520695456891 vc_row-has-fill vc_column-gap-1\"><div class=\"wpb_column vc_column_container vc_col-sm-12\"><div class=\"vc_column-inner  \"><div class=\"wpb_wrapper\">\n\t<div class=\"wpb_text_column wpb_content_element\" >\n\t\t<div class=\"wpb_wrapper\">\n\t\t\t<p><iframe loading=\"lazy\" style=\"border: 0;\" src=\"https:\/\/www.google.com\/maps\/embed?pb=!1m18!1m12!1m3!1d3396.4315974881088!2d-7.9822679999999995!3d31.649409799999997!2m3!1f0!2f0!3f0!3m2!1i1024!2i768!4f13.1!3m3!1m2!1s0xdafef24d00a6553%3A0xef208c4b1ad85253!2sHmizate%20Experts!5e0!3m2!1sen!2sma!4v1697630809913!5m2!1sen!2sma\" width=\"600\" height=\"450\" allowfullscreen=\"allowfullscreen\"><\/iframe><\/p>\n\n\t\t<\/div>\n\t<\/div>\n<\/div><\/div><\/div><\/div><\/div><div class=\"container\"><div class=\"vc_row wpb_row vc_row-fluid vc_custom_1520696601593 vc_row-has-fill\"><style> \n\t\t\t\t\t@media (max-width: 768px) and (min-width: 320px){\n\t\t\t\t\t\t.vc_row .klb_xs_vc_custom_1520696497095{padding-left: 15px !important;}\n\t\t\t\t\t}\n\t\t\t\t<\/style><div class=\"wpb_column vc_column_container vc_col-sm-6\"><div class=\"vc_column-inner vc_custom_1520696497093 klb_xs_vc_custom_1520696497095\"><div class=\"wpb_wrapper\"><h3 class=\"t-uppercase h-title mb-20\">CONTACT INFORMATIONS<\/h3>\n\t<div class=\"wpb_text_column wpb_content_element vc_custom_1686048940719\" >\n\t\t<div class=\"wpb_wrapper\">\n\t\t\t<p>Nous tenons \u00e0 vous assurer que nos agents sont disponibles en tout temps pour vous apporter l&rsquo;aide dont vous avez besoin. N&rsquo;h\u00e9sitez pas \u00e0 nous contacter pour toute question ou demande d&rsquo;assistance suppl\u00e9mentaire.<\/p>\n\n\t\t<\/div>\n\t<\/div>\n<ul class=\"contact-list mb-40 klbcontact\"><li><span class=\"icon fas fa-building\"><\/span><h5>Addresse<\/h5><p class=\"color-mid\">Lot Zohour 1 N\u00b0532 40000,Marrakech<\/p><\/li><li><span class=\"icon fas fa-at\"><\/span><h5>Email<\/h5><p class=\"color-mid\">ventes@hmizatexperts.com<\/p><\/li><li><span class=\"icon fas fa-comments\"><\/span><h5>Mobile\/Whatsapp<\/h5><p class=\"color-mid\">+212525-154511\n+212663-334691<\/p><\/li><\/ul><\/div><\/div><\/div><style> \n\t\t\t\t\t@media (max-width: 768px) and (min-width: 320px){\n\t\t\t\t\t\t.vc_row .klb_xs_vc_custom_1520696504063{padding-right: 15px !important;}\n\t\t\t\t\t}\n\t\t\t\t<\/style><div class=\"wpb_column vc_column_container vc_col-sm-6\"><div class=\"vc_column-inner vc_custom_1520696504060 klb_xs_vc_custom_1520696504063\"><div class=\"wpb_wrapper\"><h3 class=\"t-uppercase h-title mb-20\">Comment pouvons vous aider?<\/h3>\n<div class=\"wpcf7 no-js\" id=\"wpcf7-f589-o1\" lang=\"en-US\" dir=\"ltr\" data-wpcf7-id=\"589\">\n<div class=\"screen-reader-response\"><p role=\"status\" aria-live=\"polite\" aria-atomic=\"true\"><\/p> <ul><\/ul><\/div>\n<form action=\"\/fr_fr\/wp-json\/wp\/v2\/pages\/292#wpcf7-f589-o1\" method=\"post\" class=\"wpcf7-form init\" aria-label=\"Contact form\" novalidate=\"novalidate\" data-status=\"init\">\n<fieldset class=\"hidden-fields-container\"><input type=\"hidden\" name=\"_wpcf7\" value=\"589\" \/><input type=\"hidden\" name=\"_wpcf7_version\" value=\"6.1.5\" \/><input type=\"hidden\" name=\"_wpcf7_locale\" value=\"en_US\" \/><input type=\"hidden\" name=\"_wpcf7_unit_tag\" value=\"wpcf7-f589-o1\" \/><input type=\"hidden\" name=\"_wpcf7_container_post\" value=\"0\" \/><input type=\"hidden\" name=\"_wpcf7_posted_data_hash\" value=\"\" \/><input type=\"hidden\" name=\"_wpcf7_recaptcha_response\" value=\"\" \/>\n<\/fieldset>\n<p><label> Votre Nom (requis)<br \/>\n<span class=\"wpcf7-form-control-wrap\" data-name=\"your-name\"><input size=\"40\" maxlength=\"400\" class=\"wpcf7-form-control wpcf7-text wpcf7-validates-as-required\" aria-required=\"true\" aria-invalid=\"false\" value=\"\" type=\"text\" name=\"your-name\" \/><\/span><br \/>\n<\/label>\n<\/p>\n<p><label> Votre Email (requis)<br \/>\n<span class=\"wpcf7-form-control-wrap\" data-name=\"your-email\"><input size=\"40\" maxlength=\"400\" class=\"wpcf7-form-control wpcf7-email wpcf7-validates-as-required wpcf7-text wpcf7-validates-as-email\" aria-required=\"true\" aria-invalid=\"false\" value=\"\" type=\"email\" name=\"your-email\" \/><\/span><br \/>\n<\/label>\n<\/p>\n<p><label> Subject<br \/>\n<span class=\"wpcf7-form-control-wrap\" data-name=\"your-subject\"><input size=\"40\" maxlength=\"400\" class=\"wpcf7-form-control wpcf7-text\" aria-invalid=\"false\" value=\"\" type=\"text\" name=\"your-subject\" \/><\/span><br \/>\n<\/label>\n<\/p>\n<p><label> Votre message<br \/>\n<span class=\"wpcf7-form-control-wrap\" data-name=\"your-message\"><textarea cols=\"40\" rows=\"10\" maxlength=\"2000\" class=\"wpcf7-form-control wpcf7-textarea\" aria-invalid=\"false\" name=\"your-message\"><\/textarea><\/span><br \/>\n<\/label>\n<\/p>\n<span class=\"wpcf7-form-control-wrap recaptcha\" data-name=\"recaptcha\"><span data-sitekey=\"6Lem66UqAAAAABl1vLdBIkABXIr2vG2aKxu8bxVG\" class=\"wpcf7-form-control wpcf7-recaptcha g-recaptcha\"><\/span>\r\n<noscript>\r\n\t<div class=\"grecaptcha-noscript\">\r\n\t\t<iframe loading=\"lazy\" src=\"https:\/\/www.google.com\/recaptcha\/api\/fallback?k=6Lem66UqAAAAABl1vLdBIkABXIr2vG2aKxu8bxVG\" frameborder=\"0\" scrolling=\"no\" width=\"310\" height=\"430\">\r\n\t\t<\/iframe>\r\n\t\t<textarea name=\"g-recaptcha-response\" rows=\"3\" cols=\"40\" placeholder=\"reCaptcha Response Here\">\r\n\t\t<\/textarea>\r\n\t<\/div>\r\n<\/noscript>\r\n<\/span>\n<p><input class=\"wpcf7-form-control wpcf7-submit has-spinner\" type=\"submit\" value=\"Envoyer le message\" \/>\n<\/p><div class=\"wpcf7-response-output\" aria-hidden=\"true\"><\/div>\n<\/form>\n<\/div>\n<\/div><\/div><\/div><\/div><\/div>\n<\/div>","protected":false},"excerpt":{"rendered":"CONTACT INFORMATIONS Nous tenons \u00e0 vous assurer que nos agents sont disponibles en tout temps pour vous apporter l'aide dont vous avez besoin. N'h\u00e9sitez pas \u00e0 nous contacter pour toute question ou demande d'assistance suppl\u00e9mentaire. AddresseLot Zohour 1 N\u00b0532 40000,MarrakechEmailventes@hmizatexperts.comMobile\/Whatsapp+212525-154511 +212663-334691Comment pouvons vous aider? Votre Nom (requis) Votre Email (requis) Subject Votre message","protected":false},"author":1,"featured_media":0,"parent":0,"menu_order":0,"comment_status":"closed","ping_status":"closed","template":"","meta":{"footnotes":""},"class_list":["post-292","page","type-page","status-publish","hentry","entry panel"],"ams_acf":[],"yoast_head":"<!-- This site is optimized with the Yoast SEO Premium plugin v26.6 (Yoast SEO v27.4) - https:\/\/yoast.com\/product\/yoast-seo-premium-wordpress\/ -->\n<title>Contact Us - Hmizate Expert<\/title>\n<meta name=\"description\" content=\"Nous tenons \u00e0 vous assurer que nos agents sont disponibles en tout temps pour vous apporter l&#039;aide dont vous avez besoin.\" \/>\n<meta name=\"robots\" content=\"index, follow, max-snippet:-1, max-image-preview:large, max-video-preview:-1\" \/>\n<link rel=\"canonical\" href=\"https:\/\/hmizatexperts.com\/fr_fr\/contact-us\/\" \/>\n<meta property=\"og:locale\" content=\"fr_FR\" \/>\n<meta property=\"og:type\" content=\"article\" \/>\n<meta property=\"og:title\" content=\"Contact Us\" \/>\n<meta property=\"og:description\" content=\"Nous tenons \u00e0 vous assurer que nos agents sont disponibles en tout temps pour vous apporter l&#039;aide dont vous avez besoin.\" \/>\n<meta property=\"og:url\" content=\"https:\/\/hmizatexperts.com\/fr_fr\/contact-us\/\" \/>\n<meta property=\"og:site_name\" content=\"Hmizate Expert\" \/>\n<meta property=\"article:publisher\" content=\"https:\/\/www.facebook.com\/hmizatexperts\" \/>\n<meta property=\"article:modified_time\" content=\"2024-12-18T15:03:20+00:00\" \/>\n<meta name=\"twitter:card\" content=\"summary_large_image\" \/>\n<meta name=\"twitter:site\" content=\"@ExpertsHmizate\" \/>\n<meta name=\"twitter:label1\" content=\"Dur\u00e9e de lecture estim\u00e9e\" \/>\n\t<meta name=\"twitter:data1\" content=\"1 minute\" \/>\n<script type=\"application\/ld+json\" class=\"yoast-schema-graph\">{\"@context\":\"https:\\\/\\\/schema.org\",\"@graph\":[{\"@type\":\"WebPage\",\"@id\":\"https:\\\/\\\/hmizatexperts.com\\\/contact-us\\\/\",\"url\":\"https:\\\/\\\/hmizatexperts.com\\\/contact-us\\\/\",\"name\":\"Contact Us - Hmizate Expert\",\"isPartOf\":{\"@id\":\"https:\\\/\\\/hmizatexperts.com\\\/#website\"},\"datePublished\":\"2018-03-10T07:57:02+00:00\",\"dateModified\":\"2024-12-18T15:03:20+00:00\",\"description\":\"Nous tenons \u00e0 vous assurer que nos agents sont disponibles en tout temps pour vous apporter l'aide dont vous avez besoin.\",\"breadcrumb\":{\"@id\":\"https:\\\/\\\/hmizatexperts.com\\\/contact-us\\\/#breadcrumb\"},\"inLanguage\":\"fr-FR\",\"potentialAction\":[{\"@type\":\"ReadAction\",\"target\":[\"https:\\\/\\\/hmizatexperts.com\\\/contact-us\\\/\"]}]},{\"@type\":\"BreadcrumbList\",\"@id\":\"https:\\\/\\\/hmizatexperts.com\\\/contact-us\\\/#breadcrumb\",\"itemListElement\":[{\"@type\":\"ListItem\",\"position\":1,\"name\":\"Accueil\",\"item\":\"https:\\\/\\\/hmizatexperts.com\\\/\"},{\"@type\":\"ListItem\",\"position\":2,\"name\":\"Contact Us\"}]},{\"@type\":\"WebSite\",\"@id\":\"https:\\\/\\\/hmizatexperts.com\\\/#website\",\"url\":\"https:\\\/\\\/hmizatexperts.com\\\/\",\"name\":\"Hmizate Expert\",\"description\":\"Nos offres aux meilleurs prix et qualit\u00e9\",\"publisher\":{\"@id\":\"https:\\\/\\\/hmizatexperts.com\\\/#organization\"},\"potentialAction\":[{\"@type\":\"SearchAction\",\"target\":{\"@type\":\"EntryPoint\",\"urlTemplate\":\"https:\\\/\\\/hmizatexperts.com\\\/?s={search_term_string}\"},\"query-input\":{\"@type\":\"PropertyValueSpecification\",\"valueRequired\":true,\"valueName\":\"search_term_string\"}}],\"inLanguage\":\"fr-FR\"},{\"@type\":\"Organization\",\"@id\":\"https:\\\/\\\/hmizatexperts.com\\\/#organization\",\"name\":\"Hmizate Expert\",\"url\":\"https:\\\/\\\/hmizatexperts.com\\\/\",\"logo\":{\"@type\":\"ImageObject\",\"inLanguage\":\"fr-FR\",\"@id\":\"https:\\\/\\\/hmizatexperts.com\\\/#\\\/schema\\\/logo\\\/image\\\/\",\"url\":\"https:\\\/\\\/hmizatexperts.com\\\/wp-content\\\/uploads\\\/2021\\\/05\\\/logo_HE2-removebg-preview.png\",\"contentUrl\":\"https:\\\/\\\/hmizatexperts.com\\\/wp-content\\\/uploads\\\/2021\\\/05\\\/logo_HE2-removebg-preview.png\",\"width\":800,\"height\":312,\"caption\":\"Hmizate Expert\"},\"image\":{\"@id\":\"https:\\\/\\\/hmizatexperts.com\\\/#\\\/schema\\\/logo\\\/image\\\/\"},\"sameAs\":[\"https:\\\/\\\/www.facebook.com\\\/hmizatexperts\",\"https:\\\/\\\/x.com\\\/ExpertsHmizate\"]}]}<\/script>\n<!-- \/ Yoast SEO Premium plugin. -->","yoast_head_json":{"title":"Contact Us - Hmizate Expert","description":"Nous tenons \u00e0 vous assurer que nos agents sont disponibles en tout temps pour vous apporter l'aide dont vous avez besoin.","robots":{"index":"index","follow":"follow","max-snippet":"max-snippet:-1","max-image-preview":"max-image-preview:large","max-video-preview":"max-video-preview:-1"},"canonical":"https:\/\/hmizatexperts.com\/fr_fr\/contact-us\/","og_locale":"fr_FR","og_type":"article","og_title":"Contact Us","og_description":"Nous tenons \u00e0 vous assurer que nos agents sont disponibles en tout temps pour vous apporter l'aide dont vous avez besoin.","og_url":"https:\/\/hmizatexperts.com\/fr_fr\/contact-us\/","og_site_name":"Hmizate Expert","article_publisher":"https:\/\/www.facebook.com\/hmizatexperts","article_modified_time":"2024-12-18T15:03:20+00:00","twitter_card":"summary_large_image","twitter_site":"@ExpertsHmizate","twitter_misc":{"Dur\u00e9e de lecture estim\u00e9e":"1 minute"},"schema":{"@context":"https:\/\/schema.org","@graph":[{"@type":"WebPage","@id":"https:\/\/hmizatexperts.com\/contact-us\/","url":"https:\/\/hmizatexperts.com\/contact-us\/","name":"Contact Us - Hmizate Expert","isPartOf":{"@id":"https:\/\/hmizatexperts.com\/#website"},"datePublished":"2018-03-10T07:57:02+00:00","dateModified":"2024-12-18T15:03:20+00:00","description":"Nous tenons \u00e0 vous assurer que nos agents sont disponibles en tout temps pour vous apporter l'aide dont vous avez besoin.","breadcrumb":{"@id":"https:\/\/hmizatexperts.com\/contact-us\/#breadcrumb"},"inLanguage":"fr-FR","potentialAction":[{"@type":"ReadAction","target":["https:\/\/hmizatexperts.com\/contact-us\/"]}]},{"@type":"BreadcrumbList","@id":"https:\/\/hmizatexperts.com\/contact-us\/#breadcrumb","itemListElement":[{"@type":"ListItem","position":1,"name":"Accueil","item":"https:\/\/hmizatexperts.com\/"},{"@type":"ListItem","position":2,"name":"Contact Us"}]},{"@type":"WebSite","@id":"https:\/\/hmizatexperts.com\/#website","url":"https:\/\/hmizatexperts.com\/","name":"Hmizate Expert","description":"Nos offres aux meilleurs prix et qualit\u00e9","publisher":{"@id":"https:\/\/hmizatexperts.com\/#organization"},"potentialAction":[{"@type":"SearchAction","target":{"@type":"EntryPoint","urlTemplate":"https:\/\/hmizatexperts.com\/?s={search_term_string}"},"query-input":{"@type":"PropertyValueSpecification","valueRequired":true,"valueName":"search_term_string"}}],"inLanguage":"fr-FR"},{"@type":"Organization","@id":"https:\/\/hmizatexperts.com\/#organization","name":"Hmizate Expert","url":"https:\/\/hmizatexperts.com\/","logo":{"@type":"ImageObject","inLanguage":"fr-FR","@id":"https:\/\/hmizatexperts.com\/#\/schema\/logo\/image\/","url":"https:\/\/hmizatexperts.com\/wp-content\/uploads\/2021\/05\/logo_HE2-removebg-preview.png","contentUrl":"https:\/\/hmizatexperts.com\/wp-content\/uploads\/2021\/05\/logo_HE2-removebg-preview.png","width":800,"height":312,"caption":"Hmizate Expert"},"image":{"@id":"https:\/\/hmizatexperts.com\/#\/schema\/logo\/image\/"},"sameAs":["https:\/\/www.facebook.com\/hmizatexperts","https:\/\/x.com\/ExpertsHmizate"]}]}},"_links":{"self":[{"href":"https:\/\/hmizatexperts.com\/fr_fr\/wp-json\/wp\/v2\/pages\/292","targetHints":{"allow":["GET"]}}],"collection":[{"href":"https:\/\/hmizatexperts.com\/fr_fr\/wp-json\/wp\/v2\/pages"}],"about":[{"href":"https:\/\/hmizatexperts.com\/fr_fr\/wp-json\/wp\/v2\/types\/page"}],"author":[{"embeddable":true,"href":"https:\/\/hmizatexperts.com\/fr_fr\/wp-json\/wp\/v2\/users\/1"}],"replies":[{"embeddable":true,"href":"https:\/\/hmizatexperts.com\/fr_fr\/wp-json\/wp\/v2\/comments?post=292"}],"version-history":[{"count":9,"href":"https:\/\/hmizatexperts.com\/fr_fr\/wp-json\/wp\/v2\/pages\/292\/revisions"}],"predecessor-version":[{"id":1958,"href":"https:\/\/hmizatexperts.com\/fr_fr\/wp-json\/wp\/v2\/pages\/292\/revisions\/1958"}],"wp:attachment":[{"href":"https:\/\/hmizatexperts.com\/fr_fr\/wp-json\/wp\/v2\/media?parent=292"}],"curies":[{"name":"wp","href":"https:\/\/api.w.org\/{rel}","templated":true}]}}