{"id":318,"date":"2018-03-10T15:51:11","date_gmt":"2018-03-10T15:51:11","guid":{"rendered":"http:\/\/localhost:8080\/friday\/?page_id=318"},"modified":"2024-12-18T11:49:38","modified_gmt":"2024-12-18T10:49:38","slug":"terms-conditions","status":"publish","type":"page","link":"https:\/\/hmizatexperts.com\/fr_fr\/terms-conditions\/","title":{"rendered":"Termes et conditions"},"content":{"rendered":"<div class=\"wpb-content-wrapper\"><div class=\"container\"><div class=\"vc_row wpb_row vc_row-fluid vc_custom_1520697140605 vc_row-has-fill\"><div class=\"wpb_column vc_column_container vc_col-sm-12\"><div class=\"vc_column-inner  \"><div class=\"wpb_wrapper\"><h3 class=\"t-uppercase h-title mb-20\">TERMS AND CONDITIONS<\/h3>\n\t<div class=\"wpb_text_column wpb_content_element vc_custom_1627853304048\" >\n\t\t<div class=\"wpb_wrapper\">\n\t\t\t<p>&#8211; Les retours ou les \u00e9changes d&rsquo;un produit est un droit pour tous nos clients, et il comprend tous les produits que nous proposons sur notre site.<\/p>\n<p>&#8211; Tous les produits propos\u00e9s sur notre site sont soumis \u00e0 la politique d&rsquo;\u00e9change et de remboursement selon les termes et conditions stipul\u00e9s.<\/p>\n<p>&#8211; Les retours ou \u00e9changes peuvent \u00eatre effectu\u00e9s si le produit est dans son \u00e9tat d&rsquo;origine lors de l&rsquo;achat et emball\u00e9 dans son emballage d&rsquo;origine.<\/p>\n<p>&#8211; Retour doit \u00eatre r\u00e9clam\u00e9 dans un d\u00e9lai maximal de (3) jours \u00e0 compter de la date de r\u00e9ception de la commande ou dans le cas d&rsquo;endommagement de produit le client doit r\u00e9clamer par envoie de photo de produit par whatsapp le m\u00eame jour de la r\u00e9ception de la commande<\/p>\n<p>&#8211; Veuillez nous contacter via whatsapp afin de demander un retour ou un \u00e9change.<\/p>\n<p>&#8211; Veuillez prendre en photo et envoyer l\u2019\u00e9tat de produit avec la ville, l&rsquo;adresse et le num\u00e9ro de commande sp\u00e9cifi\u00e9s afin qu&rsquo;il puisse \u00eatre remplac\u00e9 par un autre produit dans le cas o\u00f9 le produit est corrompu ou poss\u00e8de un certain d\u00e9faut, ou s&rsquo;il n&rsquo;est pas utilis\u00e9 conform\u00e9ment \u00e0 l&rsquo;accord.<\/p>\n<p>&#8211; Le montant est restitu\u00e9 au client en totalit\u00e9 si le produit qu&rsquo;il a re\u00e7u est compl\u00e8tement diff\u00e9rent du produit pr\u00e9sent\u00e9 sur notre site web.<\/p>\n<p>&#8211; Nous ne sommes pas responsables des attentes de l&rsquo;utilisation des produits par le client, que nous n&rsquo;avons pas mentionn\u00e9es sur la page du produit sur notre site web.<\/p>\n<p>&#8211; D\u00e9duire 30% de valeur total de l\u2019offre si le client ne veut pas du produit et que ce dernier n&rsquo;a aucun d\u00e9faut ou probl\u00e8me mentionn\u00e9.<\/p>\n<p>En cas d\u2019\u00e9change produit. Le client doit demander l\u2019\u00e9change dans un d\u00e9lai maximal de 7 jours apr\u00e8s la r\u00e9ception de la commanderie client peut choisir un autre produit sur notre site pour un \u00e9change, en cas de diff\u00e9rence entre les prix la diff\u00e9rence sera supporter par le client<\/p>\n<p>-En cas de retours ou \u00e9change les frais de retours sont pris en charge par le client.<\/p>\n\n\t\t<\/div>\n\t<\/div>\n<\/div><\/div><\/div><\/div><\/div>\n<\/div>","protected":false},"excerpt":{"rendered":"TERMS AND CONDITIONS - Les retours ou les \u00e9changes d'un produit est un droit pour tous nos clients, et il comprend tous les produits que nous proposons sur notre site. - Tous les produits propos\u00e9s sur notre site sont soumis \u00e0 la politique d'\u00e9change et de remboursement selon les termes et conditions stipul\u00e9s. - Les<footer class=\"entry-footer text-right\">\n          <a href=\"https:\/\/hmizatexperts.com\/fr_fr\/terms-conditions\/\" class=\"more-link btn btn-link\">READ MORE <i class=\"icon fa fa-long-arrow-right\"><\/i><\/a>\n         <\/footer>","protected":false},"author":1,"featured_media":0,"parent":0,"menu_order":0,"comment_status":"closed","ping_status":"closed","template":"","meta":{"footnotes":""},"class_list":["post-318","page","type-page","status-publish","hentry","entry panel"],"ams_acf":[],"yoast_head":"<!-- This site is optimized with the Yoast SEO Premium plugin v26.6 (Yoast SEO v27.5) - https:\/\/yoast.com\/product\/yoast-seo-premium-wordpress\/ -->\n<title>Termes et conditions - Hmizate Expert<\/title>\n<meta name=\"description\" content=\"Tous les produits propos\u00e9s sur notre site sont soumis \u00e0 la politique d&#039;\u00e9change et de remboursement selon les termes et conditions stipul\u00e9s.\" \/>\n<meta name=\"robots\" content=\"index, follow, max-snippet:-1, max-image-preview:large, max-video-preview:-1\" \/>\n<link rel=\"canonical\" href=\"https:\/\/hmizatexperts.com\/fr_fr\/terms-conditions\/\" \/>\n<meta property=\"og:locale\" content=\"fr_FR\" \/>\n<meta property=\"og:type\" content=\"article\" \/>\n<meta property=\"og:title\" content=\"Termes et conditions\" \/>\n<meta property=\"og:description\" content=\"Tous les produits propos\u00e9s sur notre site sont soumis \u00e0 la politique d&#039;\u00e9change et de remboursement selon les termes et conditions stipul\u00e9s.\" \/>\n<meta property=\"og:url\" content=\"https:\/\/hmizatexperts.com\/fr_fr\/terms-conditions\/\" \/>\n<meta property=\"og:site_name\" content=\"Hmizate Expert\" \/>\n<meta property=\"article:publisher\" content=\"https:\/\/www.facebook.com\/hmizatexperts\" \/>\n<meta property=\"article:modified_time\" content=\"2024-12-18T10:49:38+00:00\" \/>\n<meta name=\"twitter:card\" content=\"summary_large_image\" \/>\n<meta name=\"twitter:site\" content=\"@ExpertsHmizate\" \/>\n<meta name=\"twitter:label1\" content=\"Dur\u00e9e de lecture estim\u00e9e\" \/>\n\t<meta name=\"twitter:data1\" content=\"2 minutes\" \/>\n<script type=\"application\/ld+json\" class=\"yoast-schema-graph\">{\"@context\":\"https:\\\/\\\/schema.org\",\"@graph\":[{\"@type\":\"WebPage\",\"@id\":\"https:\\\/\\\/hmizatexperts.com\\\/terms-conditions\\\/\",\"url\":\"https:\\\/\\\/hmizatexperts.com\\\/terms-conditions\\\/\",\"name\":\"Termes et conditions - Hmizate Expert\",\"isPartOf\":{\"@id\":\"https:\\\/\\\/hmizatexperts.com\\\/#website\"},\"datePublished\":\"2018-03-10T15:51:11+00:00\",\"dateModified\":\"2024-12-18T10:49:38+00:00\",\"description\":\"Tous les produits propos\u00e9s sur notre site sont soumis \u00e0 la politique d'\u00e9change et de remboursement selon les termes et conditions stipul\u00e9s.\",\"breadcrumb\":{\"@id\":\"https:\\\/\\\/hmizatexperts.com\\\/terms-conditions\\\/#breadcrumb\"},\"inLanguage\":\"fr-FR\",\"potentialAction\":[{\"@type\":\"ReadAction\",\"target\":[\"https:\\\/\\\/hmizatexperts.com\\\/terms-conditions\\\/\"]}]},{\"@type\":\"BreadcrumbList\",\"@id\":\"https:\\\/\\\/hmizatexperts.com\\\/terms-conditions\\\/#breadcrumb\",\"itemListElement\":[{\"@type\":\"ListItem\",\"position\":1,\"name\":\"Accueil\",\"item\":\"https:\\\/\\\/hmizatexperts.com\\\/\"},{\"@type\":\"ListItem\",\"position\":2,\"name\":\"Termes et conditions\"}]},{\"@type\":\"WebSite\",\"@id\":\"https:\\\/\\\/hmizatexperts.com\\\/#website\",\"url\":\"https:\\\/\\\/hmizatexperts.com\\\/\",\"name\":\"Hmizate Expert\",\"description\":\"Nos offres aux meilleurs prix et qualit\u00e9\",\"publisher\":{\"@id\":\"https:\\\/\\\/hmizatexperts.com\\\/#organization\"},\"potentialAction\":[{\"@type\":\"SearchAction\",\"target\":{\"@type\":\"EntryPoint\",\"urlTemplate\":\"https:\\\/\\\/hmizatexperts.com\\\/?s={search_term_string}\"},\"query-input\":{\"@type\":\"PropertyValueSpecification\",\"valueRequired\":true,\"valueName\":\"search_term_string\"}}],\"inLanguage\":\"fr-FR\"},{\"@type\":\"Organization\",\"@id\":\"https:\\\/\\\/hmizatexperts.com\\\/#organization\",\"name\":\"Hmizate Expert\",\"url\":\"https:\\\/\\\/hmizatexperts.com\\\/\",\"logo\":{\"@type\":\"ImageObject\",\"inLanguage\":\"fr-FR\",\"@id\":\"https:\\\/\\\/hmizatexperts.com\\\/#\\\/schema\\\/logo\\\/image\\\/\",\"url\":\"https:\\\/\\\/hmizatexperts.com\\\/wp-content\\\/uploads\\\/2021\\\/05\\\/logo_HE2-removebg-preview.png\",\"contentUrl\":\"https:\\\/\\\/hmizatexperts.com\\\/wp-content\\\/uploads\\\/2021\\\/05\\\/logo_HE2-removebg-preview.png\",\"width\":800,\"height\":312,\"caption\":\"Hmizate Expert\"},\"image\":{\"@id\":\"https:\\\/\\\/hmizatexperts.com\\\/#\\\/schema\\\/logo\\\/image\\\/\"},\"sameAs\":[\"https:\\\/\\\/www.facebook.com\\\/hmizatexperts\",\"https:\\\/\\\/x.com\\\/ExpertsHmizate\"]}]}<\/script>\n<!-- \/ Yoast SEO Premium plugin. -->","yoast_head_json":{"title":"Termes et conditions - Hmizate Expert","description":"Tous les produits propos\u00e9s sur notre site sont soumis \u00e0 la politique d'\u00e9change et de remboursement selon les termes et conditions stipul\u00e9s.","robots":{"index":"index","follow":"follow","max-snippet":"max-snippet:-1","max-image-preview":"max-image-preview:large","max-video-preview":"max-video-preview:-1"},"canonical":"https:\/\/hmizatexperts.com\/fr_fr\/terms-conditions\/","og_locale":"fr_FR","og_type":"article","og_title":"Termes et conditions","og_description":"Tous les produits propos\u00e9s sur notre site sont soumis \u00e0 la politique d'\u00e9change et de remboursement selon les termes et conditions stipul\u00e9s.","og_url":"https:\/\/hmizatexperts.com\/fr_fr\/terms-conditions\/","og_site_name":"Hmizate Expert","article_publisher":"https:\/\/www.facebook.com\/hmizatexperts","article_modified_time":"2024-12-18T10:49:38+00:00","twitter_card":"summary_large_image","twitter_site":"@ExpertsHmizate","twitter_misc":{"Dur\u00e9e de lecture estim\u00e9e":"2 minutes"},"schema":{"@context":"https:\/\/schema.org","@graph":[{"@type":"WebPage","@id":"https:\/\/hmizatexperts.com\/terms-conditions\/","url":"https:\/\/hmizatexperts.com\/terms-conditions\/","name":"Termes et conditions - Hmizate Expert","isPartOf":{"@id":"https:\/\/hmizatexperts.com\/#website"},"datePublished":"2018-03-10T15:51:11+00:00","dateModified":"2024-12-18T10:49:38+00:00","description":"Tous les produits propos\u00e9s sur notre site sont soumis \u00e0 la politique d'\u00e9change et de remboursement selon les termes et conditions stipul\u00e9s.","breadcrumb":{"@id":"https:\/\/hmizatexperts.com\/terms-conditions\/#breadcrumb"},"inLanguage":"fr-FR","potentialAction":[{"@type":"ReadAction","target":["https:\/\/hmizatexperts.com\/terms-conditions\/"]}]},{"@type":"BreadcrumbList","@id":"https:\/\/hmizatexperts.com\/terms-conditions\/#breadcrumb","itemListElement":[{"@type":"ListItem","position":1,"name":"Accueil","item":"https:\/\/hmizatexperts.com\/"},{"@type":"ListItem","position":2,"name":"Termes et conditions"}]},{"@type":"WebSite","@id":"https:\/\/hmizatexperts.com\/#website","url":"https:\/\/hmizatexperts.com\/","name":"Hmizate Expert","description":"Nos offres aux meilleurs prix et qualit\u00e9","publisher":{"@id":"https:\/\/hmizatexperts.com\/#organization"},"potentialAction":[{"@type":"SearchAction","target":{"@type":"EntryPoint","urlTemplate":"https:\/\/hmizatexperts.com\/?s={search_term_string}"},"query-input":{"@type":"PropertyValueSpecification","valueRequired":true,"valueName":"search_term_string"}}],"inLanguage":"fr-FR"},{"@type":"Organization","@id":"https:\/\/hmizatexperts.com\/#organization","name":"Hmizate Expert","url":"https:\/\/hmizatexperts.com\/","logo":{"@type":"ImageObject","inLanguage":"fr-FR","@id":"https:\/\/hmizatexperts.com\/#\/schema\/logo\/image\/","url":"https:\/\/hmizatexperts.com\/wp-content\/uploads\/2021\/05\/logo_HE2-removebg-preview.png","contentUrl":"https:\/\/hmizatexperts.com\/wp-content\/uploads\/2021\/05\/logo_HE2-removebg-preview.png","width":800,"height":312,"caption":"Hmizate Expert"},"image":{"@id":"https:\/\/hmizatexperts.com\/#\/schema\/logo\/image\/"},"sameAs":["https:\/\/www.facebook.com\/hmizatexperts","https:\/\/x.com\/ExpertsHmizate"]}]}},"_links":{"self":[{"href":"https:\/\/hmizatexperts.com\/fr_fr\/wp-json\/wp\/v2\/pages\/318","targetHints":{"allow":["GET"]}}],"collection":[{"href":"https:\/\/hmizatexperts.com\/fr_fr\/wp-json\/wp\/v2\/pages"}],"about":[{"href":"https:\/\/hmizatexperts.com\/fr_fr\/wp-json\/wp\/v2\/types\/page"}],"author":[{"embeddable":true,"href":"https:\/\/hmizatexperts.com\/fr_fr\/wp-json\/wp\/v2\/users\/1"}],"replies":[{"embeddable":true,"href":"https:\/\/hmizatexperts.com\/fr_fr\/wp-json\/wp\/v2\/comments?post=318"}],"version-history":[{"count":4,"href":"https:\/\/hmizatexperts.com\/fr_fr\/wp-json\/wp\/v2\/pages\/318\/revisions"}],"predecessor-version":[{"id":795,"href":"https:\/\/hmizatexperts.com\/fr_fr\/wp-json\/wp\/v2\/pages\/318\/revisions\/795"}],"wp:attachment":[{"href":"https:\/\/hmizatexperts.com\/fr_fr\/wp-json\/wp\/v2\/media?parent=318"}],"curies":[{"name":"wp","href":"https:\/\/api.w.org\/{rel}","templated":true}]}}