{"id":327,"date":"2018-03-10T16:17:58","date_gmt":"2018-03-10T16:17:58","guid":{"rendered":"http:\/\/localhost:8080\/friday\/?page_id=327"},"modified":"2024-12-18T11:04:33","modified_gmt":"2024-12-18T10:04:33","slug":"faq","status":"publish","type":"page","link":"https:\/\/hmizatexperts.com\/fr_fr\/faq\/","title":{"rendered":"FAQ"},"content":{"rendered":"<div class=\"wpb-content-wrapper\"><div class=\"container\"><div class=\"vc_row wpb_row vc_row-fluid vc_custom_1523602856889\"><div class=\"wpb_column vc_column_container vc_col-sm-12\"><div class=\"vc_column-inner  \"><div class=\"wpb_wrapper\"><h3 class=\"t-uppercase h-title mb-20\">QUESTIONS FR\u00c9QUEMMENT<\/h3><\/div><\/div><\/div><\/div><\/div><div class=\"container\"><div class=\"vc_row wpb_row vc_row-fluid vc_custom_1523602851452\"><div class=\"wpb_column vc_column_container vc_col-sm-12\"><div class=\"vc_column-inner  \"><div class=\"wpb_wrapper\"><div class=\"vc_tta-container\" data-vc-action=\"collapse\"><div class=\"vc_general vc_tta vc_tta-accordion vc_tta-color-grey vc_tta-style-classic vc_tta-shape-rounded vc_tta-o-shape-group vc_tta-gap-5 vc_tta-controls-align-default\"><div class=\"vc_tta-panels-container\"><div class=\"vc_tta-panels\"><div class=\"vc_tta-panel vc_active\" id=\"1520698641266-d32f91ac-f373\" data-vc-content=\".vc_tta-panel-body\"><div class=\"vc_tta-panel-heading\"><h4 class=\"vc_tta-panel-title vc_tta-controls-icon-position-left\"><a href=\"#1520698641266-d32f91ac-f373\" data-vc-accordion data-vc-container=\".vc_tta-container\"><span class=\"vc_tta-title-text\">Qu\u2019est-ce que Hmizate Experts ?<\/span><i class=\"vc_tta-controls-icon vc_tta-controls-icon-plus\"><\/i><\/a><\/h4><\/div><div class=\"vc_tta-panel-body\">\n\t<div class=\"wpb_text_column wpb_content_element\" >\n\t\t<div class=\"wpb_wrapper\">\n\t\t\t<p>Hmizate experts vous offre des offres avec des tarifs exceptionnels dans la limite du stock et la p\u00e9riode de vente, la livraison de nos produits est \u00e0 domicile et partout le Maroc, nous cherchons chaque jour des nouveaux produits exclusifs et des tarifs promotionnels n\u00e9gocier exclusivement pour nos clients.<\/p>\n\n\t\t<\/div>\n\t<\/div>\n<\/div><\/div><div class=\"vc_tta-panel\" id=\"1523603087858-41bdff75-7b19\" data-vc-content=\".vc_tta-panel-body\"><div class=\"vc_tta-panel-heading\"><h4 class=\"vc_tta-panel-title vc_tta-controls-icon-position-left\"><a href=\"#1523603087858-41bdff75-7b19\" data-vc-accordion data-vc-container=\".vc_tta-container\"><span class=\"vc_tta-title-text\">Le deal m\u2019int\u00e9resse , comment puis-je b\u00e9n\u00e9ficier ?<\/span><i class=\"vc_tta-controls-icon vc_tta-controls-icon-plus\"><\/i><\/a><\/h4><\/div><div class=\"vc_tta-panel-body\">\n\t<div class=\"wpb_text_column wpb_content_element\" >\n\t\t<div class=\"wpb_wrapper\">\n\t\t\t<p>Pour profiter de l\u2019offre il suffit de suivre les \u00e9tapes suivantes :<br \/>\n1.Choisir votre offre<br \/>\n2.Cliquer sur Acheter maintenant<br \/>\n3.Remplir le formulaire d\u2019achat<br \/>\n4.Cliquer sur Commander<br \/>\nEt votre commande est bien valid\u00e9e<\/p>\n\n\t\t<\/div>\n\t<\/div>\n<\/div><\/div><div class=\"vc_tta-panel\" id=\"1523603086720-41665055-0905\" data-vc-content=\".vc_tta-panel-body\"><div class=\"vc_tta-panel-heading\"><h4 class=\"vc_tta-panel-title vc_tta-controls-icon-position-left\"><a href=\"#1523603086720-41665055-0905\" data-vc-accordion data-vc-container=\".vc_tta-container\"><span class=\"vc_tta-title-text\">Comment acheter sur le site ?<\/span><i class=\"vc_tta-controls-icon vc_tta-controls-icon-plus\"><\/i><\/a><\/h4><\/div><div class=\"vc_tta-panel-body\">\n\t<div class=\"wpb_text_column wpb_content_element\" >\n\t\t<div class=\"wpb_wrapper\">\n\t\t\t<p>Pour acheter sur le site, il suffit de suivre les \u00e9tapes suivantes :<br \/>\n1.Choisir votre offre<br \/>\n2.Cliquer sur Acheter maintenant<br \/>\n3.Remplir le formulaire d\u2019achat<br \/>\n4.Cliquer sur Commander<br \/>\nEt votre commande est bien valid\u00e9e<\/p>\n\n\t\t<\/div>\n\t<\/div>\n<\/div><\/div><div class=\"vc_tta-panel\" id=\"1621885991839-73d0cba2-6d21\" data-vc-content=\".vc_tta-panel-body\"><div class=\"vc_tta-panel-heading\"><h4 class=\"vc_tta-panel-title vc_tta-controls-icon-position-left\"><a href=\"#1621885991839-73d0cba2-6d21\" data-vc-accordion data-vc-container=\".vc_tta-container\"><span class=\"vc_tta-title-text\">Quoi faire si je veux \u00eatre en contact avec un conseiller Hmizate Experts ?<\/span><i class=\"vc_tta-controls-icon vc_tta-controls-icon-plus\"><\/i><\/a><\/h4><\/div><div class=\"vc_tta-panel-body\">\n\t<div class=\"wpb_text_column wpb_content_element\" >\n\t\t<div class=\"wpb_wrapper\">\n\t\t\t<p>Pour plus de d\u00e9tails, veuillez nous contacter sur :<br \/>\nT\u00e9l\u00e9phone : 0663334691<br \/>\nWhatsapp : 0663334691<br \/>\nEmail : contact@hmizatexperts.com<br \/>\nNos agents vont vous r\u00e9pondre dans le plus bref d\u00e9lai.<\/p>\n\n\t\t<\/div>\n\t<\/div>\n<\/div><\/div><div class=\"vc_tta-panel\" id=\"1621885994142-af9d7dd6-04b0\" data-vc-content=\".vc_tta-panel-body\"><div class=\"vc_tta-panel-heading\"><h4 class=\"vc_tta-panel-title vc_tta-controls-icon-position-left\"><a href=\"#1621885994142-af9d7dd6-04b0\" data-vc-accordion data-vc-container=\".vc_tta-container\"><span class=\"vc_tta-title-text\">Quelles sont les moyens de paiements disponibles sur le site ?<\/span><i class=\"vc_tta-controls-icon vc_tta-controls-icon-plus\"><\/i><\/a><\/h4><\/div><div class=\"vc_tta-panel-body\">\n\t<div class=\"wpb_text_column wpb_content_element\" >\n\t\t<div class=\"wpb_wrapper\">\n\t\t\t<form id=\"area\" method=\"post\">\n<div id=\"inside\" class=\"results text_box\">Les moyens de paiement disponibles actuellement sur le site sont :<br \/>\n1. Cash on delivery (paiement a la livraison)<br \/>\n2. Virement bancaire<br \/>\n3. Paypal (tr\u00e8s prochainement)<\/div>\n<\/form>\n<div class=\"buttons-bar results fr\"><\/div>\n\n\t\t<\/div>\n\t<\/div>\n<\/div><\/div><div class=\"vc_tta-panel\" id=\"1621885995636-4d9159e1-396e\" data-vc-content=\".vc_tta-panel-body\"><div class=\"vc_tta-panel-heading\"><h4 class=\"vc_tta-panel-title vc_tta-controls-icon-position-left\"><a href=\"#1621885995636-4d9159e1-396e\" data-vc-accordion data-vc-container=\".vc_tta-container\"><span class=\"vc_tta-title-text\">Comment je re\u00e7ois ma commande est dans quel d\u00e9lai ?<\/span><i class=\"vc_tta-controls-icon vc_tta-controls-icon-plus\"><\/i><\/a><\/h4><\/div><div class=\"vc_tta-panel-body\">\n\t<div class=\"wpb_text_column wpb_content_element\" >\n\t\t<div class=\"wpb_wrapper\">\n\t\t\t<p>Apr\u00e8s la validation de votre commande, le client re\u00e7oit la commande avec livraison \u00e0 domicile dans un d\u00e9lai ouvr\u00e9 entre 3 est 5 jours(hors weekends et jours f\u00e9ri\u00e9e).<\/p>\n\n\t\t<\/div>\n\t<\/div>\n<\/div><\/div><div class=\"vc_tta-panel\" id=\"1621886013326-53eaadf1-55c4\" data-vc-content=\".vc_tta-panel-body\"><div class=\"vc_tta-panel-heading\"><h4 class=\"vc_tta-panel-title vc_tta-controls-icon-position-left\"><a href=\"#1621886013326-53eaadf1-55c4\" data-vc-accordion data-vc-container=\".vc_tta-container\"><span class=\"vc_tta-title-text\">Qu\u2019est-ce que je re\u00e7ois juste apr\u00e8s la cr\u00e9ation de la commande ?<\/span><i class=\"vc_tta-controls-icon vc_tta-controls-icon-plus\"><\/i><\/a><\/h4><\/div><div class=\"vc_tta-panel-body\">\n\t<div class=\"wpb_text_column wpb_content_element\" >\n\t\t<div class=\"wpb_wrapper\">\n\t\t\t<p>Apr\u00e8s la validation de la commande sur le site, le client va recevoir un email de confirmation inclus tous les d\u00e9tails de la commande avec le prix total et d\u00e9tails de la livraison, possible que le mail de la commande soit sur les \u00e9l\u00e9ments ind\u00e9sirables ( \u00e0 v\u00e9rifier).<\/p>\n\n\t\t<\/div>\n\t<\/div>\n<\/div><\/div><div class=\"vc_tta-panel\" id=\"1621886016947-ed6295c0-64ef\" data-vc-content=\".vc_tta-panel-body\"><div class=\"vc_tta-panel-heading\"><h4 class=\"vc_tta-panel-title vc_tta-controls-icon-position-left\"><a href=\"#1621886016947-ed6295c0-64ef\" data-vc-accordion data-vc-container=\".vc_tta-container\"><span class=\"vc_tta-title-text\">Qu\u2019est ce passe t\u2019il si je re\u00e7ois pas de la confirmation ?<\/span><i class=\"vc_tta-controls-icon vc_tta-controls-icon-plus\"><\/i><\/a><\/h4><\/div><div class=\"vc_tta-panel-body\">\n\t<div class=\"wpb_text_column wpb_content_element\" >\n\t\t<div class=\"wpb_wrapper\">\n\t\t\t<p>En cas de non-r\u00e9ception de la confirmation, nos agents sont joignables sur t\u00e9l\u00e9phone, whatsapp ou email :<\/p>\n<p>T\u00e9l\u00e9phone : 0663334691<br \/>\nWhatsapp : 0663334691<br \/>\nEmail : contact@hmizatexperts.com<br \/>\nNos agents vont vous r\u00e9pondre dans le plus bref d\u00e9lai.<\/p>\n\n\t\t<\/div>\n\t<\/div>\n<\/div><\/div><div class=\"vc_tta-panel\" id=\"1621886020009-cddec345-907f\" data-vc-content=\".vc_tta-panel-body\"><div class=\"vc_tta-panel-heading\"><h4 class=\"vc_tta-panel-title vc_tta-controls-icon-position-left\"><a href=\"#1621886020009-cddec345-907f\" data-vc-accordion data-vc-container=\".vc_tta-container\"><span class=\"vc_tta-title-text\">Est-ce que je dois pr\u00e9senter un document au livreur au moment de la r\u00e9ception de la commande ?<\/span><i class=\"vc_tta-controls-icon vc_tta-controls-icon-plus\"><\/i><\/a><\/h4><\/div><div class=\"vc_tta-panel-body\">\n\t<div class=\"wpb_text_column wpb_content_element\" >\n\t\t<div class=\"wpb_wrapper\">\n\t\t\t<p>Non, aucun document n\u2019est n\u00e9cessaire pour presenter au livreur, notre livreur a toutes les informations n\u00e9cessaires pour assurer la livraison \u00e0 domicile sans aucun probl\u00e8me<\/p>\n\n\t\t<\/div>\n\t<\/div>\n<\/div><\/div><div class=\"vc_tta-panel\" id=\"1621886023077-259c2e53-930e\" data-vc-content=\".vc_tta-panel-body\"><div class=\"vc_tta-panel-heading\"><h4 class=\"vc_tta-panel-title vc_tta-controls-icon-position-left\"><a href=\"#1621886023077-259c2e53-930e\" data-vc-accordion data-vc-container=\".vc_tta-container\"><span class=\"vc_tta-title-text\">Ou est situe le si\u00e8ge social de Hmizate Experts ?<\/span><i class=\"vc_tta-controls-icon vc_tta-controls-icon-plus\"><\/i><\/a><\/h4><\/div><div class=\"vc_tta-panel-body\">\n\t<div class=\"wpb_text_column wpb_content_element\" >\n\t\t<div class=\"wpb_wrapper\">\n\t\t\t<p>Notre si\u00e8ge social se situe au Lot Zohour 1 N\u00b0532 40000,Marrakech<\/p>\n\n\t\t<\/div>\n\t<\/div>\n<\/div><\/div><div class=\"vc_tta-panel\" id=\"1622158108948-81a13a23-3680\" data-vc-content=\".vc_tta-panel-body\"><div class=\"vc_tta-panel-heading\"><h4 class=\"vc_tta-panel-title vc_tta-controls-icon-position-left\"><a href=\"#1622158108948-81a13a23-3680\" data-vc-accordion data-vc-container=\".vc_tta-container\"><span class=\"vc_tta-title-text\">Quelles sont les conditions et la proc\u00e9dure de remboursement ?<\/span><i class=\"vc_tta-controls-icon vc_tta-controls-icon-plus\"><\/i><\/a><\/h4><\/div><div class=\"vc_tta-panel-body\">\n\t<div class=\"wpb_text_column wpb_content_element\" >\n\t\t<div class=\"wpb_wrapper\">\n\t\t\t<p>&#8211; Les retours ou les \u00e9changes d&rsquo;un produit est un droit pour tous nos clients, et il comprend tous les produits que nous proposons sur notre site.<\/p>\n<p>&#8211; Tous les produits propos\u00e9s sur notre site sont soumis \u00e0 la politique d&rsquo;\u00e9change et de remboursement selon les termes et conditions stipul\u00e9s.<\/p>\n<p>&#8211; Les retours ou \u00e9changes peuvent \u00eatre effectu\u00e9s si le produit est dans son \u00e9tat d&rsquo;origine lors de l&rsquo;achat et emball\u00e9 dans son emballage d&rsquo;origine.<\/p>\n<p>&#8211; Retour doit \u00eatre r\u00e9clam\u00e9 dans un d\u00e9lai maximal de (3) jours \u00e0 compter de la date de r\u00e9ception de la commande ou dans le cas d&rsquo;endommagement de produit le client doit r\u00e9clamer par envoie de photo de produit par whatsapp le m\u00eame jour de la r\u00e9ception de la commande<\/p>\n<p>&#8211; Veuillez nous contacter via whatsapp afin de demander un retour ou un \u00e9change.<\/p>\n<p>&#8211; Veuillez prendre en photo et envoyer l\u2019\u00e9tat de produit avec la ville, l&rsquo;adresse et le num\u00e9ro de commande sp\u00e9cifi\u00e9s afin qu&rsquo;il puisse \u00eatre remplac\u00e9 par un autre produit dans le cas o\u00f9 le produit est corrompu ou poss\u00e8de un certain d\u00e9faut, ou s&rsquo;il n&rsquo;est pas utilis\u00e9 conform\u00e9ment \u00e0 l&rsquo;accord.<\/p>\n<p>&#8211; Le montant est restitu\u00e9 au client en totalit\u00e9 si le produit qu&rsquo;il a re\u00e7u est compl\u00e8tement diff\u00e9rent du produit pr\u00e9sent\u00e9 sur notre site web.<\/p>\n<p>&#8211; Nous ne sommes pas responsables des attentes de l&rsquo;utilisation des produits par le client, que nous n&rsquo;avons pas mentionn\u00e9es sur la page du produit sur notre site web.<\/p>\n<p>&#8211; D\u00e9duire 30% de valeur total de l\u2019offre si le client ne veut pas du produit et que ce dernier n&rsquo;a aucun d\u00e9faut ou probl\u00e8me mentionn\u00e9.<\/p>\n<p>En cas d\u2019\u00e9change produit. Le client doit demander l\u2019\u00e9change dans un d\u00e9lai maximal de 7 jours apr\u00e8s la r\u00e9ception de la commanderie client peut choisir un autre produit sur notre site pour un \u00e9change, en cas de diff\u00e9rence entre les prix la diff\u00e9rence sera supporter par le client<\/p>\n<p>-En cas de retours ou \u00e9change les frais de retours sont pris en charge par le client.<\/p>\n\n\t\t<\/div>\n\t<\/div>\n<\/div><\/div><div class=\"vc_tta-panel\" id=\"1622158110691-1828c5b2-f596\" data-vc-content=\".vc_tta-panel-body\"><div class=\"vc_tta-panel-heading\"><h4 class=\"vc_tta-panel-title vc_tta-controls-icon-position-left\"><a href=\"#1622158110691-1828c5b2-f596\" data-vc-accordion data-vc-container=\".vc_tta-container\"><span class=\"vc_tta-title-text\">Quelles sont les avantages d\u2019avoir un compte sur le site ?<\/span><i class=\"vc_tta-controls-icon vc_tta-controls-icon-plus\"><\/i><\/a><\/h4><\/div><div class=\"vc_tta-panel-body\">\n\t<div class=\"wpb_text_column wpb_content_element\" >\n\t\t<div class=\"wpb_wrapper\">\n\t\t\t<p>En ayant un compte sur notre site Web, vous pouvez conserver un historique avec les d\u00e9tails de tous nos produits achet\u00e9s.<\/p>\n\n\t\t<\/div>\n\t<\/div>\n<\/div><\/div><div class=\"vc_tta-panel\" id=\"1622158112492-ecb43077-f3e1\" data-vc-content=\".vc_tta-panel-body\"><div class=\"vc_tta-panel-heading\"><h4 class=\"vc_tta-panel-title vc_tta-controls-icon-position-left\"><a href=\"#1622158112492-ecb43077-f3e1\" data-vc-accordion data-vc-container=\".vc_tta-container\"><span class=\"vc_tta-title-text\">Comment s\u2019inscrire au newsletter ? et pourquoi ?<\/span><i class=\"vc_tta-controls-icon vc_tta-controls-icon-plus\"><\/i><\/a><\/h4><\/div><div class=\"vc_tta-panel-body\">\n\t<div class=\"wpb_text_column wpb_content_element\" >\n\t\t<div class=\"wpb_wrapper\">\n\t\t\t<p>Pour s\u2019inscrire sur notre newsletter et recevoir nos meilleures offres sur votre bo\u00eete email, il suffit juste d\u2019ins\u00e9rer votre adresse email ou cr\u00e9er un compte sur notre site web<\/p>\n\n\t\t<\/div>\n\t<\/div>\n<\/div><\/div><\/div><\/div><\/div><\/div><\/div><\/div><\/div><\/div><\/div>\n<\/div>","protected":false},"excerpt":{"rendered":"QUESTIONS FR\u00c9QUEMMENTQu\u2019est-ce que Hmizate Experts ? Hmizate experts vous offre des offres avec des tarifs exceptionnels dans la limite du stock et la p\u00e9riode de vente, la livraison de nos produits est \u00e0 domicile et partout le Maroc, nous cherchons chaque jour des nouveaux produits exclusifs et des tarifs promotionnels n\u00e9gocier exclusivement pour nos clients.<footer class=\"entry-footer text-right\">\n          <a href=\"https:\/\/hmizatexperts.com\/fr_fr\/faq\/\" class=\"more-link btn btn-link\">READ MORE <i class=\"icon fa fa-long-arrow-right\"><\/i><\/a>\n         <\/footer>","protected":false},"author":1,"featured_media":0,"parent":0,"menu_order":0,"comment_status":"closed","ping_status":"closed","template":"","meta":{"footnotes":""},"class_list":["post-327","page","type-page","status-publish","hentry","entry panel"],"ams_acf":[],"yoast_head":"<!-- This site is optimized with the Yoast SEO Premium plugin v26.6 (Yoast SEO v27.5) - https:\/\/yoast.com\/product\/yoast-seo-premium-wordpress\/ -->\n<title>FAQ - Hmizate Expert<\/title>\n<meta name=\"description\" content=\"Trouvez les r\u00e9ponses \u00e0 toutes vos questions sur Hmiza Experts dans notre FAQ : livraison, paiements, retours et bien plus encore !\" \/>\n<meta name=\"robots\" content=\"index, follow, max-snippet:-1, max-image-preview:large, max-video-preview:-1\" \/>\n<link rel=\"canonical\" href=\"https:\/\/hmizatexperts.com\/fr_fr\/faq\/\" \/>\n<meta property=\"og:locale\" content=\"fr_FR\" \/>\n<meta property=\"og:type\" content=\"article\" \/>\n<meta property=\"og:title\" content=\"FAQ\" \/>\n<meta property=\"og:description\" content=\"Trouvez les r\u00e9ponses \u00e0 toutes vos questions sur Hmiza Experts dans notre FAQ : livraison, paiements, retours et bien plus encore !\" \/>\n<meta property=\"og:url\" content=\"https:\/\/hmizatexperts.com\/fr_fr\/faq\/\" \/>\n<meta property=\"og:site_name\" content=\"Hmizate Expert\" \/>\n<meta property=\"article:publisher\" content=\"https:\/\/www.facebook.com\/hmizatexperts\" \/>\n<meta property=\"article:modified_time\" content=\"2024-12-18T10:04:33+00:00\" \/>\n<meta name=\"twitter:card\" content=\"summary_large_image\" \/>\n<meta name=\"twitter:site\" content=\"@ExpertsHmizate\" \/>\n<meta name=\"twitter:label1\" content=\"Dur\u00e9e de lecture estim\u00e9e\" \/>\n\t<meta name=\"twitter:data1\" content=\"5 minutes\" \/>\n<script type=\"application\/ld+json\" class=\"yoast-schema-graph\">{\"@context\":\"https:\\\/\\\/schema.org\",\"@graph\":[{\"@type\":\"WebPage\",\"@id\":\"https:\\\/\\\/hmizatexperts.com\\\/faq\\\/\",\"url\":\"https:\\\/\\\/hmizatexperts.com\\\/faq\\\/\",\"name\":\"FAQ - Hmizate Expert\",\"isPartOf\":{\"@id\":\"https:\\\/\\\/hmizatexperts.com\\\/#website\"},\"datePublished\":\"2018-03-10T16:17:58+00:00\",\"dateModified\":\"2024-12-18T10:04:33+00:00\",\"description\":\"Trouvez les r\u00e9ponses \u00e0 toutes vos questions sur Hmiza Experts dans notre FAQ : livraison, paiements, retours et bien plus encore !\",\"breadcrumb\":{\"@id\":\"https:\\\/\\\/hmizatexperts.com\\\/faq\\\/#breadcrumb\"},\"inLanguage\":\"fr-FR\",\"potentialAction\":[{\"@type\":\"ReadAction\",\"target\":[\"https:\\\/\\\/hmizatexperts.com\\\/faq\\\/\"]}]},{\"@type\":\"BreadcrumbList\",\"@id\":\"https:\\\/\\\/hmizatexperts.com\\\/faq\\\/#breadcrumb\",\"itemListElement\":[{\"@type\":\"ListItem\",\"position\":1,\"name\":\"Accueil\",\"item\":\"https:\\\/\\\/hmizatexperts.com\\\/\"},{\"@type\":\"ListItem\",\"position\":2,\"name\":\"FAQ\"}]},{\"@type\":\"WebSite\",\"@id\":\"https:\\\/\\\/hmizatexperts.com\\\/#website\",\"url\":\"https:\\\/\\\/hmizatexperts.com\\\/\",\"name\":\"Hmizate Expert\",\"description\":\"Nos offres aux meilleurs prix et qualit\u00e9\",\"publisher\":{\"@id\":\"https:\\\/\\\/hmizatexperts.com\\\/#organization\"},\"potentialAction\":[{\"@type\":\"SearchAction\",\"target\":{\"@type\":\"EntryPoint\",\"urlTemplate\":\"https:\\\/\\\/hmizatexperts.com\\\/?s={search_term_string}\"},\"query-input\":{\"@type\":\"PropertyValueSpecification\",\"valueRequired\":true,\"valueName\":\"search_term_string\"}}],\"inLanguage\":\"fr-FR\"},{\"@type\":\"Organization\",\"@id\":\"https:\\\/\\\/hmizatexperts.com\\\/#organization\",\"name\":\"Hmizate Expert\",\"url\":\"https:\\\/\\\/hmizatexperts.com\\\/\",\"logo\":{\"@type\":\"ImageObject\",\"inLanguage\":\"fr-FR\",\"@id\":\"https:\\\/\\\/hmizatexperts.com\\\/#\\\/schema\\\/logo\\\/image\\\/\",\"url\":\"https:\\\/\\\/hmizatexperts.com\\\/wp-content\\\/uploads\\\/2021\\\/05\\\/logo_HE2-removebg-preview.png\",\"contentUrl\":\"https:\\\/\\\/hmizatexperts.com\\\/wp-content\\\/uploads\\\/2021\\\/05\\\/logo_HE2-removebg-preview.png\",\"width\":800,\"height\":312,\"caption\":\"Hmizate Expert\"},\"image\":{\"@id\":\"https:\\\/\\\/hmizatexperts.com\\\/#\\\/schema\\\/logo\\\/image\\\/\"},\"sameAs\":[\"https:\\\/\\\/www.facebook.com\\\/hmizatexperts\",\"https:\\\/\\\/x.com\\\/ExpertsHmizate\"]}]}<\/script>\n<!-- \/ Yoast SEO Premium plugin. -->","yoast_head_json":{"title":"FAQ - Hmizate Expert","description":"Trouvez les r\u00e9ponses \u00e0 toutes vos questions sur Hmiza Experts dans notre FAQ : livraison, paiements, retours et bien plus encore !","robots":{"index":"index","follow":"follow","max-snippet":"max-snippet:-1","max-image-preview":"max-image-preview:large","max-video-preview":"max-video-preview:-1"},"canonical":"https:\/\/hmizatexperts.com\/fr_fr\/faq\/","og_locale":"fr_FR","og_type":"article","og_title":"FAQ","og_description":"Trouvez les r\u00e9ponses \u00e0 toutes vos questions sur Hmiza Experts dans notre FAQ : livraison, paiements, retours et bien plus encore !","og_url":"https:\/\/hmizatexperts.com\/fr_fr\/faq\/","og_site_name":"Hmizate Expert","article_publisher":"https:\/\/www.facebook.com\/hmizatexperts","article_modified_time":"2024-12-18T10:04:33+00:00","twitter_card":"summary_large_image","twitter_site":"@ExpertsHmizate","twitter_misc":{"Dur\u00e9e de lecture estim\u00e9e":"5 minutes"},"schema":{"@context":"https:\/\/schema.org","@graph":[{"@type":"WebPage","@id":"https:\/\/hmizatexperts.com\/faq\/","url":"https:\/\/hmizatexperts.com\/faq\/","name":"FAQ - Hmizate Expert","isPartOf":{"@id":"https:\/\/hmizatexperts.com\/#website"},"datePublished":"2018-03-10T16:17:58+00:00","dateModified":"2024-12-18T10:04:33+00:00","description":"Trouvez les r\u00e9ponses \u00e0 toutes vos questions sur Hmiza Experts dans notre FAQ : livraison, paiements, retours et bien plus encore !","breadcrumb":{"@id":"https:\/\/hmizatexperts.com\/faq\/#breadcrumb"},"inLanguage":"fr-FR","potentialAction":[{"@type":"ReadAction","target":["https:\/\/hmizatexperts.com\/faq\/"]}]},{"@type":"BreadcrumbList","@id":"https:\/\/hmizatexperts.com\/faq\/#breadcrumb","itemListElement":[{"@type":"ListItem","position":1,"name":"Accueil","item":"https:\/\/hmizatexperts.com\/"},{"@type":"ListItem","position":2,"name":"FAQ"}]},{"@type":"WebSite","@id":"https:\/\/hmizatexperts.com\/#website","url":"https:\/\/hmizatexperts.com\/","name":"Hmizate Expert","description":"Nos offres aux meilleurs prix et qualit\u00e9","publisher":{"@id":"https:\/\/hmizatexperts.com\/#organization"},"potentialAction":[{"@type":"SearchAction","target":{"@type":"EntryPoint","urlTemplate":"https:\/\/hmizatexperts.com\/?s={search_term_string}"},"query-input":{"@type":"PropertyValueSpecification","valueRequired":true,"valueName":"search_term_string"}}],"inLanguage":"fr-FR"},{"@type":"Organization","@id":"https:\/\/hmizatexperts.com\/#organization","name":"Hmizate Expert","url":"https:\/\/hmizatexperts.com\/","logo":{"@type":"ImageObject","inLanguage":"fr-FR","@id":"https:\/\/hmizatexperts.com\/#\/schema\/logo\/image\/","url":"https:\/\/hmizatexperts.com\/wp-content\/uploads\/2021\/05\/logo_HE2-removebg-preview.png","contentUrl":"https:\/\/hmizatexperts.com\/wp-content\/uploads\/2021\/05\/logo_HE2-removebg-preview.png","width":800,"height":312,"caption":"Hmizate Expert"},"image":{"@id":"https:\/\/hmizatexperts.com\/#\/schema\/logo\/image\/"},"sameAs":["https:\/\/www.facebook.com\/hmizatexperts","https:\/\/x.com\/ExpertsHmizate"]}]}},"_links":{"self":[{"href":"https:\/\/hmizatexperts.com\/fr_fr\/wp-json\/wp\/v2\/pages\/327","targetHints":{"allow":["GET"]}}],"collection":[{"href":"https:\/\/hmizatexperts.com\/fr_fr\/wp-json\/wp\/v2\/pages"}],"about":[{"href":"https:\/\/hmizatexperts.com\/fr_fr\/wp-json\/wp\/v2\/types\/page"}],"author":[{"embeddable":true,"href":"https:\/\/hmizatexperts.com\/fr_fr\/wp-json\/wp\/v2\/users\/1"}],"replies":[{"embeddable":true,"href":"https:\/\/hmizatexperts.com\/fr_fr\/wp-json\/wp\/v2\/comments?post=327"}],"version-history":[{"count":12,"href":"https:\/\/hmizatexperts.com\/fr_fr\/wp-json\/wp\/v2\/pages\/327\/revisions"}],"predecessor-version":[{"id":1947,"href":"https:\/\/hmizatexperts.com\/fr_fr\/wp-json\/wp\/v2\/pages\/327\/revisions\/1947"}],"wp:attachment":[{"href":"https:\/\/hmizatexperts.com\/fr_fr\/wp-json\/wp\/v2\/media?parent=327"}],"curies":[{"name":"wp","href":"https:\/\/api.w.org\/{rel}","templated":true}]}}