{"id":622,"date":"2021-05-24T20:20:54","date_gmt":"2021-05-24T20:20:54","guid":{"rendered":"https:\/\/hmizatexperts.com\/?page_id=622"},"modified":"2024-12-18T10:52:20","modified_gmt":"2024-12-18T09:52:20","slug":"a-propos-de-nous","status":"publish","type":"page","link":"https:\/\/hmizatexperts.com\/fr_fr\/a-propos-de-nous\/","title":{"rendered":"A propos de nous"},"content":{"rendered":"<p>Bienvenue sur notre site web e-commerce bas\u00e9 \u00e0 Marrakech, votre destination shopping en ligne pour tout le Maroc !<\/p>\n<p>Nous offrons :<\/p>\n<ul>\n<li>Une large gamme de produits de haute qualit\u00e9, en d\u00e9tail et en gros.<\/li>\n<li>Les meilleurs prix du march\u00e9.<\/li>\n<li>Tous les modes de paiement disponibles : paiement \u00e0 la livraison ou par virement bancaire.<\/li>\n<li>Livraison gratuite dans toutes les villes du Maroc.<\/li>\n<li>Un processus d&rsquo;achat simple et pratique.<\/li>\n<\/ul>\n<p>Notre \u00e9quipe de support client est l\u00e0 pour vous aider \u00e0 tout moment.<\/p>\n<p>Faites-nous confiance pour tous vos besoins en produits, que ce soit en d\u00e9tail ou en gros, dans toutes les villes du Maroc.<\/p>\n<p>D\u00e9couvrez notre site web d\u00e8s maintenant et profitez d&rsquo;une exp\u00e9rience de shopping exceptionnelle !<\/p>\n<p>Nous sommes impatients de vous servir. Merci de nous faire confiance pour vos achats en ligne au Maroc.<\/p>\n","protected":false},"excerpt":{"rendered":"<p>Bienvenue sur notre site web e-commerce bas\u00e9 \u00e0 Marrakech, votre destination shopping en ligne pour tout le Maroc ! Nous offrons : Une large gamme de produits de haute qualit\u00e9, en d\u00e9tail et en gros. Les meilleurs prix du march\u00e9. Tous les modes de paiement disponibles : paiement \u00e0 la livraison ou par virement bancaire.<\/p>\n<footer class=\"entry-footer text-right\">\n          <a href=\"https:\/\/hmizatexperts.com\/fr_fr\/a-propos-de-nous\/\" class=\"more-link btn btn-link\">READ MORE <i class=\"icon fa fa-long-arrow-right\"><\/i><\/a><br \/>\n         <\/footer>\n","protected":false},"author":1,"featured_media":0,"parent":0,"menu_order":0,"comment_status":"closed","ping_status":"closed","template":"","meta":{"footnotes":""},"class_list":["post-622","page","type-page","status-publish","hentry","entry panel"],"ams_acf":[],"yoast_head":"<!-- This site is optimized with the Yoast SEO Premium plugin v26.6 (Yoast SEO v27.3) - https:\/\/yoast.com\/product\/yoast-seo-premium-wordpress\/ -->\n<title>A propos de nous - Hmizate Expert<\/title>\n<meta name=\"description\" content=\"Hmizate Experts une entreprise \u00e9tablie \u00e0 Marrakech, sp\u00e9cialis\u00e9e dans la vente de produits de qualit\u00e9 \u00e0 des prix comp\u00e9titifs.\" \/>\n<meta name=\"robots\" content=\"index, follow, max-snippet:-1, max-image-preview:large, max-video-preview:-1\" \/>\n<link rel=\"canonical\" href=\"https:\/\/hmizatexperts.com\/fr_fr\/a-propos-de-nous\/\" \/>\n<meta property=\"og:locale\" content=\"fr_FR\" \/>\n<meta property=\"og:type\" content=\"article\" \/>\n<meta property=\"og:title\" content=\"A propos de nous\" \/>\n<meta property=\"og:description\" content=\"Hmizate Experts une entreprise \u00e9tablie \u00e0 Marrakech, sp\u00e9cialis\u00e9e dans la vente de produits de qualit\u00e9 \u00e0 des prix comp\u00e9titifs.\" \/>\n<meta property=\"og:url\" content=\"https:\/\/hmizatexperts.com\/fr_fr\/a-propos-de-nous\/\" \/>\n<meta property=\"og:site_name\" content=\"Hmizate Expert\" \/>\n<meta property=\"article:publisher\" content=\"https:\/\/www.facebook.com\/hmizatexperts\" \/>\n<meta property=\"article:modified_time\" content=\"2024-12-18T09:52:20+00:00\" \/>\n<meta name=\"twitter:card\" content=\"summary_large_image\" \/>\n<meta name=\"twitter:site\" content=\"@ExpertsHmizate\" \/>\n<meta name=\"twitter:label1\" content=\"Dur\u00e9e de lecture estim\u00e9e\" \/>\n\t<meta name=\"twitter:data1\" content=\"1 minute\" \/>\n<script type=\"application\/ld+json\" class=\"yoast-schema-graph\">{\"@context\":\"https:\\\/\\\/schema.org\",\"@graph\":[{\"@type\":\"WebPage\",\"@id\":\"https:\\\/\\\/hmizatexperts.com\\\/a-propos-de-nous\\\/\",\"url\":\"https:\\\/\\\/hmizatexperts.com\\\/a-propos-de-nous\\\/\",\"name\":\"A propos de nous - Hmizate Expert\",\"isPartOf\":{\"@id\":\"https:\\\/\\\/hmizatexperts.com\\\/#website\"},\"datePublished\":\"2021-05-24T20:20:54+00:00\",\"dateModified\":\"2024-12-18T09:52:20+00:00\",\"description\":\"Hmizate Experts une entreprise \u00e9tablie \u00e0 Marrakech, sp\u00e9cialis\u00e9e dans la vente de produits de qualit\u00e9 \u00e0 des prix comp\u00e9titifs.\",\"breadcrumb\":{\"@id\":\"https:\\\/\\\/hmizatexperts.com\\\/a-propos-de-nous\\\/#breadcrumb\"},\"inLanguage\":\"fr-FR\",\"potentialAction\":[{\"@type\":\"ReadAction\",\"target\":[\"https:\\\/\\\/hmizatexperts.com\\\/a-propos-de-nous\\\/\"]}]},{\"@type\":\"BreadcrumbList\",\"@id\":\"https:\\\/\\\/hmizatexperts.com\\\/a-propos-de-nous\\\/#breadcrumb\",\"itemListElement\":[{\"@type\":\"ListItem\",\"position\":1,\"name\":\"Accueil\",\"item\":\"https:\\\/\\\/hmizatexperts.com\\\/\"},{\"@type\":\"ListItem\",\"position\":2,\"name\":\"A propos de nous\"}]},{\"@type\":\"WebSite\",\"@id\":\"https:\\\/\\\/hmizatexperts.com\\\/#website\",\"url\":\"https:\\\/\\\/hmizatexperts.com\\\/\",\"name\":\"Hmizate Expert\",\"description\":\"Nos offres aux meilleurs prix et qualit\u00e9\",\"publisher\":{\"@id\":\"https:\\\/\\\/hmizatexperts.com\\\/#organization\"},\"potentialAction\":[{\"@type\":\"SearchAction\",\"target\":{\"@type\":\"EntryPoint\",\"urlTemplate\":\"https:\\\/\\\/hmizatexperts.com\\\/?s={search_term_string}\"},\"query-input\":{\"@type\":\"PropertyValueSpecification\",\"valueRequired\":true,\"valueName\":\"search_term_string\"}}],\"inLanguage\":\"fr-FR\"},{\"@type\":\"Organization\",\"@id\":\"https:\\\/\\\/hmizatexperts.com\\\/#organization\",\"name\":\"Hmizate Expert\",\"url\":\"https:\\\/\\\/hmizatexperts.com\\\/\",\"logo\":{\"@type\":\"ImageObject\",\"inLanguage\":\"fr-FR\",\"@id\":\"https:\\\/\\\/hmizatexperts.com\\\/#\\\/schema\\\/logo\\\/image\\\/\",\"url\":\"https:\\\/\\\/hmizatexperts.com\\\/wp-content\\\/uploads\\\/2021\\\/05\\\/logo_HE2-removebg-preview.png\",\"contentUrl\":\"https:\\\/\\\/hmizatexperts.com\\\/wp-content\\\/uploads\\\/2021\\\/05\\\/logo_HE2-removebg-preview.png\",\"width\":800,\"height\":312,\"caption\":\"Hmizate Expert\"},\"image\":{\"@id\":\"https:\\\/\\\/hmizatexperts.com\\\/#\\\/schema\\\/logo\\\/image\\\/\"},\"sameAs\":[\"https:\\\/\\\/www.facebook.com\\\/hmizatexperts\",\"https:\\\/\\\/x.com\\\/ExpertsHmizate\"]}]}<\/script>\n<!-- \/ Yoast SEO Premium plugin. -->","yoast_head_json":{"title":"A propos de nous - Hmizate Expert","description":"Hmizate Experts une entreprise \u00e9tablie \u00e0 Marrakech, sp\u00e9cialis\u00e9e dans la vente de produits de qualit\u00e9 \u00e0 des prix comp\u00e9titifs.","robots":{"index":"index","follow":"follow","max-snippet":"max-snippet:-1","max-image-preview":"max-image-preview:large","max-video-preview":"max-video-preview:-1"},"canonical":"https:\/\/hmizatexperts.com\/fr_fr\/a-propos-de-nous\/","og_locale":"fr_FR","og_type":"article","og_title":"A propos de nous","og_description":"Hmizate Experts une entreprise \u00e9tablie \u00e0 Marrakech, sp\u00e9cialis\u00e9e dans la vente de produits de qualit\u00e9 \u00e0 des prix comp\u00e9titifs.","og_url":"https:\/\/hmizatexperts.com\/fr_fr\/a-propos-de-nous\/","og_site_name":"Hmizate Expert","article_publisher":"https:\/\/www.facebook.com\/hmizatexperts","article_modified_time":"2024-12-18T09:52:20+00:00","twitter_card":"summary_large_image","twitter_site":"@ExpertsHmizate","twitter_misc":{"Dur\u00e9e de lecture estim\u00e9e":"1 minute"},"schema":{"@context":"https:\/\/schema.org","@graph":[{"@type":"WebPage","@id":"https:\/\/hmizatexperts.com\/a-propos-de-nous\/","url":"https:\/\/hmizatexperts.com\/a-propos-de-nous\/","name":"A propos de nous - Hmizate Expert","isPartOf":{"@id":"https:\/\/hmizatexperts.com\/#website"},"datePublished":"2021-05-24T20:20:54+00:00","dateModified":"2024-12-18T09:52:20+00:00","description":"Hmizate Experts une entreprise \u00e9tablie \u00e0 Marrakech, sp\u00e9cialis\u00e9e dans la vente de produits de qualit\u00e9 \u00e0 des prix comp\u00e9titifs.","breadcrumb":{"@id":"https:\/\/hmizatexperts.com\/a-propos-de-nous\/#breadcrumb"},"inLanguage":"fr-FR","potentialAction":[{"@type":"ReadAction","target":["https:\/\/hmizatexperts.com\/a-propos-de-nous\/"]}]},{"@type":"BreadcrumbList","@id":"https:\/\/hmizatexperts.com\/a-propos-de-nous\/#breadcrumb","itemListElement":[{"@type":"ListItem","position":1,"name":"Accueil","item":"https:\/\/hmizatexperts.com\/"},{"@type":"ListItem","position":2,"name":"A propos de nous"}]},{"@type":"WebSite","@id":"https:\/\/hmizatexperts.com\/#website","url":"https:\/\/hmizatexperts.com\/","name":"Hmizate Expert","description":"Nos offres aux meilleurs prix et qualit\u00e9","publisher":{"@id":"https:\/\/hmizatexperts.com\/#organization"},"potentialAction":[{"@type":"SearchAction","target":{"@type":"EntryPoint","urlTemplate":"https:\/\/hmizatexperts.com\/?s={search_term_string}"},"query-input":{"@type":"PropertyValueSpecification","valueRequired":true,"valueName":"search_term_string"}}],"inLanguage":"fr-FR"},{"@type":"Organization","@id":"https:\/\/hmizatexperts.com\/#organization","name":"Hmizate Expert","url":"https:\/\/hmizatexperts.com\/","logo":{"@type":"ImageObject","inLanguage":"fr-FR","@id":"https:\/\/hmizatexperts.com\/#\/schema\/logo\/image\/","url":"https:\/\/hmizatexperts.com\/wp-content\/uploads\/2021\/05\/logo_HE2-removebg-preview.png","contentUrl":"https:\/\/hmizatexperts.com\/wp-content\/uploads\/2021\/05\/logo_HE2-removebg-preview.png","width":800,"height":312,"caption":"Hmizate Expert"},"image":{"@id":"https:\/\/hmizatexperts.com\/#\/schema\/logo\/image\/"},"sameAs":["https:\/\/www.facebook.com\/hmizatexperts","https:\/\/x.com\/ExpertsHmizate"]}]}},"_links":{"self":[{"href":"https:\/\/hmizatexperts.com\/fr_fr\/wp-json\/wp\/v2\/pages\/622","targetHints":{"allow":["GET"]}}],"collection":[{"href":"https:\/\/hmizatexperts.com\/fr_fr\/wp-json\/wp\/v2\/pages"}],"about":[{"href":"https:\/\/hmizatexperts.com\/fr_fr\/wp-json\/wp\/v2\/types\/page"}],"author":[{"embeddable":true,"href":"https:\/\/hmizatexperts.com\/fr_fr\/wp-json\/wp\/v2\/users\/1"}],"replies":[{"embeddable":true,"href":"https:\/\/hmizatexperts.com\/fr_fr\/wp-json\/wp\/v2\/comments?post=622"}],"version-history":[{"count":2,"href":"https:\/\/hmizatexperts.com\/fr_fr\/wp-json\/wp\/v2\/pages\/622\/revisions"}],"predecessor-version":[{"id":1744,"href":"https:\/\/hmizatexperts.com\/fr_fr\/wp-json\/wp\/v2\/pages\/622\/revisions\/1744"}],"wp:attachment":[{"href":"https:\/\/hmizatexperts.com\/fr_fr\/wp-json\/wp\/v2\/media?parent=622"}],"curies":[{"name":"wp","href":"https:\/\/api.w.org\/{rel}","templated":true}]}}