{"id":626,"date":"2021-05-24T20:29:23","date_gmt":"2021-05-24T20:29:23","guid":{"rendered":"https:\/\/hmizatexperts.com\/?page_id=626"},"modified":"2024-12-18T11:33:14","modified_gmt":"2024-12-18T10:33:14","slug":"politique-de-remboursement","status":"publish","type":"page","link":"https:\/\/hmizatexperts.com\/fr_fr\/politique-de-remboursement\/","title":{"rendered":"Politique de remboursement"},"content":{"rendered":"\r\n<p>&#8211; Les retours ou les \u00e9changes d&rsquo;un produit est un droit pour tous nos clients, et il comprend tous les produits que nous proposons sur notre site.<\/p>\r\n\r\n\r\n\r\n<p>&#8211; Tous les produits propos\u00e9s sur notre site sont soumis \u00e0 la politique d&rsquo;\u00e9change et de remboursement selon les termes et conditions stipul\u00e9s.<\/p>\r\n\r\n\r\n\r\n<p>&#8211; Les retours ou \u00e9changes peuvent \u00eatre effectu\u00e9s si le produit est dans son \u00e9tat d&rsquo;origine lors de l&rsquo;achat et emball\u00e9 dans son emballage d&rsquo;origine.<\/p>\r\n\r\n\r\n\r\n<p>&#8211; Retour doit \u00eatre r\u00e9clam\u00e9 dans un d\u00e9lai maximal de\u00a0 (3) jours\u00a0 \u00e0 compter de la date de r\u00e9ception de la commande, ou\u00a0dans\u00a0le\u00a0cas\u00a0d&rsquo;endommagement\u00a0de\u00a0produit\u00a0le\u00a0client\u00a0doit\u00a0r\u00e9clamer\u00a0par\u00a0envoyer\u00a0de\u00a0photo\u00a0de\u00a0produit\u00a0par\u00a0whatsapp\u00a0le m\u00eame jour\u00a0de\u00a0la\u00a0r\u00e9ception\u00a0de\u00a0la\u00a0commande.<\/p>\r\n\r\n\r\n\r\n<p>&#8211; Veuillez nous contacter via whatsapp afin de demander un retour ou un \u00e9change.<\/p>\r\n\r\n\r\n\r\n<p>&#8211; Veuillez prendre en photo et envoyer l\u2019\u00e9tat de produit avec la ville, l&rsquo;adresse et le num\u00e9ro de commande sp\u00e9cifi\u00e9s afin qu&rsquo;il puisse \u00eatre remplac\u00e9 par un autre produit dans le cas o\u00f9 le produit est corrompu ou poss\u00e8de un certain d\u00e9faut, ou s&rsquo;il n&rsquo;est pas utilis\u00e9 conform\u00e9ment \u00e0 l&rsquo;accord.<\/p>\r\n\r\n\r\n\r\n<p>&#8211; Le montant est restitu\u00e9 au client en totalit\u00e9 si le produit qu&rsquo;il a re\u00e7u est compl\u00e8tement diff\u00e9rent du produit pr\u00e9sent\u00e9 sur notre site web.<\/p>\r\n\r\n\r\n\r\n<p>&#8211; Nous ne sommes pas responsables des attentes de l&rsquo;utilisation des produits par le client, que nous n&rsquo;avons pas mentionn\u00e9es sur la page du produit sur notre site web.<\/p>\r\n\r\n\r\n\r\n<p>&#8211; D\u00e9duire 30% de valeur total de l\u2019offre si le client ne veut pas du produit et que ce dernier n&rsquo;a aucun d\u00e9faut ou probl\u00e8me mentionn\u00e9.<\/p>\r\n\r\n\r\n\r\n<p>En cas d\u2019\u00e9change produit. Le client doit demander l\u2019\u00e9change dans un d\u00e9lai maximal de 7 jours apr\u00e8s la r\u00e9ception de la commanderie client peut choisir un autre produit sur notre site pour un \u00e9change, en cas de diff\u00e9rence entre les prix la diff\u00e9rence sera supporter par le client<\/p>\r\n\r\n\r\n\r\n<p>-En cas de retours ou \u00e9change les frais de retours sont pris en charge par le client.<\/p>\r\n\r\n\r\n\r\n<p>ou\u00a0dans\u00a0le\u00a0cas\u00a0d&rsquo;endommagement\u00a0de\u00a0produit\u00a0le\u00a0client\u00a0doit\u00a0r\u00e9clamer\u00a0par\u00a0envoyer\u00a0de\u00a0photo\u00a0de\u00a0produit\u00a0par\u00a0whatsapp\u00a0le m\u00eame jour\u00a0de\u00a0la\u00a0r\u00e9ception\u00a0de\u00a0la\u00a0commande.<\/p>\r\n","protected":false},"excerpt":{"rendered":"<p>&#8211; Les retours ou les \u00e9changes d&rsquo;un produit est un droit pour tous nos clients, et il comprend tous les produits que nous proposons sur notre site. &#8211; Tous les produits propos\u00e9s sur notre site sont soumis \u00e0 la politique d&rsquo;\u00e9change et de remboursement selon les termes et conditions stipul\u00e9s. &#8211; Les retours ou \u00e9changes<\/p>\n<footer class=\"entry-footer text-right\">\n          <a href=\"https:\/\/hmizatexperts.com\/fr_fr\/politique-de-remboursement\/\" class=\"more-link btn btn-link\">READ MORE <i class=\"icon fa fa-long-arrow-right\"><\/i><\/a><br \/>\n         <\/footer>\n","protected":false},"author":1,"featured_media":0,"parent":0,"menu_order":0,"comment_status":"closed","ping_status":"closed","template":"","meta":{"footnotes":""},"class_list":["post-626","page","type-page","status-publish","hentry","entry panel"],"ams_acf":[],"yoast_head":"<!-- This site is optimized with the Yoast SEO Premium plugin v26.6 (Yoast SEO v27.4) - https:\/\/yoast.com\/product\/yoast-seo-premium-wordpress\/ -->\n<title>Politique de remboursement - Hmizate Expert<\/title>\n<meta name=\"description\" content=\"Consultez notre politique de remboursement sur Hmiza Experts : conditions, d\u00e9lais et processus pour un achat en toute confiance.\" \/>\n<meta name=\"robots\" content=\"index, follow, max-snippet:-1, max-image-preview:large, max-video-preview:-1\" \/>\n<link rel=\"canonical\" href=\"https:\/\/hmizatexperts.com\/fr_fr\/politique-de-remboursement\/\" \/>\n<meta property=\"og:locale\" content=\"fr_FR\" \/>\n<meta property=\"og:type\" content=\"article\" \/>\n<meta property=\"og:title\" content=\"Politique de remboursement\" \/>\n<meta property=\"og:description\" content=\"Consultez notre politique de remboursement sur Hmiza Experts : conditions, d\u00e9lais et processus pour un achat en toute confiance.\" \/>\n<meta property=\"og:url\" content=\"https:\/\/hmizatexperts.com\/fr_fr\/politique-de-remboursement\/\" \/>\n<meta property=\"og:site_name\" content=\"Hmizate Expert\" \/>\n<meta property=\"article:publisher\" content=\"https:\/\/www.facebook.com\/hmizatexperts\" \/>\n<meta property=\"article:modified_time\" content=\"2024-12-18T10:33:14+00:00\" \/>\n<meta name=\"twitter:card\" content=\"summary_large_image\" \/>\n<meta name=\"twitter:site\" content=\"@ExpertsHmizate\" \/>\n<meta name=\"twitter:label1\" content=\"Dur\u00e9e de lecture estim\u00e9e\" \/>\n\t<meta name=\"twitter:data1\" content=\"2 minutes\" \/>\n<script type=\"application\/ld+json\" class=\"yoast-schema-graph\">{\"@context\":\"https:\\\/\\\/schema.org\",\"@graph\":[{\"@type\":\"WebPage\",\"@id\":\"https:\\\/\\\/hmizatexperts.com\\\/politique-de-remboursement\\\/\",\"url\":\"https:\\\/\\\/hmizatexperts.com\\\/politique-de-remboursement\\\/\",\"name\":\"Politique de remboursement - Hmizate Expert\",\"isPartOf\":{\"@id\":\"https:\\\/\\\/hmizatexperts.com\\\/#website\"},\"datePublished\":\"2021-05-24T20:29:23+00:00\",\"dateModified\":\"2024-12-18T10:33:14+00:00\",\"description\":\"Consultez notre politique de remboursement sur Hmiza Experts : conditions, d\u00e9lais et processus pour un achat en toute confiance.\",\"breadcrumb\":{\"@id\":\"https:\\\/\\\/hmizatexperts.com\\\/politique-de-remboursement\\\/#breadcrumb\"},\"inLanguage\":\"fr-FR\",\"potentialAction\":[{\"@type\":\"ReadAction\",\"target\":[\"https:\\\/\\\/hmizatexperts.com\\\/politique-de-remboursement\\\/\"]}]},{\"@type\":\"BreadcrumbList\",\"@id\":\"https:\\\/\\\/hmizatexperts.com\\\/politique-de-remboursement\\\/#breadcrumb\",\"itemListElement\":[{\"@type\":\"ListItem\",\"position\":1,\"name\":\"Accueil\",\"item\":\"https:\\\/\\\/hmizatexperts.com\\\/\"},{\"@type\":\"ListItem\",\"position\":2,\"name\":\"Politique de remboursement\"}]},{\"@type\":\"WebSite\",\"@id\":\"https:\\\/\\\/hmizatexperts.com\\\/#website\",\"url\":\"https:\\\/\\\/hmizatexperts.com\\\/\",\"name\":\"Hmizate Expert\",\"description\":\"Nos offres aux meilleurs prix et qualit\u00e9\",\"publisher\":{\"@id\":\"https:\\\/\\\/hmizatexperts.com\\\/#organization\"},\"potentialAction\":[{\"@type\":\"SearchAction\",\"target\":{\"@type\":\"EntryPoint\",\"urlTemplate\":\"https:\\\/\\\/hmizatexperts.com\\\/?s={search_term_string}\"},\"query-input\":{\"@type\":\"PropertyValueSpecification\",\"valueRequired\":true,\"valueName\":\"search_term_string\"}}],\"inLanguage\":\"fr-FR\"},{\"@type\":\"Organization\",\"@id\":\"https:\\\/\\\/hmizatexperts.com\\\/#organization\",\"name\":\"Hmizate Expert\",\"url\":\"https:\\\/\\\/hmizatexperts.com\\\/\",\"logo\":{\"@type\":\"ImageObject\",\"inLanguage\":\"fr-FR\",\"@id\":\"https:\\\/\\\/hmizatexperts.com\\\/#\\\/schema\\\/logo\\\/image\\\/\",\"url\":\"https:\\\/\\\/hmizatexperts.com\\\/wp-content\\\/uploads\\\/2021\\\/05\\\/logo_HE2-removebg-preview.png\",\"contentUrl\":\"https:\\\/\\\/hmizatexperts.com\\\/wp-content\\\/uploads\\\/2021\\\/05\\\/logo_HE2-removebg-preview.png\",\"width\":800,\"height\":312,\"caption\":\"Hmizate Expert\"},\"image\":{\"@id\":\"https:\\\/\\\/hmizatexperts.com\\\/#\\\/schema\\\/logo\\\/image\\\/\"},\"sameAs\":[\"https:\\\/\\\/www.facebook.com\\\/hmizatexperts\",\"https:\\\/\\\/x.com\\\/ExpertsHmizate\"]}]}<\/script>\n<!-- \/ Yoast SEO Premium plugin. -->","yoast_head_json":{"title":"Politique de remboursement - Hmizate Expert","description":"Consultez notre politique de remboursement sur Hmiza Experts : conditions, d\u00e9lais et processus pour un achat en toute confiance.","robots":{"index":"index","follow":"follow","max-snippet":"max-snippet:-1","max-image-preview":"max-image-preview:large","max-video-preview":"max-video-preview:-1"},"canonical":"https:\/\/hmizatexperts.com\/fr_fr\/politique-de-remboursement\/","og_locale":"fr_FR","og_type":"article","og_title":"Politique de remboursement","og_description":"Consultez notre politique de remboursement sur Hmiza Experts : conditions, d\u00e9lais et processus pour un achat en toute confiance.","og_url":"https:\/\/hmizatexperts.com\/fr_fr\/politique-de-remboursement\/","og_site_name":"Hmizate Expert","article_publisher":"https:\/\/www.facebook.com\/hmizatexperts","article_modified_time":"2024-12-18T10:33:14+00:00","twitter_card":"summary_large_image","twitter_site":"@ExpertsHmizate","twitter_misc":{"Dur\u00e9e de lecture estim\u00e9e":"2 minutes"},"schema":{"@context":"https:\/\/schema.org","@graph":[{"@type":"WebPage","@id":"https:\/\/hmizatexperts.com\/politique-de-remboursement\/","url":"https:\/\/hmizatexperts.com\/politique-de-remboursement\/","name":"Politique de remboursement - Hmizate Expert","isPartOf":{"@id":"https:\/\/hmizatexperts.com\/#website"},"datePublished":"2021-05-24T20:29:23+00:00","dateModified":"2024-12-18T10:33:14+00:00","description":"Consultez notre politique de remboursement sur Hmiza Experts : conditions, d\u00e9lais et processus pour un achat en toute confiance.","breadcrumb":{"@id":"https:\/\/hmizatexperts.com\/politique-de-remboursement\/#breadcrumb"},"inLanguage":"fr-FR","potentialAction":[{"@type":"ReadAction","target":["https:\/\/hmizatexperts.com\/politique-de-remboursement\/"]}]},{"@type":"BreadcrumbList","@id":"https:\/\/hmizatexperts.com\/politique-de-remboursement\/#breadcrumb","itemListElement":[{"@type":"ListItem","position":1,"name":"Accueil","item":"https:\/\/hmizatexperts.com\/"},{"@type":"ListItem","position":2,"name":"Politique de remboursement"}]},{"@type":"WebSite","@id":"https:\/\/hmizatexperts.com\/#website","url":"https:\/\/hmizatexperts.com\/","name":"Hmizate Expert","description":"Nos offres aux meilleurs prix et qualit\u00e9","publisher":{"@id":"https:\/\/hmizatexperts.com\/#organization"},"potentialAction":[{"@type":"SearchAction","target":{"@type":"EntryPoint","urlTemplate":"https:\/\/hmizatexperts.com\/?s={search_term_string}"},"query-input":{"@type":"PropertyValueSpecification","valueRequired":true,"valueName":"search_term_string"}}],"inLanguage":"fr-FR"},{"@type":"Organization","@id":"https:\/\/hmizatexperts.com\/#organization","name":"Hmizate Expert","url":"https:\/\/hmizatexperts.com\/","logo":{"@type":"ImageObject","inLanguage":"fr-FR","@id":"https:\/\/hmizatexperts.com\/#\/schema\/logo\/image\/","url":"https:\/\/hmizatexperts.com\/wp-content\/uploads\/2021\/05\/logo_HE2-removebg-preview.png","contentUrl":"https:\/\/hmizatexperts.com\/wp-content\/uploads\/2021\/05\/logo_HE2-removebg-preview.png","width":800,"height":312,"caption":"Hmizate Expert"},"image":{"@id":"https:\/\/hmizatexperts.com\/#\/schema\/logo\/image\/"},"sameAs":["https:\/\/www.facebook.com\/hmizatexperts","https:\/\/x.com\/ExpertsHmizate"]}]}},"_links":{"self":[{"href":"https:\/\/hmizatexperts.com\/fr_fr\/wp-json\/wp\/v2\/pages\/626","targetHints":{"allow":["GET"]}}],"collection":[{"href":"https:\/\/hmizatexperts.com\/fr_fr\/wp-json\/wp\/v2\/pages"}],"about":[{"href":"https:\/\/hmizatexperts.com\/fr_fr\/wp-json\/wp\/v2\/types\/page"}],"author":[{"embeddable":true,"href":"https:\/\/hmizatexperts.com\/fr_fr\/wp-json\/wp\/v2\/users\/1"}],"replies":[{"embeddable":true,"href":"https:\/\/hmizatexperts.com\/fr_fr\/wp-json\/wp\/v2\/comments?post=626"}],"version-history":[{"count":3,"href":"https:\/\/hmizatexperts.com\/fr_fr\/wp-json\/wp\/v2\/pages\/626\/revisions"}],"predecessor-version":[{"id":1951,"href":"https:\/\/hmizatexperts.com\/fr_fr\/wp-json\/wp\/v2\/pages\/626\/revisions\/1951"}],"wp:attachment":[{"href":"https:\/\/hmizatexperts.com\/fr_fr\/wp-json\/wp\/v2\/media?parent=626"}],"curies":[{"name":"wp","href":"https:\/\/api.w.org\/{rel}","templated":true}]}}