{"id":1108,"date":"2021-09-18T21:41:52","date_gmt":"2021-09-18T21:41:52","guid":{"rendered":"https:\/\/hmizatexperts.com\/?post_type=product&#038;p=1108"},"modified":"2024-12-17T18:00:51","modified_gmt":"2024-12-17T17:00:51","slug":"brosse-a-vapeur-sb-701a","status":"publish","type":"product","link":"https:\/\/hmizatexperts.com\/fr_fr\/product\/brosse-a-vapeur-sb-701a\/","title":{"rendered":"Brosse \u00e0 vapeur SB-701A SHUANGBAO"},"content":{"rendered":"<p>fer de voyage shuangbao 880 watts<br \/>\nSteamer Vapeur de voyage portable avec capacit\u00e9 de 120 ml Vapeur de v\u00eatement en tissu portable 880 W pour les voyages et la maison Chauffage rapide et cuisson \u00e0 la vapeur continue de 18 minutes<\/p>\n<p>Nom du produit: Fer \u00e0 main<br \/>\nMat\u00e9riau du corps : ABS<br \/>\nPuissance : 880W<br \/>\nCapacit\u00e9 : 120 ml<br \/>\nTaille: 31*8*12cm<br \/>\nLongueur du cordon d&rsquo;alimentation : 1,6 m<\/p>\n<p style=\"text-align: left;\"><a href=\"https:\/\/hmizatexperts.com\/wp-content\/uploads\/2021\/09\/4-1.png\"><img loading=\"lazy\" decoding=\"async\" class=\"size-medium wp-image-1122 aligncenter\" src=\"https:\/\/hmizatexperts.com\/wp-content\/uploads\/2021\/09\/4-1-300x169.png\" alt=\"\" width=\"300\" height=\"169\" srcset=\"https:\/\/hmizatexperts.com\/wp-content\/uploads\/2021\/09\/4-1-300x169.png 300w, https:\/\/hmizatexperts.com\/wp-content\/uploads\/2021\/09\/4-1-1024x576.png 1024w, https:\/\/hmizatexperts.com\/wp-content\/uploads\/2021\/09\/4-1-768x432.png 768w, https:\/\/hmizatexperts.com\/wp-content\/uploads\/2021\/09\/4-1-600x338.png 600w, https:\/\/hmizatexperts.com\/wp-content\/uploads\/2021\/09\/4-1.png 1280w\" sizes=\"auto, (max-width: 300px) 100vw, 300px\" \/><\/a><\/p>\n<p style=\"text-align: left;\">Liste de colisage: machine principale, brosse longue, brosse en flanelle, base, tasse \u00e0 mesurer<\/p>\n<p>Caract\u00e9ristiques:<br \/>\nProtection multiple, \u00e9tanche, anti-\u00e9lectrique, anti-s\u00e8che.<br \/>\nD\u00e9passant la temp\u00e9rature nominale, l&rsquo;h\u00f4te \u00e9teint automatiquement la protection<br \/>\nBouton vapeur \u00e0 un bouton, facile \u00e0 comprendre<br \/>\nInterrupteur de remplacement de la t\u00eate de brosse amovible<br \/>\nIndicateur d&rsquo;alimentation<\/p>\n<p style=\"text-align: center;\"><a href=\"https:\/\/hmizatexperts.com\/wp-content\/uploads\/2021\/09\/5-1.png\"><img loading=\"lazy\" decoding=\"async\" class=\"alignnone size-medium wp-image-1123\" src=\"https:\/\/hmizatexperts.com\/wp-content\/uploads\/2021\/09\/5-1-300x169.png\" alt=\"\" width=\"300\" height=\"169\" srcset=\"https:\/\/hmizatexperts.com\/wp-content\/uploads\/2021\/09\/5-1-300x169.png 300w, https:\/\/hmizatexperts.com\/wp-content\/uploads\/2021\/09\/5-1-1024x576.png 1024w, https:\/\/hmizatexperts.com\/wp-content\/uploads\/2021\/09\/5-1-768x432.png 768w, https:\/\/hmizatexperts.com\/wp-content\/uploads\/2021\/09\/5-1-600x338.png 600w, https:\/\/hmizatexperts.com\/wp-content\/uploads\/2021\/09\/5-1.png 1280w\" sizes=\"auto, (max-width: 300px) 100vw, 300px\" \/><\/a><\/p>\n<p>Deux fonctions : Repassage et nettoyage \u00e0 sec 88W 220V-50HzIndicateur de vapeur Protection contre les surchauffesBouton de r\u00e9glage de la temp\u00e9rature<\/p>\n<ul>\n<li>Mat\u00e9riau du corps: plastique<\/li>\n<li>Poids: 939 gg<\/li>\n<li>Taille:\u00a05.7 x 1.9 x 1.8 inches<\/li>\n<li>Couleur: rouge<\/li>\n<li>Puissance nominale: 880W<\/li>\n<li>Tension nominale: 220V AC<\/li>\n<li>Fr\u00e9quence nominale: 50 HZ<\/li>\n<\/ul>\n<p style=\"text-align: center;\"><a href=\"https:\/\/hmizatexperts.com\/wp-content\/uploads\/2022\/01\/\u062e\u062f\u0645\u0629-\u0627\u0644\u0632\u0628\u0627\u064a\u0654\u0646-1.png\"><img loading=\"lazy\" decoding=\"async\" class=\"alignnone size-medium wp-image-1455\" src=\"https:\/\/hmizatexperts.com\/wp-content\/uploads\/2022\/01\/\u062e\u062f\u0645\u0629-\u0627\u0644\u0632\u0628\u0627\u064a\u0654\u0646-1-300x71.png\" alt=\"\" width=\"300\" height=\"71\" srcset=\"https:\/\/hmizatexperts.com\/wp-content\/uploads\/2022\/01\/\u062e\u062f\u0645\u0629-\u0627\u0644\u0632\u0628\u0627\u064a\u0654\u0646-1-300x71.png 300w, https:\/\/hmizatexperts.com\/wp-content\/uploads\/2022\/01\/\u062e\u062f\u0645\u0629-\u0627\u0644\u0632\u0628\u0627\u064a\u0654\u0646-1-600x142.png 600w, https:\/\/hmizatexperts.com\/wp-content\/uploads\/2022\/01\/\u062e\u062f\u0645\u0629-\u0627\u0644\u0632\u0628\u0627\u064a\u0654\u0646-1.png 603w\" sizes=\"auto, (max-width: 300px) 100vw, 300px\" \/><\/a><\/p>\n","protected":false},"excerpt":{"rendered":"<p>Steamer Vapeur de voyage portable avec capacit\u00e9 de 120 ml Vapeur de v\u00eatement en tissu portable 880 W<\/p>\n","protected":false},"featured_media":1119,"comment_status":"open","ping_status":"closed","template":"","meta":[],"product_brand":[],"product_cat":[109,37],"product_tag":[],"class_list":{"0":"post-1108","1":"product","2":"type-product","3":"status-publish","4":"has-post-thumbnail","6":"product_cat-entretien-et-nettoyage","7":"product_cat-maison-cuisine","8":"location-tout-le-maroc","9":"store-hmizate-experts","10":"entry panel","12":"first","13":"instock","14":"sale","15":"shipping-taxable","16":"purchasable","17":"product-type-simple"},"ams_default_variation_id":0,"ams_product_points_reward":[],"ams_product_discount_percentage":23.33,"ams_price_to_display":299,"ams_acf":[],"yoast_head":"<!-- This site is optimized with the Yoast SEO Premium plugin v26.6 (Yoast SEO v27.5) - https:\/\/yoast.com\/product\/yoast-seo-premium-wordpress\/ -->\n<title>Brosse \u00e0 vapeur SB-701A SHUANGBAO - Hmizate Expert<\/title>\n<meta name=\"description\" content=\"Steamer Vapeur de voyage portable avec capacit\u00e9 de 120 ml Vapeur de v\u00eatement en tissu portable 880 W pour les voyages et la maison Chauffage rapide.\" \/>\n<meta name=\"robots\" content=\"index, follow, max-snippet:-1, max-image-preview:large, max-video-preview:-1\" \/>\n<link rel=\"canonical\" href=\"https:\/\/hmizatexperts.com\/fr_fr\/product\/brosse-a-vapeur-sb-701a\/\" \/>\n<meta property=\"og:locale\" content=\"fr_FR\" \/>\n<meta property=\"og:type\" content=\"article\" \/>\n<meta property=\"og:title\" content=\"Brosse \u00e0 vapeur SB-701A SHUANGBAO\" \/>\n<meta property=\"og:description\" content=\"Steamer Vapeur de voyage portable avec capacit\u00e9 de 120 ml Vapeur de v\u00eatement en tissu portable 880 W pour les voyages et la maison Chauffage rapide.\" \/>\n<meta property=\"og:url\" content=\"https:\/\/hmizatexperts.com\/fr_fr\/product\/brosse-a-vapeur-sb-701a\/\" \/>\n<meta property=\"og:site_name\" content=\"Hmizate Expert\" \/>\n<meta property=\"article:publisher\" content=\"https:\/\/www.facebook.com\/hmizatexperts\" \/>\n<meta property=\"article:modified_time\" content=\"2024-12-17T17:00:51+00:00\" \/>\n<meta property=\"og:image\" content=\"https:\/\/hmizatexperts.com\/wp-content\/uploads\/2021\/09\/1-1.png\" \/>\n\t<meta property=\"og:image:width\" content=\"1280\" \/>\n\t<meta property=\"og:image:height\" content=\"720\" \/>\n\t<meta property=\"og:image:type\" content=\"image\/png\" \/>\n<meta name=\"twitter:card\" content=\"summary_large_image\" \/>\n<meta name=\"twitter:site\" content=\"@ExpertsHmizate\" \/>\n<meta name=\"twitter:label1\" content=\"Dur\u00e9e de lecture estim\u00e9e\" \/>\n\t<meta name=\"twitter:data1\" content=\"2 minutes\" \/>\n<script type=\"application\/ld+json\" class=\"yoast-schema-graph\">{\"@context\":\"https:\\\/\\\/schema.org\",\"@graph\":[{\"@type\":\"WebPage\",\"@id\":\"https:\\\/\\\/hmizatexperts.com\\\/product\\\/brosse-a-vapeur-sb-701a\\\/\",\"url\":\"https:\\\/\\\/hmizatexperts.com\\\/product\\\/brosse-a-vapeur-sb-701a\\\/\",\"name\":\"Brosse \u00e0 vapeur SB-701A SHUANGBAO - Hmizate Expert\",\"isPartOf\":{\"@id\":\"https:\\\/\\\/hmizatexperts.com\\\/#website\"},\"primaryImageOfPage\":{\"@id\":\"https:\\\/\\\/hmizatexperts.com\\\/product\\\/brosse-a-vapeur-sb-701a\\\/#primaryimage\"},\"image\":{\"@id\":\"https:\\\/\\\/hmizatexperts.com\\\/product\\\/brosse-a-vapeur-sb-701a\\\/#primaryimage\"},\"thumbnailUrl\":\"https:\\\/\\\/hmizatexperts.com\\\/wp-content\\\/uploads\\\/2021\\\/09\\\/1-1.png\",\"datePublished\":\"2021-09-18T21:41:52+00:00\",\"dateModified\":\"2024-12-17T17:00:51+00:00\",\"description\":\"Steamer Vapeur de voyage portable avec capacit\u00e9 de 120 ml Vapeur de v\u00eatement en tissu portable 880 W pour les voyages et la maison Chauffage rapide.\",\"breadcrumb\":{\"@id\":\"https:\\\/\\\/hmizatexperts.com\\\/product\\\/brosse-a-vapeur-sb-701a\\\/#breadcrumb\"},\"inLanguage\":\"fr-FR\",\"potentialAction\":[{\"@type\":\"ReadAction\",\"target\":[\"https:\\\/\\\/hmizatexperts.com\\\/product\\\/brosse-a-vapeur-sb-701a\\\/\"]}]},{\"@type\":\"ImageObject\",\"inLanguage\":\"fr-FR\",\"@id\":\"https:\\\/\\\/hmizatexperts.com\\\/product\\\/brosse-a-vapeur-sb-701a\\\/#primaryimage\",\"url\":\"https:\\\/\\\/hmizatexperts.com\\\/wp-content\\\/uploads\\\/2021\\\/09\\\/1-1.png\",\"contentUrl\":\"https:\\\/\\\/hmizatexperts.com\\\/wp-content\\\/uploads\\\/2021\\\/09\\\/1-1.png\",\"width\":1280,\"height\":720},{\"@type\":\"BreadcrumbList\",\"@id\":\"https:\\\/\\\/hmizatexperts.com\\\/product\\\/brosse-a-vapeur-sb-701a\\\/#breadcrumb\",\"itemListElement\":[{\"@type\":\"ListItem\",\"position\":1,\"name\":\"Accueil\",\"item\":\"https:\\\/\\\/hmizatexperts.com\\\/\"},{\"@type\":\"ListItem\",\"position\":2,\"name\":\"Shop\",\"item\":\"https:\\\/\\\/hmizatexperts.com\\\/shop\\\/\"},{\"@type\":\"ListItem\",\"position\":3,\"name\":\"Brosse \u00e0 vapeur SB-701A SHUANGBAO\"}]},{\"@type\":\"WebSite\",\"@id\":\"https:\\\/\\\/hmizatexperts.com\\\/#website\",\"url\":\"https:\\\/\\\/hmizatexperts.com\\\/\",\"name\":\"Hmizate Expert\",\"description\":\"Nos offres aux meilleurs prix et qualit\u00e9\",\"publisher\":{\"@id\":\"https:\\\/\\\/hmizatexperts.com\\\/#organization\"},\"potentialAction\":[{\"@type\":\"SearchAction\",\"target\":{\"@type\":\"EntryPoint\",\"urlTemplate\":\"https:\\\/\\\/hmizatexperts.com\\\/?s={search_term_string}\"},\"query-input\":{\"@type\":\"PropertyValueSpecification\",\"valueRequired\":true,\"valueName\":\"search_term_string\"}}],\"inLanguage\":\"fr-FR\"},{\"@type\":\"Organization\",\"@id\":\"https:\\\/\\\/hmizatexperts.com\\\/#organization\",\"name\":\"Hmizate Expert\",\"url\":\"https:\\\/\\\/hmizatexperts.com\\\/\",\"logo\":{\"@type\":\"ImageObject\",\"inLanguage\":\"fr-FR\",\"@id\":\"https:\\\/\\\/hmizatexperts.com\\\/#\\\/schema\\\/logo\\\/image\\\/\",\"url\":\"https:\\\/\\\/hmizatexperts.com\\\/wp-content\\\/uploads\\\/2021\\\/05\\\/logo_HE2-removebg-preview.png\",\"contentUrl\":\"https:\\\/\\\/hmizatexperts.com\\\/wp-content\\\/uploads\\\/2021\\\/05\\\/logo_HE2-removebg-preview.png\",\"width\":800,\"height\":312,\"caption\":\"Hmizate Expert\"},\"image\":{\"@id\":\"https:\\\/\\\/hmizatexperts.com\\\/#\\\/schema\\\/logo\\\/image\\\/\"},\"sameAs\":[\"https:\\\/\\\/www.facebook.com\\\/hmizatexperts\",\"https:\\\/\\\/x.com\\\/ExpertsHmizate\"]}]}<\/script>\n<!-- \/ Yoast SEO Premium plugin. -->","yoast_head_json":{"title":"Brosse \u00e0 vapeur SB-701A SHUANGBAO - Hmizate Expert","description":"Steamer Vapeur de voyage portable avec capacit\u00e9 de 120 ml Vapeur de v\u00eatement en tissu portable 880 W pour les voyages et la maison Chauffage rapide.","robots":{"index":"index","follow":"follow","max-snippet":"max-snippet:-1","max-image-preview":"max-image-preview:large","max-video-preview":"max-video-preview:-1"},"canonical":"https:\/\/hmizatexperts.com\/fr_fr\/product\/brosse-a-vapeur-sb-701a\/","og_locale":"fr_FR","og_type":"article","og_title":"Brosse \u00e0 vapeur SB-701A SHUANGBAO","og_description":"Steamer Vapeur de voyage portable avec capacit\u00e9 de 120 ml Vapeur de v\u00eatement en tissu portable 880 W pour les voyages et la maison Chauffage rapide.","og_url":"https:\/\/hmizatexperts.com\/fr_fr\/product\/brosse-a-vapeur-sb-701a\/","og_site_name":"Hmizate Expert","article_publisher":"https:\/\/www.facebook.com\/hmizatexperts","article_modified_time":"2024-12-17T17:00:51+00:00","og_image":[{"width":1280,"height":720,"url":"https:\/\/hmizatexperts.com\/wp-content\/uploads\/2021\/09\/1-1.png","type":"image\/png"}],"twitter_card":"summary_large_image","twitter_site":"@ExpertsHmizate","twitter_misc":{"Dur\u00e9e de lecture estim\u00e9e":"2 minutes"},"schema":{"@context":"https:\/\/schema.org","@graph":[{"@type":"WebPage","@id":"https:\/\/hmizatexperts.com\/product\/brosse-a-vapeur-sb-701a\/","url":"https:\/\/hmizatexperts.com\/product\/brosse-a-vapeur-sb-701a\/","name":"Brosse \u00e0 vapeur SB-701A SHUANGBAO - Hmizate Expert","isPartOf":{"@id":"https:\/\/hmizatexperts.com\/#website"},"primaryImageOfPage":{"@id":"https:\/\/hmizatexperts.com\/product\/brosse-a-vapeur-sb-701a\/#primaryimage"},"image":{"@id":"https:\/\/hmizatexperts.com\/product\/brosse-a-vapeur-sb-701a\/#primaryimage"},"thumbnailUrl":"https:\/\/hmizatexperts.com\/wp-content\/uploads\/2021\/09\/1-1.png","datePublished":"2021-09-18T21:41:52+00:00","dateModified":"2024-12-17T17:00:51+00:00","description":"Steamer Vapeur de voyage portable avec capacit\u00e9 de 120 ml Vapeur de v\u00eatement en tissu portable 880 W pour les voyages et la maison Chauffage rapide.","breadcrumb":{"@id":"https:\/\/hmizatexperts.com\/product\/brosse-a-vapeur-sb-701a\/#breadcrumb"},"inLanguage":"fr-FR","potentialAction":[{"@type":"ReadAction","target":["https:\/\/hmizatexperts.com\/product\/brosse-a-vapeur-sb-701a\/"]}]},{"@type":"ImageObject","inLanguage":"fr-FR","@id":"https:\/\/hmizatexperts.com\/product\/brosse-a-vapeur-sb-701a\/#primaryimage","url":"https:\/\/hmizatexperts.com\/wp-content\/uploads\/2021\/09\/1-1.png","contentUrl":"https:\/\/hmizatexperts.com\/wp-content\/uploads\/2021\/09\/1-1.png","width":1280,"height":720},{"@type":"BreadcrumbList","@id":"https:\/\/hmizatexperts.com\/product\/brosse-a-vapeur-sb-701a\/#breadcrumb","itemListElement":[{"@type":"ListItem","position":1,"name":"Accueil","item":"https:\/\/hmizatexperts.com\/"},{"@type":"ListItem","position":2,"name":"Shop","item":"https:\/\/hmizatexperts.com\/shop\/"},{"@type":"ListItem","position":3,"name":"Brosse \u00e0 vapeur SB-701A SHUANGBAO"}]},{"@type":"WebSite","@id":"https:\/\/hmizatexperts.com\/#website","url":"https:\/\/hmizatexperts.com\/","name":"Hmizate Expert","description":"Nos offres aux meilleurs prix et qualit\u00e9","publisher":{"@id":"https:\/\/hmizatexperts.com\/#organization"},"potentialAction":[{"@type":"SearchAction","target":{"@type":"EntryPoint","urlTemplate":"https:\/\/hmizatexperts.com\/?s={search_term_string}"},"query-input":{"@type":"PropertyValueSpecification","valueRequired":true,"valueName":"search_term_string"}}],"inLanguage":"fr-FR"},{"@type":"Organization","@id":"https:\/\/hmizatexperts.com\/#organization","name":"Hmizate Expert","url":"https:\/\/hmizatexperts.com\/","logo":{"@type":"ImageObject","inLanguage":"fr-FR","@id":"https:\/\/hmizatexperts.com\/#\/schema\/logo\/image\/","url":"https:\/\/hmizatexperts.com\/wp-content\/uploads\/2021\/05\/logo_HE2-removebg-preview.png","contentUrl":"https:\/\/hmizatexperts.com\/wp-content\/uploads\/2021\/05\/logo_HE2-removebg-preview.png","width":800,"height":312,"caption":"Hmizate Expert"},"image":{"@id":"https:\/\/hmizatexperts.com\/#\/schema\/logo\/image\/"},"sameAs":["https:\/\/www.facebook.com\/hmizatexperts","https:\/\/x.com\/ExpertsHmizate"]}]}},"_links":{"self":[{"href":"https:\/\/hmizatexperts.com\/fr_fr\/wp-json\/wp\/v2\/product\/1108","targetHints":{"allow":["GET"]}}],"collection":[{"href":"https:\/\/hmizatexperts.com\/fr_fr\/wp-json\/wp\/v2\/product"}],"about":[{"href":"https:\/\/hmizatexperts.com\/fr_fr\/wp-json\/wp\/v2\/types\/product"}],"replies":[{"embeddable":true,"href":"https:\/\/hmizatexperts.com\/fr_fr\/wp-json\/wp\/v2\/comments?post=1108"}],"wp:featuredmedia":[{"embeddable":true,"href":"https:\/\/hmizatexperts.com\/fr_fr\/wp-json\/wp\/v2\/media\/1119"}],"wp:attachment":[{"href":"https:\/\/hmizatexperts.com\/fr_fr\/wp-json\/wp\/v2\/media?parent=1108"}],"wp:term":[{"taxonomy":"product_brand","embeddable":true,"href":"https:\/\/hmizatexperts.com\/fr_fr\/wp-json\/wp\/v2\/product_brand?post=1108"},{"taxonomy":"product_cat","embeddable":true,"href":"https:\/\/hmizatexperts.com\/fr_fr\/wp-json\/wp\/v2\/product_cat?post=1108"},{"taxonomy":"product_tag","embeddable":true,"href":"https:\/\/hmizatexperts.com\/fr_fr\/wp-json\/wp\/v2\/product_tag?post=1108"}],"curies":[{"name":"wp","href":"https:\/\/api.w.org\/{rel}","templated":true}]}}