{"id":1266,"date":"2021-10-07T21:59:11","date_gmt":"2021-10-07T21:59:11","guid":{"rendered":"https:\/\/hmizatexperts.com\/?post_type=product&#038;p=1266"},"modified":"2025-08-14T12:13:55","modified_gmt":"2025-08-14T11:13:55","slug":"hd-vision-wraparounds-lunette-de-soleil-surlunette-pour-conduire-la-nuit","status":"publish","type":"product","link":"https:\/\/hmizatexperts.com\/fr_fr\/product\/hd-vision-wraparounds-lunette-de-soleil-surlunette-pour-conduire-la-nuit\/","title":{"rendered":"Lunette de Soleil Surlunette Pour Conduire la Nuit"},"content":{"rendered":"<p>100% tout neuf et de haute qualit\u00e9.<\/p>\n<p>Les limites d&rsquo;enveloppe de Vision HD sont parfaites si vous portez des lunettes.<\/p>\n<p>Les lunettes de soleil sur ordonnance co\u00fbtent une fortune et laissent entrer la lumi\u00e8re sur les c\u00f4t\u00e9s.<\/p>\n<p>L&rsquo;enveloppe de Vision HD prot\u00e8ge vos yeux du soleil sous tous les angles et permet un port confortable sur vos lunettes r\u00e9guli\u00e8res.<\/p>\n<p>Am\u00e9liorez votre vision.<\/p>\n<p>L\u00e9ger et durable.<\/p>\n<p>Style europ\u00e9en moderne.<\/p>\n<p>Tout comme la t\u00e9l\u00e9vision haute d\u00e9finition.<\/p>\n<p>Prot\u00e9gez vos yeux avec style de tous les c\u00f4t\u00e9s.<\/p>\n<p>Prot\u00e9gez vos yeux des rayons UV nocifs et des reflets du soleil.<\/p>\n<p>La technologie HD Vision vous offre une clart\u00e9 que vous n&rsquo;avez jamais v\u00e9cue.<\/p>\n","protected":false},"excerpt":{"rendered":"<p><span data-sheets-root=\"1\">Fini les reflets aveuglants la nuit ! Conduisez en s\u00e9curit\u00e9 avec nos surlunettes anti-\u00e9blouissement. Solution \u00e9conomique et efficace, elles se portent par-dessus vos lunettes de vue. Vision nocturne am\u00e9lior\u00e9e garantie.<br \/>\n<\/span><\/p>\n","protected":false},"featured_media":1267,"comment_status":"open","ping_status":"closed","template":"","meta":[],"product_brand":[],"product_cat":[53],"product_tag":[],"class_list":{"0":"post-1266","1":"product","2":"type-product","3":"status-publish","4":"has-post-thumbnail","6":"product_cat-mide-et-accessoires","7":"location-tout-le-maroc","8":"store-hmizate-experts","9":"entry panel","11":"first","12":"instock","13":"sale","14":"shipping-taxable","15":"purchasable","16":"product-type-simple"},"ams_default_variation_id":0,"ams_product_points_reward":[],"ams_product_discount_percentage":42.5,"ams_price_to_display":115,"ams_acf":[],"yoast_head":"<!-- This site is optimized with the Yoast SEO Premium plugin v26.6 (Yoast SEO v27.4) - https:\/\/yoast.com\/product\/yoast-seo-premium-wordpress\/ -->\n<title>Lunette de Soleil Surlunette Pour Conduire la Nuit - Hmizate Expert<\/title>\n<meta name=\"description\" content=\"Am\u00e9liorez votre vision nocturne avec les lunettes HD Vision Wraparounds : des sur-lunettes sp\u00e9ciales pour conduire en toute s\u00e9curit\u00e9 la nuit.\" \/>\n<meta name=\"robots\" content=\"index, follow, max-snippet:-1, max-image-preview:large, max-video-preview:-1\" \/>\n<link rel=\"canonical\" href=\"https:\/\/hmizatexperts.com\/fr_fr\/product\/hd-vision-wraparounds-lunette-de-soleil-surlunette-pour-conduire-la-nuit\/\" \/>\n<meta property=\"og:locale\" content=\"fr_FR\" \/>\n<meta property=\"og:type\" content=\"article\" \/>\n<meta property=\"og:title\" content=\"Lunette de Soleil Surlunette Pour Conduire la Nuit\" \/>\n<meta property=\"og:description\" content=\"Am\u00e9liorez votre vision nocturne avec les lunettes HD Vision Wraparounds : des sur-lunettes sp\u00e9ciales pour conduire en toute s\u00e9curit\u00e9 la nuit.\" \/>\n<meta property=\"og:url\" content=\"https:\/\/hmizatexperts.com\/fr_fr\/product\/hd-vision-wraparounds-lunette-de-soleil-surlunette-pour-conduire-la-nuit\/\" \/>\n<meta property=\"og:site_name\" content=\"Hmizate Expert\" \/>\n<meta property=\"article:publisher\" content=\"https:\/\/www.facebook.com\/hmizatexperts\" \/>\n<meta property=\"article:modified_time\" content=\"2025-08-14T11:13:55+00:00\" \/>\n<meta property=\"og:image\" content=\"https:\/\/hmizatexperts.com\/wp-content\/uploads\/2021\/10\/1.png\" \/>\n\t<meta property=\"og:image:width\" content=\"1280\" \/>\n\t<meta property=\"og:image:height\" content=\"720\" \/>\n\t<meta property=\"og:image:type\" content=\"image\/png\" \/>\n<meta name=\"twitter:card\" content=\"summary_large_image\" \/>\n<meta name=\"twitter:site\" content=\"@ExpertsHmizate\" \/>\n<meta name=\"twitter:label1\" content=\"Dur\u00e9e de lecture estim\u00e9e\" \/>\n\t<meta name=\"twitter:data1\" content=\"1 minute\" \/>\n<script type=\"application\/ld+json\" class=\"yoast-schema-graph\">{\"@context\":\"https:\\\/\\\/schema.org\",\"@graph\":[{\"@type\":\"WebPage\",\"@id\":\"https:\\\/\\\/hmizatexperts.com\\\/product\\\/hd-vision-wraparounds-lunette-de-soleil-surlunette-pour-conduire-la-nuit\\\/\",\"url\":\"https:\\\/\\\/hmizatexperts.com\\\/product\\\/hd-vision-wraparounds-lunette-de-soleil-surlunette-pour-conduire-la-nuit\\\/\",\"name\":\"Lunette de Soleil Surlunette Pour Conduire la Nuit - Hmizate Expert\",\"isPartOf\":{\"@id\":\"https:\\\/\\\/hmizatexperts.com\\\/#website\"},\"primaryImageOfPage\":{\"@id\":\"https:\\\/\\\/hmizatexperts.com\\\/product\\\/hd-vision-wraparounds-lunette-de-soleil-surlunette-pour-conduire-la-nuit\\\/#primaryimage\"},\"image\":{\"@id\":\"https:\\\/\\\/hmizatexperts.com\\\/product\\\/hd-vision-wraparounds-lunette-de-soleil-surlunette-pour-conduire-la-nuit\\\/#primaryimage\"},\"thumbnailUrl\":\"https:\\\/\\\/hmizatexperts.com\\\/wp-content\\\/uploads\\\/2021\\\/10\\\/1.png\",\"datePublished\":\"2021-10-07T21:59:11+00:00\",\"dateModified\":\"2025-08-14T11:13:55+00:00\",\"description\":\"Am\u00e9liorez votre vision nocturne avec les lunettes HD Vision Wraparounds : des sur-lunettes sp\u00e9ciales pour conduire en toute s\u00e9curit\u00e9 la nuit.\",\"breadcrumb\":{\"@id\":\"https:\\\/\\\/hmizatexperts.com\\\/product\\\/hd-vision-wraparounds-lunette-de-soleil-surlunette-pour-conduire-la-nuit\\\/#breadcrumb\"},\"inLanguage\":\"fr-FR\",\"potentialAction\":[{\"@type\":\"ReadAction\",\"target\":[\"https:\\\/\\\/hmizatexperts.com\\\/product\\\/hd-vision-wraparounds-lunette-de-soleil-surlunette-pour-conduire-la-nuit\\\/\"]}]},{\"@type\":\"ImageObject\",\"inLanguage\":\"fr-FR\",\"@id\":\"https:\\\/\\\/hmizatexperts.com\\\/product\\\/hd-vision-wraparounds-lunette-de-soleil-surlunette-pour-conduire-la-nuit\\\/#primaryimage\",\"url\":\"https:\\\/\\\/hmizatexperts.com\\\/wp-content\\\/uploads\\\/2021\\\/10\\\/1.png\",\"contentUrl\":\"https:\\\/\\\/hmizatexperts.com\\\/wp-content\\\/uploads\\\/2021\\\/10\\\/1.png\",\"width\":1280,\"height\":720},{\"@type\":\"BreadcrumbList\",\"@id\":\"https:\\\/\\\/hmizatexperts.com\\\/product\\\/hd-vision-wraparounds-lunette-de-soleil-surlunette-pour-conduire-la-nuit\\\/#breadcrumb\",\"itemListElement\":[{\"@type\":\"ListItem\",\"position\":1,\"name\":\"Accueil\",\"item\":\"https:\\\/\\\/hmizatexperts.com\\\/\"},{\"@type\":\"ListItem\",\"position\":2,\"name\":\"Shop\",\"item\":\"https:\\\/\\\/hmizatexperts.com\\\/shop\\\/\"},{\"@type\":\"ListItem\",\"position\":3,\"name\":\"Lunette de Soleil Surlunette Pour Conduire la Nuit\"}]},{\"@type\":\"WebSite\",\"@id\":\"https:\\\/\\\/hmizatexperts.com\\\/#website\",\"url\":\"https:\\\/\\\/hmizatexperts.com\\\/\",\"name\":\"Hmizate Expert\",\"description\":\"Nos offres aux meilleurs prix et qualit\u00e9\",\"publisher\":{\"@id\":\"https:\\\/\\\/hmizatexperts.com\\\/#organization\"},\"potentialAction\":[{\"@type\":\"SearchAction\",\"target\":{\"@type\":\"EntryPoint\",\"urlTemplate\":\"https:\\\/\\\/hmizatexperts.com\\\/?s={search_term_string}\"},\"query-input\":{\"@type\":\"PropertyValueSpecification\",\"valueRequired\":true,\"valueName\":\"search_term_string\"}}],\"inLanguage\":\"fr-FR\"},{\"@type\":\"Organization\",\"@id\":\"https:\\\/\\\/hmizatexperts.com\\\/#organization\",\"name\":\"Hmizate Expert\",\"url\":\"https:\\\/\\\/hmizatexperts.com\\\/\",\"logo\":{\"@type\":\"ImageObject\",\"inLanguage\":\"fr-FR\",\"@id\":\"https:\\\/\\\/hmizatexperts.com\\\/#\\\/schema\\\/logo\\\/image\\\/\",\"url\":\"https:\\\/\\\/hmizatexperts.com\\\/wp-content\\\/uploads\\\/2021\\\/05\\\/logo_HE2-removebg-preview.png\",\"contentUrl\":\"https:\\\/\\\/hmizatexperts.com\\\/wp-content\\\/uploads\\\/2021\\\/05\\\/logo_HE2-removebg-preview.png\",\"width\":800,\"height\":312,\"caption\":\"Hmizate Expert\"},\"image\":{\"@id\":\"https:\\\/\\\/hmizatexperts.com\\\/#\\\/schema\\\/logo\\\/image\\\/\"},\"sameAs\":[\"https:\\\/\\\/www.facebook.com\\\/hmizatexperts\",\"https:\\\/\\\/x.com\\\/ExpertsHmizate\"]}]}<\/script>\n<!-- \/ Yoast SEO Premium plugin. -->","yoast_head_json":{"title":"Lunette de Soleil Surlunette Pour Conduire la Nuit - Hmizate Expert","description":"Am\u00e9liorez votre vision nocturne avec les lunettes HD Vision Wraparounds : des sur-lunettes sp\u00e9ciales pour conduire en toute s\u00e9curit\u00e9 la nuit.","robots":{"index":"index","follow":"follow","max-snippet":"max-snippet:-1","max-image-preview":"max-image-preview:large","max-video-preview":"max-video-preview:-1"},"canonical":"https:\/\/hmizatexperts.com\/fr_fr\/product\/hd-vision-wraparounds-lunette-de-soleil-surlunette-pour-conduire-la-nuit\/","og_locale":"fr_FR","og_type":"article","og_title":"Lunette de Soleil Surlunette Pour Conduire la Nuit","og_description":"Am\u00e9liorez votre vision nocturne avec les lunettes HD Vision Wraparounds : des sur-lunettes sp\u00e9ciales pour conduire en toute s\u00e9curit\u00e9 la nuit.","og_url":"https:\/\/hmizatexperts.com\/fr_fr\/product\/hd-vision-wraparounds-lunette-de-soleil-surlunette-pour-conduire-la-nuit\/","og_site_name":"Hmizate Expert","article_publisher":"https:\/\/www.facebook.com\/hmizatexperts","article_modified_time":"2025-08-14T11:13:55+00:00","og_image":[{"width":1280,"height":720,"url":"https:\/\/hmizatexperts.com\/wp-content\/uploads\/2021\/10\/1.png","type":"image\/png"}],"twitter_card":"summary_large_image","twitter_site":"@ExpertsHmizate","twitter_misc":{"Dur\u00e9e de lecture estim\u00e9e":"1 minute"},"schema":{"@context":"https:\/\/schema.org","@graph":[{"@type":"WebPage","@id":"https:\/\/hmizatexperts.com\/product\/hd-vision-wraparounds-lunette-de-soleil-surlunette-pour-conduire-la-nuit\/","url":"https:\/\/hmizatexperts.com\/product\/hd-vision-wraparounds-lunette-de-soleil-surlunette-pour-conduire-la-nuit\/","name":"Lunette de Soleil Surlunette Pour Conduire la Nuit - Hmizate Expert","isPartOf":{"@id":"https:\/\/hmizatexperts.com\/#website"},"primaryImageOfPage":{"@id":"https:\/\/hmizatexperts.com\/product\/hd-vision-wraparounds-lunette-de-soleil-surlunette-pour-conduire-la-nuit\/#primaryimage"},"image":{"@id":"https:\/\/hmizatexperts.com\/product\/hd-vision-wraparounds-lunette-de-soleil-surlunette-pour-conduire-la-nuit\/#primaryimage"},"thumbnailUrl":"https:\/\/hmizatexperts.com\/wp-content\/uploads\/2021\/10\/1.png","datePublished":"2021-10-07T21:59:11+00:00","dateModified":"2025-08-14T11:13:55+00:00","description":"Am\u00e9liorez votre vision nocturne avec les lunettes HD Vision Wraparounds : des sur-lunettes sp\u00e9ciales pour conduire en toute s\u00e9curit\u00e9 la nuit.","breadcrumb":{"@id":"https:\/\/hmizatexperts.com\/product\/hd-vision-wraparounds-lunette-de-soleil-surlunette-pour-conduire-la-nuit\/#breadcrumb"},"inLanguage":"fr-FR","potentialAction":[{"@type":"ReadAction","target":["https:\/\/hmizatexperts.com\/product\/hd-vision-wraparounds-lunette-de-soleil-surlunette-pour-conduire-la-nuit\/"]}]},{"@type":"ImageObject","inLanguage":"fr-FR","@id":"https:\/\/hmizatexperts.com\/product\/hd-vision-wraparounds-lunette-de-soleil-surlunette-pour-conduire-la-nuit\/#primaryimage","url":"https:\/\/hmizatexperts.com\/wp-content\/uploads\/2021\/10\/1.png","contentUrl":"https:\/\/hmizatexperts.com\/wp-content\/uploads\/2021\/10\/1.png","width":1280,"height":720},{"@type":"BreadcrumbList","@id":"https:\/\/hmizatexperts.com\/product\/hd-vision-wraparounds-lunette-de-soleil-surlunette-pour-conduire-la-nuit\/#breadcrumb","itemListElement":[{"@type":"ListItem","position":1,"name":"Accueil","item":"https:\/\/hmizatexperts.com\/"},{"@type":"ListItem","position":2,"name":"Shop","item":"https:\/\/hmizatexperts.com\/shop\/"},{"@type":"ListItem","position":3,"name":"Lunette de Soleil Surlunette Pour Conduire la Nuit"}]},{"@type":"WebSite","@id":"https:\/\/hmizatexperts.com\/#website","url":"https:\/\/hmizatexperts.com\/","name":"Hmizate Expert","description":"Nos offres aux meilleurs prix et qualit\u00e9","publisher":{"@id":"https:\/\/hmizatexperts.com\/#organization"},"potentialAction":[{"@type":"SearchAction","target":{"@type":"EntryPoint","urlTemplate":"https:\/\/hmizatexperts.com\/?s={search_term_string}"},"query-input":{"@type":"PropertyValueSpecification","valueRequired":true,"valueName":"search_term_string"}}],"inLanguage":"fr-FR"},{"@type":"Organization","@id":"https:\/\/hmizatexperts.com\/#organization","name":"Hmizate Expert","url":"https:\/\/hmizatexperts.com\/","logo":{"@type":"ImageObject","inLanguage":"fr-FR","@id":"https:\/\/hmizatexperts.com\/#\/schema\/logo\/image\/","url":"https:\/\/hmizatexperts.com\/wp-content\/uploads\/2021\/05\/logo_HE2-removebg-preview.png","contentUrl":"https:\/\/hmizatexperts.com\/wp-content\/uploads\/2021\/05\/logo_HE2-removebg-preview.png","width":800,"height":312,"caption":"Hmizate Expert"},"image":{"@id":"https:\/\/hmizatexperts.com\/#\/schema\/logo\/image\/"},"sameAs":["https:\/\/www.facebook.com\/hmizatexperts","https:\/\/x.com\/ExpertsHmizate"]}]}},"_links":{"self":[{"href":"https:\/\/hmizatexperts.com\/fr_fr\/wp-json\/wp\/v2\/product\/1266","targetHints":{"allow":["GET"]}}],"collection":[{"href":"https:\/\/hmizatexperts.com\/fr_fr\/wp-json\/wp\/v2\/product"}],"about":[{"href":"https:\/\/hmizatexperts.com\/fr_fr\/wp-json\/wp\/v2\/types\/product"}],"replies":[{"embeddable":true,"href":"https:\/\/hmizatexperts.com\/fr_fr\/wp-json\/wp\/v2\/comments?post=1266"}],"wp:featuredmedia":[{"embeddable":true,"href":"https:\/\/hmizatexperts.com\/fr_fr\/wp-json\/wp\/v2\/media\/1267"}],"wp:attachment":[{"href":"https:\/\/hmizatexperts.com\/fr_fr\/wp-json\/wp\/v2\/media?parent=1266"}],"wp:term":[{"taxonomy":"product_brand","embeddable":true,"href":"https:\/\/hmizatexperts.com\/fr_fr\/wp-json\/wp\/v2\/product_brand?post=1266"},{"taxonomy":"product_cat","embeddable":true,"href":"https:\/\/hmizatexperts.com\/fr_fr\/wp-json\/wp\/v2\/product_cat?post=1266"},{"taxonomy":"product_tag","embeddable":true,"href":"https:\/\/hmizatexperts.com\/fr_fr\/wp-json\/wp\/v2\/product_tag?post=1266"}],"curies":[{"name":"wp","href":"https:\/\/api.w.org\/{rel}","templated":true}]}}