{"id":1372,"date":"2022-01-05T01:38:22","date_gmt":"2022-01-05T00:38:22","guid":{"rendered":"https:\/\/hmizatexperts.com\/?post_type=product&#038;p=1372"},"modified":"2025-12-18T16:14:38","modified_gmt":"2025-12-18T15:14:38","slug":"mini-machine-a-coudre-machine-a-coudre-portable-a-double-vitesse","status":"publish","type":"product","link":"https:\/\/hmizatexperts.com\/fr_fr\/product\/mini-machine-a-coudre-machine-a-coudre-portable-a-double-vitesse\/","title":{"rendered":"Mini machine \u00e0 coudre portable \u00e0 double vitesse"},"content":{"rendered":"<p>Machine \u00e0 coudre de petite taille La machine \u00e0 coudre Magic Fly a une taille compacte et un type de couture, qui est l\u00e9ger et portable, et se range dans le sac anti-poussi\u00e8re fourni. Il peut r\u00e9pondre \u00e0 vos besoins de couture de base et quotidiens \u00e0 tout moment et n&rsquo;importe o\u00f9.<\/p>\n<p><a href=\"https:\/\/hmizatexperts.com\/wp-content\/uploads\/2022\/01\/3.png\"><img loading=\"lazy\" decoding=\"async\" class=\"size-medium wp-image-1375 aligncenter\" src=\"https:\/\/hmizatexperts.com\/wp-content\/uploads\/2022\/01\/3-300x169.png\" alt=\"\" width=\"300\" height=\"169\" srcset=\"https:\/\/hmizatexperts.com\/wp-content\/uploads\/2022\/01\/3-300x169.png 300w, https:\/\/hmizatexperts.com\/wp-content\/uploads\/2022\/01\/3-1024x576.png 1024w, https:\/\/hmizatexperts.com\/wp-content\/uploads\/2022\/01\/3-768x432.png 768w, https:\/\/hmizatexperts.com\/wp-content\/uploads\/2022\/01\/3-600x338.png 600w, https:\/\/hmizatexperts.com\/wp-content\/uploads\/2022\/01\/3.png 1280w\" sizes=\"auto, (max-width: 300px) 100vw, 300px\" \/><\/a><\/p>\n<p>Mode double vitesse et alimentation Prise en charge de l&rsquo;alimentation AC\/DC ou des piles (non incluses), vous pouvez facilement utiliser la machine \u00e0 coudre avec un bouton ou une p\u00e9dale. Il y a aussi un bouton pour contr\u00f4ler la vitesse, vous pouvez choisir une vitesse faible ou \u00e9lev\u00e9e en fonction de vos comp\u00e9tences en couture.<\/p>\n<p>Lampe int\u00e9gr\u00e9e \u00c9quip\u00e9 d&rsquo;une lampe int\u00e9gr\u00e9e et d&rsquo;un coupe-fil, fournissant une source de lumi\u00e8re suffisante et une coupe droite pour la couture.<\/p>\n<p style=\"text-align: center;\"><a href=\"https:\/\/hmizatexperts.com\/wp-content\/uploads\/2022\/01\/2.png\"><img loading=\"lazy\" decoding=\"async\" class=\"alignnone size-medium wp-image-1374\" src=\"https:\/\/hmizatexperts.com\/wp-content\/uploads\/2022\/01\/2-300x169.png\" alt=\"\" width=\"300\" height=\"169\" srcset=\"https:\/\/hmizatexperts.com\/wp-content\/uploads\/2022\/01\/2-300x169.png 300w, https:\/\/hmizatexperts.com\/wp-content\/uploads\/2022\/01\/2-1024x576.png 1024w, https:\/\/hmizatexperts.com\/wp-content\/uploads\/2022\/01\/2-768x432.png 768w, https:\/\/hmizatexperts.com\/wp-content\/uploads\/2022\/01\/2-600x338.png 600w, https:\/\/hmizatexperts.com\/wp-content\/uploads\/2022\/01\/2.png 1280w\" sizes=\"auto, (max-width: 300px) 100vw, 300px\" \/><\/a><\/p>\n<p>Convient aux d\u00e9butants avec des instructions d\u00e9taill\u00e9es. Ce kit comprend un guide \u00e9tape par \u00e9tape pour que les d\u00e9butants commencent \u00e0 coudre plus facilement. Pour plus d&rsquo;informations sur les comp\u00e9tences d&rsquo;utilisation, vous pouvez rechercher \u00ab\u00a0Comment utiliser une mini machine \u00e0 coudre Magic Fly\u00a0\u00bb sur Internet.<\/p>\n<p style=\"text-align: center;\"><a href=\"https:\/\/hmizatexperts.com\/wp-content\/uploads\/2022\/01\/\u062e\u062f\u0645\u0629-\u0627\u0644\u0632\u0628\u0627\u064a\u0654\u0646-1.png\"><img loading=\"lazy\" decoding=\"async\" class=\"alignnone size-medium wp-image-1455\" src=\"https:\/\/hmizatexperts.com\/wp-content\/uploads\/2022\/01\/\u062e\u062f\u0645\u0629-\u0627\u0644\u0632\u0628\u0627\u064a\u0654\u0646-1-300x71.png\" alt=\"\" width=\"300\" height=\"71\" srcset=\"https:\/\/hmizatexperts.com\/wp-content\/uploads\/2022\/01\/\u062e\u062f\u0645\u0629-\u0627\u0644\u0632\u0628\u0627\u064a\u0654\u0646-1-300x71.png 300w, https:\/\/hmizatexperts.com\/wp-content\/uploads\/2022\/01\/\u062e\u062f\u0645\u0629-\u0627\u0644\u0632\u0628\u0627\u064a\u0654\u0646-1-600x142.png 600w, https:\/\/hmizatexperts.com\/wp-content\/uploads\/2022\/01\/\u062e\u062f\u0645\u0629-\u0627\u0644\u0632\u0628\u0627\u064a\u0654\u0646-1.png 603w\" sizes=\"auto, (max-width: 300px) 100vw, 300px\" \/><\/a><\/p>\n","protected":false},"excerpt":{"rendered":"<p><span data-sheets-root=\"1\">Cousez facilement partout avec la mini machine \u00e0 coudre portable \u00e0 double vitesse. Compacte et l\u00e9g\u00e8re, id\u00e9ale pour les retouches rapides. Double vitesse pour un contr\u00f4le pr\u00e9cis.<br \/>\n<\/span><\/p>\n","protected":false},"featured_media":1376,"comment_status":"open","ping_status":"closed","template":"","meta":[],"product_brand":[],"product_cat":[111,37,108],"product_tag":[],"class_list":{"0":"post-1372","1":"product","2":"type-product","3":"status-publish","4":"has-post-thumbnail","6":"product_cat-bricolage-et-amelioration","7":"product_cat-maison-cuisine","8":"product_cat-rangement-et-organisation","9":"location-tout-le-maroc","10":"store-hmizate-experts","11":"entry panel","13":"first","14":"instock","15":"sale","16":"shipping-taxable","17":"purchasable","18":"product-type-simple"},"ams_default_variation_id":0,"ams_product_points_reward":[],"ams_product_discount_percentage":34.39,"ams_price_to_display":187,"ams_acf":[],"yoast_head":"<!-- This site is optimized with the Yoast SEO Premium plugin v26.6 (Yoast SEO v27.4) - https:\/\/yoast.com\/product\/yoast-seo-premium-wordpress\/ -->\n<title>Mini machine \u00e0 coudre portable \u00e0 double vitesse - Hmizate Expert<\/title>\n<meta name=\"description\" content=\"Machine \u00e0 coudre de petite taille La machine \u00e0 coudre Magic Fly a une taille compacte et un type de couture, qui est l\u00e9ger et portable\" \/>\n<meta name=\"robots\" content=\"index, follow, max-snippet:-1, max-image-preview:large, max-video-preview:-1\" \/>\n<link rel=\"canonical\" href=\"https:\/\/hmizatexperts.com\/fr_fr\/product\/mini-machine-a-coudre-machine-a-coudre-portable-a-double-vitesse\/\" \/>\n<meta property=\"og:locale\" content=\"fr_FR\" \/>\n<meta property=\"og:type\" content=\"article\" \/>\n<meta property=\"og:title\" content=\"Mini machine \u00e0 coudre portable \u00e0 double vitesse\" \/>\n<meta property=\"og:description\" content=\"Machine \u00e0 coudre de petite taille La machine \u00e0 coudre Magic Fly a une taille compacte et un type de couture, qui est l\u00e9ger et portable\" \/>\n<meta property=\"og:url\" content=\"https:\/\/hmizatexperts.com\/fr_fr\/product\/mini-machine-a-coudre-machine-a-coudre-portable-a-double-vitesse\/\" \/>\n<meta property=\"og:site_name\" content=\"Hmizate Expert\" \/>\n<meta property=\"article:publisher\" content=\"https:\/\/www.facebook.com\/hmizatexperts\" \/>\n<meta property=\"article:modified_time\" content=\"2025-12-18T15:14:38+00:00\" \/>\n<meta property=\"og:image\" content=\"https:\/\/hmizatexperts.com\/wp-content\/uploads\/2022\/01\/4.png\" \/>\n\t<meta property=\"og:image:width\" content=\"1280\" \/>\n\t<meta property=\"og:image:height\" content=\"720\" \/>\n\t<meta property=\"og:image:type\" content=\"image\/png\" \/>\n<meta name=\"twitter:card\" content=\"summary_large_image\" \/>\n<meta name=\"twitter:site\" content=\"@ExpertsHmizate\" \/>\n<meta name=\"twitter:label1\" content=\"Dur\u00e9e de lecture estim\u00e9e\" \/>\n\t<meta name=\"twitter:data1\" content=\"2 minutes\" \/>\n<script type=\"application\/ld+json\" class=\"yoast-schema-graph\">{\"@context\":\"https:\\\/\\\/schema.org\",\"@graph\":[{\"@type\":\"WebPage\",\"@id\":\"https:\\\/\\\/hmizatexperts.com\\\/product\\\/mini-machine-a-coudre-machine-a-coudre-portable-a-double-vitesse\\\/\",\"url\":\"https:\\\/\\\/hmizatexperts.com\\\/product\\\/mini-machine-a-coudre-machine-a-coudre-portable-a-double-vitesse\\\/\",\"name\":\"Mini machine \u00e0 coudre portable \u00e0 double vitesse - Hmizate Expert\",\"isPartOf\":{\"@id\":\"https:\\\/\\\/hmizatexperts.com\\\/#website\"},\"primaryImageOfPage\":{\"@id\":\"https:\\\/\\\/hmizatexperts.com\\\/product\\\/mini-machine-a-coudre-machine-a-coudre-portable-a-double-vitesse\\\/#primaryimage\"},\"image\":{\"@id\":\"https:\\\/\\\/hmizatexperts.com\\\/product\\\/mini-machine-a-coudre-machine-a-coudre-portable-a-double-vitesse\\\/#primaryimage\"},\"thumbnailUrl\":\"https:\\\/\\\/hmizatexperts.com\\\/wp-content\\\/uploads\\\/2022\\\/01\\\/4.png\",\"datePublished\":\"2022-01-05T00:38:22+00:00\",\"dateModified\":\"2025-12-18T15:14:38+00:00\",\"description\":\"Machine \u00e0 coudre de petite taille La machine \u00e0 coudre Magic Fly a une taille compacte et un type de couture, qui est l\u00e9ger et portable\",\"breadcrumb\":{\"@id\":\"https:\\\/\\\/hmizatexperts.com\\\/product\\\/mini-machine-a-coudre-machine-a-coudre-portable-a-double-vitesse\\\/#breadcrumb\"},\"inLanguage\":\"fr-FR\",\"potentialAction\":[{\"@type\":\"ReadAction\",\"target\":[\"https:\\\/\\\/hmizatexperts.com\\\/product\\\/mini-machine-a-coudre-machine-a-coudre-portable-a-double-vitesse\\\/\"]}]},{\"@type\":\"ImageObject\",\"inLanguage\":\"fr-FR\",\"@id\":\"https:\\\/\\\/hmizatexperts.com\\\/product\\\/mini-machine-a-coudre-machine-a-coudre-portable-a-double-vitesse\\\/#primaryimage\",\"url\":\"https:\\\/\\\/hmizatexperts.com\\\/wp-content\\\/uploads\\\/2022\\\/01\\\/4.png\",\"contentUrl\":\"https:\\\/\\\/hmizatexperts.com\\\/wp-content\\\/uploads\\\/2022\\\/01\\\/4.png\",\"width\":1280,\"height\":720},{\"@type\":\"BreadcrumbList\",\"@id\":\"https:\\\/\\\/hmizatexperts.com\\\/product\\\/mini-machine-a-coudre-machine-a-coudre-portable-a-double-vitesse\\\/#breadcrumb\",\"itemListElement\":[{\"@type\":\"ListItem\",\"position\":1,\"name\":\"Accueil\",\"item\":\"https:\\\/\\\/hmizatexperts.com\\\/\"},{\"@type\":\"ListItem\",\"position\":2,\"name\":\"Shop\",\"item\":\"https:\\\/\\\/hmizatexperts.com\\\/shop\\\/\"},{\"@type\":\"ListItem\",\"position\":3,\"name\":\"Mini machine \u00e0 coudre portable \u00e0 double vitesse\"}]},{\"@type\":\"WebSite\",\"@id\":\"https:\\\/\\\/hmizatexperts.com\\\/#website\",\"url\":\"https:\\\/\\\/hmizatexperts.com\\\/\",\"name\":\"Hmizate Expert\",\"description\":\"Nos offres aux meilleurs prix et qualit\u00e9\",\"publisher\":{\"@id\":\"https:\\\/\\\/hmizatexperts.com\\\/#organization\"},\"potentialAction\":[{\"@type\":\"SearchAction\",\"target\":{\"@type\":\"EntryPoint\",\"urlTemplate\":\"https:\\\/\\\/hmizatexperts.com\\\/?s={search_term_string}\"},\"query-input\":{\"@type\":\"PropertyValueSpecification\",\"valueRequired\":true,\"valueName\":\"search_term_string\"}}],\"inLanguage\":\"fr-FR\"},{\"@type\":\"Organization\",\"@id\":\"https:\\\/\\\/hmizatexperts.com\\\/#organization\",\"name\":\"Hmizate Expert\",\"url\":\"https:\\\/\\\/hmizatexperts.com\\\/\",\"logo\":{\"@type\":\"ImageObject\",\"inLanguage\":\"fr-FR\",\"@id\":\"https:\\\/\\\/hmizatexperts.com\\\/#\\\/schema\\\/logo\\\/image\\\/\",\"url\":\"https:\\\/\\\/hmizatexperts.com\\\/wp-content\\\/uploads\\\/2021\\\/05\\\/logo_HE2-removebg-preview.png\",\"contentUrl\":\"https:\\\/\\\/hmizatexperts.com\\\/wp-content\\\/uploads\\\/2021\\\/05\\\/logo_HE2-removebg-preview.png\",\"width\":800,\"height\":312,\"caption\":\"Hmizate Expert\"},\"image\":{\"@id\":\"https:\\\/\\\/hmizatexperts.com\\\/#\\\/schema\\\/logo\\\/image\\\/\"},\"sameAs\":[\"https:\\\/\\\/www.facebook.com\\\/hmizatexperts\",\"https:\\\/\\\/x.com\\\/ExpertsHmizate\"]}]}<\/script>\n<!-- \/ Yoast SEO Premium plugin. -->","yoast_head_json":{"title":"Mini machine \u00e0 coudre portable \u00e0 double vitesse - Hmizate Expert","description":"Machine \u00e0 coudre de petite taille La machine \u00e0 coudre Magic Fly a une taille compacte et un type de couture, qui est l\u00e9ger et portable","robots":{"index":"index","follow":"follow","max-snippet":"max-snippet:-1","max-image-preview":"max-image-preview:large","max-video-preview":"max-video-preview:-1"},"canonical":"https:\/\/hmizatexperts.com\/fr_fr\/product\/mini-machine-a-coudre-machine-a-coudre-portable-a-double-vitesse\/","og_locale":"fr_FR","og_type":"article","og_title":"Mini machine \u00e0 coudre portable \u00e0 double vitesse","og_description":"Machine \u00e0 coudre de petite taille La machine \u00e0 coudre Magic Fly a une taille compacte et un type de couture, qui est l\u00e9ger et portable","og_url":"https:\/\/hmizatexperts.com\/fr_fr\/product\/mini-machine-a-coudre-machine-a-coudre-portable-a-double-vitesse\/","og_site_name":"Hmizate Expert","article_publisher":"https:\/\/www.facebook.com\/hmizatexperts","article_modified_time":"2025-12-18T15:14:38+00:00","og_image":[{"width":1280,"height":720,"url":"https:\/\/hmizatexperts.com\/wp-content\/uploads\/2022\/01\/4.png","type":"image\/png"}],"twitter_card":"summary_large_image","twitter_site":"@ExpertsHmizate","twitter_misc":{"Dur\u00e9e de lecture estim\u00e9e":"2 minutes"},"schema":{"@context":"https:\/\/schema.org","@graph":[{"@type":"WebPage","@id":"https:\/\/hmizatexperts.com\/product\/mini-machine-a-coudre-machine-a-coudre-portable-a-double-vitesse\/","url":"https:\/\/hmizatexperts.com\/product\/mini-machine-a-coudre-machine-a-coudre-portable-a-double-vitesse\/","name":"Mini machine \u00e0 coudre portable \u00e0 double vitesse - Hmizate Expert","isPartOf":{"@id":"https:\/\/hmizatexperts.com\/#website"},"primaryImageOfPage":{"@id":"https:\/\/hmizatexperts.com\/product\/mini-machine-a-coudre-machine-a-coudre-portable-a-double-vitesse\/#primaryimage"},"image":{"@id":"https:\/\/hmizatexperts.com\/product\/mini-machine-a-coudre-machine-a-coudre-portable-a-double-vitesse\/#primaryimage"},"thumbnailUrl":"https:\/\/hmizatexperts.com\/wp-content\/uploads\/2022\/01\/4.png","datePublished":"2022-01-05T00:38:22+00:00","dateModified":"2025-12-18T15:14:38+00:00","description":"Machine \u00e0 coudre de petite taille La machine \u00e0 coudre Magic Fly a une taille compacte et un type de couture, qui est l\u00e9ger et portable","breadcrumb":{"@id":"https:\/\/hmizatexperts.com\/product\/mini-machine-a-coudre-machine-a-coudre-portable-a-double-vitesse\/#breadcrumb"},"inLanguage":"fr-FR","potentialAction":[{"@type":"ReadAction","target":["https:\/\/hmizatexperts.com\/product\/mini-machine-a-coudre-machine-a-coudre-portable-a-double-vitesse\/"]}]},{"@type":"ImageObject","inLanguage":"fr-FR","@id":"https:\/\/hmizatexperts.com\/product\/mini-machine-a-coudre-machine-a-coudre-portable-a-double-vitesse\/#primaryimage","url":"https:\/\/hmizatexperts.com\/wp-content\/uploads\/2022\/01\/4.png","contentUrl":"https:\/\/hmizatexperts.com\/wp-content\/uploads\/2022\/01\/4.png","width":1280,"height":720},{"@type":"BreadcrumbList","@id":"https:\/\/hmizatexperts.com\/product\/mini-machine-a-coudre-machine-a-coudre-portable-a-double-vitesse\/#breadcrumb","itemListElement":[{"@type":"ListItem","position":1,"name":"Accueil","item":"https:\/\/hmizatexperts.com\/"},{"@type":"ListItem","position":2,"name":"Shop","item":"https:\/\/hmizatexperts.com\/shop\/"},{"@type":"ListItem","position":3,"name":"Mini machine \u00e0 coudre portable \u00e0 double vitesse"}]},{"@type":"WebSite","@id":"https:\/\/hmizatexperts.com\/#website","url":"https:\/\/hmizatexperts.com\/","name":"Hmizate Expert","description":"Nos offres aux meilleurs prix et qualit\u00e9","publisher":{"@id":"https:\/\/hmizatexperts.com\/#organization"},"potentialAction":[{"@type":"SearchAction","target":{"@type":"EntryPoint","urlTemplate":"https:\/\/hmizatexperts.com\/?s={search_term_string}"},"query-input":{"@type":"PropertyValueSpecification","valueRequired":true,"valueName":"search_term_string"}}],"inLanguage":"fr-FR"},{"@type":"Organization","@id":"https:\/\/hmizatexperts.com\/#organization","name":"Hmizate Expert","url":"https:\/\/hmizatexperts.com\/","logo":{"@type":"ImageObject","inLanguage":"fr-FR","@id":"https:\/\/hmizatexperts.com\/#\/schema\/logo\/image\/","url":"https:\/\/hmizatexperts.com\/wp-content\/uploads\/2021\/05\/logo_HE2-removebg-preview.png","contentUrl":"https:\/\/hmizatexperts.com\/wp-content\/uploads\/2021\/05\/logo_HE2-removebg-preview.png","width":800,"height":312,"caption":"Hmizate Expert"},"image":{"@id":"https:\/\/hmizatexperts.com\/#\/schema\/logo\/image\/"},"sameAs":["https:\/\/www.facebook.com\/hmizatexperts","https:\/\/x.com\/ExpertsHmizate"]}]}},"_links":{"self":[{"href":"https:\/\/hmizatexperts.com\/fr_fr\/wp-json\/wp\/v2\/product\/1372","targetHints":{"allow":["GET"]}}],"collection":[{"href":"https:\/\/hmizatexperts.com\/fr_fr\/wp-json\/wp\/v2\/product"}],"about":[{"href":"https:\/\/hmizatexperts.com\/fr_fr\/wp-json\/wp\/v2\/types\/product"}],"replies":[{"embeddable":true,"href":"https:\/\/hmizatexperts.com\/fr_fr\/wp-json\/wp\/v2\/comments?post=1372"}],"wp:featuredmedia":[{"embeddable":true,"href":"https:\/\/hmizatexperts.com\/fr_fr\/wp-json\/wp\/v2\/media\/1376"}],"wp:attachment":[{"href":"https:\/\/hmizatexperts.com\/fr_fr\/wp-json\/wp\/v2\/media?parent=1372"}],"wp:term":[{"taxonomy":"product_brand","embeddable":true,"href":"https:\/\/hmizatexperts.com\/fr_fr\/wp-json\/wp\/v2\/product_brand?post=1372"},{"taxonomy":"product_cat","embeddable":true,"href":"https:\/\/hmizatexperts.com\/fr_fr\/wp-json\/wp\/v2\/product_cat?post=1372"},{"taxonomy":"product_tag","embeddable":true,"href":"https:\/\/hmizatexperts.com\/fr_fr\/wp-json\/wp\/v2\/product_tag?post=1372"}],"curies":[{"name":"wp","href":"https:\/\/api.w.org\/{rel}","templated":true}]}}