{"id":1389,"date":"2022-01-18T23:06:31","date_gmt":"2022-01-18T22:06:31","guid":{"rendered":"https:\/\/hmizatexperts.com\/?post_type=product&#038;p=1389"},"modified":"2025-08-14T12:09:36","modified_gmt":"2025-08-14T11:09:36","slug":"lunch-box-electrique-acier-boites-repas-inoxydable","status":"publish","type":"product","link":"https:\/\/hmizatexperts.com\/fr_fr\/product\/lunch-box-electrique-acier-boites-repas-inoxydable\/","title":{"rendered":"Lunch Box \u00c9lectrique acier Bo\u00eetes-repas inoxydable"},"content":{"rendered":"<p><strong>Mat\u00e9riau du contenant alimentaire:<\/strong> acier inoxydable 304 de qualit\u00e9 alimentaire; Mat\u00e9riau du bo\u00eetier: plastique PP de qualit\u00e9 alimentaire;<\/p>\n<p><strong>Taille:<\/strong> 235 x 110 x 175 mm.<\/p>\n<p><a href=\"https:\/\/hmizatexperts.com\/wp-content\/uploads\/2022\/01\/HyRzKZDnsTujfyX2bGJbVeEJF7STdmzZVxy8kXVm.gif\"><img loading=\"lazy\" decoding=\"async\" class=\"size-medium wp-image-1391 aligncenter\" src=\"https:\/\/hmizatexperts.com\/wp-content\/uploads\/2022\/01\/HyRzKZDnsTujfyX2bGJbVeEJF7STdmzZVxy8kXVm-300x240.gif\" alt=\"\" width=\"300\" height=\"240\" \/><\/a><\/p>\n<p>Utilisation du chauffage d&rsquo;origine \u00e0 temp\u00e9rature constante de PTC. Le temps de chauffage d\u00e9pend de la temp\u00e9rature de l&rsquo;aliment et de la temp\u00e9rature ext\u00e9rieure (il ne s&rsquo;\u00e9teindra pas automatiquement lorsque l&rsquo;aliment se r\u00e9chauffera). Le r\u00e9chauffement prend normalement 20 \u00e0 30 minutes.<\/p>\n<p>Le r\u00e9cipient pour aliments est en acier inoxydable 304 de qualit\u00e9 alimentaire. La bo\u00eete \u00e0 lunch est totalement non toxique et saine. Il est r\u00e9sistant \u00e0 haute temp\u00e9rature, anti-corrosion, s\u00fbr et fiable. Un couvert en plastique est inclus dans l&#8217;emballage.<\/p>\n<p style=\"text-align: left;\"><a href=\"https:\/\/hmizatexperts.com\/wp-content\/uploads\/2022\/01\/0Fy9zVWK4xfxbUO0S6DIWxnO2dPbjyAmrwAIWPUl.gif\"><img loading=\"lazy\" decoding=\"async\" class=\"size-medium wp-image-1390 aligncenter\" src=\"https:\/\/hmizatexperts.com\/wp-content\/uploads\/2022\/01\/0Fy9zVWK4xfxbUO0S6DIWxnO2dPbjyAmrwAIWPUl-300x225.gif\" alt=\"\" width=\"300\" height=\"225\" \/><\/a><br \/>\nCapacit\u00e9: 1,5 L, 2 r\u00e9cipients amovibles, faciles \u00e0 nettoyer et \u00e0 transporter, il est facile de r\u00e9chauffer des aliments froids comme des l\u00e9gumes, des sandwichs ou d\u2019autres aliments. Cet appareil n\u2019est pas \u00e9tanche, nous vous conseillons donc de ne pas le renverser lorsque vous mettez de la soupe ou un autre aliment liquide.<br \/>\nDot\u00e9 d&rsquo;une poign\u00e9e portable, il est facile \u00e0 transporter et pratique pour de nombreuses occasions disposant d&rsquo;un r\u00e9seau \u00e9lectrique \u00e0 220 V, comme les repas de bureau, les h\u00f4pitaux et les soins aux patients, les repas d&rsquo;\u00e9cole, etc.<\/p>\n<p style=\"text-align: center;\"><a href=\"https:\/\/hmizatexperts.com\/wp-content\/uploads\/2022\/01\/\u062e\u062f\u0645\u0629-\u0627\u0644\u0632\u0628\u0627\u064a\u0654\u0646-1.png\"><img loading=\"lazy\" decoding=\"async\" class=\"alignnone size-medium wp-image-1455\" src=\"https:\/\/hmizatexperts.com\/wp-content\/uploads\/2022\/01\/\u062e\u062f\u0645\u0629-\u0627\u0644\u0632\u0628\u0627\u064a\u0654\u0646-1-300x71.png\" alt=\"\" width=\"300\" height=\"71\" srcset=\"https:\/\/hmizatexperts.com\/wp-content\/uploads\/2022\/01\/\u062e\u062f\u0645\u0629-\u0627\u0644\u0632\u0628\u0627\u064a\u0654\u0646-1-300x71.png 300w, https:\/\/hmizatexperts.com\/wp-content\/uploads\/2022\/01\/\u062e\u062f\u0645\u0629-\u0627\u0644\u0632\u0628\u0627\u064a\u0654\u0646-1-600x142.png 600w, https:\/\/hmizatexperts.com\/wp-content\/uploads\/2022\/01\/\u062e\u062f\u0645\u0629-\u0627\u0644\u0632\u0628\u0627\u064a\u0654\u0646-1.png 603w\" sizes=\"auto, (max-width: 300px) 100vw, 300px\" \/><\/a><\/p>\n","protected":false},"excerpt":{"rendered":"<p><span data-sheets-root=\"1\">Lunch box \u00e9lectrique en acier inoxydable: saine, r\u00e9sistante \u00e0 la chaleur et anti-corrosion. Gardez vos repas chauds et savoureux en toute s\u00e9curit\u00e9. Id\u00e9ale pour le bureau ou les d\u00e9placements.<br \/>\n<\/span><\/p>\n","protected":false},"featured_media":1393,"comment_status":"open","ping_status":"closed","template":"","meta":[],"product_brand":[],"product_cat":[37],"product_tag":[],"class_list":{"0":"post-1389","1":"product","2":"type-product","3":"status-publish","4":"has-post-thumbnail","6":"product_cat-maison-cuisine","7":"location-tout-le-maroc","8":"store-hmizate-experts","9":"entry panel","11":"first","12":"instock","13":"sale","14":"shipping-taxable","15":"purchasable","16":"product-type-simple"},"ams_default_variation_id":0,"ams_product_points_reward":[],"ams_product_discount_percentage":30.19,"ams_price_to_display":185,"ams_acf":[],"yoast_head":"<!-- This site is optimized with the Yoast SEO Premium plugin v26.6 (Yoast SEO v27.4) - https:\/\/yoast.com\/product\/yoast-seo-premium-wordpress\/ -->\n<title>Lunch Box \u00c9lectrique acier Bo\u00eetes-repas inoxydable - Hmizate Expert<\/title>\n<meta name=\"description\" content=\"Le r\u00e9cipient pour aliments est en acier inoxydable 304 de qualit\u00e9 alimentaire. La bo\u00eete \u00e0 lunch est totalement non toxique et saine.\" \/>\n<meta name=\"robots\" content=\"index, follow, max-snippet:-1, max-image-preview:large, max-video-preview:-1\" \/>\n<link rel=\"canonical\" href=\"https:\/\/hmizatexperts.com\/fr_fr\/product\/lunch-box-electrique-acier-boites-repas-inoxydable\/\" \/>\n<meta property=\"og:locale\" content=\"fr_FR\" \/>\n<meta property=\"og:type\" content=\"article\" \/>\n<meta property=\"og:title\" content=\"Lunch Box \u00c9lectrique acier Bo\u00eetes-repas inoxydable\" \/>\n<meta property=\"og:description\" content=\"Le r\u00e9cipient pour aliments est en acier inoxydable 304 de qualit\u00e9 alimentaire. La bo\u00eete \u00e0 lunch est totalement non toxique et saine.\" \/>\n<meta property=\"og:url\" content=\"https:\/\/hmizatexperts.com\/fr_fr\/product\/lunch-box-electrique-acier-boites-repas-inoxydable\/\" \/>\n<meta property=\"og:site_name\" content=\"Hmizate Expert\" \/>\n<meta property=\"article:publisher\" content=\"https:\/\/www.facebook.com\/hmizatexperts\" \/>\n<meta property=\"article:modified_time\" content=\"2025-08-14T11:09:36+00:00\" \/>\n<meta property=\"og:image\" content=\"https:\/\/hmizatexperts.com\/wp-content\/uploads\/2022\/01\/2-1.png\" \/>\n\t<meta property=\"og:image:width\" content=\"1280\" \/>\n\t<meta property=\"og:image:height\" content=\"720\" \/>\n\t<meta property=\"og:image:type\" content=\"image\/png\" \/>\n<meta name=\"twitter:card\" content=\"summary_large_image\" \/>\n<meta name=\"twitter:site\" content=\"@ExpertsHmizate\" \/>\n<meta name=\"twitter:label1\" content=\"Dur\u00e9e de lecture estim\u00e9e\" \/>\n\t<meta name=\"twitter:data1\" content=\"2 minutes\" \/>\n<script type=\"application\/ld+json\" class=\"yoast-schema-graph\">{\"@context\":\"https:\\\/\\\/schema.org\",\"@graph\":[{\"@type\":\"WebPage\",\"@id\":\"https:\\\/\\\/hmizatexperts.com\\\/product\\\/lunch-box-electrique-acier-boites-repas-inoxydable\\\/\",\"url\":\"https:\\\/\\\/hmizatexperts.com\\\/product\\\/lunch-box-electrique-acier-boites-repas-inoxydable\\\/\",\"name\":\"Lunch Box \u00c9lectrique acier Bo\u00eetes-repas inoxydable - Hmizate Expert\",\"isPartOf\":{\"@id\":\"https:\\\/\\\/hmizatexperts.com\\\/#website\"},\"primaryImageOfPage\":{\"@id\":\"https:\\\/\\\/hmizatexperts.com\\\/product\\\/lunch-box-electrique-acier-boites-repas-inoxydable\\\/#primaryimage\"},\"image\":{\"@id\":\"https:\\\/\\\/hmizatexperts.com\\\/product\\\/lunch-box-electrique-acier-boites-repas-inoxydable\\\/#primaryimage\"},\"thumbnailUrl\":\"https:\\\/\\\/hmizatexperts.com\\\/wp-content\\\/uploads\\\/2022\\\/01\\\/2-1.png\",\"datePublished\":\"2022-01-18T22:06:31+00:00\",\"dateModified\":\"2025-08-14T11:09:36+00:00\",\"description\":\"Le r\u00e9cipient pour aliments est en acier inoxydable 304 de qualit\u00e9 alimentaire. La bo\u00eete \u00e0 lunch est totalement non toxique et saine.\",\"breadcrumb\":{\"@id\":\"https:\\\/\\\/hmizatexperts.com\\\/product\\\/lunch-box-electrique-acier-boites-repas-inoxydable\\\/#breadcrumb\"},\"inLanguage\":\"fr-FR\",\"potentialAction\":[{\"@type\":\"ReadAction\",\"target\":[\"https:\\\/\\\/hmizatexperts.com\\\/product\\\/lunch-box-electrique-acier-boites-repas-inoxydable\\\/\"]}]},{\"@type\":\"ImageObject\",\"inLanguage\":\"fr-FR\",\"@id\":\"https:\\\/\\\/hmizatexperts.com\\\/product\\\/lunch-box-electrique-acier-boites-repas-inoxydable\\\/#primaryimage\",\"url\":\"https:\\\/\\\/hmizatexperts.com\\\/wp-content\\\/uploads\\\/2022\\\/01\\\/2-1.png\",\"contentUrl\":\"https:\\\/\\\/hmizatexperts.com\\\/wp-content\\\/uploads\\\/2022\\\/01\\\/2-1.png\",\"width\":1280,\"height\":720},{\"@type\":\"BreadcrumbList\",\"@id\":\"https:\\\/\\\/hmizatexperts.com\\\/product\\\/lunch-box-electrique-acier-boites-repas-inoxydable\\\/#breadcrumb\",\"itemListElement\":[{\"@type\":\"ListItem\",\"position\":1,\"name\":\"Accueil\",\"item\":\"https:\\\/\\\/hmizatexperts.com\\\/\"},{\"@type\":\"ListItem\",\"position\":2,\"name\":\"Shop\",\"item\":\"https:\\\/\\\/hmizatexperts.com\\\/shop\\\/\"},{\"@type\":\"ListItem\",\"position\":3,\"name\":\"Lunch Box \u00c9lectrique acier Bo\u00eetes-repas inoxydable\"}]},{\"@type\":\"WebSite\",\"@id\":\"https:\\\/\\\/hmizatexperts.com\\\/#website\",\"url\":\"https:\\\/\\\/hmizatexperts.com\\\/\",\"name\":\"Hmizate Expert\",\"description\":\"Nos offres aux meilleurs prix et qualit\u00e9\",\"publisher\":{\"@id\":\"https:\\\/\\\/hmizatexperts.com\\\/#organization\"},\"potentialAction\":[{\"@type\":\"SearchAction\",\"target\":{\"@type\":\"EntryPoint\",\"urlTemplate\":\"https:\\\/\\\/hmizatexperts.com\\\/?s={search_term_string}\"},\"query-input\":{\"@type\":\"PropertyValueSpecification\",\"valueRequired\":true,\"valueName\":\"search_term_string\"}}],\"inLanguage\":\"fr-FR\"},{\"@type\":\"Organization\",\"@id\":\"https:\\\/\\\/hmizatexperts.com\\\/#organization\",\"name\":\"Hmizate Expert\",\"url\":\"https:\\\/\\\/hmizatexperts.com\\\/\",\"logo\":{\"@type\":\"ImageObject\",\"inLanguage\":\"fr-FR\",\"@id\":\"https:\\\/\\\/hmizatexperts.com\\\/#\\\/schema\\\/logo\\\/image\\\/\",\"url\":\"https:\\\/\\\/hmizatexperts.com\\\/wp-content\\\/uploads\\\/2021\\\/05\\\/logo_HE2-removebg-preview.png\",\"contentUrl\":\"https:\\\/\\\/hmizatexperts.com\\\/wp-content\\\/uploads\\\/2021\\\/05\\\/logo_HE2-removebg-preview.png\",\"width\":800,\"height\":312,\"caption\":\"Hmizate Expert\"},\"image\":{\"@id\":\"https:\\\/\\\/hmizatexperts.com\\\/#\\\/schema\\\/logo\\\/image\\\/\"},\"sameAs\":[\"https:\\\/\\\/www.facebook.com\\\/hmizatexperts\",\"https:\\\/\\\/x.com\\\/ExpertsHmizate\"]}]}<\/script>\n<!-- \/ Yoast SEO Premium plugin. -->","yoast_head_json":{"title":"Lunch Box \u00c9lectrique acier Bo\u00eetes-repas inoxydable - Hmizate Expert","description":"Le r\u00e9cipient pour aliments est en acier inoxydable 304 de qualit\u00e9 alimentaire. La bo\u00eete \u00e0 lunch est totalement non toxique et saine.","robots":{"index":"index","follow":"follow","max-snippet":"max-snippet:-1","max-image-preview":"max-image-preview:large","max-video-preview":"max-video-preview:-1"},"canonical":"https:\/\/hmizatexperts.com\/fr_fr\/product\/lunch-box-electrique-acier-boites-repas-inoxydable\/","og_locale":"fr_FR","og_type":"article","og_title":"Lunch Box \u00c9lectrique acier Bo\u00eetes-repas inoxydable","og_description":"Le r\u00e9cipient pour aliments est en acier inoxydable 304 de qualit\u00e9 alimentaire. La bo\u00eete \u00e0 lunch est totalement non toxique et saine.","og_url":"https:\/\/hmizatexperts.com\/fr_fr\/product\/lunch-box-electrique-acier-boites-repas-inoxydable\/","og_site_name":"Hmizate Expert","article_publisher":"https:\/\/www.facebook.com\/hmizatexperts","article_modified_time":"2025-08-14T11:09:36+00:00","og_image":[{"width":1280,"height":720,"url":"https:\/\/hmizatexperts.com\/wp-content\/uploads\/2022\/01\/2-1.png","type":"image\/png"}],"twitter_card":"summary_large_image","twitter_site":"@ExpertsHmizate","twitter_misc":{"Dur\u00e9e de lecture estim\u00e9e":"2 minutes"},"schema":{"@context":"https:\/\/schema.org","@graph":[{"@type":"WebPage","@id":"https:\/\/hmizatexperts.com\/product\/lunch-box-electrique-acier-boites-repas-inoxydable\/","url":"https:\/\/hmizatexperts.com\/product\/lunch-box-electrique-acier-boites-repas-inoxydable\/","name":"Lunch Box \u00c9lectrique acier Bo\u00eetes-repas inoxydable - Hmizate Expert","isPartOf":{"@id":"https:\/\/hmizatexperts.com\/#website"},"primaryImageOfPage":{"@id":"https:\/\/hmizatexperts.com\/product\/lunch-box-electrique-acier-boites-repas-inoxydable\/#primaryimage"},"image":{"@id":"https:\/\/hmizatexperts.com\/product\/lunch-box-electrique-acier-boites-repas-inoxydable\/#primaryimage"},"thumbnailUrl":"https:\/\/hmizatexperts.com\/wp-content\/uploads\/2022\/01\/2-1.png","datePublished":"2022-01-18T22:06:31+00:00","dateModified":"2025-08-14T11:09:36+00:00","description":"Le r\u00e9cipient pour aliments est en acier inoxydable 304 de qualit\u00e9 alimentaire. La bo\u00eete \u00e0 lunch est totalement non toxique et saine.","breadcrumb":{"@id":"https:\/\/hmizatexperts.com\/product\/lunch-box-electrique-acier-boites-repas-inoxydable\/#breadcrumb"},"inLanguage":"fr-FR","potentialAction":[{"@type":"ReadAction","target":["https:\/\/hmizatexperts.com\/product\/lunch-box-electrique-acier-boites-repas-inoxydable\/"]}]},{"@type":"ImageObject","inLanguage":"fr-FR","@id":"https:\/\/hmizatexperts.com\/product\/lunch-box-electrique-acier-boites-repas-inoxydable\/#primaryimage","url":"https:\/\/hmizatexperts.com\/wp-content\/uploads\/2022\/01\/2-1.png","contentUrl":"https:\/\/hmizatexperts.com\/wp-content\/uploads\/2022\/01\/2-1.png","width":1280,"height":720},{"@type":"BreadcrumbList","@id":"https:\/\/hmizatexperts.com\/product\/lunch-box-electrique-acier-boites-repas-inoxydable\/#breadcrumb","itemListElement":[{"@type":"ListItem","position":1,"name":"Accueil","item":"https:\/\/hmizatexperts.com\/"},{"@type":"ListItem","position":2,"name":"Shop","item":"https:\/\/hmizatexperts.com\/shop\/"},{"@type":"ListItem","position":3,"name":"Lunch Box \u00c9lectrique acier Bo\u00eetes-repas inoxydable"}]},{"@type":"WebSite","@id":"https:\/\/hmizatexperts.com\/#website","url":"https:\/\/hmizatexperts.com\/","name":"Hmizate Expert","description":"Nos offres aux meilleurs prix et qualit\u00e9","publisher":{"@id":"https:\/\/hmizatexperts.com\/#organization"},"potentialAction":[{"@type":"SearchAction","target":{"@type":"EntryPoint","urlTemplate":"https:\/\/hmizatexperts.com\/?s={search_term_string}"},"query-input":{"@type":"PropertyValueSpecification","valueRequired":true,"valueName":"search_term_string"}}],"inLanguage":"fr-FR"},{"@type":"Organization","@id":"https:\/\/hmizatexperts.com\/#organization","name":"Hmizate Expert","url":"https:\/\/hmizatexperts.com\/","logo":{"@type":"ImageObject","inLanguage":"fr-FR","@id":"https:\/\/hmizatexperts.com\/#\/schema\/logo\/image\/","url":"https:\/\/hmizatexperts.com\/wp-content\/uploads\/2021\/05\/logo_HE2-removebg-preview.png","contentUrl":"https:\/\/hmizatexperts.com\/wp-content\/uploads\/2021\/05\/logo_HE2-removebg-preview.png","width":800,"height":312,"caption":"Hmizate Expert"},"image":{"@id":"https:\/\/hmizatexperts.com\/#\/schema\/logo\/image\/"},"sameAs":["https:\/\/www.facebook.com\/hmizatexperts","https:\/\/x.com\/ExpertsHmizate"]}]}},"_links":{"self":[{"href":"https:\/\/hmizatexperts.com\/fr_fr\/wp-json\/wp\/v2\/product\/1389","targetHints":{"allow":["GET"]}}],"collection":[{"href":"https:\/\/hmizatexperts.com\/fr_fr\/wp-json\/wp\/v2\/product"}],"about":[{"href":"https:\/\/hmizatexperts.com\/fr_fr\/wp-json\/wp\/v2\/types\/product"}],"replies":[{"embeddable":true,"href":"https:\/\/hmizatexperts.com\/fr_fr\/wp-json\/wp\/v2\/comments?post=1389"}],"wp:featuredmedia":[{"embeddable":true,"href":"https:\/\/hmizatexperts.com\/fr_fr\/wp-json\/wp\/v2\/media\/1393"}],"wp:attachment":[{"href":"https:\/\/hmizatexperts.com\/fr_fr\/wp-json\/wp\/v2\/media?parent=1389"}],"wp:term":[{"taxonomy":"product_brand","embeddable":true,"href":"https:\/\/hmizatexperts.com\/fr_fr\/wp-json\/wp\/v2\/product_brand?post=1389"},{"taxonomy":"product_cat","embeddable":true,"href":"https:\/\/hmizatexperts.com\/fr_fr\/wp-json\/wp\/v2\/product_cat?post=1389"},{"taxonomy":"product_tag","embeddable":true,"href":"https:\/\/hmizatexperts.com\/fr_fr\/wp-json\/wp\/v2\/product_tag?post=1389"}],"curies":[{"name":"wp","href":"https:\/\/api.w.org\/{rel}","templated":true}]}}