{"id":149,"date":"2018-02-17T11:37:05","date_gmt":"2018-02-17T11:37:05","guid":{"rendered":"http:\/\/localhost:8080\/friday\/?post_type=product&#038;p=149"},"modified":"2024-12-17T22:44:55","modified_gmt":"2024-12-17T21:44:55","slug":"peigne-electrique-pour-animaux-domestiques-pour-repousse-les-poux","status":"publish","type":"product","link":"https:\/\/hmizatexperts.com\/fr_fr\/product\/peigne-electrique-pour-animaux-domestiques-pour-repousse-les-poux\/","title":{"rendered":"Appareil nettoyeur rapide des cheveux"},"content":{"rendered":"<p>la solution innovante sans allerg\u00e8nes ni produits chimiques contre les poux.<br \/>\nLorsque vous peignez avec le\u00a0<strong>V-Comb<\/strong>, il capture les poux et les lentes dans un filtre jetable \u00e0 l&rsquo;int\u00e9rieur de l&rsquo;appareil. Apr\u00e8s le traitement, retirez simplement le filtre de l&rsquo;appareil et verrouillez le couvercle. Ne vous demandez pas si votre traitement anti-poux fonctionne, tout est dans le filtre\u00a0!<\/p>\n<p><a href=\"https:\/\/hmizatexperts.com\/wp-content\/uploads\/2018\/02\/2-1.png\"><img loading=\"lazy\" decoding=\"async\" class=\"wp-image-727 aligncenter\" src=\"https:\/\/hmizatexperts.com\/wp-content\/uploads\/2018\/02\/2-1-300x188.png\" alt=\"\" width=\"277\" height=\"174\" srcset=\"https:\/\/hmizatexperts.com\/wp-content\/uploads\/2018\/02\/2-1-300x188.png 300w, https:\/\/hmizatexperts.com\/wp-content\/uploads\/2018\/02\/2-1-768x480.png 768w, https:\/\/hmizatexperts.com\/wp-content\/uploads\/2018\/02\/2-1-600x375.png 600w, https:\/\/hmizatexperts.com\/wp-content\/uploads\/2018\/02\/2-1.png 800w\" sizes=\"auto, (max-width: 277px) 100vw, 277px\" \/><\/a><\/p>\n<p>&#8211; Elimine les poux et les lentes<br \/>\n&#8211; D\u00e9tecte et emp\u00eache l&rsquo;infestation<br \/>\n&#8211; Aussi facile qu&rsquo;un peigne<br \/>\n&#8211; Appareil \u00e9lectrique<\/p>\n<p>Caract\u00e9ristiques\u00a0:<br \/>\n&#8211; Traitement contre les poux sans produits chimiques ni allerg\u00e8nes<br \/>\n&#8211; Syst\u00e8me hygi\u00e9nique \u00e0 filtre jetable<br \/>\n&#8211; Design compact et ergonomique<br \/>\n&#8211; Filtre \u00e9clair\u00e9 par LED<br \/>\n&#8211; Angle du peigne r\u00e9glable<br \/>\n&#8211; Dents en acier inoxydable arrondies<\/p>\n<p><a href=\"https:\/\/hmizatexperts.com\/wp-content\/uploads\/2018\/02\/1-1.png\"><img loading=\"lazy\" decoding=\"async\" class=\"wp-image-726 aligncenter\" src=\"https:\/\/hmizatexperts.com\/wp-content\/uploads\/2018\/02\/1-1-300x188.png\" alt=\"\" width=\"280\" height=\"176\" srcset=\"https:\/\/hmizatexperts.com\/wp-content\/uploads\/2018\/02\/1-1-300x188.png 300w, https:\/\/hmizatexperts.com\/wp-content\/uploads\/2018\/02\/1-1-768x480.png 768w, https:\/\/hmizatexperts.com\/wp-content\/uploads\/2018\/02\/1-1-600x375.png 600w, https:\/\/hmizatexperts.com\/wp-content\/uploads\/2018\/02\/1-1.png 800w\" sizes=\"auto, (max-width: 280px) 100vw, 280px\" \/><\/a><\/p>\n<p>AU REVOIR LES POUX BONJOUR\u00a0<strong>V-COMB<\/strong><br \/>\nLe peignage des cheveux est toujours la m\u00e9thode la plus ef\ufb01cace recommand\u00e9e pour traiter une infestation par les poux. Le V-Comb va plus loin en gardant le traitement hygi\u00e9nique et simple, sans aucune aide de produits allerg\u00e8nes ou chimiques.<\/p>\n<p>AUSSI SIMPLE QUE DE SE PEIGNER LES CHEVEUX<br \/>\n&#8211; Assemblez le\u00a0<strong>V-Comb<\/strong>\u00a0comme indiqu\u00e9 dans les instructions<br \/>\n&#8211; S\u00e9parez les cheveux secs en m\u00e8ches de taille ad\u00e9quate<br \/>\n&#8211; Commencez \u00e0 peigner \u00e0 la base du cou<br \/>\n&#8211; Passez le peigne le long du cuir chevelu jusqu&rsquo;au bout des m\u00e8ches<br \/>\n&#8211; R\u00e9p\u00e9tez 2 \u00e0 3 fois pour chaque m\u00e8ches et sur toute la chevelure<br \/>\n&#8211; D\u00e9tachez avec soin le filtre du\u00a0<strong>V-Comb<\/strong>\u00a0et refermez-le avec son couvercle pour une \u00e9limination hygi\u00e9nique<br \/>\n&#8211; R\u00e9f\u00e9rez-vous au manuel \u00e0 l&rsquo;int\u00e9rieur pour les instructions<\/p>\n<p><a href=\"https:\/\/hmizatexperts.com\/wp-content\/uploads\/2018\/02\/3.png\"><img loading=\"lazy\" decoding=\"async\" class=\"wp-image-723 aligncenter\" src=\"https:\/\/hmizatexperts.com\/wp-content\/uploads\/2018\/02\/3-300x188.png\" alt=\"\" width=\"263\" height=\"165\" srcset=\"https:\/\/hmizatexperts.com\/wp-content\/uploads\/2018\/02\/3-300x188.png 300w, https:\/\/hmizatexperts.com\/wp-content\/uploads\/2018\/02\/3-768x480.png 768w, https:\/\/hmizatexperts.com\/wp-content\/uploads\/2018\/02\/3-600x375.png 600w, https:\/\/hmizatexperts.com\/wp-content\/uploads\/2018\/02\/3.png 800w\" sizes=\"auto, (max-width: 263px) 100vw, 263px\" \/><\/a><\/p>\n<p>Le cycle de vie du pou\u00a0:<br \/>\nJour 0\u00a0: \u0153ufs. Les \u0153ufs \u00e9closent en nymphes.<br \/>\nJour 10\u00a0: nymphes. Les nymphes deviennent adultes.<br \/>\nJour 20\u00a0: adultes.<br \/>\nUne femelle adulte peut pondre jusqu&rsquo;\u00e0 200 \u0153ufs durant sa vie.<br \/>\nLa dur\u00e9e de vie d&rsquo;un pou est approximativement de 30 jours.<\/p>\n<p><a href=\"https:\/\/hmizatexperts.com\/wp-content\/uploads\/2022\/01\/\u062e\u062f\u0645\u0629-\u0627\u0644\u0632\u0628\u0627\u064a\u0654\u0646-1.png\"><img loading=\"lazy\" decoding=\"async\" class=\"size-medium wp-image-1455 aligncenter\" src=\"https:\/\/hmizatexperts.com\/wp-content\/uploads\/2022\/01\/\u062e\u062f\u0645\u0629-\u0627\u0644\u0632\u0628\u0627\u064a\u0654\u0646-1-300x71.png\" alt=\"\" width=\"300\" height=\"71\" srcset=\"https:\/\/hmizatexperts.com\/wp-content\/uploads\/2022\/01\/\u062e\u062f\u0645\u0629-\u0627\u0644\u0632\u0628\u0627\u064a\u0654\u0646-1-300x71.png 300w, https:\/\/hmizatexperts.com\/wp-content\/uploads\/2022\/01\/\u062e\u062f\u0645\u0629-\u0627\u0644\u0632\u0628\u0627\u064a\u0654\u0646-1-600x142.png 600w, https:\/\/hmizatexperts.com\/wp-content\/uploads\/2022\/01\/\u062e\u062f\u0645\u0629-\u0627\u0644\u0632\u0628\u0627\u064a\u0654\u0646-1.png 603w\" sizes=\"auto, (max-width: 300px) 100vw, 300px\" \/><\/a><\/p>\n","protected":false},"excerpt":{"rendered":"<p>la solution innovante sans allerg\u00e8nes ni produits chimiques contre les poux.<\/p>\n","protected":false},"featured_media":725,"comment_status":"open","ping_status":"closed","template":"","meta":[],"product_brand":[],"product_cat":[49],"product_tag":[],"class_list":{"0":"post-149","1":"product","2":"type-product","3":"status-publish","4":"has-post-thumbnail","6":"product_cat-enfants-jouets","7":"location-tout-le-maroc","8":"store-hmizate-experts","9":"entry panel","11":"first","12":"instock","13":"sale","14":"shipping-taxable","15":"purchasable","16":"product-type-simple"},"ams_default_variation_id":0,"ams_product_points_reward":[],"ams_product_discount_percentage":29.17,"ams_price_to_display":170,"ams_acf":[],"yoast_head":"<!-- This site is optimized with the Yoast SEO Premium plugin v26.6 (Yoast SEO v27.4) - https:\/\/yoast.com\/product\/yoast-seo-premium-wordpress\/ -->\n<title>Appareil nettoyeur rapide des cheveux - Hmizate Expert<\/title>\n<meta name=\"description\" content=\"\u00c9liminez les poux en toute s\u00e9curit\u00e9 avec notre peigne \u00e9lectrique : une solution rapide et efficace pour traiter les infestations de mani\u00e8re naturelle.\" \/>\n<meta name=\"robots\" content=\"index, follow, max-snippet:-1, max-image-preview:large, max-video-preview:-1\" \/>\n<link rel=\"canonical\" href=\"https:\/\/hmizatexperts.com\/fr_fr\/product\/peigne-electrique-pour-animaux-domestiques-pour-repousse-les-poux\/\" \/>\n<meta property=\"og:locale\" content=\"fr_FR\" \/>\n<meta property=\"og:type\" content=\"article\" \/>\n<meta property=\"og:title\" content=\"Appareil nettoyeur rapide des cheveux\" \/>\n<meta property=\"og:description\" content=\"\u00c9liminez les poux en toute s\u00e9curit\u00e9 avec notre peigne \u00e9lectrique : une solution rapide et efficace pour traiter les infestations de mani\u00e8re naturelle.\" \/>\n<meta property=\"og:url\" content=\"https:\/\/hmizatexperts.com\/fr_fr\/product\/peigne-electrique-pour-animaux-domestiques-pour-repousse-les-poux\/\" \/>\n<meta property=\"og:site_name\" content=\"Hmizate Expert\" \/>\n<meta property=\"article:publisher\" content=\"https:\/\/www.facebook.com\/hmizatexperts\" \/>\n<meta property=\"article:modified_time\" content=\"2024-12-17T21:44:55+00:00\" \/>\n<meta property=\"og:image\" content=\"https:\/\/hmizatexperts.com\/wp-content\/uploads\/2018\/02\/5.png\" \/>\n\t<meta property=\"og:image:width\" content=\"800\" \/>\n\t<meta property=\"og:image:height\" content=\"500\" \/>\n\t<meta property=\"og:image:type\" content=\"image\/png\" \/>\n<meta name=\"twitter:card\" content=\"summary_large_image\" \/>\n<meta name=\"twitter:site\" content=\"@ExpertsHmizate\" \/>\n<meta name=\"twitter:label1\" content=\"Dur\u00e9e de lecture estim\u00e9e\" \/>\n\t<meta name=\"twitter:data1\" content=\"3 minutes\" \/>\n<script type=\"application\/ld+json\" class=\"yoast-schema-graph\">{\"@context\":\"https:\\\/\\\/schema.org\",\"@graph\":[{\"@type\":\"WebPage\",\"@id\":\"https:\\\/\\\/hmizatexperts.com\\\/product\\\/peigne-electrique-pour-animaux-domestiques-pour-repousse-les-poux\\\/\",\"url\":\"https:\\\/\\\/hmizatexperts.com\\\/product\\\/peigne-electrique-pour-animaux-domestiques-pour-repousse-les-poux\\\/\",\"name\":\"Appareil nettoyeur rapide des cheveux - Hmizate Expert\",\"isPartOf\":{\"@id\":\"https:\\\/\\\/hmizatexperts.com\\\/#website\"},\"primaryImageOfPage\":{\"@id\":\"https:\\\/\\\/hmizatexperts.com\\\/product\\\/peigne-electrique-pour-animaux-domestiques-pour-repousse-les-poux\\\/#primaryimage\"},\"image\":{\"@id\":\"https:\\\/\\\/hmizatexperts.com\\\/product\\\/peigne-electrique-pour-animaux-domestiques-pour-repousse-les-poux\\\/#primaryimage\"},\"thumbnailUrl\":\"https:\\\/\\\/hmizatexperts.com\\\/wp-content\\\/uploads\\\/2018\\\/02\\\/5.png\",\"datePublished\":\"2018-02-17T11:37:05+00:00\",\"dateModified\":\"2024-12-17T21:44:55+00:00\",\"description\":\"\u00c9liminez les poux en toute s\u00e9curit\u00e9 avec notre peigne \u00e9lectrique : une solution rapide et efficace pour traiter les infestations de mani\u00e8re naturelle.\",\"breadcrumb\":{\"@id\":\"https:\\\/\\\/hmizatexperts.com\\\/product\\\/peigne-electrique-pour-animaux-domestiques-pour-repousse-les-poux\\\/#breadcrumb\"},\"inLanguage\":\"fr-FR\",\"potentialAction\":[{\"@type\":\"ReadAction\",\"target\":[\"https:\\\/\\\/hmizatexperts.com\\\/product\\\/peigne-electrique-pour-animaux-domestiques-pour-repousse-les-poux\\\/\"]}]},{\"@type\":\"ImageObject\",\"inLanguage\":\"fr-FR\",\"@id\":\"https:\\\/\\\/hmizatexperts.com\\\/product\\\/peigne-electrique-pour-animaux-domestiques-pour-repousse-les-poux\\\/#primaryimage\",\"url\":\"https:\\\/\\\/hmizatexperts.com\\\/wp-content\\\/uploads\\\/2018\\\/02\\\/5.png\",\"contentUrl\":\"https:\\\/\\\/hmizatexperts.com\\\/wp-content\\\/uploads\\\/2018\\\/02\\\/5.png\",\"width\":800,\"height\":500},{\"@type\":\"BreadcrumbList\",\"@id\":\"https:\\\/\\\/hmizatexperts.com\\\/product\\\/peigne-electrique-pour-animaux-domestiques-pour-repousse-les-poux\\\/#breadcrumb\",\"itemListElement\":[{\"@type\":\"ListItem\",\"position\":1,\"name\":\"Accueil\",\"item\":\"https:\\\/\\\/hmizatexperts.com\\\/\"},{\"@type\":\"ListItem\",\"position\":2,\"name\":\"Shop\",\"item\":\"https:\\\/\\\/hmizatexperts.com\\\/shop\\\/\"},{\"@type\":\"ListItem\",\"position\":3,\"name\":\"Appareil nettoyeur rapide des cheveux\"}]},{\"@type\":\"WebSite\",\"@id\":\"https:\\\/\\\/hmizatexperts.com\\\/#website\",\"url\":\"https:\\\/\\\/hmizatexperts.com\\\/\",\"name\":\"Hmizate Expert\",\"description\":\"Nos offres aux meilleurs prix et qualit\u00e9\",\"publisher\":{\"@id\":\"https:\\\/\\\/hmizatexperts.com\\\/#organization\"},\"potentialAction\":[{\"@type\":\"SearchAction\",\"target\":{\"@type\":\"EntryPoint\",\"urlTemplate\":\"https:\\\/\\\/hmizatexperts.com\\\/?s={search_term_string}\"},\"query-input\":{\"@type\":\"PropertyValueSpecification\",\"valueRequired\":true,\"valueName\":\"search_term_string\"}}],\"inLanguage\":\"fr-FR\"},{\"@type\":\"Organization\",\"@id\":\"https:\\\/\\\/hmizatexperts.com\\\/#organization\",\"name\":\"Hmizate Expert\",\"url\":\"https:\\\/\\\/hmizatexperts.com\\\/\",\"logo\":{\"@type\":\"ImageObject\",\"inLanguage\":\"fr-FR\",\"@id\":\"https:\\\/\\\/hmizatexperts.com\\\/#\\\/schema\\\/logo\\\/image\\\/\",\"url\":\"https:\\\/\\\/hmizatexperts.com\\\/wp-content\\\/uploads\\\/2021\\\/05\\\/logo_HE2-removebg-preview.png\",\"contentUrl\":\"https:\\\/\\\/hmizatexperts.com\\\/wp-content\\\/uploads\\\/2021\\\/05\\\/logo_HE2-removebg-preview.png\",\"width\":800,\"height\":312,\"caption\":\"Hmizate Expert\"},\"image\":{\"@id\":\"https:\\\/\\\/hmizatexperts.com\\\/#\\\/schema\\\/logo\\\/image\\\/\"},\"sameAs\":[\"https:\\\/\\\/www.facebook.com\\\/hmizatexperts\",\"https:\\\/\\\/x.com\\\/ExpertsHmizate\"]}]}<\/script>\n<!-- \/ Yoast SEO Premium plugin. -->","yoast_head_json":{"title":"Appareil nettoyeur rapide des cheveux - Hmizate Expert","description":"\u00c9liminez les poux en toute s\u00e9curit\u00e9 avec notre peigne \u00e9lectrique : une solution rapide et efficace pour traiter les infestations de mani\u00e8re naturelle.","robots":{"index":"index","follow":"follow","max-snippet":"max-snippet:-1","max-image-preview":"max-image-preview:large","max-video-preview":"max-video-preview:-1"},"canonical":"https:\/\/hmizatexperts.com\/fr_fr\/product\/peigne-electrique-pour-animaux-domestiques-pour-repousse-les-poux\/","og_locale":"fr_FR","og_type":"article","og_title":"Appareil nettoyeur rapide des cheveux","og_description":"\u00c9liminez les poux en toute s\u00e9curit\u00e9 avec notre peigne \u00e9lectrique : une solution rapide et efficace pour traiter les infestations de mani\u00e8re naturelle.","og_url":"https:\/\/hmizatexperts.com\/fr_fr\/product\/peigne-electrique-pour-animaux-domestiques-pour-repousse-les-poux\/","og_site_name":"Hmizate Expert","article_publisher":"https:\/\/www.facebook.com\/hmizatexperts","article_modified_time":"2024-12-17T21:44:55+00:00","og_image":[{"width":800,"height":500,"url":"https:\/\/hmizatexperts.com\/wp-content\/uploads\/2018\/02\/5.png","type":"image\/png"}],"twitter_card":"summary_large_image","twitter_site":"@ExpertsHmizate","twitter_misc":{"Dur\u00e9e de lecture estim\u00e9e":"3 minutes"},"schema":{"@context":"https:\/\/schema.org","@graph":[{"@type":"WebPage","@id":"https:\/\/hmizatexperts.com\/product\/peigne-electrique-pour-animaux-domestiques-pour-repousse-les-poux\/","url":"https:\/\/hmizatexperts.com\/product\/peigne-electrique-pour-animaux-domestiques-pour-repousse-les-poux\/","name":"Appareil nettoyeur rapide des cheveux - Hmizate Expert","isPartOf":{"@id":"https:\/\/hmizatexperts.com\/#website"},"primaryImageOfPage":{"@id":"https:\/\/hmizatexperts.com\/product\/peigne-electrique-pour-animaux-domestiques-pour-repousse-les-poux\/#primaryimage"},"image":{"@id":"https:\/\/hmizatexperts.com\/product\/peigne-electrique-pour-animaux-domestiques-pour-repousse-les-poux\/#primaryimage"},"thumbnailUrl":"https:\/\/hmizatexperts.com\/wp-content\/uploads\/2018\/02\/5.png","datePublished":"2018-02-17T11:37:05+00:00","dateModified":"2024-12-17T21:44:55+00:00","description":"\u00c9liminez les poux en toute s\u00e9curit\u00e9 avec notre peigne \u00e9lectrique : une solution rapide et efficace pour traiter les infestations de mani\u00e8re naturelle.","breadcrumb":{"@id":"https:\/\/hmizatexperts.com\/product\/peigne-electrique-pour-animaux-domestiques-pour-repousse-les-poux\/#breadcrumb"},"inLanguage":"fr-FR","potentialAction":[{"@type":"ReadAction","target":["https:\/\/hmizatexperts.com\/product\/peigne-electrique-pour-animaux-domestiques-pour-repousse-les-poux\/"]}]},{"@type":"ImageObject","inLanguage":"fr-FR","@id":"https:\/\/hmizatexperts.com\/product\/peigne-electrique-pour-animaux-domestiques-pour-repousse-les-poux\/#primaryimage","url":"https:\/\/hmizatexperts.com\/wp-content\/uploads\/2018\/02\/5.png","contentUrl":"https:\/\/hmizatexperts.com\/wp-content\/uploads\/2018\/02\/5.png","width":800,"height":500},{"@type":"BreadcrumbList","@id":"https:\/\/hmizatexperts.com\/product\/peigne-electrique-pour-animaux-domestiques-pour-repousse-les-poux\/#breadcrumb","itemListElement":[{"@type":"ListItem","position":1,"name":"Accueil","item":"https:\/\/hmizatexperts.com\/"},{"@type":"ListItem","position":2,"name":"Shop","item":"https:\/\/hmizatexperts.com\/shop\/"},{"@type":"ListItem","position":3,"name":"Appareil nettoyeur rapide des cheveux"}]},{"@type":"WebSite","@id":"https:\/\/hmizatexperts.com\/#website","url":"https:\/\/hmizatexperts.com\/","name":"Hmizate Expert","description":"Nos offres aux meilleurs prix et qualit\u00e9","publisher":{"@id":"https:\/\/hmizatexperts.com\/#organization"},"potentialAction":[{"@type":"SearchAction","target":{"@type":"EntryPoint","urlTemplate":"https:\/\/hmizatexperts.com\/?s={search_term_string}"},"query-input":{"@type":"PropertyValueSpecification","valueRequired":true,"valueName":"search_term_string"}}],"inLanguage":"fr-FR"},{"@type":"Organization","@id":"https:\/\/hmizatexperts.com\/#organization","name":"Hmizate Expert","url":"https:\/\/hmizatexperts.com\/","logo":{"@type":"ImageObject","inLanguage":"fr-FR","@id":"https:\/\/hmizatexperts.com\/#\/schema\/logo\/image\/","url":"https:\/\/hmizatexperts.com\/wp-content\/uploads\/2021\/05\/logo_HE2-removebg-preview.png","contentUrl":"https:\/\/hmizatexperts.com\/wp-content\/uploads\/2021\/05\/logo_HE2-removebg-preview.png","width":800,"height":312,"caption":"Hmizate Expert"},"image":{"@id":"https:\/\/hmizatexperts.com\/#\/schema\/logo\/image\/"},"sameAs":["https:\/\/www.facebook.com\/hmizatexperts","https:\/\/x.com\/ExpertsHmizate"]}]}},"_links":{"self":[{"href":"https:\/\/hmizatexperts.com\/fr_fr\/wp-json\/wp\/v2\/product\/149","targetHints":{"allow":["GET"]}}],"collection":[{"href":"https:\/\/hmizatexperts.com\/fr_fr\/wp-json\/wp\/v2\/product"}],"about":[{"href":"https:\/\/hmizatexperts.com\/fr_fr\/wp-json\/wp\/v2\/types\/product"}],"replies":[{"embeddable":true,"href":"https:\/\/hmizatexperts.com\/fr_fr\/wp-json\/wp\/v2\/comments?post=149"}],"wp:featuredmedia":[{"embeddable":true,"href":"https:\/\/hmizatexperts.com\/fr_fr\/wp-json\/wp\/v2\/media\/725"}],"wp:attachment":[{"href":"https:\/\/hmizatexperts.com\/fr_fr\/wp-json\/wp\/v2\/media?parent=149"}],"wp:term":[{"taxonomy":"product_brand","embeddable":true,"href":"https:\/\/hmizatexperts.com\/fr_fr\/wp-json\/wp\/v2\/product_brand?post=149"},{"taxonomy":"product_cat","embeddable":true,"href":"https:\/\/hmizatexperts.com\/fr_fr\/wp-json\/wp\/v2\/product_cat?post=149"},{"taxonomy":"product_tag","embeddable":true,"href":"https:\/\/hmizatexperts.com\/fr_fr\/wp-json\/wp\/v2\/product_tag?post=149"}],"curies":[{"name":"wp","href":"https:\/\/api.w.org\/{rel}","templated":true}]}}