{"id":1501,"date":"2022-07-01T10:21:32","date_gmt":"2022-07-01T09:21:32","guid":{"rendered":"https:\/\/hmizatexperts.com\/?post_type=product&#038;p=1501"},"modified":"2025-08-14T12:03:40","modified_gmt":"2025-08-14T11:03:40","slug":"dessini-double-grill-pan-dessini-36cm","status":"publish","type":"product","link":"https:\/\/hmizatexperts.com\/fr_fr\/product\/dessini-double-grill-pan-dessini-36cm\/","title":{"rendered":"Dessini Double Grill Pan Dessini 36cm"},"content":{"rendered":"<p>Pr\u00e9parez-vous \u00e0 impressionner vos proches avec des viandes grill\u00e9es \u00e0 la perfection et des plats savoureux gr\u00e2ce \u00e0 la po\u00eale r\u00e9volutionnaire Dessini \u00e0 double face. Plus besoin de d\u00e9penser une fortune au restaurant : r\u00e9alisez des grillades exceptionnelles directement dans votre cuisine !<\/p>\n<p>Cette po\u00eale unique offre deux surfaces de cuisson : une lisse et une stri\u00e9e. Les deux c\u00f4t\u00e9s assurent une r\u00e9partition uniforme de la chaleur, garantissant une cuisson parfaite \u00e0 chaque utilisation. Polyvalente, elle ne se limite pas aux grillades. Vous pouvez l\u2019utiliser pour frire ou m\u00eame comme cocotte sous pression, id\u00e9ale pour des viandes tendres et juteuses qui se d\u00e9tachent facilement de l\u2019os.<\/p>\n<p><a href=\"https:\/\/hmizatexperts.com\/wp-content\/uploads\/2022\/07\/3.png\"><img loading=\"lazy\" decoding=\"async\" class=\" wp-image-1504 aligncenter\" src=\"https:\/\/hmizatexperts.com\/wp-content\/uploads\/2022\/07\/3-300x169.png\" alt=\"\" width=\"231\" height=\"130\" srcset=\"https:\/\/hmizatexperts.com\/wp-content\/uploads\/2022\/07\/3-300x169.png 300w, https:\/\/hmizatexperts.com\/wp-content\/uploads\/2022\/07\/3-1024x576.png 1024w, https:\/\/hmizatexperts.com\/wp-content\/uploads\/2022\/07\/3-768x432.png 768w, https:\/\/hmizatexperts.com\/wp-content\/uploads\/2022\/07\/3-600x338.png 600w, https:\/\/hmizatexperts.com\/wp-content\/uploads\/2022\/07\/3.png 1280w\" sizes=\"auto, (max-width: 231px) 100vw, 231px\" \/><\/a><\/p>\n<p>Fabriqu\u00e9e en aluminium coul\u00e9 sous pression avec un rev\u00eatement antiadh\u00e9sif, la po\u00eale Dessini simplifie vos pr\u00e9parations. Fini les aliments qui collent ou br\u00fblent ! Robuste et facile \u00e0 nettoyer, elle s&rsquo;adapte \u00e0 tous les types de cuisini\u00e8res : induction, \u00e9lectrique, c\u00e9ramique ou gaz.<\/p>\n<p><a href=\"https:\/\/hmizatexperts.com\/wp-content\/uploads\/2022\/07\/4.png\"><img loading=\"lazy\" decoding=\"async\" class=\"wp-image-1505 aligncenter\" src=\"https:\/\/hmizatexperts.com\/wp-content\/uploads\/2022\/07\/4-300x169.png\" alt=\"\" width=\"259\" height=\"146\" srcset=\"https:\/\/hmizatexperts.com\/wp-content\/uploads\/2022\/07\/4-300x169.png 300w, https:\/\/hmizatexperts.com\/wp-content\/uploads\/2022\/07\/4-1024x576.png 1024w, https:\/\/hmizatexperts.com\/wp-content\/uploads\/2022\/07\/4-768x432.png 768w, https:\/\/hmizatexperts.com\/wp-content\/uploads\/2022\/07\/4-600x338.png 600w, https:\/\/hmizatexperts.com\/wp-content\/uploads\/2022\/07\/4.png 1280w\" sizes=\"auto, (max-width: 259px) 100vw, 259px\" \/><\/a><\/p>\n<p>Avec son format g\u00e9n\u00e9reux de 36 cm, elle permet de cuisiner rapidement et efficacement. Elle r\u00e9duit les \u00e9claboussures d\u2019huile, limite les fum\u00e9es et pr\u00e9vient les odeurs persistantes. Gr\u00e2ce \u00e0 son rev\u00eatement antiadh\u00e9sif, le nettoyage devient un jeu d\u2019enfant. De plus, sa r\u00e9sistance exceptionnelle \u00e9vite les rayures.<\/p>\n<p style=\"text-align: center;\"><a href=\"https:\/\/hmizatexperts.com\/wp-content\/uploads\/2022\/01\/\u062e\u062f\u0645\u0629-\u0627\u0644\u0632\u0628\u0627\u064a\u0654\u0646-1.png\"><img loading=\"lazy\" decoding=\"async\" class=\"alignnone size-medium wp-image-1455\" src=\"https:\/\/hmizatexperts.com\/wp-content\/uploads\/2022\/01\/\u062e\u062f\u0645\u0629-\u0627\u0644\u0632\u0628\u0627\u064a\u0654\u0646-1-300x71.png\" alt=\"\" width=\"300\" height=\"71\" srcset=\"https:\/\/hmizatexperts.com\/wp-content\/uploads\/2022\/01\/\u062e\u062f\u0645\u0629-\u0627\u0644\u0632\u0628\u0627\u064a\u0654\u0646-1-300x71.png 300w, https:\/\/hmizatexperts.com\/wp-content\/uploads\/2022\/01\/\u062e\u062f\u0645\u0629-\u0627\u0644\u0632\u0628\u0627\u064a\u0654\u0646-1-600x142.png 600w, https:\/\/hmizatexperts.com\/wp-content\/uploads\/2022\/01\/\u062e\u062f\u0645\u0629-\u0627\u0644\u0632\u0628\u0627\u064a\u0654\u0646-1.png 603w\" sizes=\"auto, (max-width: 300px) 100vw, 300px\" \/><\/a><\/p>\n","protected":false},"excerpt":{"rendered":"<p><span data-sheets-root=\"1\">Po\u00eale double face Dessini 36 cm. Impressionnez avec des grillades parfaites\u00a0! Viandes, poissons, l\u00e9gumes\u00a0: cuisinez tout facilement. R\u00e9sultats de qualit\u00e9 restaurant \u00e0 la maison.<br \/>\n<\/span><\/p>\n","protected":false},"featured_media":1506,"comment_status":"open","ping_status":"closed","template":"","meta":[],"product_brand":[],"product_cat":[106,37],"product_tag":[],"class_list":{"0":"post-1501","1":"product","2":"type-product","3":"status-publish","4":"has-post-thumbnail","6":"product_cat-cuisine-et-art-de-la-table","7":"product_cat-maison-cuisine","8":"location-tout-le-maroc","9":"store-hmizate-experts","10":"entry panel","12":"first","13":"instock","14":"sale","15":"shipping-taxable","16":"purchasable","17":"product-type-simple"},"ams_default_variation_id":0,"ams_product_points_reward":[],"ams_product_discount_percentage":23.33,"ams_price_to_display":299,"ams_acf":[],"yoast_head":"<!-- This site is optimized with the Yoast SEO Premium plugin v26.6 (Yoast SEO v27.4) - https:\/\/yoast.com\/product\/yoast-seo-premium-wordpress\/ -->\n<title>Dessini Double Grill Pan Dessini 36cm - Hmizate Expert<\/title>\n<meta name=\"description\" content=\"po\u00eale \u00e0 double face offre une exp\u00e9rience de cuisson in\u00e9gal\u00e9e. Elle poss\u00e8de deux types de surfaces : une surface lisse et une surface stri\u00e9e.\" \/>\n<meta name=\"robots\" content=\"index, follow, max-snippet:-1, max-image-preview:large, max-video-preview:-1\" \/>\n<link rel=\"canonical\" href=\"https:\/\/hmizatexperts.com\/fr_fr\/product\/dessini-double-grill-pan-dessini-36cm\/\" \/>\n<meta property=\"og:locale\" content=\"fr_FR\" \/>\n<meta property=\"og:type\" content=\"article\" \/>\n<meta property=\"og:title\" content=\"Dessini Double Grill Pan Dessini 36cm\" \/>\n<meta property=\"og:description\" content=\"po\u00eale \u00e0 double face offre une exp\u00e9rience de cuisson in\u00e9gal\u00e9e. Elle poss\u00e8de deux types de surfaces : une surface lisse et une surface stri\u00e9e.\" \/>\n<meta property=\"og:url\" content=\"https:\/\/hmizatexperts.com\/fr_fr\/product\/dessini-double-grill-pan-dessini-36cm\/\" \/>\n<meta property=\"og:site_name\" content=\"Hmizate Expert\" \/>\n<meta property=\"article:publisher\" content=\"https:\/\/www.facebook.com\/hmizatexperts\" \/>\n<meta property=\"article:modified_time\" content=\"2025-08-14T11:03:40+00:00\" \/>\n<meta property=\"og:image\" content=\"https:\/\/hmizatexperts.com\/wp-content\/uploads\/2022\/07\/5.png\" \/>\n\t<meta property=\"og:image:width\" content=\"1280\" \/>\n\t<meta property=\"og:image:height\" content=\"720\" \/>\n\t<meta property=\"og:image:type\" content=\"image\/png\" \/>\n<meta name=\"twitter:card\" content=\"summary_large_image\" \/>\n<meta name=\"twitter:site\" content=\"@ExpertsHmizate\" \/>\n<meta name=\"twitter:label1\" content=\"Dur\u00e9e de lecture estim\u00e9e\" \/>\n\t<meta name=\"twitter:data1\" content=\"2 minutes\" \/>\n<script type=\"application\/ld+json\" class=\"yoast-schema-graph\">{\"@context\":\"https:\\\/\\\/schema.org\",\"@graph\":[{\"@type\":\"WebPage\",\"@id\":\"https:\\\/\\\/hmizatexperts.com\\\/product\\\/dessini-double-grill-pan-dessini-36cm\\\/\",\"url\":\"https:\\\/\\\/hmizatexperts.com\\\/product\\\/dessini-double-grill-pan-dessini-36cm\\\/\",\"name\":\"Dessini Double Grill Pan Dessini 36cm - Hmizate Expert\",\"isPartOf\":{\"@id\":\"https:\\\/\\\/hmizatexperts.com\\\/#website\"},\"primaryImageOfPage\":{\"@id\":\"https:\\\/\\\/hmizatexperts.com\\\/product\\\/dessini-double-grill-pan-dessini-36cm\\\/#primaryimage\"},\"image\":{\"@id\":\"https:\\\/\\\/hmizatexperts.com\\\/product\\\/dessini-double-grill-pan-dessini-36cm\\\/#primaryimage\"},\"thumbnailUrl\":\"https:\\\/\\\/hmizatexperts.com\\\/wp-content\\\/uploads\\\/2022\\\/07\\\/5.png\",\"datePublished\":\"2022-07-01T09:21:32+00:00\",\"dateModified\":\"2025-08-14T11:03:40+00:00\",\"description\":\"po\u00eale \u00e0 double face offre une exp\u00e9rience de cuisson in\u00e9gal\u00e9e. Elle poss\u00e8de deux types de surfaces : une surface lisse et une surface stri\u00e9e.\",\"breadcrumb\":{\"@id\":\"https:\\\/\\\/hmizatexperts.com\\\/product\\\/dessini-double-grill-pan-dessini-36cm\\\/#breadcrumb\"},\"inLanguage\":\"fr-FR\",\"potentialAction\":[{\"@type\":\"ReadAction\",\"target\":[\"https:\\\/\\\/hmizatexperts.com\\\/product\\\/dessini-double-grill-pan-dessini-36cm\\\/\"]}]},{\"@type\":\"ImageObject\",\"inLanguage\":\"fr-FR\",\"@id\":\"https:\\\/\\\/hmizatexperts.com\\\/product\\\/dessini-double-grill-pan-dessini-36cm\\\/#primaryimage\",\"url\":\"https:\\\/\\\/hmizatexperts.com\\\/wp-content\\\/uploads\\\/2022\\\/07\\\/5.png\",\"contentUrl\":\"https:\\\/\\\/hmizatexperts.com\\\/wp-content\\\/uploads\\\/2022\\\/07\\\/5.png\",\"width\":1280,\"height\":720},{\"@type\":\"BreadcrumbList\",\"@id\":\"https:\\\/\\\/hmizatexperts.com\\\/product\\\/dessini-double-grill-pan-dessini-36cm\\\/#breadcrumb\",\"itemListElement\":[{\"@type\":\"ListItem\",\"position\":1,\"name\":\"Accueil\",\"item\":\"https:\\\/\\\/hmizatexperts.com\\\/\"},{\"@type\":\"ListItem\",\"position\":2,\"name\":\"Shop\",\"item\":\"https:\\\/\\\/hmizatexperts.com\\\/shop\\\/\"},{\"@type\":\"ListItem\",\"position\":3,\"name\":\"Dessini Double Grill Pan Dessini 36cm\"}]},{\"@type\":\"WebSite\",\"@id\":\"https:\\\/\\\/hmizatexperts.com\\\/#website\",\"url\":\"https:\\\/\\\/hmizatexperts.com\\\/\",\"name\":\"Hmizate Expert\",\"description\":\"Nos offres aux meilleurs prix et qualit\u00e9\",\"publisher\":{\"@id\":\"https:\\\/\\\/hmizatexperts.com\\\/#organization\"},\"potentialAction\":[{\"@type\":\"SearchAction\",\"target\":{\"@type\":\"EntryPoint\",\"urlTemplate\":\"https:\\\/\\\/hmizatexperts.com\\\/?s={search_term_string}\"},\"query-input\":{\"@type\":\"PropertyValueSpecification\",\"valueRequired\":true,\"valueName\":\"search_term_string\"}}],\"inLanguage\":\"fr-FR\"},{\"@type\":\"Organization\",\"@id\":\"https:\\\/\\\/hmizatexperts.com\\\/#organization\",\"name\":\"Hmizate Expert\",\"url\":\"https:\\\/\\\/hmizatexperts.com\\\/\",\"logo\":{\"@type\":\"ImageObject\",\"inLanguage\":\"fr-FR\",\"@id\":\"https:\\\/\\\/hmizatexperts.com\\\/#\\\/schema\\\/logo\\\/image\\\/\",\"url\":\"https:\\\/\\\/hmizatexperts.com\\\/wp-content\\\/uploads\\\/2021\\\/05\\\/logo_HE2-removebg-preview.png\",\"contentUrl\":\"https:\\\/\\\/hmizatexperts.com\\\/wp-content\\\/uploads\\\/2021\\\/05\\\/logo_HE2-removebg-preview.png\",\"width\":800,\"height\":312,\"caption\":\"Hmizate Expert\"},\"image\":{\"@id\":\"https:\\\/\\\/hmizatexperts.com\\\/#\\\/schema\\\/logo\\\/image\\\/\"},\"sameAs\":[\"https:\\\/\\\/www.facebook.com\\\/hmizatexperts\",\"https:\\\/\\\/x.com\\\/ExpertsHmizate\"]}]}<\/script>\n<!-- \/ Yoast SEO Premium plugin. -->","yoast_head_json":{"title":"Dessini Double Grill Pan Dessini 36cm - Hmizate Expert","description":"po\u00eale \u00e0 double face offre une exp\u00e9rience de cuisson in\u00e9gal\u00e9e. Elle poss\u00e8de deux types de surfaces : une surface lisse et une surface stri\u00e9e.","robots":{"index":"index","follow":"follow","max-snippet":"max-snippet:-1","max-image-preview":"max-image-preview:large","max-video-preview":"max-video-preview:-1"},"canonical":"https:\/\/hmizatexperts.com\/fr_fr\/product\/dessini-double-grill-pan-dessini-36cm\/","og_locale":"fr_FR","og_type":"article","og_title":"Dessini Double Grill Pan Dessini 36cm","og_description":"po\u00eale \u00e0 double face offre une exp\u00e9rience de cuisson in\u00e9gal\u00e9e. Elle poss\u00e8de deux types de surfaces : une surface lisse et une surface stri\u00e9e.","og_url":"https:\/\/hmizatexperts.com\/fr_fr\/product\/dessini-double-grill-pan-dessini-36cm\/","og_site_name":"Hmizate Expert","article_publisher":"https:\/\/www.facebook.com\/hmizatexperts","article_modified_time":"2025-08-14T11:03:40+00:00","og_image":[{"width":1280,"height":720,"url":"https:\/\/hmizatexperts.com\/wp-content\/uploads\/2022\/07\/5.png","type":"image\/png"}],"twitter_card":"summary_large_image","twitter_site":"@ExpertsHmizate","twitter_misc":{"Dur\u00e9e de lecture estim\u00e9e":"2 minutes"},"schema":{"@context":"https:\/\/schema.org","@graph":[{"@type":"WebPage","@id":"https:\/\/hmizatexperts.com\/product\/dessini-double-grill-pan-dessini-36cm\/","url":"https:\/\/hmizatexperts.com\/product\/dessini-double-grill-pan-dessini-36cm\/","name":"Dessini Double Grill Pan Dessini 36cm - Hmizate Expert","isPartOf":{"@id":"https:\/\/hmizatexperts.com\/#website"},"primaryImageOfPage":{"@id":"https:\/\/hmizatexperts.com\/product\/dessini-double-grill-pan-dessini-36cm\/#primaryimage"},"image":{"@id":"https:\/\/hmizatexperts.com\/product\/dessini-double-grill-pan-dessini-36cm\/#primaryimage"},"thumbnailUrl":"https:\/\/hmizatexperts.com\/wp-content\/uploads\/2022\/07\/5.png","datePublished":"2022-07-01T09:21:32+00:00","dateModified":"2025-08-14T11:03:40+00:00","description":"po\u00eale \u00e0 double face offre une exp\u00e9rience de cuisson in\u00e9gal\u00e9e. Elle poss\u00e8de deux types de surfaces : une surface lisse et une surface stri\u00e9e.","breadcrumb":{"@id":"https:\/\/hmizatexperts.com\/product\/dessini-double-grill-pan-dessini-36cm\/#breadcrumb"},"inLanguage":"fr-FR","potentialAction":[{"@type":"ReadAction","target":["https:\/\/hmizatexperts.com\/product\/dessini-double-grill-pan-dessini-36cm\/"]}]},{"@type":"ImageObject","inLanguage":"fr-FR","@id":"https:\/\/hmizatexperts.com\/product\/dessini-double-grill-pan-dessini-36cm\/#primaryimage","url":"https:\/\/hmizatexperts.com\/wp-content\/uploads\/2022\/07\/5.png","contentUrl":"https:\/\/hmizatexperts.com\/wp-content\/uploads\/2022\/07\/5.png","width":1280,"height":720},{"@type":"BreadcrumbList","@id":"https:\/\/hmizatexperts.com\/product\/dessini-double-grill-pan-dessini-36cm\/#breadcrumb","itemListElement":[{"@type":"ListItem","position":1,"name":"Accueil","item":"https:\/\/hmizatexperts.com\/"},{"@type":"ListItem","position":2,"name":"Shop","item":"https:\/\/hmizatexperts.com\/shop\/"},{"@type":"ListItem","position":3,"name":"Dessini Double Grill Pan Dessini 36cm"}]},{"@type":"WebSite","@id":"https:\/\/hmizatexperts.com\/#website","url":"https:\/\/hmizatexperts.com\/","name":"Hmizate Expert","description":"Nos offres aux meilleurs prix et qualit\u00e9","publisher":{"@id":"https:\/\/hmizatexperts.com\/#organization"},"potentialAction":[{"@type":"SearchAction","target":{"@type":"EntryPoint","urlTemplate":"https:\/\/hmizatexperts.com\/?s={search_term_string}"},"query-input":{"@type":"PropertyValueSpecification","valueRequired":true,"valueName":"search_term_string"}}],"inLanguage":"fr-FR"},{"@type":"Organization","@id":"https:\/\/hmizatexperts.com\/#organization","name":"Hmizate Expert","url":"https:\/\/hmizatexperts.com\/","logo":{"@type":"ImageObject","inLanguage":"fr-FR","@id":"https:\/\/hmizatexperts.com\/#\/schema\/logo\/image\/","url":"https:\/\/hmizatexperts.com\/wp-content\/uploads\/2021\/05\/logo_HE2-removebg-preview.png","contentUrl":"https:\/\/hmizatexperts.com\/wp-content\/uploads\/2021\/05\/logo_HE2-removebg-preview.png","width":800,"height":312,"caption":"Hmizate Expert"},"image":{"@id":"https:\/\/hmizatexperts.com\/#\/schema\/logo\/image\/"},"sameAs":["https:\/\/www.facebook.com\/hmizatexperts","https:\/\/x.com\/ExpertsHmizate"]}]}},"_links":{"self":[{"href":"https:\/\/hmizatexperts.com\/fr_fr\/wp-json\/wp\/v2\/product\/1501","targetHints":{"allow":["GET"]}}],"collection":[{"href":"https:\/\/hmizatexperts.com\/fr_fr\/wp-json\/wp\/v2\/product"}],"about":[{"href":"https:\/\/hmizatexperts.com\/fr_fr\/wp-json\/wp\/v2\/types\/product"}],"replies":[{"embeddable":true,"href":"https:\/\/hmizatexperts.com\/fr_fr\/wp-json\/wp\/v2\/comments?post=1501"}],"wp:featuredmedia":[{"embeddable":true,"href":"https:\/\/hmizatexperts.com\/fr_fr\/wp-json\/wp\/v2\/media\/1506"}],"wp:attachment":[{"href":"https:\/\/hmizatexperts.com\/fr_fr\/wp-json\/wp\/v2\/media?parent=1501"}],"wp:term":[{"taxonomy":"product_brand","embeddable":true,"href":"https:\/\/hmizatexperts.com\/fr_fr\/wp-json\/wp\/v2\/product_brand?post=1501"},{"taxonomy":"product_cat","embeddable":true,"href":"https:\/\/hmizatexperts.com\/fr_fr\/wp-json\/wp\/v2\/product_cat?post=1501"},{"taxonomy":"product_tag","embeddable":true,"href":"https:\/\/hmizatexperts.com\/fr_fr\/wp-json\/wp\/v2\/product_tag?post=1501"}],"curies":[{"name":"wp","href":"https:\/\/api.w.org\/{rel}","templated":true}]}}