{"id":151,"date":"2018-02-17T11:38:46","date_gmt":"2018-02-17T11:38:46","guid":{"rendered":"http:\/\/localhost:8080\/friday\/?post_type=product&#038;p=151"},"modified":"2024-12-17T22:43:08","modified_gmt":"2024-12-17T21:43:08","slug":"bandes-de-resistance","status":"publish","type":"product","link":"https:\/\/hmizatexperts.com\/fr_fr\/product\/bandes-de-resistance\/","title":{"rendered":"Bandes de r\u00e9sistance &#038; sport \u00e9quipement d&rsquo;entra\u00eenement"},"content":{"rendered":"<p>R\u00e9sistance r\u00e9glable &#8211; Augmentez ou diminuez la r\u00e9sistance des bandes de fitness en fonction de vos objectifs d&rsquo;exercice.<\/p>\n<p>Les bandes de r\u00e9sistance sont faites de tubes enduits de latex de qualit\u00e9 sup\u00e9rieure, fournissant des sangles de qualit\u00e9 sup\u00e9rieure. \u00c9vitez les articulations ou les risques pour la s\u00e9curit\u00e9 par rapport \u00e0 l&rsquo;utilisation de poids libres lourds.Installez les bandes sur l&rsquo;ancrage de porte en mousse inclus et d\u00e9veloppez une vari\u00e9t\u00e9 d&rsquo;exercices que vous pouvez faire (plus de 100 exercices)Une gamme de mouvements fluide, permet \u00e9galement des mouvements \u00ab\u00a0funky\u00a0\u00bb &#8211; parfaits pour les arts martiaux.<\/p>\n<p>Tous les articles conviennent aux sacs de voyage et peuvent vous accompagner en vacances, voyages d&rsquo;affaires, etc.Pas besoin d&rsquo;acheter des plages de r\u00e9sistance distinctes avec une r\u00e9sistance diff\u00e9rente. Espace minimum requis pour l&rsquo;utilisation.<\/p>\n<p>&nbsp;<\/p>\n<p class=\"hdr -upp -fs14 -m -pam\"><strong>PRINCIPALES CARACT\u00c9RISTIQUES<\/strong><\/p>\n<div class=\"markup -pam\">\n<ul>\n<li>R\u00e9sistance r\u00e9glable<\/li>\n<li>Les bandes de r\u00e9sistance sont faites de tubes de haute qualit\u00e9 sup\u00e9rieure.<\/li>\n<li>Une gamme de mouvements fluide<\/li>\n<li>Toutes les pi\u00e8ces tiennent dans le sac de voyage et peuvent vous accompagner en vacances, voyages d&rsquo;affaires, etc.<\/li>\n<\/ul>\n<\/div>\n","protected":false},"excerpt":{"rendered":"<p>R\u00e9sistance r\u00e9glable &#8211; Augmentez ou diminuez la r\u00e9sistance des bandes de fitness en fonction de vos objectifs d&rsquo;exercice.<\/p>\n","protected":false},"featured_media":666,"comment_status":"open","ping_status":"closed","template":"","meta":[],"product_brand":[],"product_cat":[101],"product_tag":[],"class_list":{"0":"post-151","1":"product","2":"type-product","3":"status-publish","4":"has-post-thumbnail","6":"product_cat-fitness-et-bien-etre-physique","7":"location-tout-le-maroc","8":"store-hmizate-experts","9":"entry panel","11":"first","12":"instock","13":"sale","14":"shipping-taxable","15":"purchasable","16":"product-type-simple"},"ams_default_variation_id":0,"ams_product_points_reward":[],"ams_product_discount_percentage":10.81,"ams_price_to_display":165,"ams_acf":[],"yoast_head":"<!-- This site is optimized with the Yoast SEO Premium plugin v26.6 (Yoast SEO v27.5) - https:\/\/yoast.com\/product\/yoast-seo-premium-wordpress\/ -->\n<title>Bandes de r\u00e9sistance &amp; sport \u00e9quipement d&#039;entra\u00eenement - Hmizate Expert<\/title>\n<meta name=\"description\" content=\"Boostez votre entra\u00eenement avec nos bandes de r\u00e9sistance : id\u00e9ales pour tonifier, renforcer et sculpter votre corps \u00e0 la maison ou \u00e0 la salle de sport.\" \/>\n<meta name=\"robots\" content=\"index, follow, max-snippet:-1, max-image-preview:large, max-video-preview:-1\" \/>\n<link rel=\"canonical\" href=\"https:\/\/hmizatexperts.com\/fr_fr\/product\/bandes-de-resistance\/\" \/>\n<meta property=\"og:locale\" content=\"fr_FR\" \/>\n<meta property=\"og:type\" content=\"article\" \/>\n<meta property=\"og:title\" content=\"Bandes de r\u00e9sistance &amp; sport \u00e9quipement d&#039;entra\u00eenement\" \/>\n<meta property=\"og:description\" content=\"Boostez votre entra\u00eenement avec nos bandes de r\u00e9sistance : id\u00e9ales pour tonifier, renforcer et sculpter votre corps \u00e0 la maison ou \u00e0 la salle de sport.\" \/>\n<meta property=\"og:url\" content=\"https:\/\/hmizatexperts.com\/fr_fr\/product\/bandes-de-resistance\/\" \/>\n<meta property=\"og:site_name\" content=\"Hmizate Expert\" \/>\n<meta property=\"article:publisher\" content=\"https:\/\/www.facebook.com\/hmizatexperts\" \/>\n<meta property=\"article:modified_time\" content=\"2024-12-17T21:43:08+00:00\" \/>\n<meta property=\"og:image\" content=\"https:\/\/hmizatexperts.com\/wp-content\/uploads\/2018\/02\/Sans-titre-8.png\" \/>\n\t<meta property=\"og:image:width\" content=\"800\" \/>\n\t<meta property=\"og:image:height\" content=\"500\" \/>\n\t<meta property=\"og:image:type\" content=\"image\/png\" \/>\n<meta name=\"twitter:card\" content=\"summary_large_image\" \/>\n<meta name=\"twitter:site\" content=\"@ExpertsHmizate\" \/>\n<meta name=\"twitter:label1\" content=\"Dur\u00e9e de lecture estim\u00e9e\" \/>\n\t<meta name=\"twitter:data1\" content=\"2 minutes\" \/>\n<script type=\"application\/ld+json\" class=\"yoast-schema-graph\">{\"@context\":\"https:\\\/\\\/schema.org\",\"@graph\":[{\"@type\":\"WebPage\",\"@id\":\"https:\\\/\\\/hmizatexperts.com\\\/product\\\/bandes-de-resistance\\\/\",\"url\":\"https:\\\/\\\/hmizatexperts.com\\\/product\\\/bandes-de-resistance\\\/\",\"name\":\"Bandes de r\u00e9sistance & sport \u00e9quipement d'entra\u00eenement - Hmizate Expert\",\"isPartOf\":{\"@id\":\"https:\\\/\\\/hmizatexperts.com\\\/#website\"},\"primaryImageOfPage\":{\"@id\":\"https:\\\/\\\/hmizatexperts.com\\\/product\\\/bandes-de-resistance\\\/#primaryimage\"},\"image\":{\"@id\":\"https:\\\/\\\/hmizatexperts.com\\\/product\\\/bandes-de-resistance\\\/#primaryimage\"},\"thumbnailUrl\":\"https:\\\/\\\/hmizatexperts.com\\\/wp-content\\\/uploads\\\/2018\\\/02\\\/Sans-titre-8.png\",\"datePublished\":\"2018-02-17T11:38:46+00:00\",\"dateModified\":\"2024-12-17T21:43:08+00:00\",\"description\":\"Boostez votre entra\u00eenement avec nos bandes de r\u00e9sistance : id\u00e9ales pour tonifier, renforcer et sculpter votre corps \u00e0 la maison ou \u00e0 la salle de sport.\",\"breadcrumb\":{\"@id\":\"https:\\\/\\\/hmizatexperts.com\\\/product\\\/bandes-de-resistance\\\/#breadcrumb\"},\"inLanguage\":\"fr-FR\",\"potentialAction\":[{\"@type\":\"ReadAction\",\"target\":[\"https:\\\/\\\/hmizatexperts.com\\\/product\\\/bandes-de-resistance\\\/\"]}]},{\"@type\":\"ImageObject\",\"inLanguage\":\"fr-FR\",\"@id\":\"https:\\\/\\\/hmizatexperts.com\\\/product\\\/bandes-de-resistance\\\/#primaryimage\",\"url\":\"https:\\\/\\\/hmizatexperts.com\\\/wp-content\\\/uploads\\\/2018\\\/02\\\/Sans-titre-8.png\",\"contentUrl\":\"https:\\\/\\\/hmizatexperts.com\\\/wp-content\\\/uploads\\\/2018\\\/02\\\/Sans-titre-8.png\",\"width\":800,\"height\":500},{\"@type\":\"BreadcrumbList\",\"@id\":\"https:\\\/\\\/hmizatexperts.com\\\/product\\\/bandes-de-resistance\\\/#breadcrumb\",\"itemListElement\":[{\"@type\":\"ListItem\",\"position\":1,\"name\":\"Accueil\",\"item\":\"https:\\\/\\\/hmizatexperts.com\\\/\"},{\"@type\":\"ListItem\",\"position\":2,\"name\":\"Shop\",\"item\":\"https:\\\/\\\/hmizatexperts.com\\\/shop\\\/\"},{\"@type\":\"ListItem\",\"position\":3,\"name\":\"Bandes de r\u00e9sistance &#038; sport \u00e9quipement d&rsquo;entra\u00eenement\"}]},{\"@type\":\"WebSite\",\"@id\":\"https:\\\/\\\/hmizatexperts.com\\\/#website\",\"url\":\"https:\\\/\\\/hmizatexperts.com\\\/\",\"name\":\"Hmizate Expert\",\"description\":\"Nos offres aux meilleurs prix et qualit\u00e9\",\"publisher\":{\"@id\":\"https:\\\/\\\/hmizatexperts.com\\\/#organization\"},\"potentialAction\":[{\"@type\":\"SearchAction\",\"target\":{\"@type\":\"EntryPoint\",\"urlTemplate\":\"https:\\\/\\\/hmizatexperts.com\\\/?s={search_term_string}\"},\"query-input\":{\"@type\":\"PropertyValueSpecification\",\"valueRequired\":true,\"valueName\":\"search_term_string\"}}],\"inLanguage\":\"fr-FR\"},{\"@type\":\"Organization\",\"@id\":\"https:\\\/\\\/hmizatexperts.com\\\/#organization\",\"name\":\"Hmizate Expert\",\"url\":\"https:\\\/\\\/hmizatexperts.com\\\/\",\"logo\":{\"@type\":\"ImageObject\",\"inLanguage\":\"fr-FR\",\"@id\":\"https:\\\/\\\/hmizatexperts.com\\\/#\\\/schema\\\/logo\\\/image\\\/\",\"url\":\"https:\\\/\\\/hmizatexperts.com\\\/wp-content\\\/uploads\\\/2021\\\/05\\\/logo_HE2-removebg-preview.png\",\"contentUrl\":\"https:\\\/\\\/hmizatexperts.com\\\/wp-content\\\/uploads\\\/2021\\\/05\\\/logo_HE2-removebg-preview.png\",\"width\":800,\"height\":312,\"caption\":\"Hmizate Expert\"},\"image\":{\"@id\":\"https:\\\/\\\/hmizatexperts.com\\\/#\\\/schema\\\/logo\\\/image\\\/\"},\"sameAs\":[\"https:\\\/\\\/www.facebook.com\\\/hmizatexperts\",\"https:\\\/\\\/x.com\\\/ExpertsHmizate\"]}]}<\/script>\n<!-- \/ Yoast SEO Premium plugin. -->","yoast_head_json":{"title":"Bandes de r\u00e9sistance & sport \u00e9quipement d'entra\u00eenement - Hmizate Expert","description":"Boostez votre entra\u00eenement avec nos bandes de r\u00e9sistance : id\u00e9ales pour tonifier, renforcer et sculpter votre corps \u00e0 la maison ou \u00e0 la salle de sport.","robots":{"index":"index","follow":"follow","max-snippet":"max-snippet:-1","max-image-preview":"max-image-preview:large","max-video-preview":"max-video-preview:-1"},"canonical":"https:\/\/hmizatexperts.com\/fr_fr\/product\/bandes-de-resistance\/","og_locale":"fr_FR","og_type":"article","og_title":"Bandes de r\u00e9sistance & sport \u00e9quipement d'entra\u00eenement","og_description":"Boostez votre entra\u00eenement avec nos bandes de r\u00e9sistance : id\u00e9ales pour tonifier, renforcer et sculpter votre corps \u00e0 la maison ou \u00e0 la salle de sport.","og_url":"https:\/\/hmizatexperts.com\/fr_fr\/product\/bandes-de-resistance\/","og_site_name":"Hmizate Expert","article_publisher":"https:\/\/www.facebook.com\/hmizatexperts","article_modified_time":"2024-12-17T21:43:08+00:00","og_image":[{"width":800,"height":500,"url":"https:\/\/hmizatexperts.com\/wp-content\/uploads\/2018\/02\/Sans-titre-8.png","type":"image\/png"}],"twitter_card":"summary_large_image","twitter_site":"@ExpertsHmizate","twitter_misc":{"Dur\u00e9e de lecture estim\u00e9e":"2 minutes"},"schema":{"@context":"https:\/\/schema.org","@graph":[{"@type":"WebPage","@id":"https:\/\/hmizatexperts.com\/product\/bandes-de-resistance\/","url":"https:\/\/hmizatexperts.com\/product\/bandes-de-resistance\/","name":"Bandes de r\u00e9sistance & sport \u00e9quipement d'entra\u00eenement - Hmizate Expert","isPartOf":{"@id":"https:\/\/hmizatexperts.com\/#website"},"primaryImageOfPage":{"@id":"https:\/\/hmizatexperts.com\/product\/bandes-de-resistance\/#primaryimage"},"image":{"@id":"https:\/\/hmizatexperts.com\/product\/bandes-de-resistance\/#primaryimage"},"thumbnailUrl":"https:\/\/hmizatexperts.com\/wp-content\/uploads\/2018\/02\/Sans-titre-8.png","datePublished":"2018-02-17T11:38:46+00:00","dateModified":"2024-12-17T21:43:08+00:00","description":"Boostez votre entra\u00eenement avec nos bandes de r\u00e9sistance : id\u00e9ales pour tonifier, renforcer et sculpter votre corps \u00e0 la maison ou \u00e0 la salle de sport.","breadcrumb":{"@id":"https:\/\/hmizatexperts.com\/product\/bandes-de-resistance\/#breadcrumb"},"inLanguage":"fr-FR","potentialAction":[{"@type":"ReadAction","target":["https:\/\/hmizatexperts.com\/product\/bandes-de-resistance\/"]}]},{"@type":"ImageObject","inLanguage":"fr-FR","@id":"https:\/\/hmizatexperts.com\/product\/bandes-de-resistance\/#primaryimage","url":"https:\/\/hmizatexperts.com\/wp-content\/uploads\/2018\/02\/Sans-titre-8.png","contentUrl":"https:\/\/hmizatexperts.com\/wp-content\/uploads\/2018\/02\/Sans-titre-8.png","width":800,"height":500},{"@type":"BreadcrumbList","@id":"https:\/\/hmizatexperts.com\/product\/bandes-de-resistance\/#breadcrumb","itemListElement":[{"@type":"ListItem","position":1,"name":"Accueil","item":"https:\/\/hmizatexperts.com\/"},{"@type":"ListItem","position":2,"name":"Shop","item":"https:\/\/hmizatexperts.com\/shop\/"},{"@type":"ListItem","position":3,"name":"Bandes de r\u00e9sistance &#038; sport \u00e9quipement d&rsquo;entra\u00eenement"}]},{"@type":"WebSite","@id":"https:\/\/hmizatexperts.com\/#website","url":"https:\/\/hmizatexperts.com\/","name":"Hmizate Expert","description":"Nos offres aux meilleurs prix et qualit\u00e9","publisher":{"@id":"https:\/\/hmizatexperts.com\/#organization"},"potentialAction":[{"@type":"SearchAction","target":{"@type":"EntryPoint","urlTemplate":"https:\/\/hmizatexperts.com\/?s={search_term_string}"},"query-input":{"@type":"PropertyValueSpecification","valueRequired":true,"valueName":"search_term_string"}}],"inLanguage":"fr-FR"},{"@type":"Organization","@id":"https:\/\/hmizatexperts.com\/#organization","name":"Hmizate Expert","url":"https:\/\/hmizatexperts.com\/","logo":{"@type":"ImageObject","inLanguage":"fr-FR","@id":"https:\/\/hmizatexperts.com\/#\/schema\/logo\/image\/","url":"https:\/\/hmizatexperts.com\/wp-content\/uploads\/2021\/05\/logo_HE2-removebg-preview.png","contentUrl":"https:\/\/hmizatexperts.com\/wp-content\/uploads\/2021\/05\/logo_HE2-removebg-preview.png","width":800,"height":312,"caption":"Hmizate Expert"},"image":{"@id":"https:\/\/hmizatexperts.com\/#\/schema\/logo\/image\/"},"sameAs":["https:\/\/www.facebook.com\/hmizatexperts","https:\/\/x.com\/ExpertsHmizate"]}]}},"_links":{"self":[{"href":"https:\/\/hmizatexperts.com\/fr_fr\/wp-json\/wp\/v2\/product\/151","targetHints":{"allow":["GET"]}}],"collection":[{"href":"https:\/\/hmizatexperts.com\/fr_fr\/wp-json\/wp\/v2\/product"}],"about":[{"href":"https:\/\/hmizatexperts.com\/fr_fr\/wp-json\/wp\/v2\/types\/product"}],"replies":[{"embeddable":true,"href":"https:\/\/hmizatexperts.com\/fr_fr\/wp-json\/wp\/v2\/comments?post=151"}],"wp:featuredmedia":[{"embeddable":true,"href":"https:\/\/hmizatexperts.com\/fr_fr\/wp-json\/wp\/v2\/media\/666"}],"wp:attachment":[{"href":"https:\/\/hmizatexperts.com\/fr_fr\/wp-json\/wp\/v2\/media?parent=151"}],"wp:term":[{"taxonomy":"product_brand","embeddable":true,"href":"https:\/\/hmizatexperts.com\/fr_fr\/wp-json\/wp\/v2\/product_brand?post=151"},{"taxonomy":"product_cat","embeddable":true,"href":"https:\/\/hmizatexperts.com\/fr_fr\/wp-json\/wp\/v2\/product_cat?post=151"},{"taxonomy":"product_tag","embeddable":true,"href":"https:\/\/hmizatexperts.com\/fr_fr\/wp-json\/wp\/v2\/product_tag?post=151"}],"curies":[{"name":"wp","href":"https:\/\/api.w.org\/{rel}","templated":true}]}}