{"id":152,"date":"2018-02-17T12:40:36","date_gmt":"2018-02-17T11:40:36","guid":{"rendered":"http:\/\/localhost:8080\/friday\/?post_type=product&#038;p=152"},"modified":"2024-12-24T11:03:45","modified_gmt":"2024-12-24T10:03:45","slug":"correcteur-du-dos-intelligent","status":"publish","type":"product","link":"https:\/\/hmizatexperts.com\/fr_fr\/product\/correcteur-du-dos-intelligent\/","title":{"rendered":"Correcteur du dos intelligent pour enfants et adultes"},"content":{"rendered":"<p><span data-spm-anchor-id=\"a2g0o.detail.1000023.i1.1e334eafyEVZO6\"><strong>Param\u00e8tres<\/strong>:<\/span><\/p>\n<ul dir=\"ltr\" data-spm-anchor-id=\"a2g0o.detail.1000023.i0.1e334eafyEVZO6\">\n<li>Interface de chargement: interface USB V8 standard<\/li>\n<li>Capacit\u00e9 de la batterie: 500mAH\/3.7V<\/li>\n<li>Alimentation: 5V<\/li>\n<li>Consommation \u00e9lectrique: 0.4W<\/li>\n<li>Temps de charge: environ 2 heures<\/li>\n<li>Tension de charge: 5V<\/li>\n<li>Poids Net: 85g<\/li>\n<li>Mat\u00e9riau: ABS + ceinture en nylon hautement \u00e9lastique<\/li>\n<\/ul>\n<p>&nbsp;<\/p>\n<p><strong>Vibration description:<\/strong><\/p>\n<ul dir=\"ltr\">\n<li>Maintenez l&rsquo;interrupteur enfonc\u00e9 pendant 1 seconde pour l&rsquo;allumer. L&rsquo;unit\u00e9 \u00e9met des vibrations 3 fois et d\u00e9marre l&rsquo;induction d&rsquo;angle, puis en \u00e9tat de veille.<\/li>\n<li>Maintenez l&rsquo;interrupteur enfonc\u00e9 pendant 1 seconde pour l&rsquo;\u00e9teindre. L&rsquo;appareil \u00e9met des vibrations 3 fois pour \u00e9teindre.<\/li>\n<\/ul>\n<p>&nbsp;<\/p>\n<p><strong>Probl\u00e8mes courants d&rsquo;utilisation:<\/strong><\/p>\n<ul dir=\"ltr\">\n<li>Si le rappel de posture n&rsquo;est pas sensible, essayez de serrer la sangle, et en m\u00eame temps, le dos doit \u00eatre droit au moment de la mise sous tension, et la poitrine doit \u00eatre d\u00e9ploy\u00e9e autant que possible.<\/li>\n<li>Si le rappel de posture est trop sensible, essayez de desserrer la sangle. Si vous rencontrez des vibrations anormales, veuillez vous asseoir droit, puis red\u00e9marrez le rappel. 3<\/li>\n<li>Si le rappel ne peut pas \u00eatre activ\u00e9, veuillez charger le rappel de posture pendant 10 minutes, et s&rsquo;il n&rsquo;y a pas de r\u00e9action, contactez-nous pour un service apr\u00e8s-vente.<\/li>\n<\/ul>\n<p>&nbsp;<\/p>\n<p><strong>Liste de colisage:<\/strong><\/p>\n<ul dir=\"ltr\">\n<li>1 x rappel de posture Intelligent<\/li>\n<li>1 x c\u00e2ble de chargement USB<\/li>\n<li>1 x manuel de L&rsquo;utilisateur<\/li>\n<\/ul>\n","protected":false},"excerpt":{"rendered":"<p class=\"product-title-text\" data-spm-anchor-id=\"a2g0o.detail.1000016.i2.1e334eafyEVZO6\">correcteur de Posture du dos, orth\u00e8se de soutien de la colonne vert\u00e9brale, ceinture de corsage r\u00e9glable<\/p>\n","protected":false},"featured_media":665,"comment_status":"open","ping_status":"closed","template":"","meta":[],"product_brand":[],"product_cat":[101],"product_tag":[],"class_list":{"0":"post-152","1":"product","2":"type-product","3":"status-publish","4":"has-post-thumbnail","6":"product_cat-fitness-et-bien-etre-physique","7":"location-tout-le-maroc","8":"store-hmizate-experts","9":"entry panel","11":"first","12":"instock","13":"sale","14":"shipping-taxable","15":"purchasable","16":"product-type-simple"},"ams_default_variation_id":0,"ams_product_points_reward":[],"ams_product_discount_percentage":34.67,"ams_price_to_display":130,"ams_acf":[],"yoast_head":"<!-- This site is optimized with the Yoast SEO Premium plugin v26.6 (Yoast SEO v27.5) - https:\/\/yoast.com\/product\/yoast-seo-premium-wordpress\/ -->\n<title>Correcteur du dos intelligent pour enfants et adultes - Hmizate Expert<\/title>\n<meta name=\"description\" content=\"Am\u00e9liorez votre posture avec le correcteur du dos intelligent : un dispositif confortable et efficace pour soulager les douleurs.\" \/>\n<meta name=\"robots\" content=\"index, follow, max-snippet:-1, max-image-preview:large, max-video-preview:-1\" \/>\n<link rel=\"canonical\" href=\"https:\/\/hmizatexperts.com\/fr_fr\/product\/correcteur-du-dos-intelligent\/\" \/>\n<meta property=\"og:locale\" content=\"fr_FR\" \/>\n<meta property=\"og:type\" content=\"article\" \/>\n<meta property=\"og:title\" content=\"Correcteur du dos intelligent pour enfants et adultes\" \/>\n<meta property=\"og:description\" content=\"Am\u00e9liorez votre posture avec le correcteur du dos intelligent : un dispositif confortable et efficace pour soulager les douleurs.\" \/>\n<meta property=\"og:url\" content=\"https:\/\/hmizatexperts.com\/fr_fr\/product\/correcteur-du-dos-intelligent\/\" \/>\n<meta property=\"og:site_name\" content=\"Hmizate Expert\" \/>\n<meta property=\"article:publisher\" content=\"https:\/\/www.facebook.com\/hmizatexperts\" \/>\n<meta property=\"article:modified_time\" content=\"2024-12-24T10:03:45+00:00\" \/>\n<meta property=\"og:image\" content=\"https:\/\/hmizatexperts.com\/wp-content\/uploads\/2018\/02\/Sans-titre-7.png\" \/>\n\t<meta property=\"og:image:width\" content=\"800\" \/>\n\t<meta property=\"og:image:height\" content=\"500\" \/>\n\t<meta property=\"og:image:type\" content=\"image\/png\" \/>\n<meta name=\"twitter:card\" content=\"summary_large_image\" \/>\n<meta name=\"twitter:site\" content=\"@ExpertsHmizate\" \/>\n<meta name=\"twitter:label1\" content=\"Dur\u00e9e de lecture estim\u00e9e\" \/>\n\t<meta name=\"twitter:data1\" content=\"2 minutes\" \/>\n<script type=\"application\/ld+json\" class=\"yoast-schema-graph\">{\"@context\":\"https:\\\/\\\/schema.org\",\"@graph\":[{\"@type\":\"WebPage\",\"@id\":\"https:\\\/\\\/hmizatexperts.com\\\/product\\\/correcteur-du-dos-intelligent\\\/\",\"url\":\"https:\\\/\\\/hmizatexperts.com\\\/product\\\/correcteur-du-dos-intelligent\\\/\",\"name\":\"Correcteur du dos intelligent pour enfants et adultes - Hmizate Expert\",\"isPartOf\":{\"@id\":\"https:\\\/\\\/hmizatexperts.com\\\/#website\"},\"primaryImageOfPage\":{\"@id\":\"https:\\\/\\\/hmizatexperts.com\\\/product\\\/correcteur-du-dos-intelligent\\\/#primaryimage\"},\"image\":{\"@id\":\"https:\\\/\\\/hmizatexperts.com\\\/product\\\/correcteur-du-dos-intelligent\\\/#primaryimage\"},\"thumbnailUrl\":\"https:\\\/\\\/hmizatexperts.com\\\/wp-content\\\/uploads\\\/2018\\\/02\\\/Sans-titre-7.png\",\"datePublished\":\"2018-02-17T11:40:36+00:00\",\"dateModified\":\"2024-12-24T10:03:45+00:00\",\"description\":\"Am\u00e9liorez votre posture avec le correcteur du dos intelligent : un dispositif confortable et efficace pour soulager les douleurs.\",\"breadcrumb\":{\"@id\":\"https:\\\/\\\/hmizatexperts.com\\\/product\\\/correcteur-du-dos-intelligent\\\/#breadcrumb\"},\"inLanguage\":\"fr-FR\",\"potentialAction\":[{\"@type\":\"ReadAction\",\"target\":[\"https:\\\/\\\/hmizatexperts.com\\\/product\\\/correcteur-du-dos-intelligent\\\/\"]}]},{\"@type\":\"ImageObject\",\"inLanguage\":\"fr-FR\",\"@id\":\"https:\\\/\\\/hmizatexperts.com\\\/product\\\/correcteur-du-dos-intelligent\\\/#primaryimage\",\"url\":\"https:\\\/\\\/hmizatexperts.com\\\/wp-content\\\/uploads\\\/2018\\\/02\\\/Sans-titre-7.png\",\"contentUrl\":\"https:\\\/\\\/hmizatexperts.com\\\/wp-content\\\/uploads\\\/2018\\\/02\\\/Sans-titre-7.png\",\"width\":800,\"height\":500},{\"@type\":\"BreadcrumbList\",\"@id\":\"https:\\\/\\\/hmizatexperts.com\\\/product\\\/correcteur-du-dos-intelligent\\\/#breadcrumb\",\"itemListElement\":[{\"@type\":\"ListItem\",\"position\":1,\"name\":\"Accueil\",\"item\":\"https:\\\/\\\/hmizatexperts.com\\\/\"},{\"@type\":\"ListItem\",\"position\":2,\"name\":\"Shop\",\"item\":\"https:\\\/\\\/hmizatexperts.com\\\/shop\\\/\"},{\"@type\":\"ListItem\",\"position\":3,\"name\":\"Correcteur du dos intelligent pour enfants et adultes\"}]},{\"@type\":\"WebSite\",\"@id\":\"https:\\\/\\\/hmizatexperts.com\\\/#website\",\"url\":\"https:\\\/\\\/hmizatexperts.com\\\/\",\"name\":\"Hmizate Expert\",\"description\":\"Nos offres aux meilleurs prix et qualit\u00e9\",\"publisher\":{\"@id\":\"https:\\\/\\\/hmizatexperts.com\\\/#organization\"},\"potentialAction\":[{\"@type\":\"SearchAction\",\"target\":{\"@type\":\"EntryPoint\",\"urlTemplate\":\"https:\\\/\\\/hmizatexperts.com\\\/?s={search_term_string}\"},\"query-input\":{\"@type\":\"PropertyValueSpecification\",\"valueRequired\":true,\"valueName\":\"search_term_string\"}}],\"inLanguage\":\"fr-FR\"},{\"@type\":\"Organization\",\"@id\":\"https:\\\/\\\/hmizatexperts.com\\\/#organization\",\"name\":\"Hmizate Expert\",\"url\":\"https:\\\/\\\/hmizatexperts.com\\\/\",\"logo\":{\"@type\":\"ImageObject\",\"inLanguage\":\"fr-FR\",\"@id\":\"https:\\\/\\\/hmizatexperts.com\\\/#\\\/schema\\\/logo\\\/image\\\/\",\"url\":\"https:\\\/\\\/hmizatexperts.com\\\/wp-content\\\/uploads\\\/2021\\\/05\\\/logo_HE2-removebg-preview.png\",\"contentUrl\":\"https:\\\/\\\/hmizatexperts.com\\\/wp-content\\\/uploads\\\/2021\\\/05\\\/logo_HE2-removebg-preview.png\",\"width\":800,\"height\":312,\"caption\":\"Hmizate Expert\"},\"image\":{\"@id\":\"https:\\\/\\\/hmizatexperts.com\\\/#\\\/schema\\\/logo\\\/image\\\/\"},\"sameAs\":[\"https:\\\/\\\/www.facebook.com\\\/hmizatexperts\",\"https:\\\/\\\/x.com\\\/ExpertsHmizate\"]}]}<\/script>\n<!-- \/ Yoast SEO Premium plugin. -->","yoast_head_json":{"title":"Correcteur du dos intelligent pour enfants et adultes - Hmizate Expert","description":"Am\u00e9liorez votre posture avec le correcteur du dos intelligent : un dispositif confortable et efficace pour soulager les douleurs.","robots":{"index":"index","follow":"follow","max-snippet":"max-snippet:-1","max-image-preview":"max-image-preview:large","max-video-preview":"max-video-preview:-1"},"canonical":"https:\/\/hmizatexperts.com\/fr_fr\/product\/correcteur-du-dos-intelligent\/","og_locale":"fr_FR","og_type":"article","og_title":"Correcteur du dos intelligent pour enfants et adultes","og_description":"Am\u00e9liorez votre posture avec le correcteur du dos intelligent : un dispositif confortable et efficace pour soulager les douleurs.","og_url":"https:\/\/hmizatexperts.com\/fr_fr\/product\/correcteur-du-dos-intelligent\/","og_site_name":"Hmizate Expert","article_publisher":"https:\/\/www.facebook.com\/hmizatexperts","article_modified_time":"2024-12-24T10:03:45+00:00","og_image":[{"width":800,"height":500,"url":"https:\/\/hmizatexperts.com\/wp-content\/uploads\/2018\/02\/Sans-titre-7.png","type":"image\/png"}],"twitter_card":"summary_large_image","twitter_site":"@ExpertsHmizate","twitter_misc":{"Dur\u00e9e de lecture estim\u00e9e":"2 minutes"},"schema":{"@context":"https:\/\/schema.org","@graph":[{"@type":"WebPage","@id":"https:\/\/hmizatexperts.com\/product\/correcteur-du-dos-intelligent\/","url":"https:\/\/hmizatexperts.com\/product\/correcteur-du-dos-intelligent\/","name":"Correcteur du dos intelligent pour enfants et adultes - Hmizate Expert","isPartOf":{"@id":"https:\/\/hmizatexperts.com\/#website"},"primaryImageOfPage":{"@id":"https:\/\/hmizatexperts.com\/product\/correcteur-du-dos-intelligent\/#primaryimage"},"image":{"@id":"https:\/\/hmizatexperts.com\/product\/correcteur-du-dos-intelligent\/#primaryimage"},"thumbnailUrl":"https:\/\/hmizatexperts.com\/wp-content\/uploads\/2018\/02\/Sans-titre-7.png","datePublished":"2018-02-17T11:40:36+00:00","dateModified":"2024-12-24T10:03:45+00:00","description":"Am\u00e9liorez votre posture avec le correcteur du dos intelligent : un dispositif confortable et efficace pour soulager les douleurs.","breadcrumb":{"@id":"https:\/\/hmizatexperts.com\/product\/correcteur-du-dos-intelligent\/#breadcrumb"},"inLanguage":"fr-FR","potentialAction":[{"@type":"ReadAction","target":["https:\/\/hmizatexperts.com\/product\/correcteur-du-dos-intelligent\/"]}]},{"@type":"ImageObject","inLanguage":"fr-FR","@id":"https:\/\/hmizatexperts.com\/product\/correcteur-du-dos-intelligent\/#primaryimage","url":"https:\/\/hmizatexperts.com\/wp-content\/uploads\/2018\/02\/Sans-titre-7.png","contentUrl":"https:\/\/hmizatexperts.com\/wp-content\/uploads\/2018\/02\/Sans-titre-7.png","width":800,"height":500},{"@type":"BreadcrumbList","@id":"https:\/\/hmizatexperts.com\/product\/correcteur-du-dos-intelligent\/#breadcrumb","itemListElement":[{"@type":"ListItem","position":1,"name":"Accueil","item":"https:\/\/hmizatexperts.com\/"},{"@type":"ListItem","position":2,"name":"Shop","item":"https:\/\/hmizatexperts.com\/shop\/"},{"@type":"ListItem","position":3,"name":"Correcteur du dos intelligent pour enfants et adultes"}]},{"@type":"WebSite","@id":"https:\/\/hmizatexperts.com\/#website","url":"https:\/\/hmizatexperts.com\/","name":"Hmizate Expert","description":"Nos offres aux meilleurs prix et qualit\u00e9","publisher":{"@id":"https:\/\/hmizatexperts.com\/#organization"},"potentialAction":[{"@type":"SearchAction","target":{"@type":"EntryPoint","urlTemplate":"https:\/\/hmizatexperts.com\/?s={search_term_string}"},"query-input":{"@type":"PropertyValueSpecification","valueRequired":true,"valueName":"search_term_string"}}],"inLanguage":"fr-FR"},{"@type":"Organization","@id":"https:\/\/hmizatexperts.com\/#organization","name":"Hmizate Expert","url":"https:\/\/hmizatexperts.com\/","logo":{"@type":"ImageObject","inLanguage":"fr-FR","@id":"https:\/\/hmizatexperts.com\/#\/schema\/logo\/image\/","url":"https:\/\/hmizatexperts.com\/wp-content\/uploads\/2021\/05\/logo_HE2-removebg-preview.png","contentUrl":"https:\/\/hmizatexperts.com\/wp-content\/uploads\/2021\/05\/logo_HE2-removebg-preview.png","width":800,"height":312,"caption":"Hmizate Expert"},"image":{"@id":"https:\/\/hmizatexperts.com\/#\/schema\/logo\/image\/"},"sameAs":["https:\/\/www.facebook.com\/hmizatexperts","https:\/\/x.com\/ExpertsHmizate"]}]}},"_links":{"self":[{"href":"https:\/\/hmizatexperts.com\/fr_fr\/wp-json\/wp\/v2\/product\/152","targetHints":{"allow":["GET"]}}],"collection":[{"href":"https:\/\/hmizatexperts.com\/fr_fr\/wp-json\/wp\/v2\/product"}],"about":[{"href":"https:\/\/hmizatexperts.com\/fr_fr\/wp-json\/wp\/v2\/types\/product"}],"replies":[{"embeddable":true,"href":"https:\/\/hmizatexperts.com\/fr_fr\/wp-json\/wp\/v2\/comments?post=152"}],"wp:featuredmedia":[{"embeddable":true,"href":"https:\/\/hmizatexperts.com\/fr_fr\/wp-json\/wp\/v2\/media\/665"}],"wp:attachment":[{"href":"https:\/\/hmizatexperts.com\/fr_fr\/wp-json\/wp\/v2\/media?parent=152"}],"wp:term":[{"taxonomy":"product_brand","embeddable":true,"href":"https:\/\/hmizatexperts.com\/fr_fr\/wp-json\/wp\/v2\/product_brand?post=152"},{"taxonomy":"product_cat","embeddable":true,"href":"https:\/\/hmizatexperts.com\/fr_fr\/wp-json\/wp\/v2\/product_cat?post=152"},{"taxonomy":"product_tag","embeddable":true,"href":"https:\/\/hmizatexperts.com\/fr_fr\/wp-json\/wp\/v2\/product_tag?post=152"}],"curies":[{"name":"wp","href":"https:\/\/api.w.org\/{rel}","templated":true}]}}