{"id":1523,"date":"2022-07-04T00:45:09","date_gmt":"2022-07-03T23:45:09","guid":{"rendered":"https:\/\/hmizatexperts.com\/?post_type=product&#038;p=1523"},"modified":"2025-08-14T12:01:48","modified_gmt":"2025-08-14T11:01:48","slug":"smart-watch-serie-6","status":"publish","type":"product","link":"https:\/\/hmizatexperts.com\/fr_fr\/product\/smart-watch-serie-6\/","title":{"rendered":"Smart Watch Montre intelligent s\u00e9rie 6"},"content":{"rendered":"<p>D\u00e9couvrez la montre ultime qui red\u00e9finit le concept de polyvalence : notre incroyable montre multifonctions.<\/p>\n<p>Imaginez avoir toutes les fonctions dont vous avez besoin au bout de votre poignet, pr\u00eates \u00e0 \u00eatre utilis\u00e9es \u00e0 tout moment. Notre montre est bien plus qu&rsquo;un simple accessoire de mode, elle est un v\u00e9ritable concentr\u00e9 de technologies qui vous accompagneront dans toutes vos aventures.<\/p>\n<p>Dot\u00e9e d&rsquo;un chronographe pr\u00e9cis, d&rsquo;une boussole fiable et d&rsquo;un thermom\u00e8tre int\u00e9gr\u00e9, notre montre vous guide \u00e0 travers les terrains les plus exigeants. Que vous soyez un explorateur intr\u00e9pide ou simplement en qu\u00eate d&rsquo;aventures urbaines, cette montre est pr\u00eate \u00e0 relever tous les d\u00e9fis.<\/p>\n<p style=\"text-align: center;\"><a href=\"https:\/\/hmizatexperts.com\/wp-content\/uploads\/2022\/07\/s-l1600-removebg-preview.png\"><img loading=\"lazy\" decoding=\"async\" class=\"alignnone wp-image-1531\" src=\"https:\/\/hmizatexperts.com\/wp-content\/uploads\/2022\/07\/s-l1600-removebg-preview-300x300.png\" alt=\"\" width=\"181\" height=\"181\" srcset=\"https:\/\/hmizatexperts.com\/wp-content\/uploads\/2022\/07\/s-l1600-removebg-preview-300x300.png 300w, https:\/\/hmizatexperts.com\/wp-content\/uploads\/2022\/07\/s-l1600-removebg-preview-150x150.png 150w, https:\/\/hmizatexperts.com\/wp-content\/uploads\/2022\/07\/s-l1600-removebg-preview-450x450.png 450w, https:\/\/hmizatexperts.com\/wp-content\/uploads\/2022\/07\/s-l1600-removebg-preview-80x80.png 80w, https:\/\/hmizatexperts.com\/wp-content\/uploads\/2022\/07\/s-l1600-removebg-preview.png 500w\" sizes=\"auto, (max-width: 181px) 100vw, 181px\" \/><\/a><\/p>\n<p>Dimensions : 44 x 38 x 10,7 mm.<\/p>\n<p>Poids du produit : 50 g.<\/p>\n<p>Bo\u00eetier de montre : acier.<\/p>\n<p>Bracelet : gel de silice.<\/p>\n<p>Port de charge : charge magn\u00e9tique.<\/p>\n<p>Couleur du produit : noir<\/p>\n<p>\u00c9cran tactile : \u00e9cran tactile capacitif 2,5D en forme de renard.<\/p>\n<p>\u00c9cran LCD : 4,7 cm HD IPS.<\/p>\n<p>R\u00e9solution LCD : 320 x 385.<\/p>\n<p style=\"text-align: center;\"><a href=\"https:\/\/hmizatexperts.com\/wp-content\/uploads\/2022\/01\/\u062e\u062f\u0645\u0629-\u0627\u0644\u0632\u0628\u0627\u064a\u0654\u0646-1.png\"><img loading=\"lazy\" decoding=\"async\" class=\"alignnone size-medium wp-image-1455\" src=\"https:\/\/hmizatexperts.com\/wp-content\/uploads\/2022\/01\/\u062e\u062f\u0645\u0629-\u0627\u0644\u0632\u0628\u0627\u064a\u0654\u0646-1-300x71.png\" alt=\"\" width=\"300\" height=\"71\" srcset=\"https:\/\/hmizatexperts.com\/wp-content\/uploads\/2022\/01\/\u062e\u062f\u0645\u0629-\u0627\u0644\u0632\u0628\u0627\u064a\u0654\u0646-1-300x71.png 300w, https:\/\/hmizatexperts.com\/wp-content\/uploads\/2022\/01\/\u062e\u062f\u0645\u0629-\u0627\u0644\u0632\u0628\u0627\u064a\u0654\u0646-1-600x142.png 600w, https:\/\/hmizatexperts.com\/wp-content\/uploads\/2022\/01\/\u062e\u062f\u0645\u0629-\u0627\u0644\u0632\u0628\u0627\u064a\u0654\u0646-1.png 603w\" sizes=\"auto, (max-width: 300px) 100vw, 300px\" \/><\/a><\/p>\n","protected":false},"excerpt":{"rendered":"<p><span data-sheets-root=\"1\">Smart Watch S\u00e9rie 6 : fonctionnalit\u00e9s avanc\u00e9es, design \u00e9l\u00e9gant. Notifications, suivi d&rsquo;activit\u00e9, r\u00e9sistance \u00e0 l&rsquo;eau et plus encore! Optimisez votre quotidien avec cette montre connect\u00e9e performante.<br \/>\n<\/span><\/p>\n","protected":false},"featured_media":1525,"comment_status":"open","ping_status":"closed","template":"","meta":[],"product_brand":[],"product_cat":[15,114],"product_tag":[],"class_list":{"0":"post-1523","1":"product","2":"type-product","3":"status-publish","4":"has-post-thumbnail","6":"product_cat-electronique","7":"product_cat-smartphones-et-accessoires","8":"location-tout-le-maroc","9":"store-hmizate-experts","10":"entry panel","12":"first","13":"instock","14":"sale","15":"shipping-taxable","16":"purchasable","17":"product-type-simple"},"ams_default_variation_id":0,"ams_product_points_reward":[],"ams_product_discount_percentage":28.17,"ams_price_to_display":255,"ams_acf":[],"yoast_head":"<!-- This site is optimized with the Yoast SEO Premium plugin v26.6 (Yoast SEO v27.4) - https:\/\/yoast.com\/product\/yoast-seo-premium-wordpress\/ -->\n<title>Smart Watch Montre intelligent s\u00e9rie 6 - Hmizate Expert<\/title>\n<meta name=\"description\" content=\"Dot\u00e9e d&#039;un chronographe pr\u00e9cis, d&#039;une boussole fiable et d&#039;un thermom\u00e8tre int\u00e9gr\u00e9, notre montre vous guide \u00e0 travers les terrains les plus exigeants.\" \/>\n<meta name=\"robots\" content=\"index, follow, max-snippet:-1, max-image-preview:large, max-video-preview:-1\" \/>\n<link rel=\"canonical\" href=\"https:\/\/hmizatexperts.com\/fr_fr\/product\/smart-watch-serie-6\/\" \/>\n<meta property=\"og:locale\" content=\"fr_FR\" \/>\n<meta property=\"og:type\" content=\"article\" \/>\n<meta property=\"og:title\" content=\"Smart Watch Montre intelligent s\u00e9rie 6\" \/>\n<meta property=\"og:description\" content=\"Dot\u00e9e d&#039;un chronographe pr\u00e9cis, d&#039;une boussole fiable et d&#039;un thermom\u00e8tre int\u00e9gr\u00e9, notre montre vous guide \u00e0 travers les terrains les plus exigeants.\" \/>\n<meta property=\"og:url\" content=\"https:\/\/hmizatexperts.com\/fr_fr\/product\/smart-watch-serie-6\/\" \/>\n<meta property=\"og:site_name\" content=\"Hmizate Expert\" \/>\n<meta property=\"article:publisher\" content=\"https:\/\/www.facebook.com\/hmizatexperts\" \/>\n<meta property=\"article:modified_time\" content=\"2025-08-14T11:01:48+00:00\" \/>\n<meta property=\"og:image\" content=\"https:\/\/hmizatexperts.com\/wp-content\/uploads\/2022\/07\/2-1.png\" \/>\n\t<meta property=\"og:image:width\" content=\"1280\" \/>\n\t<meta property=\"og:image:height\" content=\"720\" \/>\n\t<meta property=\"og:image:type\" content=\"image\/png\" \/>\n<meta name=\"twitter:card\" content=\"summary_large_image\" \/>\n<meta name=\"twitter:site\" content=\"@ExpertsHmizate\" \/>\n<meta name=\"twitter:label1\" content=\"Dur\u00e9e de lecture estim\u00e9e\" \/>\n\t<meta name=\"twitter:data1\" content=\"2 minutes\" \/>\n<script type=\"application\/ld+json\" class=\"yoast-schema-graph\">{\"@context\":\"https:\\\/\\\/schema.org\",\"@graph\":[{\"@type\":\"WebPage\",\"@id\":\"https:\\\/\\\/hmizatexperts.com\\\/product\\\/smart-watch-serie-6\\\/\",\"url\":\"https:\\\/\\\/hmizatexperts.com\\\/product\\\/smart-watch-serie-6\\\/\",\"name\":\"Smart Watch Montre intelligent s\u00e9rie 6 - Hmizate Expert\",\"isPartOf\":{\"@id\":\"https:\\\/\\\/hmizatexperts.com\\\/#website\"},\"primaryImageOfPage\":{\"@id\":\"https:\\\/\\\/hmizatexperts.com\\\/product\\\/smart-watch-serie-6\\\/#primaryimage\"},\"image\":{\"@id\":\"https:\\\/\\\/hmizatexperts.com\\\/product\\\/smart-watch-serie-6\\\/#primaryimage\"},\"thumbnailUrl\":\"https:\\\/\\\/hmizatexperts.com\\\/wp-content\\\/uploads\\\/2022\\\/07\\\/2-1.png\",\"datePublished\":\"2022-07-03T23:45:09+00:00\",\"dateModified\":\"2025-08-14T11:01:48+00:00\",\"description\":\"Dot\u00e9e d'un chronographe pr\u00e9cis, d'une boussole fiable et d'un thermom\u00e8tre int\u00e9gr\u00e9, notre montre vous guide \u00e0 travers les terrains les plus exigeants.\",\"breadcrumb\":{\"@id\":\"https:\\\/\\\/hmizatexperts.com\\\/product\\\/smart-watch-serie-6\\\/#breadcrumb\"},\"inLanguage\":\"fr-FR\",\"potentialAction\":[{\"@type\":\"ReadAction\",\"target\":[\"https:\\\/\\\/hmizatexperts.com\\\/product\\\/smart-watch-serie-6\\\/\"]}]},{\"@type\":\"ImageObject\",\"inLanguage\":\"fr-FR\",\"@id\":\"https:\\\/\\\/hmizatexperts.com\\\/product\\\/smart-watch-serie-6\\\/#primaryimage\",\"url\":\"https:\\\/\\\/hmizatexperts.com\\\/wp-content\\\/uploads\\\/2022\\\/07\\\/2-1.png\",\"contentUrl\":\"https:\\\/\\\/hmizatexperts.com\\\/wp-content\\\/uploads\\\/2022\\\/07\\\/2-1.png\",\"width\":1280,\"height\":720},{\"@type\":\"BreadcrumbList\",\"@id\":\"https:\\\/\\\/hmizatexperts.com\\\/product\\\/smart-watch-serie-6\\\/#breadcrumb\",\"itemListElement\":[{\"@type\":\"ListItem\",\"position\":1,\"name\":\"Accueil\",\"item\":\"https:\\\/\\\/hmizatexperts.com\\\/\"},{\"@type\":\"ListItem\",\"position\":2,\"name\":\"Shop\",\"item\":\"https:\\\/\\\/hmizatexperts.com\\\/shop\\\/\"},{\"@type\":\"ListItem\",\"position\":3,\"name\":\"Smart Watch Montre intelligent s\u00e9rie 6\"}]},{\"@type\":\"WebSite\",\"@id\":\"https:\\\/\\\/hmizatexperts.com\\\/#website\",\"url\":\"https:\\\/\\\/hmizatexperts.com\\\/\",\"name\":\"Hmizate Expert\",\"description\":\"Nos offres aux meilleurs prix et qualit\u00e9\",\"publisher\":{\"@id\":\"https:\\\/\\\/hmizatexperts.com\\\/#organization\"},\"potentialAction\":[{\"@type\":\"SearchAction\",\"target\":{\"@type\":\"EntryPoint\",\"urlTemplate\":\"https:\\\/\\\/hmizatexperts.com\\\/?s={search_term_string}\"},\"query-input\":{\"@type\":\"PropertyValueSpecification\",\"valueRequired\":true,\"valueName\":\"search_term_string\"}}],\"inLanguage\":\"fr-FR\"},{\"@type\":\"Organization\",\"@id\":\"https:\\\/\\\/hmizatexperts.com\\\/#organization\",\"name\":\"Hmizate Expert\",\"url\":\"https:\\\/\\\/hmizatexperts.com\\\/\",\"logo\":{\"@type\":\"ImageObject\",\"inLanguage\":\"fr-FR\",\"@id\":\"https:\\\/\\\/hmizatexperts.com\\\/#\\\/schema\\\/logo\\\/image\\\/\",\"url\":\"https:\\\/\\\/hmizatexperts.com\\\/wp-content\\\/uploads\\\/2021\\\/05\\\/logo_HE2-removebg-preview.png\",\"contentUrl\":\"https:\\\/\\\/hmizatexperts.com\\\/wp-content\\\/uploads\\\/2021\\\/05\\\/logo_HE2-removebg-preview.png\",\"width\":800,\"height\":312,\"caption\":\"Hmizate Expert\"},\"image\":{\"@id\":\"https:\\\/\\\/hmizatexperts.com\\\/#\\\/schema\\\/logo\\\/image\\\/\"},\"sameAs\":[\"https:\\\/\\\/www.facebook.com\\\/hmizatexperts\",\"https:\\\/\\\/x.com\\\/ExpertsHmizate\"]}]}<\/script>\n<!-- \/ Yoast SEO Premium plugin. -->","yoast_head_json":{"title":"Smart Watch Montre intelligent s\u00e9rie 6 - Hmizate Expert","description":"Dot\u00e9e d'un chronographe pr\u00e9cis, d'une boussole fiable et d'un thermom\u00e8tre int\u00e9gr\u00e9, notre montre vous guide \u00e0 travers les terrains les plus exigeants.","robots":{"index":"index","follow":"follow","max-snippet":"max-snippet:-1","max-image-preview":"max-image-preview:large","max-video-preview":"max-video-preview:-1"},"canonical":"https:\/\/hmizatexperts.com\/fr_fr\/product\/smart-watch-serie-6\/","og_locale":"fr_FR","og_type":"article","og_title":"Smart Watch Montre intelligent s\u00e9rie 6","og_description":"Dot\u00e9e d'un chronographe pr\u00e9cis, d'une boussole fiable et d'un thermom\u00e8tre int\u00e9gr\u00e9, notre montre vous guide \u00e0 travers les terrains les plus exigeants.","og_url":"https:\/\/hmizatexperts.com\/fr_fr\/product\/smart-watch-serie-6\/","og_site_name":"Hmizate Expert","article_publisher":"https:\/\/www.facebook.com\/hmizatexperts","article_modified_time":"2025-08-14T11:01:48+00:00","og_image":[{"width":1280,"height":720,"url":"https:\/\/hmizatexperts.com\/wp-content\/uploads\/2022\/07\/2-1.png","type":"image\/png"}],"twitter_card":"summary_large_image","twitter_site":"@ExpertsHmizate","twitter_misc":{"Dur\u00e9e de lecture estim\u00e9e":"2 minutes"},"schema":{"@context":"https:\/\/schema.org","@graph":[{"@type":"WebPage","@id":"https:\/\/hmizatexperts.com\/product\/smart-watch-serie-6\/","url":"https:\/\/hmizatexperts.com\/product\/smart-watch-serie-6\/","name":"Smart Watch Montre intelligent s\u00e9rie 6 - Hmizate Expert","isPartOf":{"@id":"https:\/\/hmizatexperts.com\/#website"},"primaryImageOfPage":{"@id":"https:\/\/hmizatexperts.com\/product\/smart-watch-serie-6\/#primaryimage"},"image":{"@id":"https:\/\/hmizatexperts.com\/product\/smart-watch-serie-6\/#primaryimage"},"thumbnailUrl":"https:\/\/hmizatexperts.com\/wp-content\/uploads\/2022\/07\/2-1.png","datePublished":"2022-07-03T23:45:09+00:00","dateModified":"2025-08-14T11:01:48+00:00","description":"Dot\u00e9e d'un chronographe pr\u00e9cis, d'une boussole fiable et d'un thermom\u00e8tre int\u00e9gr\u00e9, notre montre vous guide \u00e0 travers les terrains les plus exigeants.","breadcrumb":{"@id":"https:\/\/hmizatexperts.com\/product\/smart-watch-serie-6\/#breadcrumb"},"inLanguage":"fr-FR","potentialAction":[{"@type":"ReadAction","target":["https:\/\/hmizatexperts.com\/product\/smart-watch-serie-6\/"]}]},{"@type":"ImageObject","inLanguage":"fr-FR","@id":"https:\/\/hmizatexperts.com\/product\/smart-watch-serie-6\/#primaryimage","url":"https:\/\/hmizatexperts.com\/wp-content\/uploads\/2022\/07\/2-1.png","contentUrl":"https:\/\/hmizatexperts.com\/wp-content\/uploads\/2022\/07\/2-1.png","width":1280,"height":720},{"@type":"BreadcrumbList","@id":"https:\/\/hmizatexperts.com\/product\/smart-watch-serie-6\/#breadcrumb","itemListElement":[{"@type":"ListItem","position":1,"name":"Accueil","item":"https:\/\/hmizatexperts.com\/"},{"@type":"ListItem","position":2,"name":"Shop","item":"https:\/\/hmizatexperts.com\/shop\/"},{"@type":"ListItem","position":3,"name":"Smart Watch Montre intelligent s\u00e9rie 6"}]},{"@type":"WebSite","@id":"https:\/\/hmizatexperts.com\/#website","url":"https:\/\/hmizatexperts.com\/","name":"Hmizate Expert","description":"Nos offres aux meilleurs prix et qualit\u00e9","publisher":{"@id":"https:\/\/hmizatexperts.com\/#organization"},"potentialAction":[{"@type":"SearchAction","target":{"@type":"EntryPoint","urlTemplate":"https:\/\/hmizatexperts.com\/?s={search_term_string}"},"query-input":{"@type":"PropertyValueSpecification","valueRequired":true,"valueName":"search_term_string"}}],"inLanguage":"fr-FR"},{"@type":"Organization","@id":"https:\/\/hmizatexperts.com\/#organization","name":"Hmizate Expert","url":"https:\/\/hmizatexperts.com\/","logo":{"@type":"ImageObject","inLanguage":"fr-FR","@id":"https:\/\/hmizatexperts.com\/#\/schema\/logo\/image\/","url":"https:\/\/hmizatexperts.com\/wp-content\/uploads\/2021\/05\/logo_HE2-removebg-preview.png","contentUrl":"https:\/\/hmizatexperts.com\/wp-content\/uploads\/2021\/05\/logo_HE2-removebg-preview.png","width":800,"height":312,"caption":"Hmizate Expert"},"image":{"@id":"https:\/\/hmizatexperts.com\/#\/schema\/logo\/image\/"},"sameAs":["https:\/\/www.facebook.com\/hmizatexperts","https:\/\/x.com\/ExpertsHmizate"]}]}},"_links":{"self":[{"href":"https:\/\/hmizatexperts.com\/fr_fr\/wp-json\/wp\/v2\/product\/1523","targetHints":{"allow":["GET"]}}],"collection":[{"href":"https:\/\/hmizatexperts.com\/fr_fr\/wp-json\/wp\/v2\/product"}],"about":[{"href":"https:\/\/hmizatexperts.com\/fr_fr\/wp-json\/wp\/v2\/types\/product"}],"replies":[{"embeddable":true,"href":"https:\/\/hmizatexperts.com\/fr_fr\/wp-json\/wp\/v2\/comments?post=1523"}],"wp:featuredmedia":[{"embeddable":true,"href":"https:\/\/hmizatexperts.com\/fr_fr\/wp-json\/wp\/v2\/media\/1525"}],"wp:attachment":[{"href":"https:\/\/hmizatexperts.com\/fr_fr\/wp-json\/wp\/v2\/media?parent=1523"}],"wp:term":[{"taxonomy":"product_brand","embeddable":true,"href":"https:\/\/hmizatexperts.com\/fr_fr\/wp-json\/wp\/v2\/product_brand?post=1523"},{"taxonomy":"product_cat","embeddable":true,"href":"https:\/\/hmizatexperts.com\/fr_fr\/wp-json\/wp\/v2\/product_cat?post=1523"},{"taxonomy":"product_tag","embeddable":true,"href":"https:\/\/hmizatexperts.com\/fr_fr\/wp-json\/wp\/v2\/product_tag?post=1523"}],"curies":[{"name":"wp","href":"https:\/\/api.w.org\/{rel}","templated":true}]}}