{"id":1550,"date":"2022-08-09T23:01:57","date_gmt":"2022-08-09T22:01:57","guid":{"rendered":"https:\/\/hmizatexperts.com\/?post_type=product&#038;p=1550"},"modified":"2025-08-14T12:00:08","modified_gmt":"2025-08-14T11:00:08","slug":"ecouteurs-sans-fil-m10-tws-bluetooth","status":"publish","type":"product","link":"https:\/\/hmizatexperts.com\/fr_fr\/product\/ecouteurs-sans-fil-m10-tws-bluetooth\/","title":{"rendered":"\u00c9couteurs sans fil M10 TWS Bluetooth"},"content":{"rendered":"<p>Version Bluetooth: 5.1<br \/>\nProtocole: HFP 1.7 \/ HSP1.2 \/ A2DP 1 \/ AVRCP 1.6\/ SPP1.2 \/ PBAP1.0<br \/>\nVersion de r\u00e9duction du bruit: CVC8.0<br \/>\nGamme de fr\u00e9quence: 2.402GHZ ~ 2.480GHZ<br \/>\nDistance de travail: 10m<br \/>\nTension et courant d&rsquo;entr\u00e9e de charge: 5V au-dessus de 600mA<br \/>\nCapacit\u00e9 de la batterie du casque: 50mAh<br \/>\nCapacit\u00e9 de la batterie du compartiment de charge: 2200mAh<br \/>\nTemps de charge du casque 2 heures<br \/>\nTemps de lecture de musique: 4-6hours<br \/>\nTemps de conversation: 4-6hours<\/p>\n<p><a href=\"https:\/\/hmizatexperts.com\/wp-content\/uploads\/2022\/08\/1.png\"><img loading=\"lazy\" decoding=\"async\" class=\"alignnone size-medium wp-image-1551\" src=\"https:\/\/hmizatexperts.com\/wp-content\/uploads\/2022\/08\/1-300x300.png\" alt=\"\" width=\"300\" height=\"300\" srcset=\"https:\/\/hmizatexperts.com\/wp-content\/uploads\/2022\/08\/1-300x300.png 300w, https:\/\/hmizatexperts.com\/wp-content\/uploads\/2022\/08\/1-1024x1024.png 1024w, https:\/\/hmizatexperts.com\/wp-content\/uploads\/2022\/08\/1-150x150.png 150w, https:\/\/hmizatexperts.com\/wp-content\/uploads\/2022\/08\/1-768x768.png 768w, https:\/\/hmizatexperts.com\/wp-content\/uploads\/2022\/08\/1-450x450.png 450w, https:\/\/hmizatexperts.com\/wp-content\/uploads\/2022\/08\/1-80x80.png 80w, https:\/\/hmizatexperts.com\/wp-content\/uploads\/2022\/08\/1-600x600.png 600w, https:\/\/hmizatexperts.com\/wp-content\/uploads\/2022\/08\/1.png 1080w\" sizes=\"auto, (max-width: 300px) 100vw, 300px\" \/><\/a> <a href=\"https:\/\/hmizatexperts.com\/wp-content\/uploads\/2022\/08\/2.png\"><img loading=\"lazy\" decoding=\"async\" class=\"alignnone size-medium wp-image-1552\" src=\"https:\/\/hmizatexperts.com\/wp-content\/uploads\/2022\/08\/2-300x300.png\" alt=\"\" width=\"300\" height=\"300\" srcset=\"https:\/\/hmizatexperts.com\/wp-content\/uploads\/2022\/08\/2-300x300.png 300w, https:\/\/hmizatexperts.com\/wp-content\/uploads\/2022\/08\/2-1024x1024.png 1024w, https:\/\/hmizatexperts.com\/wp-content\/uploads\/2022\/08\/2-150x150.png 150w, https:\/\/hmizatexperts.com\/wp-content\/uploads\/2022\/08\/2-768x768.png 768w, https:\/\/hmizatexperts.com\/wp-content\/uploads\/2022\/08\/2-450x450.png 450w, https:\/\/hmizatexperts.com\/wp-content\/uploads\/2022\/08\/2-80x80.png 80w, https:\/\/hmizatexperts.com\/wp-content\/uploads\/2022\/08\/2-600x600.png 600w, https:\/\/hmizatexperts.com\/wp-content\/uploads\/2022\/08\/2.png 1080w\" sizes=\"auto, (max-width: 300px) 100vw, 300px\" \/><\/a> <a href=\"https:\/\/hmizatexperts.com\/wp-content\/uploads\/2022\/08\/3.png\"><img loading=\"lazy\" decoding=\"async\" class=\"alignnone size-medium wp-image-1553\" src=\"https:\/\/hmizatexperts.com\/wp-content\/uploads\/2022\/08\/3-300x300.png\" alt=\"\" width=\"300\" height=\"300\" srcset=\"https:\/\/hmizatexperts.com\/wp-content\/uploads\/2022\/08\/3-300x300.png 300w, https:\/\/hmizatexperts.com\/wp-content\/uploads\/2022\/08\/3-1024x1024.png 1024w, https:\/\/hmizatexperts.com\/wp-content\/uploads\/2022\/08\/3-150x150.png 150w, https:\/\/hmizatexperts.com\/wp-content\/uploads\/2022\/08\/3-768x768.png 768w, https:\/\/hmizatexperts.com\/wp-content\/uploads\/2022\/08\/3-450x450.png 450w, https:\/\/hmizatexperts.com\/wp-content\/uploads\/2022\/08\/3-80x80.png 80w, https:\/\/hmizatexperts.com\/wp-content\/uploads\/2022\/08\/3-600x600.png 600w, https:\/\/hmizatexperts.com\/wp-content\/uploads\/2022\/08\/3.png 1080w\" sizes=\"auto, (max-width: 300px) 100vw, 300px\" \/><\/a> <a href=\"https:\/\/hmizatexperts.com\/wp-content\/uploads\/2022\/08\/4.png\"><img loading=\"lazy\" decoding=\"async\" class=\"alignnone size-medium wp-image-1554\" src=\"https:\/\/hmizatexperts.com\/wp-content\/uploads\/2022\/08\/4-300x300.png\" alt=\"\" width=\"300\" height=\"300\" srcset=\"https:\/\/hmizatexperts.com\/wp-content\/uploads\/2022\/08\/4-300x300.png 300w, https:\/\/hmizatexperts.com\/wp-content\/uploads\/2022\/08\/4-1024x1024.png 1024w, https:\/\/hmizatexperts.com\/wp-content\/uploads\/2022\/08\/4-150x150.png 150w, https:\/\/hmizatexperts.com\/wp-content\/uploads\/2022\/08\/4-768x768.png 768w, https:\/\/hmizatexperts.com\/wp-content\/uploads\/2022\/08\/4-450x450.png 450w, https:\/\/hmizatexperts.com\/wp-content\/uploads\/2022\/08\/4-80x80.png 80w, https:\/\/hmizatexperts.com\/wp-content\/uploads\/2022\/08\/4-600x600.png 600w, https:\/\/hmizatexperts.com\/wp-content\/uploads\/2022\/08\/4.png 1080w\" sizes=\"auto, (max-width: 300px) 100vw, 300px\" \/><\/a><\/p>\n<p><a href=\"https:\/\/hmizatexperts.com\/wp-content\/uploads\/2022\/01\/\u062e\u062f\u0645\u0629-\u0627\u0644\u0632\u0628\u0627\u064a\u0654\u0646-1.png\"><img loading=\"lazy\" decoding=\"async\" class=\"size-medium wp-image-1455 aligncenter\" src=\"https:\/\/hmizatexperts.com\/wp-content\/uploads\/2022\/01\/\u062e\u062f\u0645\u0629-\u0627\u0644\u0632\u0628\u0627\u064a\u0654\u0646-1-300x71.png\" alt=\"\" width=\"300\" height=\"71\" srcset=\"https:\/\/hmizatexperts.com\/wp-content\/uploads\/2022\/01\/\u062e\u062f\u0645\u0629-\u0627\u0644\u0632\u0628\u0627\u064a\u0654\u0646-1-300x71.png 300w, https:\/\/hmizatexperts.com\/wp-content\/uploads\/2022\/01\/\u062e\u062f\u0645\u0629-\u0627\u0644\u0632\u0628\u0627\u064a\u0654\u0646-1-600x142.png 600w, https:\/\/hmizatexperts.com\/wp-content\/uploads\/2022\/01\/\u062e\u062f\u0645\u0629-\u0627\u0644\u0632\u0628\u0627\u064a\u0654\u0646-1.png 603w\" sizes=\"auto, (max-width: 300px) 100vw, 300px\" \/><\/a><\/p>\n","protected":false},"excerpt":{"rendered":"<p><span data-sheets-root=\"1\">\u00c9couteurs M10 TWS Bluetooth : son immersif sans fil et recharge mobile int\u00e9gr\u00e9e. Double fonction !<br \/>\n<\/span><\/p>\n","protected":false},"featured_media":1555,"comment_status":"open","ping_status":"closed","template":"","meta":[],"product_brand":[],"product_cat":[15,114],"product_tag":[],"class_list":{"0":"post-1550","1":"product","2":"type-product","3":"status-publish","4":"has-post-thumbnail","6":"product_cat-electronique","7":"product_cat-smartphones-et-accessoires","8":"location-tout-le-maroc","9":"store-hmizate-experts","10":"entry panel","12":"first","13":"instock","14":"sale","15":"shipping-taxable","16":"purchasable","17":"product-type-simple"},"ams_default_variation_id":0,"ams_product_points_reward":[],"ams_product_discount_percentage":39.9,"ams_price_to_display":125,"ams_acf":[],"yoast_head":"<!-- This site is optimized with the Yoast SEO Premium plugin v26.6 (Yoast SEO v27.5) - https:\/\/yoast.com\/product\/yoast-seo-premium-wordpress\/ -->\n<title>\u00c9couteurs sans fil M10 TWS Bluetooth - Hmizate Expert<\/title>\n<meta name=\"description\" content=\"Version Bluetooth: 5.1Protocole: HFP 1.7 \/ HSP1.2 \/ A2DP 1 \/ AVRCP 1.6\/ SPP1.2 \/ PBAP1.0Version de r\u00e9duction du bruit: CVC8.0\" \/>\n<meta name=\"robots\" content=\"index, follow, max-snippet:-1, max-image-preview:large, max-video-preview:-1\" \/>\n<link rel=\"canonical\" href=\"https:\/\/hmizatexperts.com\/fr_fr\/product\/ecouteurs-sans-fil-m10-tws-bluetooth\/\" \/>\n<meta property=\"og:locale\" content=\"fr_FR\" \/>\n<meta property=\"og:type\" content=\"article\" \/>\n<meta property=\"og:title\" content=\"\u00c9couteurs sans fil M10 TWS Bluetooth\" \/>\n<meta property=\"og:description\" content=\"Version Bluetooth: 5.1Protocole: HFP 1.7 \/ HSP1.2 \/ A2DP 1 \/ AVRCP 1.6\/ SPP1.2 \/ PBAP1.0Version de r\u00e9duction du bruit: CVC8.0\" \/>\n<meta property=\"og:url\" content=\"https:\/\/hmizatexperts.com\/fr_fr\/product\/ecouteurs-sans-fil-m10-tws-bluetooth\/\" \/>\n<meta property=\"og:site_name\" content=\"Hmizate Expert\" \/>\n<meta property=\"article:publisher\" content=\"https:\/\/www.facebook.com\/hmizatexperts\" \/>\n<meta property=\"article:modified_time\" content=\"2025-08-14T11:00:08+00:00\" \/>\n<meta property=\"og:image\" content=\"https:\/\/hmizatexperts.com\/wp-content\/uploads\/2022\/08\/1-1.png\" \/>\n\t<meta property=\"og:image:width\" content=\"1280\" \/>\n\t<meta property=\"og:image:height\" content=\"720\" \/>\n\t<meta property=\"og:image:type\" content=\"image\/png\" \/>\n<meta name=\"twitter:card\" content=\"summary_large_image\" \/>\n<meta name=\"twitter:site\" content=\"@ExpertsHmizate\" \/>\n<meta name=\"twitter:label1\" content=\"Dur\u00e9e de lecture estim\u00e9e\" \/>\n\t<meta name=\"twitter:data1\" content=\"2 minutes\" \/>\n<script type=\"application\/ld+json\" class=\"yoast-schema-graph\">{\"@context\":\"https:\\\/\\\/schema.org\",\"@graph\":[{\"@type\":\"WebPage\",\"@id\":\"https:\\\/\\\/hmizatexperts.com\\\/product\\\/ecouteurs-sans-fil-m10-tws-bluetooth\\\/\",\"url\":\"https:\\\/\\\/hmizatexperts.com\\\/product\\\/ecouteurs-sans-fil-m10-tws-bluetooth\\\/\",\"name\":\"\u00c9couteurs sans fil M10 TWS Bluetooth - Hmizate Expert\",\"isPartOf\":{\"@id\":\"https:\\\/\\\/hmizatexperts.com\\\/#website\"},\"primaryImageOfPage\":{\"@id\":\"https:\\\/\\\/hmizatexperts.com\\\/product\\\/ecouteurs-sans-fil-m10-tws-bluetooth\\\/#primaryimage\"},\"image\":{\"@id\":\"https:\\\/\\\/hmizatexperts.com\\\/product\\\/ecouteurs-sans-fil-m10-tws-bluetooth\\\/#primaryimage\"},\"thumbnailUrl\":\"https:\\\/\\\/hmizatexperts.com\\\/wp-content\\\/uploads\\\/2022\\\/08\\\/1-1.png\",\"datePublished\":\"2022-08-09T22:01:57+00:00\",\"dateModified\":\"2025-08-14T11:00:08+00:00\",\"description\":\"Version Bluetooth: 5.1Protocole: HFP 1.7 \\\/ HSP1.2 \\\/ A2DP 1 \\\/ AVRCP 1.6\\\/ SPP1.2 \\\/ PBAP1.0Version de r\u00e9duction du bruit: CVC8.0\",\"breadcrumb\":{\"@id\":\"https:\\\/\\\/hmizatexperts.com\\\/product\\\/ecouteurs-sans-fil-m10-tws-bluetooth\\\/#breadcrumb\"},\"inLanguage\":\"fr-FR\",\"potentialAction\":[{\"@type\":\"ReadAction\",\"target\":[\"https:\\\/\\\/hmizatexperts.com\\\/product\\\/ecouteurs-sans-fil-m10-tws-bluetooth\\\/\"]}]},{\"@type\":\"ImageObject\",\"inLanguage\":\"fr-FR\",\"@id\":\"https:\\\/\\\/hmizatexperts.com\\\/product\\\/ecouteurs-sans-fil-m10-tws-bluetooth\\\/#primaryimage\",\"url\":\"https:\\\/\\\/hmizatexperts.com\\\/wp-content\\\/uploads\\\/2022\\\/08\\\/1-1.png\",\"contentUrl\":\"https:\\\/\\\/hmizatexperts.com\\\/wp-content\\\/uploads\\\/2022\\\/08\\\/1-1.png\",\"width\":1280,\"height\":720},{\"@type\":\"BreadcrumbList\",\"@id\":\"https:\\\/\\\/hmizatexperts.com\\\/product\\\/ecouteurs-sans-fil-m10-tws-bluetooth\\\/#breadcrumb\",\"itemListElement\":[{\"@type\":\"ListItem\",\"position\":1,\"name\":\"Accueil\",\"item\":\"https:\\\/\\\/hmizatexperts.com\\\/\"},{\"@type\":\"ListItem\",\"position\":2,\"name\":\"Shop\",\"item\":\"https:\\\/\\\/hmizatexperts.com\\\/shop\\\/\"},{\"@type\":\"ListItem\",\"position\":3,\"name\":\"\u00c9couteurs sans fil M10 TWS Bluetooth\"}]},{\"@type\":\"WebSite\",\"@id\":\"https:\\\/\\\/hmizatexperts.com\\\/#website\",\"url\":\"https:\\\/\\\/hmizatexperts.com\\\/\",\"name\":\"Hmizate Expert\",\"description\":\"Nos offres aux meilleurs prix et qualit\u00e9\",\"publisher\":{\"@id\":\"https:\\\/\\\/hmizatexperts.com\\\/#organization\"},\"potentialAction\":[{\"@type\":\"SearchAction\",\"target\":{\"@type\":\"EntryPoint\",\"urlTemplate\":\"https:\\\/\\\/hmizatexperts.com\\\/?s={search_term_string}\"},\"query-input\":{\"@type\":\"PropertyValueSpecification\",\"valueRequired\":true,\"valueName\":\"search_term_string\"}}],\"inLanguage\":\"fr-FR\"},{\"@type\":\"Organization\",\"@id\":\"https:\\\/\\\/hmizatexperts.com\\\/#organization\",\"name\":\"Hmizate Expert\",\"url\":\"https:\\\/\\\/hmizatexperts.com\\\/\",\"logo\":{\"@type\":\"ImageObject\",\"inLanguage\":\"fr-FR\",\"@id\":\"https:\\\/\\\/hmizatexperts.com\\\/#\\\/schema\\\/logo\\\/image\\\/\",\"url\":\"https:\\\/\\\/hmizatexperts.com\\\/wp-content\\\/uploads\\\/2021\\\/05\\\/logo_HE2-removebg-preview.png\",\"contentUrl\":\"https:\\\/\\\/hmizatexperts.com\\\/wp-content\\\/uploads\\\/2021\\\/05\\\/logo_HE2-removebg-preview.png\",\"width\":800,\"height\":312,\"caption\":\"Hmizate Expert\"},\"image\":{\"@id\":\"https:\\\/\\\/hmizatexperts.com\\\/#\\\/schema\\\/logo\\\/image\\\/\"},\"sameAs\":[\"https:\\\/\\\/www.facebook.com\\\/hmizatexperts\",\"https:\\\/\\\/x.com\\\/ExpertsHmizate\"]}]}<\/script>\n<!-- \/ Yoast SEO Premium plugin. -->","yoast_head_json":{"title":"\u00c9couteurs sans fil M10 TWS Bluetooth - Hmizate Expert","description":"Version Bluetooth: 5.1Protocole: HFP 1.7 \/ HSP1.2 \/ A2DP 1 \/ AVRCP 1.6\/ SPP1.2 \/ PBAP1.0Version de r\u00e9duction du bruit: CVC8.0","robots":{"index":"index","follow":"follow","max-snippet":"max-snippet:-1","max-image-preview":"max-image-preview:large","max-video-preview":"max-video-preview:-1"},"canonical":"https:\/\/hmizatexperts.com\/fr_fr\/product\/ecouteurs-sans-fil-m10-tws-bluetooth\/","og_locale":"fr_FR","og_type":"article","og_title":"\u00c9couteurs sans fil M10 TWS Bluetooth","og_description":"Version Bluetooth: 5.1Protocole: HFP 1.7 \/ HSP1.2 \/ A2DP 1 \/ AVRCP 1.6\/ SPP1.2 \/ PBAP1.0Version de r\u00e9duction du bruit: CVC8.0","og_url":"https:\/\/hmizatexperts.com\/fr_fr\/product\/ecouteurs-sans-fil-m10-tws-bluetooth\/","og_site_name":"Hmizate Expert","article_publisher":"https:\/\/www.facebook.com\/hmizatexperts","article_modified_time":"2025-08-14T11:00:08+00:00","og_image":[{"width":1280,"height":720,"url":"https:\/\/hmizatexperts.com\/wp-content\/uploads\/2022\/08\/1-1.png","type":"image\/png"}],"twitter_card":"summary_large_image","twitter_site":"@ExpertsHmizate","twitter_misc":{"Dur\u00e9e de lecture estim\u00e9e":"2 minutes"},"schema":{"@context":"https:\/\/schema.org","@graph":[{"@type":"WebPage","@id":"https:\/\/hmizatexperts.com\/product\/ecouteurs-sans-fil-m10-tws-bluetooth\/","url":"https:\/\/hmizatexperts.com\/product\/ecouteurs-sans-fil-m10-tws-bluetooth\/","name":"\u00c9couteurs sans fil M10 TWS Bluetooth - Hmizate Expert","isPartOf":{"@id":"https:\/\/hmizatexperts.com\/#website"},"primaryImageOfPage":{"@id":"https:\/\/hmizatexperts.com\/product\/ecouteurs-sans-fil-m10-tws-bluetooth\/#primaryimage"},"image":{"@id":"https:\/\/hmizatexperts.com\/product\/ecouteurs-sans-fil-m10-tws-bluetooth\/#primaryimage"},"thumbnailUrl":"https:\/\/hmizatexperts.com\/wp-content\/uploads\/2022\/08\/1-1.png","datePublished":"2022-08-09T22:01:57+00:00","dateModified":"2025-08-14T11:00:08+00:00","description":"Version Bluetooth: 5.1Protocole: HFP 1.7 \/ HSP1.2 \/ A2DP 1 \/ AVRCP 1.6\/ SPP1.2 \/ PBAP1.0Version de r\u00e9duction du bruit: CVC8.0","breadcrumb":{"@id":"https:\/\/hmizatexperts.com\/product\/ecouteurs-sans-fil-m10-tws-bluetooth\/#breadcrumb"},"inLanguage":"fr-FR","potentialAction":[{"@type":"ReadAction","target":["https:\/\/hmizatexperts.com\/product\/ecouteurs-sans-fil-m10-tws-bluetooth\/"]}]},{"@type":"ImageObject","inLanguage":"fr-FR","@id":"https:\/\/hmizatexperts.com\/product\/ecouteurs-sans-fil-m10-tws-bluetooth\/#primaryimage","url":"https:\/\/hmizatexperts.com\/wp-content\/uploads\/2022\/08\/1-1.png","contentUrl":"https:\/\/hmizatexperts.com\/wp-content\/uploads\/2022\/08\/1-1.png","width":1280,"height":720},{"@type":"BreadcrumbList","@id":"https:\/\/hmizatexperts.com\/product\/ecouteurs-sans-fil-m10-tws-bluetooth\/#breadcrumb","itemListElement":[{"@type":"ListItem","position":1,"name":"Accueil","item":"https:\/\/hmizatexperts.com\/"},{"@type":"ListItem","position":2,"name":"Shop","item":"https:\/\/hmizatexperts.com\/shop\/"},{"@type":"ListItem","position":3,"name":"\u00c9couteurs sans fil M10 TWS Bluetooth"}]},{"@type":"WebSite","@id":"https:\/\/hmizatexperts.com\/#website","url":"https:\/\/hmizatexperts.com\/","name":"Hmizate Expert","description":"Nos offres aux meilleurs prix et qualit\u00e9","publisher":{"@id":"https:\/\/hmizatexperts.com\/#organization"},"potentialAction":[{"@type":"SearchAction","target":{"@type":"EntryPoint","urlTemplate":"https:\/\/hmizatexperts.com\/?s={search_term_string}"},"query-input":{"@type":"PropertyValueSpecification","valueRequired":true,"valueName":"search_term_string"}}],"inLanguage":"fr-FR"},{"@type":"Organization","@id":"https:\/\/hmizatexperts.com\/#organization","name":"Hmizate Expert","url":"https:\/\/hmizatexperts.com\/","logo":{"@type":"ImageObject","inLanguage":"fr-FR","@id":"https:\/\/hmizatexperts.com\/#\/schema\/logo\/image\/","url":"https:\/\/hmizatexperts.com\/wp-content\/uploads\/2021\/05\/logo_HE2-removebg-preview.png","contentUrl":"https:\/\/hmizatexperts.com\/wp-content\/uploads\/2021\/05\/logo_HE2-removebg-preview.png","width":800,"height":312,"caption":"Hmizate Expert"},"image":{"@id":"https:\/\/hmizatexperts.com\/#\/schema\/logo\/image\/"},"sameAs":["https:\/\/www.facebook.com\/hmizatexperts","https:\/\/x.com\/ExpertsHmizate"]}]}},"_links":{"self":[{"href":"https:\/\/hmizatexperts.com\/fr_fr\/wp-json\/wp\/v2\/product\/1550","targetHints":{"allow":["GET"]}}],"collection":[{"href":"https:\/\/hmizatexperts.com\/fr_fr\/wp-json\/wp\/v2\/product"}],"about":[{"href":"https:\/\/hmizatexperts.com\/fr_fr\/wp-json\/wp\/v2\/types\/product"}],"replies":[{"embeddable":true,"href":"https:\/\/hmizatexperts.com\/fr_fr\/wp-json\/wp\/v2\/comments?post=1550"}],"wp:featuredmedia":[{"embeddable":true,"href":"https:\/\/hmizatexperts.com\/fr_fr\/wp-json\/wp\/v2\/media\/1555"}],"wp:attachment":[{"href":"https:\/\/hmizatexperts.com\/fr_fr\/wp-json\/wp\/v2\/media?parent=1550"}],"wp:term":[{"taxonomy":"product_brand","embeddable":true,"href":"https:\/\/hmizatexperts.com\/fr_fr\/wp-json\/wp\/v2\/product_brand?post=1550"},{"taxonomy":"product_cat","embeddable":true,"href":"https:\/\/hmizatexperts.com\/fr_fr\/wp-json\/wp\/v2\/product_cat?post=1550"},{"taxonomy":"product_tag","embeddable":true,"href":"https:\/\/hmizatexperts.com\/fr_fr\/wp-json\/wp\/v2\/product_tag?post=1550"}],"curies":[{"name":"wp","href":"https:\/\/api.w.org\/{rel}","templated":true}]}}