{"id":1623,"date":"2022-08-27T12:34:49","date_gmt":"2022-08-27T11:34:49","guid":{"rendered":"https:\/\/hmizatexperts.com\/?post_type=product&#038;p=1623"},"modified":"2025-08-14T11:53:12","modified_gmt":"2025-08-14T10:53:12","slug":"nettoyant-en-mousse-polyvalent","status":"publish","type":"product","link":"https:\/\/hmizatexperts.com\/fr_fr\/product\/nettoyant-en-mousse-polyvalent\/","title":{"rendered":"Nettoyant en mousse polyvalent"},"content":{"rendered":"<p>D\u00e9couvrez la fa\u00e7on la plus agr\u00e9able de rendre l&rsquo;int\u00e9rieur de votre voiture \u00e9tincelant gr\u00e2ce \u00e0 Flamingo.<\/p>\n<p>Flamingo, le nettoyant en mousse polyvalent con\u00e7u pour l&rsquo;automobile, le bureau et la maison, offre une solution efficace pour redonner vie \u00e0 vos surfaces en vinyle, en tissu, \u00e0 vos tapis de sol et m\u00eame \u00e0 votre cuir. Gr\u00e2ce \u00e0 sa formule sp\u00e9ciale, il est id\u00e9al pour nettoyer toutes les surfaces lavables ou peintes.<\/p>\n<p>Lorsque vous utilisez la mousse nettoyante en profondeur de Flamingo, vous constaterez une action magique qui soul\u00e8ve la salet\u00e9 tenace et aide \u00e0 restaurer la couleur et l&rsquo;apparence d&rsquo;origine. Votre voiture retrouvera son \u00e9clat, mais Flamingo ne s&rsquo;arr\u00eate pas l\u00e0.<\/p>\n<p>En tant que produit polyvalent pour la maison, Flamingo se r\u00e9v\u00e8le \u00eatre le partenaire id\u00e9al pour nettoyer vos \u00e9lectrom\u00e9nagers, vos surfaces en formica, vos accessoires de salle de bain, vos carreaux en asphalte ou en c\u00e9ramique, vos murs peints, vos rev\u00eatements muraux, vos \u00e9crans, vos ventilateurs de fen\u00eatre, votre porcelaine, votre bois peint et m\u00eame votre m\u00e9tal.<\/p>\n<p>Laissez Flamingo agir et il \u00e9liminera toutes les salet\u00e9s et taches sur les rev\u00eatements en vinyle ou en tissu, ainsi que sur vos tapis. Avec un poids net de 650 ml, vous pouvez compter sur une quantit\u00e9 g\u00e9n\u00e9reuse pour effectuer tous vos nettoyages.<\/p>\n<p>Dites adieu \u00e0 la salet\u00e9 et aux taches tenaces et optez pour Flamingo, votre alli\u00e9 ultime pour rendre votre int\u00e9rieur impeccable.<\/p>\n","protected":false},"excerpt":{"rendered":"<p><span data-sheets-root=\"1\">Nettoyez l&rsquo;int\u00e9rieur de votre voiture avec le nettoyant mousse polyvalent Flamingo. Formule efficace pour un nettoyage en profondeur et un parfum agr\u00e9able.<br \/>\n<\/span><\/p>\n","protected":false},"featured_media":1624,"comment_status":"open","ping_status":"closed","template":"","meta":[],"product_brand":[],"product_cat":[115,46,111,109,37],"product_tag":[],"class_list":{"0":"post-1623","1":"product","2":"type-product","3":"status-publish","4":"has-post-thumbnail","6":"product_cat-accessoires-pour-voitures","7":"product_cat-auto-et-moto","8":"product_cat-bricolage-et-amelioration","9":"product_cat-entretien-et-nettoyage","10":"product_cat-maison-cuisine","11":"location-tout-le-maroc","12":"store-hmizate-experts","13":"entry panel","15":"first","16":"instock","17":"sale","18":"shipping-taxable","19":"purchasable","20":"product-type-simple"},"ams_default_variation_id":0,"ams_product_points_reward":[],"ams_product_discount_percentage":43.72,"ams_price_to_display":121,"ams_acf":[],"yoast_head":"<!-- This site is optimized with the Yoast SEO Premium plugin v26.6 (Yoast SEO v27.4) - https:\/\/yoast.com\/product\/yoast-seo-premium-wordpress\/ -->\n<title>Nettoyant en mousse polyvalent - Hmizate Expert<\/title>\n<meta name=\"description\" content=\"Dites adieu \u00e0 la salet\u00e9 et aux taches tenaces et optez pour Flamingo, votre alli\u00e9 ultime pour rendre votre int\u00e9rieur impeccable.\" \/>\n<meta name=\"robots\" content=\"index, follow, max-snippet:-1, max-image-preview:large, max-video-preview:-1\" \/>\n<link rel=\"canonical\" href=\"https:\/\/hmizatexperts.com\/fr_fr\/product\/nettoyant-en-mousse-polyvalent\/\" \/>\n<meta property=\"og:locale\" content=\"fr_FR\" \/>\n<meta property=\"og:type\" content=\"article\" \/>\n<meta property=\"og:title\" content=\"Nettoyant en mousse polyvalent\" \/>\n<meta property=\"og:description\" content=\"Dites adieu \u00e0 la salet\u00e9 et aux taches tenaces et optez pour Flamingo, votre alli\u00e9 ultime pour rendre votre int\u00e9rieur impeccable.\" \/>\n<meta property=\"og:url\" content=\"https:\/\/hmizatexperts.com\/fr_fr\/product\/nettoyant-en-mousse-polyvalent\/\" \/>\n<meta property=\"og:site_name\" content=\"Hmizate Expert\" \/>\n<meta property=\"article:publisher\" content=\"https:\/\/www.facebook.com\/hmizatexperts\" \/>\n<meta property=\"article:modified_time\" content=\"2025-08-14T10:53:12+00:00\" \/>\n<meta property=\"og:image\" content=\"https:\/\/hmizatexperts.com\/wp-content\/uploads\/2022\/08\/1-3.png\" \/>\n\t<meta property=\"og:image:width\" content=\"1280\" \/>\n\t<meta property=\"og:image:height\" content=\"720\" \/>\n\t<meta property=\"og:image:type\" content=\"image\/png\" \/>\n<meta name=\"twitter:card\" content=\"summary_large_image\" \/>\n<meta name=\"twitter:site\" content=\"@ExpertsHmizate\" \/>\n<meta name=\"twitter:label1\" content=\"Dur\u00e9e de lecture estim\u00e9e\" \/>\n\t<meta name=\"twitter:data1\" content=\"2 minutes\" \/>\n<script type=\"application\/ld+json\" class=\"yoast-schema-graph\">{\"@context\":\"https:\\\/\\\/schema.org\",\"@graph\":[{\"@type\":\"WebPage\",\"@id\":\"https:\\\/\\\/hmizatexperts.com\\\/product\\\/nettoyant-en-mousse-polyvalent\\\/\",\"url\":\"https:\\\/\\\/hmizatexperts.com\\\/product\\\/nettoyant-en-mousse-polyvalent\\\/\",\"name\":\"Nettoyant en mousse polyvalent - Hmizate Expert\",\"isPartOf\":{\"@id\":\"https:\\\/\\\/hmizatexperts.com\\\/#website\"},\"primaryImageOfPage\":{\"@id\":\"https:\\\/\\\/hmizatexperts.com\\\/product\\\/nettoyant-en-mousse-polyvalent\\\/#primaryimage\"},\"image\":{\"@id\":\"https:\\\/\\\/hmizatexperts.com\\\/product\\\/nettoyant-en-mousse-polyvalent\\\/#primaryimage\"},\"thumbnailUrl\":\"https:\\\/\\\/hmizatexperts.com\\\/wp-content\\\/uploads\\\/2022\\\/08\\\/1-3.png\",\"datePublished\":\"2022-08-27T11:34:49+00:00\",\"dateModified\":\"2025-08-14T10:53:12+00:00\",\"description\":\"Dites adieu \u00e0 la salet\u00e9 et aux taches tenaces et optez pour Flamingo, votre alli\u00e9 ultime pour rendre votre int\u00e9rieur impeccable.\",\"breadcrumb\":{\"@id\":\"https:\\\/\\\/hmizatexperts.com\\\/product\\\/nettoyant-en-mousse-polyvalent\\\/#breadcrumb\"},\"inLanguage\":\"fr-FR\",\"potentialAction\":[{\"@type\":\"ReadAction\",\"target\":[\"https:\\\/\\\/hmizatexperts.com\\\/product\\\/nettoyant-en-mousse-polyvalent\\\/\"]}]},{\"@type\":\"ImageObject\",\"inLanguage\":\"fr-FR\",\"@id\":\"https:\\\/\\\/hmizatexperts.com\\\/product\\\/nettoyant-en-mousse-polyvalent\\\/#primaryimage\",\"url\":\"https:\\\/\\\/hmizatexperts.com\\\/wp-content\\\/uploads\\\/2022\\\/08\\\/1-3.png\",\"contentUrl\":\"https:\\\/\\\/hmizatexperts.com\\\/wp-content\\\/uploads\\\/2022\\\/08\\\/1-3.png\",\"width\":1280,\"height\":720},{\"@type\":\"BreadcrumbList\",\"@id\":\"https:\\\/\\\/hmizatexperts.com\\\/product\\\/nettoyant-en-mousse-polyvalent\\\/#breadcrumb\",\"itemListElement\":[{\"@type\":\"ListItem\",\"position\":1,\"name\":\"Accueil\",\"item\":\"https:\\\/\\\/hmizatexperts.com\\\/\"},{\"@type\":\"ListItem\",\"position\":2,\"name\":\"Shop\",\"item\":\"https:\\\/\\\/hmizatexperts.com\\\/shop\\\/\"},{\"@type\":\"ListItem\",\"position\":3,\"name\":\"Nettoyant en mousse polyvalent\"}]},{\"@type\":\"WebSite\",\"@id\":\"https:\\\/\\\/hmizatexperts.com\\\/#website\",\"url\":\"https:\\\/\\\/hmizatexperts.com\\\/\",\"name\":\"Hmizate Expert\",\"description\":\"Nos offres aux meilleurs prix et qualit\u00e9\",\"publisher\":{\"@id\":\"https:\\\/\\\/hmizatexperts.com\\\/#organization\"},\"potentialAction\":[{\"@type\":\"SearchAction\",\"target\":{\"@type\":\"EntryPoint\",\"urlTemplate\":\"https:\\\/\\\/hmizatexperts.com\\\/?s={search_term_string}\"},\"query-input\":{\"@type\":\"PropertyValueSpecification\",\"valueRequired\":true,\"valueName\":\"search_term_string\"}}],\"inLanguage\":\"fr-FR\"},{\"@type\":\"Organization\",\"@id\":\"https:\\\/\\\/hmizatexperts.com\\\/#organization\",\"name\":\"Hmizate Expert\",\"url\":\"https:\\\/\\\/hmizatexperts.com\\\/\",\"logo\":{\"@type\":\"ImageObject\",\"inLanguage\":\"fr-FR\",\"@id\":\"https:\\\/\\\/hmizatexperts.com\\\/#\\\/schema\\\/logo\\\/image\\\/\",\"url\":\"https:\\\/\\\/hmizatexperts.com\\\/wp-content\\\/uploads\\\/2021\\\/05\\\/logo_HE2-removebg-preview.png\",\"contentUrl\":\"https:\\\/\\\/hmizatexperts.com\\\/wp-content\\\/uploads\\\/2021\\\/05\\\/logo_HE2-removebg-preview.png\",\"width\":800,\"height\":312,\"caption\":\"Hmizate Expert\"},\"image\":{\"@id\":\"https:\\\/\\\/hmizatexperts.com\\\/#\\\/schema\\\/logo\\\/image\\\/\"},\"sameAs\":[\"https:\\\/\\\/www.facebook.com\\\/hmizatexperts\",\"https:\\\/\\\/x.com\\\/ExpertsHmizate\"]}]}<\/script>\n<!-- \/ Yoast SEO Premium plugin. -->","yoast_head_json":{"title":"Nettoyant en mousse polyvalent - Hmizate Expert","description":"Dites adieu \u00e0 la salet\u00e9 et aux taches tenaces et optez pour Flamingo, votre alli\u00e9 ultime pour rendre votre int\u00e9rieur impeccable.","robots":{"index":"index","follow":"follow","max-snippet":"max-snippet:-1","max-image-preview":"max-image-preview:large","max-video-preview":"max-video-preview:-1"},"canonical":"https:\/\/hmizatexperts.com\/fr_fr\/product\/nettoyant-en-mousse-polyvalent\/","og_locale":"fr_FR","og_type":"article","og_title":"Nettoyant en mousse polyvalent","og_description":"Dites adieu \u00e0 la salet\u00e9 et aux taches tenaces et optez pour Flamingo, votre alli\u00e9 ultime pour rendre votre int\u00e9rieur impeccable.","og_url":"https:\/\/hmizatexperts.com\/fr_fr\/product\/nettoyant-en-mousse-polyvalent\/","og_site_name":"Hmizate Expert","article_publisher":"https:\/\/www.facebook.com\/hmizatexperts","article_modified_time":"2025-08-14T10:53:12+00:00","og_image":[{"width":1280,"height":720,"url":"https:\/\/hmizatexperts.com\/wp-content\/uploads\/2022\/08\/1-3.png","type":"image\/png"}],"twitter_card":"summary_large_image","twitter_site":"@ExpertsHmizate","twitter_misc":{"Dur\u00e9e de lecture estim\u00e9e":"2 minutes"},"schema":{"@context":"https:\/\/schema.org","@graph":[{"@type":"WebPage","@id":"https:\/\/hmizatexperts.com\/product\/nettoyant-en-mousse-polyvalent\/","url":"https:\/\/hmizatexperts.com\/product\/nettoyant-en-mousse-polyvalent\/","name":"Nettoyant en mousse polyvalent - Hmizate Expert","isPartOf":{"@id":"https:\/\/hmizatexperts.com\/#website"},"primaryImageOfPage":{"@id":"https:\/\/hmizatexperts.com\/product\/nettoyant-en-mousse-polyvalent\/#primaryimage"},"image":{"@id":"https:\/\/hmizatexperts.com\/product\/nettoyant-en-mousse-polyvalent\/#primaryimage"},"thumbnailUrl":"https:\/\/hmizatexperts.com\/wp-content\/uploads\/2022\/08\/1-3.png","datePublished":"2022-08-27T11:34:49+00:00","dateModified":"2025-08-14T10:53:12+00:00","description":"Dites adieu \u00e0 la salet\u00e9 et aux taches tenaces et optez pour Flamingo, votre alli\u00e9 ultime pour rendre votre int\u00e9rieur impeccable.","breadcrumb":{"@id":"https:\/\/hmizatexperts.com\/product\/nettoyant-en-mousse-polyvalent\/#breadcrumb"},"inLanguage":"fr-FR","potentialAction":[{"@type":"ReadAction","target":["https:\/\/hmizatexperts.com\/product\/nettoyant-en-mousse-polyvalent\/"]}]},{"@type":"ImageObject","inLanguage":"fr-FR","@id":"https:\/\/hmizatexperts.com\/product\/nettoyant-en-mousse-polyvalent\/#primaryimage","url":"https:\/\/hmizatexperts.com\/wp-content\/uploads\/2022\/08\/1-3.png","contentUrl":"https:\/\/hmizatexperts.com\/wp-content\/uploads\/2022\/08\/1-3.png","width":1280,"height":720},{"@type":"BreadcrumbList","@id":"https:\/\/hmizatexperts.com\/product\/nettoyant-en-mousse-polyvalent\/#breadcrumb","itemListElement":[{"@type":"ListItem","position":1,"name":"Accueil","item":"https:\/\/hmizatexperts.com\/"},{"@type":"ListItem","position":2,"name":"Shop","item":"https:\/\/hmizatexperts.com\/shop\/"},{"@type":"ListItem","position":3,"name":"Nettoyant en mousse polyvalent"}]},{"@type":"WebSite","@id":"https:\/\/hmizatexperts.com\/#website","url":"https:\/\/hmizatexperts.com\/","name":"Hmizate Expert","description":"Nos offres aux meilleurs prix et qualit\u00e9","publisher":{"@id":"https:\/\/hmizatexperts.com\/#organization"},"potentialAction":[{"@type":"SearchAction","target":{"@type":"EntryPoint","urlTemplate":"https:\/\/hmizatexperts.com\/?s={search_term_string}"},"query-input":{"@type":"PropertyValueSpecification","valueRequired":true,"valueName":"search_term_string"}}],"inLanguage":"fr-FR"},{"@type":"Organization","@id":"https:\/\/hmizatexperts.com\/#organization","name":"Hmizate Expert","url":"https:\/\/hmizatexperts.com\/","logo":{"@type":"ImageObject","inLanguage":"fr-FR","@id":"https:\/\/hmizatexperts.com\/#\/schema\/logo\/image\/","url":"https:\/\/hmizatexperts.com\/wp-content\/uploads\/2021\/05\/logo_HE2-removebg-preview.png","contentUrl":"https:\/\/hmizatexperts.com\/wp-content\/uploads\/2021\/05\/logo_HE2-removebg-preview.png","width":800,"height":312,"caption":"Hmizate Expert"},"image":{"@id":"https:\/\/hmizatexperts.com\/#\/schema\/logo\/image\/"},"sameAs":["https:\/\/www.facebook.com\/hmizatexperts","https:\/\/x.com\/ExpertsHmizate"]}]}},"_links":{"self":[{"href":"https:\/\/hmizatexperts.com\/fr_fr\/wp-json\/wp\/v2\/product\/1623","targetHints":{"allow":["GET"]}}],"collection":[{"href":"https:\/\/hmizatexperts.com\/fr_fr\/wp-json\/wp\/v2\/product"}],"about":[{"href":"https:\/\/hmizatexperts.com\/fr_fr\/wp-json\/wp\/v2\/types\/product"}],"replies":[{"embeddable":true,"href":"https:\/\/hmizatexperts.com\/fr_fr\/wp-json\/wp\/v2\/comments?post=1623"}],"wp:featuredmedia":[{"embeddable":true,"href":"https:\/\/hmizatexperts.com\/fr_fr\/wp-json\/wp\/v2\/media\/1624"}],"wp:attachment":[{"href":"https:\/\/hmizatexperts.com\/fr_fr\/wp-json\/wp\/v2\/media?parent=1623"}],"wp:term":[{"taxonomy":"product_brand","embeddable":true,"href":"https:\/\/hmizatexperts.com\/fr_fr\/wp-json\/wp\/v2\/product_brand?post=1623"},{"taxonomy":"product_cat","embeddable":true,"href":"https:\/\/hmizatexperts.com\/fr_fr\/wp-json\/wp\/v2\/product_cat?post=1623"},{"taxonomy":"product_tag","embeddable":true,"href":"https:\/\/hmizatexperts.com\/fr_fr\/wp-json\/wp\/v2\/product_tag?post=1623"}],"curies":[{"name":"wp","href":"https:\/\/api.w.org\/{rel}","templated":true}]}}