{"id":1761,"date":"2024-07-31T17:29:30","date_gmt":"2024-07-31T16:29:30","guid":{"rendered":"https:\/\/hmizatexperts.com\/?post_type=product&#038;p=1761"},"modified":"2024-12-29T23:14:48","modified_gmt":"2024-12-29T22:14:48","slug":"offres-groupees","status":"publish","type":"product","link":"https:\/\/hmizatexperts.com\/fr_fr\/product\/offres-groupees\/","title":{"rendered":"Offres group\u00e9es"},"content":{"rendered":"<p>Offre Exclusive : \u00c9conomisez 40% sur Trois Produits Essentiels !<\/p>\n<p>Ne manquez pas notre offre exclusive ! Nous avons s\u00e9lectionn\u00e9 trois produits essentiels con\u00e7us pour simplifier votre vie quotidienne.<\/p>\n<p><span class=\"corrected-phrase corrected-phrase_synonyms-mode ng-star-inserted\" data-end=\"3\" data-originaltext=\"Vous\" data-start=\"0\" data-text=\"\"><span class=\"corrected-phrase__displayed-text corrected-phrase__displayed-text_no-correction corrected-phrase__displayed-text_synonyms-mode ng-star-inserted\">Vous<\/span><\/span> <span class=\"corrected-phrase corrected-phrase_synonyms-mode ng-star-inserted\" data-end=\"10\" data-originaltext=\"pouvez\" data-start=\"5\" data-text=\"\"><span class=\"corrected-phrase__displayed-text corrected-phrase__displayed-text_no-correction corrected-phrase__displayed-text_synonyms-mode ng-star-inserted\">pouvez<\/span><\/span> <span class=\"corrected-phrase corrected-phrase_synonyms-mode ng-star-inserted\" data-end=\"14\" data-originaltext=\"les\" data-start=\"12\" data-text=\"\"><span class=\"corrected-phrase__displayed-text corrected-phrase__displayed-text_no-correction corrected-phrase__displayed-text_synonyms-mode ng-star-inserted\">les<\/span><\/span> <span class=\"corrected-phrase corrected-phrase_synonyms-mode ng-star-inserted\" data-end=\"22\" data-originaltext=\"obtenir\" data-start=\"16\" data-text=\"\"><span class=\"corrected-phrase__displayed-text corrected-phrase__displayed-text_no-correction corrected-phrase__displayed-text_synonyms-mode ng-star-inserted\">obtenir<\/span><\/span> <span class=\"corrected-phrase corrected-phrase_synonyms-mode ng-star-inserted\" data-end=\"27\" data-originaltext=\"avec\" data-start=\"24\" data-text=\"\"><span class=\"corrected-phrase__displayed-text corrected-phrase__displayed-text_no-correction corrected-phrase__displayed-text_synonyms-mode ng-star-inserted\">avec<\/span><\/span> <span class=\"corrected-phrase corrected-phrase_synonyms-mode ng-star-inserted\" data-end=\"31\" data-originaltext=\"une\" data-start=\"29\" data-text=\"\"><span class=\"corrected-phrase__displayed-text corrected-phrase__displayed-text_no-correction corrected-phrase__displayed-text_synonyms-mode ng-star-inserted\">une<\/span><\/span> <span class=\"corrected-phrase ng-star-inserted\" data-end=\"44\" data-originaltext=\"extra remise\" data-start=\"33\" data-text=\"extra-remise\"><span class=\"corrected-phrase__displayed-text corrected-phrase__displayed-text_bubbled\" data-group=\"AutoCorrected\" data-suggestions=\"1\" data-type=\"Grammar\">extra-remise<\/span><\/span> <span class=\"corrected-phrase corrected-phrase_synonyms-mode ng-star-inserted\" data-end=\"55\" data-originaltext=\"incroyable\" data-start=\"46\" data-text=\"\"><span class=\"corrected-phrase__displayed-text corrected-phrase__displayed-text_no-correction corrected-phrase__displayed-text_synonyms-mode ng-star-inserted\">incroyable<\/span><\/span> <span class=\"corrected-phrase corrected-phrase_synonyms-mode ng-star-inserted\" data-end=\"58\" data-originaltext=\"de\" data-start=\"57\" data-text=\"\"><span class=\"corrected-phrase__displayed-text corrected-phrase__displayed-text_no-correction corrected-phrase__displayed-text_synonyms-mode ng-star-inserted\">de<\/span><\/span> <span class=\"corrected-phrase ng-star-inserted\" data-end=\"61\" data-originaltext=\"40\" data-start=\"60\" data-text=\"\"><span class=\"corrected-phrase__displayed-text corrected-phrase__displayed-text_no-correction ng-star-inserted\">40<\/span><\/span><span class=\"corrected-phrase ng-star-inserted\" data-end=\"62\" data-originaltext=\"%\" data-start=\"62\" data-text=\"\"><span class=\"corrected-phrase__displayed-text corrected-phrase__displayed-text_no-correction ng-star-inserted\">%<\/span><\/span> <span class=\"corrected-phrase corrected-phrase_synonyms-mode ng-star-inserted\" data-end=\"66\" data-originaltext=\"par\" data-start=\"64\" data-text=\"\"><span class=\"corrected-phrase__displayed-text corrected-phrase__displayed-text_no-correction corrected-phrase__displayed-text_synonyms-mode ng-star-inserted\">par<\/span><\/span> <span class=\"corrected-phrase corrected-phrase_synonyms-mode ng-star-inserted\" data-end=\"74\" data-originaltext=\"rapport\" data-start=\"68\" data-text=\"\"><span class=\"corrected-phrase__displayed-text corrected-phrase__displayed-text_no-correction corrected-phrase__displayed-text_synonyms-mode ng-star-inserted\">rapport<\/span><\/span> <span class=\"corrected-phrase ng-star-inserted\" data-end=\"76\" data-originaltext=\"\u00e0\" data-start=\"76\" data-text=\"\"><span class=\"corrected-phrase__displayed-text corrected-phrase__displayed-text_no-correction ng-star-inserted\">\u00e0<\/span><\/span> <span class=\"corrected-phrase corrected-phrase_synonyms-mode ng-star-inserted\" data-end=\"81\" data-originaltext=\"leur\" data-start=\"78\" data-text=\"\"><span class=\"corrected-phrase__displayed-text corrected-phrase__displayed-text_no-correction corrected-phrase__displayed-text_synonyms-mode ng-star-inserted\">leur<\/span><\/span> <span class=\"corrected-phrase corrected-phrase_synonyms-mode ng-star-inserted\" data-end=\"86\" data-originaltext=\"prix\" data-start=\"83\" data-text=\"\"><span class=\"corrected-phrase__displayed-text corrected-phrase__displayed-text_no-correction corrected-phrase__displayed-text_synonyms-mode ng-star-inserted\">prix<\/span><\/span> <span class=\"corrected-phrase ng-star-inserted\" data-end=\"91\" data-originaltext=\"deja\" data-start=\"88\" data-text=\"d\u00e9j\u00e0\"><span class=\"corrected-phrase__displayed-text corrected-phrase__displayed-text_bubbled\" data-group=\"AutoCorrected\" data-suggestions=\"1\" data-type=\"Spelling\">d\u00e9j\u00e0<\/span><\/span> <span class=\"corrected-phrase ng-star-inserted\" data-end=\"98\" data-originaltext=\"reduit\" data-start=\"93\" data-text=\"r\u00e9duit\"><span class=\"corrected-phrase__displayed-text corrected-phrase__displayed-text_bubbled\" data-group=\"AutoCorrected\" data-suggestions=\"1\" data-type=\"Spelling\">r\u00e9duit<\/span><\/span><span class=\"corrected-phrase ng-star-inserted\" data-end=\"99\" data-originaltext=\".\" data-start=\"99\" data-text=\"\"><span class=\"corrected-phrase__displayed-text corrected-phrase__displayed-text_no-correction ng-star-inserted\">.<\/span><\/span><\/p>\n<p>Imaginez l&rsquo;impact de ces produits pratiques sur votre routine. Ils sont con\u00e7us pour vous faire gagner du temps, de l&rsquo;argent et vous faciliter la vie. Ne laissez pas passer cette opportunit\u00e9 de mettre la main sur ces incontournables, \u00e0 un prix imbattable.<\/p>\n<p>Que vous cherchiez \u00e0 am\u00e9liorer votre confort, votre productivit\u00e9 ou simplement \u00e0 simplifier vos t\u00e2ches quotidiennes, ces produits sont l\u00e0 pour vous.<\/p>\n<p>N&rsquo;attendez pas, achetez maintenant et \u00e9conomisez 40% sur ces produits essentiels ! pour profiter de cette offre exceptionnelle.<\/p>\n<p>Notre stock est limit\u00e9, et cette offre n&rsquo;est valable que pour une dur\u00e9e limit\u00e9e.<\/p>\n","protected":false},"excerpt":{"rendered":"<p>Offre Exclusive : \u00c9conomisez 40% sur Trois Produits Essentiels ! Ne manquez pas notre offre exclusive ! Nous avons s\u00e9lectionn\u00e9 trois produits essentiels con\u00e7us pour simplifier votre vie quotidienne. Vous pouvez les obtenir avec une extra-remise incroyable de 40% par rapport \u00e0 leur prix d\u00e9j\u00e0 r\u00e9duit. Imaginez l&rsquo;impact de ces produits pratiques sur votre routine.<\/p>\n<footer class=\"entry-footer text-right\">\n          <a href=\"https:\/\/hmizatexperts.com\/fr_fr\/product\/offres-groupees\/\" class=\"more-link btn btn-link\">READ MORE <i class=\"icon fa fa-long-arrow-right\"><\/i><\/a><br \/>\n         <\/footer>\n","protected":false},"featured_media":1885,"comment_status":"open","ping_status":"closed","template":"","meta":[],"product_brand":[],"product_cat":[67],"product_tag":[],"class_list":{"0":"post-1761","1":"product","2":"type-product","3":"status-publish","4":"has-post-thumbnail","6":"product_cat-selection-exclusive","7":"location-tout-le-maroc","8":"store-hmizate-experts","9":"entry panel","11":"first","12":"instock","13":"sale","14":"shipping-taxable","15":"purchasable","16":"product-type-woosb"},"ams_default_variation_id":0,"ams_product_points_reward":[],"ams_product_discount_percentage":0,"ams_price_to_display":0,"ams_acf":[],"yoast_head":"<!-- This site is optimized with the Yoast SEO Premium plugin v26.6 (Yoast SEO v27.5) - https:\/\/yoast.com\/product\/yoast-seo-premium-wordpress\/ -->\n<title>Offres group\u00e9es - Hmizate Expert<\/title>\n<meta name=\"description\" content=\"trois produits essentiels con\u00e7us pour simplifier votre vie quotidienne avec une remise incroyable de 40% par rapport \u00e0 leur prix normal.\" \/>\n<meta name=\"robots\" content=\"index, follow, max-snippet:-1, max-image-preview:large, max-video-preview:-1\" \/>\n<link rel=\"canonical\" href=\"https:\/\/hmizatexperts.com\/fr_fr\/product\/offres-groupees\/\" \/>\n<meta property=\"og:locale\" content=\"fr_FR\" \/>\n<meta property=\"og:type\" content=\"article\" \/>\n<meta property=\"og:title\" content=\"Offres group\u00e9es\" \/>\n<meta property=\"og:description\" content=\"trois produits essentiels con\u00e7us pour simplifier votre vie quotidienne avec une remise incroyable de 40% par rapport \u00e0 leur prix normal.\" \/>\n<meta property=\"og:url\" content=\"https:\/\/hmizatexperts.com\/fr_fr\/product\/offres-groupees\/\" \/>\n<meta property=\"og:site_name\" content=\"Hmizate Expert\" \/>\n<meta property=\"article:publisher\" content=\"https:\/\/www.facebook.com\/hmizatexperts\" \/>\n<meta property=\"article:modified_time\" content=\"2024-12-29T22:14:48+00:00\" \/>\n<meta property=\"og:image\" content=\"https:\/\/hmizatexperts.com\/wp-content\/uploads\/2024\/07\/Design-sans-titre.png\" \/>\n\t<meta property=\"og:image:width\" content=\"1280\" \/>\n\t<meta property=\"og:image:height\" content=\"720\" \/>\n\t<meta property=\"og:image:type\" content=\"image\/png\" \/>\n<meta name=\"twitter:card\" content=\"summary_large_image\" \/>\n<meta name=\"twitter:site\" content=\"@ExpertsHmizate\" \/>\n<meta name=\"twitter:label1\" content=\"Dur\u00e9e de lecture estim\u00e9e\" \/>\n\t<meta name=\"twitter:data1\" content=\"1 minute\" \/>\n<script type=\"application\/ld+json\" class=\"yoast-schema-graph\">{\"@context\":\"https:\\\/\\\/schema.org\",\"@graph\":[{\"@type\":\"WebPage\",\"@id\":\"https:\\\/\\\/hmizatexperts.com\\\/product\\\/offres-groupees\\\/\",\"url\":\"https:\\\/\\\/hmizatexperts.com\\\/product\\\/offres-groupees\\\/\",\"name\":\"Offres group\u00e9es - Hmizate Expert\",\"isPartOf\":{\"@id\":\"https:\\\/\\\/hmizatexperts.com\\\/#website\"},\"primaryImageOfPage\":{\"@id\":\"https:\\\/\\\/hmizatexperts.com\\\/product\\\/offres-groupees\\\/#primaryimage\"},\"image\":{\"@id\":\"https:\\\/\\\/hmizatexperts.com\\\/product\\\/offres-groupees\\\/#primaryimage\"},\"thumbnailUrl\":\"https:\\\/\\\/hmizatexperts.com\\\/wp-content\\\/uploads\\\/2024\\\/07\\\/Design-sans-titre.png\",\"datePublished\":\"2024-07-31T16:29:30+00:00\",\"dateModified\":\"2024-12-29T22:14:48+00:00\",\"description\":\"trois produits essentiels con\u00e7us pour simplifier votre vie quotidienne avec une remise incroyable de 40% par rapport \u00e0 leur prix normal.\",\"breadcrumb\":{\"@id\":\"https:\\\/\\\/hmizatexperts.com\\\/product\\\/offres-groupees\\\/#breadcrumb\"},\"inLanguage\":\"fr-FR\",\"potentialAction\":[{\"@type\":\"ReadAction\",\"target\":[\"https:\\\/\\\/hmizatexperts.com\\\/product\\\/offres-groupees\\\/\"]}]},{\"@type\":\"ImageObject\",\"inLanguage\":\"fr-FR\",\"@id\":\"https:\\\/\\\/hmizatexperts.com\\\/product\\\/offres-groupees\\\/#primaryimage\",\"url\":\"https:\\\/\\\/hmizatexperts.com\\\/wp-content\\\/uploads\\\/2024\\\/07\\\/Design-sans-titre.png\",\"contentUrl\":\"https:\\\/\\\/hmizatexperts.com\\\/wp-content\\\/uploads\\\/2024\\\/07\\\/Design-sans-titre.png\",\"width\":1280,\"height\":720},{\"@type\":\"BreadcrumbList\",\"@id\":\"https:\\\/\\\/hmizatexperts.com\\\/product\\\/offres-groupees\\\/#breadcrumb\",\"itemListElement\":[{\"@type\":\"ListItem\",\"position\":1,\"name\":\"Accueil\",\"item\":\"https:\\\/\\\/hmizatexperts.com\\\/\"},{\"@type\":\"ListItem\",\"position\":2,\"name\":\"Shop\",\"item\":\"https:\\\/\\\/hmizatexperts.com\\\/shop\\\/\"},{\"@type\":\"ListItem\",\"position\":3,\"name\":\"Offres group\u00e9es\"}]},{\"@type\":\"WebSite\",\"@id\":\"https:\\\/\\\/hmizatexperts.com\\\/#website\",\"url\":\"https:\\\/\\\/hmizatexperts.com\\\/\",\"name\":\"Hmizate Expert\",\"description\":\"Nos offres aux meilleurs prix et qualit\u00e9\",\"publisher\":{\"@id\":\"https:\\\/\\\/hmizatexperts.com\\\/#organization\"},\"potentialAction\":[{\"@type\":\"SearchAction\",\"target\":{\"@type\":\"EntryPoint\",\"urlTemplate\":\"https:\\\/\\\/hmizatexperts.com\\\/?s={search_term_string}\"},\"query-input\":{\"@type\":\"PropertyValueSpecification\",\"valueRequired\":true,\"valueName\":\"search_term_string\"}}],\"inLanguage\":\"fr-FR\"},{\"@type\":\"Organization\",\"@id\":\"https:\\\/\\\/hmizatexperts.com\\\/#organization\",\"name\":\"Hmizate Expert\",\"url\":\"https:\\\/\\\/hmizatexperts.com\\\/\",\"logo\":{\"@type\":\"ImageObject\",\"inLanguage\":\"fr-FR\",\"@id\":\"https:\\\/\\\/hmizatexperts.com\\\/#\\\/schema\\\/logo\\\/image\\\/\",\"url\":\"https:\\\/\\\/hmizatexperts.com\\\/wp-content\\\/uploads\\\/2021\\\/05\\\/logo_HE2-removebg-preview.png\",\"contentUrl\":\"https:\\\/\\\/hmizatexperts.com\\\/wp-content\\\/uploads\\\/2021\\\/05\\\/logo_HE2-removebg-preview.png\",\"width\":800,\"height\":312,\"caption\":\"Hmizate Expert\"},\"image\":{\"@id\":\"https:\\\/\\\/hmizatexperts.com\\\/#\\\/schema\\\/logo\\\/image\\\/\"},\"sameAs\":[\"https:\\\/\\\/www.facebook.com\\\/hmizatexperts\",\"https:\\\/\\\/x.com\\\/ExpertsHmizate\"]}]}<\/script>\n<!-- \/ Yoast SEO Premium plugin. -->","yoast_head_json":{"title":"Offres group\u00e9es - Hmizate Expert","description":"trois produits essentiels con\u00e7us pour simplifier votre vie quotidienne avec une remise incroyable de 40% par rapport \u00e0 leur prix normal.","robots":{"index":"index","follow":"follow","max-snippet":"max-snippet:-1","max-image-preview":"max-image-preview:large","max-video-preview":"max-video-preview:-1"},"canonical":"https:\/\/hmizatexperts.com\/fr_fr\/product\/offres-groupees\/","og_locale":"fr_FR","og_type":"article","og_title":"Offres group\u00e9es","og_description":"trois produits essentiels con\u00e7us pour simplifier votre vie quotidienne avec une remise incroyable de 40% par rapport \u00e0 leur prix normal.","og_url":"https:\/\/hmizatexperts.com\/fr_fr\/product\/offres-groupees\/","og_site_name":"Hmizate Expert","article_publisher":"https:\/\/www.facebook.com\/hmizatexperts","article_modified_time":"2024-12-29T22:14:48+00:00","og_image":[{"width":1280,"height":720,"url":"https:\/\/hmizatexperts.com\/wp-content\/uploads\/2024\/07\/Design-sans-titre.png","type":"image\/png"}],"twitter_card":"summary_large_image","twitter_site":"@ExpertsHmizate","twitter_misc":{"Dur\u00e9e de lecture estim\u00e9e":"1 minute"},"schema":{"@context":"https:\/\/schema.org","@graph":[{"@type":"WebPage","@id":"https:\/\/hmizatexperts.com\/product\/offres-groupees\/","url":"https:\/\/hmizatexperts.com\/product\/offres-groupees\/","name":"Offres group\u00e9es - Hmizate Expert","isPartOf":{"@id":"https:\/\/hmizatexperts.com\/#website"},"primaryImageOfPage":{"@id":"https:\/\/hmizatexperts.com\/product\/offres-groupees\/#primaryimage"},"image":{"@id":"https:\/\/hmizatexperts.com\/product\/offres-groupees\/#primaryimage"},"thumbnailUrl":"https:\/\/hmizatexperts.com\/wp-content\/uploads\/2024\/07\/Design-sans-titre.png","datePublished":"2024-07-31T16:29:30+00:00","dateModified":"2024-12-29T22:14:48+00:00","description":"trois produits essentiels con\u00e7us pour simplifier votre vie quotidienne avec une remise incroyable de 40% par rapport \u00e0 leur prix normal.","breadcrumb":{"@id":"https:\/\/hmizatexperts.com\/product\/offres-groupees\/#breadcrumb"},"inLanguage":"fr-FR","potentialAction":[{"@type":"ReadAction","target":["https:\/\/hmizatexperts.com\/product\/offres-groupees\/"]}]},{"@type":"ImageObject","inLanguage":"fr-FR","@id":"https:\/\/hmizatexperts.com\/product\/offres-groupees\/#primaryimage","url":"https:\/\/hmizatexperts.com\/wp-content\/uploads\/2024\/07\/Design-sans-titre.png","contentUrl":"https:\/\/hmizatexperts.com\/wp-content\/uploads\/2024\/07\/Design-sans-titre.png","width":1280,"height":720},{"@type":"BreadcrumbList","@id":"https:\/\/hmizatexperts.com\/product\/offres-groupees\/#breadcrumb","itemListElement":[{"@type":"ListItem","position":1,"name":"Accueil","item":"https:\/\/hmizatexperts.com\/"},{"@type":"ListItem","position":2,"name":"Shop","item":"https:\/\/hmizatexperts.com\/shop\/"},{"@type":"ListItem","position":3,"name":"Offres group\u00e9es"}]},{"@type":"WebSite","@id":"https:\/\/hmizatexperts.com\/#website","url":"https:\/\/hmizatexperts.com\/","name":"Hmizate Expert","description":"Nos offres aux meilleurs prix et qualit\u00e9","publisher":{"@id":"https:\/\/hmizatexperts.com\/#organization"},"potentialAction":[{"@type":"SearchAction","target":{"@type":"EntryPoint","urlTemplate":"https:\/\/hmizatexperts.com\/?s={search_term_string}"},"query-input":{"@type":"PropertyValueSpecification","valueRequired":true,"valueName":"search_term_string"}}],"inLanguage":"fr-FR"},{"@type":"Organization","@id":"https:\/\/hmizatexperts.com\/#organization","name":"Hmizate Expert","url":"https:\/\/hmizatexperts.com\/","logo":{"@type":"ImageObject","inLanguage":"fr-FR","@id":"https:\/\/hmizatexperts.com\/#\/schema\/logo\/image\/","url":"https:\/\/hmizatexperts.com\/wp-content\/uploads\/2021\/05\/logo_HE2-removebg-preview.png","contentUrl":"https:\/\/hmizatexperts.com\/wp-content\/uploads\/2021\/05\/logo_HE2-removebg-preview.png","width":800,"height":312,"caption":"Hmizate Expert"},"image":{"@id":"https:\/\/hmizatexperts.com\/#\/schema\/logo\/image\/"},"sameAs":["https:\/\/www.facebook.com\/hmizatexperts","https:\/\/x.com\/ExpertsHmizate"]}]}},"_links":{"self":[{"href":"https:\/\/hmizatexperts.com\/fr_fr\/wp-json\/wp\/v2\/product\/1761","targetHints":{"allow":["GET"]}}],"collection":[{"href":"https:\/\/hmizatexperts.com\/fr_fr\/wp-json\/wp\/v2\/product"}],"about":[{"href":"https:\/\/hmizatexperts.com\/fr_fr\/wp-json\/wp\/v2\/types\/product"}],"replies":[{"embeddable":true,"href":"https:\/\/hmizatexperts.com\/fr_fr\/wp-json\/wp\/v2\/comments?post=1761"}],"wp:featuredmedia":[{"embeddable":true,"href":"https:\/\/hmizatexperts.com\/fr_fr\/wp-json\/wp\/v2\/media\/1885"}],"wp:attachment":[{"href":"https:\/\/hmizatexperts.com\/fr_fr\/wp-json\/wp\/v2\/media?parent=1761"}],"wp:term":[{"taxonomy":"product_brand","embeddable":true,"href":"https:\/\/hmizatexperts.com\/fr_fr\/wp-json\/wp\/v2\/product_brand?post=1761"},{"taxonomy":"product_cat","embeddable":true,"href":"https:\/\/hmizatexperts.com\/fr_fr\/wp-json\/wp\/v2\/product_cat?post=1761"},{"taxonomy":"product_tag","embeddable":true,"href":"https:\/\/hmizatexperts.com\/fr_fr\/wp-json\/wp\/v2\/product_tag?post=1761"}],"curies":[{"name":"wp","href":"https:\/\/api.w.org\/{rel}","templated":true}]}}