{"id":2005,"date":"2024-12-24T09:28:02","date_gmt":"2024-12-24T08:28:02","guid":{"rendered":"https:\/\/hmizatexperts.com\/?post_type=product&#038;p=2005"},"modified":"2024-12-24T09:28:03","modified_gmt":"2024-12-24T08:28:03","slug":"creme-de-jour-et-de-nuit","status":"publish","type":"product","link":"https:\/\/hmizatexperts.com\/fr_fr\/product\/creme-de-jour-et-de-nuit\/","title":{"rendered":"Cr\u00e8me de Jour et de Nuit"},"content":{"rendered":"<p>Sublimez votre peau jour apr\u00e8s jour avec la cr\u00e8me de jour et de nuit O\u2019 de Lune. Adapt\u00e9e \u00e0 tous les types de peau, cette formule luxueuse hydrate intens\u00e9ment et nourrit en profondeur pour un teint \u00e9clatant et revitalis\u00e9.<\/p>\n<p>\u2714 <strong>Double action<\/strong> : Hydrate le jour, r\u00e9g\u00e9n\u00e8re la nuit<br \/>\n\u2714 <strong>Texture soyeuse<\/strong> : Une application agr\u00e9able qui p\u00e9n\u00e8tre rapidement<br \/>\n\u2714 <strong>Convient \u00e0 tous les types de peau<\/strong> : Une solution universelle pour votre routine beaut\u00e9<\/p>\n<p>Pr\u00e9sent\u00e9e dans un \u00e9l\u00e9gant pot noir et or, elle allie sophistication et efficacit\u00e9 pour une exp\u00e9rience de soin incomparable.<\/p>\n<p><strong>Contenance<\/strong> : 30 g (1,01 oz)<\/p>\n","protected":false},"excerpt":{"rendered":"<p>Sublimez votre peau jour apr\u00e8s jour avec la cr\u00e8me de jour et de nuit O\u2019 de Lune. Adapt\u00e9e \u00e0 tous les types de peau, cette formule luxueuse hydrate intens\u00e9ment et nourrit en profondeur pour un teint \u00e9clatant et revitalis\u00e9. \u2714 Double action : Hydrate le jour, r\u00e9g\u00e9n\u00e8re la nuit \u2714 Texture soyeuse : Une application<\/p>\n<footer class=\"entry-footer text-right\">\n          <a href=\"https:\/\/hmizatexperts.com\/fr_fr\/product\/creme-de-jour-et-de-nuit\/\" class=\"more-link btn btn-link\">READ MORE <i class=\"icon fa fa-long-arrow-right\"><\/i><\/a><br \/>\n         <\/footer>\n","protected":false},"featured_media":2006,"comment_status":"open","ping_status":"closed","template":"","meta":[],"product_brand":[],"product_cat":[45,99],"product_tag":[],"class_list":{"0":"post-2005","1":"product","2":"type-product","3":"status-publish","4":"has-post-thumbnail","6":"product_cat-bien-etre","7":"product_cat-sante-et-soins-du-corps","8":"location-tout-le-maroc","9":"store-o-de-lune","10":"entry panel","12":"first","13":"instock","14":"shipping-taxable","15":"product-type-simple"},"ams_default_variation_id":0,"ams_product_points_reward":[],"ams_product_discount_percentage":0,"ams_price_to_display":0,"ams_acf":[],"yoast_head":"<!-- This site is optimized with the Yoast SEO Premium plugin v26.6 (Yoast SEO v27.6) - https:\/\/yoast.com\/product\/yoast-seo-premium-wordpress\/ -->\n<title>Cr\u00e8me de Jour et de Nuit - Hmizate Expert<\/title>\n<meta name=\"description\" content=\"D\u00e9couvrez la cr\u00e8me de jour et de nuit O\u2019 de Lune, une formule hydratante adapt\u00e9e \u00e0 tous types de peau. Hydrate et r\u00e9g\u00e9n\u00e8re pour un teint \u00e9clatant au quotidien. Parfait pour votre routine beaut\u00e9 !\" \/>\n<meta name=\"robots\" content=\"index, follow, max-snippet:-1, max-image-preview:large, max-video-preview:-1\" \/>\n<link rel=\"canonical\" href=\"https:\/\/hmizatexperts.com\/fr_fr\/product\/creme-de-jour-et-de-nuit\/\" \/>\n<meta property=\"og:locale\" content=\"fr_FR\" \/>\n<meta property=\"og:type\" content=\"article\" \/>\n<meta property=\"og:title\" content=\"Cr\u00e8me de Jour et de Nuit\" \/>\n<meta property=\"og:description\" content=\"D\u00e9couvrez la cr\u00e8me de jour et de nuit O\u2019 de Lune, une formule hydratante adapt\u00e9e \u00e0 tous types de peau. Hydrate et r\u00e9g\u00e9n\u00e8re pour un teint \u00e9clatant au quotidien. Parfait pour votre routine beaut\u00e9 !\" \/>\n<meta property=\"og:url\" content=\"https:\/\/hmizatexperts.com\/fr_fr\/product\/creme-de-jour-et-de-nuit\/\" \/>\n<meta property=\"og:site_name\" content=\"Hmizate Expert\" \/>\n<meta property=\"article:publisher\" content=\"https:\/\/www.facebook.com\/hmizatexperts\" \/>\n<meta property=\"article:modified_time\" content=\"2024-12-24T08:28:03+00:00\" \/>\n<meta property=\"og:image\" content=\"https:\/\/hmizatexperts.com\/wp-content\/uploads\/2024\/12\/1.png\" \/>\n\t<meta property=\"og:image:width\" content=\"1280\" \/>\n\t<meta property=\"og:image:height\" content=\"720\" \/>\n\t<meta property=\"og:image:type\" content=\"image\/png\" \/>\n<meta name=\"twitter:card\" content=\"summary_large_image\" \/>\n<meta name=\"twitter:site\" content=\"@ExpertsHmizate\" \/>\n<meta name=\"twitter:label1\" content=\"Dur\u00e9e de lecture estim\u00e9e\" \/>\n\t<meta name=\"twitter:data1\" content=\"1 minute\" \/>\n<script type=\"application\/ld+json\" class=\"yoast-schema-graph\">{\"@context\":\"https:\\\/\\\/schema.org\",\"@graph\":[{\"@type\":\"WebPage\",\"@id\":\"https:\\\/\\\/hmizatexperts.com\\\/product\\\/creme-de-jour-et-de-nuit\\\/\",\"url\":\"https:\\\/\\\/hmizatexperts.com\\\/product\\\/creme-de-jour-et-de-nuit\\\/\",\"name\":\"Cr\u00e8me de Jour et de Nuit - Hmizate Expert\",\"isPartOf\":{\"@id\":\"https:\\\/\\\/hmizatexperts.com\\\/#website\"},\"primaryImageOfPage\":{\"@id\":\"https:\\\/\\\/hmizatexperts.com\\\/product\\\/creme-de-jour-et-de-nuit\\\/#primaryimage\"},\"image\":{\"@id\":\"https:\\\/\\\/hmizatexperts.com\\\/product\\\/creme-de-jour-et-de-nuit\\\/#primaryimage\"},\"thumbnailUrl\":\"https:\\\/\\\/hmizatexperts.com\\\/wp-content\\\/uploads\\\/2024\\\/12\\\/1.png\",\"datePublished\":\"2024-12-24T08:28:02+00:00\",\"dateModified\":\"2024-12-24T08:28:03+00:00\",\"description\":\"D\u00e9couvrez la cr\u00e8me de jour et de nuit O\u2019 de Lune, une formule hydratante adapt\u00e9e \u00e0 tous types de peau. Hydrate et r\u00e9g\u00e9n\u00e8re pour un teint \u00e9clatant au quotidien. Parfait pour votre routine beaut\u00e9 !\",\"breadcrumb\":{\"@id\":\"https:\\\/\\\/hmizatexperts.com\\\/product\\\/creme-de-jour-et-de-nuit\\\/#breadcrumb\"},\"inLanguage\":\"fr-FR\",\"potentialAction\":[{\"@type\":\"ReadAction\",\"target\":[\"https:\\\/\\\/hmizatexperts.com\\\/product\\\/creme-de-jour-et-de-nuit\\\/\"]}]},{\"@type\":\"ImageObject\",\"inLanguage\":\"fr-FR\",\"@id\":\"https:\\\/\\\/hmizatexperts.com\\\/product\\\/creme-de-jour-et-de-nuit\\\/#primaryimage\",\"url\":\"https:\\\/\\\/hmizatexperts.com\\\/wp-content\\\/uploads\\\/2024\\\/12\\\/1.png\",\"contentUrl\":\"https:\\\/\\\/hmizatexperts.com\\\/wp-content\\\/uploads\\\/2024\\\/12\\\/1.png\",\"width\":1280,\"height\":720},{\"@type\":\"BreadcrumbList\",\"@id\":\"https:\\\/\\\/hmizatexperts.com\\\/product\\\/creme-de-jour-et-de-nuit\\\/#breadcrumb\",\"itemListElement\":[{\"@type\":\"ListItem\",\"position\":1,\"name\":\"Accueil\",\"item\":\"https:\\\/\\\/hmizatexperts.com\\\/\"},{\"@type\":\"ListItem\",\"position\":2,\"name\":\"Shop\",\"item\":\"https:\\\/\\\/hmizatexperts.com\\\/shop\\\/\"},{\"@type\":\"ListItem\",\"position\":3,\"name\":\"Cr\u00e8me de Jour et de Nuit\"}]},{\"@type\":\"WebSite\",\"@id\":\"https:\\\/\\\/hmizatexperts.com\\\/#website\",\"url\":\"https:\\\/\\\/hmizatexperts.com\\\/\",\"name\":\"Hmizate Expert\",\"description\":\"Nos offres aux meilleurs prix et qualit\u00e9\",\"publisher\":{\"@id\":\"https:\\\/\\\/hmizatexperts.com\\\/#organization\"},\"potentialAction\":[{\"@type\":\"SearchAction\",\"target\":{\"@type\":\"EntryPoint\",\"urlTemplate\":\"https:\\\/\\\/hmizatexperts.com\\\/?s={search_term_string}\"},\"query-input\":{\"@type\":\"PropertyValueSpecification\",\"valueRequired\":true,\"valueName\":\"search_term_string\"}}],\"inLanguage\":\"fr-FR\"},{\"@type\":\"Organization\",\"@id\":\"https:\\\/\\\/hmizatexperts.com\\\/#organization\",\"name\":\"Hmizate Expert\",\"url\":\"https:\\\/\\\/hmizatexperts.com\\\/\",\"logo\":{\"@type\":\"ImageObject\",\"inLanguage\":\"fr-FR\",\"@id\":\"https:\\\/\\\/hmizatexperts.com\\\/#\\\/schema\\\/logo\\\/image\\\/\",\"url\":\"https:\\\/\\\/hmizatexperts.com\\\/wp-content\\\/uploads\\\/2021\\\/05\\\/logo_HE2-removebg-preview.png\",\"contentUrl\":\"https:\\\/\\\/hmizatexperts.com\\\/wp-content\\\/uploads\\\/2021\\\/05\\\/logo_HE2-removebg-preview.png\",\"width\":800,\"height\":312,\"caption\":\"Hmizate Expert\"},\"image\":{\"@id\":\"https:\\\/\\\/hmizatexperts.com\\\/#\\\/schema\\\/logo\\\/image\\\/\"},\"sameAs\":[\"https:\\\/\\\/www.facebook.com\\\/hmizatexperts\",\"https:\\\/\\\/x.com\\\/ExpertsHmizate\"]}]}<\/script>\n<!-- \/ Yoast SEO Premium plugin. -->","yoast_head_json":{"title":"Cr\u00e8me de Jour et de Nuit - Hmizate Expert","description":"D\u00e9couvrez la cr\u00e8me de jour et de nuit O\u2019 de Lune, une formule hydratante adapt\u00e9e \u00e0 tous types de peau. Hydrate et r\u00e9g\u00e9n\u00e8re pour un teint \u00e9clatant au quotidien. Parfait pour votre routine beaut\u00e9 !","robots":{"index":"index","follow":"follow","max-snippet":"max-snippet:-1","max-image-preview":"max-image-preview:large","max-video-preview":"max-video-preview:-1"},"canonical":"https:\/\/hmizatexperts.com\/fr_fr\/product\/creme-de-jour-et-de-nuit\/","og_locale":"fr_FR","og_type":"article","og_title":"Cr\u00e8me de Jour et de Nuit","og_description":"D\u00e9couvrez la cr\u00e8me de jour et de nuit O\u2019 de Lune, une formule hydratante adapt\u00e9e \u00e0 tous types de peau. Hydrate et r\u00e9g\u00e9n\u00e8re pour un teint \u00e9clatant au quotidien. Parfait pour votre routine beaut\u00e9 !","og_url":"https:\/\/hmizatexperts.com\/fr_fr\/product\/creme-de-jour-et-de-nuit\/","og_site_name":"Hmizate Expert","article_publisher":"https:\/\/www.facebook.com\/hmizatexperts","article_modified_time":"2024-12-24T08:28:03+00:00","og_image":[{"width":1280,"height":720,"url":"https:\/\/hmizatexperts.com\/wp-content\/uploads\/2024\/12\/1.png","type":"image\/png"}],"twitter_card":"summary_large_image","twitter_site":"@ExpertsHmizate","twitter_misc":{"Dur\u00e9e de lecture estim\u00e9e":"1 minute"},"schema":{"@context":"https:\/\/schema.org","@graph":[{"@type":"WebPage","@id":"https:\/\/hmizatexperts.com\/product\/creme-de-jour-et-de-nuit\/","url":"https:\/\/hmizatexperts.com\/product\/creme-de-jour-et-de-nuit\/","name":"Cr\u00e8me de Jour et de Nuit - Hmizate Expert","isPartOf":{"@id":"https:\/\/hmizatexperts.com\/#website"},"primaryImageOfPage":{"@id":"https:\/\/hmizatexperts.com\/product\/creme-de-jour-et-de-nuit\/#primaryimage"},"image":{"@id":"https:\/\/hmizatexperts.com\/product\/creme-de-jour-et-de-nuit\/#primaryimage"},"thumbnailUrl":"https:\/\/hmizatexperts.com\/wp-content\/uploads\/2024\/12\/1.png","datePublished":"2024-12-24T08:28:02+00:00","dateModified":"2024-12-24T08:28:03+00:00","description":"D\u00e9couvrez la cr\u00e8me de jour et de nuit O\u2019 de Lune, une formule hydratante adapt\u00e9e \u00e0 tous types de peau. Hydrate et r\u00e9g\u00e9n\u00e8re pour un teint \u00e9clatant au quotidien. Parfait pour votre routine beaut\u00e9 !","breadcrumb":{"@id":"https:\/\/hmizatexperts.com\/product\/creme-de-jour-et-de-nuit\/#breadcrumb"},"inLanguage":"fr-FR","potentialAction":[{"@type":"ReadAction","target":["https:\/\/hmizatexperts.com\/product\/creme-de-jour-et-de-nuit\/"]}]},{"@type":"ImageObject","inLanguage":"fr-FR","@id":"https:\/\/hmizatexperts.com\/product\/creme-de-jour-et-de-nuit\/#primaryimage","url":"https:\/\/hmizatexperts.com\/wp-content\/uploads\/2024\/12\/1.png","contentUrl":"https:\/\/hmizatexperts.com\/wp-content\/uploads\/2024\/12\/1.png","width":1280,"height":720},{"@type":"BreadcrumbList","@id":"https:\/\/hmizatexperts.com\/product\/creme-de-jour-et-de-nuit\/#breadcrumb","itemListElement":[{"@type":"ListItem","position":1,"name":"Accueil","item":"https:\/\/hmizatexperts.com\/"},{"@type":"ListItem","position":2,"name":"Shop","item":"https:\/\/hmizatexperts.com\/shop\/"},{"@type":"ListItem","position":3,"name":"Cr\u00e8me de Jour et de Nuit"}]},{"@type":"WebSite","@id":"https:\/\/hmizatexperts.com\/#website","url":"https:\/\/hmizatexperts.com\/","name":"Hmizate Expert","description":"Nos offres aux meilleurs prix et qualit\u00e9","publisher":{"@id":"https:\/\/hmizatexperts.com\/#organization"},"potentialAction":[{"@type":"SearchAction","target":{"@type":"EntryPoint","urlTemplate":"https:\/\/hmizatexperts.com\/?s={search_term_string}"},"query-input":{"@type":"PropertyValueSpecification","valueRequired":true,"valueName":"search_term_string"}}],"inLanguage":"fr-FR"},{"@type":"Organization","@id":"https:\/\/hmizatexperts.com\/#organization","name":"Hmizate Expert","url":"https:\/\/hmizatexperts.com\/","logo":{"@type":"ImageObject","inLanguage":"fr-FR","@id":"https:\/\/hmizatexperts.com\/#\/schema\/logo\/image\/","url":"https:\/\/hmizatexperts.com\/wp-content\/uploads\/2021\/05\/logo_HE2-removebg-preview.png","contentUrl":"https:\/\/hmizatexperts.com\/wp-content\/uploads\/2021\/05\/logo_HE2-removebg-preview.png","width":800,"height":312,"caption":"Hmizate Expert"},"image":{"@id":"https:\/\/hmizatexperts.com\/#\/schema\/logo\/image\/"},"sameAs":["https:\/\/www.facebook.com\/hmizatexperts","https:\/\/x.com\/ExpertsHmizate"]}]}},"_links":{"self":[{"href":"https:\/\/hmizatexperts.com\/fr_fr\/wp-json\/wp\/v2\/product\/2005","targetHints":{"allow":["GET"]}}],"collection":[{"href":"https:\/\/hmizatexperts.com\/fr_fr\/wp-json\/wp\/v2\/product"}],"about":[{"href":"https:\/\/hmizatexperts.com\/fr_fr\/wp-json\/wp\/v2\/types\/product"}],"replies":[{"embeddable":true,"href":"https:\/\/hmizatexperts.com\/fr_fr\/wp-json\/wp\/v2\/comments?post=2005"}],"wp:featuredmedia":[{"embeddable":true,"href":"https:\/\/hmizatexperts.com\/fr_fr\/wp-json\/wp\/v2\/media\/2006"}],"wp:attachment":[{"href":"https:\/\/hmizatexperts.com\/fr_fr\/wp-json\/wp\/v2\/media?parent=2005"}],"wp:term":[{"taxonomy":"product_brand","embeddable":true,"href":"https:\/\/hmizatexperts.com\/fr_fr\/wp-json\/wp\/v2\/product_brand?post=2005"},{"taxonomy":"product_cat","embeddable":true,"href":"https:\/\/hmizatexperts.com\/fr_fr\/wp-json\/wp\/v2\/product_cat?post=2005"},{"taxonomy":"product_tag","embeddable":true,"href":"https:\/\/hmizatexperts.com\/fr_fr\/wp-json\/wp\/v2\/product_tag?post=2005"}],"curies":[{"name":"wp","href":"https:\/\/api.w.org\/{rel}","templated":true}]}}