{"id":2016,"date":"2024-12-24T10:06:40","date_gmt":"2024-12-24T09:06:40","guid":{"rendered":"https:\/\/hmizatexperts.com\/?post_type=product&#038;p=2016"},"modified":"2024-12-24T10:08:29","modified_gmt":"2024-12-24T09:08:29","slug":"masque-dargile-naturel","status":"publish","type":"product","link":"https:\/\/hmizatexperts.com\/fr_fr\/product\/masque-dargile-naturel\/","title":{"rendered":"Masque d&rsquo;Argile Naturel"},"content":{"rendered":"<p>Le <strong>Masque d&rsquo;Argile<\/strong> de O\u2019 de Lune est un soin purifiant et revitalisant qui nettoie en profondeur votre peau tout en resserrant les pores. Enrichi en argile naturelle, il \u00e9limine l&rsquo;exc\u00e8s de s\u00e9bum, les impuret\u00e9s, et procure un effet rafra\u00eechissant instantan\u00e9. Ce masque est id\u00e9al pour offrir une peau douce, \u00e9clatante et saine, quelle que soit votre type de peau.<\/p>\n<p><strong>Caract\u00e9ristiques principales :<\/strong><\/p>\n<ul>\n<li>Purifie et resserre les pores.<\/li>\n<li>\u00c9limine les impuret\u00e9s et l&rsquo;exc\u00e8s de s\u00e9bum.<\/li>\n<li>Convient \u00e0 tous les types de peau.<\/li>\n<li>Texture douce et facile \u00e0 appliquer.<\/li>\n<li>Format : 200 g (7,05 oz).<\/li>\n<\/ul>\n","protected":false},"excerpt":{"rendered":"<p>Le Masque d&rsquo;Argile de O\u2019 de Lune est un soin purifiant et revitalisant qui nettoie en profondeur votre peau tout en resserrant les pores. Enrichi en argile naturelle, il \u00e9limine l&rsquo;exc\u00e8s de s\u00e9bum, les impuret\u00e9s, et procure un effet rafra\u00eechissant instantan\u00e9. Ce masque est id\u00e9al pour offrir une peau douce, \u00e9clatante et saine, quelle que<\/p>\n<footer class=\"entry-footer text-right\">\n          <a href=\"https:\/\/hmizatexperts.com\/fr_fr\/product\/masque-dargile-naturel\/\" class=\"more-link btn btn-link\">READ MORE <i class=\"icon fa fa-long-arrow-right\"><\/i><\/a><br \/>\n         <\/footer>\n","protected":false},"featured_media":2017,"comment_status":"open","ping_status":"closed","template":"","meta":[],"product_brand":[],"product_cat":[45,102,99],"product_tag":[],"class_list":{"0":"post-2016","1":"product","2":"type-product","3":"status-publish","4":"has-post-thumbnail","6":"product_cat-bien-etre","7":"product_cat-produits-naturels-et-bio","8":"product_cat-sante-et-soins-du-corps","9":"location-tout-le-maroc","10":"store-o-de-lune","11":"entry panel","13":"first","14":"instock","15":"shipping-taxable","16":"product-type-simple"},"ams_default_variation_id":0,"ams_product_points_reward":[],"ams_product_discount_percentage":0,"ams_price_to_display":0,"ams_acf":[],"yoast_head":"<!-- This site is optimized with the Yoast SEO Premium plugin v26.6 (Yoast SEO v27.3) - https:\/\/yoast.com\/product\/yoast-seo-premium-wordpress\/ -->\n<title>Masque d&#039;Argile Naturel - Hmizate Expert<\/title>\n<meta name=\"description\" content=\"Nettoyez et purifiez votre peau avec le masque d&#039;argile O\u2019 de Lune. Une formule naturelle qui resserre les pores et \u00e9limine les impuret\u00e9s pour une peau \u00e9clatante et saine.\" \/>\n<meta name=\"robots\" content=\"index, follow, max-snippet:-1, max-image-preview:large, max-video-preview:-1\" \/>\n<link rel=\"canonical\" href=\"https:\/\/hmizatexperts.com\/fr_fr\/product\/masque-dargile-naturel\/\" \/>\n<meta property=\"og:locale\" content=\"fr_FR\" \/>\n<meta property=\"og:type\" content=\"article\" \/>\n<meta property=\"og:title\" content=\"Masque d&#039;Argile Naturel\" \/>\n<meta property=\"og:description\" content=\"Nettoyez et purifiez votre peau avec le masque d&#039;argile O\u2019 de Lune. Une formule naturelle qui resserre les pores et \u00e9limine les impuret\u00e9s pour une peau \u00e9clatante et saine.\" \/>\n<meta property=\"og:url\" content=\"https:\/\/hmizatexperts.com\/fr_fr\/product\/masque-dargile-naturel\/\" \/>\n<meta property=\"og:site_name\" content=\"Hmizate Expert\" \/>\n<meta property=\"article:publisher\" content=\"https:\/\/www.facebook.com\/hmizatexperts\" \/>\n<meta property=\"article:modified_time\" content=\"2024-12-24T09:08:29+00:00\" \/>\n<meta property=\"og:image\" content=\"https:\/\/hmizatexperts.com\/wp-content\/uploads\/2024\/12\/5.png\" \/>\n\t<meta property=\"og:image:width\" content=\"1280\" \/>\n\t<meta property=\"og:image:height\" content=\"720\" \/>\n\t<meta property=\"og:image:type\" content=\"image\/png\" \/>\n<meta name=\"twitter:card\" content=\"summary_large_image\" \/>\n<meta name=\"twitter:site\" content=\"@ExpertsHmizate\" \/>\n<meta name=\"twitter:label1\" content=\"Dur\u00e9e de lecture estim\u00e9e\" \/>\n\t<meta name=\"twitter:data1\" content=\"1 minute\" \/>\n<script type=\"application\/ld+json\" class=\"yoast-schema-graph\">{\"@context\":\"https:\\\/\\\/schema.org\",\"@graph\":[{\"@type\":\"WebPage\",\"@id\":\"https:\\\/\\\/hmizatexperts.com\\\/product\\\/masque-dargile-naturel\\\/\",\"url\":\"https:\\\/\\\/hmizatexperts.com\\\/product\\\/masque-dargile-naturel\\\/\",\"name\":\"Masque d'Argile Naturel - Hmizate Expert\",\"isPartOf\":{\"@id\":\"https:\\\/\\\/hmizatexperts.com\\\/#website\"},\"primaryImageOfPage\":{\"@id\":\"https:\\\/\\\/hmizatexperts.com\\\/product\\\/masque-dargile-naturel\\\/#primaryimage\"},\"image\":{\"@id\":\"https:\\\/\\\/hmizatexperts.com\\\/product\\\/masque-dargile-naturel\\\/#primaryimage\"},\"thumbnailUrl\":\"https:\\\/\\\/hmizatexperts.com\\\/wp-content\\\/uploads\\\/2024\\\/12\\\/5.png\",\"datePublished\":\"2024-12-24T09:06:40+00:00\",\"dateModified\":\"2024-12-24T09:08:29+00:00\",\"description\":\"Nettoyez et purifiez votre peau avec le masque d'argile O\u2019 de Lune. Une formule naturelle qui resserre les pores et \u00e9limine les impuret\u00e9s pour une peau \u00e9clatante et saine.\",\"breadcrumb\":{\"@id\":\"https:\\\/\\\/hmizatexperts.com\\\/product\\\/masque-dargile-naturel\\\/#breadcrumb\"},\"inLanguage\":\"fr-FR\",\"potentialAction\":[{\"@type\":\"ReadAction\",\"target\":[\"https:\\\/\\\/hmizatexperts.com\\\/product\\\/masque-dargile-naturel\\\/\"]}]},{\"@type\":\"ImageObject\",\"inLanguage\":\"fr-FR\",\"@id\":\"https:\\\/\\\/hmizatexperts.com\\\/product\\\/masque-dargile-naturel\\\/#primaryimage\",\"url\":\"https:\\\/\\\/hmizatexperts.com\\\/wp-content\\\/uploads\\\/2024\\\/12\\\/5.png\",\"contentUrl\":\"https:\\\/\\\/hmizatexperts.com\\\/wp-content\\\/uploads\\\/2024\\\/12\\\/5.png\",\"width\":1280,\"height\":720},{\"@type\":\"BreadcrumbList\",\"@id\":\"https:\\\/\\\/hmizatexperts.com\\\/product\\\/masque-dargile-naturel\\\/#breadcrumb\",\"itemListElement\":[{\"@type\":\"ListItem\",\"position\":1,\"name\":\"Accueil\",\"item\":\"https:\\\/\\\/hmizatexperts.com\\\/\"},{\"@type\":\"ListItem\",\"position\":2,\"name\":\"Shop\",\"item\":\"https:\\\/\\\/hmizatexperts.com\\\/shop\\\/\"},{\"@type\":\"ListItem\",\"position\":3,\"name\":\"Masque d&rsquo;Argile Naturel\"}]},{\"@type\":\"WebSite\",\"@id\":\"https:\\\/\\\/hmizatexperts.com\\\/#website\",\"url\":\"https:\\\/\\\/hmizatexperts.com\\\/\",\"name\":\"Hmizate Expert\",\"description\":\"Nos offres aux meilleurs prix et qualit\u00e9\",\"publisher\":{\"@id\":\"https:\\\/\\\/hmizatexperts.com\\\/#organization\"},\"potentialAction\":[{\"@type\":\"SearchAction\",\"target\":{\"@type\":\"EntryPoint\",\"urlTemplate\":\"https:\\\/\\\/hmizatexperts.com\\\/?s={search_term_string}\"},\"query-input\":{\"@type\":\"PropertyValueSpecification\",\"valueRequired\":true,\"valueName\":\"search_term_string\"}}],\"inLanguage\":\"fr-FR\"},{\"@type\":\"Organization\",\"@id\":\"https:\\\/\\\/hmizatexperts.com\\\/#organization\",\"name\":\"Hmizate Expert\",\"url\":\"https:\\\/\\\/hmizatexperts.com\\\/\",\"logo\":{\"@type\":\"ImageObject\",\"inLanguage\":\"fr-FR\",\"@id\":\"https:\\\/\\\/hmizatexperts.com\\\/#\\\/schema\\\/logo\\\/image\\\/\",\"url\":\"https:\\\/\\\/hmizatexperts.com\\\/wp-content\\\/uploads\\\/2021\\\/05\\\/logo_HE2-removebg-preview.png\",\"contentUrl\":\"https:\\\/\\\/hmizatexperts.com\\\/wp-content\\\/uploads\\\/2021\\\/05\\\/logo_HE2-removebg-preview.png\",\"width\":800,\"height\":312,\"caption\":\"Hmizate Expert\"},\"image\":{\"@id\":\"https:\\\/\\\/hmizatexperts.com\\\/#\\\/schema\\\/logo\\\/image\\\/\"},\"sameAs\":[\"https:\\\/\\\/www.facebook.com\\\/hmizatexperts\",\"https:\\\/\\\/x.com\\\/ExpertsHmizate\"]}]}<\/script>\n<!-- \/ Yoast SEO Premium plugin. -->","yoast_head_json":{"title":"Masque d'Argile Naturel - Hmizate Expert","description":"Nettoyez et purifiez votre peau avec le masque d'argile O\u2019 de Lune. Une formule naturelle qui resserre les pores et \u00e9limine les impuret\u00e9s pour une peau \u00e9clatante et saine.","robots":{"index":"index","follow":"follow","max-snippet":"max-snippet:-1","max-image-preview":"max-image-preview:large","max-video-preview":"max-video-preview:-1"},"canonical":"https:\/\/hmizatexperts.com\/fr_fr\/product\/masque-dargile-naturel\/","og_locale":"fr_FR","og_type":"article","og_title":"Masque d'Argile Naturel","og_description":"Nettoyez et purifiez votre peau avec le masque d'argile O\u2019 de Lune. Une formule naturelle qui resserre les pores et \u00e9limine les impuret\u00e9s pour une peau \u00e9clatante et saine.","og_url":"https:\/\/hmizatexperts.com\/fr_fr\/product\/masque-dargile-naturel\/","og_site_name":"Hmizate Expert","article_publisher":"https:\/\/www.facebook.com\/hmizatexperts","article_modified_time":"2024-12-24T09:08:29+00:00","og_image":[{"width":1280,"height":720,"url":"https:\/\/hmizatexperts.com\/wp-content\/uploads\/2024\/12\/5.png","type":"image\/png"}],"twitter_card":"summary_large_image","twitter_site":"@ExpertsHmizate","twitter_misc":{"Dur\u00e9e de lecture estim\u00e9e":"1 minute"},"schema":{"@context":"https:\/\/schema.org","@graph":[{"@type":"WebPage","@id":"https:\/\/hmizatexperts.com\/product\/masque-dargile-naturel\/","url":"https:\/\/hmizatexperts.com\/product\/masque-dargile-naturel\/","name":"Masque d'Argile Naturel - Hmizate Expert","isPartOf":{"@id":"https:\/\/hmizatexperts.com\/#website"},"primaryImageOfPage":{"@id":"https:\/\/hmizatexperts.com\/product\/masque-dargile-naturel\/#primaryimage"},"image":{"@id":"https:\/\/hmizatexperts.com\/product\/masque-dargile-naturel\/#primaryimage"},"thumbnailUrl":"https:\/\/hmizatexperts.com\/wp-content\/uploads\/2024\/12\/5.png","datePublished":"2024-12-24T09:06:40+00:00","dateModified":"2024-12-24T09:08:29+00:00","description":"Nettoyez et purifiez votre peau avec le masque d'argile O\u2019 de Lune. Une formule naturelle qui resserre les pores et \u00e9limine les impuret\u00e9s pour une peau \u00e9clatante et saine.","breadcrumb":{"@id":"https:\/\/hmizatexperts.com\/product\/masque-dargile-naturel\/#breadcrumb"},"inLanguage":"fr-FR","potentialAction":[{"@type":"ReadAction","target":["https:\/\/hmizatexperts.com\/product\/masque-dargile-naturel\/"]}]},{"@type":"ImageObject","inLanguage":"fr-FR","@id":"https:\/\/hmizatexperts.com\/product\/masque-dargile-naturel\/#primaryimage","url":"https:\/\/hmizatexperts.com\/wp-content\/uploads\/2024\/12\/5.png","contentUrl":"https:\/\/hmizatexperts.com\/wp-content\/uploads\/2024\/12\/5.png","width":1280,"height":720},{"@type":"BreadcrumbList","@id":"https:\/\/hmizatexperts.com\/product\/masque-dargile-naturel\/#breadcrumb","itemListElement":[{"@type":"ListItem","position":1,"name":"Accueil","item":"https:\/\/hmizatexperts.com\/"},{"@type":"ListItem","position":2,"name":"Shop","item":"https:\/\/hmizatexperts.com\/shop\/"},{"@type":"ListItem","position":3,"name":"Masque d&rsquo;Argile Naturel"}]},{"@type":"WebSite","@id":"https:\/\/hmizatexperts.com\/#website","url":"https:\/\/hmizatexperts.com\/","name":"Hmizate Expert","description":"Nos offres aux meilleurs prix et qualit\u00e9","publisher":{"@id":"https:\/\/hmizatexperts.com\/#organization"},"potentialAction":[{"@type":"SearchAction","target":{"@type":"EntryPoint","urlTemplate":"https:\/\/hmizatexperts.com\/?s={search_term_string}"},"query-input":{"@type":"PropertyValueSpecification","valueRequired":true,"valueName":"search_term_string"}}],"inLanguage":"fr-FR"},{"@type":"Organization","@id":"https:\/\/hmizatexperts.com\/#organization","name":"Hmizate Expert","url":"https:\/\/hmizatexperts.com\/","logo":{"@type":"ImageObject","inLanguage":"fr-FR","@id":"https:\/\/hmizatexperts.com\/#\/schema\/logo\/image\/","url":"https:\/\/hmizatexperts.com\/wp-content\/uploads\/2021\/05\/logo_HE2-removebg-preview.png","contentUrl":"https:\/\/hmizatexperts.com\/wp-content\/uploads\/2021\/05\/logo_HE2-removebg-preview.png","width":800,"height":312,"caption":"Hmizate Expert"},"image":{"@id":"https:\/\/hmizatexperts.com\/#\/schema\/logo\/image\/"},"sameAs":["https:\/\/www.facebook.com\/hmizatexperts","https:\/\/x.com\/ExpertsHmizate"]}]}},"_links":{"self":[{"href":"https:\/\/hmizatexperts.com\/fr_fr\/wp-json\/wp\/v2\/product\/2016","targetHints":{"allow":["GET"]}}],"collection":[{"href":"https:\/\/hmizatexperts.com\/fr_fr\/wp-json\/wp\/v2\/product"}],"about":[{"href":"https:\/\/hmizatexperts.com\/fr_fr\/wp-json\/wp\/v2\/types\/product"}],"replies":[{"embeddable":true,"href":"https:\/\/hmizatexperts.com\/fr_fr\/wp-json\/wp\/v2\/comments?post=2016"}],"wp:featuredmedia":[{"embeddable":true,"href":"https:\/\/hmizatexperts.com\/fr_fr\/wp-json\/wp\/v2\/media\/2017"}],"wp:attachment":[{"href":"https:\/\/hmizatexperts.com\/fr_fr\/wp-json\/wp\/v2\/media?parent=2016"}],"wp:term":[{"taxonomy":"product_brand","embeddable":true,"href":"https:\/\/hmizatexperts.com\/fr_fr\/wp-json\/wp\/v2\/product_brand?post=2016"},{"taxonomy":"product_cat","embeddable":true,"href":"https:\/\/hmizatexperts.com\/fr_fr\/wp-json\/wp\/v2\/product_cat?post=2016"},{"taxonomy":"product_tag","embeddable":true,"href":"https:\/\/hmizatexperts.com\/fr_fr\/wp-json\/wp\/v2\/product_tag?post=2016"}],"curies":[{"name":"wp","href":"https:\/\/api.w.org\/{rel}","templated":true}]}}