{"id":601,"date":"2021-05-24T00:54:19","date_gmt":"2021-05-24T00:54:19","guid":{"rendered":"https:\/\/hmizatexperts.com\/?post_type=product&#038;p=601"},"modified":"2025-05-25T12:02:42","modified_gmt":"2025-05-25T11:02:42","slug":"multifonctionnel-ruban-adhesif-ivy-grip-tape-5m","status":"publish","type":"product","link":"https:\/\/hmizatexperts.com\/fr_fr\/product\/multifonctionnel-ruban-adhesif-ivy-grip-tape-5m\/","title":{"rendered":"Multifonctionnel Ruban Adh\u00e9sif Ivy grip tape 5m"},"content":{"rendered":"<p><strong>Ruban adh\u00e9sif double face transparent sans trace<\/strong><\/p>\n<p>&#8211; Ce ruban magique est tr\u00e8s pratique \u00e0 utiliser et facile \u00e0 enlever, sans endommager les murs ou les surfaces, sans laisser de r\u00e9sidus.<br \/>\n&#8211; Lavable et r\u00e9utilisable. Pour le r\u00e9utiliser, il suffit de laver la surface et de le s\u00e9cher naturellement.<br \/>\n&#8211; Fixez ou ins\u00e9rez des objets tels que des supports de t\u00e9l\u00e9phone, des affiches, des cadres photo, des porte-stylos, des autocollants muraux, des crochets, des petits outils, des notes autocollantes, des \u00e9tuis pour t\u00e9l\u00e9phone portable, des correctifs, des correctifs, des correctifs d\u00e9coratifs, des d\u00e9corations murales, etc.<br \/>\n&#8211; Convient aux surfaces lisses, propres et s\u00e8ches. Peut \u00eatre appliqu\u00e9 sur les carreaux de c\u00e9ramique, le verre, le m\u00e9tal, le plastique, etc.<\/p>\n<p><strong>Caract\u00e9ristiques:<\/strong><\/p>\n<p>Mat\u00e9riau: Nano Gel<br \/>\nCouleur: transparent<br \/>\nSp\u00e9cifications: Epaisseur: 2.0mm, Largeur: 30mm, Longueur: 5m<\/p>\n<p><a href=\"https:\/\/hmizatexperts.com\/wp-content\/uploads\/2021\/05\/Sans-titre-16.png\"><img loading=\"lazy\" decoding=\"async\" class=\"size-medium wp-image-700 aligncenter\" src=\"https:\/\/hmizatexperts.com\/wp-content\/uploads\/2021\/05\/Sans-titre-16-300x188.png\" alt=\"\" width=\"300\" height=\"188\" srcset=\"https:\/\/hmizatexperts.com\/wp-content\/uploads\/2021\/05\/Sans-titre-16-300x188.png 300w, https:\/\/hmizatexperts.com\/wp-content\/uploads\/2021\/05\/Sans-titre-16-768x480.png 768w, https:\/\/hmizatexperts.com\/wp-content\/uploads\/2021\/05\/Sans-titre-16-600x375.png 600w, https:\/\/hmizatexperts.com\/wp-content\/uploads\/2021\/05\/Sans-titre-16.png 800w\" sizes=\"auto, (max-width: 300px) 100vw, 300px\" \/><\/a><\/p>\n<p><strong>Comment utiliser:<\/strong><\/p>\n<p>1. Nettoyez la surface et gardez-la au sec.<br \/>\n2. D\u00e9coupez la taille souhait\u00e9e et collez-la \u00e0 la surface.<br \/>\n3. Retirez le film protecteur des rubans double face<br \/>\n4. Placez les \u00e9l\u00e9ments que vous souhaitez coller sur la surface.<br \/>\n5. Si vous souhaitez r\u00e9utiliser la bande, retirez-la et nettoyez-la. Laissez s\u00e9cher naturellement et vous pourrez le r\u00e9utiliser.<\/p>\n<p><strong>REMARQUE:<\/strong><\/p>\n<p>1. Ne pas utiliser sur des surfaces rugueuses, des d\u00e9p\u00f4ts de poudre, des surfaces graisseuses ou humides.<br \/>\n2. S&rsquo;il vous pla\u00eet laver \u00e0 l&rsquo;eau froide, ne pas s\u00e9cher avec du papier et des serviettes.<br \/>\n3. Pour les articles plus lourds ou plus pr\u00e9cieux, nous vous recommandons de recouvrir toute la surface de l&rsquo;article avec du ruban adh\u00e9sif Gelpad pour vous aider \u00e0 vous sentir en s\u00e9curit\u00e9 et \u00e0 tester dans un environnement s\u00fbr.<\/p>\n<p><a href=\"https:\/\/hmizatexperts.com\/wp-content\/uploads\/2022\/01\/\u062e\u062f\u0645\u0629-\u0627\u0644\u0632\u0628\u0627\u064a\u0654\u0646-1.png\"><img loading=\"lazy\" decoding=\"async\" class=\"size-medium wp-image-1455 aligncenter\" src=\"https:\/\/hmizatexperts.com\/wp-content\/uploads\/2022\/01\/\u062e\u062f\u0645\u0629-\u0627\u0644\u0632\u0628\u0627\u064a\u0654\u0646-1-300x71.png\" alt=\"\" width=\"300\" height=\"71\" srcset=\"https:\/\/hmizatexperts.com\/wp-content\/uploads\/2022\/01\/\u062e\u062f\u0645\u0629-\u0627\u0644\u0632\u0628\u0627\u064a\u0654\u0646-1-300x71.png 300w, https:\/\/hmizatexperts.com\/wp-content\/uploads\/2022\/01\/\u062e\u062f\u0645\u0629-\u0627\u0644\u0632\u0628\u0627\u064a\u0654\u0646-1-600x142.png 600w, https:\/\/hmizatexperts.com\/wp-content\/uploads\/2022\/01\/\u062e\u062f\u0645\u0629-\u0627\u0644\u0632\u0628\u0627\u064a\u0654\u0646-1.png 603w\" sizes=\"auto, (max-width: 300px) 100vw, 300px\" \/><\/a><\/p>\n","protected":false},"excerpt":{"rendered":"<p>Ce ruban magique est tr\u00e8s pratique \u00e0 utiliser et facile \u00e0 enlever, sans endommager les murs ou les surfaces, sans laisser de r\u00e9sidus.<\/p>\n","protected":false},"featured_media":661,"comment_status":"open","ping_status":"closed","template":"","meta":[],"product_brand":[],"product_cat":[111,37],"product_tag":[],"class_list":{"0":"post-601","1":"product","2":"type-product","3":"status-publish","4":"has-post-thumbnail","6":"product_cat-bricolage-et-amelioration","7":"product_cat-maison-cuisine","8":"location-tout-le-maroc","9":"store-hmizate-experts","10":"entry panel","12":"first","13":"instock","14":"sale","15":"shipping-taxable","16":"purchasable","17":"product-type-simple"},"ams_default_variation_id":0,"ams_product_points_reward":[],"ams_product_discount_percentage":27.14,"ams_price_to_display":102,"ams_acf":[],"yoast_head":"<!-- This site is optimized with the Yoast SEO Premium plugin v26.6 (Yoast SEO v27.3) - https:\/\/yoast.com\/product\/yoast-seo-premium-wordpress\/ -->\n<title>Multifonctionnel Ruban Adh\u00e9sif Ivy grip tape 5m - Hmizate Expert<\/title>\n<meta name=\"description\" content=\"Ce ruban magique est tr\u00e8s pratique \u00e0 utiliser et facile \u00e0 enlever, sans endommager les murs ou les surfaces, sans laisser de r\u00e9sidus.\" \/>\n<meta name=\"robots\" content=\"index, follow, max-snippet:-1, max-image-preview:large, max-video-preview:-1\" \/>\n<link rel=\"canonical\" href=\"https:\/\/hmizatexperts.com\/fr_fr\/product\/multifonctionnel-ruban-adhesif-ivy-grip-tape-5m\/\" \/>\n<meta property=\"og:locale\" content=\"fr_FR\" \/>\n<meta property=\"og:type\" content=\"article\" \/>\n<meta property=\"og:title\" content=\"Multifonctionnel Ruban Adh\u00e9sif Ivy grip tape 5m\" \/>\n<meta property=\"og:description\" content=\"Ce ruban magique est tr\u00e8s pratique \u00e0 utiliser et facile \u00e0 enlever, sans endommager les murs ou les surfaces, sans laisser de r\u00e9sidus.\" \/>\n<meta property=\"og:url\" content=\"https:\/\/hmizatexperts.com\/fr_fr\/product\/multifonctionnel-ruban-adhesif-ivy-grip-tape-5m\/\" \/>\n<meta property=\"og:site_name\" content=\"Hmizate Expert\" \/>\n<meta property=\"article:publisher\" content=\"https:\/\/www.facebook.com\/hmizatexperts\" \/>\n<meta property=\"article:modified_time\" content=\"2025-05-25T11:02:42+00:00\" \/>\n<meta property=\"og:image\" content=\"https:\/\/hmizatexperts.com\/wp-content\/uploads\/2021\/05\/Sans-titre-3.png\" \/>\n\t<meta property=\"og:image:width\" content=\"800\" \/>\n\t<meta property=\"og:image:height\" content=\"500\" \/>\n\t<meta property=\"og:image:type\" content=\"image\/png\" \/>\n<meta name=\"twitter:card\" content=\"summary_large_image\" \/>\n<meta name=\"twitter:site\" content=\"@ExpertsHmizate\" \/>\n<meta name=\"twitter:label1\" content=\"Dur\u00e9e de lecture estim\u00e9e\" \/>\n\t<meta name=\"twitter:data1\" content=\"2 minutes\" \/>\n<script type=\"application\/ld+json\" class=\"yoast-schema-graph\">{\"@context\":\"https:\\\/\\\/schema.org\",\"@graph\":[{\"@type\":\"WebPage\",\"@id\":\"https:\\\/\\\/hmizatexperts.com\\\/product\\\/multifonctionnel-ruban-adhesif-ivy-grip-tape-5m\\\/\",\"url\":\"https:\\\/\\\/hmizatexperts.com\\\/product\\\/multifonctionnel-ruban-adhesif-ivy-grip-tape-5m\\\/\",\"name\":\"Multifonctionnel Ruban Adh\u00e9sif Ivy grip tape 5m - Hmizate Expert\",\"isPartOf\":{\"@id\":\"https:\\\/\\\/hmizatexperts.com\\\/#website\"},\"primaryImageOfPage\":{\"@id\":\"https:\\\/\\\/hmizatexperts.com\\\/product\\\/multifonctionnel-ruban-adhesif-ivy-grip-tape-5m\\\/#primaryimage\"},\"image\":{\"@id\":\"https:\\\/\\\/hmizatexperts.com\\\/product\\\/multifonctionnel-ruban-adhesif-ivy-grip-tape-5m\\\/#primaryimage\"},\"thumbnailUrl\":\"https:\\\/\\\/hmizatexperts.com\\\/wp-content\\\/uploads\\\/2021\\\/05\\\/Sans-titre-3.png\",\"datePublished\":\"2021-05-24T00:54:19+00:00\",\"dateModified\":\"2025-05-25T11:02:42+00:00\",\"description\":\"Ce ruban magique est tr\u00e8s pratique \u00e0 utiliser et facile \u00e0 enlever, sans endommager les murs ou les surfaces, sans laisser de r\u00e9sidus.\",\"breadcrumb\":{\"@id\":\"https:\\\/\\\/hmizatexperts.com\\\/product\\\/multifonctionnel-ruban-adhesif-ivy-grip-tape-5m\\\/#breadcrumb\"},\"inLanguage\":\"fr-FR\",\"potentialAction\":[{\"@type\":\"ReadAction\",\"target\":[\"https:\\\/\\\/hmizatexperts.com\\\/product\\\/multifonctionnel-ruban-adhesif-ivy-grip-tape-5m\\\/\"]}]},{\"@type\":\"ImageObject\",\"inLanguage\":\"fr-FR\",\"@id\":\"https:\\\/\\\/hmizatexperts.com\\\/product\\\/multifonctionnel-ruban-adhesif-ivy-grip-tape-5m\\\/#primaryimage\",\"url\":\"https:\\\/\\\/hmizatexperts.com\\\/wp-content\\\/uploads\\\/2021\\\/05\\\/Sans-titre-3.png\",\"contentUrl\":\"https:\\\/\\\/hmizatexperts.com\\\/wp-content\\\/uploads\\\/2021\\\/05\\\/Sans-titre-3.png\",\"width\":800,\"height\":500},{\"@type\":\"BreadcrumbList\",\"@id\":\"https:\\\/\\\/hmizatexperts.com\\\/product\\\/multifonctionnel-ruban-adhesif-ivy-grip-tape-5m\\\/#breadcrumb\",\"itemListElement\":[{\"@type\":\"ListItem\",\"position\":1,\"name\":\"Accueil\",\"item\":\"https:\\\/\\\/hmizatexperts.com\\\/\"},{\"@type\":\"ListItem\",\"position\":2,\"name\":\"Shop\",\"item\":\"https:\\\/\\\/hmizatexperts.com\\\/shop\\\/\"},{\"@type\":\"ListItem\",\"position\":3,\"name\":\"Multifonctionnel Ruban Adh\u00e9sif Ivy grip tape 5m\"}]},{\"@type\":\"WebSite\",\"@id\":\"https:\\\/\\\/hmizatexperts.com\\\/#website\",\"url\":\"https:\\\/\\\/hmizatexperts.com\\\/\",\"name\":\"Hmizate Expert\",\"description\":\"Nos offres aux meilleurs prix et qualit\u00e9\",\"publisher\":{\"@id\":\"https:\\\/\\\/hmizatexperts.com\\\/#organization\"},\"potentialAction\":[{\"@type\":\"SearchAction\",\"target\":{\"@type\":\"EntryPoint\",\"urlTemplate\":\"https:\\\/\\\/hmizatexperts.com\\\/?s={search_term_string}\"},\"query-input\":{\"@type\":\"PropertyValueSpecification\",\"valueRequired\":true,\"valueName\":\"search_term_string\"}}],\"inLanguage\":\"fr-FR\"},{\"@type\":\"Organization\",\"@id\":\"https:\\\/\\\/hmizatexperts.com\\\/#organization\",\"name\":\"Hmizate Expert\",\"url\":\"https:\\\/\\\/hmizatexperts.com\\\/\",\"logo\":{\"@type\":\"ImageObject\",\"inLanguage\":\"fr-FR\",\"@id\":\"https:\\\/\\\/hmizatexperts.com\\\/#\\\/schema\\\/logo\\\/image\\\/\",\"url\":\"https:\\\/\\\/hmizatexperts.com\\\/wp-content\\\/uploads\\\/2021\\\/05\\\/logo_HE2-removebg-preview.png\",\"contentUrl\":\"https:\\\/\\\/hmizatexperts.com\\\/wp-content\\\/uploads\\\/2021\\\/05\\\/logo_HE2-removebg-preview.png\",\"width\":800,\"height\":312,\"caption\":\"Hmizate Expert\"},\"image\":{\"@id\":\"https:\\\/\\\/hmizatexperts.com\\\/#\\\/schema\\\/logo\\\/image\\\/\"},\"sameAs\":[\"https:\\\/\\\/www.facebook.com\\\/hmizatexperts\",\"https:\\\/\\\/x.com\\\/ExpertsHmizate\"]}]}<\/script>\n<!-- \/ Yoast SEO Premium plugin. -->","yoast_head_json":{"title":"Multifonctionnel Ruban Adh\u00e9sif Ivy grip tape 5m - Hmizate Expert","description":"Ce ruban magique est tr\u00e8s pratique \u00e0 utiliser et facile \u00e0 enlever, sans endommager les murs ou les surfaces, sans laisser de r\u00e9sidus.","robots":{"index":"index","follow":"follow","max-snippet":"max-snippet:-1","max-image-preview":"max-image-preview:large","max-video-preview":"max-video-preview:-1"},"canonical":"https:\/\/hmizatexperts.com\/fr_fr\/product\/multifonctionnel-ruban-adhesif-ivy-grip-tape-5m\/","og_locale":"fr_FR","og_type":"article","og_title":"Multifonctionnel Ruban Adh\u00e9sif Ivy grip tape 5m","og_description":"Ce ruban magique est tr\u00e8s pratique \u00e0 utiliser et facile \u00e0 enlever, sans endommager les murs ou les surfaces, sans laisser de r\u00e9sidus.","og_url":"https:\/\/hmizatexperts.com\/fr_fr\/product\/multifonctionnel-ruban-adhesif-ivy-grip-tape-5m\/","og_site_name":"Hmizate Expert","article_publisher":"https:\/\/www.facebook.com\/hmizatexperts","article_modified_time":"2025-05-25T11:02:42+00:00","og_image":[{"width":800,"height":500,"url":"https:\/\/hmizatexperts.com\/wp-content\/uploads\/2021\/05\/Sans-titre-3.png","type":"image\/png"}],"twitter_card":"summary_large_image","twitter_site":"@ExpertsHmizate","twitter_misc":{"Dur\u00e9e de lecture estim\u00e9e":"2 minutes"},"schema":{"@context":"https:\/\/schema.org","@graph":[{"@type":"WebPage","@id":"https:\/\/hmizatexperts.com\/product\/multifonctionnel-ruban-adhesif-ivy-grip-tape-5m\/","url":"https:\/\/hmizatexperts.com\/product\/multifonctionnel-ruban-adhesif-ivy-grip-tape-5m\/","name":"Multifonctionnel Ruban Adh\u00e9sif Ivy grip tape 5m - Hmizate Expert","isPartOf":{"@id":"https:\/\/hmizatexperts.com\/#website"},"primaryImageOfPage":{"@id":"https:\/\/hmizatexperts.com\/product\/multifonctionnel-ruban-adhesif-ivy-grip-tape-5m\/#primaryimage"},"image":{"@id":"https:\/\/hmizatexperts.com\/product\/multifonctionnel-ruban-adhesif-ivy-grip-tape-5m\/#primaryimage"},"thumbnailUrl":"https:\/\/hmizatexperts.com\/wp-content\/uploads\/2021\/05\/Sans-titre-3.png","datePublished":"2021-05-24T00:54:19+00:00","dateModified":"2025-05-25T11:02:42+00:00","description":"Ce ruban magique est tr\u00e8s pratique \u00e0 utiliser et facile \u00e0 enlever, sans endommager les murs ou les surfaces, sans laisser de r\u00e9sidus.","breadcrumb":{"@id":"https:\/\/hmizatexperts.com\/product\/multifonctionnel-ruban-adhesif-ivy-grip-tape-5m\/#breadcrumb"},"inLanguage":"fr-FR","potentialAction":[{"@type":"ReadAction","target":["https:\/\/hmizatexperts.com\/product\/multifonctionnel-ruban-adhesif-ivy-grip-tape-5m\/"]}]},{"@type":"ImageObject","inLanguage":"fr-FR","@id":"https:\/\/hmizatexperts.com\/product\/multifonctionnel-ruban-adhesif-ivy-grip-tape-5m\/#primaryimage","url":"https:\/\/hmizatexperts.com\/wp-content\/uploads\/2021\/05\/Sans-titre-3.png","contentUrl":"https:\/\/hmizatexperts.com\/wp-content\/uploads\/2021\/05\/Sans-titre-3.png","width":800,"height":500},{"@type":"BreadcrumbList","@id":"https:\/\/hmizatexperts.com\/product\/multifonctionnel-ruban-adhesif-ivy-grip-tape-5m\/#breadcrumb","itemListElement":[{"@type":"ListItem","position":1,"name":"Accueil","item":"https:\/\/hmizatexperts.com\/"},{"@type":"ListItem","position":2,"name":"Shop","item":"https:\/\/hmizatexperts.com\/shop\/"},{"@type":"ListItem","position":3,"name":"Multifonctionnel Ruban Adh\u00e9sif Ivy grip tape 5m"}]},{"@type":"WebSite","@id":"https:\/\/hmizatexperts.com\/#website","url":"https:\/\/hmizatexperts.com\/","name":"Hmizate Expert","description":"Nos offres aux meilleurs prix et qualit\u00e9","publisher":{"@id":"https:\/\/hmizatexperts.com\/#organization"},"potentialAction":[{"@type":"SearchAction","target":{"@type":"EntryPoint","urlTemplate":"https:\/\/hmizatexperts.com\/?s={search_term_string}"},"query-input":{"@type":"PropertyValueSpecification","valueRequired":true,"valueName":"search_term_string"}}],"inLanguage":"fr-FR"},{"@type":"Organization","@id":"https:\/\/hmizatexperts.com\/#organization","name":"Hmizate Expert","url":"https:\/\/hmizatexperts.com\/","logo":{"@type":"ImageObject","inLanguage":"fr-FR","@id":"https:\/\/hmizatexperts.com\/#\/schema\/logo\/image\/","url":"https:\/\/hmizatexperts.com\/wp-content\/uploads\/2021\/05\/logo_HE2-removebg-preview.png","contentUrl":"https:\/\/hmizatexperts.com\/wp-content\/uploads\/2021\/05\/logo_HE2-removebg-preview.png","width":800,"height":312,"caption":"Hmizate Expert"},"image":{"@id":"https:\/\/hmizatexperts.com\/#\/schema\/logo\/image\/"},"sameAs":["https:\/\/www.facebook.com\/hmizatexperts","https:\/\/x.com\/ExpertsHmizate"]}]}},"_links":{"self":[{"href":"https:\/\/hmizatexperts.com\/fr_fr\/wp-json\/wp\/v2\/product\/601","targetHints":{"allow":["GET"]}}],"collection":[{"href":"https:\/\/hmizatexperts.com\/fr_fr\/wp-json\/wp\/v2\/product"}],"about":[{"href":"https:\/\/hmizatexperts.com\/fr_fr\/wp-json\/wp\/v2\/types\/product"}],"replies":[{"embeddable":true,"href":"https:\/\/hmizatexperts.com\/fr_fr\/wp-json\/wp\/v2\/comments?post=601"}],"wp:featuredmedia":[{"embeddable":true,"href":"https:\/\/hmizatexperts.com\/fr_fr\/wp-json\/wp\/v2\/media\/661"}],"wp:attachment":[{"href":"https:\/\/hmizatexperts.com\/fr_fr\/wp-json\/wp\/v2\/media?parent=601"}],"wp:term":[{"taxonomy":"product_brand","embeddable":true,"href":"https:\/\/hmizatexperts.com\/fr_fr\/wp-json\/wp\/v2\/product_brand?post=601"},{"taxonomy":"product_cat","embeddable":true,"href":"https:\/\/hmizatexperts.com\/fr_fr\/wp-json\/wp\/v2\/product_cat?post=601"},{"taxonomy":"product_tag","embeddable":true,"href":"https:\/\/hmizatexperts.com\/fr_fr\/wp-json\/wp\/v2\/product_tag?post=601"}],"curies":[{"name":"wp","href":"https:\/\/api.w.org\/{rel}","templated":true}]}}