{"id":749,"date":"2021-06-11T00:46:24","date_gmt":"2021-06-11T00:46:24","guid":{"rendered":"https:\/\/hmizatexperts.com\/?post_type=product&#038;p=749"},"modified":"2025-05-20T22:42:35","modified_gmt":"2025-05-20T21:42:35","slug":"aspirateur-de-points-noirs-nettoyeur-de-pores-visage-nez-beaute-du-visage","status":"publish","type":"product","link":"https:\/\/hmizatexperts.com\/fr_fr\/product\/aspirateur-de-points-noirs-nettoyeur-de-pores-visage-nez-beaute-du-visage\/","title":{"rendered":"Aspirateur de points noirs, nettoyeur de pores, visage, nez"},"content":{"rendered":"<p><strong data-spm-anchor-id=\"a2g0o.detail.1000023.i0.4d823db8KGp85P\">1. style de batterie<\/strong><br \/>\nPas de batterie, vous devez acheter deux piles s\u00e8ches n \u00b0 5 vous-m\u00eame<br \/>\nR\u00e9glage de la vitesse: 1<br \/>\nT\u00eate d&rsquo;instrument de beaut\u00e9: 3<br \/>\nAccessoires du produit: h\u00f4te, instrument de beaut\u00e9, manuel, bo\u00eete d&#8217;emballage<br \/>\n<strong>2. style Plug-in<\/strong><br \/>\nBranchez l&rsquo;alimentation USB<br \/>\nAjustez la vitesse: 2<br \/>\nT\u00eate d&rsquo;instrument de beaut\u00e9: 3<br \/>\nAccessoires du produit: h\u00f4te, instrument de beaut\u00e9, cordon d&rsquo;alimentation, manuel, bo\u00eete d&#8217;emballage<br \/>\n<strong>3. style de chargement<\/strong><br \/>\nAjustez la vitesse: 5<br \/>\nT\u00eate d&rsquo;instrument de beaut\u00e9: 4<br \/>\nTemps de charge: environ 2 heures<br \/>\nM\u00e9thode de charge: charge d&rsquo;alimentation, charge USB<br \/>\nAccessoires du produit: h\u00f4te, instrument de beaut\u00e9, cordon d&rsquo;alimentation, prise, manuel, bo\u00eete d&#8217;emballage<br \/>\n<strong>4. style d&rsquo;affichage LCD<\/strong><br \/>\nAjustez la vitesse: 3<br \/>\nT\u00eate d&rsquo;instrument de beaut\u00e9: 4<br \/>\nTemps de charge: environ 2 heures<br \/>\nM\u00e9thode de charge: charge d&rsquo;alimentation, charge USB<br \/>\nAccessoires du produit: h\u00f4te, instrument de beaut\u00e9, cordon d&rsquo;alimentation, prise, manuel, bo\u00eete d&#8217;emballage<br \/>\n<strong>Caract\u00e9ristiques:<\/strong><br \/>\nChargement rapide, fonctionnement \u00e0 un bouton, pratique, simple et facile \u00e0 utiliser!<\/p>\n","protected":false},"excerpt":{"rendered":"<p class=\"product-title-text\" data-spm-anchor-id=\"a2g0o.detail.1000016.i3.4d823db8KGp85P\">Aspirateur de points noirs, nettoyeur de pores, visage, nez, beaut\u00e9 du visage, outils de soins de la peau, acn\u00e9 et boutons, aspiration sous vide<\/p>\n","protected":false},"featured_media":750,"comment_status":"open","ping_status":"closed","template":"","meta":[],"product_brand":[],"product_cat":[45,99],"product_tag":[],"class_list":{"0":"post-749","1":"product","2":"type-product","3":"status-publish","4":"has-post-thumbnail","6":"product_cat-bien-etre","7":"product_cat-sante-et-soins-du-corps","8":"location-tout-le-maroc","9":"store-hmizate-experts","10":"entry panel","12":"first","13":"instock","14":"sale","15":"shipping-taxable","16":"purchasable","17":"product-type-simple"},"ams_default_variation_id":0,"ams_product_points_reward":[],"ams_product_discount_percentage":8.82,"ams_price_to_display":155,"ams_acf":[],"yoast_head":"<!-- This site is optimized with the Yoast SEO Premium plugin v26.6 (Yoast SEO v27.4) - https:\/\/yoast.com\/product\/yoast-seo-premium-wordpress\/ -->\n<title>Aspirateur de points noirs, nettoyeur de pores, visage, nez - Hmizate Expert<\/title>\n<meta name=\"description\" content=\"Prenez soin de votre peau avec cet aspirateur de points noirs : un outil efficace pour nettoyer les pores et r\u00e9v\u00e9ler une peau \u00e9clatante et saine.\" \/>\n<meta name=\"robots\" content=\"index, follow, max-snippet:-1, max-image-preview:large, max-video-preview:-1\" \/>\n<link rel=\"canonical\" href=\"https:\/\/hmizatexperts.com\/fr_fr\/product\/aspirateur-de-points-noirs-nettoyeur-de-pores-visage-nez-beaute-du-visage\/\" \/>\n<meta property=\"og:locale\" content=\"fr_FR\" \/>\n<meta property=\"og:type\" content=\"article\" \/>\n<meta property=\"og:title\" content=\"Aspirateur de points noirs, nettoyeur de pores, visage, nez\" \/>\n<meta property=\"og:description\" content=\"Prenez soin de votre peau avec cet aspirateur de points noirs : un outil efficace pour nettoyer les pores et r\u00e9v\u00e9ler une peau \u00e9clatante et saine.\" \/>\n<meta property=\"og:url\" content=\"https:\/\/hmizatexperts.com\/fr_fr\/product\/aspirateur-de-points-noirs-nettoyeur-de-pores-visage-nez-beaute-du-visage\/\" \/>\n<meta property=\"og:site_name\" content=\"Hmizate Expert\" \/>\n<meta property=\"article:publisher\" content=\"https:\/\/www.facebook.com\/hmizatexperts\" \/>\n<meta property=\"article:modified_time\" content=\"2025-05-20T21:42:35+00:00\" \/>\n<meta property=\"og:image\" content=\"https:\/\/hmizatexperts.com\/wp-content\/uploads\/2021\/06\/1.png\" \/>\n\t<meta property=\"og:image:width\" content=\"800\" \/>\n\t<meta property=\"og:image:height\" content=\"500\" \/>\n\t<meta property=\"og:image:type\" content=\"image\/png\" \/>\n<meta name=\"twitter:card\" content=\"summary_large_image\" \/>\n<meta name=\"twitter:site\" content=\"@ExpertsHmizate\" \/>\n<meta name=\"twitter:label1\" content=\"Dur\u00e9e de lecture estim\u00e9e\" \/>\n\t<meta name=\"twitter:data1\" content=\"1 minute\" \/>\n<script type=\"application\/ld+json\" class=\"yoast-schema-graph\">{\"@context\":\"https:\\\/\\\/schema.org\",\"@graph\":[{\"@type\":\"WebPage\",\"@id\":\"https:\\\/\\\/hmizatexperts.com\\\/product\\\/aspirateur-de-points-noirs-nettoyeur-de-pores-visage-nez-beaute-du-visage\\\/\",\"url\":\"https:\\\/\\\/hmizatexperts.com\\\/product\\\/aspirateur-de-points-noirs-nettoyeur-de-pores-visage-nez-beaute-du-visage\\\/\",\"name\":\"Aspirateur de points noirs, nettoyeur de pores, visage, nez - Hmizate Expert\",\"isPartOf\":{\"@id\":\"https:\\\/\\\/hmizatexperts.com\\\/#website\"},\"primaryImageOfPage\":{\"@id\":\"https:\\\/\\\/hmizatexperts.com\\\/product\\\/aspirateur-de-points-noirs-nettoyeur-de-pores-visage-nez-beaute-du-visage\\\/#primaryimage\"},\"image\":{\"@id\":\"https:\\\/\\\/hmizatexperts.com\\\/product\\\/aspirateur-de-points-noirs-nettoyeur-de-pores-visage-nez-beaute-du-visage\\\/#primaryimage\"},\"thumbnailUrl\":\"https:\\\/\\\/hmizatexperts.com\\\/wp-content\\\/uploads\\\/2021\\\/06\\\/1.png\",\"datePublished\":\"2021-06-11T00:46:24+00:00\",\"dateModified\":\"2025-05-20T21:42:35+00:00\",\"description\":\"Prenez soin de votre peau avec cet aspirateur de points noirs : un outil efficace pour nettoyer les pores et r\u00e9v\u00e9ler une peau \u00e9clatante et saine.\",\"breadcrumb\":{\"@id\":\"https:\\\/\\\/hmizatexperts.com\\\/product\\\/aspirateur-de-points-noirs-nettoyeur-de-pores-visage-nez-beaute-du-visage\\\/#breadcrumb\"},\"inLanguage\":\"fr-FR\",\"potentialAction\":[{\"@type\":\"ReadAction\",\"target\":[\"https:\\\/\\\/hmizatexperts.com\\\/product\\\/aspirateur-de-points-noirs-nettoyeur-de-pores-visage-nez-beaute-du-visage\\\/\"]}]},{\"@type\":\"ImageObject\",\"inLanguage\":\"fr-FR\",\"@id\":\"https:\\\/\\\/hmizatexperts.com\\\/product\\\/aspirateur-de-points-noirs-nettoyeur-de-pores-visage-nez-beaute-du-visage\\\/#primaryimage\",\"url\":\"https:\\\/\\\/hmizatexperts.com\\\/wp-content\\\/uploads\\\/2021\\\/06\\\/1.png\",\"contentUrl\":\"https:\\\/\\\/hmizatexperts.com\\\/wp-content\\\/uploads\\\/2021\\\/06\\\/1.png\",\"width\":800,\"height\":500},{\"@type\":\"BreadcrumbList\",\"@id\":\"https:\\\/\\\/hmizatexperts.com\\\/product\\\/aspirateur-de-points-noirs-nettoyeur-de-pores-visage-nez-beaute-du-visage\\\/#breadcrumb\",\"itemListElement\":[{\"@type\":\"ListItem\",\"position\":1,\"name\":\"Accueil\",\"item\":\"https:\\\/\\\/hmizatexperts.com\\\/\"},{\"@type\":\"ListItem\",\"position\":2,\"name\":\"Shop\",\"item\":\"https:\\\/\\\/hmizatexperts.com\\\/shop\\\/\"},{\"@type\":\"ListItem\",\"position\":3,\"name\":\"Aspirateur de points noirs, nettoyeur de pores, visage, nez\"}]},{\"@type\":\"WebSite\",\"@id\":\"https:\\\/\\\/hmizatexperts.com\\\/#website\",\"url\":\"https:\\\/\\\/hmizatexperts.com\\\/\",\"name\":\"Hmizate Expert\",\"description\":\"Nos offres aux meilleurs prix et qualit\u00e9\",\"publisher\":{\"@id\":\"https:\\\/\\\/hmizatexperts.com\\\/#organization\"},\"potentialAction\":[{\"@type\":\"SearchAction\",\"target\":{\"@type\":\"EntryPoint\",\"urlTemplate\":\"https:\\\/\\\/hmizatexperts.com\\\/?s={search_term_string}\"},\"query-input\":{\"@type\":\"PropertyValueSpecification\",\"valueRequired\":true,\"valueName\":\"search_term_string\"}}],\"inLanguage\":\"fr-FR\"},{\"@type\":\"Organization\",\"@id\":\"https:\\\/\\\/hmizatexperts.com\\\/#organization\",\"name\":\"Hmizate Expert\",\"url\":\"https:\\\/\\\/hmizatexperts.com\\\/\",\"logo\":{\"@type\":\"ImageObject\",\"inLanguage\":\"fr-FR\",\"@id\":\"https:\\\/\\\/hmizatexperts.com\\\/#\\\/schema\\\/logo\\\/image\\\/\",\"url\":\"https:\\\/\\\/hmizatexperts.com\\\/wp-content\\\/uploads\\\/2021\\\/05\\\/logo_HE2-removebg-preview.png\",\"contentUrl\":\"https:\\\/\\\/hmizatexperts.com\\\/wp-content\\\/uploads\\\/2021\\\/05\\\/logo_HE2-removebg-preview.png\",\"width\":800,\"height\":312,\"caption\":\"Hmizate Expert\"},\"image\":{\"@id\":\"https:\\\/\\\/hmizatexperts.com\\\/#\\\/schema\\\/logo\\\/image\\\/\"},\"sameAs\":[\"https:\\\/\\\/www.facebook.com\\\/hmizatexperts\",\"https:\\\/\\\/x.com\\\/ExpertsHmizate\"]}]}<\/script>\n<!-- \/ Yoast SEO Premium plugin. -->","yoast_head_json":{"title":"Aspirateur de points noirs, nettoyeur de pores, visage, nez - Hmizate Expert","description":"Prenez soin de votre peau avec cet aspirateur de points noirs : un outil efficace pour nettoyer les pores et r\u00e9v\u00e9ler une peau \u00e9clatante et saine.","robots":{"index":"index","follow":"follow","max-snippet":"max-snippet:-1","max-image-preview":"max-image-preview:large","max-video-preview":"max-video-preview:-1"},"canonical":"https:\/\/hmizatexperts.com\/fr_fr\/product\/aspirateur-de-points-noirs-nettoyeur-de-pores-visage-nez-beaute-du-visage\/","og_locale":"fr_FR","og_type":"article","og_title":"Aspirateur de points noirs, nettoyeur de pores, visage, nez","og_description":"Prenez soin de votre peau avec cet aspirateur de points noirs : un outil efficace pour nettoyer les pores et r\u00e9v\u00e9ler une peau \u00e9clatante et saine.","og_url":"https:\/\/hmizatexperts.com\/fr_fr\/product\/aspirateur-de-points-noirs-nettoyeur-de-pores-visage-nez-beaute-du-visage\/","og_site_name":"Hmizate Expert","article_publisher":"https:\/\/www.facebook.com\/hmizatexperts","article_modified_time":"2025-05-20T21:42:35+00:00","og_image":[{"width":800,"height":500,"url":"https:\/\/hmizatexperts.com\/wp-content\/uploads\/2021\/06\/1.png","type":"image\/png"}],"twitter_card":"summary_large_image","twitter_site":"@ExpertsHmizate","twitter_misc":{"Dur\u00e9e de lecture estim\u00e9e":"1 minute"},"schema":{"@context":"https:\/\/schema.org","@graph":[{"@type":"WebPage","@id":"https:\/\/hmizatexperts.com\/product\/aspirateur-de-points-noirs-nettoyeur-de-pores-visage-nez-beaute-du-visage\/","url":"https:\/\/hmizatexperts.com\/product\/aspirateur-de-points-noirs-nettoyeur-de-pores-visage-nez-beaute-du-visage\/","name":"Aspirateur de points noirs, nettoyeur de pores, visage, nez - Hmizate Expert","isPartOf":{"@id":"https:\/\/hmizatexperts.com\/#website"},"primaryImageOfPage":{"@id":"https:\/\/hmizatexperts.com\/product\/aspirateur-de-points-noirs-nettoyeur-de-pores-visage-nez-beaute-du-visage\/#primaryimage"},"image":{"@id":"https:\/\/hmizatexperts.com\/product\/aspirateur-de-points-noirs-nettoyeur-de-pores-visage-nez-beaute-du-visage\/#primaryimage"},"thumbnailUrl":"https:\/\/hmizatexperts.com\/wp-content\/uploads\/2021\/06\/1.png","datePublished":"2021-06-11T00:46:24+00:00","dateModified":"2025-05-20T21:42:35+00:00","description":"Prenez soin de votre peau avec cet aspirateur de points noirs : un outil efficace pour nettoyer les pores et r\u00e9v\u00e9ler une peau \u00e9clatante et saine.","breadcrumb":{"@id":"https:\/\/hmizatexperts.com\/product\/aspirateur-de-points-noirs-nettoyeur-de-pores-visage-nez-beaute-du-visage\/#breadcrumb"},"inLanguage":"fr-FR","potentialAction":[{"@type":"ReadAction","target":["https:\/\/hmizatexperts.com\/product\/aspirateur-de-points-noirs-nettoyeur-de-pores-visage-nez-beaute-du-visage\/"]}]},{"@type":"ImageObject","inLanguage":"fr-FR","@id":"https:\/\/hmizatexperts.com\/product\/aspirateur-de-points-noirs-nettoyeur-de-pores-visage-nez-beaute-du-visage\/#primaryimage","url":"https:\/\/hmizatexperts.com\/wp-content\/uploads\/2021\/06\/1.png","contentUrl":"https:\/\/hmizatexperts.com\/wp-content\/uploads\/2021\/06\/1.png","width":800,"height":500},{"@type":"BreadcrumbList","@id":"https:\/\/hmizatexperts.com\/product\/aspirateur-de-points-noirs-nettoyeur-de-pores-visage-nez-beaute-du-visage\/#breadcrumb","itemListElement":[{"@type":"ListItem","position":1,"name":"Accueil","item":"https:\/\/hmizatexperts.com\/"},{"@type":"ListItem","position":2,"name":"Shop","item":"https:\/\/hmizatexperts.com\/shop\/"},{"@type":"ListItem","position":3,"name":"Aspirateur de points noirs, nettoyeur de pores, visage, nez"}]},{"@type":"WebSite","@id":"https:\/\/hmizatexperts.com\/#website","url":"https:\/\/hmizatexperts.com\/","name":"Hmizate Expert","description":"Nos offres aux meilleurs prix et qualit\u00e9","publisher":{"@id":"https:\/\/hmizatexperts.com\/#organization"},"potentialAction":[{"@type":"SearchAction","target":{"@type":"EntryPoint","urlTemplate":"https:\/\/hmizatexperts.com\/?s={search_term_string}"},"query-input":{"@type":"PropertyValueSpecification","valueRequired":true,"valueName":"search_term_string"}}],"inLanguage":"fr-FR"},{"@type":"Organization","@id":"https:\/\/hmizatexperts.com\/#organization","name":"Hmizate Expert","url":"https:\/\/hmizatexperts.com\/","logo":{"@type":"ImageObject","inLanguage":"fr-FR","@id":"https:\/\/hmizatexperts.com\/#\/schema\/logo\/image\/","url":"https:\/\/hmizatexperts.com\/wp-content\/uploads\/2021\/05\/logo_HE2-removebg-preview.png","contentUrl":"https:\/\/hmizatexperts.com\/wp-content\/uploads\/2021\/05\/logo_HE2-removebg-preview.png","width":800,"height":312,"caption":"Hmizate Expert"},"image":{"@id":"https:\/\/hmizatexperts.com\/#\/schema\/logo\/image\/"},"sameAs":["https:\/\/www.facebook.com\/hmizatexperts","https:\/\/x.com\/ExpertsHmizate"]}]}},"_links":{"self":[{"href":"https:\/\/hmizatexperts.com\/fr_fr\/wp-json\/wp\/v2\/product\/749","targetHints":{"allow":["GET"]}}],"collection":[{"href":"https:\/\/hmizatexperts.com\/fr_fr\/wp-json\/wp\/v2\/product"}],"about":[{"href":"https:\/\/hmizatexperts.com\/fr_fr\/wp-json\/wp\/v2\/types\/product"}],"replies":[{"embeddable":true,"href":"https:\/\/hmizatexperts.com\/fr_fr\/wp-json\/wp\/v2\/comments?post=749"}],"wp:featuredmedia":[{"embeddable":true,"href":"https:\/\/hmizatexperts.com\/fr_fr\/wp-json\/wp\/v2\/media\/750"}],"wp:attachment":[{"href":"https:\/\/hmizatexperts.com\/fr_fr\/wp-json\/wp\/v2\/media?parent=749"}],"wp:term":[{"taxonomy":"product_brand","embeddable":true,"href":"https:\/\/hmizatexperts.com\/fr_fr\/wp-json\/wp\/v2\/product_brand?post=749"},{"taxonomy":"product_cat","embeddable":true,"href":"https:\/\/hmizatexperts.com\/fr_fr\/wp-json\/wp\/v2\/product_cat?post=749"},{"taxonomy":"product_tag","embeddable":true,"href":"https:\/\/hmizatexperts.com\/fr_fr\/wp-json\/wp\/v2\/product_tag?post=749"}],"curies":[{"name":"wp","href":"https:\/\/api.w.org\/{rel}","templated":true}]}}