{"id":764,"date":"2021-07-05T22:00:28","date_gmt":"2021-07-05T22:00:28","guid":{"rendered":"https:\/\/hmizatexperts.com\/?post_type=product&#038;p=764"},"modified":"2024-12-17T22:35:36","modified_gmt":"2024-12-17T21:35:36","slug":"tuyau-flexible-et-extensible-en-plastique","status":"publish","type":"product","link":"https:\/\/hmizatexperts.com\/fr_fr\/product\/tuyau-flexible-et-extensible-en-plastique\/","title":{"rendered":"Tuyau flexible et extensible en plastique"},"content":{"rendered":"<p><strong data-spm-anchor-id=\"a2g0o.detail.1000023.i0.205b1cc2GS4c3k\">Description:<\/strong><br \/>\nCe tuyau d&rsquo;arrosage est fabriqu\u00e9 dans un mat\u00e9riau flexible, ce qui le rend extr\u00eamement facile \u00e0 utiliser et satisfait \u00e0 vos besoins.<br \/>\nLe mat\u00e9riau l\u00e9ger le rend maniable et facile \u00e0 ranger une fois que vous avez termin\u00e9.<br \/>\nLa conception unique de ce tuyau l&#8217;emp\u00eache de se tordre, de se plier et de s&#8217;emm\u00ealer.<br \/>\nCe tuyau d&rsquo;arrosage pratique est incroyablement l\u00e9ger, flexible et facile \u00e0 utiliser.<br \/>\nIl commence \u00e0 2.5m et s&rsquo;\u00e9tend \u00e0 7.5m avec la pression de l&rsquo;eau, mais revient en quelques secondes \u00e0 2.5m apr\u00e8s la sortie de l&rsquo;eau.<\/p>\n<p style=\"text-align: center;\"><a href=\"https:\/\/hmizatexperts.com\/wp-content\/uploads\/2021\/07\/2.png\"><img loading=\"lazy\" decoding=\"async\" class=\"alignnone size-medium wp-image-766\" src=\"https:\/\/hmizatexperts.com\/wp-content\/uploads\/2021\/07\/2-300x169.png\" alt=\"\" width=\"300\" height=\"169\" srcset=\"https:\/\/hmizatexperts.com\/wp-content\/uploads\/2021\/07\/2-300x169.png 300w, https:\/\/hmizatexperts.com\/wp-content\/uploads\/2021\/07\/2-1024x576.png 1024w, https:\/\/hmizatexperts.com\/wp-content\/uploads\/2021\/07\/2-768x432.png 768w, https:\/\/hmizatexperts.com\/wp-content\/uploads\/2021\/07\/2-600x338.png 600w, https:\/\/hmizatexperts.com\/wp-content\/uploads\/2021\/07\/2.png 1280w\" sizes=\"auto, (max-width: 300px) 100vw, 300px\" \/><\/a><\/p>\n<p><strong>Sp\u00e9cification:<\/strong><br \/>\nType: ensemble de tuyaux d&rsquo;arrosage.<br \/>\nTaille: 15m, 22.5m, 30m.<br \/>\nCouleur: vert, bleu.<br \/>\nMat\u00e9riel: plastique.<\/p>\n<p><strong>Note:<\/strong><br \/>\nVeuillez vidanger l&rsquo;eau s\u00e8che apr\u00e8s utilisation et \u00e9viter l&rsquo;exposition au soleil.<br \/>\nIl pourrait y avoir une l\u00e9g\u00e8re distorsion des couleurs due aux diff\u00e9rentes r\u00e9solutions d&rsquo;ordinateur.<br \/>\nIl peut y avoir de l\u00e9g\u00e8res erreurs dues aux diff\u00e9rentes mesures de la main.<\/p>\n<p><a href=\"https:\/\/hmizatexperts.com\/wp-content\/uploads\/2021\/07\/4.png\"><img loading=\"lazy\" decoding=\"async\" class=\"size-medium wp-image-768 aligncenter\" src=\"https:\/\/hmizatexperts.com\/wp-content\/uploads\/2021\/07\/4-300x169.png\" alt=\"\" width=\"300\" height=\"169\" srcset=\"https:\/\/hmizatexperts.com\/wp-content\/uploads\/2021\/07\/4-300x169.png 300w, https:\/\/hmizatexperts.com\/wp-content\/uploads\/2021\/07\/4-1024x576.png 1024w, https:\/\/hmizatexperts.com\/wp-content\/uploads\/2021\/07\/4-768x432.png 768w, https:\/\/hmizatexperts.com\/wp-content\/uploads\/2021\/07\/4-600x338.png 600w, https:\/\/hmizatexperts.com\/wp-content\/uploads\/2021\/07\/4.png 1280w\" sizes=\"auto, (max-width: 300px) 100vw, 300px\" \/><\/a><\/p>\n<p><strong>Emballage inclus:<\/strong><br \/>\n1 * tuyau d&rsquo;arrosage.<br \/>\n2 * connecteur.<br \/>\n1 * pulv\u00e9risateur d&rsquo;eau.<br \/>\n1 * manuel d&rsquo;utilisation.<\/p>\n<p><a href=\"https:\/\/hmizatexperts.com\/wp-content\/uploads\/2022\/01\/\u062e\u062f\u0645\u0629-\u0627\u0644\u0632\u0628\u0627\u064a\u0654\u0646-1.png\"><img loading=\"lazy\" decoding=\"async\" class=\"size-medium wp-image-1455 aligncenter\" src=\"https:\/\/hmizatexperts.com\/wp-content\/uploads\/2022\/01\/\u062e\u062f\u0645\u0629-\u0627\u0644\u0632\u0628\u0627\u064a\u0654\u0646-1-300x71.png\" alt=\"\" width=\"300\" height=\"71\" srcset=\"https:\/\/hmizatexperts.com\/wp-content\/uploads\/2022\/01\/\u062e\u062f\u0645\u0629-\u0627\u0644\u0632\u0628\u0627\u064a\u0654\u0646-1-300x71.png 300w, https:\/\/hmizatexperts.com\/wp-content\/uploads\/2022\/01\/\u062e\u062f\u0645\u0629-\u0627\u0644\u0632\u0628\u0627\u064a\u0654\u0646-1-600x142.png 600w, https:\/\/hmizatexperts.com\/wp-content\/uploads\/2022\/01\/\u062e\u062f\u0645\u0629-\u0627\u0644\u0632\u0628\u0627\u064a\u0654\u0646-1.png 603w\" sizes=\"auto, (max-width: 300px) 100vw, 300px\" \/><\/a><\/p>\n","protected":false},"excerpt":{"rendered":"<p>Ce tuyau d&rsquo;arrosage est fabriqu\u00e9 dans un mat\u00e9riau flexible, ce qui le rend extr\u00eamement facile \u00e0 utiliser et satisfait \u00e0 vos besoins.<\/p>\n","protected":false},"featured_media":769,"comment_status":"open","ping_status":"closed","template":"","meta":[],"product_brand":[],"product_cat":[111,110,37],"product_tag":[],"class_list":{"0":"post-764","1":"product","2":"type-product","3":"status-publish","4":"has-post-thumbnail","6":"product_cat-bricolage-et-amelioration","7":"product_cat-exterieur-et-jardin","8":"product_cat-maison-cuisine","9":"pa_longueur-15-m","10":"pa_longueur-22-metre","11":"location-tout-le-maroc","12":"store-hmizate-experts","13":"entry panel","15":"first","16":"instock","17":"sale","18":"shipping-taxable","19":"purchasable","20":"product-type-variable","21":"has-default-attributes"},"ams_default_variation_id":1286,"ams_product_points_reward":[],"ams_product_discount_percentage":0,"ams_price_to_display":125,"ams_acf":[],"yoast_head":"<!-- This site is optimized with the Yoast SEO Premium plugin v26.6 (Yoast SEO v27.4) - https:\/\/yoast.com\/product\/yoast-seo-premium-wordpress\/ -->\n<title>Tuyau flexible et extensible en plastique - Hmizate Expert<\/title>\n<meta name=\"description\" content=\"Optez pour le tuyau flexible extensible en plastique : l\u00e9ger, durable et id\u00e9al pour simplifier l&#039;arrosage et les t\u00e2ches m\u00e9nag\u00e8res.\" \/>\n<meta name=\"robots\" content=\"index, follow, max-snippet:-1, max-image-preview:large, max-video-preview:-1\" \/>\n<link rel=\"canonical\" href=\"https:\/\/hmizatexperts.com\/fr_fr\/product\/tuyau-flexible-et-extensible-en-plastique\/\" \/>\n<meta property=\"og:locale\" content=\"fr_FR\" \/>\n<meta property=\"og:type\" content=\"article\" \/>\n<meta property=\"og:title\" content=\"Tuyau flexible et extensible en plastique\" \/>\n<meta property=\"og:description\" content=\"Optez pour le tuyau flexible extensible en plastique : l\u00e9ger, durable et id\u00e9al pour simplifier l&#039;arrosage et les t\u00e2ches m\u00e9nag\u00e8res.\" \/>\n<meta property=\"og:url\" content=\"https:\/\/hmizatexperts.com\/fr_fr\/product\/tuyau-flexible-et-extensible-en-plastique\/\" \/>\n<meta property=\"og:site_name\" content=\"Hmizate Expert\" \/>\n<meta property=\"article:publisher\" content=\"https:\/\/www.facebook.com\/hmizatexperts\" \/>\n<meta property=\"article:modified_time\" content=\"2024-12-17T21:35:36+00:00\" \/>\n<meta property=\"og:image\" content=\"https:\/\/hmizatexperts.com\/wp-content\/uploads\/2021\/07\/5.png\" \/>\n\t<meta property=\"og:image:width\" content=\"1280\" \/>\n\t<meta property=\"og:image:height\" content=\"720\" \/>\n\t<meta property=\"og:image:type\" content=\"image\/png\" \/>\n<meta name=\"twitter:card\" content=\"summary_large_image\" \/>\n<meta name=\"twitter:site\" content=\"@ExpertsHmizate\" \/>\n<meta name=\"twitter:label1\" content=\"Dur\u00e9e de lecture estim\u00e9e\" \/>\n\t<meta name=\"twitter:data1\" content=\"2 minutes\" \/>\n<script type=\"application\/ld+json\" class=\"yoast-schema-graph\">{\"@context\":\"https:\\\/\\\/schema.org\",\"@graph\":[{\"@type\":\"WebPage\",\"@id\":\"https:\\\/\\\/hmizatexperts.com\\\/product\\\/tuyau-flexible-et-extensible-en-plastique\\\/\",\"url\":\"https:\\\/\\\/hmizatexperts.com\\\/product\\\/tuyau-flexible-et-extensible-en-plastique\\\/\",\"name\":\"Tuyau flexible et extensible en plastique - Hmizate Expert\",\"isPartOf\":{\"@id\":\"https:\\\/\\\/hmizatexperts.com\\\/#website\"},\"primaryImageOfPage\":{\"@id\":\"https:\\\/\\\/hmizatexperts.com\\\/product\\\/tuyau-flexible-et-extensible-en-plastique\\\/#primaryimage\"},\"image\":{\"@id\":\"https:\\\/\\\/hmizatexperts.com\\\/product\\\/tuyau-flexible-et-extensible-en-plastique\\\/#primaryimage\"},\"thumbnailUrl\":\"https:\\\/\\\/hmizatexperts.com\\\/wp-content\\\/uploads\\\/2021\\\/07\\\/5.png\",\"datePublished\":\"2021-07-05T22:00:28+00:00\",\"dateModified\":\"2024-12-17T21:35:36+00:00\",\"description\":\"Optez pour le tuyau flexible extensible en plastique : l\u00e9ger, durable et id\u00e9al pour simplifier l'arrosage et les t\u00e2ches m\u00e9nag\u00e8res.\",\"breadcrumb\":{\"@id\":\"https:\\\/\\\/hmizatexperts.com\\\/product\\\/tuyau-flexible-et-extensible-en-plastique\\\/#breadcrumb\"},\"inLanguage\":\"fr-FR\",\"potentialAction\":[{\"@type\":\"ReadAction\",\"target\":[\"https:\\\/\\\/hmizatexperts.com\\\/product\\\/tuyau-flexible-et-extensible-en-plastique\\\/\"]}]},{\"@type\":\"ImageObject\",\"inLanguage\":\"fr-FR\",\"@id\":\"https:\\\/\\\/hmizatexperts.com\\\/product\\\/tuyau-flexible-et-extensible-en-plastique\\\/#primaryimage\",\"url\":\"https:\\\/\\\/hmizatexperts.com\\\/wp-content\\\/uploads\\\/2021\\\/07\\\/5.png\",\"contentUrl\":\"https:\\\/\\\/hmizatexperts.com\\\/wp-content\\\/uploads\\\/2021\\\/07\\\/5.png\",\"width\":1280,\"height\":720},{\"@type\":\"BreadcrumbList\",\"@id\":\"https:\\\/\\\/hmizatexperts.com\\\/product\\\/tuyau-flexible-et-extensible-en-plastique\\\/#breadcrumb\",\"itemListElement\":[{\"@type\":\"ListItem\",\"position\":1,\"name\":\"Accueil\",\"item\":\"https:\\\/\\\/hmizatexperts.com\\\/\"},{\"@type\":\"ListItem\",\"position\":2,\"name\":\"Shop\",\"item\":\"https:\\\/\\\/hmizatexperts.com\\\/shop\\\/\"},{\"@type\":\"ListItem\",\"position\":3,\"name\":\"Tuyau flexible et extensible en plastique\"}]},{\"@type\":\"WebSite\",\"@id\":\"https:\\\/\\\/hmizatexperts.com\\\/#website\",\"url\":\"https:\\\/\\\/hmizatexperts.com\\\/\",\"name\":\"Hmizate Expert\",\"description\":\"Nos offres aux meilleurs prix et qualit\u00e9\",\"publisher\":{\"@id\":\"https:\\\/\\\/hmizatexperts.com\\\/#organization\"},\"potentialAction\":[{\"@type\":\"SearchAction\",\"target\":{\"@type\":\"EntryPoint\",\"urlTemplate\":\"https:\\\/\\\/hmizatexperts.com\\\/?s={search_term_string}\"},\"query-input\":{\"@type\":\"PropertyValueSpecification\",\"valueRequired\":true,\"valueName\":\"search_term_string\"}}],\"inLanguage\":\"fr-FR\"},{\"@type\":\"Organization\",\"@id\":\"https:\\\/\\\/hmizatexperts.com\\\/#organization\",\"name\":\"Hmizate Expert\",\"url\":\"https:\\\/\\\/hmizatexperts.com\\\/\",\"logo\":{\"@type\":\"ImageObject\",\"inLanguage\":\"fr-FR\",\"@id\":\"https:\\\/\\\/hmizatexperts.com\\\/#\\\/schema\\\/logo\\\/image\\\/\",\"url\":\"https:\\\/\\\/hmizatexperts.com\\\/wp-content\\\/uploads\\\/2021\\\/05\\\/logo_HE2-removebg-preview.png\",\"contentUrl\":\"https:\\\/\\\/hmizatexperts.com\\\/wp-content\\\/uploads\\\/2021\\\/05\\\/logo_HE2-removebg-preview.png\",\"width\":800,\"height\":312,\"caption\":\"Hmizate Expert\"},\"image\":{\"@id\":\"https:\\\/\\\/hmizatexperts.com\\\/#\\\/schema\\\/logo\\\/image\\\/\"},\"sameAs\":[\"https:\\\/\\\/www.facebook.com\\\/hmizatexperts\",\"https:\\\/\\\/x.com\\\/ExpertsHmizate\"]}]}<\/script>\n<!-- \/ Yoast SEO Premium plugin. -->","yoast_head_json":{"title":"Tuyau flexible et extensible en plastique - Hmizate Expert","description":"Optez pour le tuyau flexible extensible en plastique : l\u00e9ger, durable et id\u00e9al pour simplifier l'arrosage et les t\u00e2ches m\u00e9nag\u00e8res.","robots":{"index":"index","follow":"follow","max-snippet":"max-snippet:-1","max-image-preview":"max-image-preview:large","max-video-preview":"max-video-preview:-1"},"canonical":"https:\/\/hmizatexperts.com\/fr_fr\/product\/tuyau-flexible-et-extensible-en-plastique\/","og_locale":"fr_FR","og_type":"article","og_title":"Tuyau flexible et extensible en plastique","og_description":"Optez pour le tuyau flexible extensible en plastique : l\u00e9ger, durable et id\u00e9al pour simplifier l'arrosage et les t\u00e2ches m\u00e9nag\u00e8res.","og_url":"https:\/\/hmizatexperts.com\/fr_fr\/product\/tuyau-flexible-et-extensible-en-plastique\/","og_site_name":"Hmizate Expert","article_publisher":"https:\/\/www.facebook.com\/hmizatexperts","article_modified_time":"2024-12-17T21:35:36+00:00","og_image":[{"width":1280,"height":720,"url":"https:\/\/hmizatexperts.com\/wp-content\/uploads\/2021\/07\/5.png","type":"image\/png"}],"twitter_card":"summary_large_image","twitter_site":"@ExpertsHmizate","twitter_misc":{"Dur\u00e9e de lecture estim\u00e9e":"2 minutes"},"schema":{"@context":"https:\/\/schema.org","@graph":[{"@type":"WebPage","@id":"https:\/\/hmizatexperts.com\/product\/tuyau-flexible-et-extensible-en-plastique\/","url":"https:\/\/hmizatexperts.com\/product\/tuyau-flexible-et-extensible-en-plastique\/","name":"Tuyau flexible et extensible en plastique - Hmizate Expert","isPartOf":{"@id":"https:\/\/hmizatexperts.com\/#website"},"primaryImageOfPage":{"@id":"https:\/\/hmizatexperts.com\/product\/tuyau-flexible-et-extensible-en-plastique\/#primaryimage"},"image":{"@id":"https:\/\/hmizatexperts.com\/product\/tuyau-flexible-et-extensible-en-plastique\/#primaryimage"},"thumbnailUrl":"https:\/\/hmizatexperts.com\/wp-content\/uploads\/2021\/07\/5.png","datePublished":"2021-07-05T22:00:28+00:00","dateModified":"2024-12-17T21:35:36+00:00","description":"Optez pour le tuyau flexible extensible en plastique : l\u00e9ger, durable et id\u00e9al pour simplifier l'arrosage et les t\u00e2ches m\u00e9nag\u00e8res.","breadcrumb":{"@id":"https:\/\/hmizatexperts.com\/product\/tuyau-flexible-et-extensible-en-plastique\/#breadcrumb"},"inLanguage":"fr-FR","potentialAction":[{"@type":"ReadAction","target":["https:\/\/hmizatexperts.com\/product\/tuyau-flexible-et-extensible-en-plastique\/"]}]},{"@type":"ImageObject","inLanguage":"fr-FR","@id":"https:\/\/hmizatexperts.com\/product\/tuyau-flexible-et-extensible-en-plastique\/#primaryimage","url":"https:\/\/hmizatexperts.com\/wp-content\/uploads\/2021\/07\/5.png","contentUrl":"https:\/\/hmizatexperts.com\/wp-content\/uploads\/2021\/07\/5.png","width":1280,"height":720},{"@type":"BreadcrumbList","@id":"https:\/\/hmizatexperts.com\/product\/tuyau-flexible-et-extensible-en-plastique\/#breadcrumb","itemListElement":[{"@type":"ListItem","position":1,"name":"Accueil","item":"https:\/\/hmizatexperts.com\/"},{"@type":"ListItem","position":2,"name":"Shop","item":"https:\/\/hmizatexperts.com\/shop\/"},{"@type":"ListItem","position":3,"name":"Tuyau flexible et extensible en plastique"}]},{"@type":"WebSite","@id":"https:\/\/hmizatexperts.com\/#website","url":"https:\/\/hmizatexperts.com\/","name":"Hmizate Expert","description":"Nos offres aux meilleurs prix et qualit\u00e9","publisher":{"@id":"https:\/\/hmizatexperts.com\/#organization"},"potentialAction":[{"@type":"SearchAction","target":{"@type":"EntryPoint","urlTemplate":"https:\/\/hmizatexperts.com\/?s={search_term_string}"},"query-input":{"@type":"PropertyValueSpecification","valueRequired":true,"valueName":"search_term_string"}}],"inLanguage":"fr-FR"},{"@type":"Organization","@id":"https:\/\/hmizatexperts.com\/#organization","name":"Hmizate Expert","url":"https:\/\/hmizatexperts.com\/","logo":{"@type":"ImageObject","inLanguage":"fr-FR","@id":"https:\/\/hmizatexperts.com\/#\/schema\/logo\/image\/","url":"https:\/\/hmizatexperts.com\/wp-content\/uploads\/2021\/05\/logo_HE2-removebg-preview.png","contentUrl":"https:\/\/hmizatexperts.com\/wp-content\/uploads\/2021\/05\/logo_HE2-removebg-preview.png","width":800,"height":312,"caption":"Hmizate Expert"},"image":{"@id":"https:\/\/hmizatexperts.com\/#\/schema\/logo\/image\/"},"sameAs":["https:\/\/www.facebook.com\/hmizatexperts","https:\/\/x.com\/ExpertsHmizate"]}]}},"_links":{"self":[{"href":"https:\/\/hmizatexperts.com\/fr_fr\/wp-json\/wp\/v2\/product\/764","targetHints":{"allow":["GET"]}}],"collection":[{"href":"https:\/\/hmizatexperts.com\/fr_fr\/wp-json\/wp\/v2\/product"}],"about":[{"href":"https:\/\/hmizatexperts.com\/fr_fr\/wp-json\/wp\/v2\/types\/product"}],"replies":[{"embeddable":true,"href":"https:\/\/hmizatexperts.com\/fr_fr\/wp-json\/wp\/v2\/comments?post=764"}],"wp:featuredmedia":[{"embeddable":true,"href":"https:\/\/hmizatexperts.com\/fr_fr\/wp-json\/wp\/v2\/media\/769"}],"wp:attachment":[{"href":"https:\/\/hmizatexperts.com\/fr_fr\/wp-json\/wp\/v2\/media?parent=764"}],"wp:term":[{"taxonomy":"product_brand","embeddable":true,"href":"https:\/\/hmizatexperts.com\/fr_fr\/wp-json\/wp\/v2\/product_brand?post=764"},{"taxonomy":"product_cat","embeddable":true,"href":"https:\/\/hmizatexperts.com\/fr_fr\/wp-json\/wp\/v2\/product_cat?post=764"},{"taxonomy":"product_tag","embeddable":true,"href":"https:\/\/hmizatexperts.com\/fr_fr\/wp-json\/wp\/v2\/product_tag?post=764"}],"curies":[{"name":"wp","href":"https:\/\/api.w.org\/{rel}","templated":true}]}}