{"id":825,"date":"2021-08-21T00:02:42","date_gmt":"2021-08-21T00:02:42","guid":{"rendered":"https:\/\/hmizatexperts.com\/?post_type=product&#038;p=825"},"modified":"2024-12-24T11:28:26","modified_gmt":"2024-12-24T10:28:26","slug":"distributeur-de-savon-et-gel-sans-contact","status":"publish","type":"product","link":"https:\/\/hmizatexperts.com\/fr_fr\/product\/distributeur-de-savon-et-gel-sans-contact\/","title":{"rendered":"Distributeur de savon et gel sans contact"},"content":{"rendered":"<p>Utilisez la technologie infrarouge avanc\u00e9e de capteur corporel<br \/>\nFluide d&rsquo;induction automatique du personnel, pour \u00e9viter la deuxi\u00e8me infection;<br \/>\nFonction vocale musicale unique, de sorte que les parents supervisent plus facilement leurs enfants, que ce soit le lavage des mains ou le nettoyage<br \/>\n\u00e9conomies d&rsquo;\u00e9nergie, piles alcalines peuvent \u00eatre utilis\u00e9es environ 3 mois. La conception des formes est un bijou de qualit\u00e9 pour la maison;<br \/>\nUtilisant une vari\u00e9t\u00e9 de liquide, lotion, shampoing, gel douche, agents de nettoyage, savon, etc.<br \/>\nConvient aux salles de bain, cuisines, h\u00f4pitaux, h\u00f4tels, coiffeur, bureau et autres lieux.<\/p>\n<p>S&rsquo;il vous pla\u00eet \u00e9teignez l&rsquo;interrupteur d&rsquo;alimentation et retirez la pile alcaline Si vous n&rsquo;utilisez pas la machine pendant une longue p\u00e9riode.<\/p>\n<p>1. soap Magic est con\u00e7u pour distribuer norme savons liquides et d\u00e9sinfectants uniquement. Mousse de savon, savons\/d\u00e9sinfectants avec granuals et des cr\u00e8mes et lotions ne fonctionne pas dans le distributeur.<br \/>\n2.Ne jetez pas le savon magique avec de l&rsquo;eau, sinon il va endommager le produit.<br \/>\n3. Veuillez \u00e9teindre l&rsquo;interrupteur d&rsquo;alimentation et retirez la pile alcaline si vous n&rsquo;utilisez pas la machine pendant une longue p\u00e9riode.<br \/>\n4. Veuillez ajouter hydro-alcoolique lorsque le niveau de liquide est faible, sinon d\u00e9sinfectant ne coule pas correctement<\/p>\n<h3 class=\"hdr -upp -fs14 -m -pam\">PRINCIPALES CARACT\u00c9RISTIQUES<\/h3>\n<div class=\"markup -pam\">\n<ul>\n<li>Tension d&rsquo;entr\u00e9e\u202f: dc6 V<\/li>\n<li>Alimentation\u202f: 4 * AAA piles alcalines (dc6 V)<\/li>\n<li>Capacit\u00e9\u202f: 400 ml (max), 40 ml (min)<\/li>\n<li>Poids\u202f: 400 g\u00a0La quantit\u00e9 de liquide est d&rsquo;environ 1 ml chaque fois<\/li>\n<\/ul>\n<\/div>\n","protected":false},"excerpt":{"rendered":"<p>Utilisez la technologie infrarouge avanc\u00e9e de capteur corporel<\/p>\n","protected":false},"featured_media":830,"comment_status":"open","ping_status":"closed","template":"","meta":[],"product_brand":[],"product_cat":[109,37],"product_tag":[],"class_list":{"0":"post-825","1":"product","2":"type-product","3":"status-publish","4":"has-post-thumbnail","6":"product_cat-entretien-et-nettoyage","7":"product_cat-maison-cuisine","8":"location-tout-le-maroc","9":"store-hmizate-experts","10":"entry panel","12":"first","13":"instock","14":"sale","15":"shipping-taxable","16":"purchasable","17":"product-type-simple"},"ams_default_variation_id":0,"ams_product_points_reward":[],"ams_product_discount_percentage":7.41,"ams_price_to_display":150,"ams_acf":[],"yoast_head":"<!-- This site is optimized with the Yoast SEO Premium plugin v26.6 (Yoast SEO v27.6) - https:\/\/yoast.com\/product\/yoast-seo-premium-wordpress\/ -->\n<title>Distributeur de savon et gel sans contact - Hmizate Expert<\/title>\n<meta name=\"description\" content=\"Utilisant une vari\u00e9t\u00e9 de liquide, lotion, shampoing, gel douche, agents de nettoyage, savon, etc.Convient aux salles de bain, cuisines, h\u00f4pitaux\" \/>\n<meta name=\"robots\" content=\"index, follow, max-snippet:-1, max-image-preview:large, max-video-preview:-1\" \/>\n<link rel=\"canonical\" href=\"https:\/\/hmizatexperts.com\/fr_fr\/product\/distributeur-de-savon-et-gel-sans-contact\/\" \/>\n<meta property=\"og:locale\" content=\"fr_FR\" \/>\n<meta property=\"og:type\" content=\"article\" \/>\n<meta property=\"og:title\" content=\"Distributeur de savon et gel sans contact\" \/>\n<meta property=\"og:description\" content=\"Utilisant une vari\u00e9t\u00e9 de liquide, lotion, shampoing, gel douche, agents de nettoyage, savon, etc.Convient aux salles de bain, cuisines, h\u00f4pitaux\" \/>\n<meta property=\"og:url\" content=\"https:\/\/hmizatexperts.com\/fr_fr\/product\/distributeur-de-savon-et-gel-sans-contact\/\" \/>\n<meta property=\"og:site_name\" content=\"Hmizate Expert\" \/>\n<meta property=\"article:publisher\" content=\"https:\/\/www.facebook.com\/hmizatexperts\" \/>\n<meta property=\"article:modified_time\" content=\"2024-12-24T10:28:26+00:00\" \/>\n<meta property=\"og:image\" content=\"https:\/\/hmizatexperts.com\/wp-content\/uploads\/2021\/08\/1-3.jpg\" \/>\n\t<meta property=\"og:image:width\" content=\"1280\" \/>\n\t<meta property=\"og:image:height\" content=\"720\" \/>\n\t<meta property=\"og:image:type\" content=\"image\/jpeg\" \/>\n<meta name=\"twitter:card\" content=\"summary_large_image\" \/>\n<meta name=\"twitter:site\" content=\"@ExpertsHmizate\" \/>\n<meta name=\"twitter:label1\" content=\"Dur\u00e9e de lecture estim\u00e9e\" \/>\n\t<meta name=\"twitter:data1\" content=\"2 minutes\" \/>\n<script type=\"application\/ld+json\" class=\"yoast-schema-graph\">{\"@context\":\"https:\\\/\\\/schema.org\",\"@graph\":[{\"@type\":\"WebPage\",\"@id\":\"https:\\\/\\\/hmizatexperts.com\\\/product\\\/distributeur-de-savon-et-gel-sans-contact\\\/\",\"url\":\"https:\\\/\\\/hmizatexperts.com\\\/product\\\/distributeur-de-savon-et-gel-sans-contact\\\/\",\"name\":\"Distributeur de savon et gel sans contact - Hmizate Expert\",\"isPartOf\":{\"@id\":\"https:\\\/\\\/hmizatexperts.com\\\/#website\"},\"primaryImageOfPage\":{\"@id\":\"https:\\\/\\\/hmizatexperts.com\\\/product\\\/distributeur-de-savon-et-gel-sans-contact\\\/#primaryimage\"},\"image\":{\"@id\":\"https:\\\/\\\/hmizatexperts.com\\\/product\\\/distributeur-de-savon-et-gel-sans-contact\\\/#primaryimage\"},\"thumbnailUrl\":\"https:\\\/\\\/hmizatexperts.com\\\/wp-content\\\/uploads\\\/2021\\\/08\\\/1-3.jpg\",\"datePublished\":\"2021-08-21T00:02:42+00:00\",\"dateModified\":\"2024-12-24T10:28:26+00:00\",\"description\":\"Utilisant une vari\u00e9t\u00e9 de liquide, lotion, shampoing, gel douche, agents de nettoyage, savon, etc.Convient aux salles de bain, cuisines, h\u00f4pitaux\",\"breadcrumb\":{\"@id\":\"https:\\\/\\\/hmizatexperts.com\\\/product\\\/distributeur-de-savon-et-gel-sans-contact\\\/#breadcrumb\"},\"inLanguage\":\"fr-FR\",\"potentialAction\":[{\"@type\":\"ReadAction\",\"target\":[\"https:\\\/\\\/hmizatexperts.com\\\/product\\\/distributeur-de-savon-et-gel-sans-contact\\\/\"]}]},{\"@type\":\"ImageObject\",\"inLanguage\":\"fr-FR\",\"@id\":\"https:\\\/\\\/hmizatexperts.com\\\/product\\\/distributeur-de-savon-et-gel-sans-contact\\\/#primaryimage\",\"url\":\"https:\\\/\\\/hmizatexperts.com\\\/wp-content\\\/uploads\\\/2021\\\/08\\\/1-3.jpg\",\"contentUrl\":\"https:\\\/\\\/hmizatexperts.com\\\/wp-content\\\/uploads\\\/2021\\\/08\\\/1-3.jpg\",\"width\":1280,\"height\":720},{\"@type\":\"BreadcrumbList\",\"@id\":\"https:\\\/\\\/hmizatexperts.com\\\/product\\\/distributeur-de-savon-et-gel-sans-contact\\\/#breadcrumb\",\"itemListElement\":[{\"@type\":\"ListItem\",\"position\":1,\"name\":\"Accueil\",\"item\":\"https:\\\/\\\/hmizatexperts.com\\\/\"},{\"@type\":\"ListItem\",\"position\":2,\"name\":\"Shop\",\"item\":\"https:\\\/\\\/hmizatexperts.com\\\/shop\\\/\"},{\"@type\":\"ListItem\",\"position\":3,\"name\":\"Distributeur de savon et gel sans contact\"}]},{\"@type\":\"WebSite\",\"@id\":\"https:\\\/\\\/hmizatexperts.com\\\/#website\",\"url\":\"https:\\\/\\\/hmizatexperts.com\\\/\",\"name\":\"Hmizate Expert\",\"description\":\"Nos offres aux meilleurs prix et qualit\u00e9\",\"publisher\":{\"@id\":\"https:\\\/\\\/hmizatexperts.com\\\/#organization\"},\"potentialAction\":[{\"@type\":\"SearchAction\",\"target\":{\"@type\":\"EntryPoint\",\"urlTemplate\":\"https:\\\/\\\/hmizatexperts.com\\\/?s={search_term_string}\"},\"query-input\":{\"@type\":\"PropertyValueSpecification\",\"valueRequired\":true,\"valueName\":\"search_term_string\"}}],\"inLanguage\":\"fr-FR\"},{\"@type\":\"Organization\",\"@id\":\"https:\\\/\\\/hmizatexperts.com\\\/#organization\",\"name\":\"Hmizate Expert\",\"url\":\"https:\\\/\\\/hmizatexperts.com\\\/\",\"logo\":{\"@type\":\"ImageObject\",\"inLanguage\":\"fr-FR\",\"@id\":\"https:\\\/\\\/hmizatexperts.com\\\/#\\\/schema\\\/logo\\\/image\\\/\",\"url\":\"https:\\\/\\\/hmizatexperts.com\\\/wp-content\\\/uploads\\\/2021\\\/05\\\/logo_HE2-removebg-preview.png\",\"contentUrl\":\"https:\\\/\\\/hmizatexperts.com\\\/wp-content\\\/uploads\\\/2021\\\/05\\\/logo_HE2-removebg-preview.png\",\"width\":800,\"height\":312,\"caption\":\"Hmizate Expert\"},\"image\":{\"@id\":\"https:\\\/\\\/hmizatexperts.com\\\/#\\\/schema\\\/logo\\\/image\\\/\"},\"sameAs\":[\"https:\\\/\\\/www.facebook.com\\\/hmizatexperts\",\"https:\\\/\\\/x.com\\\/ExpertsHmizate\"]}]}<\/script>\n<!-- \/ Yoast SEO Premium plugin. -->","yoast_head_json":{"title":"Distributeur de savon et gel sans contact - Hmizate Expert","description":"Utilisant une vari\u00e9t\u00e9 de liquide, lotion, shampoing, gel douche, agents de nettoyage, savon, etc.Convient aux salles de bain, cuisines, h\u00f4pitaux","robots":{"index":"index","follow":"follow","max-snippet":"max-snippet:-1","max-image-preview":"max-image-preview:large","max-video-preview":"max-video-preview:-1"},"canonical":"https:\/\/hmizatexperts.com\/fr_fr\/product\/distributeur-de-savon-et-gel-sans-contact\/","og_locale":"fr_FR","og_type":"article","og_title":"Distributeur de savon et gel sans contact","og_description":"Utilisant une vari\u00e9t\u00e9 de liquide, lotion, shampoing, gel douche, agents de nettoyage, savon, etc.Convient aux salles de bain, cuisines, h\u00f4pitaux","og_url":"https:\/\/hmizatexperts.com\/fr_fr\/product\/distributeur-de-savon-et-gel-sans-contact\/","og_site_name":"Hmizate Expert","article_publisher":"https:\/\/www.facebook.com\/hmizatexperts","article_modified_time":"2024-12-24T10:28:26+00:00","og_image":[{"width":1280,"height":720,"url":"https:\/\/hmizatexperts.com\/wp-content\/uploads\/2021\/08\/1-3.jpg","type":"image\/jpeg"}],"twitter_card":"summary_large_image","twitter_site":"@ExpertsHmizate","twitter_misc":{"Dur\u00e9e de lecture estim\u00e9e":"2 minutes"},"schema":{"@context":"https:\/\/schema.org","@graph":[{"@type":"WebPage","@id":"https:\/\/hmizatexperts.com\/product\/distributeur-de-savon-et-gel-sans-contact\/","url":"https:\/\/hmizatexperts.com\/product\/distributeur-de-savon-et-gel-sans-contact\/","name":"Distributeur de savon et gel sans contact - Hmizate Expert","isPartOf":{"@id":"https:\/\/hmizatexperts.com\/#website"},"primaryImageOfPage":{"@id":"https:\/\/hmizatexperts.com\/product\/distributeur-de-savon-et-gel-sans-contact\/#primaryimage"},"image":{"@id":"https:\/\/hmizatexperts.com\/product\/distributeur-de-savon-et-gel-sans-contact\/#primaryimage"},"thumbnailUrl":"https:\/\/hmizatexperts.com\/wp-content\/uploads\/2021\/08\/1-3.jpg","datePublished":"2021-08-21T00:02:42+00:00","dateModified":"2024-12-24T10:28:26+00:00","description":"Utilisant une vari\u00e9t\u00e9 de liquide, lotion, shampoing, gel douche, agents de nettoyage, savon, etc.Convient aux salles de bain, cuisines, h\u00f4pitaux","breadcrumb":{"@id":"https:\/\/hmizatexperts.com\/product\/distributeur-de-savon-et-gel-sans-contact\/#breadcrumb"},"inLanguage":"fr-FR","potentialAction":[{"@type":"ReadAction","target":["https:\/\/hmizatexperts.com\/product\/distributeur-de-savon-et-gel-sans-contact\/"]}]},{"@type":"ImageObject","inLanguage":"fr-FR","@id":"https:\/\/hmizatexperts.com\/product\/distributeur-de-savon-et-gel-sans-contact\/#primaryimage","url":"https:\/\/hmizatexperts.com\/wp-content\/uploads\/2021\/08\/1-3.jpg","contentUrl":"https:\/\/hmizatexperts.com\/wp-content\/uploads\/2021\/08\/1-3.jpg","width":1280,"height":720},{"@type":"BreadcrumbList","@id":"https:\/\/hmizatexperts.com\/product\/distributeur-de-savon-et-gel-sans-contact\/#breadcrumb","itemListElement":[{"@type":"ListItem","position":1,"name":"Accueil","item":"https:\/\/hmizatexperts.com\/"},{"@type":"ListItem","position":2,"name":"Shop","item":"https:\/\/hmizatexperts.com\/shop\/"},{"@type":"ListItem","position":3,"name":"Distributeur de savon et gel sans contact"}]},{"@type":"WebSite","@id":"https:\/\/hmizatexperts.com\/#website","url":"https:\/\/hmizatexperts.com\/","name":"Hmizate Expert","description":"Nos offres aux meilleurs prix et qualit\u00e9","publisher":{"@id":"https:\/\/hmizatexperts.com\/#organization"},"potentialAction":[{"@type":"SearchAction","target":{"@type":"EntryPoint","urlTemplate":"https:\/\/hmizatexperts.com\/?s={search_term_string}"},"query-input":{"@type":"PropertyValueSpecification","valueRequired":true,"valueName":"search_term_string"}}],"inLanguage":"fr-FR"},{"@type":"Organization","@id":"https:\/\/hmizatexperts.com\/#organization","name":"Hmizate Expert","url":"https:\/\/hmizatexperts.com\/","logo":{"@type":"ImageObject","inLanguage":"fr-FR","@id":"https:\/\/hmizatexperts.com\/#\/schema\/logo\/image\/","url":"https:\/\/hmizatexperts.com\/wp-content\/uploads\/2021\/05\/logo_HE2-removebg-preview.png","contentUrl":"https:\/\/hmizatexperts.com\/wp-content\/uploads\/2021\/05\/logo_HE2-removebg-preview.png","width":800,"height":312,"caption":"Hmizate Expert"},"image":{"@id":"https:\/\/hmizatexperts.com\/#\/schema\/logo\/image\/"},"sameAs":["https:\/\/www.facebook.com\/hmizatexperts","https:\/\/x.com\/ExpertsHmizate"]}]}},"_links":{"self":[{"href":"https:\/\/hmizatexperts.com\/fr_fr\/wp-json\/wp\/v2\/product\/825","targetHints":{"allow":["GET"]}}],"collection":[{"href":"https:\/\/hmizatexperts.com\/fr_fr\/wp-json\/wp\/v2\/product"}],"about":[{"href":"https:\/\/hmizatexperts.com\/fr_fr\/wp-json\/wp\/v2\/types\/product"}],"replies":[{"embeddable":true,"href":"https:\/\/hmizatexperts.com\/fr_fr\/wp-json\/wp\/v2\/comments?post=825"}],"wp:featuredmedia":[{"embeddable":true,"href":"https:\/\/hmizatexperts.com\/fr_fr\/wp-json\/wp\/v2\/media\/830"}],"wp:attachment":[{"href":"https:\/\/hmizatexperts.com\/fr_fr\/wp-json\/wp\/v2\/media?parent=825"}],"wp:term":[{"taxonomy":"product_brand","embeddable":true,"href":"https:\/\/hmizatexperts.com\/fr_fr\/wp-json\/wp\/v2\/product_brand?post=825"},{"taxonomy":"product_cat","embeddable":true,"href":"https:\/\/hmizatexperts.com\/fr_fr\/wp-json\/wp\/v2\/product_cat?post=825"},{"taxonomy":"product_tag","embeddable":true,"href":"https:\/\/hmizatexperts.com\/fr_fr\/wp-json\/wp\/v2\/product_tag?post=825"}],"curies":[{"name":"wp","href":"https:\/\/api.w.org\/{rel}","templated":true}]}}