{"id":837,"date":"2021-08-21T00:53:20","date_gmt":"2021-08-21T00:53:20","guid":{"rendered":"https:\/\/hmizatexperts.com\/?post_type=product&#038;p=837"},"modified":"2024-12-17T18:56:56","modified_gmt":"2024-12-17T17:56:56","slug":"t8-laptop-table-de-pc-portables-avec-deux-ventilateurs","status":"publish","type":"product","link":"https:\/\/hmizatexperts.com\/fr_fr\/product\/t8-laptop-table-de-pc-portables-avec-deux-ventilateurs\/","title":{"rendered":"T8 laptop table de pc portables avec deux ventilateurs"},"content":{"rendered":"<p>Table d&rsquo;ordinateur\u00a0 portable multifonctions T8 ajustable sur plusieurs mode, muni de 2 ventilateurs d&rsquo;alliage d&rsquo;aluminium USB.<br \/>\nFacile \u00e0 \u00eatre adapt\u00e9 \u00e0 votre position d&rsquo;assise pour travailler confortablement Table relativement l\u00e9g\u00e8re, fortes avec un design compact parfait.<\/p>\n<p>Conception de joint Auto-lock, le joint sp\u00e9cial peut \u00eatre ajust\u00e9 aux angles variables et pour s&rsquo;adapter \u00e0 toutes vos positions pr\u00e9f\u00e9r\u00e9es.Il permet l&rsquo;usage de votre PC dans le meilleur confort.<br \/>\nid\u00e9al pour votre ordinateur portable dans le canap\u00e9 ou le lit&#8230;<br \/>\nInclinable grace a ses boutons charnieres.<br \/>\nJoints r\u00e9glables \u00e0 verrouillage automatique avec la rotation de 360 degr\u00e9s.<br \/>\nPieds en aluminium et table en plastique pour une table ultra-l\u00e9g\u00e8re.<br \/>\nMultifonction: peut \u00e9galement servir de support de lecture, \u00e9criture, plateau repas.<br \/>\nDeux ventilateurs robustes et silencieux roulement hydro-dynamique aliment\u00e9s par port USB.<\/p>\n<p><a href=\"https:\/\/hmizatexperts.com\/wp-content\/uploads\/2021\/08\/3-5.jpg\"><img loading=\"lazy\" decoding=\"async\" class=\"size-medium wp-image-840 aligncenter\" src=\"https:\/\/hmizatexperts.com\/wp-content\/uploads\/2021\/08\/3-5-300x169.jpg\" alt=\"\" width=\"300\" height=\"169\" srcset=\"https:\/\/hmizatexperts.com\/wp-content\/uploads\/2021\/08\/3-5-300x169.jpg 300w, https:\/\/hmizatexperts.com\/wp-content\/uploads\/2021\/08\/3-5-1024x576.jpg 1024w, https:\/\/hmizatexperts.com\/wp-content\/uploads\/2021\/08\/3-5-768x432.jpg 768w, https:\/\/hmizatexperts.com\/wp-content\/uploads\/2021\/08\/3-5-600x338.jpg 600w, https:\/\/hmizatexperts.com\/wp-content\/uploads\/2021\/08\/3-5.jpg 1280w\" sizes=\"auto, (max-width: 300px) 100vw, 300px\" \/><\/a><\/p>\n<h3 class=\"hdr -upp -fs14 -m -pam\">PRINCIPALES CARACT\u00c9RISTIQUES<\/h3>\n<div class=\"markup -pam\">\n<ul>\n<li>Table Portable et pliable.<\/li>\n<li>L\u00e9ger pour transporter facilement et parfait au voyager.<\/li>\n<li>Muni de deux ventilateurs USB de refroidissement pour refroidir le dessous de votre Laptope.<\/li>\n<li>Fait par l&rsquo;alliage d&rsquo;aluminium.<\/li>\n<li>Adaptable \u00e0 toutes vos positions pr\u00e9f\u00e9r\u00e9es: lit, canap\u00e9, bureau, tapis, pelouse.<\/li>\n<li>Conception cr\u00e9ative, aide \u00e0 l&rsquo;organisation et l&rsquo;optimisation de votre espace de travail.<\/li>\n<li>Dimensions du panneau\u202f: 48 x 26 cm<\/li>\n<li>Dimensions pli\u00e9\u202f: 60 x 26 x 5,1 cm<\/li>\n<\/ul>\n<p><a href=\"https:\/\/hmizatexperts.com\/wp-content\/uploads\/2022\/01\/\u062e\u062f\u0645\u0629-\u0627\u0644\u0632\u0628\u0627\u064a\u0654\u0646-1.png\"><img loading=\"lazy\" decoding=\"async\" class=\"size-medium wp-image-1455 aligncenter\" src=\"https:\/\/hmizatexperts.com\/wp-content\/uploads\/2022\/01\/\u062e\u062f\u0645\u0629-\u0627\u0644\u0632\u0628\u0627\u064a\u0654\u0646-1-300x71.png\" alt=\"\" width=\"300\" height=\"71\" srcset=\"https:\/\/hmizatexperts.com\/wp-content\/uploads\/2022\/01\/\u062e\u062f\u0645\u0629-\u0627\u0644\u0632\u0628\u0627\u064a\u0654\u0646-1-300x71.png 300w, https:\/\/hmizatexperts.com\/wp-content\/uploads\/2022\/01\/\u062e\u062f\u0645\u0629-\u0627\u0644\u0632\u0628\u0627\u064a\u0654\u0646-1-600x142.png 600w, https:\/\/hmizatexperts.com\/wp-content\/uploads\/2022\/01\/\u062e\u062f\u0645\u0629-\u0627\u0644\u0632\u0628\u0627\u064a\u0654\u0646-1.png 603w\" sizes=\"auto, (max-width: 300px) 100vw, 300px\" \/><\/a><\/p>\n<\/div>\n","protected":false},"excerpt":{"rendered":"<p>Table d&rsquo;ordinateur\u00a0 portable multifonctions T8 ajustable sur plusieurs mode, muni de 2 ventilateurs d&rsquo;alliage d&rsquo;aluminium USB.<\/p>\n","protected":false},"featured_media":839,"comment_status":"open","ping_status":"closed","template":"","meta":[],"product_brand":[],"product_cat":[15,112],"product_tag":[],"class_list":{"0":"post-837","1":"product","2":"type-product","3":"status-publish","4":"has-post-thumbnail","6":"product_cat-electronique","7":"product_cat-ordinateurs-et-accessoires","8":"location-tout-le-maroc","9":"store-hmizate-experts","10":"entry panel","12":"first","13":"instock","14":"sale","15":"shipping-taxable","16":"purchasable","17":"product-type-simple"},"ams_default_variation_id":0,"ams_product_points_reward":[],"ams_product_discount_percentage":14.06,"ams_price_to_display":275,"ams_acf":[],"yoast_head":"<!-- This site is optimized with the Yoast SEO Premium plugin v26.6 (Yoast SEO v27.4) - https:\/\/yoast.com\/product\/yoast-seo-premium-wordpress\/ -->\n<title>T8 laptop table de pc portables avec deux ventilateurs - Hmizate Expert<\/title>\n<meta name=\"description\" content=\"Conception de joint Auto-lock, le joint sp\u00e9cial peut \u00eatre ajust\u00e9 aux angles variables et pour s&#039;adapter \u00e0 toutes vos positions pr\u00e9f\u00e9r\u00e9es.\" \/>\n<meta name=\"robots\" content=\"index, follow, max-snippet:-1, max-image-preview:large, max-video-preview:-1\" \/>\n<link rel=\"canonical\" href=\"https:\/\/hmizatexperts.com\/fr_fr\/product\/t8-laptop-table-de-pc-portables-avec-deux-ventilateurs\/\" \/>\n<meta property=\"og:locale\" content=\"fr_FR\" \/>\n<meta property=\"og:type\" content=\"article\" \/>\n<meta property=\"og:title\" content=\"T8 laptop table de pc portables avec deux ventilateurs\" \/>\n<meta property=\"og:description\" content=\"Conception de joint Auto-lock, le joint sp\u00e9cial peut \u00eatre ajust\u00e9 aux angles variables et pour s&#039;adapter \u00e0 toutes vos positions pr\u00e9f\u00e9r\u00e9es.\" \/>\n<meta property=\"og:url\" content=\"https:\/\/hmizatexperts.com\/fr_fr\/product\/t8-laptop-table-de-pc-portables-avec-deux-ventilateurs\/\" \/>\n<meta property=\"og:site_name\" content=\"Hmizate Expert\" \/>\n<meta property=\"article:publisher\" content=\"https:\/\/www.facebook.com\/hmizatexperts\" \/>\n<meta property=\"article:modified_time\" content=\"2024-12-17T17:56:56+00:00\" \/>\n<meta property=\"og:image\" content=\"https:\/\/hmizatexperts.com\/wp-content\/uploads\/2021\/08\/2-5.jpg\" \/>\n\t<meta property=\"og:image:width\" content=\"1280\" \/>\n\t<meta property=\"og:image:height\" content=\"720\" \/>\n\t<meta property=\"og:image:type\" content=\"image\/jpeg\" \/>\n<meta name=\"twitter:card\" content=\"summary_large_image\" \/>\n<meta name=\"twitter:site\" content=\"@ExpertsHmizate\" \/>\n<meta name=\"twitter:label1\" content=\"Dur\u00e9e de lecture estim\u00e9e\" \/>\n\t<meta name=\"twitter:data1\" content=\"2 minutes\" \/>\n<script type=\"application\/ld+json\" class=\"yoast-schema-graph\">{\"@context\":\"https:\\\/\\\/schema.org\",\"@graph\":[{\"@type\":\"WebPage\",\"@id\":\"https:\\\/\\\/hmizatexperts.com\\\/product\\\/t8-laptop-table-de-pc-portables-avec-deux-ventilateurs\\\/\",\"url\":\"https:\\\/\\\/hmizatexperts.com\\\/product\\\/t8-laptop-table-de-pc-portables-avec-deux-ventilateurs\\\/\",\"name\":\"T8 laptop table de pc portables avec deux ventilateurs - Hmizate Expert\",\"isPartOf\":{\"@id\":\"https:\\\/\\\/hmizatexperts.com\\\/#website\"},\"primaryImageOfPage\":{\"@id\":\"https:\\\/\\\/hmizatexperts.com\\\/product\\\/t8-laptop-table-de-pc-portables-avec-deux-ventilateurs\\\/#primaryimage\"},\"image\":{\"@id\":\"https:\\\/\\\/hmizatexperts.com\\\/product\\\/t8-laptop-table-de-pc-portables-avec-deux-ventilateurs\\\/#primaryimage\"},\"thumbnailUrl\":\"https:\\\/\\\/hmizatexperts.com\\\/wp-content\\\/uploads\\\/2021\\\/08\\\/2-5.jpg\",\"datePublished\":\"2021-08-21T00:53:20+00:00\",\"dateModified\":\"2024-12-17T17:56:56+00:00\",\"description\":\"Conception de joint Auto-lock, le joint sp\u00e9cial peut \u00eatre ajust\u00e9 aux angles variables et pour s'adapter \u00e0 toutes vos positions pr\u00e9f\u00e9r\u00e9es.\",\"breadcrumb\":{\"@id\":\"https:\\\/\\\/hmizatexperts.com\\\/product\\\/t8-laptop-table-de-pc-portables-avec-deux-ventilateurs\\\/#breadcrumb\"},\"inLanguage\":\"fr-FR\",\"potentialAction\":[{\"@type\":\"ReadAction\",\"target\":[\"https:\\\/\\\/hmizatexperts.com\\\/product\\\/t8-laptop-table-de-pc-portables-avec-deux-ventilateurs\\\/\"]}]},{\"@type\":\"ImageObject\",\"inLanguage\":\"fr-FR\",\"@id\":\"https:\\\/\\\/hmizatexperts.com\\\/product\\\/t8-laptop-table-de-pc-portables-avec-deux-ventilateurs\\\/#primaryimage\",\"url\":\"https:\\\/\\\/hmizatexperts.com\\\/wp-content\\\/uploads\\\/2021\\\/08\\\/2-5.jpg\",\"contentUrl\":\"https:\\\/\\\/hmizatexperts.com\\\/wp-content\\\/uploads\\\/2021\\\/08\\\/2-5.jpg\",\"width\":1280,\"height\":720},{\"@type\":\"BreadcrumbList\",\"@id\":\"https:\\\/\\\/hmizatexperts.com\\\/product\\\/t8-laptop-table-de-pc-portables-avec-deux-ventilateurs\\\/#breadcrumb\",\"itemListElement\":[{\"@type\":\"ListItem\",\"position\":1,\"name\":\"Accueil\",\"item\":\"https:\\\/\\\/hmizatexperts.com\\\/\"},{\"@type\":\"ListItem\",\"position\":2,\"name\":\"Shop\",\"item\":\"https:\\\/\\\/hmizatexperts.com\\\/shop\\\/\"},{\"@type\":\"ListItem\",\"position\":3,\"name\":\"T8 laptop table de pc portables avec deux ventilateurs\"}]},{\"@type\":\"WebSite\",\"@id\":\"https:\\\/\\\/hmizatexperts.com\\\/#website\",\"url\":\"https:\\\/\\\/hmizatexperts.com\\\/\",\"name\":\"Hmizate Expert\",\"description\":\"Nos offres aux meilleurs prix et qualit\u00e9\",\"publisher\":{\"@id\":\"https:\\\/\\\/hmizatexperts.com\\\/#organization\"},\"potentialAction\":[{\"@type\":\"SearchAction\",\"target\":{\"@type\":\"EntryPoint\",\"urlTemplate\":\"https:\\\/\\\/hmizatexperts.com\\\/?s={search_term_string}\"},\"query-input\":{\"@type\":\"PropertyValueSpecification\",\"valueRequired\":true,\"valueName\":\"search_term_string\"}}],\"inLanguage\":\"fr-FR\"},{\"@type\":\"Organization\",\"@id\":\"https:\\\/\\\/hmizatexperts.com\\\/#organization\",\"name\":\"Hmizate Expert\",\"url\":\"https:\\\/\\\/hmizatexperts.com\\\/\",\"logo\":{\"@type\":\"ImageObject\",\"inLanguage\":\"fr-FR\",\"@id\":\"https:\\\/\\\/hmizatexperts.com\\\/#\\\/schema\\\/logo\\\/image\\\/\",\"url\":\"https:\\\/\\\/hmizatexperts.com\\\/wp-content\\\/uploads\\\/2021\\\/05\\\/logo_HE2-removebg-preview.png\",\"contentUrl\":\"https:\\\/\\\/hmizatexperts.com\\\/wp-content\\\/uploads\\\/2021\\\/05\\\/logo_HE2-removebg-preview.png\",\"width\":800,\"height\":312,\"caption\":\"Hmizate Expert\"},\"image\":{\"@id\":\"https:\\\/\\\/hmizatexperts.com\\\/#\\\/schema\\\/logo\\\/image\\\/\"},\"sameAs\":[\"https:\\\/\\\/www.facebook.com\\\/hmizatexperts\",\"https:\\\/\\\/x.com\\\/ExpertsHmizate\"]}]}<\/script>\n<!-- \/ Yoast SEO Premium plugin. -->","yoast_head_json":{"title":"T8 laptop table de pc portables avec deux ventilateurs - Hmizate Expert","description":"Conception de joint Auto-lock, le joint sp\u00e9cial peut \u00eatre ajust\u00e9 aux angles variables et pour s'adapter \u00e0 toutes vos positions pr\u00e9f\u00e9r\u00e9es.","robots":{"index":"index","follow":"follow","max-snippet":"max-snippet:-1","max-image-preview":"max-image-preview:large","max-video-preview":"max-video-preview:-1"},"canonical":"https:\/\/hmizatexperts.com\/fr_fr\/product\/t8-laptop-table-de-pc-portables-avec-deux-ventilateurs\/","og_locale":"fr_FR","og_type":"article","og_title":"T8 laptop table de pc portables avec deux ventilateurs","og_description":"Conception de joint Auto-lock, le joint sp\u00e9cial peut \u00eatre ajust\u00e9 aux angles variables et pour s'adapter \u00e0 toutes vos positions pr\u00e9f\u00e9r\u00e9es.","og_url":"https:\/\/hmizatexperts.com\/fr_fr\/product\/t8-laptop-table-de-pc-portables-avec-deux-ventilateurs\/","og_site_name":"Hmizate Expert","article_publisher":"https:\/\/www.facebook.com\/hmizatexperts","article_modified_time":"2024-12-17T17:56:56+00:00","og_image":[{"width":1280,"height":720,"url":"https:\/\/hmizatexperts.com\/wp-content\/uploads\/2021\/08\/2-5.jpg","type":"image\/jpeg"}],"twitter_card":"summary_large_image","twitter_site":"@ExpertsHmizate","twitter_misc":{"Dur\u00e9e de lecture estim\u00e9e":"2 minutes"},"schema":{"@context":"https:\/\/schema.org","@graph":[{"@type":"WebPage","@id":"https:\/\/hmizatexperts.com\/product\/t8-laptop-table-de-pc-portables-avec-deux-ventilateurs\/","url":"https:\/\/hmizatexperts.com\/product\/t8-laptop-table-de-pc-portables-avec-deux-ventilateurs\/","name":"T8 laptop table de pc portables avec deux ventilateurs - Hmizate Expert","isPartOf":{"@id":"https:\/\/hmizatexperts.com\/#website"},"primaryImageOfPage":{"@id":"https:\/\/hmizatexperts.com\/product\/t8-laptop-table-de-pc-portables-avec-deux-ventilateurs\/#primaryimage"},"image":{"@id":"https:\/\/hmizatexperts.com\/product\/t8-laptop-table-de-pc-portables-avec-deux-ventilateurs\/#primaryimage"},"thumbnailUrl":"https:\/\/hmizatexperts.com\/wp-content\/uploads\/2021\/08\/2-5.jpg","datePublished":"2021-08-21T00:53:20+00:00","dateModified":"2024-12-17T17:56:56+00:00","description":"Conception de joint Auto-lock, le joint sp\u00e9cial peut \u00eatre ajust\u00e9 aux angles variables et pour s'adapter \u00e0 toutes vos positions pr\u00e9f\u00e9r\u00e9es.","breadcrumb":{"@id":"https:\/\/hmizatexperts.com\/product\/t8-laptop-table-de-pc-portables-avec-deux-ventilateurs\/#breadcrumb"},"inLanguage":"fr-FR","potentialAction":[{"@type":"ReadAction","target":["https:\/\/hmizatexperts.com\/product\/t8-laptop-table-de-pc-portables-avec-deux-ventilateurs\/"]}]},{"@type":"ImageObject","inLanguage":"fr-FR","@id":"https:\/\/hmizatexperts.com\/product\/t8-laptop-table-de-pc-portables-avec-deux-ventilateurs\/#primaryimage","url":"https:\/\/hmizatexperts.com\/wp-content\/uploads\/2021\/08\/2-5.jpg","contentUrl":"https:\/\/hmizatexperts.com\/wp-content\/uploads\/2021\/08\/2-5.jpg","width":1280,"height":720},{"@type":"BreadcrumbList","@id":"https:\/\/hmizatexperts.com\/product\/t8-laptop-table-de-pc-portables-avec-deux-ventilateurs\/#breadcrumb","itemListElement":[{"@type":"ListItem","position":1,"name":"Accueil","item":"https:\/\/hmizatexperts.com\/"},{"@type":"ListItem","position":2,"name":"Shop","item":"https:\/\/hmizatexperts.com\/shop\/"},{"@type":"ListItem","position":3,"name":"T8 laptop table de pc portables avec deux ventilateurs"}]},{"@type":"WebSite","@id":"https:\/\/hmizatexperts.com\/#website","url":"https:\/\/hmizatexperts.com\/","name":"Hmizate Expert","description":"Nos offres aux meilleurs prix et qualit\u00e9","publisher":{"@id":"https:\/\/hmizatexperts.com\/#organization"},"potentialAction":[{"@type":"SearchAction","target":{"@type":"EntryPoint","urlTemplate":"https:\/\/hmizatexperts.com\/?s={search_term_string}"},"query-input":{"@type":"PropertyValueSpecification","valueRequired":true,"valueName":"search_term_string"}}],"inLanguage":"fr-FR"},{"@type":"Organization","@id":"https:\/\/hmizatexperts.com\/#organization","name":"Hmizate Expert","url":"https:\/\/hmizatexperts.com\/","logo":{"@type":"ImageObject","inLanguage":"fr-FR","@id":"https:\/\/hmizatexperts.com\/#\/schema\/logo\/image\/","url":"https:\/\/hmizatexperts.com\/wp-content\/uploads\/2021\/05\/logo_HE2-removebg-preview.png","contentUrl":"https:\/\/hmizatexperts.com\/wp-content\/uploads\/2021\/05\/logo_HE2-removebg-preview.png","width":800,"height":312,"caption":"Hmizate Expert"},"image":{"@id":"https:\/\/hmizatexperts.com\/#\/schema\/logo\/image\/"},"sameAs":["https:\/\/www.facebook.com\/hmizatexperts","https:\/\/x.com\/ExpertsHmizate"]}]}},"_links":{"self":[{"href":"https:\/\/hmizatexperts.com\/fr_fr\/wp-json\/wp\/v2\/product\/837","targetHints":{"allow":["GET"]}}],"collection":[{"href":"https:\/\/hmizatexperts.com\/fr_fr\/wp-json\/wp\/v2\/product"}],"about":[{"href":"https:\/\/hmizatexperts.com\/fr_fr\/wp-json\/wp\/v2\/types\/product"}],"replies":[{"embeddable":true,"href":"https:\/\/hmizatexperts.com\/fr_fr\/wp-json\/wp\/v2\/comments?post=837"}],"wp:featuredmedia":[{"embeddable":true,"href":"https:\/\/hmizatexperts.com\/fr_fr\/wp-json\/wp\/v2\/media\/839"}],"wp:attachment":[{"href":"https:\/\/hmizatexperts.com\/fr_fr\/wp-json\/wp\/v2\/media?parent=837"}],"wp:term":[{"taxonomy":"product_brand","embeddable":true,"href":"https:\/\/hmizatexperts.com\/fr_fr\/wp-json\/wp\/v2\/product_brand?post=837"},{"taxonomy":"product_cat","embeddable":true,"href":"https:\/\/hmizatexperts.com\/fr_fr\/wp-json\/wp\/v2\/product_cat?post=837"},{"taxonomy":"product_tag","embeddable":true,"href":"https:\/\/hmizatexperts.com\/fr_fr\/wp-json\/wp\/v2\/product_tag?post=837"}],"curies":[{"name":"wp","href":"https:\/\/api.w.org\/{rel}","templated":true}]}}