{"id":843,"date":"2021-08-21T01:12:41","date_gmt":"2021-08-21T01:12:41","guid":{"rendered":"https:\/\/hmizatexperts.com\/?post_type=product&#038;p=843"},"modified":"2024-12-17T18:51:23","modified_gmt":"2024-12-17T17:51:23","slug":"rangement-de-chaussures-6-paires-shoe-slotz","status":"publish","type":"product","link":"https:\/\/hmizatexperts.com\/fr_fr\/product\/rangement-de-chaussures-6-paires-shoe-slotz\/","title":{"rendered":"Rangement de chaussures 6 Paires shoe slotz"},"content":{"rendered":"<p>Optimisez le stockage : Double votre espace de stockage<\/p>\n<p>&#8211; Smart Design : La fente pour chaussure \u00e0 hauteur peut \u00eatre utilis\u00e9e avec toutes les chaussures comme les talons aiguilles, les talons hauts, les baskets, les pantoufles ou les sandales.<\/p>\n<p>&#8211; Fabriqu\u00e9 en plastique PP de haute qualit\u00e9 avec une bonne prise pour la semelle de vos chaussures . facile \u00e0 mettre en place, facile \u00e0 retirer, tr\u00e8s facile \u00e0 nettoyer.<\/p>\n<p style=\"text-align: center;\"><a href=\"https:\/\/hmizatexperts.com\/wp-content\/uploads\/2021\/08\/5-5.jpg\"><img loading=\"lazy\" decoding=\"async\" class=\"alignnone size-medium wp-image-848\" src=\"https:\/\/hmizatexperts.com\/wp-content\/uploads\/2021\/08\/5-5-300x169.jpg\" alt=\"\" width=\"300\" height=\"169\" srcset=\"https:\/\/hmizatexperts.com\/wp-content\/uploads\/2021\/08\/5-5-300x169.jpg 300w, https:\/\/hmizatexperts.com\/wp-content\/uploads\/2021\/08\/5-5-1024x576.jpg 1024w, https:\/\/hmizatexperts.com\/wp-content\/uploads\/2021\/08\/5-5-768x432.jpg 768w, https:\/\/hmizatexperts.com\/wp-content\/uploads\/2021\/08\/5-5-600x338.jpg 600w, https:\/\/hmizatexperts.com\/wp-content\/uploads\/2021\/08\/5-5.jpg 1280w\" sizes=\"auto, (max-width: 300px) 100vw, 300px\" \/><\/a><\/p>\n<h3 class=\"hdr -upp -fs14 -m -pam\">PRINCIPALES CARACT\u00c9RISTIQUES<\/h3>\n<div class=\"markup -pam\">\n<ul>\n<li>6 pi\u00e8ces.<\/li>\n<li>Optimisez le stockage : Double votre espace de stockage<\/li>\n<li>Smart Design<\/li>\n<li>Fabriqu\u00e9 en plastique PP<\/li>\n<\/ul>\n<p style=\"text-align: center;\"><a href=\"https:\/\/hmizatexperts.com\/wp-content\/uploads\/2022\/01\/\u062e\u062f\u0645\u0629-\u0627\u0644\u0632\u0628\u0627\u064a\u0654\u0646-1.png\"><img loading=\"lazy\" decoding=\"async\" class=\"alignnone size-medium wp-image-1455\" src=\"https:\/\/hmizatexperts.com\/wp-content\/uploads\/2022\/01\/\u062e\u062f\u0645\u0629-\u0627\u0644\u0632\u0628\u0627\u064a\u0654\u0646-1-300x71.png\" alt=\"\" width=\"300\" height=\"71\" srcset=\"https:\/\/hmizatexperts.com\/wp-content\/uploads\/2022\/01\/\u062e\u062f\u0645\u0629-\u0627\u0644\u0632\u0628\u0627\u064a\u0654\u0646-1-300x71.png 300w, https:\/\/hmizatexperts.com\/wp-content\/uploads\/2022\/01\/\u062e\u062f\u0645\u0629-\u0627\u0644\u0632\u0628\u0627\u064a\u0654\u0646-1-600x142.png 600w, https:\/\/hmizatexperts.com\/wp-content\/uploads\/2022\/01\/\u062e\u062f\u0645\u0629-\u0627\u0644\u0632\u0628\u0627\u064a\u0654\u0646-1.png 603w\" sizes=\"auto, (max-width: 300px) 100vw, 300px\" \/><\/a><\/p>\n<\/div>\n","protected":false},"excerpt":{"rendered":"<p>Doublez votre espace de stockage de chaussures avec shoe slotz<\/p>\n","protected":false},"featured_media":847,"comment_status":"open","ping_status":"closed","template":"","meta":[],"product_brand":[],"product_cat":[37,108],"product_tag":[],"class_list":{"0":"post-843","1":"product","2":"type-product","3":"status-publish","4":"has-post-thumbnail","6":"product_cat-maison-cuisine","7":"product_cat-rangement-et-organisation","8":"location-tout-le-maroc","9":"store-hmizate-experts","10":"entry panel","12":"first","13":"instock","14":"sale","15":"shipping-taxable","16":"purchasable","17":"product-type-simple"},"ams_default_variation_id":0,"ams_product_points_reward":[],"ams_product_discount_percentage":23.68,"ams_price_to_display":145,"ams_acf":[],"yoast_head":"<!-- This site is optimized with the Yoast SEO Premium plugin v26.6 (Yoast SEO v27.4) - https:\/\/yoast.com\/product\/yoast-seo-premium-wordpress\/ -->\n<title>Rangement de chaussures 6 Paires shoe slotz - Hmizate Expert<\/title>\n<meta name=\"description\" content=\"Smart Design : La fente pour chaussure \u00e0 hauteur peut \u00eatre utilis\u00e9e avec toutes les chaussures comme les talons aiguilles, les talons hauts, les baskets.\" \/>\n<meta name=\"robots\" content=\"index, follow, max-snippet:-1, max-image-preview:large, max-video-preview:-1\" \/>\n<link rel=\"canonical\" href=\"https:\/\/hmizatexperts.com\/fr_fr\/product\/rangement-de-chaussures-6-paires-shoe-slotz\/\" \/>\n<meta property=\"og:locale\" content=\"fr_FR\" \/>\n<meta property=\"og:type\" content=\"article\" \/>\n<meta property=\"og:title\" content=\"Rangement de chaussures 6 Paires shoe slotz\" \/>\n<meta property=\"og:description\" content=\"Smart Design : La fente pour chaussure \u00e0 hauteur peut \u00eatre utilis\u00e9e avec toutes les chaussures comme les talons aiguilles, les talons hauts, les baskets.\" \/>\n<meta property=\"og:url\" content=\"https:\/\/hmizatexperts.com\/fr_fr\/product\/rangement-de-chaussures-6-paires-shoe-slotz\/\" \/>\n<meta property=\"og:site_name\" content=\"Hmizate Expert\" \/>\n<meta property=\"article:publisher\" content=\"https:\/\/www.facebook.com\/hmizatexperts\" \/>\n<meta property=\"article:modified_time\" content=\"2024-12-17T17:51:23+00:00\" \/>\n<meta property=\"og:image\" content=\"https:\/\/hmizatexperts.com\/wp-content\/uploads\/2021\/08\/4-6.jpg\" \/>\n\t<meta property=\"og:image:width\" content=\"1280\" \/>\n\t<meta property=\"og:image:height\" content=\"720\" \/>\n\t<meta property=\"og:image:type\" content=\"image\/jpeg\" \/>\n<meta name=\"twitter:card\" content=\"summary_large_image\" \/>\n<meta name=\"twitter:site\" content=\"@ExpertsHmizate\" \/>\n<meta name=\"twitter:label1\" content=\"Dur\u00e9e de lecture estim\u00e9e\" \/>\n\t<meta name=\"twitter:data1\" content=\"2 minutes\" \/>\n<script type=\"application\/ld+json\" class=\"yoast-schema-graph\">{\"@context\":\"https:\\\/\\\/schema.org\",\"@graph\":[{\"@type\":\"WebPage\",\"@id\":\"https:\\\/\\\/hmizatexperts.com\\\/product\\\/rangement-de-chaussures-6-paires-shoe-slotz\\\/\",\"url\":\"https:\\\/\\\/hmizatexperts.com\\\/product\\\/rangement-de-chaussures-6-paires-shoe-slotz\\\/\",\"name\":\"Rangement de chaussures 6 Paires shoe slotz - Hmizate Expert\",\"isPartOf\":{\"@id\":\"https:\\\/\\\/hmizatexperts.com\\\/#website\"},\"primaryImageOfPage\":{\"@id\":\"https:\\\/\\\/hmizatexperts.com\\\/product\\\/rangement-de-chaussures-6-paires-shoe-slotz\\\/#primaryimage\"},\"image\":{\"@id\":\"https:\\\/\\\/hmizatexperts.com\\\/product\\\/rangement-de-chaussures-6-paires-shoe-slotz\\\/#primaryimage\"},\"thumbnailUrl\":\"https:\\\/\\\/hmizatexperts.com\\\/wp-content\\\/uploads\\\/2021\\\/08\\\/4-6.jpg\",\"datePublished\":\"2021-08-21T01:12:41+00:00\",\"dateModified\":\"2024-12-17T17:51:23+00:00\",\"description\":\"Smart Design : La fente pour chaussure \u00e0 hauteur peut \u00eatre utilis\u00e9e avec toutes les chaussures comme les talons aiguilles, les talons hauts, les baskets.\",\"breadcrumb\":{\"@id\":\"https:\\\/\\\/hmizatexperts.com\\\/product\\\/rangement-de-chaussures-6-paires-shoe-slotz\\\/#breadcrumb\"},\"inLanguage\":\"fr-FR\",\"potentialAction\":[{\"@type\":\"ReadAction\",\"target\":[\"https:\\\/\\\/hmizatexperts.com\\\/product\\\/rangement-de-chaussures-6-paires-shoe-slotz\\\/\"]}]},{\"@type\":\"ImageObject\",\"inLanguage\":\"fr-FR\",\"@id\":\"https:\\\/\\\/hmizatexperts.com\\\/product\\\/rangement-de-chaussures-6-paires-shoe-slotz\\\/#primaryimage\",\"url\":\"https:\\\/\\\/hmizatexperts.com\\\/wp-content\\\/uploads\\\/2021\\\/08\\\/4-6.jpg\",\"contentUrl\":\"https:\\\/\\\/hmizatexperts.com\\\/wp-content\\\/uploads\\\/2021\\\/08\\\/4-6.jpg\",\"width\":1280,\"height\":720},{\"@type\":\"BreadcrumbList\",\"@id\":\"https:\\\/\\\/hmizatexperts.com\\\/product\\\/rangement-de-chaussures-6-paires-shoe-slotz\\\/#breadcrumb\",\"itemListElement\":[{\"@type\":\"ListItem\",\"position\":1,\"name\":\"Accueil\",\"item\":\"https:\\\/\\\/hmizatexperts.com\\\/\"},{\"@type\":\"ListItem\",\"position\":2,\"name\":\"Shop\",\"item\":\"https:\\\/\\\/hmizatexperts.com\\\/shop\\\/\"},{\"@type\":\"ListItem\",\"position\":3,\"name\":\"Rangement de chaussures 6 Paires shoe slotz\"}]},{\"@type\":\"WebSite\",\"@id\":\"https:\\\/\\\/hmizatexperts.com\\\/#website\",\"url\":\"https:\\\/\\\/hmizatexperts.com\\\/\",\"name\":\"Hmizate Expert\",\"description\":\"Nos offres aux meilleurs prix et qualit\u00e9\",\"publisher\":{\"@id\":\"https:\\\/\\\/hmizatexperts.com\\\/#organization\"},\"potentialAction\":[{\"@type\":\"SearchAction\",\"target\":{\"@type\":\"EntryPoint\",\"urlTemplate\":\"https:\\\/\\\/hmizatexperts.com\\\/?s={search_term_string}\"},\"query-input\":{\"@type\":\"PropertyValueSpecification\",\"valueRequired\":true,\"valueName\":\"search_term_string\"}}],\"inLanguage\":\"fr-FR\"},{\"@type\":\"Organization\",\"@id\":\"https:\\\/\\\/hmizatexperts.com\\\/#organization\",\"name\":\"Hmizate Expert\",\"url\":\"https:\\\/\\\/hmizatexperts.com\\\/\",\"logo\":{\"@type\":\"ImageObject\",\"inLanguage\":\"fr-FR\",\"@id\":\"https:\\\/\\\/hmizatexperts.com\\\/#\\\/schema\\\/logo\\\/image\\\/\",\"url\":\"https:\\\/\\\/hmizatexperts.com\\\/wp-content\\\/uploads\\\/2021\\\/05\\\/logo_HE2-removebg-preview.png\",\"contentUrl\":\"https:\\\/\\\/hmizatexperts.com\\\/wp-content\\\/uploads\\\/2021\\\/05\\\/logo_HE2-removebg-preview.png\",\"width\":800,\"height\":312,\"caption\":\"Hmizate Expert\"},\"image\":{\"@id\":\"https:\\\/\\\/hmizatexperts.com\\\/#\\\/schema\\\/logo\\\/image\\\/\"},\"sameAs\":[\"https:\\\/\\\/www.facebook.com\\\/hmizatexperts\",\"https:\\\/\\\/x.com\\\/ExpertsHmizate\"]}]}<\/script>\n<!-- \/ Yoast SEO Premium plugin. -->","yoast_head_json":{"title":"Rangement de chaussures 6 Paires shoe slotz - Hmizate Expert","description":"Smart Design : La fente pour chaussure \u00e0 hauteur peut \u00eatre utilis\u00e9e avec toutes les chaussures comme les talons aiguilles, les talons hauts, les baskets.","robots":{"index":"index","follow":"follow","max-snippet":"max-snippet:-1","max-image-preview":"max-image-preview:large","max-video-preview":"max-video-preview:-1"},"canonical":"https:\/\/hmizatexperts.com\/fr_fr\/product\/rangement-de-chaussures-6-paires-shoe-slotz\/","og_locale":"fr_FR","og_type":"article","og_title":"Rangement de chaussures 6 Paires shoe slotz","og_description":"Smart Design : La fente pour chaussure \u00e0 hauteur peut \u00eatre utilis\u00e9e avec toutes les chaussures comme les talons aiguilles, les talons hauts, les baskets.","og_url":"https:\/\/hmizatexperts.com\/fr_fr\/product\/rangement-de-chaussures-6-paires-shoe-slotz\/","og_site_name":"Hmizate Expert","article_publisher":"https:\/\/www.facebook.com\/hmizatexperts","article_modified_time":"2024-12-17T17:51:23+00:00","og_image":[{"width":1280,"height":720,"url":"https:\/\/hmizatexperts.com\/wp-content\/uploads\/2021\/08\/4-6.jpg","type":"image\/jpeg"}],"twitter_card":"summary_large_image","twitter_site":"@ExpertsHmizate","twitter_misc":{"Dur\u00e9e de lecture estim\u00e9e":"2 minutes"},"schema":{"@context":"https:\/\/schema.org","@graph":[{"@type":"WebPage","@id":"https:\/\/hmizatexperts.com\/product\/rangement-de-chaussures-6-paires-shoe-slotz\/","url":"https:\/\/hmizatexperts.com\/product\/rangement-de-chaussures-6-paires-shoe-slotz\/","name":"Rangement de chaussures 6 Paires shoe slotz - Hmizate Expert","isPartOf":{"@id":"https:\/\/hmizatexperts.com\/#website"},"primaryImageOfPage":{"@id":"https:\/\/hmizatexperts.com\/product\/rangement-de-chaussures-6-paires-shoe-slotz\/#primaryimage"},"image":{"@id":"https:\/\/hmizatexperts.com\/product\/rangement-de-chaussures-6-paires-shoe-slotz\/#primaryimage"},"thumbnailUrl":"https:\/\/hmizatexperts.com\/wp-content\/uploads\/2021\/08\/4-6.jpg","datePublished":"2021-08-21T01:12:41+00:00","dateModified":"2024-12-17T17:51:23+00:00","description":"Smart Design : La fente pour chaussure \u00e0 hauteur peut \u00eatre utilis\u00e9e avec toutes les chaussures comme les talons aiguilles, les talons hauts, les baskets.","breadcrumb":{"@id":"https:\/\/hmizatexperts.com\/product\/rangement-de-chaussures-6-paires-shoe-slotz\/#breadcrumb"},"inLanguage":"fr-FR","potentialAction":[{"@type":"ReadAction","target":["https:\/\/hmizatexperts.com\/product\/rangement-de-chaussures-6-paires-shoe-slotz\/"]}]},{"@type":"ImageObject","inLanguage":"fr-FR","@id":"https:\/\/hmizatexperts.com\/product\/rangement-de-chaussures-6-paires-shoe-slotz\/#primaryimage","url":"https:\/\/hmizatexperts.com\/wp-content\/uploads\/2021\/08\/4-6.jpg","contentUrl":"https:\/\/hmizatexperts.com\/wp-content\/uploads\/2021\/08\/4-6.jpg","width":1280,"height":720},{"@type":"BreadcrumbList","@id":"https:\/\/hmizatexperts.com\/product\/rangement-de-chaussures-6-paires-shoe-slotz\/#breadcrumb","itemListElement":[{"@type":"ListItem","position":1,"name":"Accueil","item":"https:\/\/hmizatexperts.com\/"},{"@type":"ListItem","position":2,"name":"Shop","item":"https:\/\/hmizatexperts.com\/shop\/"},{"@type":"ListItem","position":3,"name":"Rangement de chaussures 6 Paires shoe slotz"}]},{"@type":"WebSite","@id":"https:\/\/hmizatexperts.com\/#website","url":"https:\/\/hmizatexperts.com\/","name":"Hmizate Expert","description":"Nos offres aux meilleurs prix et qualit\u00e9","publisher":{"@id":"https:\/\/hmizatexperts.com\/#organization"},"potentialAction":[{"@type":"SearchAction","target":{"@type":"EntryPoint","urlTemplate":"https:\/\/hmizatexperts.com\/?s={search_term_string}"},"query-input":{"@type":"PropertyValueSpecification","valueRequired":true,"valueName":"search_term_string"}}],"inLanguage":"fr-FR"},{"@type":"Organization","@id":"https:\/\/hmizatexperts.com\/#organization","name":"Hmizate Expert","url":"https:\/\/hmizatexperts.com\/","logo":{"@type":"ImageObject","inLanguage":"fr-FR","@id":"https:\/\/hmizatexperts.com\/#\/schema\/logo\/image\/","url":"https:\/\/hmizatexperts.com\/wp-content\/uploads\/2021\/05\/logo_HE2-removebg-preview.png","contentUrl":"https:\/\/hmizatexperts.com\/wp-content\/uploads\/2021\/05\/logo_HE2-removebg-preview.png","width":800,"height":312,"caption":"Hmizate Expert"},"image":{"@id":"https:\/\/hmizatexperts.com\/#\/schema\/logo\/image\/"},"sameAs":["https:\/\/www.facebook.com\/hmizatexperts","https:\/\/x.com\/ExpertsHmizate"]}]}},"_links":{"self":[{"href":"https:\/\/hmizatexperts.com\/fr_fr\/wp-json\/wp\/v2\/product\/843","targetHints":{"allow":["GET"]}}],"collection":[{"href":"https:\/\/hmizatexperts.com\/fr_fr\/wp-json\/wp\/v2\/product"}],"about":[{"href":"https:\/\/hmizatexperts.com\/fr_fr\/wp-json\/wp\/v2\/types\/product"}],"replies":[{"embeddable":true,"href":"https:\/\/hmizatexperts.com\/fr_fr\/wp-json\/wp\/v2\/comments?post=843"}],"wp:featuredmedia":[{"embeddable":true,"href":"https:\/\/hmizatexperts.com\/fr_fr\/wp-json\/wp\/v2\/media\/847"}],"wp:attachment":[{"href":"https:\/\/hmizatexperts.com\/fr_fr\/wp-json\/wp\/v2\/media?parent=843"}],"wp:term":[{"taxonomy":"product_brand","embeddable":true,"href":"https:\/\/hmizatexperts.com\/fr_fr\/wp-json\/wp\/v2\/product_brand?post=843"},{"taxonomy":"product_cat","embeddable":true,"href":"https:\/\/hmizatexperts.com\/fr_fr\/wp-json\/wp\/v2\/product_cat?post=843"},{"taxonomy":"product_tag","embeddable":true,"href":"https:\/\/hmizatexperts.com\/fr_fr\/wp-json\/wp\/v2\/product_tag?post=843"}],"curies":[{"name":"wp","href":"https:\/\/api.w.org\/{rel}","templated":true}]}}