{"id":876,"date":"2021-08-21T15:43:36","date_gmt":"2021-08-21T15:43:36","guid":{"rendered":"https:\/\/hmizatexperts.com\/?post_type=product&#038;p=876"},"modified":"2024-12-17T18:34:21","modified_gmt":"2024-12-17T17:34:21","slug":"bloqueur-twin-draft-guard","status":"publish","type":"product","link":"https:\/\/hmizatexperts.com\/fr_fr\/product\/bloqueur-twin-draft-guard\/","title":{"rendered":"Bouchon de protection anti-bruit pour porte"},"content":{"rendered":"<p>Imaginez une solution innovante qui vous offre une tranquillit\u00e9 d&rsquo;esprit totale dans votre maison. Notre joint herm\u00e9tique \u00e0 l&rsquo;\u00e9preuve des vents est con\u00e7u pour retenir la chaleur, repousser l&rsquo;humidit\u00e9 et vous offrir un confort in\u00e9gal\u00e9. Que ce soit sur du bois, des carreaux ou m\u00eame des tapis, il glisse en douceur et s&rsquo;adapte \u00e0 toutes les surfaces, cr\u00e9ant ainsi une barri\u00e8re imp\u00e9n\u00e9trable contre les \u00e9l\u00e9ments ind\u00e9sirables.<\/p>\n<p style=\"text-align: center;\"><a href=\"https:\/\/hmizatexperts.com\/wp-content\/uploads\/2021\/08\/3-10.jpg\"><img loading=\"lazy\" decoding=\"async\" class=\"alignnone size-medium wp-image-879\" src=\"https:\/\/hmizatexperts.com\/wp-content\/uploads\/2021\/08\/3-10-300x169.jpg\" alt=\"\" width=\"300\" height=\"169\" srcset=\"https:\/\/hmizatexperts.com\/wp-content\/uploads\/2021\/08\/3-10-300x169.jpg 300w, https:\/\/hmizatexperts.com\/wp-content\/uploads\/2021\/08\/3-10-1024x576.jpg 1024w, https:\/\/hmizatexperts.com\/wp-content\/uploads\/2021\/08\/3-10-768x432.jpg 768w, https:\/\/hmizatexperts.com\/wp-content\/uploads\/2021\/08\/3-10-600x338.jpg 600w, https:\/\/hmizatexperts.com\/wp-content\/uploads\/2021\/08\/3-10.jpg 1280w\" sizes=\"auto, (max-width: 300px) 100vw, 300px\" \/><\/a><\/p>\n<p>Avec la possibilit\u00e9 de couper les deux canaux selon la longueur de votre porte ou de votre fen\u00eatre, notre joint s&rsquo;adapte parfaitement \u00e0 votre espace, vous offrant une isolation optimale. Fabriqu\u00e9 \u00e0 partir d&rsquo;une micro polaire r\u00e9sistante \u00e0 l&rsquo;eau, il est \u00e0 la fois durable et efficace pour repousser l&rsquo;humidit\u00e9 et garder votre int\u00e9rieur confortable et sec.<\/p>\n<p>Non seulement notre joint herm\u00e9tique pr\u00e9serve votre maison de l&rsquo;infiltration du vent, de l&rsquo;humidit\u00e9 et des bruits ext\u00e9rieurs, mais il agit \u00e9galement comme une barri\u00e8re contre les insectes et les \u00e9manations toxiques. Vous pouvez enfin profiter d&rsquo;un environnement calme et sain, en laissant les soucis \u00e0 l&rsquo;ext\u00e9rieur.<\/p>\n<p>Polyvalent et pratique, notre joint herm\u00e9tique convient \u00e0 une large gamme de portes. Que ce soit pour votre porte d&rsquo;entr\u00e9e, la porte arri\u00e8re, la porte de la chambre \u00e0 coucher ou m\u00eame la porte de la salle de bain, il offre une solution fiable et efficace. De plus, sa conception ing\u00e9nieuse permet une utilisation facile et pratique, se d\u00e9pla\u00e7ant avec la porte sans n\u00e9cessiter de r\u00e9ajustement constant.<\/p>\n<p style=\"text-align: center;\"><a href=\"https:\/\/hmizatexperts.com\/wp-content\/uploads\/2022\/01\/\u062e\u062f\u0645\u0629-\u0627\u0644\u0632\u0628\u0627\u064a\u0654\u0646-1.png\"><img loading=\"lazy\" decoding=\"async\" class=\"alignnone size-medium wp-image-1455\" src=\"https:\/\/hmizatexperts.com\/wp-content\/uploads\/2022\/01\/\u062e\u062f\u0645\u0629-\u0627\u0644\u0632\u0628\u0627\u064a\u0654\u0646-1-300x71.png\" alt=\"\" width=\"300\" height=\"71\" srcset=\"https:\/\/hmizatexperts.com\/wp-content\/uploads\/2022\/01\/\u062e\u062f\u0645\u0629-\u0627\u0644\u0632\u0628\u0627\u064a\u0654\u0646-1-300x71.png 300w, https:\/\/hmizatexperts.com\/wp-content\/uploads\/2022\/01\/\u062e\u062f\u0645\u0629-\u0627\u0644\u0632\u0628\u0627\u064a\u0654\u0646-1-600x142.png 600w, https:\/\/hmizatexperts.com\/wp-content\/uploads\/2022\/01\/\u062e\u062f\u0645\u0629-\u0627\u0644\u0632\u0628\u0627\u064a\u0654\u0646-1.png 603w\" sizes=\"auto, (max-width: 300px) 100vw, 300px\" \/><\/a><\/p>\n","protected":false},"excerpt":{"rendered":"<p>Id\u00e9al pour les portes et fen\u00eatres int\u00e9rieures ou ext\u00e9rieures<\/p>\n","protected":false},"featured_media":877,"comment_status":"open","ping_status":"closed","template":"","meta":[],"product_brand":[],"product_cat":[111,109,37],"product_tag":[],"class_list":{"0":"post-876","1":"product","2":"type-product","3":"status-publish","4":"has-post-thumbnail","6":"product_cat-bricolage-et-amelioration","7":"product_cat-entretien-et-nettoyage","8":"product_cat-maison-cuisine","9":"location-tout-le-maroc","10":"store-hmizate-experts","11":"entry panel","13":"first","14":"instock","15":"sale","16":"shipping-taxable","17":"purchasable","18":"product-type-simple"},"ams_default_variation_id":0,"ams_product_points_reward":[],"ams_product_discount_percentage":13,"ams_price_to_display":87,"ams_acf":[],"yoast_head":"<!-- This site is optimized with the Yoast SEO Premium plugin v26.6 (Yoast SEO v27.4) - https:\/\/yoast.com\/product\/yoast-seo-premium-wordpress\/ -->\n<title>Bouchon de protection anti-bruit pour porte - Hmizate Expert<\/title>\n<meta name=\"description\" content=\"Dites adieu aux courants d&#039;air ind\u00e9sirables, \u00e0 l&#039;humidit\u00e9 et aux bruits g\u00eanants. Optez pour notre joint herm\u00e9tique \u00e0 l&#039;\u00e9preuve des vents\" \/>\n<meta name=\"robots\" content=\"index, follow, max-snippet:-1, max-image-preview:large, max-video-preview:-1\" \/>\n<link rel=\"canonical\" href=\"https:\/\/hmizatexperts.com\/fr_fr\/product\/bloqueur-twin-draft-guard\/\" \/>\n<meta property=\"og:locale\" content=\"fr_FR\" \/>\n<meta property=\"og:type\" content=\"article\" \/>\n<meta property=\"og:title\" content=\"Bouchon de protection anti-bruit pour porte\" \/>\n<meta property=\"og:description\" content=\"Dites adieu aux courants d&#039;air ind\u00e9sirables, \u00e0 l&#039;humidit\u00e9 et aux bruits g\u00eanants. Optez pour notre joint herm\u00e9tique \u00e0 l&#039;\u00e9preuve des vents\" \/>\n<meta property=\"og:url\" content=\"https:\/\/hmizatexperts.com\/fr_fr\/product\/bloqueur-twin-draft-guard\/\" \/>\n<meta property=\"og:site_name\" content=\"Hmizate Expert\" \/>\n<meta property=\"article:publisher\" content=\"https:\/\/www.facebook.com\/hmizatexperts\" \/>\n<meta property=\"article:modified_time\" content=\"2024-12-17T17:34:21+00:00\" \/>\n<meta property=\"og:image\" content=\"https:\/\/hmizatexperts.com\/wp-content\/uploads\/2021\/08\/1-10.jpg\" \/>\n\t<meta property=\"og:image:width\" content=\"1280\" \/>\n\t<meta property=\"og:image:height\" content=\"720\" \/>\n\t<meta property=\"og:image:type\" content=\"image\/jpeg\" \/>\n<meta name=\"twitter:card\" content=\"summary_large_image\" \/>\n<meta name=\"twitter:site\" content=\"@ExpertsHmizate\" \/>\n<meta name=\"twitter:label1\" content=\"Dur\u00e9e de lecture estim\u00e9e\" \/>\n\t<meta name=\"twitter:data1\" content=\"2 minutes\" \/>\n<script type=\"application\/ld+json\" class=\"yoast-schema-graph\">{\"@context\":\"https:\\\/\\\/schema.org\",\"@graph\":[{\"@type\":\"WebPage\",\"@id\":\"https:\\\/\\\/hmizatexperts.com\\\/product\\\/bloqueur-twin-draft-guard\\\/\",\"url\":\"https:\\\/\\\/hmizatexperts.com\\\/product\\\/bloqueur-twin-draft-guard\\\/\",\"name\":\"Bouchon de protection anti-bruit pour porte - Hmizate Expert\",\"isPartOf\":{\"@id\":\"https:\\\/\\\/hmizatexperts.com\\\/#website\"},\"primaryImageOfPage\":{\"@id\":\"https:\\\/\\\/hmizatexperts.com\\\/product\\\/bloqueur-twin-draft-guard\\\/#primaryimage\"},\"image\":{\"@id\":\"https:\\\/\\\/hmizatexperts.com\\\/product\\\/bloqueur-twin-draft-guard\\\/#primaryimage\"},\"thumbnailUrl\":\"https:\\\/\\\/hmizatexperts.com\\\/wp-content\\\/uploads\\\/2021\\\/08\\\/1-10.jpg\",\"datePublished\":\"2021-08-21T15:43:36+00:00\",\"dateModified\":\"2024-12-17T17:34:21+00:00\",\"description\":\"Dites adieu aux courants d'air ind\u00e9sirables, \u00e0 l'humidit\u00e9 et aux bruits g\u00eanants. Optez pour notre joint herm\u00e9tique \u00e0 l'\u00e9preuve des vents\",\"breadcrumb\":{\"@id\":\"https:\\\/\\\/hmizatexperts.com\\\/product\\\/bloqueur-twin-draft-guard\\\/#breadcrumb\"},\"inLanguage\":\"fr-FR\",\"potentialAction\":[{\"@type\":\"ReadAction\",\"target\":[\"https:\\\/\\\/hmizatexperts.com\\\/product\\\/bloqueur-twin-draft-guard\\\/\"]}]},{\"@type\":\"ImageObject\",\"inLanguage\":\"fr-FR\",\"@id\":\"https:\\\/\\\/hmizatexperts.com\\\/product\\\/bloqueur-twin-draft-guard\\\/#primaryimage\",\"url\":\"https:\\\/\\\/hmizatexperts.com\\\/wp-content\\\/uploads\\\/2021\\\/08\\\/1-10.jpg\",\"contentUrl\":\"https:\\\/\\\/hmizatexperts.com\\\/wp-content\\\/uploads\\\/2021\\\/08\\\/1-10.jpg\",\"width\":1280,\"height\":720},{\"@type\":\"BreadcrumbList\",\"@id\":\"https:\\\/\\\/hmizatexperts.com\\\/product\\\/bloqueur-twin-draft-guard\\\/#breadcrumb\",\"itemListElement\":[{\"@type\":\"ListItem\",\"position\":1,\"name\":\"Accueil\",\"item\":\"https:\\\/\\\/hmizatexperts.com\\\/\"},{\"@type\":\"ListItem\",\"position\":2,\"name\":\"Shop\",\"item\":\"https:\\\/\\\/hmizatexperts.com\\\/shop\\\/\"},{\"@type\":\"ListItem\",\"position\":3,\"name\":\"Bouchon de protection anti-bruit pour porte\"}]},{\"@type\":\"WebSite\",\"@id\":\"https:\\\/\\\/hmizatexperts.com\\\/#website\",\"url\":\"https:\\\/\\\/hmizatexperts.com\\\/\",\"name\":\"Hmizate Expert\",\"description\":\"Nos offres aux meilleurs prix et qualit\u00e9\",\"publisher\":{\"@id\":\"https:\\\/\\\/hmizatexperts.com\\\/#organization\"},\"potentialAction\":[{\"@type\":\"SearchAction\",\"target\":{\"@type\":\"EntryPoint\",\"urlTemplate\":\"https:\\\/\\\/hmizatexperts.com\\\/?s={search_term_string}\"},\"query-input\":{\"@type\":\"PropertyValueSpecification\",\"valueRequired\":true,\"valueName\":\"search_term_string\"}}],\"inLanguage\":\"fr-FR\"},{\"@type\":\"Organization\",\"@id\":\"https:\\\/\\\/hmizatexperts.com\\\/#organization\",\"name\":\"Hmizate Expert\",\"url\":\"https:\\\/\\\/hmizatexperts.com\\\/\",\"logo\":{\"@type\":\"ImageObject\",\"inLanguage\":\"fr-FR\",\"@id\":\"https:\\\/\\\/hmizatexperts.com\\\/#\\\/schema\\\/logo\\\/image\\\/\",\"url\":\"https:\\\/\\\/hmizatexperts.com\\\/wp-content\\\/uploads\\\/2021\\\/05\\\/logo_HE2-removebg-preview.png\",\"contentUrl\":\"https:\\\/\\\/hmizatexperts.com\\\/wp-content\\\/uploads\\\/2021\\\/05\\\/logo_HE2-removebg-preview.png\",\"width\":800,\"height\":312,\"caption\":\"Hmizate Expert\"},\"image\":{\"@id\":\"https:\\\/\\\/hmizatexperts.com\\\/#\\\/schema\\\/logo\\\/image\\\/\"},\"sameAs\":[\"https:\\\/\\\/www.facebook.com\\\/hmizatexperts\",\"https:\\\/\\\/x.com\\\/ExpertsHmizate\"]}]}<\/script>\n<!-- \/ Yoast SEO Premium plugin. -->","yoast_head_json":{"title":"Bouchon de protection anti-bruit pour porte - Hmizate Expert","description":"Dites adieu aux courants d'air ind\u00e9sirables, \u00e0 l'humidit\u00e9 et aux bruits g\u00eanants. Optez pour notre joint herm\u00e9tique \u00e0 l'\u00e9preuve des vents","robots":{"index":"index","follow":"follow","max-snippet":"max-snippet:-1","max-image-preview":"max-image-preview:large","max-video-preview":"max-video-preview:-1"},"canonical":"https:\/\/hmizatexperts.com\/fr_fr\/product\/bloqueur-twin-draft-guard\/","og_locale":"fr_FR","og_type":"article","og_title":"Bouchon de protection anti-bruit pour porte","og_description":"Dites adieu aux courants d'air ind\u00e9sirables, \u00e0 l'humidit\u00e9 et aux bruits g\u00eanants. Optez pour notre joint herm\u00e9tique \u00e0 l'\u00e9preuve des vents","og_url":"https:\/\/hmizatexperts.com\/fr_fr\/product\/bloqueur-twin-draft-guard\/","og_site_name":"Hmizate Expert","article_publisher":"https:\/\/www.facebook.com\/hmizatexperts","article_modified_time":"2024-12-17T17:34:21+00:00","og_image":[{"width":1280,"height":720,"url":"https:\/\/hmizatexperts.com\/wp-content\/uploads\/2021\/08\/1-10.jpg","type":"image\/jpeg"}],"twitter_card":"summary_large_image","twitter_site":"@ExpertsHmizate","twitter_misc":{"Dur\u00e9e de lecture estim\u00e9e":"2 minutes"},"schema":{"@context":"https:\/\/schema.org","@graph":[{"@type":"WebPage","@id":"https:\/\/hmizatexperts.com\/product\/bloqueur-twin-draft-guard\/","url":"https:\/\/hmizatexperts.com\/product\/bloqueur-twin-draft-guard\/","name":"Bouchon de protection anti-bruit pour porte - Hmizate Expert","isPartOf":{"@id":"https:\/\/hmizatexperts.com\/#website"},"primaryImageOfPage":{"@id":"https:\/\/hmizatexperts.com\/product\/bloqueur-twin-draft-guard\/#primaryimage"},"image":{"@id":"https:\/\/hmizatexperts.com\/product\/bloqueur-twin-draft-guard\/#primaryimage"},"thumbnailUrl":"https:\/\/hmizatexperts.com\/wp-content\/uploads\/2021\/08\/1-10.jpg","datePublished":"2021-08-21T15:43:36+00:00","dateModified":"2024-12-17T17:34:21+00:00","description":"Dites adieu aux courants d'air ind\u00e9sirables, \u00e0 l'humidit\u00e9 et aux bruits g\u00eanants. Optez pour notre joint herm\u00e9tique \u00e0 l'\u00e9preuve des vents","breadcrumb":{"@id":"https:\/\/hmizatexperts.com\/product\/bloqueur-twin-draft-guard\/#breadcrumb"},"inLanguage":"fr-FR","potentialAction":[{"@type":"ReadAction","target":["https:\/\/hmizatexperts.com\/product\/bloqueur-twin-draft-guard\/"]}]},{"@type":"ImageObject","inLanguage":"fr-FR","@id":"https:\/\/hmizatexperts.com\/product\/bloqueur-twin-draft-guard\/#primaryimage","url":"https:\/\/hmizatexperts.com\/wp-content\/uploads\/2021\/08\/1-10.jpg","contentUrl":"https:\/\/hmizatexperts.com\/wp-content\/uploads\/2021\/08\/1-10.jpg","width":1280,"height":720},{"@type":"BreadcrumbList","@id":"https:\/\/hmizatexperts.com\/product\/bloqueur-twin-draft-guard\/#breadcrumb","itemListElement":[{"@type":"ListItem","position":1,"name":"Accueil","item":"https:\/\/hmizatexperts.com\/"},{"@type":"ListItem","position":2,"name":"Shop","item":"https:\/\/hmizatexperts.com\/shop\/"},{"@type":"ListItem","position":3,"name":"Bouchon de protection anti-bruit pour porte"}]},{"@type":"WebSite","@id":"https:\/\/hmizatexperts.com\/#website","url":"https:\/\/hmizatexperts.com\/","name":"Hmizate Expert","description":"Nos offres aux meilleurs prix et qualit\u00e9","publisher":{"@id":"https:\/\/hmizatexperts.com\/#organization"},"potentialAction":[{"@type":"SearchAction","target":{"@type":"EntryPoint","urlTemplate":"https:\/\/hmizatexperts.com\/?s={search_term_string}"},"query-input":{"@type":"PropertyValueSpecification","valueRequired":true,"valueName":"search_term_string"}}],"inLanguage":"fr-FR"},{"@type":"Organization","@id":"https:\/\/hmizatexperts.com\/#organization","name":"Hmizate Expert","url":"https:\/\/hmizatexperts.com\/","logo":{"@type":"ImageObject","inLanguage":"fr-FR","@id":"https:\/\/hmizatexperts.com\/#\/schema\/logo\/image\/","url":"https:\/\/hmizatexperts.com\/wp-content\/uploads\/2021\/05\/logo_HE2-removebg-preview.png","contentUrl":"https:\/\/hmizatexperts.com\/wp-content\/uploads\/2021\/05\/logo_HE2-removebg-preview.png","width":800,"height":312,"caption":"Hmizate Expert"},"image":{"@id":"https:\/\/hmizatexperts.com\/#\/schema\/logo\/image\/"},"sameAs":["https:\/\/www.facebook.com\/hmizatexperts","https:\/\/x.com\/ExpertsHmizate"]}]}},"_links":{"self":[{"href":"https:\/\/hmizatexperts.com\/fr_fr\/wp-json\/wp\/v2\/product\/876","targetHints":{"allow":["GET"]}}],"collection":[{"href":"https:\/\/hmizatexperts.com\/fr_fr\/wp-json\/wp\/v2\/product"}],"about":[{"href":"https:\/\/hmizatexperts.com\/fr_fr\/wp-json\/wp\/v2\/types\/product"}],"replies":[{"embeddable":true,"href":"https:\/\/hmizatexperts.com\/fr_fr\/wp-json\/wp\/v2\/comments?post=876"}],"wp:featuredmedia":[{"embeddable":true,"href":"https:\/\/hmizatexperts.com\/fr_fr\/wp-json\/wp\/v2\/media\/877"}],"wp:attachment":[{"href":"https:\/\/hmizatexperts.com\/fr_fr\/wp-json\/wp\/v2\/media?parent=876"}],"wp:term":[{"taxonomy":"product_brand","embeddable":true,"href":"https:\/\/hmizatexperts.com\/fr_fr\/wp-json\/wp\/v2\/product_brand?post=876"},{"taxonomy":"product_cat","embeddable":true,"href":"https:\/\/hmizatexperts.com\/fr_fr\/wp-json\/wp\/v2\/product_cat?post=876"},{"taxonomy":"product_tag","embeddable":true,"href":"https:\/\/hmizatexperts.com\/fr_fr\/wp-json\/wp\/v2\/product_tag?post=876"}],"curies":[{"name":"wp","href":"https:\/\/api.w.org\/{rel}","templated":true}]}}